{"id":6606,"date":"2021-06-25T13:30:03","date_gmt":"2021-06-25T13:30:03","guid":{"rendered":"https:\/\/koningdrone.nl\/kon\/product\/ir10-infrared-laser-spotlight\/"},"modified":"2025-04-29T13:05:42","modified_gmt":"2025-04-29T13:05:42","slug":"ir10-infrared-laser-spotlight","status":"publish","type":"product","link":"https:\/\/koningdrone.be\/es\/producto\/ir10-infrared-laser-spotlight\/","title":{"rendered":"IR10 Foco l\u00e1ser infrarrojo"},"content":{"rendered":"<h1>IR10 Foco l\u00e1ser infrarrojo<\/h1>\n<p>El foco zoom infrarrojo IR10 es para las series V2 DJI Matrice 300 y Matrice 200 y proporciona un alcance de 3.000 pies (casi 1 km) de luz infrarroja suplementaria utilizando la \u00faltima tecnolog\u00eda l\u00e1ser de fibra. El IR10 se utiliza para complementar las cargas \u00fatiles de las c\u00e1maras que tienen corte IR y funcionalidad de escena nocturna, incluyendo la Zenmuse H20T &amp; H20 y la Zenmuse Z30. Con la sincronizaci\u00f3n de card\u00e1n y su sistema de card\u00e1n estabilizado, el IR10 se mueve junto con la operaci\u00f3n de su carga \u00fatil principal.<\/p>\n<p>El IR10 est\u00e1 dise\u00f1ado para las fuerzas del orden y las operaciones de b\u00fasqueda y rescate, ya que ayuda en operaciones en las que la tecnolog\u00eda de infrarrojos (invisible para el ojo humano) permite una excelente visibilidad en condiciones de oscuridad. El zoom\/rayo ajustable del IR10 es capaz de un zoom \u00f3ptico de 70x.<\/p>","protected":false},"excerpt":{"rendered":"<ul>\n<li>Fuente de luz l\u00e1ser de fibra<\/li>\n<li>Alta compatibilidad<\/li>\n<li>Zoom \u00f3ptico de hasta 70 aumentos<\/li>\n<li>Alcance de 3.000 pies (casi 1 km)<\/li>\n<li>Para DJI Matrice 300 y Matrice 200 Series V2<\/li>\n<\/ul>","protected":false},"featured_media":6605,"template":"","meta":{"_acf_changed":false},"product_brand":[],"product_cat":[126,97],"product_tag":[],"class_list":{"0":"post-6606","1":"product","2":"type-product","3":"status-publish","4":"has-post-thumbnail","6":"product_cat-alle-payloads","7":"product_cat-alle-producten","8":"pa_brand-ir10","9":"pa_productfamily-ir-spotlight","10":"pa_producttype-ir-spotlight","12":"first","13":"outofstock","14":"taxable","15":"shipping-taxable","16":"product-type-simple"},"acf":[],"yoast_head":"<!-- This site is optimized with the Yoast SEO Premium plugin v27.2 (Yoast SEO v27.2) - https:\/\/yoast.com\/product\/yoast-seo-premium-wordpress\/ -->\n<title>IR10 Infrared Laser Spotlight - koningdrone.be<\/title>\n<meta name=\"robots\" content=\"index, follow, max-snippet:-1, max-image-preview:large, max-video-preview:-1\" \/>\n<link rel=\"canonical\" href=\"https:\/\/koningdrone.be\/es\/producto\/ir10-infrared-laser-spotlight\/\" \/>\n<meta property=\"og:locale\" content=\"es_ES\" \/>\n<meta property=\"og:type\" content=\"article\" \/>\n<meta property=\"og:title\" content=\"IR10 Infrared Laser Spotlight\" \/>\n<meta property=\"og:description\" content=\"FiberlaserlichtbronHoog compatibiliteitTot 70x optische zoomBereik van 3.000 voet (bijna 1km)Voor de DJI Matrice 300 en Matrice 200 Series V2\" \/>\n<meta property=\"og:url\" content=\"https:\/\/koningdrone.be\/es\/producto\/ir10-infrared-laser-spotlight\/\" \/>\n<meta property=\"og:site_name\" content=\"koningdrone.be\" \/>\n<meta property=\"article:modified_time\" content=\"2025-04-29T13:05:42+00:00\" \/>\n<meta property=\"og:image\" content=\"https:\/\/koningdrone.be\/wp-content\/uploads\/sites\/13\/2025\/04\/IR10-Infrared-Laser-Spotlight.jpg\" \/>\n\t<meta property=\"og:image:width\" content=\"530\" \/>\n\t<meta property=\"og:image:height\" content=\"528\" \/>\n\t<meta property=\"og:image:type\" content=\"image\/jpeg\" \/>\n<meta name=\"twitter:card\" content=\"summary_large_image\" \/>\n<meta name=\"twitter:label1\" content=\"Tiempo de lectura\" \/>\n\t<meta name=\"twitter:data1\" content=\"1 minuto\" \/>\n<script type=\"application\/ld+json\" class=\"yoast-schema-graph\">{\"@context\":\"https:\/\/schema.org\",\"@graph\":[{\"@type\":\"WebPage\",\"@id\":\"https:\/\/koningdrone.be\/en\/product\/ir10-infrared-laser-spotlight\/\",\"url\":\"https:\/\/koningdrone.be\/en\/product\/ir10-infrared-laser-spotlight\/\",\"name\":\"IR10 Infrared Laser Spotlight - koningdrone.be\",\"isPartOf\":{\"@id\":\"https:\/\/koningdrone.be\/#website\"},\"primaryImageOfPage\":{\"@id\":\"https:\/\/koningdrone.be\/en\/product\/ir10-infrared-laser-spotlight\/#primaryimage\"},\"image\":{\"@id\":\"https:\/\/koningdrone.be\/en\/product\/ir10-infrared-laser-spotlight\/#primaryimage\"},\"thumbnailUrl\":\"https:\/\/koningdrone.be\/wp-content\/uploads\/sites\/13\/2025\/04\/IR10-Infrared-Laser-Spotlight.jpg\",\"datePublished\":\"2021-06-25T13:30:03+00:00\",\"dateModified\":\"2025-04-29T13:05:42+00:00\",\"breadcrumb\":{\"@id\":\"https:\/\/koningdrone.be\/en\/product\/ir10-infrared-laser-spotlight\/#breadcrumb\"},\"inLanguage\":\"es\",\"potentialAction\":[{\"@type\":\"ReadAction\",\"target\":[\"https:\/\/koningdrone.be\/en\/product\/ir10-infrared-laser-spotlight\/\"]}]},{\"@type\":\"ImageObject\",\"inLanguage\":\"es\",\"@id\":\"https:\/\/koningdrone.be\/en\/product\/ir10-infrared-laser-spotlight\/#primaryimage\",\"url\":\"https:\/\/koningdrone.be\/wp-content\/uploads\/sites\/13\/2025\/04\/IR10-Infrared-Laser-Spotlight.jpg\",\"contentUrl\":\"https:\/\/koningdrone.be\/wp-content\/uploads\/sites\/13\/2025\/04\/IR10-Infrared-Laser-Spotlight.jpg\",\"width\":530,\"height\":528},{\"@type\":\"BreadcrumbList\",\"@id\":\"https:\/\/koningdrone.be\/en\/product\/ir10-infrared-laser-spotlight\/#breadcrumb\",\"itemListElement\":[{\"@type\":\"ListItem\",\"position\":1,\"name\":\"Home\",\"item\":\"https:\/\/koningdrone.be\/\"},{\"@type\":\"ListItem\",\"position\":2,\"name\":\"AVSS Parachute Recovery System for DJI Matrice 300\/350\",\"item\":\"https:\/\/koningdrone.be\/product\/avss-parachute-recovery-system-for-dji-matrice-300-350\/\"},{\"@type\":\"ListItem\",\"position\":3,\"name\":\"Alle payloads\",\"item\":\"https:\/\/koningdrone.be\/categorie\/alle-payloads\/\"},{\"@type\":\"ListItem\",\"position\":4,\"name\":\"IR10 Infrared Laser Spotlight\"}]},{\"@type\":\"WebSite\",\"@id\":\"https:\/\/koningdrone.be\/#website\",\"url\":\"https:\/\/koningdrone.be\/\",\"name\":\"Koningdrone.be - Uw online specialist in drones, gimbals, camera's en power stations.\",\"description\":\"De webshop in drones en gimbals\",\"publisher\":{\"@id\":\"https:\/\/koningdrone.be\/#organization\"},\"potentialAction\":[{\"@type\":\"SearchAction\",\"target\":{\"@type\":\"EntryPoint\",\"urlTemplate\":\"https:\/\/koningdrone.be\/?s={search_term_string}\"},\"query-input\":{\"@type\":\"PropertyValueSpecification\",\"valueRequired\":true,\"valueName\":\"search_term_string\"}}],\"inLanguage\":\"es\"},{\"@type\":\"Organization\",\"@id\":\"https:\/\/koningdrone.be\/#organization\",\"name\":\"Koningdrone.be\",\"url\":\"https:\/\/koningdrone.be\/\",\"logo\":{\"@type\":\"ImageObject\",\"inLanguage\":\"es\",\"@id\":\"https:\/\/koningdrone.be\/#\/schema\/logo\/image\/\",\"url\":\"https:\/\/koningdrone.be\/wp-content\/uploads\/sites\/13\/2025\/04\/koningdrone-copyright-logo.svg\",\"contentUrl\":\"https:\/\/koningdrone.be\/wp-content\/uploads\/sites\/13\/2025\/04\/koningdrone-copyright-logo.svg\",\"width\":227,\"height\":38,\"caption\":\"Koningdrone.be\"},\"image\":{\"@id\":\"https:\/\/koningdrone.be\/#\/schema\/logo\/image\/\"}}]}<\/script>\n<!-- \/ Yoast SEO Premium plugin. -->","yoast_head_json":{"title":"IR10 Infrared Laser Spotlight - koningdrone.be","robots":{"index":"index","follow":"follow","max-snippet":"max-snippet:-1","max-image-preview":"max-image-preview:large","max-video-preview":"max-video-preview:-1"},"canonical":"https:\/\/koningdrone.be\/es\/producto\/ir10-infrared-laser-spotlight\/","og_locale":"es_ES","og_type":"article","og_title":"IR10 Infrared Laser Spotlight","og_description":"FiberlaserlichtbronHoog compatibiliteitTot 70x optische zoomBereik van 3.000 voet (bijna 1km)Voor de DJI Matrice 300 en Matrice 200 Series V2","og_url":"https:\/\/koningdrone.be\/es\/producto\/ir10-infrared-laser-spotlight\/","og_site_name":"koningdrone.be","article_modified_time":"2025-04-29T13:05:42+00:00","og_image":[{"width":530,"height":528,"url":"https:\/\/koningdrone.be\/wp-content\/uploads\/sites\/13\/2025\/04\/IR10-Infrared-Laser-Spotlight.jpg","type":"image\/jpeg"}],"twitter_card":"summary_large_image","twitter_misc":{"Tiempo de lectura":"1 minuto"},"schema":{"@context":"https:\/\/schema.org","@graph":[{"@type":"WebPage","@id":"https:\/\/koningdrone.be\/en\/product\/ir10-infrared-laser-spotlight\/","url":"https:\/\/koningdrone.be\/en\/product\/ir10-infrared-laser-spotlight\/","name":"IR10 Infrared Laser Spotlight - koningdrone.be","isPartOf":{"@id":"https:\/\/koningdrone.be\/#website"},"primaryImageOfPage":{"@id":"https:\/\/koningdrone.be\/en\/product\/ir10-infrared-laser-spotlight\/#primaryimage"},"image":{"@id":"https:\/\/koningdrone.be\/en\/product\/ir10-infrared-laser-spotlight\/#primaryimage"},"thumbnailUrl":"https:\/\/koningdrone.be\/wp-content\/uploads\/sites\/13\/2025\/04\/IR10-Infrared-Laser-Spotlight.jpg","datePublished":"2021-06-25T13:30:03+00:00","dateModified":"2025-04-29T13:05:42+00:00","breadcrumb":{"@id":"https:\/\/koningdrone.be\/en\/product\/ir10-infrared-laser-spotlight\/#breadcrumb"},"inLanguage":"es","potentialAction":[{"@type":"ReadAction","target":["https:\/\/koningdrone.be\/en\/product\/ir10-infrared-laser-spotlight\/"]}]},{"@type":"ImageObject","inLanguage":"es","@id":"https:\/\/koningdrone.be\/en\/product\/ir10-infrared-laser-spotlight\/#primaryimage","url":"https:\/\/koningdrone.be\/wp-content\/uploads\/sites\/13\/2025\/04\/IR10-Infrared-Laser-Spotlight.jpg","contentUrl":"https:\/\/koningdrone.be\/wp-content\/uploads\/sites\/13\/2025\/04\/IR10-Infrared-Laser-Spotlight.jpg","width":530,"height":528},{"@type":"BreadcrumbList","@id":"https:\/\/koningdrone.be\/en\/product\/ir10-infrared-laser-spotlight\/#breadcrumb","itemListElement":[{"@type":"ListItem","position":1,"name":"Home","item":"https:\/\/koningdrone.be\/"},{"@type":"ListItem","position":2,"name":"AVSS Parachute Recovery System for DJI Matrice 300\/350","item":"https:\/\/koningdrone.be\/product\/avss-parachute-recovery-system-for-dji-matrice-300-350\/"},{"@type":"ListItem","position":3,"name":"Alle payloads","item":"https:\/\/koningdrone.be\/categorie\/alle-payloads\/"},{"@type":"ListItem","position":4,"name":"IR10 Infrared Laser Spotlight"}]},{"@type":"WebSite","@id":"https:\/\/koningdrone.be\/#website","url":"https:\/\/koningdrone.be\/","name":"Koningdrone.be - Su especialista en l\u00ednea en drones, cardanes, c\u00e1maras y centrales el\u00e9ctricas.","description":"La tienda virtual de drones y cardanes","publisher":{"@id":"https:\/\/koningdrone.be\/#organization"},"potentialAction":[{"@type":"SearchAction","target":{"@type":"EntryPoint","urlTemplate":"https:\/\/koningdrone.be\/?s={search_term_string}"},"query-input":{"@type":"PropertyValueSpecification","valueRequired":true,"valueName":"search_term_string"}}],"inLanguage":"es"},{"@type":"Organization","@id":"https:\/\/koningdrone.be\/#organization","name":"Kingdrone.es","url":"https:\/\/koningdrone.be\/","logo":{"@type":"ImageObject","inLanguage":"es","@id":"https:\/\/koningdrone.be\/#\/schema\/logo\/image\/","url":"https:\/\/koningdrone.be\/wp-content\/uploads\/sites\/13\/2025\/04\/koningdrone-copyright-logo.svg","contentUrl":"https:\/\/koningdrone.be\/wp-content\/uploads\/sites\/13\/2025\/04\/koningdrone-copyright-logo.svg","width":227,"height":38,"caption":"Koningdrone.be"},"image":{"@id":"https:\/\/koningdrone.be\/#\/schema\/logo\/image\/"}}]}},"df_price":"","df_sale_price":"","df_regular_price":"","df_image_link":"https:\/\/koningdrone.be\/wp-content\/uploads\/sites\/13\/2025\/04\/IR10-Infrared-Laser-Spotlight-300x300.jpg","_links":{"self":[{"href":"https:\/\/koningdrone.be\/es\/wp-json\/wp\/v2\/product\/6606","targetHints":{"allow":["GET"]}}],"collection":[{"href":"https:\/\/koningdrone.be\/es\/wp-json\/wp\/v2\/product"}],"about":[{"href":"https:\/\/koningdrone.be\/es\/wp-json\/wp\/v2\/types\/product"}],"wp:featuredmedia":[{"embeddable":true,"href":"https:\/\/koningdrone.be\/es\/wp-json\/wp\/v2\/media\/6605"}],"wp:attachment":[{"href":"https:\/\/koningdrone.be\/es\/wp-json\/wp\/v2\/media?parent=6606"}],"wp:term":[{"taxonomy":"product_brand","embeddable":true,"href":"https:\/\/koningdrone.be\/es\/wp-json\/wp\/v2\/product_brand?post=6606"},{"taxonomy":"product_cat","embeddable":true,"href":"https:\/\/koningdrone.be\/es\/wp-json\/wp\/v2\/product_cat?post=6606"},{"taxonomy":"product_tag","embeddable":true,"href":"https:\/\/koningdrone.be\/es\/wp-json\/wp\/v2\/product_tag?post=6606"}],"curies":[{"name":"wp","href":"https:\/\/api.w.org\/{rel}","templated":true}]}}