{"id":6590,"date":"2021-06-25T13:30:03","date_gmt":"2021-06-25T11:30:03","guid":{"rendered":"https:\/\/koningdrone.nl\/kon\/product\/elistair-safe-t2\/"},"modified":"2026-04-14T10:57:01","modified_gmt":"2026-04-14T08:57:01","slug":"elistair-safe-t2","status":"publish","type":"product","link":"https:\/\/koningdrone.be\/es\/producto\/elistair-safe-t2\/","title":{"rendered":"Elistair Safe-T2 para DJI Matrice 400"},"content":{"rendered":"<h3>Elistair Safe-T2: Tiempo de vuelo ilimitado para el DJI Matrice 400<\/h3>\n<p><iframe loading=\"lazy\" title=\"SAFE-T 2: el nuevo est\u00e1ndar para estaciones de drones cautivos\" width=\"800\" height=\"450\" src=\"https:\/\/www.youtube.com\/embed\/9hBA41eDXHM?feature=oembed&#038;enablejsapi=1&#038;origin=https:\/\/koningdrone.be\" frameborder=\"0\" allow=\"accelerometer; autoplay; clipboard-write; encrypted-media; gyroscope; picture-in-picture; web-share\" referrerpolicy=\"strict-origin-when-cross-origin\" allowfullscreen><\/iframe><\/p>\n<p style=\"margin-top: 20px\">En <strong>Elistair Safe-T2<\/strong> es el est\u00e1ndar de la industria para los sistemas de drones anclados, optimizado espec\u00edficamente para el DJI Matrice 400. Donde los drones tradicionales est\u00e1n limitados por los l\u00edmites qu\u00edmicos de sus bater\u00edas, el Safe-T2 transforma tu dron en una estaci\u00f3n de observaci\u00f3n a\u00e9rea permanente. A trav\u00e9s de una fina micro-cord\u00f3n, proporciona al dron energ\u00eda continua y una conexi\u00f3n de datos segura. Esto convierte al Safe-T2 en una herramienta indispensable para la defensa, la seguridad nacional y las inspecciones industriales a gran escala, donde el \u201ctiempo de vuelo\u201d ya no se mide en minutos, sino en d\u00edas.<\/p>\n<p><a href=\"https:\/\/koningdrone.nl\/wp-content\/uploads\/2021\/06\/Elistair-Safe-T2-voor-DJI-Matrice-400.jpg\"><img loading=\"lazy\" decoding=\"async\" class=\"size-medium wp-image-472477 aligncenter\" src=\"https:\/\/koningdrone.nl\/wp-content\/uploads\/2021\/06\/Elistair-Safe-T2-voor-DJI-Matrice-400-300x300.jpg\" alt=\"Elistair Safe-T2 voor DJI Matrice 400\" width=\"300\" height=\"300\" \/><\/a><\/p>\n<h4>Transferencia de energ\u00eda y seguridad de datos superiores<\/h4>\n<p>El Safe-T2 est\u00e1 dise\u00f1ado para elevar el DJI Matrice 400 a su m\u00e1ximo potencial:<\/p>\n<ul>\n<li><strong>Continua 2500W Pico de potencia:<\/strong> Gracias a un avanzado sistema de gesti\u00f3n, la estaci\u00f3n suministra una potencia constante que soporta sin esfuerzo incluso las maniobras m\u00e1s exigentes y las cargas pesadas del Matrice 400.<\/li>\n<li><strong>Altura operativa de m\u00e1s de 100 metros:<\/strong> El micro-tether de aproximadamente <strong>110 metros<\/strong> proporciona al dron la altura suficiente para una amplia visi\u00f3n general sobre grandes terrenos, mientras que la conexi\u00f3n f\u00edsica garantiza un funcionamiento sin interferencias incluso en entornos con elevadas interferencias de radiofrecuencia.<\/li>\n<li><strong>Datos seguros a alta velocidad:<\/strong> Para operaciones en las que la privacidad y la velocidad son cruciales, Safe-T2 ofrece una conexi\u00f3n f\u00edsica de banda ancha. Con la opci\u00f3n <strong>cable de fibra \u00f3ptica<\/strong> Se pueden enviar cantidades gigantescas de im\u00e1genes 4K o datos t\u00e9rmicos en tiempo real a tierra sin riesgo de pirateo o interferencias.<\/li>\n<\/ul>\n<h4><a href=\"https:\/\/koningdrone.nl\/wp-content\/uploads\/2021\/06\/Product-Elistair-Safe-T2-voor-DJI-Matrice-400.jpg\"><img loading=\"lazy\" decoding=\"async\" class=\"size-medium wp-image-472476 aligncenter\" src=\"https:\/\/koningdrone.nl\/wp-content\/uploads\/2021\/06\/Product-Elistair-Safe-T2-voor-DJI-Matrice-400-300x300.jpg\" alt=\"Product Elistair Safe-T2 voor DJI Matrice 400\" width=\"300\" height=\"300\" \/><\/a><\/h4>\n<h4>Dise\u00f1o industrial robusto y facilidad de uso<\/h4>\n<p>El sistema est\u00e1 dise\u00f1ado para su despliegue en las condiciones m\u00e1s dif\u00edciles:<\/p>\n<ul>\n<li><strong>Caja con certificaci\u00f3n IP54:<\/strong> Ya sea bajo los vientos polvorientos del desierto o bajo una lluvia persistente, el Safe-T2 sigue funcionando. Su robusta construcci\u00f3n protege la electr\u00f3nica interna del cabrestante de los elementos.<\/li>\n<li><strong>Sistema de cabrestante inteligente:<\/strong> El Safe-T2 incorpora un cabrestante controlado por ordenador que mantiene una tensi\u00f3n constante en el cable. Esto evita que el cable se enrede o afecte negativamente a la din\u00e1mica de vuelo del dron, incluso con vientos variables.<\/li>\n<li><strong>Compacto y preparado para veh\u00edculos:<\/strong> A pesar de su enorme potencia, la estaci\u00f3n es lo suficientemente compacta como para ser transportada por un solo operador. Su dise\u00f1o modular permite integrarla r\u00e1pidamente en veh\u00edculos de mando o en puestos de guardia fijos.<\/li>\n<\/ul>\n<h4><a href=\"https:\/\/koningdrone.nl\/wp-content\/uploads\/2021\/06\/Elistair-Safe-T2-voor-DJI-Matrice-400-Product.jpg\"><img loading=\"lazy\" decoding=\"async\" class=\"size-medium wp-image-472474 aligncenter\" src=\"https:\/\/koningdrone.nl\/wp-content\/uploads\/2021\/06\/Elistair-Safe-T2-voor-DJI-Matrice-400-Product-300x300.jpg\" alt=\"Elistair Safe-T2 voor DJI Matrice 400 Product\" width=\"300\" height=\"300\" \/><\/a><\/h4>\n<h4>Por qu\u00e9 el Safe-T2 de Elistair es indispensable<\/h4>\n<p>Para misiones cr\u00edticas como la vigilancia de multitudes en grandes eventos, la seguridad fronteriza o la ayuda a largo plazo en caso de cat\u00e1strofe, la duraci\u00f3n de la bater\u00eda es el eslab\u00f3n m\u00e1s d\u00e9bil. El Safe-T2 elimina por completo este riesgo. Permite a los operadores mantener un \u201cojo en el cielo\u201d durante horas o d\u00edas sin el estr\u00e9s de los cambios de bater\u00eda o los procedimientos de aterrizaje. Con el Safe-T2, inviertes en un sistema que transforma el DJI Matrice 400 de una herramienta vol\u00e1til en un guardi\u00e1n incansable.<\/p>","protected":false},"excerpt":{"rendered":"<ul>\n<li>Alimentaci\u00f3n ilimitada para vuelos prolongados con drones<\/li>\n<li>Micro-amarre de hasta \u00b1110 m con transmisi\u00f3n de datos<\/li>\n<li>Admite hasta 2500 W de potencia m\u00e1xima<\/li>\n<li>Certificaci\u00f3n IP54 para uso en entornos dif\u00edciles<\/li>\n<li>Despliegue r\u00e1pido y uso flexible (con y sin sujeci\u00f3n)<\/li>\n<li>Conexi\u00f3n de datos por fibra \u00f3ptica opcional<\/li>\n<\/ul>","protected":false},"featured_media":18779,"template":"","meta":{"_acf_changed":false},"product_brand":[],"product_cat":[1583,1756],"product_tag":[],"class_list":{"0":"post-6590","1":"product","2":"type-product","3":"status-publish","4":"has-post-thumbnail","6":"product_cat-dji-matrice-400","7":"product_cat-tethering-systems","8":"pa_brand-elistair","9":"pa_producttype-tetherstation","11":"first","12":"instock","13":"taxable","14":"shipping-taxable","15":"product-type-simple"},"acf":[],"yoast_head":"<!-- This site is optimized with the Yoast SEO Premium plugin v27.2 (Yoast SEO v27.2) - https:\/\/yoast.com\/product\/yoast-seo-premium-wordpress\/ -->\n<title>Elistair Safe-T2 voor DJI Matrice 400 - koningdrone.be<\/title>\n<meta name=\"robots\" content=\"index, follow, max-snippet:-1, max-image-preview:large, max-video-preview:-1\" \/>\n<link rel=\"canonical\" href=\"https:\/\/koningdrone.be\/es\/producto\/elistair-safe-t2\/\" \/>\n<meta property=\"og:locale\" content=\"es_ES\" \/>\n<meta property=\"og:type\" content=\"article\" \/>\n<meta property=\"og:title\" content=\"Elistair Safe-T2 voor DJI Matrice 400\" \/>\n<meta property=\"og:description\" content=\"Onbeperkte stroomvoorziening voor langdurige dronevluchten  Tot \u00b1110 m micro-tether met datatransmissie  Ondersteunt tot 2500 W piekvermogen  IP54-gecertificeerd voor gebruik in zware omstandigheden  Snelle inzet en flexibel gebruik (tethered en untethered)  Optionele fiber-optische dataverbinding\" \/>\n<meta property=\"og:url\" content=\"https:\/\/koningdrone.be\/es\/producto\/elistair-safe-t2\/\" \/>\n<meta property=\"og:site_name\" content=\"koningdrone.be\" \/>\n<meta property=\"article:modified_time\" content=\"2026-04-14T08:57:01+00:00\" \/>\n<meta property=\"og:image\" content=\"https:\/\/koningdrone.be\/wp-content\/uploads\/sites\/13\/2026\/04\/Elistair-Safe-T2-voor-DJI-Matrice-400.jpg\" \/>\n\t<meta property=\"og:image:width\" content=\"610\" \/>\n\t<meta property=\"og:image:height\" content=\"610\" \/>\n\t<meta property=\"og:image:type\" content=\"image\/jpeg\" \/>\n<meta name=\"twitter:card\" content=\"summary_large_image\" \/>\n<meta name=\"twitter:label1\" content=\"Tiempo de lectura\" \/>\n\t<meta name=\"twitter:data1\" content=\"2 minutos\" \/>\n<script type=\"application\/ld+json\" class=\"yoast-schema-graph\">{\"@context\":\"https:\/\/schema.org\",\"@graph\":[{\"@type\":\"WebPage\",\"@id\":\"https:\/\/koningdrone.be\/product\/elistair-safe-t2\/\",\"url\":\"https:\/\/koningdrone.be\/product\/elistair-safe-t2\/\",\"name\":\"Elistair Safe-T2 voor DJI Matrice 400 - koningdrone.be\",\"isPartOf\":{\"@id\":\"https:\/\/koningdrone.be\/#website\"},\"primaryImageOfPage\":{\"@id\":\"https:\/\/koningdrone.be\/product\/elistair-safe-t2\/#primaryimage\"},\"image\":{\"@id\":\"https:\/\/koningdrone.be\/product\/elistair-safe-t2\/#primaryimage\"},\"thumbnailUrl\":\"https:\/\/koningdrone.be\/wp-content\/uploads\/sites\/13\/2026\/04\/Elistair-Safe-T2-voor-DJI-Matrice-400.jpg\",\"datePublished\":\"2021-06-25T11:30:03+00:00\",\"dateModified\":\"2026-04-14T08:57:01+00:00\",\"breadcrumb\":{\"@id\":\"https:\/\/koningdrone.be\/product\/elistair-safe-t2\/#breadcrumb\"},\"inLanguage\":\"es\",\"potentialAction\":[{\"@type\":\"ReadAction\",\"target\":[\"https:\/\/koningdrone.be\/product\/elistair-safe-t2\/\"]}]},{\"@type\":\"ImageObject\",\"inLanguage\":\"es\",\"@id\":\"https:\/\/koningdrone.be\/product\/elistair-safe-t2\/#primaryimage\",\"url\":\"https:\/\/koningdrone.be\/wp-content\/uploads\/sites\/13\/2026\/04\/Elistair-Safe-T2-voor-DJI-Matrice-400.jpg\",\"contentUrl\":\"https:\/\/koningdrone.be\/wp-content\/uploads\/sites\/13\/2026\/04\/Elistair-Safe-T2-voor-DJI-Matrice-400.jpg\",\"width\":610,\"height\":610},{\"@type\":\"BreadcrumbList\",\"@id\":\"https:\/\/koningdrone.be\/product\/elistair-safe-t2\/#breadcrumb\",\"itemListElement\":[{\"@type\":\"ListItem\",\"position\":1,\"name\":\"Home\",\"item\":\"https:\/\/koningdrone.be\/\"},{\"@type\":\"ListItem\",\"position\":2,\"name\":\"AVSS Parachute Recovery System for DJI Matrice 300\/350\",\"item\":\"https:\/\/koningdrone.be\/product\/avss-parachute-recovery-system-for-dji-matrice-300-350\/\"},{\"@type\":\"ListItem\",\"position\":3,\"name\":\"DJI Matrice 400\",\"item\":\"https:\/\/koningdrone.be\/categorie\/dji-matrice-400\/\"},{\"@type\":\"ListItem\",\"position\":4,\"name\":\"Elistair Safe-T2 voor DJI Matrice 400\"}]},{\"@type\":\"WebSite\",\"@id\":\"https:\/\/koningdrone.be\/#website\",\"url\":\"https:\/\/koningdrone.be\/\",\"name\":\"Koningdrone.be - Uw online specialist in drones, gimbals, camera's en power stations.\",\"description\":\"De webshop in drones en gimbals\",\"publisher\":{\"@id\":\"https:\/\/koningdrone.be\/#organization\"},\"potentialAction\":[{\"@type\":\"SearchAction\",\"target\":{\"@type\":\"EntryPoint\",\"urlTemplate\":\"https:\/\/koningdrone.be\/?s={search_term_string}\"},\"query-input\":{\"@type\":\"PropertyValueSpecification\",\"valueRequired\":true,\"valueName\":\"search_term_string\"}}],\"inLanguage\":\"es\"},{\"@type\":\"Organization\",\"@id\":\"https:\/\/koningdrone.be\/#organization\",\"name\":\"Koningdrone.be\",\"url\":\"https:\/\/koningdrone.be\/\",\"logo\":{\"@type\":\"ImageObject\",\"inLanguage\":\"es\",\"@id\":\"https:\/\/koningdrone.be\/#\/schema\/logo\/image\/\",\"url\":\"https:\/\/koningdrone.be\/wp-content\/uploads\/sites\/13\/2025\/04\/koningdrone-copyright-logo.svg\",\"contentUrl\":\"https:\/\/koningdrone.be\/wp-content\/uploads\/sites\/13\/2025\/04\/koningdrone-copyright-logo.svg\",\"width\":227,\"height\":38,\"caption\":\"Koningdrone.be\"},\"image\":{\"@id\":\"https:\/\/koningdrone.be\/#\/schema\/logo\/image\/\"}}]}<\/script>\n<!-- \/ Yoast SEO Premium plugin. -->","yoast_head_json":{"title":"Elistair Safe-T2 voor DJI Matrice 400 - koningdrone.be","robots":{"index":"index","follow":"follow","max-snippet":"max-snippet:-1","max-image-preview":"max-image-preview:large","max-video-preview":"max-video-preview:-1"},"canonical":"https:\/\/koningdrone.be\/es\/producto\/elistair-safe-t2\/","og_locale":"es_ES","og_type":"article","og_title":"Elistair Safe-T2 voor DJI Matrice 400","og_description":"Onbeperkte stroomvoorziening voor langdurige dronevluchten  Tot \u00b1110 m micro-tether met datatransmissie  Ondersteunt tot 2500 W piekvermogen  IP54-gecertificeerd voor gebruik in zware omstandigheden  Snelle inzet en flexibel gebruik (tethered en untethered)  Optionele fiber-optische dataverbinding","og_url":"https:\/\/koningdrone.be\/es\/producto\/elistair-safe-t2\/","og_site_name":"koningdrone.be","article_modified_time":"2026-04-14T08:57:01+00:00","og_image":[{"width":610,"height":610,"url":"https:\/\/koningdrone.be\/wp-content\/uploads\/sites\/13\/2026\/04\/Elistair-Safe-T2-voor-DJI-Matrice-400.jpg","type":"image\/jpeg"}],"twitter_card":"summary_large_image","twitter_misc":{"Tiempo de lectura":"2 minutos"},"schema":{"@context":"https:\/\/schema.org","@graph":[{"@type":"WebPage","@id":"https:\/\/koningdrone.be\/product\/elistair-safe-t2\/","url":"https:\/\/koningdrone.be\/product\/elistair-safe-t2\/","name":"Elistair Safe-T2 voor DJI Matrice 400 - koningdrone.be","isPartOf":{"@id":"https:\/\/koningdrone.be\/#website"},"primaryImageOfPage":{"@id":"https:\/\/koningdrone.be\/product\/elistair-safe-t2\/#primaryimage"},"image":{"@id":"https:\/\/koningdrone.be\/product\/elistair-safe-t2\/#primaryimage"},"thumbnailUrl":"https:\/\/koningdrone.be\/wp-content\/uploads\/sites\/13\/2026\/04\/Elistair-Safe-T2-voor-DJI-Matrice-400.jpg","datePublished":"2021-06-25T11:30:03+00:00","dateModified":"2026-04-14T08:57:01+00:00","breadcrumb":{"@id":"https:\/\/koningdrone.be\/product\/elistair-safe-t2\/#breadcrumb"},"inLanguage":"es","potentialAction":[{"@type":"ReadAction","target":["https:\/\/koningdrone.be\/product\/elistair-safe-t2\/"]}]},{"@type":"ImageObject","inLanguage":"es","@id":"https:\/\/koningdrone.be\/product\/elistair-safe-t2\/#primaryimage","url":"https:\/\/koningdrone.be\/wp-content\/uploads\/sites\/13\/2026\/04\/Elistair-Safe-T2-voor-DJI-Matrice-400.jpg","contentUrl":"https:\/\/koningdrone.be\/wp-content\/uploads\/sites\/13\/2026\/04\/Elistair-Safe-T2-voor-DJI-Matrice-400.jpg","width":610,"height":610},{"@type":"BreadcrumbList","@id":"https:\/\/koningdrone.be\/product\/elistair-safe-t2\/#breadcrumb","itemListElement":[{"@type":"ListItem","position":1,"name":"Home","item":"https:\/\/koningdrone.be\/"},{"@type":"ListItem","position":2,"name":"AVSS Parachute Recovery System for DJI Matrice 300\/350","item":"https:\/\/koningdrone.be\/product\/avss-parachute-recovery-system-for-dji-matrice-300-350\/"},{"@type":"ListItem","position":3,"name":"DJI Matrice 400","item":"https:\/\/koningdrone.be\/categorie\/dji-matrice-400\/"},{"@type":"ListItem","position":4,"name":"Elistair Safe-T2 voor DJI Matrice 400"}]},{"@type":"WebSite","@id":"https:\/\/koningdrone.be\/#website","url":"https:\/\/koningdrone.be\/","name":"Koningdrone.be - Su especialista en l\u00ednea en drones, cardanes, c\u00e1maras y centrales el\u00e9ctricas.","description":"La tienda virtual de drones y cardanes","publisher":{"@id":"https:\/\/koningdrone.be\/#organization"},"potentialAction":[{"@type":"SearchAction","target":{"@type":"EntryPoint","urlTemplate":"https:\/\/koningdrone.be\/?s={search_term_string}"},"query-input":{"@type":"PropertyValueSpecification","valueRequired":true,"valueName":"search_term_string"}}],"inLanguage":"es"},{"@type":"Organization","@id":"https:\/\/koningdrone.be\/#organization","name":"Kingdrone.es","url":"https:\/\/koningdrone.be\/","logo":{"@type":"ImageObject","inLanguage":"es","@id":"https:\/\/koningdrone.be\/#\/schema\/logo\/image\/","url":"https:\/\/koningdrone.be\/wp-content\/uploads\/sites\/13\/2025\/04\/koningdrone-copyright-logo.svg","contentUrl":"https:\/\/koningdrone.be\/wp-content\/uploads\/sites\/13\/2025\/04\/koningdrone-copyright-logo.svg","width":227,"height":38,"caption":"Koningdrone.be"},"image":{"@id":"https:\/\/koningdrone.be\/#\/schema\/logo\/image\/"}}]}},"df_price":"","df_sale_price":"","df_regular_price":"","df_image_link":"https:\/\/koningdrone.be\/wp-content\/uploads\/sites\/13\/2026\/04\/Elistair-Safe-T2-voor-DJI-Matrice-400-300x300.jpg","_links":{"self":[{"href":"https:\/\/koningdrone.be\/es\/wp-json\/wp\/v2\/product\/6590","targetHints":{"allow":["GET"]}}],"collection":[{"href":"https:\/\/koningdrone.be\/es\/wp-json\/wp\/v2\/product"}],"about":[{"href":"https:\/\/koningdrone.be\/es\/wp-json\/wp\/v2\/types\/product"}],"wp:featuredmedia":[{"embeddable":true,"href":"https:\/\/koningdrone.be\/es\/wp-json\/wp\/v2\/media\/18779"}],"wp:attachment":[{"href":"https:\/\/koningdrone.be\/es\/wp-json\/wp\/v2\/media?parent=6590"}],"wp:term":[{"taxonomy":"product_brand","embeddable":true,"href":"https:\/\/koningdrone.be\/es\/wp-json\/wp\/v2\/product_brand?post=6590"},{"taxonomy":"product_cat","embeddable":true,"href":"https:\/\/koningdrone.be\/es\/wp-json\/wp\/v2\/product_cat?post=6590"},{"taxonomy":"product_tag","embeddable":true,"href":"https:\/\/koningdrone.be\/es\/wp-json\/wp\/v2\/product_tag?post=6590"}],"curies":[{"name":"wp","href":"https:\/\/api.w.org\/{rel}","templated":true}]}}