{"id":6549,"date":"2021-10-03T09:49:31","date_gmt":"2021-10-03T07:49:31","guid":{"rendered":"https:\/\/koningdrone.nl\/kon\/product\/insta360-go-2\/"},"modified":"2026-05-16T07:40:40","modified_gmt":"2026-05-16T05:40:40","slug":"insta360-go-2","status":"publish","type":"product","link":"https:\/\/koningdrone.be\/es\/producto\/insta360-go-2\/","title":{"rendered":"INSTA360 Go 2"},"content":{"rendered":"<h1>INSTA360 Go 2<\/h1>\n<p>Insta360 GO 2 re\u00fane la potencia de un buque insignia en la c\u00e1mara de acci\u00f3n m\u00e1s peque\u00f1a del mundo. Una c\u00e1mara de acci\u00f3n estabilizada que pesa s\u00f3lo 27 gramos, o menos de una onza. El cuerpo ultraligero de la Insta360 GO 2 permite la grabaci\u00f3n en alta resoluci\u00f3n con manos libres y permite a los creadores capturar su punto de vista sin esfuerzo, sin los engorrosos e inc\u00f3modos accesorios de las c\u00e1maras de acci\u00f3n tradicionales. La impermeabilidad y una lente protectora reemplazable garantizan que est\u00e9 preparada para todo tipo de acci\u00f3n. La inigualable combinaci\u00f3n de tama\u00f1o, estabilizaci\u00f3n y rendimiento de la GO 2 le permite hacer lo que ninguna otra c\u00e1mara de acci\u00f3n puede: capturar la acci\u00f3n sin estorbar. Es la compa\u00f1era cinematogr\u00e1fica de creadores y deportistas por igual. La Insta360 GO 2, que incluye una vers\u00e1til unidad de carga y una selecci\u00f3n de accesorios de montaje, est\u00e1 disponible a partir de hoy en Insta360.com y en distribuidores seleccionados de todo el mundo.<br \/><strong>Cargar, asegurar, montar.<\/strong><br \/>Insta360 GO 2 es el Spiderman de las c\u00e1maras: se pega a todo. Gracias a su peque\u00f1o tama\u00f1o y a la multitud de accesorios de la caja, GO 2 puede ir donde otras c\u00e1maras de acci\u00f3n no pueden, ya seas t\u00fa, tu perro o tu coche. El potente im\u00e1n incorporado se combina con la percha magn\u00e9tica para que pueda colocar GO 2 directamente en su camisa. Easy Clip sujeta la GO 2 a su sombrero o cinta para la cabeza para que pueda hacer tomas POV sin esfuerzo. Una vez colocada la GO 2, grabar un v\u00eddeo es tan f\u00e1cil como pulsar una vez la parte frontal de la c\u00e1mara.<br \/><strong>Un sensor potente.<\/strong><br \/>A pesar de su tama\u00f1o, GO 2 no ahorra energ\u00eda. GO 2 viene con el mismo hardware de alta calidad que otras c\u00e1maras de acci\u00f3n l\u00edderes, pero pesa seis veces menos.<br \/>Un sensor de imagen de 1\/23\u2033, el est\u00e1ndar para las c\u00e1maras de acci\u00f3n insignia, permite a la GO 2 capturar v\u00eddeo 3K y fotos de 9MP. Las fotos resultantes son din\u00e1micas, detalladas y te garantizan destacar en la red social que compartas.<br \/><strong>Siempre estable.<\/strong><br \/>Dondequiera que instale GO 2, los algoritmos caracter\u00edsticos de FlowState para la nivelaci\u00f3n y estabilizaci\u00f3n del horizonte, la firma de Insta360, eliminan todos los baches, golpes y balanceos.<br \/>Con las manos libres y la estabilizaci\u00f3n FlowState manteni\u00e9ndote firme, puedes correr, saltar o rodar con facilidad. Con FlowState, puedes irte con nada m\u00e1s que una c\u00e1mara del tama\u00f1o de un pulgar y volver con fotos que parecen tomadas con una suspensi\u00f3n card\u00e1n de alta calidad.<br \/><strong>Carga en movimiento.<\/strong><br \/>La caja de carga GO 2 es el negocio de su empresa. Basta con meter GO 2 en la caja y se cargar\u00e1 en media hora. Con la caja, GO 2 puede funcionar hasta 150 minutos antes de tener que recargarlo en casa. Eso es el doble de la duraci\u00f3n de la mayor\u00eda de las salas de acci\u00f3n en una fracci\u00f3n del tama\u00f1o.<br \/>M\u00e1s que un cargador, la caja GO 2 tambi\u00e9n sirve como mando a distancia, tr\u00edpode y asa para transportar sellos. Incluso tiene un punto de fijaci\u00f3n de \u00bc\" listo para acoplarse a un poste selfie\".<br \/>Gracias a la conexi\u00f3n Bluetooth integrada en la Charging Box, la GO 2 puede controlarse desde una distancia de hasta 10 metros. Solo tienes que montar la c\u00e1mara donde quieras y utilizar la bolsa para capturarla a distancia.<br \/><strong>Listo para la aventura.<\/strong><br \/>\u00bfSurf, buceo o tomar el sol junto al mar? Sumerja GO 2 sin preocupaciones hasta 4 metros bajo el agua. GO 2 es resistente al agua IPX8 desde el primer momento.<br \/>La tapa del objetivo de cristal templado resistente a los ara\u00f1azos protege el objetivo de GO 2 de los roces. Qu\u00edtela y enrosque una de repuesto en cualquier momento. O sustit\u00fayela por un filtro ND para conseguir un color y un contraste equilibrados incluso en los d\u00edas m\u00e1s luminosos.<br \/><strong>Una aplicaci\u00f3n que lo hace todo.<\/strong><br \/>La aplicaci\u00f3n que acompa\u00f1a a GO 2 permite previsualizar la foto en tiempo real a trav\u00e9s de Wi-Fi y ajustar la configuraci\u00f3n en tiempo real. Una vez finalizada la grabaci\u00f3n, la aplicaci\u00f3n ofrece un completo editor para mejorar los clips.<br \/>Si tienes prisa, ni siquiera tienes que descargar tus clips en el tel\u00e9fono antes de empezar a editar. S\u00f3lo tienes que conectarte y editar directamente a trav\u00e9s de Wi-Fi. No necesitas cables.<br \/><strong>Deja que la IA edite por ti.<\/strong><br \/>\u00bfA\u00fan no est\u00e1s preparado para un cambio manual? Deja que la IA lo ajuste por ti con FlashCut 2.0. FlashCut 2.0 inserta autom\u00e1ticamente tus clips en una historia, resaltando los mejores momentos y edit\u00e1ndolos juntos al ritmo de la m\u00fasica.<br \/>Elige entre las plantillas de edici\u00f3n preestablecidas para temas como deportes, viajes o mascotas, o simplemente selecciona tus fotos favoritas y deja que FlashCut haga el resto. De cualquier forma, obtendr\u00e1s una instalaci\u00f3n elegante que podr\u00e1s compartir inmediatamente.<br \/><strong>Habitaci\u00f3n peque\u00f1a. Gran angular.<\/strong><br \/>La lente de la GO 2 puede parecer peque\u00f1a, pero gracias a su campo de visi\u00f3n ultraamplio, nunca tendr\u00e1s que preocuparte por ver todo lo que te rodea en la pel\u00edcula.<br \/>Elija entre cuatro campos de visi\u00f3n diferentes para conseguir el encuadre perfecto. \u00bfQuiere fotografiar un gran paisaje? Experimente el campo de visi\u00f3n \"Ultra gran angular\" de 120 grados. \u00bfVa en bici por los senderos? Experimente el campo de visi\u00f3n ActionView de 110 grados, perfecto para perspectivas en primera persona.<br \/><strong>Acelera o ralentiza.<\/strong><br \/>Condensa la acci\u00f3n con un hiperlapso din\u00e1mico o destaca los momentos clave a velocidad superbaja. Es tan sencillo como un toque con GO 2. Graba hiperlapsos a una velocidad de hasta 6x o ralentiza hasta 4 veces cuando grabes a 120 fps.<\/p>","protected":false},"excerpt":{"rendered":"<ul>\n<li>Estabilizaci\u00f3n del estado de flujo<\/li>\n<li>Manos libres<\/li>\n<li>Montar en cualquier lugar<\/li>\n<li>1440p 50fps<\/li>\n<li>Sumergible hasta 4 m<\/li>\n<li>Edici\u00f3n autom\u00e1tica<\/li>\n<li>Hyperlapse<\/li>\n<li>C\u00e1mara lenta<\/li>\n<li>Mando a distancia<\/li>\n<\/ul>","protected":false},"featured_media":6548,"template":"","meta":{"_acf_changed":false},"product_brand":[],"product_cat":[97,343],"product_tag":[],"class_list":{"0":"post-6549","1":"product","2":"type-product","3":"status-publish","4":"has-post-thumbnail","6":"product_cat-alle-producten","7":"product_cat-insta360","8":"product_shipping_class-outofstock","9":"pa_brand-insta360","10":"pa_productfamily-camera","11":"pa_producttype-camera","12":"pa_series-insta360-go","14":"first","15":"outofstock","16":"taxable","17":"shipping-taxable","18":"product-type-simple"},"acf":[],"yoast_head":"<!-- This site is optimized with the Yoast SEO Premium plugin v27.2 (Yoast SEO v27.2) - https:\/\/yoast.com\/product\/yoast-seo-premium-wordpress\/ -->\n<title>INSTA360 Go 2 - koningdrone.be<\/title>\n<meta name=\"robots\" content=\"index, follow, max-snippet:-1, max-image-preview:large, max-video-preview:-1\" \/>\n<link rel=\"canonical\" href=\"https:\/\/koningdrone.be\/es\/producto\/insta360-go-2\/\" \/>\n<meta property=\"og:locale\" content=\"es_ES\" \/>\n<meta property=\"og:type\" content=\"article\" \/>\n<meta property=\"og:title\" content=\"INSTA360 Go 2\" \/>\n<meta property=\"og:description\" content=\"FlowState StabilisatieHandsfreeOveral monteren1440p 50fpsWaterdicht tot 4mAutomatisch bewerkenHyperlapseSlow-motionAfstandsbediening\" \/>\n<meta property=\"og:url\" content=\"https:\/\/koningdrone.be\/es\/producto\/insta360-go-2\/\" \/>\n<meta property=\"og:site_name\" content=\"koningdrone.be\" \/>\n<meta property=\"article:modified_time\" content=\"2026-05-16T05:40:40+00:00\" \/>\n<meta property=\"og:image\" content=\"https:\/\/koningdrone.be\/wp-content\/uploads\/sites\/13\/2025\/04\/6970357852123-1.jpg\" \/>\n\t<meta property=\"og:image:width\" content=\"800\" \/>\n\t<meta property=\"og:image:height\" content=\"500\" \/>\n\t<meta property=\"og:image:type\" content=\"image\/jpeg\" \/>\n<meta name=\"twitter:card\" content=\"summary_large_image\" \/>\n<meta name=\"twitter:label1\" content=\"Tiempo de lectura\" \/>\n\t<meta name=\"twitter:data1\" content=\"4 minutos\" \/>\n<script type=\"application\/ld+json\" class=\"yoast-schema-graph\">{\"@context\":\"https:\/\/schema.org\",\"@graph\":[{\"@type\":\"WebPage\",\"@id\":\"https:\/\/koningdrone.be\/product\/insta360-go-2\/\",\"url\":\"https:\/\/koningdrone.be\/product\/insta360-go-2\/\",\"name\":\"INSTA360 Go 2 - koningdrone.be\",\"isPartOf\":{\"@id\":\"https:\/\/koningdrone.be\/#website\"},\"primaryImageOfPage\":{\"@id\":\"https:\/\/koningdrone.be\/product\/insta360-go-2\/#primaryimage\"},\"image\":{\"@id\":\"https:\/\/koningdrone.be\/product\/insta360-go-2\/#primaryimage\"},\"thumbnailUrl\":\"https:\/\/koningdrone.be\/wp-content\/uploads\/sites\/13\/2025\/04\/6970357852123-1.jpg\",\"datePublished\":\"2021-10-03T07:49:31+00:00\",\"dateModified\":\"2026-05-16T05:40:40+00:00\",\"breadcrumb\":{\"@id\":\"https:\/\/koningdrone.be\/product\/insta360-go-2\/#breadcrumb\"},\"inLanguage\":\"es\",\"potentialAction\":[{\"@type\":\"ReadAction\",\"target\":[\"https:\/\/koningdrone.be\/product\/insta360-go-2\/\"]}]},{\"@type\":\"ImageObject\",\"inLanguage\":\"es\",\"@id\":\"https:\/\/koningdrone.be\/product\/insta360-go-2\/#primaryimage\",\"url\":\"https:\/\/koningdrone.be\/wp-content\/uploads\/sites\/13\/2025\/04\/6970357852123-1.jpg\",\"contentUrl\":\"https:\/\/koningdrone.be\/wp-content\/uploads\/sites\/13\/2025\/04\/6970357852123-1.jpg\",\"width\":800,\"height\":500},{\"@type\":\"BreadcrumbList\",\"@id\":\"https:\/\/koningdrone.be\/product\/insta360-go-2\/#breadcrumb\",\"itemListElement\":[{\"@type\":\"ListItem\",\"position\":1,\"name\":\"Home\",\"item\":\"https:\/\/koningdrone.be\/\"},{\"@type\":\"ListItem\",\"position\":2,\"name\":\"AVSS Parachute Recovery System for DJI Matrice 300\/350\",\"item\":\"https:\/\/koningdrone.be\/product\/avss-parachute-recovery-system-for-dji-matrice-300-350\/\"},{\"@type\":\"ListItem\",\"position\":3,\"name\":\"Alle producten\",\"item\":\"https:\/\/koningdrone.be\/categorie\/alle-producten\/\"},{\"@type\":\"ListItem\",\"position\":4,\"name\":\"INSTA360 Go 2\"}]},{\"@type\":\"WebSite\",\"@id\":\"https:\/\/koningdrone.be\/#website\",\"url\":\"https:\/\/koningdrone.be\/\",\"name\":\"Koningdrone.be - Uw online specialist in drones, gimbals, camera's en power stations.\",\"description\":\"De webshop in drones en gimbals\",\"publisher\":{\"@id\":\"https:\/\/koningdrone.be\/#organization\"},\"potentialAction\":[{\"@type\":\"SearchAction\",\"target\":{\"@type\":\"EntryPoint\",\"urlTemplate\":\"https:\/\/koningdrone.be\/?s={search_term_string}\"},\"query-input\":{\"@type\":\"PropertyValueSpecification\",\"valueRequired\":true,\"valueName\":\"search_term_string\"}}],\"inLanguage\":\"es\"},{\"@type\":\"Organization\",\"@id\":\"https:\/\/koningdrone.be\/#organization\",\"name\":\"Koningdrone.be\",\"url\":\"https:\/\/koningdrone.be\/\",\"logo\":{\"@type\":\"ImageObject\",\"inLanguage\":\"es\",\"@id\":\"https:\/\/koningdrone.be\/#\/schema\/logo\/image\/\",\"url\":\"https:\/\/koningdrone.be\/wp-content\/uploads\/sites\/13\/2025\/04\/koningdrone-copyright-logo.svg\",\"contentUrl\":\"https:\/\/koningdrone.be\/wp-content\/uploads\/sites\/13\/2025\/04\/koningdrone-copyright-logo.svg\",\"width\":227,\"height\":38,\"caption\":\"Koningdrone.be\"},\"image\":{\"@id\":\"https:\/\/koningdrone.be\/#\/schema\/logo\/image\/\"}}]}<\/script>\n<!-- \/ Yoast SEO Premium plugin. -->","yoast_head_json":{"title":"INSTA360 Go 2 - koningdrone.be","robots":{"index":"index","follow":"follow","max-snippet":"max-snippet:-1","max-image-preview":"max-image-preview:large","max-video-preview":"max-video-preview:-1"},"canonical":"https:\/\/koningdrone.be\/es\/producto\/insta360-go-2\/","og_locale":"es_ES","og_type":"article","og_title":"INSTA360 Go 2","og_description":"FlowState StabilisatieHandsfreeOveral monteren1440p 50fpsWaterdicht tot 4mAutomatisch bewerkenHyperlapseSlow-motionAfstandsbediening","og_url":"https:\/\/koningdrone.be\/es\/producto\/insta360-go-2\/","og_site_name":"koningdrone.be","article_modified_time":"2026-05-16T05:40:40+00:00","og_image":[{"width":800,"height":500,"url":"https:\/\/koningdrone.be\/wp-content\/uploads\/sites\/13\/2025\/04\/6970357852123-1.jpg","type":"image\/jpeg"}],"twitter_card":"summary_large_image","twitter_misc":{"Tiempo de lectura":"4 minutos"},"schema":{"@context":"https:\/\/schema.org","@graph":[{"@type":"WebPage","@id":"https:\/\/koningdrone.be\/product\/insta360-go-2\/","url":"https:\/\/koningdrone.be\/product\/insta360-go-2\/","name":"INSTA360 Go 2 - koningdrone.be","isPartOf":{"@id":"https:\/\/koningdrone.be\/#website"},"primaryImageOfPage":{"@id":"https:\/\/koningdrone.be\/product\/insta360-go-2\/#primaryimage"},"image":{"@id":"https:\/\/koningdrone.be\/product\/insta360-go-2\/#primaryimage"},"thumbnailUrl":"https:\/\/koningdrone.be\/wp-content\/uploads\/sites\/13\/2025\/04\/6970357852123-1.jpg","datePublished":"2021-10-03T07:49:31+00:00","dateModified":"2026-05-16T05:40:40+00:00","breadcrumb":{"@id":"https:\/\/koningdrone.be\/product\/insta360-go-2\/#breadcrumb"},"inLanguage":"es","potentialAction":[{"@type":"ReadAction","target":["https:\/\/koningdrone.be\/product\/insta360-go-2\/"]}]},{"@type":"ImageObject","inLanguage":"es","@id":"https:\/\/koningdrone.be\/product\/insta360-go-2\/#primaryimage","url":"https:\/\/koningdrone.be\/wp-content\/uploads\/sites\/13\/2025\/04\/6970357852123-1.jpg","contentUrl":"https:\/\/koningdrone.be\/wp-content\/uploads\/sites\/13\/2025\/04\/6970357852123-1.jpg","width":800,"height":500},{"@type":"BreadcrumbList","@id":"https:\/\/koningdrone.be\/product\/insta360-go-2\/#breadcrumb","itemListElement":[{"@type":"ListItem","position":1,"name":"Home","item":"https:\/\/koningdrone.be\/"},{"@type":"ListItem","position":2,"name":"AVSS Parachute Recovery System for DJI Matrice 300\/350","item":"https:\/\/koningdrone.be\/product\/avss-parachute-recovery-system-for-dji-matrice-300-350\/"},{"@type":"ListItem","position":3,"name":"Alle producten","item":"https:\/\/koningdrone.be\/categorie\/alle-producten\/"},{"@type":"ListItem","position":4,"name":"INSTA360 Go 2"}]},{"@type":"WebSite","@id":"https:\/\/koningdrone.be\/#website","url":"https:\/\/koningdrone.be\/","name":"Koningdrone.be - Su especialista en l\u00ednea en drones, cardanes, c\u00e1maras y centrales el\u00e9ctricas.","description":"La tienda virtual de drones y cardanes","publisher":{"@id":"https:\/\/koningdrone.be\/#organization"},"potentialAction":[{"@type":"SearchAction","target":{"@type":"EntryPoint","urlTemplate":"https:\/\/koningdrone.be\/?s={search_term_string}"},"query-input":{"@type":"PropertyValueSpecification","valueRequired":true,"valueName":"search_term_string"}}],"inLanguage":"es"},{"@type":"Organization","@id":"https:\/\/koningdrone.be\/#organization","name":"Kingdrone.es","url":"https:\/\/koningdrone.be\/","logo":{"@type":"ImageObject","inLanguage":"es","@id":"https:\/\/koningdrone.be\/#\/schema\/logo\/image\/","url":"https:\/\/koningdrone.be\/wp-content\/uploads\/sites\/13\/2025\/04\/koningdrone-copyright-logo.svg","contentUrl":"https:\/\/koningdrone.be\/wp-content\/uploads\/sites\/13\/2025\/04\/koningdrone-copyright-logo.svg","width":227,"height":38,"caption":"Koningdrone.be"},"image":{"@id":"https:\/\/koningdrone.be\/#\/schema\/logo\/image\/"}}]}},"df_price":"","df_sale_price":"","df_regular_price":"","df_image_link":"https:\/\/koningdrone.be\/wp-content\/uploads\/sites\/13\/2025\/04\/6970357852123-1-300x188.jpg","_links":{"self":[{"href":"https:\/\/koningdrone.be\/es\/wp-json\/wp\/v2\/product\/6549","targetHints":{"allow":["GET"]}}],"collection":[{"href":"https:\/\/koningdrone.be\/es\/wp-json\/wp\/v2\/product"}],"about":[{"href":"https:\/\/koningdrone.be\/es\/wp-json\/wp\/v2\/types\/product"}],"wp:featuredmedia":[{"embeddable":true,"href":"https:\/\/koningdrone.be\/es\/wp-json\/wp\/v2\/media\/6548"}],"wp:attachment":[{"href":"https:\/\/koningdrone.be\/es\/wp-json\/wp\/v2\/media?parent=6549"}],"wp:term":[{"taxonomy":"product_brand","embeddable":true,"href":"https:\/\/koningdrone.be\/es\/wp-json\/wp\/v2\/product_brand?post=6549"},{"taxonomy":"product_cat","embeddable":true,"href":"https:\/\/koningdrone.be\/es\/wp-json\/wp\/v2\/product_cat?post=6549"},{"taxonomy":"product_tag","embeddable":true,"href":"https:\/\/koningdrone.be\/es\/wp-json\/wp\/v2\/product_tag?post=6549"}],"curies":[{"name":"wp","href":"https:\/\/api.w.org\/{rel}","templated":true}]}}