{"id":6516,"date":"2021-10-03T09:51:12","date_gmt":"2021-10-03T07:51:12","guid":{"rendered":"https:\/\/koningdrone.nl\/kon\/product\/insta360-one-r-dual-lens-360-mod\/"},"modified":"2026-05-17T07:50:08","modified_gmt":"2026-05-17T05:50:08","slug":"insta360-one-r-dual-lens-360-mod","status":"publish","type":"product","link":"https:\/\/koningdrone.be\/es\/producto\/insta360-one-r-dual-lens-360-mod\/","title":{"rendered":"INSTA360 ONE R Mod 360 de doble lente"},"content":{"rendered":"<h1>INSTA360 ONE R Mod 360 de doble lente<\/h1>\n<p>El Insta360 ONE R Dual-Lens 360 Mod es un mod para la Insta360 One R. Convierte tu Insta360 One R en una c\u00e1mara de 360 grados. Con \u00e9l, podr\u00e1s grabar v\u00eddeos Super 5.7K a 100 Mbps.<br \/>El m\u00f3dulo de 360 grados dispone de una funci\u00f3n de v\u00eddeo HDR que hace que las luces y sombras salpiquen la pantalla con todo detalle y color. Incluso grabar al atardecer o por la noche no es ning\u00fan problema con la funci\u00f3n \u2019Night Shot\u201c. La pantalla t\u00e1ctil de la Insta360 One R (no incluida) te permite mirar a tu alrededor mientras grabas.<br \/>Gracias al m\u00f3dulo de 360 grados, dispones de varios modos de v\u00eddeo. Puedes elegir entre v\u00eddeo est\u00e1ndar, v\u00eddeo HDR, Timelapses o v\u00eddeo Bullet Time. Y no importa lo duro o extremo que sea tu v\u00eddeo, las im\u00e1genes movidas son cosa del pasado gracias a la estabilizaci\u00f3n FlowState integrada. Tambi\u00e9n puedes capturar todas tus aventuras bajo el agua. El m\u00f3dulo es resistente al agua hasta una profundidad de 5 metros. Con carcasa opcional, \u00a1incluso hasta 60 metros!<br \/><strong>Caracter\u00edsticas principales de Insta360 ONE R Dual Lens 360 Mod:<\/strong><br \/> - M\u00f3dulo de 360 grados para Insta360 One R<br \/> - V\u00eddeos Super 5,7K a 100 Mbps<br \/> - Funci\u00f3n HDR para im\u00e1genes detalladas<br \/> - Funci\u00f3n Night Shot para obtener im\u00e1genes n\u00edtidas en la oscuridad<br \/> - Mira a tu alrededor a trav\u00e9s de la pantalla t\u00e1ctil<br \/> - Varios modos de v\u00eddeo, como Timelapses y Bullet Time<br \/> - Estabilidad de la imagen FlowState integrada<br \/> - Resistencia al agua hasta 5 metros<\/p>","protected":false},"excerpt":{"rendered":"<ul>\n<li>M\u00f3dulo de 360 grados para Insta360 One R<\/li>\n<li>V\u00eddeos Super 5,7K a 100 Mbps<\/li>\n<li>Funci\u00f3n HDR para im\u00e1genes detalladas<\/li>\n<li>Funci\u00f3n Night Shot para obtener im\u00e1genes n\u00edtidas en la oscuridad<\/li>\n<li>Mira a tu alrededor a trav\u00e9s de la pantalla t\u00e1ctil<\/li>\n<li>Varios modos de v\u00eddeo, como Timelapses y Bullet Time<\/li>\n<li>Estabilidad de la imagen FlowState integrada<\/li>\n<li>Resistencia al agua hasta 5 metros<\/li>\n<\/ul>","protected":false},"featured_media":6511,"template":"","meta":{"_acf_changed":false},"product_brand":[],"product_cat":[97,343],"product_tag":[],"class_list":{"0":"post-6516","1":"product","2":"type-product","3":"status-publish","4":"has-post-thumbnail","6":"product_cat-alle-producten","7":"product_cat-insta360","8":"product_shipping_class-outofstock","9":"pa_brand-insta360","10":"pa_productfamily-accessories","11":"pa_producttype-accessories","12":"pa_series-insta360-go","14":"first","15":"outofstock","16":"taxable","17":"shipping-taxable","18":"product-type-simple"},"acf":[],"yoast_head":"<!-- This site is optimized with the Yoast SEO Premium plugin v27.2 (Yoast SEO v27.2) - https:\/\/yoast.com\/product\/yoast-seo-premium-wordpress\/ -->\n<title>INSTA360 ONE R Dual-Lens 360 Mod - koningdrone.be<\/title>\n<meta name=\"robots\" content=\"index, follow, max-snippet:-1, max-image-preview:large, max-video-preview:-1\" \/>\n<link rel=\"canonical\" href=\"https:\/\/koningdrone.be\/es\/producto\/insta360-one-r-dual-lens-360-mod\/\" \/>\n<meta property=\"og:locale\" content=\"es_ES\" \/>\n<meta property=\"og:type\" content=\"article\" \/>\n<meta property=\"og:title\" content=\"INSTA360 ONE R Dual-Lens 360 Mod\" \/>\n<meta property=\"og:description\" content=\"360 graden module voor de Insta360 One RSuper 5.7K-video&#039;s met 100 MbpsHDR-functie voor gedetailleerde opnamenNight Shot-functie voor kristalheldere opnamen in het donkerKijk rond via het touchscreenVerschillende videomodi zoals Timelapses en Bullet TimeGe\u00efntegreerde FlowState-beeldstabiliteitWaterdichtheid tot 5 meter\" \/>\n<meta property=\"og:url\" content=\"https:\/\/koningdrone.be\/es\/producto\/insta360-one-r-dual-lens-360-mod\/\" \/>\n<meta property=\"og:site_name\" content=\"koningdrone.be\" \/>\n<meta property=\"article:modified_time\" content=\"2026-05-17T05:50:08+00:00\" \/>\n<meta property=\"og:image\" content=\"https:\/\/koningdrone.be\/wp-content\/uploads\/sites\/13\/2025\/04\/6970357851591-1.jpg\" \/>\n\t<meta property=\"og:image:width\" content=\"800\" \/>\n\t<meta property=\"og:image:height\" content=\"1024\" \/>\n\t<meta property=\"og:image:type\" content=\"image\/jpeg\" \/>\n<meta name=\"twitter:card\" content=\"summary_large_image\" \/>\n<meta name=\"twitter:label1\" content=\"Tiempo de lectura\" \/>\n\t<meta name=\"twitter:data1\" content=\"1 minuto\" \/>\n<script type=\"application\/ld+json\" class=\"yoast-schema-graph\">{\"@context\":\"https:\/\/schema.org\",\"@graph\":[{\"@type\":\"WebPage\",\"@id\":\"https:\/\/koningdrone.be\/product\/insta360-one-r-dual-lens-360-mod\/\",\"url\":\"https:\/\/koningdrone.be\/product\/insta360-one-r-dual-lens-360-mod\/\",\"name\":\"INSTA360 ONE R Dual-Lens 360 Mod - koningdrone.be\",\"isPartOf\":{\"@id\":\"https:\/\/koningdrone.be\/#website\"},\"primaryImageOfPage\":{\"@id\":\"https:\/\/koningdrone.be\/product\/insta360-one-r-dual-lens-360-mod\/#primaryimage\"},\"image\":{\"@id\":\"https:\/\/koningdrone.be\/product\/insta360-one-r-dual-lens-360-mod\/#primaryimage\"},\"thumbnailUrl\":\"https:\/\/koningdrone.be\/wp-content\/uploads\/sites\/13\/2025\/04\/6970357851591-1.jpg\",\"datePublished\":\"2021-10-03T07:51:12+00:00\",\"dateModified\":\"2026-05-17T05:50:08+00:00\",\"breadcrumb\":{\"@id\":\"https:\/\/koningdrone.be\/product\/insta360-one-r-dual-lens-360-mod\/#breadcrumb\"},\"inLanguage\":\"es\",\"potentialAction\":[{\"@type\":\"ReadAction\",\"target\":[\"https:\/\/koningdrone.be\/product\/insta360-one-r-dual-lens-360-mod\/\"]}]},{\"@type\":\"ImageObject\",\"inLanguage\":\"es\",\"@id\":\"https:\/\/koningdrone.be\/product\/insta360-one-r-dual-lens-360-mod\/#primaryimage\",\"url\":\"https:\/\/koningdrone.be\/wp-content\/uploads\/sites\/13\/2025\/04\/6970357851591-1.jpg\",\"contentUrl\":\"https:\/\/koningdrone.be\/wp-content\/uploads\/sites\/13\/2025\/04\/6970357851591-1.jpg\",\"width\":800,\"height\":1024},{\"@type\":\"BreadcrumbList\",\"@id\":\"https:\/\/koningdrone.be\/product\/insta360-one-r-dual-lens-360-mod\/#breadcrumb\",\"itemListElement\":[{\"@type\":\"ListItem\",\"position\":1,\"name\":\"Home\",\"item\":\"https:\/\/koningdrone.be\/\"},{\"@type\":\"ListItem\",\"position\":2,\"name\":\"AVSS Parachute Recovery System for DJI Matrice 300\/350\",\"item\":\"https:\/\/koningdrone.be\/product\/avss-parachute-recovery-system-for-dji-matrice-300-350\/\"},{\"@type\":\"ListItem\",\"position\":3,\"name\":\"Alle producten\",\"item\":\"https:\/\/koningdrone.be\/categorie\/alle-producten\/\"},{\"@type\":\"ListItem\",\"position\":4,\"name\":\"INSTA360 ONE R Dual-Lens 360 Mod\"}]},{\"@type\":\"WebSite\",\"@id\":\"https:\/\/koningdrone.be\/#website\",\"url\":\"https:\/\/koningdrone.be\/\",\"name\":\"Koningdrone.be - Uw online specialist in drones, gimbals, camera's en power stations.\",\"description\":\"De webshop in drones en gimbals\",\"publisher\":{\"@id\":\"https:\/\/koningdrone.be\/#organization\"},\"potentialAction\":[{\"@type\":\"SearchAction\",\"target\":{\"@type\":\"EntryPoint\",\"urlTemplate\":\"https:\/\/koningdrone.be\/?s={search_term_string}\"},\"query-input\":{\"@type\":\"PropertyValueSpecification\",\"valueRequired\":true,\"valueName\":\"search_term_string\"}}],\"inLanguage\":\"es\"},{\"@type\":\"Organization\",\"@id\":\"https:\/\/koningdrone.be\/#organization\",\"name\":\"Koningdrone.be\",\"url\":\"https:\/\/koningdrone.be\/\",\"logo\":{\"@type\":\"ImageObject\",\"inLanguage\":\"es\",\"@id\":\"https:\/\/koningdrone.be\/#\/schema\/logo\/image\/\",\"url\":\"https:\/\/koningdrone.be\/wp-content\/uploads\/sites\/13\/2025\/04\/koningdrone-copyright-logo.svg\",\"contentUrl\":\"https:\/\/koningdrone.be\/wp-content\/uploads\/sites\/13\/2025\/04\/koningdrone-copyright-logo.svg\",\"width\":227,\"height\":38,\"caption\":\"Koningdrone.be\"},\"image\":{\"@id\":\"https:\/\/koningdrone.be\/#\/schema\/logo\/image\/\"}}]}<\/script>\n<!-- \/ Yoast SEO Premium plugin. -->","yoast_head_json":{"title":"INSTA360 ONE R Dual-Lens 360 Mod - koningdrone.be","robots":{"index":"index","follow":"follow","max-snippet":"max-snippet:-1","max-image-preview":"max-image-preview:large","max-video-preview":"max-video-preview:-1"},"canonical":"https:\/\/koningdrone.be\/es\/producto\/insta360-one-r-dual-lens-360-mod\/","og_locale":"es_ES","og_type":"article","og_title":"INSTA360 ONE R Dual-Lens 360 Mod","og_description":"360 graden module voor de Insta360 One RSuper 5.7K-video's met 100 MbpsHDR-functie voor gedetailleerde opnamenNight Shot-functie voor kristalheldere opnamen in het donkerKijk rond via het touchscreenVerschillende videomodi zoals Timelapses en Bullet TimeGe\u00efntegreerde FlowState-beeldstabiliteitWaterdichtheid tot 5 meter","og_url":"https:\/\/koningdrone.be\/es\/producto\/insta360-one-r-dual-lens-360-mod\/","og_site_name":"koningdrone.be","article_modified_time":"2026-05-17T05:50:08+00:00","og_image":[{"width":800,"height":1024,"url":"https:\/\/koningdrone.be\/wp-content\/uploads\/sites\/13\/2025\/04\/6970357851591-1.jpg","type":"image\/jpeg"}],"twitter_card":"summary_large_image","twitter_misc":{"Tiempo de lectura":"1 minuto"},"schema":{"@context":"https:\/\/schema.org","@graph":[{"@type":"WebPage","@id":"https:\/\/koningdrone.be\/product\/insta360-one-r-dual-lens-360-mod\/","url":"https:\/\/koningdrone.be\/product\/insta360-one-r-dual-lens-360-mod\/","name":"INSTA360 ONE R Dual-Lens 360 Mod - koningdrone.be","isPartOf":{"@id":"https:\/\/koningdrone.be\/#website"},"primaryImageOfPage":{"@id":"https:\/\/koningdrone.be\/product\/insta360-one-r-dual-lens-360-mod\/#primaryimage"},"image":{"@id":"https:\/\/koningdrone.be\/product\/insta360-one-r-dual-lens-360-mod\/#primaryimage"},"thumbnailUrl":"https:\/\/koningdrone.be\/wp-content\/uploads\/sites\/13\/2025\/04\/6970357851591-1.jpg","datePublished":"2021-10-03T07:51:12+00:00","dateModified":"2026-05-17T05:50:08+00:00","breadcrumb":{"@id":"https:\/\/koningdrone.be\/product\/insta360-one-r-dual-lens-360-mod\/#breadcrumb"},"inLanguage":"es","potentialAction":[{"@type":"ReadAction","target":["https:\/\/koningdrone.be\/product\/insta360-one-r-dual-lens-360-mod\/"]}]},{"@type":"ImageObject","inLanguage":"es","@id":"https:\/\/koningdrone.be\/product\/insta360-one-r-dual-lens-360-mod\/#primaryimage","url":"https:\/\/koningdrone.be\/wp-content\/uploads\/sites\/13\/2025\/04\/6970357851591-1.jpg","contentUrl":"https:\/\/koningdrone.be\/wp-content\/uploads\/sites\/13\/2025\/04\/6970357851591-1.jpg","width":800,"height":1024},{"@type":"BreadcrumbList","@id":"https:\/\/koningdrone.be\/product\/insta360-one-r-dual-lens-360-mod\/#breadcrumb","itemListElement":[{"@type":"ListItem","position":1,"name":"Home","item":"https:\/\/koningdrone.be\/"},{"@type":"ListItem","position":2,"name":"AVSS Parachute Recovery System for DJI Matrice 300\/350","item":"https:\/\/koningdrone.be\/product\/avss-parachute-recovery-system-for-dji-matrice-300-350\/"},{"@type":"ListItem","position":3,"name":"Alle producten","item":"https:\/\/koningdrone.be\/categorie\/alle-producten\/"},{"@type":"ListItem","position":4,"name":"INSTA360 ONE R Dual-Lens 360 Mod"}]},{"@type":"WebSite","@id":"https:\/\/koningdrone.be\/#website","url":"https:\/\/koningdrone.be\/","name":"Koningdrone.be - Su especialista en l\u00ednea en drones, cardanes, c\u00e1maras y centrales el\u00e9ctricas.","description":"La tienda virtual de drones y cardanes","publisher":{"@id":"https:\/\/koningdrone.be\/#organization"},"potentialAction":[{"@type":"SearchAction","target":{"@type":"EntryPoint","urlTemplate":"https:\/\/koningdrone.be\/?s={search_term_string}"},"query-input":{"@type":"PropertyValueSpecification","valueRequired":true,"valueName":"search_term_string"}}],"inLanguage":"es"},{"@type":"Organization","@id":"https:\/\/koningdrone.be\/#organization","name":"Kingdrone.es","url":"https:\/\/koningdrone.be\/","logo":{"@type":"ImageObject","inLanguage":"es","@id":"https:\/\/koningdrone.be\/#\/schema\/logo\/image\/","url":"https:\/\/koningdrone.be\/wp-content\/uploads\/sites\/13\/2025\/04\/koningdrone-copyright-logo.svg","contentUrl":"https:\/\/koningdrone.be\/wp-content\/uploads\/sites\/13\/2025\/04\/koningdrone-copyright-logo.svg","width":227,"height":38,"caption":"Koningdrone.be"},"image":{"@id":"https:\/\/koningdrone.be\/#\/schema\/logo\/image\/"}}]}},"df_price":"","df_sale_price":"","df_regular_price":"","df_image_link":"https:\/\/koningdrone.be\/wp-content\/uploads\/sites\/13\/2025\/04\/6970357851591-1-234x300.jpg","_links":{"self":[{"href":"https:\/\/koningdrone.be\/es\/wp-json\/wp\/v2\/product\/6516","targetHints":{"allow":["GET"]}}],"collection":[{"href":"https:\/\/koningdrone.be\/es\/wp-json\/wp\/v2\/product"}],"about":[{"href":"https:\/\/koningdrone.be\/es\/wp-json\/wp\/v2\/types\/product"}],"wp:featuredmedia":[{"embeddable":true,"href":"https:\/\/koningdrone.be\/es\/wp-json\/wp\/v2\/media\/6511"}],"wp:attachment":[{"href":"https:\/\/koningdrone.be\/es\/wp-json\/wp\/v2\/media?parent=6516"}],"wp:term":[{"taxonomy":"product_brand","embeddable":true,"href":"https:\/\/koningdrone.be\/es\/wp-json\/wp\/v2\/product_brand?post=6516"},{"taxonomy":"product_cat","embeddable":true,"href":"https:\/\/koningdrone.be\/es\/wp-json\/wp\/v2\/product_cat?post=6516"},{"taxonomy":"product_tag","embeddable":true,"href":"https:\/\/koningdrone.be\/es\/wp-json\/wp\/v2\/product_tag?post=6516"}],"curies":[{"name":"wp","href":"https:\/\/api.w.org\/{rel}","templated":true}]}}