{"id":6510,"date":"2021-10-03T09:51:12","date_gmt":"2021-10-03T07:51:12","guid":{"rendered":"https:\/\/koningdrone.nl\/kon\/product\/dji-inspire-2-battery-p05\/"},"modified":"2026-04-29T15:20:50","modified_gmt":"2026-04-29T13:20:50","slug":"dji-inspire-2-battery-p05","status":"publish","type":"product","link":"https:\/\/koningdrone.be\/es\/producto\/dji-inspire-2-battery-p05\/","title":{"rendered":"Bater\u00eda de vuelo inteligente Inspire 2 TB50"},"content":{"rendered":"<p><strong>Resumen del producto: Bater\u00eda de dise\u00f1o avanzado para un mejor rendimiento<\/strong><\/p>\n<p> Libera todo el potencial de tu experiencia en fotograf\u00eda y videograf\u00eda a\u00e9rea con nuestra bater\u00eda avanzada dise\u00f1ada espec\u00edficamente para el dron Inspire 2. Mejora tus sesiones de vuelo con tiempos de vuelo m\u00e1s largos, disfrutando de hasta 25 minutos* con la Zenmuse X5S, y hasta 27 minutos* con la Zenmuse X4S. Esta bater\u00eda no solo ofrece tiempos de vuelo m\u00e1s largos; incorpora los \u00faltimos avances en tecnolog\u00eda de bater\u00edas, con una c\u00e9lula de alta densidad que aumenta significativamente la capacidad total.<\/p>\n<p><strong>Sistema de calefacci\u00f3n avanzado para un rendimiento fiable<\/strong><\/p>\n<p> Adem\u00e1s, somos conscientes de la importancia de un rendimiento fiable, especialmente en condiciones dif\u00edciles. Nuestra bater\u00eda est\u00e1 equipada con un potente sistema de autocalentamiento integrado de 70 W, que garantiza un funcionamiento \u00f3ptimo incluso en entornos de baja temperatura. Este sistema de calentamiento inteligente est\u00e1 dise\u00f1ado para calentar la bater\u00eda hasta 5 \u00b0C (41 \u00b0F) cada minuto y puede activarse autom\u00e1tica o manualmente, en funci\u00f3n de sus necesidades.<\/p>\n<p><strong>Gesti\u00f3n integrada de la bater\u00eda para facilitar su uso<\/strong><\/p>\n<p> Tambi\u00e9n hemos hecho que monitorizar y gestionar el estado de tu bater\u00eda sea m\u00e1s f\u00e1cil que nunca. La unidad de gesti\u00f3n integrada monitoriza de cerca el estado de la bater\u00eda, d\u00e1ndote acceso instant\u00e1neo a informaci\u00f3n crucial como el nivel de bater\u00eda y la temperatura a trav\u00e9s de la app DJI GO.<\/p>\n<p><strong>Experiencia de vuelo mejorada<\/strong><\/p>\n<p> Con estas funciones avanzadas, nuestra bater\u00eda no s\u00f3lo prolonga el tiempo de vuelo, sino que tambi\u00e9n mejora la experiencia de vuelo, proporcion\u00e1ndole tranquilidad incluso en condiciones de vuelo que no son las ideales.<\/p>\n<p><strong>Tenga en cuenta que<\/strong><\/p>\n<p> *Nota: la duraci\u00f3n de la bater\u00eda indicada se basa en escenarios de vuelo \u00f3ptimos y puede variar en funci\u00f3n del entorno y las condiciones de vuelo reales.<\/p>\n<p><\/p>","protected":false},"excerpt":{"rendered":"<ul>\n<li>M\u00e1ximo 25 minutos de vuelo con Zenmuse X5S<\/li>\n<li> 27 minutos de vuelo con Zenmuse X4S<\/li>\n<li> Mayor rendimiento con pilas de alta densidad<\/li>\n<li> Mayor capacidad total de la bater\u00eda<\/li>\n<li> Optimizado para bajas temperaturas con un sistema de autocalentamiento de 70 W<\/li>\n<li> El autocalentamiento puede ser autom\u00e1tico o manual<\/li>\n<li> Unidad de gesti\u00f3n de la bater\u00eda integrada<\/li>\n<li> Control en tiempo real del estado de la bater\u00eda en DJI GO<\/li>\n<\/ul>","protected":false},"featured_media":6502,"template":"","meta":{"_acf_changed":false},"product_brand":[],"product_cat":[113,97,641,788],"product_tag":[],"class_list":{"0":"post-6510","1":"product","2":"type-product","3":"status-publish","4":"has-post-thumbnail","6":"product_cat-alle-batterijen","7":"product_cat-alle-producten","8":"product_cat-dji-inspire","9":"product_cat-dji-inspire-2","10":"product_shipping_class-outofstock","11":"pa_brand-dji","12":"pa_productfamily-extra-batterij","13":"pa_producttype-extra-batterij","14":"pa_series-inspire-2","16":"first","17":"outofstock","18":"taxable","19":"shipping-taxable","20":"purchasable","21":"product-type-simple"},"acf":[],"yoast_head":"<!-- This site is optimized with the Yoast SEO Premium plugin v27.2 (Yoast SEO v27.2) - https:\/\/yoast.com\/product\/yoast-seo-premium-wordpress\/ -->\n<title>Inspire 2 TB50 Intelligent Flight Battery - koningdrone.be<\/title>\n<meta name=\"robots\" content=\"index, follow, max-snippet:-1, max-image-preview:large, max-video-preview:-1\" \/>\n<link rel=\"canonical\" href=\"https:\/\/koningdrone.be\/es\/producto\/dji-inspire-2-battery-p05\/\" \/>\n<meta property=\"og:locale\" content=\"es_ES\" \/>\n<meta property=\"og:type\" content=\"article\" \/>\n<meta property=\"og:title\" content=\"Inspire 2 TB50 Intelligent Flight Battery\" \/>\n<meta property=\"og:description\" content=\"Max. 25 minuten vliegtijd met Zenmuse X5S 27 minuten vliegtijd met Zenmuse X4S Verbeterde prestaties met batterijcellen met hoge dichtheid Grotere totale batterijcapaciteit Geoptimaliseerd voor lage temperaturen met een zelfverwarmingssysteem van 70 W Zelfverwarming kan automatisch of handmatig zijn Ge\u00efntegreerde batterijbeheereenheid Realtime monitoring van de batterijstatus in DJI GO\" \/>\n<meta property=\"og:url\" content=\"https:\/\/koningdrone.be\/es\/producto\/dji-inspire-2-battery-p05\/\" \/>\n<meta property=\"og:site_name\" content=\"koningdrone.be\" \/>\n<meta property=\"article:modified_time\" content=\"2026-04-29T13:20:50+00:00\" \/>\n<meta property=\"og:image\" content=\"https:\/\/koningdrone.be\/wp-content\/uploads\/sites\/13\/2025\/04\/large_55076072-9894-400d-8de6-52039e2ed538.png\" \/>\n\t<meta property=\"og:image:width\" content=\"1200\" \/>\n\t<meta property=\"og:image:height\" content=\"800\" \/>\n\t<meta property=\"og:image:type\" content=\"image\/png\" \/>\n<meta name=\"twitter:card\" content=\"summary_large_image\" \/>\n<meta name=\"twitter:label1\" content=\"Tiempo de lectura\" \/>\n\t<meta name=\"twitter:data1\" content=\"1 minuto\" \/>\n<script type=\"application\/ld+json\" class=\"yoast-schema-graph\">{\"@context\":\"https:\/\/schema.org\",\"@graph\":[{\"@type\":\"WebPage\",\"@id\":\"https:\/\/koningdrone.be\/product\/dji-inspire-2-battery-p05\/\",\"url\":\"https:\/\/koningdrone.be\/product\/dji-inspire-2-battery-p05\/\",\"name\":\"Inspire 2 TB50 Intelligent Flight Battery - koningdrone.be\",\"isPartOf\":{\"@id\":\"https:\/\/koningdrone.be\/#website\"},\"primaryImageOfPage\":{\"@id\":\"https:\/\/koningdrone.be\/product\/dji-inspire-2-battery-p05\/#primaryimage\"},\"image\":{\"@id\":\"https:\/\/koningdrone.be\/product\/dji-inspire-2-battery-p05\/#primaryimage\"},\"thumbnailUrl\":\"https:\/\/koningdrone.be\/wp-content\/uploads\/sites\/13\/2025\/04\/large_55076072-9894-400d-8de6-52039e2ed538.png\",\"datePublished\":\"2021-10-03T07:51:12+00:00\",\"dateModified\":\"2026-04-29T13:20:50+00:00\",\"breadcrumb\":{\"@id\":\"https:\/\/koningdrone.be\/product\/dji-inspire-2-battery-p05\/#breadcrumb\"},\"inLanguage\":\"es\",\"potentialAction\":[{\"@type\":\"ReadAction\",\"target\":[\"https:\/\/koningdrone.be\/product\/dji-inspire-2-battery-p05\/\"]}]},{\"@type\":\"ImageObject\",\"inLanguage\":\"es\",\"@id\":\"https:\/\/koningdrone.be\/product\/dji-inspire-2-battery-p05\/#primaryimage\",\"url\":\"https:\/\/koningdrone.be\/wp-content\/uploads\/sites\/13\/2025\/04\/large_55076072-9894-400d-8de6-52039e2ed538.png\",\"contentUrl\":\"https:\/\/koningdrone.be\/wp-content\/uploads\/sites\/13\/2025\/04\/large_55076072-9894-400d-8de6-52039e2ed538.png\",\"width\":1200,\"height\":800},{\"@type\":\"BreadcrumbList\",\"@id\":\"https:\/\/koningdrone.be\/product\/dji-inspire-2-battery-p05\/#breadcrumb\",\"itemListElement\":[{\"@type\":\"ListItem\",\"position\":1,\"name\":\"Home\",\"item\":\"https:\/\/koningdrone.be\/\"},{\"@type\":\"ListItem\",\"position\":2,\"name\":\"AVSS Parachute Recovery System for DJI Matrice 300\/350\",\"item\":\"https:\/\/koningdrone.be\/product\/avss-parachute-recovery-system-for-dji-matrice-300-350\/\"},{\"@type\":\"ListItem\",\"position\":3,\"name\":\"Alle batterijen\",\"item\":\"https:\/\/koningdrone.be\/categorie\/alle-batterijen\/\"},{\"@type\":\"ListItem\",\"position\":4,\"name\":\"Inspire 2 TB50 Intelligent Flight Battery\"}]},{\"@type\":\"WebSite\",\"@id\":\"https:\/\/koningdrone.be\/#website\",\"url\":\"https:\/\/koningdrone.be\/\",\"name\":\"Koningdrone.be - Uw online specialist in drones, gimbals, camera's en power stations.\",\"description\":\"De webshop in drones en gimbals\",\"publisher\":{\"@id\":\"https:\/\/koningdrone.be\/#organization\"},\"potentialAction\":[{\"@type\":\"SearchAction\",\"target\":{\"@type\":\"EntryPoint\",\"urlTemplate\":\"https:\/\/koningdrone.be\/?s={search_term_string}\"},\"query-input\":{\"@type\":\"PropertyValueSpecification\",\"valueRequired\":true,\"valueName\":\"search_term_string\"}}],\"inLanguage\":\"es\"},{\"@type\":\"Organization\",\"@id\":\"https:\/\/koningdrone.be\/#organization\",\"name\":\"Koningdrone.be\",\"url\":\"https:\/\/koningdrone.be\/\",\"logo\":{\"@type\":\"ImageObject\",\"inLanguage\":\"es\",\"@id\":\"https:\/\/koningdrone.be\/#\/schema\/logo\/image\/\",\"url\":\"https:\/\/koningdrone.be\/wp-content\/uploads\/sites\/13\/2025\/04\/koningdrone-copyright-logo.svg\",\"contentUrl\":\"https:\/\/koningdrone.be\/wp-content\/uploads\/sites\/13\/2025\/04\/koningdrone-copyright-logo.svg\",\"width\":227,\"height\":38,\"caption\":\"Koningdrone.be\"},\"image\":{\"@id\":\"https:\/\/koningdrone.be\/#\/schema\/logo\/image\/\"}}]}<\/script>\n<!-- \/ Yoast SEO Premium plugin. -->","yoast_head_json":{"title":"Inspire 2 TB50 Intelligent Flight Battery - koningdrone.be","robots":{"index":"index","follow":"follow","max-snippet":"max-snippet:-1","max-image-preview":"max-image-preview:large","max-video-preview":"max-video-preview:-1"},"canonical":"https:\/\/koningdrone.be\/es\/producto\/dji-inspire-2-battery-p05\/","og_locale":"es_ES","og_type":"article","og_title":"Inspire 2 TB50 Intelligent Flight Battery","og_description":"Max. 25 minuten vliegtijd met Zenmuse X5S 27 minuten vliegtijd met Zenmuse X4S Verbeterde prestaties met batterijcellen met hoge dichtheid Grotere totale batterijcapaciteit Geoptimaliseerd voor lage temperaturen met een zelfverwarmingssysteem van 70 W Zelfverwarming kan automatisch of handmatig zijn Ge\u00efntegreerde batterijbeheereenheid Realtime monitoring van de batterijstatus in DJI GO","og_url":"https:\/\/koningdrone.be\/es\/producto\/dji-inspire-2-battery-p05\/","og_site_name":"koningdrone.be","article_modified_time":"2026-04-29T13:20:50+00:00","og_image":[{"width":1200,"height":800,"url":"https:\/\/koningdrone.be\/wp-content\/uploads\/sites\/13\/2025\/04\/large_55076072-9894-400d-8de6-52039e2ed538.png","type":"image\/png"}],"twitter_card":"summary_large_image","twitter_misc":{"Tiempo de lectura":"1 minuto"},"schema":{"@context":"https:\/\/schema.org","@graph":[{"@type":"WebPage","@id":"https:\/\/koningdrone.be\/product\/dji-inspire-2-battery-p05\/","url":"https:\/\/koningdrone.be\/product\/dji-inspire-2-battery-p05\/","name":"Inspire 2 TB50 Intelligent Flight Battery - koningdrone.be","isPartOf":{"@id":"https:\/\/koningdrone.be\/#website"},"primaryImageOfPage":{"@id":"https:\/\/koningdrone.be\/product\/dji-inspire-2-battery-p05\/#primaryimage"},"image":{"@id":"https:\/\/koningdrone.be\/product\/dji-inspire-2-battery-p05\/#primaryimage"},"thumbnailUrl":"https:\/\/koningdrone.be\/wp-content\/uploads\/sites\/13\/2025\/04\/large_55076072-9894-400d-8de6-52039e2ed538.png","datePublished":"2021-10-03T07:51:12+00:00","dateModified":"2026-04-29T13:20:50+00:00","breadcrumb":{"@id":"https:\/\/koningdrone.be\/product\/dji-inspire-2-battery-p05\/#breadcrumb"},"inLanguage":"es","potentialAction":[{"@type":"ReadAction","target":["https:\/\/koningdrone.be\/product\/dji-inspire-2-battery-p05\/"]}]},{"@type":"ImageObject","inLanguage":"es","@id":"https:\/\/koningdrone.be\/product\/dji-inspire-2-battery-p05\/#primaryimage","url":"https:\/\/koningdrone.be\/wp-content\/uploads\/sites\/13\/2025\/04\/large_55076072-9894-400d-8de6-52039e2ed538.png","contentUrl":"https:\/\/koningdrone.be\/wp-content\/uploads\/sites\/13\/2025\/04\/large_55076072-9894-400d-8de6-52039e2ed538.png","width":1200,"height":800},{"@type":"BreadcrumbList","@id":"https:\/\/koningdrone.be\/product\/dji-inspire-2-battery-p05\/#breadcrumb","itemListElement":[{"@type":"ListItem","position":1,"name":"Home","item":"https:\/\/koningdrone.be\/"},{"@type":"ListItem","position":2,"name":"AVSS Parachute Recovery System for DJI Matrice 300\/350","item":"https:\/\/koningdrone.be\/product\/avss-parachute-recovery-system-for-dji-matrice-300-350\/"},{"@type":"ListItem","position":3,"name":"Alle batterijen","item":"https:\/\/koningdrone.be\/categorie\/alle-batterijen\/"},{"@type":"ListItem","position":4,"name":"Inspire 2 TB50 Intelligent Flight Battery"}]},{"@type":"WebSite","@id":"https:\/\/koningdrone.be\/#website","url":"https:\/\/koningdrone.be\/","name":"Koningdrone.be - Su especialista en l\u00ednea en drones, cardanes, c\u00e1maras y centrales el\u00e9ctricas.","description":"La tienda virtual de drones y cardanes","publisher":{"@id":"https:\/\/koningdrone.be\/#organization"},"potentialAction":[{"@type":"SearchAction","target":{"@type":"EntryPoint","urlTemplate":"https:\/\/koningdrone.be\/?s={search_term_string}"},"query-input":{"@type":"PropertyValueSpecification","valueRequired":true,"valueName":"search_term_string"}}],"inLanguage":"es"},{"@type":"Organization","@id":"https:\/\/koningdrone.be\/#organization","name":"Kingdrone.es","url":"https:\/\/koningdrone.be\/","logo":{"@type":"ImageObject","inLanguage":"es","@id":"https:\/\/koningdrone.be\/#\/schema\/logo\/image\/","url":"https:\/\/koningdrone.be\/wp-content\/uploads\/sites\/13\/2025\/04\/koningdrone-copyright-logo.svg","contentUrl":"https:\/\/koningdrone.be\/wp-content\/uploads\/sites\/13\/2025\/04\/koningdrone-copyright-logo.svg","width":227,"height":38,"caption":"Koningdrone.be"},"image":{"@id":"https:\/\/koningdrone.be\/#\/schema\/logo\/image\/"}}]}},"df_price":199,"df_sale_price":"","df_regular_price":199,"df_image_link":"https:\/\/koningdrone.be\/wp-content\/uploads\/sites\/13\/2025\/04\/large_55076072-9894-400d-8de6-52039e2ed538-300x200.png","_links":{"self":[{"href":"https:\/\/koningdrone.be\/es\/wp-json\/wp\/v2\/product\/6510","targetHints":{"allow":["GET"]}}],"collection":[{"href":"https:\/\/koningdrone.be\/es\/wp-json\/wp\/v2\/product"}],"about":[{"href":"https:\/\/koningdrone.be\/es\/wp-json\/wp\/v2\/types\/product"}],"wp:featuredmedia":[{"embeddable":true,"href":"https:\/\/koningdrone.be\/es\/wp-json\/wp\/v2\/media\/6502"}],"wp:attachment":[{"href":"https:\/\/koningdrone.be\/es\/wp-json\/wp\/v2\/media?parent=6510"}],"wp:term":[{"taxonomy":"product_brand","embeddable":true,"href":"https:\/\/koningdrone.be\/es\/wp-json\/wp\/v2\/product_brand?post=6510"},{"taxonomy":"product_cat","embeddable":true,"href":"https:\/\/koningdrone.be\/es\/wp-json\/wp\/v2\/product_cat?post=6510"},{"taxonomy":"product_tag","embeddable":true,"href":"https:\/\/koningdrone.be\/es\/wp-json\/wp\/v2\/product_tag?post=6510"}],"curies":[{"name":"wp","href":"https:\/\/api.w.org\/{rel}","templated":true}]}}