{"id":6487,"date":"2021-10-03T09:51:35","date_gmt":"2021-10-03T07:51:35","guid":{"rendered":"https:\/\/koningdrone.nl\/kon\/product\/ir10-infrared-laser-zoom-spotlight-808nm\/"},"modified":"2026-04-29T15:40:28","modified_gmt":"2026-04-29T13:40:28","slug":"ir10-infrared-laser-zoom-spotlight-808nm","status":"publish","type":"product","link":"https:\/\/koningdrone.be\/es\/producto\/ir10-infrared-laser-zoom-spotlight-808nm\/","title":{"rendered":"IR10 L\u00e1ser Infrarrojo Zoom Foco 808nm"},"content":{"rendered":"<h1>IR10 L\u00e1ser Infrarrojo Zoom Foco 808nm<\/h1>\n<p>El Zoom IR10 est\u00e1 equipado con el l\u00e1ser de fibra m\u00e1s moderno. La potencia es de 12 W, el zoom \u00f3ptico es de 70x y la distancia m\u00e1xima de la luz infrarroja es de 1000 metros.<br \/>Con la DJI H20\/H20T y otras c\u00e1maras pan\/tilt con gran zoom y modo IR, puede iluminar con buena calidad de imagen y excelente transmisi\u00f3n de bruma o lluvia neblinosa.<br \/>Adem\u00e1s, la luz infrarroja es imperceptible para el ojo humano, lo que le permite ocultarse m\u00e1s all\u00e1 del alcance visual. Mediante la interfaz DJI SkyPort V2.0, se puede montar directamente en las series DJI M200 V2, M300 RTK.<br \/>Este Zoom IR es adecuado para usuarios de reconocimiento, b\u00fasqueda y rescate, inspecci\u00f3n, etc. que necesitan una excelente visibilidad incluso en la oscuridad.<\/p>","protected":false},"excerpt":{"rendered":"<ul>\n<li>Para ser visible en la oscuridad<\/li>\n<li>Ver a trav\u00e9s de la niebla o la lluvia<\/li>\n<li>Buenas especificaciones<\/li>\n<\/ul>","protected":false},"featured_media":6483,"template":"","meta":{"_acf_changed":false},"product_brand":[],"product_cat":[126,97],"product_tag":[],"class_list":{"0":"post-6487","1":"product","2":"type-product","3":"status-publish","4":"has-post-thumbnail","6":"product_cat-alle-payloads","7":"product_cat-alle-producten","8":"product_shipping_class-outofstock","9":"pa_brand-ir10","10":"pa_productfamily-infrarood-laser","11":"pa_producttype-infrarood-laser","12":"pa_series-ir10","14":"first","15":"outofstock","16":"taxable","17":"shipping-taxable","18":"purchasable","19":"product-type-simple"},"acf":[],"yoast_head":"<!-- This site is optimized with the Yoast SEO Premium plugin v27.2 (Yoast SEO v27.2) - https:\/\/yoast.com\/product\/yoast-seo-premium-wordpress\/ -->\n<title>IR10 Infrared Laser Zoom Spotlight 808nm - koningdrone.be<\/title>\n<meta name=\"robots\" content=\"index, follow, max-snippet:-1, max-image-preview:large, max-video-preview:-1\" \/>\n<link rel=\"canonical\" href=\"https:\/\/koningdrone.be\/es\/producto\/ir10-infrared-laser-zoom-spotlight-808nm\/\" \/>\n<meta property=\"og:locale\" content=\"es_ES\" \/>\n<meta property=\"og:type\" content=\"article\" \/>\n<meta property=\"og:title\" content=\"IR10 Infrared Laser Zoom Spotlight 808nm\" \/>\n<meta property=\"og:description\" content=\"Voor zicht in het donkerDoor waas of regen heen kijkenGoede specs\" \/>\n<meta property=\"og:url\" content=\"https:\/\/koningdrone.be\/es\/producto\/ir10-infrared-laser-zoom-spotlight-808nm\/\" \/>\n<meta property=\"og:site_name\" content=\"koningdrone.be\" \/>\n<meta property=\"article:modified_time\" content=\"2026-04-29T13:40:28+00:00\" \/>\n<meta property=\"og:image\" content=\"https:\/\/koningdrone.be\/wp-content\/uploads\/sites\/13\/2025\/04\/6972073120159-1.jpg\" \/>\n\t<meta property=\"og:image:width\" content=\"800\" \/>\n\t<meta property=\"og:image:height\" content=\"500\" \/>\n\t<meta property=\"og:image:type\" content=\"image\/jpeg\" \/>\n<meta name=\"twitter:card\" content=\"summary_large_image\" \/>\n<meta name=\"twitter:label1\" content=\"Tiempo de lectura\" \/>\n\t<meta name=\"twitter:data1\" content=\"1 minuto\" \/>\n<script type=\"application\/ld+json\" class=\"yoast-schema-graph\">{\"@context\":\"https:\/\/schema.org\",\"@graph\":[{\"@type\":\"WebPage\",\"@id\":\"https:\/\/koningdrone.be\/product\/ir10-infrared-laser-zoom-spotlight-808nm\/\",\"url\":\"https:\/\/koningdrone.be\/product\/ir10-infrared-laser-zoom-spotlight-808nm\/\",\"name\":\"IR10 Infrared Laser Zoom Spotlight 808nm - koningdrone.be\",\"isPartOf\":{\"@id\":\"https:\/\/koningdrone.be\/#website\"},\"primaryImageOfPage\":{\"@id\":\"https:\/\/koningdrone.be\/product\/ir10-infrared-laser-zoom-spotlight-808nm\/#primaryimage\"},\"image\":{\"@id\":\"https:\/\/koningdrone.be\/product\/ir10-infrared-laser-zoom-spotlight-808nm\/#primaryimage\"},\"thumbnailUrl\":\"https:\/\/koningdrone.be\/wp-content\/uploads\/sites\/13\/2025\/04\/6972073120159-1.jpg\",\"datePublished\":\"2021-10-03T07:51:35+00:00\",\"dateModified\":\"2026-04-29T13:40:28+00:00\",\"breadcrumb\":{\"@id\":\"https:\/\/koningdrone.be\/product\/ir10-infrared-laser-zoom-spotlight-808nm\/#breadcrumb\"},\"inLanguage\":\"es\",\"potentialAction\":[{\"@type\":\"ReadAction\",\"target\":[\"https:\/\/koningdrone.be\/product\/ir10-infrared-laser-zoom-spotlight-808nm\/\"]}]},{\"@type\":\"ImageObject\",\"inLanguage\":\"es\",\"@id\":\"https:\/\/koningdrone.be\/product\/ir10-infrared-laser-zoom-spotlight-808nm\/#primaryimage\",\"url\":\"https:\/\/koningdrone.be\/wp-content\/uploads\/sites\/13\/2025\/04\/6972073120159-1.jpg\",\"contentUrl\":\"https:\/\/koningdrone.be\/wp-content\/uploads\/sites\/13\/2025\/04\/6972073120159-1.jpg\",\"width\":800,\"height\":500},{\"@type\":\"BreadcrumbList\",\"@id\":\"https:\/\/koningdrone.be\/product\/ir10-infrared-laser-zoom-spotlight-808nm\/#breadcrumb\",\"itemListElement\":[{\"@type\":\"ListItem\",\"position\":1,\"name\":\"Home\",\"item\":\"https:\/\/koningdrone.be\/\"},{\"@type\":\"ListItem\",\"position\":2,\"name\":\"AVSS Parachute Recovery System for DJI Matrice 300\/350\",\"item\":\"https:\/\/koningdrone.be\/product\/avss-parachute-recovery-system-for-dji-matrice-300-350\/\"},{\"@type\":\"ListItem\",\"position\":3,\"name\":\"Alle payloads\",\"item\":\"https:\/\/koningdrone.be\/categorie\/alle-payloads\/\"},{\"@type\":\"ListItem\",\"position\":4,\"name\":\"IR10 Infrared Laser Zoom Spotlight 808nm\"}]},{\"@type\":\"WebSite\",\"@id\":\"https:\/\/koningdrone.be\/#website\",\"url\":\"https:\/\/koningdrone.be\/\",\"name\":\"Koningdrone.be - Uw online specialist in drones, gimbals, camera's en power stations.\",\"description\":\"De webshop in drones en gimbals\",\"publisher\":{\"@id\":\"https:\/\/koningdrone.be\/#organization\"},\"potentialAction\":[{\"@type\":\"SearchAction\",\"target\":{\"@type\":\"EntryPoint\",\"urlTemplate\":\"https:\/\/koningdrone.be\/?s={search_term_string}\"},\"query-input\":{\"@type\":\"PropertyValueSpecification\",\"valueRequired\":true,\"valueName\":\"search_term_string\"}}],\"inLanguage\":\"es\"},{\"@type\":\"Organization\",\"@id\":\"https:\/\/koningdrone.be\/#organization\",\"name\":\"Koningdrone.be\",\"url\":\"https:\/\/koningdrone.be\/\",\"logo\":{\"@type\":\"ImageObject\",\"inLanguage\":\"es\",\"@id\":\"https:\/\/koningdrone.be\/#\/schema\/logo\/image\/\",\"url\":\"https:\/\/koningdrone.be\/wp-content\/uploads\/sites\/13\/2025\/04\/koningdrone-copyright-logo.svg\",\"contentUrl\":\"https:\/\/koningdrone.be\/wp-content\/uploads\/sites\/13\/2025\/04\/koningdrone-copyright-logo.svg\",\"width\":227,\"height\":38,\"caption\":\"Koningdrone.be\"},\"image\":{\"@id\":\"https:\/\/koningdrone.be\/#\/schema\/logo\/image\/\"}}]}<\/script>\n<!-- \/ Yoast SEO Premium plugin. -->","yoast_head_json":{"title":"IR10 Infrared Laser Zoom Spotlight 808nm - koningdrone.be","robots":{"index":"index","follow":"follow","max-snippet":"max-snippet:-1","max-image-preview":"max-image-preview:large","max-video-preview":"max-video-preview:-1"},"canonical":"https:\/\/koningdrone.be\/es\/producto\/ir10-infrared-laser-zoom-spotlight-808nm\/","og_locale":"es_ES","og_type":"article","og_title":"IR10 Infrared Laser Zoom Spotlight 808nm","og_description":"Voor zicht in het donkerDoor waas of regen heen kijkenGoede specs","og_url":"https:\/\/koningdrone.be\/es\/producto\/ir10-infrared-laser-zoom-spotlight-808nm\/","og_site_name":"koningdrone.be","article_modified_time":"2026-04-29T13:40:28+00:00","og_image":[{"width":800,"height":500,"url":"https:\/\/koningdrone.be\/wp-content\/uploads\/sites\/13\/2025\/04\/6972073120159-1.jpg","type":"image\/jpeg"}],"twitter_card":"summary_large_image","twitter_misc":{"Tiempo de lectura":"1 minuto"},"schema":{"@context":"https:\/\/schema.org","@graph":[{"@type":"WebPage","@id":"https:\/\/koningdrone.be\/product\/ir10-infrared-laser-zoom-spotlight-808nm\/","url":"https:\/\/koningdrone.be\/product\/ir10-infrared-laser-zoom-spotlight-808nm\/","name":"IR10 Infrared Laser Zoom Spotlight 808nm - koningdrone.be","isPartOf":{"@id":"https:\/\/koningdrone.be\/#website"},"primaryImageOfPage":{"@id":"https:\/\/koningdrone.be\/product\/ir10-infrared-laser-zoom-spotlight-808nm\/#primaryimage"},"image":{"@id":"https:\/\/koningdrone.be\/product\/ir10-infrared-laser-zoom-spotlight-808nm\/#primaryimage"},"thumbnailUrl":"https:\/\/koningdrone.be\/wp-content\/uploads\/sites\/13\/2025\/04\/6972073120159-1.jpg","datePublished":"2021-10-03T07:51:35+00:00","dateModified":"2026-04-29T13:40:28+00:00","breadcrumb":{"@id":"https:\/\/koningdrone.be\/product\/ir10-infrared-laser-zoom-spotlight-808nm\/#breadcrumb"},"inLanguage":"es","potentialAction":[{"@type":"ReadAction","target":["https:\/\/koningdrone.be\/product\/ir10-infrared-laser-zoom-spotlight-808nm\/"]}]},{"@type":"ImageObject","inLanguage":"es","@id":"https:\/\/koningdrone.be\/product\/ir10-infrared-laser-zoom-spotlight-808nm\/#primaryimage","url":"https:\/\/koningdrone.be\/wp-content\/uploads\/sites\/13\/2025\/04\/6972073120159-1.jpg","contentUrl":"https:\/\/koningdrone.be\/wp-content\/uploads\/sites\/13\/2025\/04\/6972073120159-1.jpg","width":800,"height":500},{"@type":"BreadcrumbList","@id":"https:\/\/koningdrone.be\/product\/ir10-infrared-laser-zoom-spotlight-808nm\/#breadcrumb","itemListElement":[{"@type":"ListItem","position":1,"name":"Home","item":"https:\/\/koningdrone.be\/"},{"@type":"ListItem","position":2,"name":"AVSS Parachute Recovery System for DJI Matrice 300\/350","item":"https:\/\/koningdrone.be\/product\/avss-parachute-recovery-system-for-dji-matrice-300-350\/"},{"@type":"ListItem","position":3,"name":"Alle payloads","item":"https:\/\/koningdrone.be\/categorie\/alle-payloads\/"},{"@type":"ListItem","position":4,"name":"IR10 Infrared Laser Zoom Spotlight 808nm"}]},{"@type":"WebSite","@id":"https:\/\/koningdrone.be\/#website","url":"https:\/\/koningdrone.be\/","name":"Koningdrone.be - Su especialista en l\u00ednea en drones, cardanes, c\u00e1maras y centrales el\u00e9ctricas.","description":"La tienda virtual de drones y cardanes","publisher":{"@id":"https:\/\/koningdrone.be\/#organization"},"potentialAction":[{"@type":"SearchAction","target":{"@type":"EntryPoint","urlTemplate":"https:\/\/koningdrone.be\/?s={search_term_string}"},"query-input":{"@type":"PropertyValueSpecification","valueRequired":true,"valueName":"search_term_string"}}],"inLanguage":"es"},{"@type":"Organization","@id":"https:\/\/koningdrone.be\/#organization","name":"Kingdrone.es","url":"https:\/\/koningdrone.be\/","logo":{"@type":"ImageObject","inLanguage":"es","@id":"https:\/\/koningdrone.be\/#\/schema\/logo\/image\/","url":"https:\/\/koningdrone.be\/wp-content\/uploads\/sites\/13\/2025\/04\/koningdrone-copyright-logo.svg","contentUrl":"https:\/\/koningdrone.be\/wp-content\/uploads\/sites\/13\/2025\/04\/koningdrone-copyright-logo.svg","width":227,"height":38,"caption":"Koningdrone.be"},"image":{"@id":"https:\/\/koningdrone.be\/#\/schema\/logo\/image\/"}}]}},"df_price":5499,"df_sale_price":"","df_regular_price":5499,"df_image_link":"https:\/\/koningdrone.be\/wp-content\/uploads\/sites\/13\/2025\/04\/6972073120159-1-300x188.jpg","_links":{"self":[{"href":"https:\/\/koningdrone.be\/es\/wp-json\/wp\/v2\/product\/6487","targetHints":{"allow":["GET"]}}],"collection":[{"href":"https:\/\/koningdrone.be\/es\/wp-json\/wp\/v2\/product"}],"about":[{"href":"https:\/\/koningdrone.be\/es\/wp-json\/wp\/v2\/types\/product"}],"wp:featuredmedia":[{"embeddable":true,"href":"https:\/\/koningdrone.be\/es\/wp-json\/wp\/v2\/media\/6483"}],"wp:attachment":[{"href":"https:\/\/koningdrone.be\/es\/wp-json\/wp\/v2\/media?parent=6487"}],"wp:term":[{"taxonomy":"product_brand","embeddable":true,"href":"https:\/\/koningdrone.be\/es\/wp-json\/wp\/v2\/product_brand?post=6487"},{"taxonomy":"product_cat","embeddable":true,"href":"https:\/\/koningdrone.be\/es\/wp-json\/wp\/v2\/product_cat?post=6487"},{"taxonomy":"product_tag","embeddable":true,"href":"https:\/\/koningdrone.be\/es\/wp-json\/wp\/v2\/product_tag?post=6487"}],"curies":[{"name":"wp","href":"https:\/\/api.w.org\/{rel}","templated":true}]}}