{"id":6470,"date":"2021-10-03T09:52:31","date_gmt":"2021-10-03T07:52:31","guid":{"rendered":"https:\/\/koningdrone.nl\/kon\/product\/insta360-one-x2\/"},"modified":"2026-05-17T07:41:02","modified_gmt":"2026-05-17T05:41:02","slug":"insta360-one-x2","status":"publish","type":"product","link":"https:\/\/koningdrone.be\/es\/producto\/insta360-one-x2\/","title":{"rendered":"INSTA360 ONE X2 Edici\u00f3n Est\u00e1ndar (CINOSXX\/A)"},"content":{"rendered":"<h1>   Insta360 One X2 Edici\u00f3n Est\u00e1ndar (CINOSXX\/A) <\/h1>\n<p>C\u00e1mara de 360 grados Insta360 One X2<br \/>Insta360 ONE X2, una c\u00e1mara de bolsillo con estabilizaci\u00f3n irrompible, v\u00eddeos 360 de 5,7K, resistencia al agua IPX8, una pantalla t\u00e1ctil 360 y una serie de funciones de edici\u00f3n impulsadas por IA.<br \/>\u00a0 <br \/>ONE X2 es en parte c\u00e1mara y en parte compa\u00f1ero. Con un solo dispositivo, puede capturar todos los \u00e1ngulos a la vez y desbloquear perspectivas cinematogr\u00e1ficas que antes requer\u00edan un camar\u00f3grafo o un dron. Cuando est\u00e9 listo para editar, las funciones de IA de la aplicaci\u00f3n Insta360 y el software de escritorio le ayudar\u00e1n a encontrar y editar sus mejores tomas con solo unos toques.<br \/>\u00a0 <br \/>C\u00e1mara Insta360 One X2C\u00e1mara Insta360 One X2<br \/>El equipo de la c\u00e1mara de bolsillo<br \/>Insta360 ONE X2 abre un mundo de posibilidades creativas. Cuatro formas de grabar en 360 grados, Steady Cam, InstaPano y MultiView se unen para crear un equipo multic\u00e1mara que cabe en el bolsillo.<br \/>\u00a0 <br \/>Con la grabaci\u00f3n de 5,7K en 360 grados, la c\u00e1mara capta la acci\u00f3n en todas las direcciones, por lo que no tendr\u00e1 que apuntar mientras graba. Solo tiene que elegir su \u00e1ngulo favorito durante la edici\u00f3n o dejar que la IA de ONE X2 lo haga por usted.<br \/>\u00a0 <br \/>Si quiere grabar v\u00eddeos planos tradicionales, tiene el modo Steady Cam. Este modo pone toda su potencia de fuego detr\u00e1s de una de las lentes del ONE X2 y captura im\u00e1genes ultraestables y ultrapanor\u00e1micas listas para compartir al instante.<br \/>\u00a0 <br \/>InstaPano es un nuevo modo fotogr\u00e1fico para capturar impresionantes panor\u00e1micas. En lugar de mover la c\u00e1mara o el tel\u00e9fono sobre una escena y obtener panor\u00e1micas mal cosidas y borrosas, basta con un toque y listo.<br \/>\u00a0 <br \/>Y para los vide\u00f3grafos y creadores en solitario, MultiView cambia las reglas del juego. Muestra dos \u00e1ngulos simult\u00e1neamente con diferentes campos de visi\u00f3n y aseg\u00farate de salir siempre en la foto con el reconocimiento facial de la aplicaci\u00f3n.<br \/>\u00a0 <br \/>Estable pase lo que pase<br \/>Tanto si graba en 360 como en modo Steady Cam, la estabilizaci\u00f3n FlowState mantiene la fluidez de la toma. Los algoritmos de estabilizaci\u00f3n y nivelaci\u00f3n del horizonte de la ONE X2 son mejores que nunca, lo que le permite realizar tomas ultraestabilizadas con una sola c\u00e1mara de bolsillo, sin suspensi\u00f3n de card\u00e1n.<br \/>\u00a0 <br \/>Laboratorio de tiro<br \/>No hay nada m\u00e1s f\u00e1cil que editar tus secuencias con Shot Lab desde la aplicaci\u00f3n Insta360. Shot Lab alberga una colecci\u00f3n continuamente actualizada de plantillas de un solo toque que utilizan las \u00faltimas y mejores t\u00e9cnicas de edici\u00f3n 360. Todo lo que tienes que hacer es tomar las im\u00e1genes y Shot Lab las convertir\u00e1 en algo \u00e9pico.<br \/>\u00a0 <br \/>Plantillas como Dolly Zoom y Stop Motion hacen que los efectos cinematogr\u00e1ficos sean tan f\u00e1ciles como un toque. Las plantillas Clone Trail y Shadow Clone clonan tu cuerpo en segundos. Ghost Town toma tu time-lapse de 360 grados y elimina a las personas de \u00e9l, creando una foto sin obst\u00e1culos.<br \/>\u00a0 <br \/>Insta360 One X2Insta360 One X2<br \/>Siga cualquier tema<br \/>Selecciona tu objetivo con un toque o un comando de voz mientras disparas. A continuaci\u00f3n, ve a la aplicaci\u00f3n o a Studio, donde el algoritmo Deep Track actualizado puede rastrear personas, animales y otros objetos en movimiento, manteniendo tu objetivo en el centro, independientemente del obst\u00e1culo.<br \/>Deja que la IA elija tu mejor \u00e1ngulo<br \/>La belleza de capturar en 360 grados significa que no tienes que apuntar al sujeto mientras grabas. Pero tener todos los \u00e1ngulos posibles al alcance cuando est\u00e1s listo para compartir tus im\u00e1genes puede ser un poco complicado.<br \/>Autoencuadre peina cada cent\u00edmetro de tus tomas de 360\u00b0 y reencuadra tu toma para encontrar los momentos m\u00e1s destacados. Las recomendaciones de v\u00eddeo mejoradas y un nuevo algoritmo fotogr\u00e1fico te ayudan a encontrar la toma perfecta en cuesti\u00f3n de segundos.<br \/>Controlar el tiempo y el espacio<br \/>La funci\u00f3n TimeShift hyperlapse est\u00e1 de vuelta con ONE X2 y ahora est\u00e1 disponible para tomas 360 y Steady Cam. Ajusta la velocidad de reproducci\u00f3n mientras reencuadras la toma en cualquier direcci\u00f3n, o deja que la IA lo haga por ti.<br \/>A\u00f1ade un fotograma congelado para detener el v\u00eddeo y reencuadrar el \u00e1ngulo en el punto \u00e1lgido de la acci\u00f3n. Es tan sencillo como un toque en los ajustes de velocidad de tu v\u00eddeo.<br \/>Poca luz, bien hecho<br \/>Haz fotos naturales de alto rango din\u00e1mico con un solo toque. El modo PureShot mejora el rango din\u00e1mico de tus fotos con poca luz a la vez que reduce el ruido y conserva los detalles.<br \/>Las mejoras en la calidad de imagen no terminan cuando te sumerges en el agua. AquaVision equilibra autom\u00e1ticamente los colores, lo que da como resultado contenidos submarinos de gran nitidez que parecen tomados a plena luz del d\u00eda. Solo tienes que activarlo en la aplicaci\u00f3n, sin necesidad de filtros externos ni ediciones adicionales.<br \/>Mejor hardware, mejor experiencia<br \/>Insta360 ONE X2 mantiene el formato de bolsillo de ONE X, al tiempo que refuerza sus puntos fuertes con una serie de mejoras de hardware y rendimiento.<br \/>Una bater\u00eda m\u00e1s potente de 1630 mAh le permite disparar durante 80 minutos, mientras que una nueva pantalla t\u00e1ctil ultrabrillante de alta definici\u00f3n le permite previsualizar su disparo en 360 grados.<br \/>ONE X2 tambi\u00e9n est\u00e1 preparada para el agua, con una resistencia IPX8. Ll\u00e9vala hasta 10 metros de profundidad sin la carcasa, o utiliza la carcasa de buceo para disparar hasta 45 metros de profundidad con una costura submarina sin costuras.<br \/>Cuatro micr\u00f3fonos amplifican su voz independientemente de c\u00f3mo sujete la c\u00e1mara. Puedes grabar sonido est\u00e9reo con un nuevo algoritmo inteligente de reducci\u00f3n del viento o grabar ambis\u00f3nico para disfrutar de una experiencia totalmente envolvente.<br \/>El control por voz le permite controlar los disparos cuando ONE X2 est\u00e1 fuera de su alcance. Incluso puedes conectar tus AirPods para controlar la c\u00e1mara o grabar audio sobre la marcha.<br \/>C\u00e1mara web 360 y transmisi\u00f3n en directo. Mant\u00e9ngase conectado a distancia con amigos, familiares y colegas. Utilice ONE X2 como c\u00e1mara web para obtener una vista de gran angular en pantalla dividida en Zoom y otras plataformas de reuniones populares. O transmita en directo en 360 grados en Facebook, Youtube o cualquier otro canal de v\u00eddeo 360 con la funci\u00f3n RTMP personalizada.<\/p>","protected":false},"excerpt":{"rendered":"<ul>\n<li>Resoluci\u00f3n de v\u00eddeo: 360 | 5,7K @ 30fps<\/li>\n<li>Resoluci\u00f3n de las fotos: 360: 6080\u00d73040 (2:1)<\/li>\n<li>Capacidad de la bater\u00eda: 1630 mAh<\/li>\n<li>Duraci\u00f3n: 5,7K@30fps - 80 minutos<\/li>\n<li>Distancia focal equivalente a 35 mm: 7,2 mm<\/li>\n<li>ISO: autom\u00e1tico, 100-3200<\/li>\n<\/ul>","protected":false},"featured_media":6465,"template":"","meta":{"_acf_changed":false},"product_brand":[],"product_cat":[97,343],"product_tag":[],"class_list":{"0":"post-6470","1":"product","2":"type-product","3":"status-publish","4":"has-post-thumbnail","6":"product_cat-alle-producten","7":"product_cat-insta360","8":"product_shipping_class-outofstock","9":"pa_brand-insta360","10":"pa_series-insta360-go","12":"first","13":"outofstock","14":"taxable","15":"shipping-taxable","16":"product-type-simple"},"acf":[],"yoast_head":"<!-- This site is optimized with the Yoast SEO Premium plugin v27.2 (Yoast SEO v27.2) - https:\/\/yoast.com\/product\/yoast-seo-premium-wordpress\/ -->\n<title>INSTA360 ONE X2 Standard Edition (CINOSXX\/A) - koningdrone.be<\/title>\n<meta name=\"robots\" content=\"index, follow, max-snippet:-1, max-image-preview:large, max-video-preview:-1\" \/>\n<link rel=\"canonical\" href=\"https:\/\/koningdrone.be\/es\/producto\/insta360-one-x2\/\" \/>\n<meta property=\"og:locale\" content=\"es_ES\" \/>\n<meta property=\"og:type\" content=\"article\" \/>\n<meta property=\"og:title\" content=\"INSTA360 ONE X2 Standard Edition (CINOSXX\/A)\" \/>\n<meta property=\"og:description\" content=\"Videoresolutie: 360 | 5.7K @ 30fpsFotoresolutie: 360: 6080x3040 (2:1)Batterijcapaciteit: 1630mAhLooptijd: 5,7K@30fps - 80 minuten35 mm equivalente brandpuntsafstand: 7,2 mmISO: automatisch, 100-3200\" \/>\n<meta property=\"og:url\" content=\"https:\/\/koningdrone.be\/es\/producto\/insta360-one-x2\/\" \/>\n<meta property=\"og:site_name\" content=\"koningdrone.be\" \/>\n<meta property=\"article:modified_time\" content=\"2026-05-17T05:41:02+00:00\" \/>\n<meta property=\"og:image\" content=\"https:\/\/koningdrone.be\/wp-content\/uploads\/sites\/13\/2025\/04\/6970357851805-1.jpg\" \/>\n\t<meta property=\"og:image:width\" content=\"600\" \/>\n\t<meta property=\"og:image:height\" content=\"600\" \/>\n\t<meta property=\"og:image:type\" content=\"image\/jpeg\" \/>\n<meta name=\"twitter:card\" content=\"summary_large_image\" \/>\n<meta name=\"twitter:label1\" content=\"Tiempo de lectura\" \/>\n\t<meta name=\"twitter:data1\" content=\"5 minutos\" \/>\n<script type=\"application\/ld+json\" class=\"yoast-schema-graph\">{\"@context\":\"https:\/\/schema.org\",\"@graph\":[{\"@type\":\"WebPage\",\"@id\":\"https:\/\/koningdrone.be\/product\/insta360-one-x2\/\",\"url\":\"https:\/\/koningdrone.be\/product\/insta360-one-x2\/\",\"name\":\"INSTA360 ONE X2 Standard Edition (CINOSXX\/A) - koningdrone.be\",\"isPartOf\":{\"@id\":\"https:\/\/koningdrone.be\/#website\"},\"primaryImageOfPage\":{\"@id\":\"https:\/\/koningdrone.be\/product\/insta360-one-x2\/#primaryimage\"},\"image\":{\"@id\":\"https:\/\/koningdrone.be\/product\/insta360-one-x2\/#primaryimage\"},\"thumbnailUrl\":\"https:\/\/koningdrone.be\/wp-content\/uploads\/sites\/13\/2025\/04\/6970357851805-1.jpg\",\"datePublished\":\"2021-10-03T07:52:31+00:00\",\"dateModified\":\"2026-05-17T05:41:02+00:00\",\"breadcrumb\":{\"@id\":\"https:\/\/koningdrone.be\/product\/insta360-one-x2\/#breadcrumb\"},\"inLanguage\":\"es\",\"potentialAction\":[{\"@type\":\"ReadAction\",\"target\":[\"https:\/\/koningdrone.be\/product\/insta360-one-x2\/\"]}]},{\"@type\":\"ImageObject\",\"inLanguage\":\"es\",\"@id\":\"https:\/\/koningdrone.be\/product\/insta360-one-x2\/#primaryimage\",\"url\":\"https:\/\/koningdrone.be\/wp-content\/uploads\/sites\/13\/2025\/04\/6970357851805-1.jpg\",\"contentUrl\":\"https:\/\/koningdrone.be\/wp-content\/uploads\/sites\/13\/2025\/04\/6970357851805-1.jpg\",\"width\":600,\"height\":600},{\"@type\":\"BreadcrumbList\",\"@id\":\"https:\/\/koningdrone.be\/product\/insta360-one-x2\/#breadcrumb\",\"itemListElement\":[{\"@type\":\"ListItem\",\"position\":1,\"name\":\"Home\",\"item\":\"https:\/\/koningdrone.be\/\"},{\"@type\":\"ListItem\",\"position\":2,\"name\":\"AVSS Parachute Recovery System for DJI Matrice 300\/350\",\"item\":\"https:\/\/koningdrone.be\/product\/avss-parachute-recovery-system-for-dji-matrice-300-350\/\"},{\"@type\":\"ListItem\",\"position\":3,\"name\":\"Alle producten\",\"item\":\"https:\/\/koningdrone.be\/categorie\/alle-producten\/\"},{\"@type\":\"ListItem\",\"position\":4,\"name\":\"INSTA360 ONE X2 Standard Edition (CINOSXX\/A)\"}]},{\"@type\":\"WebSite\",\"@id\":\"https:\/\/koningdrone.be\/#website\",\"url\":\"https:\/\/koningdrone.be\/\",\"name\":\"Koningdrone.be - Uw online specialist in drones, gimbals, camera's en power stations.\",\"description\":\"De webshop in drones en gimbals\",\"publisher\":{\"@id\":\"https:\/\/koningdrone.be\/#organization\"},\"potentialAction\":[{\"@type\":\"SearchAction\",\"target\":{\"@type\":\"EntryPoint\",\"urlTemplate\":\"https:\/\/koningdrone.be\/?s={search_term_string}\"},\"query-input\":{\"@type\":\"PropertyValueSpecification\",\"valueRequired\":true,\"valueName\":\"search_term_string\"}}],\"inLanguage\":\"es\"},{\"@type\":\"Organization\",\"@id\":\"https:\/\/koningdrone.be\/#organization\",\"name\":\"Koningdrone.be\",\"url\":\"https:\/\/koningdrone.be\/\",\"logo\":{\"@type\":\"ImageObject\",\"inLanguage\":\"es\",\"@id\":\"https:\/\/koningdrone.be\/#\/schema\/logo\/image\/\",\"url\":\"https:\/\/koningdrone.be\/wp-content\/uploads\/sites\/13\/2025\/04\/koningdrone-copyright-logo.svg\",\"contentUrl\":\"https:\/\/koningdrone.be\/wp-content\/uploads\/sites\/13\/2025\/04\/koningdrone-copyright-logo.svg\",\"width\":227,\"height\":38,\"caption\":\"Koningdrone.be\"},\"image\":{\"@id\":\"https:\/\/koningdrone.be\/#\/schema\/logo\/image\/\"}}]}<\/script>\n<!-- \/ Yoast SEO Premium plugin. -->","yoast_head_json":{"title":"INSTA360 ONE X2 Standard Edition (CINOSXX\/A) - koningdrone.be","robots":{"index":"index","follow":"follow","max-snippet":"max-snippet:-1","max-image-preview":"max-image-preview:large","max-video-preview":"max-video-preview:-1"},"canonical":"https:\/\/koningdrone.be\/es\/producto\/insta360-one-x2\/","og_locale":"es_ES","og_type":"article","og_title":"INSTA360 ONE X2 Standard Edition (CINOSXX\/A)","og_description":"Videoresolutie: 360 | 5.7K @ 30fpsFotoresolutie: 360: 6080x3040 (2:1)Batterijcapaciteit: 1630mAhLooptijd: 5,7K@30fps - 80 minuten35 mm equivalente brandpuntsafstand: 7,2 mmISO: automatisch, 100-3200","og_url":"https:\/\/koningdrone.be\/es\/producto\/insta360-one-x2\/","og_site_name":"koningdrone.be","article_modified_time":"2026-05-17T05:41:02+00:00","og_image":[{"width":600,"height":600,"url":"https:\/\/koningdrone.be\/wp-content\/uploads\/sites\/13\/2025\/04\/6970357851805-1.jpg","type":"image\/jpeg"}],"twitter_card":"summary_large_image","twitter_misc":{"Tiempo de lectura":"5 minutos"},"schema":{"@context":"https:\/\/schema.org","@graph":[{"@type":"WebPage","@id":"https:\/\/koningdrone.be\/product\/insta360-one-x2\/","url":"https:\/\/koningdrone.be\/product\/insta360-one-x2\/","name":"INSTA360 ONE X2 Standard Edition (CINOSXX\/A) - koningdrone.be","isPartOf":{"@id":"https:\/\/koningdrone.be\/#website"},"primaryImageOfPage":{"@id":"https:\/\/koningdrone.be\/product\/insta360-one-x2\/#primaryimage"},"image":{"@id":"https:\/\/koningdrone.be\/product\/insta360-one-x2\/#primaryimage"},"thumbnailUrl":"https:\/\/koningdrone.be\/wp-content\/uploads\/sites\/13\/2025\/04\/6970357851805-1.jpg","datePublished":"2021-10-03T07:52:31+00:00","dateModified":"2026-05-17T05:41:02+00:00","breadcrumb":{"@id":"https:\/\/koningdrone.be\/product\/insta360-one-x2\/#breadcrumb"},"inLanguage":"es","potentialAction":[{"@type":"ReadAction","target":["https:\/\/koningdrone.be\/product\/insta360-one-x2\/"]}]},{"@type":"ImageObject","inLanguage":"es","@id":"https:\/\/koningdrone.be\/product\/insta360-one-x2\/#primaryimage","url":"https:\/\/koningdrone.be\/wp-content\/uploads\/sites\/13\/2025\/04\/6970357851805-1.jpg","contentUrl":"https:\/\/koningdrone.be\/wp-content\/uploads\/sites\/13\/2025\/04\/6970357851805-1.jpg","width":600,"height":600},{"@type":"BreadcrumbList","@id":"https:\/\/koningdrone.be\/product\/insta360-one-x2\/#breadcrumb","itemListElement":[{"@type":"ListItem","position":1,"name":"Home","item":"https:\/\/koningdrone.be\/"},{"@type":"ListItem","position":2,"name":"AVSS Parachute Recovery System for DJI Matrice 300\/350","item":"https:\/\/koningdrone.be\/product\/avss-parachute-recovery-system-for-dji-matrice-300-350\/"},{"@type":"ListItem","position":3,"name":"Alle producten","item":"https:\/\/koningdrone.be\/categorie\/alle-producten\/"},{"@type":"ListItem","position":4,"name":"INSTA360 ONE X2 Standard Edition (CINOSXX\/A)"}]},{"@type":"WebSite","@id":"https:\/\/koningdrone.be\/#website","url":"https:\/\/koningdrone.be\/","name":"Koningdrone.be - Su especialista en l\u00ednea en drones, cardanes, c\u00e1maras y centrales el\u00e9ctricas.","description":"La tienda virtual de drones y cardanes","publisher":{"@id":"https:\/\/koningdrone.be\/#organization"},"potentialAction":[{"@type":"SearchAction","target":{"@type":"EntryPoint","urlTemplate":"https:\/\/koningdrone.be\/?s={search_term_string}"},"query-input":{"@type":"PropertyValueSpecification","valueRequired":true,"valueName":"search_term_string"}}],"inLanguage":"es"},{"@type":"Organization","@id":"https:\/\/koningdrone.be\/#organization","name":"Kingdrone.es","url":"https:\/\/koningdrone.be\/","logo":{"@type":"ImageObject","inLanguage":"es","@id":"https:\/\/koningdrone.be\/#\/schema\/logo\/image\/","url":"https:\/\/koningdrone.be\/wp-content\/uploads\/sites\/13\/2025\/04\/koningdrone-copyright-logo.svg","contentUrl":"https:\/\/koningdrone.be\/wp-content\/uploads\/sites\/13\/2025\/04\/koningdrone-copyright-logo.svg","width":227,"height":38,"caption":"Koningdrone.be"},"image":{"@id":"https:\/\/koningdrone.be\/#\/schema\/logo\/image\/"}}]}},"df_price":"","df_sale_price":"","df_regular_price":"","df_image_link":"https:\/\/koningdrone.be\/wp-content\/uploads\/sites\/13\/2025\/04\/6970357851805-1-300x300.jpg","_links":{"self":[{"href":"https:\/\/koningdrone.be\/es\/wp-json\/wp\/v2\/product\/6470","targetHints":{"allow":["GET"]}}],"collection":[{"href":"https:\/\/koningdrone.be\/es\/wp-json\/wp\/v2\/product"}],"about":[{"href":"https:\/\/koningdrone.be\/es\/wp-json\/wp\/v2\/types\/product"}],"wp:featuredmedia":[{"embeddable":true,"href":"https:\/\/koningdrone.be\/es\/wp-json\/wp\/v2\/media\/6465"}],"wp:attachment":[{"href":"https:\/\/koningdrone.be\/es\/wp-json\/wp\/v2\/media?parent=6470"}],"wp:term":[{"taxonomy":"product_brand","embeddable":true,"href":"https:\/\/koningdrone.be\/es\/wp-json\/wp\/v2\/product_brand?post=6470"},{"taxonomy":"product_cat","embeddable":true,"href":"https:\/\/koningdrone.be\/es\/wp-json\/wp\/v2\/product_cat?post=6470"},{"taxonomy":"product_tag","embeddable":true,"href":"https:\/\/koningdrone.be\/es\/wp-json\/wp\/v2\/product_tag?post=6470"}],"curies":[{"name":"wp","href":"https:\/\/api.w.org\/{rel}","templated":true}]}}