{"id":6430,"date":"2021-10-03T09:53:58","date_gmt":"2021-10-03T07:53:58","guid":{"rendered":"https:\/\/koningdrone.nl\/kon\/product\/insta360-one-x2-quick-load-hub\/"},"modified":"2026-04-29T10:51:07","modified_gmt":"2026-04-29T08:51:07","slug":"insta360-one-x2-quick-load-hub","status":"publish","type":"product","link":"https:\/\/koningdrone.be\/es\/producto\/insta360-one-x2-quick-load-hub\/","title":{"rendered":"Centro de carga r\u00e1pida INSTA360 ONE X2"},"content":{"rendered":"<h1>Centro de carga r\u00e1pida INSTA360 ONE X2<\/h1>\n<p>Utilice el Hub de carga r\u00e1pida Insta360 para One X2 para cargar r\u00e1pida y f\u00e1cilmente las bater\u00edas de su c\u00e1mara compatible y grabar v\u00eddeos emocionantes durante sus aventuras al aire libre.<\/p>","protected":false},"excerpt":{"rendered":"<ul>\n<li>Especialmente dise\u00f1ado para cargar simult\u00e1neamente hasta 3 bater\u00edas compatibles (se venden por separado)<\/li>\n<li>Carga r\u00e1pida a trav\u00e9s del puerto de carga USB Type-C<\/li>\n<li>Los indicadores de estado integrados facilitan el seguimiento del progreso de la carga<\/li>\n<\/ul>","protected":false},"featured_media":6424,"template":"","meta":{"_acf_changed":false},"product_brand":[],"product_cat":[111,97,343],"product_tag":[],"class_list":{"0":"post-6430","1":"product","2":"type-product","3":"status-publish","4":"has-post-thumbnail","6":"product_cat-alle-opladers","7":"product_cat-alle-producten","8":"product_cat-insta360","9":"product_shipping_class-outofstock","10":"pa_brand-insta360","11":"pa_productfamily-oplader","12":"pa_producttype-oplader","13":"pa_series-insta360-go","15":"first","16":"outofstock","17":"taxable","18":"shipping-taxable","19":"product-type-simple"},"acf":[],"yoast_head":"<!-- This site is optimized with the Yoast SEO Premium plugin v27.2 (Yoast SEO v27.2) - https:\/\/yoast.com\/product\/yoast-seo-premium-wordpress\/ -->\n<title>INSTA360 ONE X2 Quick Load Hub - koningdrone.be<\/title>\n<meta name=\"robots\" content=\"index, follow, max-snippet:-1, max-image-preview:large, max-video-preview:-1\" \/>\n<link rel=\"canonical\" href=\"https:\/\/koningdrone.be\/es\/producto\/insta360-one-x2-quick-load-hub\/\" \/>\n<meta property=\"og:locale\" content=\"es_ES\" \/>\n<meta property=\"og:type\" content=\"article\" \/>\n<meta property=\"og:title\" content=\"INSTA360 ONE X2 Quick Load Hub\" \/>\n<meta property=\"og:description\" content=\"Speciaal gemaakt voor het gelijktijdig opladen van maximaal 3 compatibele batterijen (apart verkrijgbaar)Snel opladen via de USB Type-C-oplaadpoortGe\u00efntegreerde statusindicatoren maken het gemakkelijk om de voortgang van het opladen te volgen\" \/>\n<meta property=\"og:url\" content=\"https:\/\/koningdrone.be\/es\/producto\/insta360-one-x2-quick-load-hub\/\" \/>\n<meta property=\"og:site_name\" content=\"koningdrone.be\" \/>\n<meta property=\"article:modified_time\" content=\"2026-04-29T08:51:07+00:00\" \/>\n<meta property=\"og:image\" content=\"https:\/\/koningdrone.be\/wp-content\/uploads\/sites\/13\/2025\/04\/6970357852277-1.jpg\" \/>\n\t<meta property=\"og:image:width\" content=\"800\" \/>\n\t<meta property=\"og:image:height\" content=\"450\" \/>\n\t<meta property=\"og:image:type\" content=\"image\/jpeg\" \/>\n<meta name=\"twitter:card\" content=\"summary_large_image\" \/>\n<script type=\"application\/ld+json\" class=\"yoast-schema-graph\">{\"@context\":\"https:\/\/schema.org\",\"@graph\":[{\"@type\":\"WebPage\",\"@id\":\"https:\/\/koningdrone.be\/product\/insta360-one-x2-quick-load-hub\/\",\"url\":\"https:\/\/koningdrone.be\/product\/insta360-one-x2-quick-load-hub\/\",\"name\":\"INSTA360 ONE X2 Quick Load Hub - koningdrone.be\",\"isPartOf\":{\"@id\":\"https:\/\/koningdrone.be\/#website\"},\"primaryImageOfPage\":{\"@id\":\"https:\/\/koningdrone.be\/product\/insta360-one-x2-quick-load-hub\/#primaryimage\"},\"image\":{\"@id\":\"https:\/\/koningdrone.be\/product\/insta360-one-x2-quick-load-hub\/#primaryimage\"},\"thumbnailUrl\":\"https:\/\/koningdrone.be\/wp-content\/uploads\/sites\/13\/2025\/04\/6970357852277-1.jpg\",\"datePublished\":\"2021-10-03T07:53:58+00:00\",\"dateModified\":\"2026-04-29T08:51:07+00:00\",\"breadcrumb\":{\"@id\":\"https:\/\/koningdrone.be\/product\/insta360-one-x2-quick-load-hub\/#breadcrumb\"},\"inLanguage\":\"es\",\"potentialAction\":[{\"@type\":\"ReadAction\",\"target\":[\"https:\/\/koningdrone.be\/product\/insta360-one-x2-quick-load-hub\/\"]}]},{\"@type\":\"ImageObject\",\"inLanguage\":\"es\",\"@id\":\"https:\/\/koningdrone.be\/product\/insta360-one-x2-quick-load-hub\/#primaryimage\",\"url\":\"https:\/\/koningdrone.be\/wp-content\/uploads\/sites\/13\/2025\/04\/6970357852277-1.jpg\",\"contentUrl\":\"https:\/\/koningdrone.be\/wp-content\/uploads\/sites\/13\/2025\/04\/6970357852277-1.jpg\",\"width\":800,\"height\":450},{\"@type\":\"BreadcrumbList\",\"@id\":\"https:\/\/koningdrone.be\/product\/insta360-one-x2-quick-load-hub\/#breadcrumb\",\"itemListElement\":[{\"@type\":\"ListItem\",\"position\":1,\"name\":\"Home\",\"item\":\"https:\/\/koningdrone.be\/\"},{\"@type\":\"ListItem\",\"position\":2,\"name\":\"AVSS Parachute Recovery System for DJI Matrice 300\/350\",\"item\":\"https:\/\/koningdrone.be\/product\/avss-parachute-recovery-system-for-dji-matrice-300-350\/\"},{\"@type\":\"ListItem\",\"position\":3,\"name\":\"Alle opladers\",\"item\":\"https:\/\/koningdrone.be\/categorie\/alle-opladers\/\"},{\"@type\":\"ListItem\",\"position\":4,\"name\":\"INSTA360 ONE X2 Quick Load Hub\"}]},{\"@type\":\"WebSite\",\"@id\":\"https:\/\/koningdrone.be\/#website\",\"url\":\"https:\/\/koningdrone.be\/\",\"name\":\"Koningdrone.be - Uw online specialist in drones, gimbals, camera's en power stations.\",\"description\":\"De webshop in drones en gimbals\",\"publisher\":{\"@id\":\"https:\/\/koningdrone.be\/#organization\"},\"potentialAction\":[{\"@type\":\"SearchAction\",\"target\":{\"@type\":\"EntryPoint\",\"urlTemplate\":\"https:\/\/koningdrone.be\/?s={search_term_string}\"},\"query-input\":{\"@type\":\"PropertyValueSpecification\",\"valueRequired\":true,\"valueName\":\"search_term_string\"}}],\"inLanguage\":\"es\"},{\"@type\":\"Organization\",\"@id\":\"https:\/\/koningdrone.be\/#organization\",\"name\":\"Koningdrone.be\",\"url\":\"https:\/\/koningdrone.be\/\",\"logo\":{\"@type\":\"ImageObject\",\"inLanguage\":\"es\",\"@id\":\"https:\/\/koningdrone.be\/#\/schema\/logo\/image\/\",\"url\":\"https:\/\/koningdrone.be\/wp-content\/uploads\/sites\/13\/2025\/04\/koningdrone-copyright-logo.svg\",\"contentUrl\":\"https:\/\/koningdrone.be\/wp-content\/uploads\/sites\/13\/2025\/04\/koningdrone-copyright-logo.svg\",\"width\":227,\"height\":38,\"caption\":\"Koningdrone.be\"},\"image\":{\"@id\":\"https:\/\/koningdrone.be\/#\/schema\/logo\/image\/\"}}]}<\/script>\n<!-- \/ Yoast SEO Premium plugin. -->","yoast_head_json":{"title":"INSTA360 ONE X2 Quick Load Hub - koningdrone.be","robots":{"index":"index","follow":"follow","max-snippet":"max-snippet:-1","max-image-preview":"max-image-preview:large","max-video-preview":"max-video-preview:-1"},"canonical":"https:\/\/koningdrone.be\/es\/producto\/insta360-one-x2-quick-load-hub\/","og_locale":"es_ES","og_type":"article","og_title":"INSTA360 ONE X2 Quick Load Hub","og_description":"Speciaal gemaakt voor het gelijktijdig opladen van maximaal 3 compatibele batterijen (apart verkrijgbaar)Snel opladen via de USB Type-C-oplaadpoortGe\u00efntegreerde statusindicatoren maken het gemakkelijk om de voortgang van het opladen te volgen","og_url":"https:\/\/koningdrone.be\/es\/producto\/insta360-one-x2-quick-load-hub\/","og_site_name":"koningdrone.be","article_modified_time":"2026-04-29T08:51:07+00:00","og_image":[{"width":800,"height":450,"url":"https:\/\/koningdrone.be\/wp-content\/uploads\/sites\/13\/2025\/04\/6970357852277-1.jpg","type":"image\/jpeg"}],"twitter_card":"summary_large_image","schema":{"@context":"https:\/\/schema.org","@graph":[{"@type":"WebPage","@id":"https:\/\/koningdrone.be\/product\/insta360-one-x2-quick-load-hub\/","url":"https:\/\/koningdrone.be\/product\/insta360-one-x2-quick-load-hub\/","name":"INSTA360 ONE X2 Quick Load Hub - koningdrone.be","isPartOf":{"@id":"https:\/\/koningdrone.be\/#website"},"primaryImageOfPage":{"@id":"https:\/\/koningdrone.be\/product\/insta360-one-x2-quick-load-hub\/#primaryimage"},"image":{"@id":"https:\/\/koningdrone.be\/product\/insta360-one-x2-quick-load-hub\/#primaryimage"},"thumbnailUrl":"https:\/\/koningdrone.be\/wp-content\/uploads\/sites\/13\/2025\/04\/6970357852277-1.jpg","datePublished":"2021-10-03T07:53:58+00:00","dateModified":"2026-04-29T08:51:07+00:00","breadcrumb":{"@id":"https:\/\/koningdrone.be\/product\/insta360-one-x2-quick-load-hub\/#breadcrumb"},"inLanguage":"es","potentialAction":[{"@type":"ReadAction","target":["https:\/\/koningdrone.be\/product\/insta360-one-x2-quick-load-hub\/"]}]},{"@type":"ImageObject","inLanguage":"es","@id":"https:\/\/koningdrone.be\/product\/insta360-one-x2-quick-load-hub\/#primaryimage","url":"https:\/\/koningdrone.be\/wp-content\/uploads\/sites\/13\/2025\/04\/6970357852277-1.jpg","contentUrl":"https:\/\/koningdrone.be\/wp-content\/uploads\/sites\/13\/2025\/04\/6970357852277-1.jpg","width":800,"height":450},{"@type":"BreadcrumbList","@id":"https:\/\/koningdrone.be\/product\/insta360-one-x2-quick-load-hub\/#breadcrumb","itemListElement":[{"@type":"ListItem","position":1,"name":"Home","item":"https:\/\/koningdrone.be\/"},{"@type":"ListItem","position":2,"name":"AVSS Parachute Recovery System for DJI Matrice 300\/350","item":"https:\/\/koningdrone.be\/product\/avss-parachute-recovery-system-for-dji-matrice-300-350\/"},{"@type":"ListItem","position":3,"name":"Alle opladers","item":"https:\/\/koningdrone.be\/categorie\/alle-opladers\/"},{"@type":"ListItem","position":4,"name":"INSTA360 ONE X2 Quick Load Hub"}]},{"@type":"WebSite","@id":"https:\/\/koningdrone.be\/#website","url":"https:\/\/koningdrone.be\/","name":"Koningdrone.be - Su especialista en l\u00ednea en drones, cardanes, c\u00e1maras y centrales el\u00e9ctricas.","description":"La tienda virtual de drones y cardanes","publisher":{"@id":"https:\/\/koningdrone.be\/#organization"},"potentialAction":[{"@type":"SearchAction","target":{"@type":"EntryPoint","urlTemplate":"https:\/\/koningdrone.be\/?s={search_term_string}"},"query-input":{"@type":"PropertyValueSpecification","valueRequired":true,"valueName":"search_term_string"}}],"inLanguage":"es"},{"@type":"Organization","@id":"https:\/\/koningdrone.be\/#organization","name":"Kingdrone.es","url":"https:\/\/koningdrone.be\/","logo":{"@type":"ImageObject","inLanguage":"es","@id":"https:\/\/koningdrone.be\/#\/schema\/logo\/image\/","url":"https:\/\/koningdrone.be\/wp-content\/uploads\/sites\/13\/2025\/04\/koningdrone-copyright-logo.svg","contentUrl":"https:\/\/koningdrone.be\/wp-content\/uploads\/sites\/13\/2025\/04\/koningdrone-copyright-logo.svg","width":227,"height":38,"caption":"Koningdrone.be"},"image":{"@id":"https:\/\/koningdrone.be\/#\/schema\/logo\/image\/"}}]}},"df_price":"","df_sale_price":"","df_regular_price":"","df_image_link":"https:\/\/koningdrone.be\/wp-content\/uploads\/sites\/13\/2025\/04\/6970357852277-1-300x169.jpg","_links":{"self":[{"href":"https:\/\/koningdrone.be\/es\/wp-json\/wp\/v2\/product\/6430","targetHints":{"allow":["GET"]}}],"collection":[{"href":"https:\/\/koningdrone.be\/es\/wp-json\/wp\/v2\/product"}],"about":[{"href":"https:\/\/koningdrone.be\/es\/wp-json\/wp\/v2\/types\/product"}],"wp:featuredmedia":[{"embeddable":true,"href":"https:\/\/koningdrone.be\/es\/wp-json\/wp\/v2\/media\/6424"}],"wp:attachment":[{"href":"https:\/\/koningdrone.be\/es\/wp-json\/wp\/v2\/media?parent=6430"}],"wp:term":[{"taxonomy":"product_brand","embeddable":true,"href":"https:\/\/koningdrone.be\/es\/wp-json\/wp\/v2\/product_brand?post=6430"},{"taxonomy":"product_cat","embeddable":true,"href":"https:\/\/koningdrone.be\/es\/wp-json\/wp\/v2\/product_cat?post=6430"},{"taxonomy":"product_tag","embeddable":true,"href":"https:\/\/koningdrone.be\/es\/wp-json\/wp\/v2\/product_tag?post=6430"}],"curies":[{"name":"wp","href":"https:\/\/api.w.org\/{rel}","templated":true}]}}