{"id":6323,"date":"2021-10-03T09:58:06","date_gmt":"2021-10-03T07:58:06","guid":{"rendered":"https:\/\/koningdrone.nl\/kon\/product\/sandisk-extreme-microsdxc-card-128-gb-with-adapter\/"},"modified":"2026-05-01T07:40:05","modified_gmt":"2026-05-01T05:40:05","slug":"sandisk-extreme-microsdxc-card-128-gb-with-adapter","status":"publish","type":"product","link":"https:\/\/koningdrone.be\/es\/producto\/sandisk-extreme-microsdxc-card-128-gb-with-adapter\/","title":{"rendered":"Tarjeta SanDisk Extreme microSDXC de 128 GB con adaptador"},"content":{"rendered":"<h1>Tarjeta SanDisk Extreme microSDXC de 128 GB con adaptador<\/h1>\n<p>La tarjeta de memoria SANDISK Extreme microSDXC 128GB ampl\u00eda tu espacio de almacenamiento de forma f\u00e1cil y r\u00e1pida, ofreci\u00e9ndote m\u00e1s almacenamiento para fotos y v\u00eddeos. Su velocidad extrema garantiza grabaciones de alta calidad, transferencias r\u00e1pidas y un alto rendimiento de las aplicaciones. Adem\u00e1s, tiene un dise\u00f1o robusto, es resistente al agua y a los golpes, por lo que es apta para su uso en las condiciones m\u00e1s adversas.<br \/><strong>Especificaciones t\u00e9cnicas:<\/strong><br \/> - Velocidad de escritura: hasta 90 MB\/s<br \/> - Velocidad de lectura: hasta 160 MB\/s<br \/> - Velocidad de v\u00eddeo: C10, U3, V30<\/p>","protected":false},"excerpt":{"rendered":"<ul>\n<li>Velocidad de lectura y escritura extremadamente alta<\/li>\n<li>Se puede escribir y borrar tantas veces como sea necesario<\/li>\n<li>Dise\u00f1o robusto para uso en condiciones adversas<\/li>\n<\/ul>","protected":false},"featured_media":6322,"template":"","meta":{"_acf_changed":false},"product_brand":[],"product_cat":[97,1230],"product_tag":[],"class_list":{"0":"post-6323","1":"product","2":"type-product","3":"status-publish","4":"has-post-thumbnail","6":"product_cat-alle-producten","7":"product_cat-sandisk","8":"product_shipping_class-outofstock","9":"pa_brand-sandisk","10":"pa_productfamily-memory-adapter","11":"pa_producttype-memory-adapter","12":"pa_series-sandisk-extreme","14":"first","15":"outofstock","16":"taxable","17":"shipping-taxable","18":"product-type-simple"},"acf":[],"yoast_head":"<!-- This site is optimized with the Yoast SEO Premium plugin v27.2 (Yoast SEO v27.2) - https:\/\/yoast.com\/product\/yoast-seo-premium-wordpress\/ -->\n<title>SanDisk Extreme microSDXC card 128 GB with adapter - koningdrone.be<\/title>\n<meta name=\"robots\" content=\"index, follow, max-snippet:-1, max-image-preview:large, max-video-preview:-1\" \/>\n<link rel=\"canonical\" href=\"https:\/\/koningdrone.be\/es\/producto\/sandisk-extreme-microsdxc-card-128-gb-with-adapter\/\" \/>\n<meta property=\"og:locale\" content=\"es_ES\" \/>\n<meta property=\"og:type\" content=\"article\" \/>\n<meta property=\"og:title\" content=\"SanDisk Extreme microSDXC card 128 GB with adapter\" \/>\n<meta property=\"og:description\" content=\"Extreem hoge lees en schrijf snelheidBeschrijfbaar en uitwisbaar zo vaak als nodigRobuust ontwerp voor gebruik onder ongunstige omstandigheden\" \/>\n<meta property=\"og:url\" content=\"https:\/\/koningdrone.be\/es\/producto\/sandisk-extreme-microsdxc-card-128-gb-with-adapter\/\" \/>\n<meta property=\"og:site_name\" content=\"koningdrone.be\" \/>\n<meta property=\"article:modified_time\" content=\"2026-05-01T05:40:05+00:00\" \/>\n<meta property=\"og:image\" content=\"https:\/\/koningdrone.be\/wp-content\/uploads\/sites\/13\/2025\/04\/6196591696884.jpg\" \/>\n\t<meta property=\"og:image:width\" content=\"800\" \/>\n\t<meta property=\"og:image:height\" content=\"500\" \/>\n\t<meta property=\"og:image:type\" content=\"image\/jpeg\" \/>\n<meta name=\"twitter:card\" content=\"summary_large_image\" \/>\n<script type=\"application\/ld+json\" class=\"yoast-schema-graph\">{\"@context\":\"https:\/\/schema.org\",\"@graph\":[{\"@type\":\"WebPage\",\"@id\":\"https:\/\/koningdrone.be\/product\/sandisk-extreme-microsdxc-card-128-gb-with-adapter\/\",\"url\":\"https:\/\/koningdrone.be\/product\/sandisk-extreme-microsdxc-card-128-gb-with-adapter\/\",\"name\":\"SanDisk Extreme microSDXC card 128 GB with adapter - koningdrone.be\",\"isPartOf\":{\"@id\":\"https:\/\/koningdrone.be\/#website\"},\"primaryImageOfPage\":{\"@id\":\"https:\/\/koningdrone.be\/product\/sandisk-extreme-microsdxc-card-128-gb-with-adapter\/#primaryimage\"},\"image\":{\"@id\":\"https:\/\/koningdrone.be\/product\/sandisk-extreme-microsdxc-card-128-gb-with-adapter\/#primaryimage\"},\"thumbnailUrl\":\"https:\/\/koningdrone.be\/wp-content\/uploads\/sites\/13\/2025\/04\/6196591696884.jpg\",\"datePublished\":\"2021-10-03T07:58:06+00:00\",\"dateModified\":\"2026-05-01T05:40:05+00:00\",\"breadcrumb\":{\"@id\":\"https:\/\/koningdrone.be\/product\/sandisk-extreme-microsdxc-card-128-gb-with-adapter\/#breadcrumb\"},\"inLanguage\":\"es\",\"potentialAction\":[{\"@type\":\"ReadAction\",\"target\":[\"https:\/\/koningdrone.be\/product\/sandisk-extreme-microsdxc-card-128-gb-with-adapter\/\"]}]},{\"@type\":\"ImageObject\",\"inLanguage\":\"es\",\"@id\":\"https:\/\/koningdrone.be\/product\/sandisk-extreme-microsdxc-card-128-gb-with-adapter\/#primaryimage\",\"url\":\"https:\/\/koningdrone.be\/wp-content\/uploads\/sites\/13\/2025\/04\/6196591696884.jpg\",\"contentUrl\":\"https:\/\/koningdrone.be\/wp-content\/uploads\/sites\/13\/2025\/04\/6196591696884.jpg\",\"width\":800,\"height\":500},{\"@type\":\"BreadcrumbList\",\"@id\":\"https:\/\/koningdrone.be\/product\/sandisk-extreme-microsdxc-card-128-gb-with-adapter\/#breadcrumb\",\"itemListElement\":[{\"@type\":\"ListItem\",\"position\":1,\"name\":\"Home\",\"item\":\"https:\/\/koningdrone.be\/\"},{\"@type\":\"ListItem\",\"position\":2,\"name\":\"AVSS Parachute Recovery System for DJI Matrice 300\/350\",\"item\":\"https:\/\/koningdrone.be\/product\/avss-parachute-recovery-system-for-dji-matrice-300-350\/\"},{\"@type\":\"ListItem\",\"position\":3,\"name\":\"Alle producten\",\"item\":\"https:\/\/koningdrone.be\/categorie\/alle-producten\/\"},{\"@type\":\"ListItem\",\"position\":4,\"name\":\"SanDisk Extreme microSDXC card 128 GB with adapter\"}]},{\"@type\":\"WebSite\",\"@id\":\"https:\/\/koningdrone.be\/#website\",\"url\":\"https:\/\/koningdrone.be\/\",\"name\":\"Koningdrone.be - Uw online specialist in drones, gimbals, camera's en power stations.\",\"description\":\"De webshop in drones en gimbals\",\"publisher\":{\"@id\":\"https:\/\/koningdrone.be\/#organization\"},\"potentialAction\":[{\"@type\":\"SearchAction\",\"target\":{\"@type\":\"EntryPoint\",\"urlTemplate\":\"https:\/\/koningdrone.be\/?s={search_term_string}\"},\"query-input\":{\"@type\":\"PropertyValueSpecification\",\"valueRequired\":true,\"valueName\":\"search_term_string\"}}],\"inLanguage\":\"es\"},{\"@type\":\"Organization\",\"@id\":\"https:\/\/koningdrone.be\/#organization\",\"name\":\"Koningdrone.be\",\"url\":\"https:\/\/koningdrone.be\/\",\"logo\":{\"@type\":\"ImageObject\",\"inLanguage\":\"es\",\"@id\":\"https:\/\/koningdrone.be\/#\/schema\/logo\/image\/\",\"url\":\"https:\/\/koningdrone.be\/wp-content\/uploads\/sites\/13\/2025\/04\/koningdrone-copyright-logo.svg\",\"contentUrl\":\"https:\/\/koningdrone.be\/wp-content\/uploads\/sites\/13\/2025\/04\/koningdrone-copyright-logo.svg\",\"width\":227,\"height\":38,\"caption\":\"Koningdrone.be\"},\"image\":{\"@id\":\"https:\/\/koningdrone.be\/#\/schema\/logo\/image\/\"}}]}<\/script>\n<!-- \/ Yoast SEO Premium plugin. -->","yoast_head_json":{"title":"SanDisk Extreme microSDXC card 128 GB with adapter - koningdrone.be","robots":{"index":"index","follow":"follow","max-snippet":"max-snippet:-1","max-image-preview":"max-image-preview:large","max-video-preview":"max-video-preview:-1"},"canonical":"https:\/\/koningdrone.be\/es\/producto\/sandisk-extreme-microsdxc-card-128-gb-with-adapter\/","og_locale":"es_ES","og_type":"article","og_title":"SanDisk Extreme microSDXC card 128 GB with adapter","og_description":"Extreem hoge lees en schrijf snelheidBeschrijfbaar en uitwisbaar zo vaak als nodigRobuust ontwerp voor gebruik onder ongunstige omstandigheden","og_url":"https:\/\/koningdrone.be\/es\/producto\/sandisk-extreme-microsdxc-card-128-gb-with-adapter\/","og_site_name":"koningdrone.be","article_modified_time":"2026-05-01T05:40:05+00:00","og_image":[{"width":800,"height":500,"url":"https:\/\/koningdrone.be\/wp-content\/uploads\/sites\/13\/2025\/04\/6196591696884.jpg","type":"image\/jpeg"}],"twitter_card":"summary_large_image","schema":{"@context":"https:\/\/schema.org","@graph":[{"@type":"WebPage","@id":"https:\/\/koningdrone.be\/product\/sandisk-extreme-microsdxc-card-128-gb-with-adapter\/","url":"https:\/\/koningdrone.be\/product\/sandisk-extreme-microsdxc-card-128-gb-with-adapter\/","name":"SanDisk Extreme microSDXC card 128 GB with adapter - koningdrone.be","isPartOf":{"@id":"https:\/\/koningdrone.be\/#website"},"primaryImageOfPage":{"@id":"https:\/\/koningdrone.be\/product\/sandisk-extreme-microsdxc-card-128-gb-with-adapter\/#primaryimage"},"image":{"@id":"https:\/\/koningdrone.be\/product\/sandisk-extreme-microsdxc-card-128-gb-with-adapter\/#primaryimage"},"thumbnailUrl":"https:\/\/koningdrone.be\/wp-content\/uploads\/sites\/13\/2025\/04\/6196591696884.jpg","datePublished":"2021-10-03T07:58:06+00:00","dateModified":"2026-05-01T05:40:05+00:00","breadcrumb":{"@id":"https:\/\/koningdrone.be\/product\/sandisk-extreme-microsdxc-card-128-gb-with-adapter\/#breadcrumb"},"inLanguage":"es","potentialAction":[{"@type":"ReadAction","target":["https:\/\/koningdrone.be\/product\/sandisk-extreme-microsdxc-card-128-gb-with-adapter\/"]}]},{"@type":"ImageObject","inLanguage":"es","@id":"https:\/\/koningdrone.be\/product\/sandisk-extreme-microsdxc-card-128-gb-with-adapter\/#primaryimage","url":"https:\/\/koningdrone.be\/wp-content\/uploads\/sites\/13\/2025\/04\/6196591696884.jpg","contentUrl":"https:\/\/koningdrone.be\/wp-content\/uploads\/sites\/13\/2025\/04\/6196591696884.jpg","width":800,"height":500},{"@type":"BreadcrumbList","@id":"https:\/\/koningdrone.be\/product\/sandisk-extreme-microsdxc-card-128-gb-with-adapter\/#breadcrumb","itemListElement":[{"@type":"ListItem","position":1,"name":"Home","item":"https:\/\/koningdrone.be\/"},{"@type":"ListItem","position":2,"name":"AVSS Parachute Recovery System for DJI Matrice 300\/350","item":"https:\/\/koningdrone.be\/product\/avss-parachute-recovery-system-for-dji-matrice-300-350\/"},{"@type":"ListItem","position":3,"name":"Alle producten","item":"https:\/\/koningdrone.be\/categorie\/alle-producten\/"},{"@type":"ListItem","position":4,"name":"SanDisk Extreme microSDXC card 128 GB with adapter"}]},{"@type":"WebSite","@id":"https:\/\/koningdrone.be\/#website","url":"https:\/\/koningdrone.be\/","name":"Koningdrone.be - Su especialista en l\u00ednea en drones, cardanes, c\u00e1maras y centrales el\u00e9ctricas.","description":"La tienda virtual de drones y cardanes","publisher":{"@id":"https:\/\/koningdrone.be\/#organization"},"potentialAction":[{"@type":"SearchAction","target":{"@type":"EntryPoint","urlTemplate":"https:\/\/koningdrone.be\/?s={search_term_string}"},"query-input":{"@type":"PropertyValueSpecification","valueRequired":true,"valueName":"search_term_string"}}],"inLanguage":"es"},{"@type":"Organization","@id":"https:\/\/koningdrone.be\/#organization","name":"Kingdrone.es","url":"https:\/\/koningdrone.be\/","logo":{"@type":"ImageObject","inLanguage":"es","@id":"https:\/\/koningdrone.be\/#\/schema\/logo\/image\/","url":"https:\/\/koningdrone.be\/wp-content\/uploads\/sites\/13\/2025\/04\/koningdrone-copyright-logo.svg","contentUrl":"https:\/\/koningdrone.be\/wp-content\/uploads\/sites\/13\/2025\/04\/koningdrone-copyright-logo.svg","width":227,"height":38,"caption":"Koningdrone.be"},"image":{"@id":"https:\/\/koningdrone.be\/#\/schema\/logo\/image\/"}}]}},"df_price":"","df_sale_price":"","df_regular_price":"","df_image_link":"https:\/\/koningdrone.be\/wp-content\/uploads\/sites\/13\/2025\/04\/6196591696884-300x188.jpg","_links":{"self":[{"href":"https:\/\/koningdrone.be\/es\/wp-json\/wp\/v2\/product\/6323","targetHints":{"allow":["GET"]}}],"collection":[{"href":"https:\/\/koningdrone.be\/es\/wp-json\/wp\/v2\/product"}],"about":[{"href":"https:\/\/koningdrone.be\/es\/wp-json\/wp\/v2\/types\/product"}],"wp:featuredmedia":[{"embeddable":true,"href":"https:\/\/koningdrone.be\/es\/wp-json\/wp\/v2\/media\/6322"}],"wp:attachment":[{"href":"https:\/\/koningdrone.be\/es\/wp-json\/wp\/v2\/media?parent=6323"}],"wp:term":[{"taxonomy":"product_brand","embeddable":true,"href":"https:\/\/koningdrone.be\/es\/wp-json\/wp\/v2\/product_brand?post=6323"},{"taxonomy":"product_cat","embeddable":true,"href":"https:\/\/koningdrone.be\/es\/wp-json\/wp\/v2\/product_cat?post=6323"},{"taxonomy":"product_tag","embeddable":true,"href":"https:\/\/koningdrone.be\/es\/wp-json\/wp\/v2\/product_tag?post=6323"}],"curies":[{"name":"wp","href":"https:\/\/api.w.org\/{rel}","templated":true}]}}