{"id":6278,"date":"2021-10-03T09:59:29","date_gmt":"2021-10-03T07:59:29","guid":{"rendered":"https:\/\/koningdrone.nl\/kon\/product\/insta360-pro-2-0\/"},"modified":"2026-05-17T07:40:34","modified_gmt":"2026-05-17T05:40:34","slug":"insta360-pro-2-0","status":"publish","type":"product","link":"https:\/\/koningdrone.be\/es\/producto\/insta360-pro-2-0\/","title":{"rendered":"INSTA360 Pro 2.0"},"content":{"rendered":"<h1>INSTA360 PRO 2.0<\/h1>\n<p>La Insta360 Pro 2.0 es una actualizaci\u00f3n de la Insta360 Pro. Ofrece fotos de s\u00faper alta resoluci\u00f3n 12K, una gran mejora en la calidad de imagen, una curva de exposici\u00f3n ajustable, Facebook 4K livestreaming y muchas m\u00e1s caracter\u00edsticas.<br \/><strong>COOPERACI\u00d3N CON ADOBE SYSTEMS<\/strong><br \/>La colaboraci\u00f3n con Adobe Systems permite editar v\u00eddeos de 360 grados muy f\u00e1cilmente en los principales programas de edici\u00f3n y montaje de v\u00eddeo.<br \/><strong>CADA PERSPECTIVA CLARAMENTE PRESENTADA<\/strong><br \/>Con CrystalView, el material de la pel\u00edcula se transmite en una sola esfera especialmente segmentada. El \u00e1ngulo de visi\u00f3n se muestra autom\u00e1ticamente. Si el \u00e1ngulo cambia, se realiza un ajuste en tiempo real.<br \/><strong>SONIDO ORIGINAL<\/strong><br \/>Con Insta360 Pro 2, las grabaciones de RV pueden convertirse r\u00e1pidamente a un formato especial que puede reproducirse en todos los smartphones o cascos de RV habituales, y con calidad de v\u00eddeo 8K.<br \/><strong>CUATRO MICR\u00d3FONOS DE ALTO RENDIMIENTO<\/strong><br \/>Los cuatro micr\u00f3fonos est\u00e1n equipados con puntos de montaje a medida para herramientas industriales de audio de 360\u00b0 y admiten audio de 360\u00b0.<\/p>","protected":false},"excerpt":{"rendered":"<ul>\n<li>Alcance tierra-aire de hasta 3 km<\/li>\n<li>Aprox. 300 m de tierra a tierra en condiciones normales<\/li>\n<li>Modos de v\u00eddeo 8K 3D 30FPS \/ 8K 2D 60FPS \/ 6K 3D 60FPS\/4K 3D 120FPS.<\/li>\n<li>Introduce el nuevo modo 3D 8K; otros modos duplican la frecuencia de imagen de Pro 1<\/li>\n<li>Estabilizaci\u00f3n FlowState con giroscopio integrado de 9 ejes<\/li>\n<li>Opciones de grabaci\u00f3n flexibles (6 tarjetas MicroSD + 1 tarjeta SD), consigue la m\u00e1xima velocidad de bits y calidad de imagen<\/li>\n<li>Puertos de conexi\u00f3n vers\u00e1tiles listos para cada toma, cada accesorio<\/li>\n<li> M\u00f3dulo GPS integrado + GPS en la parte superior y antenas WiFi para mejorar la intensidad de la se\u00f1al<\/li>\n<li>Integraci\u00f3n con Adobe Premiere Pro.<\/li>\n<li>Guarda un archivo proxy con cada toma para una edici\u00f3n r\u00e1pida y eficaz en Premiere<\/li>\n<li>Modo RAW para fotos<\/li>\n<\/ul>","protected":false},"featured_media":6274,"template":"","meta":{"_acf_changed":false},"product_brand":[],"product_cat":[97,343],"product_tag":[],"class_list":{"0":"post-6278","1":"product","2":"type-product","3":"status-publish","4":"has-post-thumbnail","6":"product_cat-alle-producten","7":"product_cat-insta360","8":"product_shipping_class-outofstock","9":"pa_brand-insta360","10":"pa_productfamily-camera","11":"pa_producttype-camera","12":"pa_series-insta360-go","14":"first","15":"outofstock","16":"taxable","17":"shipping-taxable","18":"product-type-simple"},"acf":[],"yoast_head":"<!-- This site is optimized with the Yoast SEO Premium plugin v27.2 (Yoast SEO v27.2) - https:\/\/yoast.com\/product\/yoast-seo-premium-wordpress\/ -->\n<title>INSTA360 Pro 2.0 - koningdrone.be<\/title>\n<meta name=\"robots\" content=\"index, follow, max-snippet:-1, max-image-preview:large, max-video-preview:-1\" \/>\n<link rel=\"canonical\" href=\"https:\/\/koningdrone.be\/es\/producto\/insta360-pro-2-0\/\" \/>\n<meta property=\"og:locale\" content=\"es_ES\" \/>\n<meta property=\"og:type\" content=\"article\" \/>\n<meta property=\"og:title\" content=\"INSTA360 Pro 2.0\" \/>\n<meta property=\"og:description\" content=\"Tot 3 km grond-tot-hemel bereikCa. 300 m voor grond tot grond onder normale omstandigheden8K 3D 30FPS \/ 8K 2D 60FPS \/ 6K 3D 60FPS\/4K 3D 120FPS videomodi.Introduceert nieuwe 8K 3D-modus; andere modi dubbele framerate van Pro 1FlowState-stabilisatie bereikt met ingebouwde 9-assige gyroFlexibele opname-opties (6 MicroSD-KAART + 1 SD-KAART), bereikt maximale bitrate en beeldkwaliteitVeelzijdige verbindingspoorten klaar voor elke opname, elk accessoire Ingebouwde GPS-module + GPS aan de bovenzijde en WiFi-antennes om de signaalsterkte te verbeterenIntegratie met Adobe Premiere Pro.Slaat proxy-bestand op bij elke opname die is gemaakt voor snelle, effici\u00ebnte bewerking in PremiereRAW-modus voor foto&#039;s\" \/>\n<meta property=\"og:url\" content=\"https:\/\/koningdrone.be\/es\/producto\/insta360-pro-2-0\/\" \/>\n<meta property=\"og:site_name\" content=\"koningdrone.be\" \/>\n<meta property=\"article:modified_time\" content=\"2026-05-17T05:40:34+00:00\" \/>\n<meta property=\"og:image\" content=\"https:\/\/koningdrone.be\/wp-content\/uploads\/sites\/13\/2025\/04\/6970357850853-1.jpg\" \/>\n\t<meta property=\"og:image:width\" content=\"800\" \/>\n\t<meta property=\"og:image:height\" content=\"500\" \/>\n\t<meta property=\"og:image:type\" content=\"image\/jpeg\" \/>\n<meta name=\"twitter:card\" content=\"summary_large_image\" \/>\n<meta name=\"twitter:label1\" content=\"Tiempo de lectura\" \/>\n\t<meta name=\"twitter:data1\" content=\"1 minuto\" \/>\n<script type=\"application\/ld+json\" class=\"yoast-schema-graph\">{\"@context\":\"https:\/\/schema.org\",\"@graph\":[{\"@type\":\"WebPage\",\"@id\":\"https:\/\/koningdrone.be\/product\/insta360-pro-2-0\/\",\"url\":\"https:\/\/koningdrone.be\/product\/insta360-pro-2-0\/\",\"name\":\"INSTA360 Pro 2.0 - koningdrone.be\",\"isPartOf\":{\"@id\":\"https:\/\/koningdrone.be\/#website\"},\"primaryImageOfPage\":{\"@id\":\"https:\/\/koningdrone.be\/product\/insta360-pro-2-0\/#primaryimage\"},\"image\":{\"@id\":\"https:\/\/koningdrone.be\/product\/insta360-pro-2-0\/#primaryimage\"},\"thumbnailUrl\":\"https:\/\/koningdrone.be\/wp-content\/uploads\/sites\/13\/2025\/04\/6970357850853-1.jpg\",\"datePublished\":\"2021-10-03T07:59:29+00:00\",\"dateModified\":\"2026-05-17T05:40:34+00:00\",\"breadcrumb\":{\"@id\":\"https:\/\/koningdrone.be\/product\/insta360-pro-2-0\/#breadcrumb\"},\"inLanguage\":\"es\",\"potentialAction\":[{\"@type\":\"ReadAction\",\"target\":[\"https:\/\/koningdrone.be\/product\/insta360-pro-2-0\/\"]}]},{\"@type\":\"ImageObject\",\"inLanguage\":\"es\",\"@id\":\"https:\/\/koningdrone.be\/product\/insta360-pro-2-0\/#primaryimage\",\"url\":\"https:\/\/koningdrone.be\/wp-content\/uploads\/sites\/13\/2025\/04\/6970357850853-1.jpg\",\"contentUrl\":\"https:\/\/koningdrone.be\/wp-content\/uploads\/sites\/13\/2025\/04\/6970357850853-1.jpg\",\"width\":800,\"height\":500},{\"@type\":\"BreadcrumbList\",\"@id\":\"https:\/\/koningdrone.be\/product\/insta360-pro-2-0\/#breadcrumb\",\"itemListElement\":[{\"@type\":\"ListItem\",\"position\":1,\"name\":\"Home\",\"item\":\"https:\/\/koningdrone.be\/\"},{\"@type\":\"ListItem\",\"position\":2,\"name\":\"AVSS Parachute Recovery System for DJI Matrice 300\/350\",\"item\":\"https:\/\/koningdrone.be\/product\/avss-parachute-recovery-system-for-dji-matrice-300-350\/\"},{\"@type\":\"ListItem\",\"position\":3,\"name\":\"Alle producten\",\"item\":\"https:\/\/koningdrone.be\/categorie\/alle-producten\/\"},{\"@type\":\"ListItem\",\"position\":4,\"name\":\"INSTA360 Pro 2.0\"}]},{\"@type\":\"WebSite\",\"@id\":\"https:\/\/koningdrone.be\/#website\",\"url\":\"https:\/\/koningdrone.be\/\",\"name\":\"Koningdrone.be - Uw online specialist in drones, gimbals, camera's en power stations.\",\"description\":\"De webshop in drones en gimbals\",\"publisher\":{\"@id\":\"https:\/\/koningdrone.be\/#organization\"},\"potentialAction\":[{\"@type\":\"SearchAction\",\"target\":{\"@type\":\"EntryPoint\",\"urlTemplate\":\"https:\/\/koningdrone.be\/?s={search_term_string}\"},\"query-input\":{\"@type\":\"PropertyValueSpecification\",\"valueRequired\":true,\"valueName\":\"search_term_string\"}}],\"inLanguage\":\"es\"},{\"@type\":\"Organization\",\"@id\":\"https:\/\/koningdrone.be\/#organization\",\"name\":\"Koningdrone.be\",\"url\":\"https:\/\/koningdrone.be\/\",\"logo\":{\"@type\":\"ImageObject\",\"inLanguage\":\"es\",\"@id\":\"https:\/\/koningdrone.be\/#\/schema\/logo\/image\/\",\"url\":\"https:\/\/koningdrone.be\/wp-content\/uploads\/sites\/13\/2025\/04\/koningdrone-copyright-logo.svg\",\"contentUrl\":\"https:\/\/koningdrone.be\/wp-content\/uploads\/sites\/13\/2025\/04\/koningdrone-copyright-logo.svg\",\"width\":227,\"height\":38,\"caption\":\"Koningdrone.be\"},\"image\":{\"@id\":\"https:\/\/koningdrone.be\/#\/schema\/logo\/image\/\"}}]}<\/script>\n<!-- \/ Yoast SEO Premium plugin. -->","yoast_head_json":{"title":"INSTA360 Pro 2.0 - koningdrone.be","robots":{"index":"index","follow":"follow","max-snippet":"max-snippet:-1","max-image-preview":"max-image-preview:large","max-video-preview":"max-video-preview:-1"},"canonical":"https:\/\/koningdrone.be\/es\/producto\/insta360-pro-2-0\/","og_locale":"es_ES","og_type":"article","og_title":"INSTA360 Pro 2.0","og_description":"Tot 3 km grond-tot-hemel bereikCa. 300 m voor grond tot grond onder normale omstandigheden8K 3D 30FPS \/ 8K 2D 60FPS \/ 6K 3D 60FPS\/4K 3D 120FPS videomodi.Introduceert nieuwe 8K 3D-modus; andere modi dubbele framerate van Pro 1FlowState-stabilisatie bereikt met ingebouwde 9-assige gyroFlexibele opname-opties (6 MicroSD-KAART + 1 SD-KAART), bereikt maximale bitrate en beeldkwaliteitVeelzijdige verbindingspoorten klaar voor elke opname, elk accessoire Ingebouwde GPS-module + GPS aan de bovenzijde en WiFi-antennes om de signaalsterkte te verbeterenIntegratie met Adobe Premiere Pro.Slaat proxy-bestand op bij elke opname die is gemaakt voor snelle, effici\u00ebnte bewerking in PremiereRAW-modus voor foto's","og_url":"https:\/\/koningdrone.be\/es\/producto\/insta360-pro-2-0\/","og_site_name":"koningdrone.be","article_modified_time":"2026-05-17T05:40:34+00:00","og_image":[{"width":800,"height":500,"url":"https:\/\/koningdrone.be\/wp-content\/uploads\/sites\/13\/2025\/04\/6970357850853-1.jpg","type":"image\/jpeg"}],"twitter_card":"summary_large_image","twitter_misc":{"Tiempo de lectura":"1 minuto"},"schema":{"@context":"https:\/\/schema.org","@graph":[{"@type":"WebPage","@id":"https:\/\/koningdrone.be\/product\/insta360-pro-2-0\/","url":"https:\/\/koningdrone.be\/product\/insta360-pro-2-0\/","name":"INSTA360 Pro 2.0 - koningdrone.be","isPartOf":{"@id":"https:\/\/koningdrone.be\/#website"},"primaryImageOfPage":{"@id":"https:\/\/koningdrone.be\/product\/insta360-pro-2-0\/#primaryimage"},"image":{"@id":"https:\/\/koningdrone.be\/product\/insta360-pro-2-0\/#primaryimage"},"thumbnailUrl":"https:\/\/koningdrone.be\/wp-content\/uploads\/sites\/13\/2025\/04\/6970357850853-1.jpg","datePublished":"2021-10-03T07:59:29+00:00","dateModified":"2026-05-17T05:40:34+00:00","breadcrumb":{"@id":"https:\/\/koningdrone.be\/product\/insta360-pro-2-0\/#breadcrumb"},"inLanguage":"es","potentialAction":[{"@type":"ReadAction","target":["https:\/\/koningdrone.be\/product\/insta360-pro-2-0\/"]}]},{"@type":"ImageObject","inLanguage":"es","@id":"https:\/\/koningdrone.be\/product\/insta360-pro-2-0\/#primaryimage","url":"https:\/\/koningdrone.be\/wp-content\/uploads\/sites\/13\/2025\/04\/6970357850853-1.jpg","contentUrl":"https:\/\/koningdrone.be\/wp-content\/uploads\/sites\/13\/2025\/04\/6970357850853-1.jpg","width":800,"height":500},{"@type":"BreadcrumbList","@id":"https:\/\/koningdrone.be\/product\/insta360-pro-2-0\/#breadcrumb","itemListElement":[{"@type":"ListItem","position":1,"name":"Home","item":"https:\/\/koningdrone.be\/"},{"@type":"ListItem","position":2,"name":"AVSS Parachute Recovery System for DJI Matrice 300\/350","item":"https:\/\/koningdrone.be\/product\/avss-parachute-recovery-system-for-dji-matrice-300-350\/"},{"@type":"ListItem","position":3,"name":"Alle producten","item":"https:\/\/koningdrone.be\/categorie\/alle-producten\/"},{"@type":"ListItem","position":4,"name":"INSTA360 Pro 2.0"}]},{"@type":"WebSite","@id":"https:\/\/koningdrone.be\/#website","url":"https:\/\/koningdrone.be\/","name":"Koningdrone.be - Su especialista en l\u00ednea en drones, cardanes, c\u00e1maras y centrales el\u00e9ctricas.","description":"La tienda virtual de drones y cardanes","publisher":{"@id":"https:\/\/koningdrone.be\/#organization"},"potentialAction":[{"@type":"SearchAction","target":{"@type":"EntryPoint","urlTemplate":"https:\/\/koningdrone.be\/?s={search_term_string}"},"query-input":{"@type":"PropertyValueSpecification","valueRequired":true,"valueName":"search_term_string"}}],"inLanguage":"es"},{"@type":"Organization","@id":"https:\/\/koningdrone.be\/#organization","name":"Kingdrone.es","url":"https:\/\/koningdrone.be\/","logo":{"@type":"ImageObject","inLanguage":"es","@id":"https:\/\/koningdrone.be\/#\/schema\/logo\/image\/","url":"https:\/\/koningdrone.be\/wp-content\/uploads\/sites\/13\/2025\/04\/koningdrone-copyright-logo.svg","contentUrl":"https:\/\/koningdrone.be\/wp-content\/uploads\/sites\/13\/2025\/04\/koningdrone-copyright-logo.svg","width":227,"height":38,"caption":"Koningdrone.be"},"image":{"@id":"https:\/\/koningdrone.be\/#\/schema\/logo\/image\/"}}]}},"df_price":"","df_sale_price":"","df_regular_price":"","df_image_link":"https:\/\/koningdrone.be\/wp-content\/uploads\/sites\/13\/2025\/04\/6970357850853-1-300x188.jpg","_links":{"self":[{"href":"https:\/\/koningdrone.be\/es\/wp-json\/wp\/v2\/product\/6278","targetHints":{"allow":["GET"]}}],"collection":[{"href":"https:\/\/koningdrone.be\/es\/wp-json\/wp\/v2\/product"}],"about":[{"href":"https:\/\/koningdrone.be\/es\/wp-json\/wp\/v2\/types\/product"}],"wp:featuredmedia":[{"embeddable":true,"href":"https:\/\/koningdrone.be\/es\/wp-json\/wp\/v2\/media\/6274"}],"wp:attachment":[{"href":"https:\/\/koningdrone.be\/es\/wp-json\/wp\/v2\/media?parent=6278"}],"wp:term":[{"taxonomy":"product_brand","embeddable":true,"href":"https:\/\/koningdrone.be\/es\/wp-json\/wp\/v2\/product_brand?post=6278"},{"taxonomy":"product_cat","embeddable":true,"href":"https:\/\/koningdrone.be\/es\/wp-json\/wp\/v2\/product_cat?post=6278"},{"taxonomy":"product_tag","embeddable":true,"href":"https:\/\/koningdrone.be\/es\/wp-json\/wp\/v2\/product_tag?post=6278"}],"curies":[{"name":"wp","href":"https:\/\/api.w.org\/{rel}","templated":true}]}}