{"id":6247,"date":"2021-10-03T10:00:20","date_gmt":"2021-10-03T08:00:20","guid":{"rendered":"https:\/\/koningdrone.nl\/kon\/product\/gl-300-spotlight\/"},"modified":"2026-04-13T15:30:03","modified_gmt":"2026-04-13T13:30:03","slug":"gl-300-spotlight","status":"publish","type":"product","link":"https:\/\/koningdrone.be\/es\/producto\/gl-300-spotlight\/","title":{"rendered":"GL 300 Destacado"},"content":{"rendered":"<h1>Foco GL300<\/h1>\n<p><strong>Visi\u00f3n general<\/strong><br \/>\nGL300 Gimbal Searchlight est\u00e1 especialmente dise\u00f1ado para condiciones de iluminaci\u00f3n de emergencia a largo plazo y a gran escala<\/p>\n<p>Su potencia es cinco veces superior a la de GL60, hasta 300 W, y su brillo de iluminaci\u00f3n supera los 30.000 l\u00famenes. El grupo de lentes \u00f3pticas se utiliza para proyectar haces cada vez m\u00e1s brillantes en un \u00e1ngulo de 45 grados para satisfacer las necesidades de iluminaci\u00f3n de una gama m\u00e1s amplia.<\/p>\n<p>El PTZ triaxial ofrece un \u00e1ngulo de exposici\u00f3n m\u00e1s flexible, que puede utilizarse para proyectar la luz brillante desde el espacio a\u00e9reo seguro, lejos de multitudes, hasta la posici\u00f3n del objetivo. Adopta el dise\u00f1o de interfaz de montaje r\u00e1pido estandarizado CZZN, que puede adaptarse a todo tipo de UAV industriales, y dispone de modo de flash de r\u00e1faga.<\/p>\n<p>Los l\u00famenes instant\u00e1neos pueden alcanzar los 50.000, que tiene el efecto de deslumbramiento causado por la luz fuerte, y puede satisfacer las necesidades de los departamentos de emergencia y seguridad p\u00fablica para las patrullas nocturnas, la eliminaci\u00f3n especial, la respuesta de emergencia y otras operaciones nocturnas.<\/p>\n<p>Adecuado para el Matrice 300 RTK.<\/p>\n<p><strong>Caracter\u00edsticas<\/strong><br \/>\n7 haces de LED 300 W de alta potencia 30.000 l\u00famenes con iluminaci\u00f3n de 45 grados.<br \/>\nLa PTZ gira en inclinaci\u00f3n, lo que la hace c\u00f3moda y flexible para iluminar desde m\u00faltiples \u00e1ngulos. Iguala el rendimiento de la iluminaci\u00f3n fija que requiere una fuente de alimentaci\u00f3n constante.<br \/>\nTecnolog\u00eda de imagen \u00f3ptica que permite un brillo uniforme sin distorsi\u00f3n alguna.<br \/>\nLa interfaz DJI SkyPort V2.0 hace que el foco sea adecuado para la serie DJI UAV Matrice.<\/p>","protected":false},"excerpt":{"rendered":"<ul>\n<li>S\u00faper alta potencia, s\u00faper brillo<\/li>\n<li>Gran angular para seguir objetos en diferentes situaciones<\/li>\n<li>\u00d3ptica \u00f3ptima, sin curvatura reflectante<\/li>\n<li>Interfaz est\u00e1ndar con soporte universal<\/li>\n<\/ul>","protected":false},"featured_media":6245,"template":"","meta":{"_acf_changed":false},"product_brand":[],"product_cat":[126,97,152],"product_tag":[],"class_list":{"0":"post-6247","1":"product","2":"type-product","3":"status-publish","4":"has-post-thumbnail","6":"product_cat-alle-payloads","7":"product_cat-alle-producten","8":"product_cat-dji-matrice-300","9":"product_shipping_class-outofstock","10":"pa_brand-czi","11":"pa_productfamily-spotlight","12":"pa_producttype-spotlight","13":"pa_series-gl300","15":"first","16":"outofstock","17":"taxable","18":"shipping-taxable","19":"purchasable","20":"product-type-simple"},"acf":[],"yoast_head":"<!-- This site is optimized with the Yoast SEO Premium plugin v27.2 (Yoast SEO v27.2) - https:\/\/yoast.com\/product\/yoast-seo-premium-wordpress\/ -->\n<title>GL 300 Spotlight - koningdrone.be<\/title>\n<meta name=\"robots\" content=\"index, follow, max-snippet:-1, max-image-preview:large, max-video-preview:-1\" \/>\n<link rel=\"canonical\" href=\"https:\/\/koningdrone.be\/es\/producto\/gl-300-spotlight\/\" \/>\n<meta property=\"og:locale\" content=\"es_ES\" \/>\n<meta property=\"og:type\" content=\"article\" \/>\n<meta property=\"og:title\" content=\"GL 300 Spotlight\" \/>\n<meta property=\"og:description\" content=\"Super hoog vermogen, superhelderheidBrede hoek om objecten in verschillende situaties te volgenOptimale optiek, geen reflectieve krommingStandaard interface met een universele houder\" \/>\n<meta property=\"og:url\" content=\"https:\/\/koningdrone.be\/es\/producto\/gl-300-spotlight\/\" \/>\n<meta property=\"og:site_name\" content=\"koningdrone.be\" \/>\n<meta property=\"article:modified_time\" content=\"2026-04-13T13:30:03+00:00\" \/>\n<meta property=\"og:image\" content=\"https:\/\/koningdrone.be\/wp-content\/uploads\/sites\/13\/2025\/04\/6972073120142-1.jpg\" \/>\n\t<meta property=\"og:image:width\" content=\"800\" \/>\n\t<meta property=\"og:image:height\" content=\"600\" \/>\n\t<meta property=\"og:image:type\" content=\"image\/jpeg\" \/>\n<meta name=\"twitter:card\" content=\"summary_large_image\" \/>\n<meta name=\"twitter:label1\" content=\"Tiempo de lectura\" \/>\n\t<meta name=\"twitter:data1\" content=\"1 minuto\" \/>\n<script type=\"application\/ld+json\" class=\"yoast-schema-graph\">{\"@context\":\"https:\/\/schema.org\",\"@graph\":[{\"@type\":\"WebPage\",\"@id\":\"https:\/\/koningdrone.be\/product\/gl-300-spotlight\/\",\"url\":\"https:\/\/koningdrone.be\/product\/gl-300-spotlight\/\",\"name\":\"GL 300 Spotlight - koningdrone.be\",\"isPartOf\":{\"@id\":\"https:\/\/koningdrone.be\/#website\"},\"primaryImageOfPage\":{\"@id\":\"https:\/\/koningdrone.be\/product\/gl-300-spotlight\/#primaryimage\"},\"image\":{\"@id\":\"https:\/\/koningdrone.be\/product\/gl-300-spotlight\/#primaryimage\"},\"thumbnailUrl\":\"https:\/\/koningdrone.be\/wp-content\/uploads\/sites\/13\/2025\/04\/6972073120142-1.jpg\",\"datePublished\":\"2021-10-03T08:00:20+00:00\",\"dateModified\":\"2026-04-13T13:30:03+00:00\",\"breadcrumb\":{\"@id\":\"https:\/\/koningdrone.be\/product\/gl-300-spotlight\/#breadcrumb\"},\"inLanguage\":\"es\",\"potentialAction\":[{\"@type\":\"ReadAction\",\"target\":[\"https:\/\/koningdrone.be\/product\/gl-300-spotlight\/\"]}]},{\"@type\":\"ImageObject\",\"inLanguage\":\"es\",\"@id\":\"https:\/\/koningdrone.be\/product\/gl-300-spotlight\/#primaryimage\",\"url\":\"https:\/\/koningdrone.be\/wp-content\/uploads\/sites\/13\/2025\/04\/6972073120142-1.jpg\",\"contentUrl\":\"https:\/\/koningdrone.be\/wp-content\/uploads\/sites\/13\/2025\/04\/6972073120142-1.jpg\",\"width\":800,\"height\":600},{\"@type\":\"BreadcrumbList\",\"@id\":\"https:\/\/koningdrone.be\/product\/gl-300-spotlight\/#breadcrumb\",\"itemListElement\":[{\"@type\":\"ListItem\",\"position\":1,\"name\":\"Home\",\"item\":\"https:\/\/koningdrone.be\/\"},{\"@type\":\"ListItem\",\"position\":2,\"name\":\"AVSS Parachute Recovery System for DJI Matrice 300\/350\",\"item\":\"https:\/\/koningdrone.be\/product\/avss-parachute-recovery-system-for-dji-matrice-300-350\/\"},{\"@type\":\"ListItem\",\"position\":3,\"name\":\"Alle payloads\",\"item\":\"https:\/\/koningdrone.be\/categorie\/alle-payloads\/\"},{\"@type\":\"ListItem\",\"position\":4,\"name\":\"GL 300 Spotlight\"}]},{\"@type\":\"WebSite\",\"@id\":\"https:\/\/koningdrone.be\/#website\",\"url\":\"https:\/\/koningdrone.be\/\",\"name\":\"Koningdrone.be - Uw online specialist in drones, gimbals, camera's en power stations.\",\"description\":\"De webshop in drones en gimbals\",\"publisher\":{\"@id\":\"https:\/\/koningdrone.be\/#organization\"},\"potentialAction\":[{\"@type\":\"SearchAction\",\"target\":{\"@type\":\"EntryPoint\",\"urlTemplate\":\"https:\/\/koningdrone.be\/?s={search_term_string}\"},\"query-input\":{\"@type\":\"PropertyValueSpecification\",\"valueRequired\":true,\"valueName\":\"search_term_string\"}}],\"inLanguage\":\"es\"},{\"@type\":\"Organization\",\"@id\":\"https:\/\/koningdrone.be\/#organization\",\"name\":\"Koningdrone.be\",\"url\":\"https:\/\/koningdrone.be\/\",\"logo\":{\"@type\":\"ImageObject\",\"inLanguage\":\"es\",\"@id\":\"https:\/\/koningdrone.be\/#\/schema\/logo\/image\/\",\"url\":\"https:\/\/koningdrone.be\/wp-content\/uploads\/sites\/13\/2025\/04\/koningdrone-copyright-logo.svg\",\"contentUrl\":\"https:\/\/koningdrone.be\/wp-content\/uploads\/sites\/13\/2025\/04\/koningdrone-copyright-logo.svg\",\"width\":227,\"height\":38,\"caption\":\"Koningdrone.be\"},\"image\":{\"@id\":\"https:\/\/koningdrone.be\/#\/schema\/logo\/image\/\"}}]}<\/script>\n<!-- \/ Yoast SEO Premium plugin. -->","yoast_head_json":{"title":"GL 300 Spotlight - koningdrone.be","robots":{"index":"index","follow":"follow","max-snippet":"max-snippet:-1","max-image-preview":"max-image-preview:large","max-video-preview":"max-video-preview:-1"},"canonical":"https:\/\/koningdrone.be\/es\/producto\/gl-300-spotlight\/","og_locale":"es_ES","og_type":"article","og_title":"GL 300 Spotlight","og_description":"Super hoog vermogen, superhelderheidBrede hoek om objecten in verschillende situaties te volgenOptimale optiek, geen reflectieve krommingStandaard interface met een universele houder","og_url":"https:\/\/koningdrone.be\/es\/producto\/gl-300-spotlight\/","og_site_name":"koningdrone.be","article_modified_time":"2026-04-13T13:30:03+00:00","og_image":[{"width":800,"height":600,"url":"https:\/\/koningdrone.be\/wp-content\/uploads\/sites\/13\/2025\/04\/6972073120142-1.jpg","type":"image\/jpeg"}],"twitter_card":"summary_large_image","twitter_misc":{"Tiempo de lectura":"1 minuto"},"schema":{"@context":"https:\/\/schema.org","@graph":[{"@type":"WebPage","@id":"https:\/\/koningdrone.be\/product\/gl-300-spotlight\/","url":"https:\/\/koningdrone.be\/product\/gl-300-spotlight\/","name":"GL 300 Spotlight - koningdrone.be","isPartOf":{"@id":"https:\/\/koningdrone.be\/#website"},"primaryImageOfPage":{"@id":"https:\/\/koningdrone.be\/product\/gl-300-spotlight\/#primaryimage"},"image":{"@id":"https:\/\/koningdrone.be\/product\/gl-300-spotlight\/#primaryimage"},"thumbnailUrl":"https:\/\/koningdrone.be\/wp-content\/uploads\/sites\/13\/2025\/04\/6972073120142-1.jpg","datePublished":"2021-10-03T08:00:20+00:00","dateModified":"2026-04-13T13:30:03+00:00","breadcrumb":{"@id":"https:\/\/koningdrone.be\/product\/gl-300-spotlight\/#breadcrumb"},"inLanguage":"es","potentialAction":[{"@type":"ReadAction","target":["https:\/\/koningdrone.be\/product\/gl-300-spotlight\/"]}]},{"@type":"ImageObject","inLanguage":"es","@id":"https:\/\/koningdrone.be\/product\/gl-300-spotlight\/#primaryimage","url":"https:\/\/koningdrone.be\/wp-content\/uploads\/sites\/13\/2025\/04\/6972073120142-1.jpg","contentUrl":"https:\/\/koningdrone.be\/wp-content\/uploads\/sites\/13\/2025\/04\/6972073120142-1.jpg","width":800,"height":600},{"@type":"BreadcrumbList","@id":"https:\/\/koningdrone.be\/product\/gl-300-spotlight\/#breadcrumb","itemListElement":[{"@type":"ListItem","position":1,"name":"Home","item":"https:\/\/koningdrone.be\/"},{"@type":"ListItem","position":2,"name":"AVSS Parachute Recovery System for DJI Matrice 300\/350","item":"https:\/\/koningdrone.be\/product\/avss-parachute-recovery-system-for-dji-matrice-300-350\/"},{"@type":"ListItem","position":3,"name":"Alle payloads","item":"https:\/\/koningdrone.be\/categorie\/alle-payloads\/"},{"@type":"ListItem","position":4,"name":"GL 300 Spotlight"}]},{"@type":"WebSite","@id":"https:\/\/koningdrone.be\/#website","url":"https:\/\/koningdrone.be\/","name":"Koningdrone.be - Su especialista en l\u00ednea en drones, cardanes, c\u00e1maras y centrales el\u00e9ctricas.","description":"La tienda virtual de drones y cardanes","publisher":{"@id":"https:\/\/koningdrone.be\/#organization"},"potentialAction":[{"@type":"SearchAction","target":{"@type":"EntryPoint","urlTemplate":"https:\/\/koningdrone.be\/?s={search_term_string}"},"query-input":{"@type":"PropertyValueSpecification","valueRequired":true,"valueName":"search_term_string"}}],"inLanguage":"es"},{"@type":"Organization","@id":"https:\/\/koningdrone.be\/#organization","name":"Kingdrone.es","url":"https:\/\/koningdrone.be\/","logo":{"@type":"ImageObject","inLanguage":"es","@id":"https:\/\/koningdrone.be\/#\/schema\/logo\/image\/","url":"https:\/\/koningdrone.be\/wp-content\/uploads\/sites\/13\/2025\/04\/koningdrone-copyright-logo.svg","contentUrl":"https:\/\/koningdrone.be\/wp-content\/uploads\/sites\/13\/2025\/04\/koningdrone-copyright-logo.svg","width":227,"height":38,"caption":"Koningdrone.be"},"image":{"@id":"https:\/\/koningdrone.be\/#\/schema\/logo\/image\/"}}]}},"df_price":5499,"df_sale_price":"","df_regular_price":5499,"df_image_link":"https:\/\/koningdrone.be\/wp-content\/uploads\/sites\/13\/2025\/04\/6972073120142-1-300x225.jpg","_links":{"self":[{"href":"https:\/\/koningdrone.be\/es\/wp-json\/wp\/v2\/product\/6247","targetHints":{"allow":["GET"]}}],"collection":[{"href":"https:\/\/koningdrone.be\/es\/wp-json\/wp\/v2\/product"}],"about":[{"href":"https:\/\/koningdrone.be\/es\/wp-json\/wp\/v2\/types\/product"}],"wp:featuredmedia":[{"embeddable":true,"href":"https:\/\/koningdrone.be\/es\/wp-json\/wp\/v2\/media\/6245"}],"wp:attachment":[{"href":"https:\/\/koningdrone.be\/es\/wp-json\/wp\/v2\/media?parent=6247"}],"wp:term":[{"taxonomy":"product_brand","embeddable":true,"href":"https:\/\/koningdrone.be\/es\/wp-json\/wp\/v2\/product_brand?post=6247"},{"taxonomy":"product_cat","embeddable":true,"href":"https:\/\/koningdrone.be\/es\/wp-json\/wp\/v2\/product_cat?post=6247"},{"taxonomy":"product_tag","embeddable":true,"href":"https:\/\/koningdrone.be\/es\/wp-json\/wp\/v2\/product_tag?post=6247"}],"curies":[{"name":"wp","href":"https:\/\/api.w.org\/{rel}","templated":true}]}}