{"id":6234,"date":"2021-10-03T10:00:49","date_gmt":"2021-10-03T08:00:49","guid":{"rendered":"https:\/\/koningdrone.nl\/kon\/product\/gl-60-zoom-gimbal-spotlight\/"},"modified":"2026-04-29T08:20:51","modified_gmt":"2026-04-29T06:20:51","slug":"gl-60-zoom-gimbal-spotlight","status":"publish","type":"product","link":"https:\/\/koningdrone.be\/es\/producto\/gl-60-zoom-gimbal-spotlight\/","title":{"rendered":"Foco card\u00e1n con zoom GL 60"},"content":{"rendered":"<h1>Foco card\u00e1n con zoom GL 60<\/h1>\n<p><strong>Card\u00e1n plug-and-play para drones DJI<\/strong><br \/>El CZI GL60 Zoom Gimbal Spotlight es un foco zoom potente y brillante.<br \/>Es una carga \u00fatil plug-and-play, compatible con DJI M300 RTK y Dji matrice 200 series V2, a trav\u00e9s de la interfaz DJI SkyPort V2.0.<br \/>Con una estructura \u00f3ptica de m\u00faltiples lentes, el foco puede emitir luz desde \u00e1ngulos que van de 7\u00b0 a 34\u00b0 para iluminar las zonas que importan, a 200 metros de distancia.<br \/>Estas capacidades, junto con una luminosidad y uniformidad de color extremadamente altas, proporcionan una estrategia de iluminaci\u00f3n a\u00e9rea flexible, c\u00f3moda y potente durante las operaciones nocturnas o con poca luz de los drones.<br \/>El proyector puede rastrear objetivos, cuenta con diversos modos de iluminaci\u00f3n y tiene un dise\u00f1o sin ventilador totalmente sellado para mejorar el rendimiento a prueba de agua y polvo.<br \/>Controla el foco a trav\u00e9s de la app DJI Pilot para cambiar entre la luz normal y el modo flash y seguir autom\u00e1ticamente la rotaci\u00f3n de la c\u00e1mara pan-tilt-zoom.<br \/>El GL60 Zoom Spotlight, con su nueva funci\u00f3n de zoom, se basa en la carga \u00fatil de enfoque fijo GL60.<br \/><strong>M\u00faltiples modos<\/strong><br \/> - Dispone de un potente modo de luz de flash;<br \/> - Env\u00eda el foco y el reflector;<br \/> - Bloqueable para capturar objetos en movimiento;<br \/> - Seguimiento continuo de la radiaci\u00f3n;<br \/> - Rastrea el zoom y la rotaci\u00f3n de la c\u00e1mara.<br \/><strong>Dise\u00f1o robusto<\/strong><br \/> - Dise\u00f1o sin ventilador totalmente sellado;<br \/> - Mejor rendimiento a prueba de agua y polvo;<br \/> - Avanzado sistema de control autom\u00e1tico de la temperatura.<br \/><strong>Compatibilidad con DJI<\/strong><br \/> - Compatible con DJI M300 RTK y M200 serie V2;<br \/> - Plug-and-play utilizando el anillo adaptador universal DJI SkyPort;<br \/> - Control a trav\u00e9s de la aplicaci\u00f3n DJI Pilot;<br \/> - Util\u00edcelo en combinaci\u00f3n con otras cargas \u00fatiles, como la serie H20, para mejorar la eficacia de la misi\u00f3n.<br \/><strong>Escenarios de uso y aplicaciones del GL60 Zoom Spotlight<\/strong><br \/>El foco con zoom GL60 es una herramienta vers\u00e1til que puede utilizarse para diversas aplicaciones.<br \/>Tambi\u00e9n puede utilizarse junto con otras cargas \u00fatiles, como el conjunto de c\u00e1maras H20 para el M300 RTK (en la imagen), para combinar el foco luminoso con otras capacidades de imagen, como el zoom, la visi\u00f3n t\u00e9rmica y el tel\u00e9metro l\u00e1ser, a fin de aumentar la eficacia de la misi\u00f3n.<br \/>Entre los escenarios de uso adecuados para el foco con zoom GL60 se incluyen:<br \/> - Drone de patrulla nocturna;<br \/> - Buscar y guardar;<br \/> - Inspecciones nocturnas o con poca luz;<br \/> - Suplemento de luz para cine y televisi\u00f3n;<br \/> - Reparaci\u00f3n de electricidad o patrulla de l\u00edneas el\u00e9ctricas;<br \/> - Alumbrado de emergencia, tras un corte de electricidad o despu\u00e9s de un incidente como un incendio.<\/p>","protected":false},"excerpt":{"rendered":"<ul>\n<li>Potencia nominal de hasta 65 W;<\/li>\n<li>Irradiaci\u00f3n eficaz hasta 200 metros;<\/li>\n<li>Control flexible del brillo;<\/li>\n<li>Estructura de zoom \u00f3ptico de lente Fresnel;<\/li>\n<li>\u00c1ngulo de iluminaci\u00f3n de 7\u00b0 a 34\u00b0.<\/li>\n<\/ul>","protected":false},"featured_media":6233,"template":"","meta":{"_acf_changed":false},"product_brand":[],"product_cat":[126,97,152],"product_tag":[],"class_list":{"0":"post-6234","1":"product","2":"type-product","3":"status-publish","4":"has-post-thumbnail","6":"product_cat-alle-payloads","7":"product_cat-alle-producten","8":"product_cat-dji-matrice-300","9":"product_shipping_class-outofstock","10":"pa_brand-czi","11":"pa_productfamily-spotlight","12":"pa_producttype-spotlight","13":"pa_series-gl60","15":"first","16":"outofstock","17":"taxable","18":"shipping-taxable","19":"product-type-simple"},"acf":[],"yoast_head":"<!-- This site is optimized with the Yoast SEO Premium plugin v27.2 (Yoast SEO v27.2) - https:\/\/yoast.com\/product\/yoast-seo-premium-wordpress\/ -->\n<title>GL 60 Zoom Gimbal Spotlight - koningdrone.be<\/title>\n<meta name=\"robots\" content=\"index, follow, max-snippet:-1, max-image-preview:large, max-video-preview:-1\" \/>\n<link rel=\"canonical\" href=\"https:\/\/koningdrone.be\/es\/producto\/gl-60-zoom-gimbal-spotlight\/\" \/>\n<meta property=\"og:locale\" content=\"es_ES\" \/>\n<meta property=\"og:type\" content=\"article\" \/>\n<meta property=\"og:title\" content=\"GL 60 Zoom Gimbal Spotlight\" \/>\n<meta property=\"og:description\" content=\"Nominaal vermogen tot 65W;Effectieve bestraling tot 200 meter;Flexibele helderheidsregeling;Fresnel-lens optische zoomstructuur;7\u00b0 tot 34\u00b0 verlichtingshoek.\" \/>\n<meta property=\"og:url\" content=\"https:\/\/koningdrone.be\/es\/producto\/gl-60-zoom-gimbal-spotlight\/\" \/>\n<meta property=\"og:site_name\" content=\"koningdrone.be\" \/>\n<meta property=\"article:modified_time\" content=\"2026-04-29T06:20:51+00:00\" \/>\n<meta property=\"og:image\" content=\"https:\/\/koningdrone.be\/wp-content\/uploads\/sites\/13\/2025\/04\/6972073120081-3.jpg\" \/>\n\t<meta property=\"og:image:width\" content=\"800\" \/>\n\t<meta property=\"og:image:height\" content=\"800\" \/>\n\t<meta property=\"og:image:type\" content=\"image\/jpeg\" \/>\n<meta name=\"twitter:card\" content=\"summary_large_image\" \/>\n<meta name=\"twitter:label1\" content=\"Tiempo de lectura\" \/>\n\t<meta name=\"twitter:data1\" content=\"2 minutos\" \/>\n<script type=\"application\/ld+json\" class=\"yoast-schema-graph\">{\"@context\":\"https:\/\/schema.org\",\"@graph\":[{\"@type\":\"WebPage\",\"@id\":\"https:\/\/koningdrone.be\/product\/gl-60-zoom-gimbal-spotlight\/\",\"url\":\"https:\/\/koningdrone.be\/product\/gl-60-zoom-gimbal-spotlight\/\",\"name\":\"GL 60 Zoom Gimbal Spotlight - koningdrone.be\",\"isPartOf\":{\"@id\":\"https:\/\/koningdrone.be\/#website\"},\"primaryImageOfPage\":{\"@id\":\"https:\/\/koningdrone.be\/product\/gl-60-zoom-gimbal-spotlight\/#primaryimage\"},\"image\":{\"@id\":\"https:\/\/koningdrone.be\/product\/gl-60-zoom-gimbal-spotlight\/#primaryimage\"},\"thumbnailUrl\":\"https:\/\/koningdrone.be\/wp-content\/uploads\/sites\/13\/2025\/04\/6972073120081-3.jpg\",\"datePublished\":\"2021-10-03T08:00:49+00:00\",\"dateModified\":\"2026-04-29T06:20:51+00:00\",\"breadcrumb\":{\"@id\":\"https:\/\/koningdrone.be\/product\/gl-60-zoom-gimbal-spotlight\/#breadcrumb\"},\"inLanguage\":\"es\",\"potentialAction\":[{\"@type\":\"ReadAction\",\"target\":[\"https:\/\/koningdrone.be\/product\/gl-60-zoom-gimbal-spotlight\/\"]}]},{\"@type\":\"ImageObject\",\"inLanguage\":\"es\",\"@id\":\"https:\/\/koningdrone.be\/product\/gl-60-zoom-gimbal-spotlight\/#primaryimage\",\"url\":\"https:\/\/koningdrone.be\/wp-content\/uploads\/sites\/13\/2025\/04\/6972073120081-3.jpg\",\"contentUrl\":\"https:\/\/koningdrone.be\/wp-content\/uploads\/sites\/13\/2025\/04\/6972073120081-3.jpg\",\"width\":800,\"height\":800},{\"@type\":\"BreadcrumbList\",\"@id\":\"https:\/\/koningdrone.be\/product\/gl-60-zoom-gimbal-spotlight\/#breadcrumb\",\"itemListElement\":[{\"@type\":\"ListItem\",\"position\":1,\"name\":\"Home\",\"item\":\"https:\/\/koningdrone.be\/\"},{\"@type\":\"ListItem\",\"position\":2,\"name\":\"AVSS Parachute Recovery System for DJI Matrice 300\/350\",\"item\":\"https:\/\/koningdrone.be\/product\/avss-parachute-recovery-system-for-dji-matrice-300-350\/\"},{\"@type\":\"ListItem\",\"position\":3,\"name\":\"Alle payloads\",\"item\":\"https:\/\/koningdrone.be\/categorie\/alle-payloads\/\"},{\"@type\":\"ListItem\",\"position\":4,\"name\":\"GL 60 Zoom Gimbal Spotlight\"}]},{\"@type\":\"WebSite\",\"@id\":\"https:\/\/koningdrone.be\/#website\",\"url\":\"https:\/\/koningdrone.be\/\",\"name\":\"Koningdrone.be - Uw online specialist in drones, gimbals, camera's en power stations.\",\"description\":\"De webshop in drones en gimbals\",\"publisher\":{\"@id\":\"https:\/\/koningdrone.be\/#organization\"},\"potentialAction\":[{\"@type\":\"SearchAction\",\"target\":{\"@type\":\"EntryPoint\",\"urlTemplate\":\"https:\/\/koningdrone.be\/?s={search_term_string}\"},\"query-input\":{\"@type\":\"PropertyValueSpecification\",\"valueRequired\":true,\"valueName\":\"search_term_string\"}}],\"inLanguage\":\"es\"},{\"@type\":\"Organization\",\"@id\":\"https:\/\/koningdrone.be\/#organization\",\"name\":\"Koningdrone.be\",\"url\":\"https:\/\/koningdrone.be\/\",\"logo\":{\"@type\":\"ImageObject\",\"inLanguage\":\"es\",\"@id\":\"https:\/\/koningdrone.be\/#\/schema\/logo\/image\/\",\"url\":\"https:\/\/koningdrone.be\/wp-content\/uploads\/sites\/13\/2025\/04\/koningdrone-copyright-logo.svg\",\"contentUrl\":\"https:\/\/koningdrone.be\/wp-content\/uploads\/sites\/13\/2025\/04\/koningdrone-copyright-logo.svg\",\"width\":227,\"height\":38,\"caption\":\"Koningdrone.be\"},\"image\":{\"@id\":\"https:\/\/koningdrone.be\/#\/schema\/logo\/image\/\"}}]}<\/script>\n<!-- \/ Yoast SEO Premium plugin. -->","yoast_head_json":{"title":"GL 60 Zoom Gimbal Spotlight - koningdrone.be","robots":{"index":"index","follow":"follow","max-snippet":"max-snippet:-1","max-image-preview":"max-image-preview:large","max-video-preview":"max-video-preview:-1"},"canonical":"https:\/\/koningdrone.be\/es\/producto\/gl-60-zoom-gimbal-spotlight\/","og_locale":"es_ES","og_type":"article","og_title":"GL 60 Zoom Gimbal Spotlight","og_description":"Nominaal vermogen tot 65W;Effectieve bestraling tot 200 meter;Flexibele helderheidsregeling;Fresnel-lens optische zoomstructuur;7\u00b0 tot 34\u00b0 verlichtingshoek.","og_url":"https:\/\/koningdrone.be\/es\/producto\/gl-60-zoom-gimbal-spotlight\/","og_site_name":"koningdrone.be","article_modified_time":"2026-04-29T06:20:51+00:00","og_image":[{"width":800,"height":800,"url":"https:\/\/koningdrone.be\/wp-content\/uploads\/sites\/13\/2025\/04\/6972073120081-3.jpg","type":"image\/jpeg"}],"twitter_card":"summary_large_image","twitter_misc":{"Tiempo de lectura":"2 minutos"},"schema":{"@context":"https:\/\/schema.org","@graph":[{"@type":"WebPage","@id":"https:\/\/koningdrone.be\/product\/gl-60-zoom-gimbal-spotlight\/","url":"https:\/\/koningdrone.be\/product\/gl-60-zoom-gimbal-spotlight\/","name":"GL 60 Zoom Gimbal Spotlight - koningdrone.be","isPartOf":{"@id":"https:\/\/koningdrone.be\/#website"},"primaryImageOfPage":{"@id":"https:\/\/koningdrone.be\/product\/gl-60-zoom-gimbal-spotlight\/#primaryimage"},"image":{"@id":"https:\/\/koningdrone.be\/product\/gl-60-zoom-gimbal-spotlight\/#primaryimage"},"thumbnailUrl":"https:\/\/koningdrone.be\/wp-content\/uploads\/sites\/13\/2025\/04\/6972073120081-3.jpg","datePublished":"2021-10-03T08:00:49+00:00","dateModified":"2026-04-29T06:20:51+00:00","breadcrumb":{"@id":"https:\/\/koningdrone.be\/product\/gl-60-zoom-gimbal-spotlight\/#breadcrumb"},"inLanguage":"es","potentialAction":[{"@type":"ReadAction","target":["https:\/\/koningdrone.be\/product\/gl-60-zoom-gimbal-spotlight\/"]}]},{"@type":"ImageObject","inLanguage":"es","@id":"https:\/\/koningdrone.be\/product\/gl-60-zoom-gimbal-spotlight\/#primaryimage","url":"https:\/\/koningdrone.be\/wp-content\/uploads\/sites\/13\/2025\/04\/6972073120081-3.jpg","contentUrl":"https:\/\/koningdrone.be\/wp-content\/uploads\/sites\/13\/2025\/04\/6972073120081-3.jpg","width":800,"height":800},{"@type":"BreadcrumbList","@id":"https:\/\/koningdrone.be\/product\/gl-60-zoom-gimbal-spotlight\/#breadcrumb","itemListElement":[{"@type":"ListItem","position":1,"name":"Home","item":"https:\/\/koningdrone.be\/"},{"@type":"ListItem","position":2,"name":"AVSS Parachute Recovery System for DJI Matrice 300\/350","item":"https:\/\/koningdrone.be\/product\/avss-parachute-recovery-system-for-dji-matrice-300-350\/"},{"@type":"ListItem","position":3,"name":"Alle payloads","item":"https:\/\/koningdrone.be\/categorie\/alle-payloads\/"},{"@type":"ListItem","position":4,"name":"GL 60 Zoom Gimbal Spotlight"}]},{"@type":"WebSite","@id":"https:\/\/koningdrone.be\/#website","url":"https:\/\/koningdrone.be\/","name":"Koningdrone.be - Su especialista en l\u00ednea en drones, cardanes, c\u00e1maras y centrales el\u00e9ctricas.","description":"La tienda virtual de drones y cardanes","publisher":{"@id":"https:\/\/koningdrone.be\/#organization"},"potentialAction":[{"@type":"SearchAction","target":{"@type":"EntryPoint","urlTemplate":"https:\/\/koningdrone.be\/?s={search_term_string}"},"query-input":{"@type":"PropertyValueSpecification","valueRequired":true,"valueName":"search_term_string"}}],"inLanguage":"es"},{"@type":"Organization","@id":"https:\/\/koningdrone.be\/#organization","name":"Kingdrone.es","url":"https:\/\/koningdrone.be\/","logo":{"@type":"ImageObject","inLanguage":"es","@id":"https:\/\/koningdrone.be\/#\/schema\/logo\/image\/","url":"https:\/\/koningdrone.be\/wp-content\/uploads\/sites\/13\/2025\/04\/koningdrone-copyright-logo.svg","contentUrl":"https:\/\/koningdrone.be\/wp-content\/uploads\/sites\/13\/2025\/04\/koningdrone-copyright-logo.svg","width":227,"height":38,"caption":"Koningdrone.be"},"image":{"@id":"https:\/\/koningdrone.be\/#\/schema\/logo\/image\/"}}]}},"df_price":"","df_sale_price":"","df_regular_price":"","df_image_link":"https:\/\/koningdrone.be\/wp-content\/uploads\/sites\/13\/2025\/04\/6972073120081-3-300x300.jpg","_links":{"self":[{"href":"https:\/\/koningdrone.be\/es\/wp-json\/wp\/v2\/product\/6234","targetHints":{"allow":["GET"]}}],"collection":[{"href":"https:\/\/koningdrone.be\/es\/wp-json\/wp\/v2\/product"}],"about":[{"href":"https:\/\/koningdrone.be\/es\/wp-json\/wp\/v2\/types\/product"}],"wp:featuredmedia":[{"embeddable":true,"href":"https:\/\/koningdrone.be\/es\/wp-json\/wp\/v2\/media\/6233"}],"wp:attachment":[{"href":"https:\/\/koningdrone.be\/es\/wp-json\/wp\/v2\/media?parent=6234"}],"wp:term":[{"taxonomy":"product_brand","embeddable":true,"href":"https:\/\/koningdrone.be\/es\/wp-json\/wp\/v2\/product_brand?post=6234"},{"taxonomy":"product_cat","embeddable":true,"href":"https:\/\/koningdrone.be\/es\/wp-json\/wp\/v2\/product_cat?post=6234"},{"taxonomy":"product_tag","embeddable":true,"href":"https:\/\/koningdrone.be\/es\/wp-json\/wp\/v2\/product_tag?post=6234"}],"curies":[{"name":"wp","href":"https:\/\/api.w.org\/{rel}","templated":true}]}}