{"id":6226,"date":"2021-10-03T10:01:49","date_gmt":"2021-10-03T08:01:49","guid":{"rendered":"https:\/\/koningdrone.nl\/kon\/product\/dji-zenmuse-z15-sony-nex7\/"},"modified":"2026-04-29T07:50:12","modified_gmt":"2026-04-29T05:50:12","slug":"dji-zenmuse-z15-sony-nex7","status":"publish","type":"product","link":"https:\/\/koningdrone.be\/es\/producto\/dji-zenmuse-z15-sony-nex7\/","title":{"rendered":"DJI Zenmuse Z15 Sony Nex7"},"content":{"rendered":"<h1>DJI Zenmus Z15 Sony Nex7<\/h1>\n<p>Card\u00e1n profesional de 3 ejes para c\u00e1mara con sensores de alta tecnolog\u00eda:<br \/>El cabezal remoto DJI Zenmuse es un hito y una evoluci\u00f3n para la filmaci\u00f3n profesional, la fotograf\u00eda a\u00e9rea y para los clientes comerciales.<br \/>Tambi\u00e9n es adecuado para multic\u00f3pteros que se desplacen a velocidades muy elevadas, manteniendo un control extremadamente preciso y una buena estabilidad.<br \/>La Zenmuse Z15 tiene una precisi\u00f3n de posicionamiento de = b1 0,05 \u00b0 en los 3 ejes, lo que permite una imagen de c\u00e1mara perfectamente alineada.<br \/><strong>Dise\u00f1o especialmente adaptado a cada c\u00e1mara para una mejor estabilizaci\u00f3n<\/strong><br \/>Para perfeccionar el funcionamiento de la Zenmuse Z15, el cabezal de la c\u00e1mara se adapt\u00f3 a c\u00e1maras especiales.<br \/>La DJI Zenmuse Z15 se ha adaptado a la Sony Nex5\/7 y a la Panasonic GH1\/2.<br \/>Con accesorios opcionales, es posible convertir la Z15-N (serie SONY Nex) en la Z15-G (serie PANASONIC GH).<br \/><strong>Diferentes modos de control para controlar la DJI Zenmuse Z15<\/strong><br \/>El DJI Zenmuse Gimbal tiene 3 modos diferentes disponibles que se pueden cambiar durante el vuelo a trav\u00e9s del control remoto RC.<br \/> - Modo de orientaci\u00f3n fija (br\u00fajula)<br \/> - Modo sin orientaci\u00f3n fija<br \/> - Modo FPV con caballete central<br \/>Esto permite todas las opciones de control principales para la fotograf\u00eda a\u00e9rea.<br \/><strong>\u00c1ngulo de rotaci\u00f3n de 360\u00b0 en 3 ejes para una perspectiva perfecta<\/strong><br \/>Un movimiento de 360\u00b0 en los 3 ejes PAN\/ROLL\/NICK es posible a trav\u00e9s de contactos deslizantes de alta calidad, no hay l\u00edmites a la libertad de movimiento de la DJI Zenmuse Z15.<br \/>El cableado del card\u00e1n se fija en conductos especiales para cables.<br \/><strong>IMU independiente para estabilizar la Zenmuse Z15<\/strong><br \/>Los a\u00f1os de desarrollo de DJI en sistemas de piloto autom\u00e1tico de UAV para helic\u00f3pteros y multic\u00f3pteros han dado lugar a grandes avances en los algoritmos de control de actitud.<br \/>Este avance es lo que hace que la Zenmuse Z15 con su unidad IMU integrada sea tan extremadamente estable y fiable.<br \/>La IMU est\u00e1 totalmente cableada y su instalaci\u00f3n es muy sencilla.<br \/><strong>Mando a distancia principal independiente<\/strong><br \/>El control independiente del card\u00e1n a trav\u00e9s del bus CAN est\u00e1 conectado a la IMU y al control de vuelo (Wookong M o H), lo que permite que los datos de los sensores del control de vuelo fluyan hacia los complejos algoritmos de la estabilizaci\u00f3n de la c\u00e1mara.<br \/><strong>Servomotores especiales de DJI<\/strong><br \/>DJI ha adaptado y perfeccionado especialmente las unidades de accionamiento para los movimientos y tiempos de reacci\u00f3n extremadamente r\u00e1pidos.<br \/> - Muy preciso<br \/> - Sin vibraciones<br \/> - Gran fuerza de posicionamiento<br \/>Los m\u00f3dulos de servoaccionamiento de DJI son ideales para uso profesional.<br \/><strong>M\u00f3dulo conversor HDMI-AV para Zenmuse Z15<\/strong><br \/>La necesidad de disponer de una visi\u00f3n en directo de las c\u00e1maras para su control y el hecho de que las c\u00e1maras correspondientes no dispongan de una salida AV compuesta normal llevaron a DJI a desarrollar un m\u00f3dulo conversor integrado en el card\u00e1n.<br \/>Se cre\u00f3 una soluci\u00f3n sencilla y directa, tan simple como ingeniosa.<br \/><strong>Compatibilidad con receptores S-Bus<\/strong><br \/>Para controlar la DJI Zenmuse Z15, se admiten todos los receptores est\u00e1ndar de los fabricantes habituales.<br \/>Tambi\u00e9n se puede utilizar un receptor Futaba S-Bus para evitar cableado innecesario.<br \/><strong>Rotaci\u00f3n sobre 3 ejes<\/strong><br \/>La estabilizaci\u00f3n del card\u00e1n Zenmuse en los 3 ejes se realiza SIEMPRE con la m\u00e1xima precisi\u00f3n y velocidad, con el movimiento manual de la c\u00e1mara controlado a trav\u00e9s de la desviaci\u00f3n del stick en el control remoto, lo que permite un control muy preciso.<br \/>Desde la panor\u00e1mica lenta hasta la b\u00fasqueda r\u00e1pida, todo es posible.<\/p>","protected":false},"excerpt":{"rendered":"<ul>\n<li>Card\u00e1n profesional de alto rendimiento 3-AXIS<\/li>\n<li>Dise\u00f1o de card\u00e1n adaptado a diferentes c\u00e1maras<\/li>\n<li>M\u00faltiples modos de funcionamiento<\/li>\n<li>3-AXIS \u00c1ngulo de rotaci\u00f3n Ilimitado<\/li>\n<li>M\u00f3dulo IMU independiente integrado<\/li>\n<li>Controlador de card\u00e1n independiente<\/li>\n<li>M\u00f3dulo de accionamiento de servo dedicado para card\u00e1n DJI<\/li>\n<li>M\u00f3dulo HDMI-AV<\/li>\n<li>Soporte para receptor S-Bus<\/li>\n<li>Control de velocidad de rotaci\u00f3n de 3 EJES<\/li>\n<\/ul>","protected":false},"featured_media":6223,"template":"","meta":{"_acf_changed":false},"product_brand":[],"product_cat":[298,97,316],"product_tag":[],"class_list":{"0":"post-6226","1":"product","2":"type-product","3":"status-publish","4":"has-post-thumbnail","6":"product_cat-alle-industriele-camera","7":"product_cat-alle-producten","8":"product_cat-dji-zenmuse","9":"product_shipping_class-outofstock","10":"pa_brand-dji","11":"pa_productfamily-camera","12":"pa_producttype-camera","13":"pa_series-zenmuse-z15","15":"first","16":"outofstock","17":"taxable","18":"shipping-taxable","19":"product-type-simple"},"acf":[],"yoast_head":"<!-- This site is optimized with the Yoast SEO Premium plugin v27.2 (Yoast SEO v27.2) - https:\/\/yoast.com\/product\/yoast-seo-premium-wordpress\/ -->\n<title>DJI Zenmuse Z15 Sony Nex7 - koningdrone.be<\/title>\n<meta name=\"robots\" content=\"index, follow, max-snippet:-1, max-image-preview:large, max-video-preview:-1\" \/>\n<link rel=\"canonical\" href=\"https:\/\/koningdrone.be\/es\/producto\/dji-zenmuse-z15-sony-nex7\/\" \/>\n<meta property=\"og:locale\" content=\"es_ES\" \/>\n<meta property=\"og:type\" content=\"article\" \/>\n<meta property=\"og:title\" content=\"DJI Zenmuse Z15 Sony Nex7\" \/>\n<meta property=\"og:description\" content=\"3-AXIS professionele gimbal met hoge prestatiesGimbal-ontwerp aangepast voor verschillende camera&#039;sMeerdere bedieningsmodi3-AXIS Rotatiehoek OnbeperktIngebouwde onafhankelijke IMU-moduleOnafhankelijke gimbal-controllerDJI Gimbal speciale servo-aandrijfmoduleHDMI-AV-moduleOndersteuning voor S-Bus-ontvanger3 AXIS rotatiesnelheidsregeling\" \/>\n<meta property=\"og:url\" content=\"https:\/\/koningdrone.be\/es\/producto\/dji-zenmuse-z15-sony-nex7\/\" \/>\n<meta property=\"og:site_name\" content=\"koningdrone.be\" \/>\n<meta property=\"article:modified_time\" content=\"2026-04-29T05:50:12+00:00\" \/>\n<meta property=\"og:image\" content=\"https:\/\/koningdrone.be\/wp-content\/uploads\/sites\/13\/2025\/04\/6958265106019-1.jpg\" \/>\n\t<meta property=\"og:image:width\" content=\"800\" \/>\n\t<meta property=\"og:image:height\" content=\"500\" \/>\n\t<meta property=\"og:image:type\" content=\"image\/jpeg\" \/>\n<meta name=\"twitter:card\" content=\"summary_large_image\" \/>\n<meta name=\"twitter:label1\" content=\"Tiempo de lectura\" \/>\n\t<meta name=\"twitter:data1\" content=\"2 minutos\" \/>\n<script type=\"application\/ld+json\" class=\"yoast-schema-graph\">{\"@context\":\"https:\/\/schema.org\",\"@graph\":[{\"@type\":\"WebPage\",\"@id\":\"https:\/\/koningdrone.be\/product\/dji-zenmuse-z15-sony-nex7\/\",\"url\":\"https:\/\/koningdrone.be\/product\/dji-zenmuse-z15-sony-nex7\/\",\"name\":\"DJI Zenmuse Z15 Sony Nex7 - koningdrone.be\",\"isPartOf\":{\"@id\":\"https:\/\/koningdrone.be\/#website\"},\"primaryImageOfPage\":{\"@id\":\"https:\/\/koningdrone.be\/product\/dji-zenmuse-z15-sony-nex7\/#primaryimage\"},\"image\":{\"@id\":\"https:\/\/koningdrone.be\/product\/dji-zenmuse-z15-sony-nex7\/#primaryimage\"},\"thumbnailUrl\":\"https:\/\/koningdrone.be\/wp-content\/uploads\/sites\/13\/2025\/04\/6958265106019-1.jpg\",\"datePublished\":\"2021-10-03T08:01:49+00:00\",\"dateModified\":\"2026-04-29T05:50:12+00:00\",\"breadcrumb\":{\"@id\":\"https:\/\/koningdrone.be\/product\/dji-zenmuse-z15-sony-nex7\/#breadcrumb\"},\"inLanguage\":\"es\",\"potentialAction\":[{\"@type\":\"ReadAction\",\"target\":[\"https:\/\/koningdrone.be\/product\/dji-zenmuse-z15-sony-nex7\/\"]}]},{\"@type\":\"ImageObject\",\"inLanguage\":\"es\",\"@id\":\"https:\/\/koningdrone.be\/product\/dji-zenmuse-z15-sony-nex7\/#primaryimage\",\"url\":\"https:\/\/koningdrone.be\/wp-content\/uploads\/sites\/13\/2025\/04\/6958265106019-1.jpg\",\"contentUrl\":\"https:\/\/koningdrone.be\/wp-content\/uploads\/sites\/13\/2025\/04\/6958265106019-1.jpg\",\"width\":800,\"height\":500},{\"@type\":\"BreadcrumbList\",\"@id\":\"https:\/\/koningdrone.be\/product\/dji-zenmuse-z15-sony-nex7\/#breadcrumb\",\"itemListElement\":[{\"@type\":\"ListItem\",\"position\":1,\"name\":\"Home\",\"item\":\"https:\/\/koningdrone.be\/\"},{\"@type\":\"ListItem\",\"position\":2,\"name\":\"AVSS Parachute Recovery System for DJI Matrice 300\/350\",\"item\":\"https:\/\/koningdrone.be\/product\/avss-parachute-recovery-system-for-dji-matrice-300-350\/\"},{\"@type\":\"ListItem\",\"position\":3,\"name\":\"Alle industriele camera\",\"item\":\"https:\/\/koningdrone.be\/categorie\/alle-industriele-camera\/\"},{\"@type\":\"ListItem\",\"position\":4,\"name\":\"DJI Zenmuse Z15 Sony Nex7\"}]},{\"@type\":\"WebSite\",\"@id\":\"https:\/\/koningdrone.be\/#website\",\"url\":\"https:\/\/koningdrone.be\/\",\"name\":\"Koningdrone.be - Uw online specialist in drones, gimbals, camera's en power stations.\",\"description\":\"De webshop in drones en gimbals\",\"publisher\":{\"@id\":\"https:\/\/koningdrone.be\/#organization\"},\"potentialAction\":[{\"@type\":\"SearchAction\",\"target\":{\"@type\":\"EntryPoint\",\"urlTemplate\":\"https:\/\/koningdrone.be\/?s={search_term_string}\"},\"query-input\":{\"@type\":\"PropertyValueSpecification\",\"valueRequired\":true,\"valueName\":\"search_term_string\"}}],\"inLanguage\":\"es\"},{\"@type\":\"Organization\",\"@id\":\"https:\/\/koningdrone.be\/#organization\",\"name\":\"Koningdrone.be\",\"url\":\"https:\/\/koningdrone.be\/\",\"logo\":{\"@type\":\"ImageObject\",\"inLanguage\":\"es\",\"@id\":\"https:\/\/koningdrone.be\/#\/schema\/logo\/image\/\",\"url\":\"https:\/\/koningdrone.be\/wp-content\/uploads\/sites\/13\/2025\/04\/koningdrone-copyright-logo.svg\",\"contentUrl\":\"https:\/\/koningdrone.be\/wp-content\/uploads\/sites\/13\/2025\/04\/koningdrone-copyright-logo.svg\",\"width\":227,\"height\":38,\"caption\":\"Koningdrone.be\"},\"image\":{\"@id\":\"https:\/\/koningdrone.be\/#\/schema\/logo\/image\/\"}}]}<\/script>\n<!-- \/ Yoast SEO Premium plugin. -->","yoast_head_json":{"title":"DJI Zenmuse Z15 Sony Nex7 - koningdrone.be","robots":{"index":"index","follow":"follow","max-snippet":"max-snippet:-1","max-image-preview":"max-image-preview:large","max-video-preview":"max-video-preview:-1"},"canonical":"https:\/\/koningdrone.be\/es\/producto\/dji-zenmuse-z15-sony-nex7\/","og_locale":"es_ES","og_type":"article","og_title":"DJI Zenmuse Z15 Sony Nex7","og_description":"3-AXIS professionele gimbal met hoge prestatiesGimbal-ontwerp aangepast voor verschillende camera'sMeerdere bedieningsmodi3-AXIS Rotatiehoek OnbeperktIngebouwde onafhankelijke IMU-moduleOnafhankelijke gimbal-controllerDJI Gimbal speciale servo-aandrijfmoduleHDMI-AV-moduleOndersteuning voor S-Bus-ontvanger3 AXIS rotatiesnelheidsregeling","og_url":"https:\/\/koningdrone.be\/es\/producto\/dji-zenmuse-z15-sony-nex7\/","og_site_name":"koningdrone.be","article_modified_time":"2026-04-29T05:50:12+00:00","og_image":[{"width":800,"height":500,"url":"https:\/\/koningdrone.be\/wp-content\/uploads\/sites\/13\/2025\/04\/6958265106019-1.jpg","type":"image\/jpeg"}],"twitter_card":"summary_large_image","twitter_misc":{"Tiempo de lectura":"2 minutos"},"schema":{"@context":"https:\/\/schema.org","@graph":[{"@type":"WebPage","@id":"https:\/\/koningdrone.be\/product\/dji-zenmuse-z15-sony-nex7\/","url":"https:\/\/koningdrone.be\/product\/dji-zenmuse-z15-sony-nex7\/","name":"DJI Zenmuse Z15 Sony Nex7 - koningdrone.be","isPartOf":{"@id":"https:\/\/koningdrone.be\/#website"},"primaryImageOfPage":{"@id":"https:\/\/koningdrone.be\/product\/dji-zenmuse-z15-sony-nex7\/#primaryimage"},"image":{"@id":"https:\/\/koningdrone.be\/product\/dji-zenmuse-z15-sony-nex7\/#primaryimage"},"thumbnailUrl":"https:\/\/koningdrone.be\/wp-content\/uploads\/sites\/13\/2025\/04\/6958265106019-1.jpg","datePublished":"2021-10-03T08:01:49+00:00","dateModified":"2026-04-29T05:50:12+00:00","breadcrumb":{"@id":"https:\/\/koningdrone.be\/product\/dji-zenmuse-z15-sony-nex7\/#breadcrumb"},"inLanguage":"es","potentialAction":[{"@type":"ReadAction","target":["https:\/\/koningdrone.be\/product\/dji-zenmuse-z15-sony-nex7\/"]}]},{"@type":"ImageObject","inLanguage":"es","@id":"https:\/\/koningdrone.be\/product\/dji-zenmuse-z15-sony-nex7\/#primaryimage","url":"https:\/\/koningdrone.be\/wp-content\/uploads\/sites\/13\/2025\/04\/6958265106019-1.jpg","contentUrl":"https:\/\/koningdrone.be\/wp-content\/uploads\/sites\/13\/2025\/04\/6958265106019-1.jpg","width":800,"height":500},{"@type":"BreadcrumbList","@id":"https:\/\/koningdrone.be\/product\/dji-zenmuse-z15-sony-nex7\/#breadcrumb","itemListElement":[{"@type":"ListItem","position":1,"name":"Home","item":"https:\/\/koningdrone.be\/"},{"@type":"ListItem","position":2,"name":"AVSS Parachute Recovery System for DJI Matrice 300\/350","item":"https:\/\/koningdrone.be\/product\/avss-parachute-recovery-system-for-dji-matrice-300-350\/"},{"@type":"ListItem","position":3,"name":"Alle industriele camera","item":"https:\/\/koningdrone.be\/categorie\/alle-industriele-camera\/"},{"@type":"ListItem","position":4,"name":"DJI Zenmuse Z15 Sony Nex7"}]},{"@type":"WebSite","@id":"https:\/\/koningdrone.be\/#website","url":"https:\/\/koningdrone.be\/","name":"Koningdrone.be - Su especialista en l\u00ednea en drones, cardanes, c\u00e1maras y centrales el\u00e9ctricas.","description":"La tienda virtual de drones y cardanes","publisher":{"@id":"https:\/\/koningdrone.be\/#organization"},"potentialAction":[{"@type":"SearchAction","target":{"@type":"EntryPoint","urlTemplate":"https:\/\/koningdrone.be\/?s={search_term_string}"},"query-input":{"@type":"PropertyValueSpecification","valueRequired":true,"valueName":"search_term_string"}}],"inLanguage":"es"},{"@type":"Organization","@id":"https:\/\/koningdrone.be\/#organization","name":"Kingdrone.es","url":"https:\/\/koningdrone.be\/","logo":{"@type":"ImageObject","inLanguage":"es","@id":"https:\/\/koningdrone.be\/#\/schema\/logo\/image\/","url":"https:\/\/koningdrone.be\/wp-content\/uploads\/sites\/13\/2025\/04\/koningdrone-copyright-logo.svg","contentUrl":"https:\/\/koningdrone.be\/wp-content\/uploads\/sites\/13\/2025\/04\/koningdrone-copyright-logo.svg","width":227,"height":38,"caption":"Koningdrone.be"},"image":{"@id":"https:\/\/koningdrone.be\/#\/schema\/logo\/image\/"}}]}},"df_price":"","df_sale_price":"","df_regular_price":"","df_image_link":"https:\/\/koningdrone.be\/wp-content\/uploads\/sites\/13\/2025\/04\/6958265106019-1-300x188.jpg","_links":{"self":[{"href":"https:\/\/koningdrone.be\/es\/wp-json\/wp\/v2\/product\/6226","targetHints":{"allow":["GET"]}}],"collection":[{"href":"https:\/\/koningdrone.be\/es\/wp-json\/wp\/v2\/product"}],"about":[{"href":"https:\/\/koningdrone.be\/es\/wp-json\/wp\/v2\/types\/product"}],"wp:featuredmedia":[{"embeddable":true,"href":"https:\/\/koningdrone.be\/es\/wp-json\/wp\/v2\/media\/6223"}],"wp:attachment":[{"href":"https:\/\/koningdrone.be\/es\/wp-json\/wp\/v2\/media?parent=6226"}],"wp:term":[{"taxonomy":"product_brand","embeddable":true,"href":"https:\/\/koningdrone.be\/es\/wp-json\/wp\/v2\/product_brand?post=6226"},{"taxonomy":"product_cat","embeddable":true,"href":"https:\/\/koningdrone.be\/es\/wp-json\/wp\/v2\/product_cat?post=6226"},{"taxonomy":"product_tag","embeddable":true,"href":"https:\/\/koningdrone.be\/es\/wp-json\/wp\/v2\/product_tag?post=6226"}],"curies":[{"name":"wp","href":"https:\/\/api.w.org\/{rel}","templated":true}]}}