{"id":6216,"date":"2021-10-03T10:01:49","date_gmt":"2021-10-03T08:01:49","guid":{"rendered":"https:\/\/koningdrone.nl\/kon\/product\/insta360-one-r-360-edition\/"},"modified":"2026-05-16T07:40:26","modified_gmt":"2026-05-16T05:40:26","slug":"insta360-one-r-360-edition","status":"publish","type":"product","link":"https:\/\/koningdrone.be\/es\/producto\/insta360-one-r-360-edition\/","title":{"rendered":"INSTA360 ONE R Edici\u00f3n 360"},"content":{"rendered":"<h1>INSTA360 ONE R Edici\u00f3n 360<\/h1>\n<p><strong>GRABACI\u00d3N ULTRAS\u00d3NICA 5.7K<\/strong><br \/>Con su resoluci\u00f3n de 5,7K, la lente dual 360 de la ONE R establece nuevos est\u00e1ndares en la codificaci\u00f3n H.265 para preservar el detalle y optimizar las im\u00e1genes.<br \/><strong>ESTABILIZACI\u00d3N ACTUAL<\/strong><br \/>FlowState permite una estabilizaci\u00f3n similar a la de un card\u00e1n, pero sin card\u00e1n. Gracias a un nuevo algoritmo de reconocimiento de escenas, las tomas se mantienen extremadamente estables incluso en condiciones de poca luz.<br \/><strong>PALO SELFIE INVISIBLE<\/strong><br \/>El palo selfie invisible* del ONE R facilita la toma de fotos desde una perspectiva \u00fanica en tercera persona.<br \/>* El palo selfie invisible s\u00f3lo es compatible cuando se utiliza la lente dual 360.<br \/><strong>BULLET-TIME 2.0<\/strong><br \/>Con el ajuste inteligente del horizonte y la velocidad, el exclusivo efecto Bullet Time es ahora a\u00fan m\u00e1s f\u00e1cil y \u00e9pico.<br \/><strong>PUNTO A PISTA + PISTA PROFUNDA<\/strong><br \/>Con s\u00f3lo un toque o una orden de voz, puede seguir continuamente un objeto. El algoritmo de seguimiento operado por IA de ONE R siempre mantiene autom\u00e1ticamente el objeto en el centro de la acci\u00f3n. Incluso si el objeto queda cubierto por un obst\u00e1culo, ONE R puede recordarlo y comienza a seguirlo de nuevo en cuanto reaparece en el campo de visi\u00f3n.<br \/><strong>CREAR HISTORIAS AUTOM\u00c1TICAMENTE CON AI<\/strong><br \/>Las nuevas historias de un solo toque facilitan la edici\u00f3n creativa. T\u00fa pones la acci\u00f3n, la aplicaci\u00f3n se encarga de la edici\u00f3n posterior con plantillas de edici\u00f3n inteligentes.<br \/><strong>TIMESHIFT<\/strong><br \/>Resalta tus escenas favoritas con la c\u00e1mara lenta o acelera el v\u00eddeo con un hyperlapse estabilizado.<br \/><strong>AUTOFRAME<\/strong><br \/>La toma de 360 grados te ofrece infinitas oportunidades para reorganizar las perspectivas. Auto-Frame utiliza un potente algoritmo de visi\u00f3n por ordenador capaz de reconocer las escenas de la imagen y recomendarte las partes m\u00e1s interesantes para que las edites.<br \/><strong>FLASHCUT AI PROCESSING<\/strong><br \/>La aplicaci\u00f3n ONE R utiliza FlashCut con IA para elegir las mejores tomas y editarlas al ritmo de la m\u00fasica. FlashCut analiza el sujeto, la calidad y el tiempo de grabaci\u00f3n para crear clips de v\u00eddeo que se pueden compartir al instante.<br \/><strong>FOTO + V\u00cdDEO HDR<\/strong><br \/>El ONE R es compatible con la grabaci\u00f3n HDR para fotos y v\u00eddeos. Las luces, las sombras y todo lo dem\u00e1s se ven exactamente igual que en la vida real.<br \/><strong>GRABACI\u00d3N NOCTURNA<\/strong><br \/>Activa el modo de disparo nocturno en la oscuridad para obtener fotograf\u00edas naturales, brillantes y v\u00edvidas.<br \/><strong>COLOR PLUS<\/strong><br \/>Color Plus optimiza las grabaciones de forma totalmente autom\u00e1tica. Im\u00e1genes vibrantes, brillantes e impresionantes con s\u00f3lo pulsar un bot\u00f3n.<br \/><strong>VISTA PREVIA DE 360\u00b0 + REPRODUCCI\u00d3N<\/strong><br \/>Con la pantalla t\u00e1ctil de f\u00e1cil uso de la Dual-Lens 360, obtendr\u00e1 una vista previa de su toma. As\u00ed te aseguras de que has capturado tus im\u00e1genes a la perfecci\u00f3n.<br \/><strong>IMPERMEABLE IPX8<\/strong><br \/>El ONE R es resistente al agua IPX8 hasta 5 metros. Tanto si te relajas junto a la piscina como si sales a la calle en un d\u00eda lluvioso, el ONE R siempre estar\u00e1 listo para su uso.<br \/><strong>DISE\u00d1O ROBUSTO<\/strong><br \/>El robusto dise\u00f1o protege la ONE R de golpes y ca\u00eddas, mientras que el protector de objetivo incluido protege adem\u00e1s la lente de la c\u00e1mara de ara\u00f1azos.<\/p>","protected":false},"excerpt":{"rendered":"<ul>\n<li>Grabaci\u00f3n Super 5.7K 360<\/li>\n<li>Estabilizaci\u00f3n del estado de flujo<\/li>\n<li>Resistente al agua hasta 5 m<\/li>\n<li>Palo selfie invisible<\/li>\n<li>Marco autom\u00e1tico<\/li>\n<li>Hyperlapse<\/li>\n<li>Punto a seguir<\/li>\n<li>Control por voz<\/li>\n<li>C\u00e1mara lenta<\/li>\n<li>HDR foto + v\u00eddeo<\/li>\n<li>Toma nocturna<\/li>\n<\/ul>","protected":false},"featured_media":6212,"template":"","meta":{"_acf_changed":false},"product_brand":[],"product_cat":[97,343],"product_tag":[],"class_list":{"0":"post-6216","1":"product","2":"type-product","3":"status-publish","4":"has-post-thumbnail","6":"product_cat-alle-producten","7":"product_cat-insta360","8":"product_shipping_class-outofstock","9":"pa_brand-insta360","10":"pa_productfamily-camera","11":"pa_producttype-camera","12":"pa_series-insta360-go","14":"first","15":"outofstock","16":"taxable","17":"shipping-taxable","18":"product-type-simple"},"acf":[],"yoast_head":"<!-- This site is optimized with the Yoast SEO Premium plugin v27.2 (Yoast SEO v27.2) - https:\/\/yoast.com\/product\/yoast-seo-premium-wordpress\/ -->\n<title>INSTA360 ONE R 360 Edition - koningdrone.be<\/title>\n<meta name=\"robots\" content=\"index, follow, max-snippet:-1, max-image-preview:large, max-video-preview:-1\" \/>\n<link rel=\"canonical\" href=\"https:\/\/koningdrone.be\/es\/producto\/insta360-one-r-360-edition\/\" \/>\n<meta property=\"og:locale\" content=\"es_ES\" \/>\n<meta property=\"og:type\" content=\"article\" \/>\n<meta property=\"og:title\" content=\"INSTA360 ONE R 360 Edition\" \/>\n<meta property=\"og:description\" content=\"Super 5.7K 360\u00b0-opnameFlowState StabilisatieWaterdicht tot 5mOnzichtbare selfiestickAutomatisch frameHyperlapseWijs naar trackSpraakbesturingSlow-motionHDR-foto + videoNachtschot\" \/>\n<meta property=\"og:url\" content=\"https:\/\/koningdrone.be\/es\/producto\/insta360-one-r-360-edition\/\" \/>\n<meta property=\"og:site_name\" content=\"koningdrone.be\" \/>\n<meta property=\"article:modified_time\" content=\"2026-05-16T05:40:26+00:00\" \/>\n<meta property=\"og:image\" content=\"https:\/\/koningdrone.be\/wp-content\/uploads\/sites\/13\/2025\/04\/6970357851683-1.jpg\" \/>\n\t<meta property=\"og:image:width\" content=\"800\" \/>\n\t<meta property=\"og:image:height\" content=\"500\" \/>\n\t<meta property=\"og:image:type\" content=\"image\/jpeg\" \/>\n<meta name=\"twitter:card\" content=\"summary_large_image\" \/>\n<meta name=\"twitter:label1\" content=\"Tiempo de lectura\" \/>\n\t<meta name=\"twitter:data1\" content=\"2 minutos\" \/>\n<script type=\"application\/ld+json\" class=\"yoast-schema-graph\">{\"@context\":\"https:\/\/schema.org\",\"@graph\":[{\"@type\":\"WebPage\",\"@id\":\"https:\/\/koningdrone.be\/product\/insta360-one-r-360-edition\/\",\"url\":\"https:\/\/koningdrone.be\/product\/insta360-one-r-360-edition\/\",\"name\":\"INSTA360 ONE R 360 Edition - koningdrone.be\",\"isPartOf\":{\"@id\":\"https:\/\/koningdrone.be\/#website\"},\"primaryImageOfPage\":{\"@id\":\"https:\/\/koningdrone.be\/product\/insta360-one-r-360-edition\/#primaryimage\"},\"image\":{\"@id\":\"https:\/\/koningdrone.be\/product\/insta360-one-r-360-edition\/#primaryimage\"},\"thumbnailUrl\":\"https:\/\/koningdrone.be\/wp-content\/uploads\/sites\/13\/2025\/04\/6970357851683-1.jpg\",\"datePublished\":\"2021-10-03T08:01:49+00:00\",\"dateModified\":\"2026-05-16T05:40:26+00:00\",\"breadcrumb\":{\"@id\":\"https:\/\/koningdrone.be\/product\/insta360-one-r-360-edition\/#breadcrumb\"},\"inLanguage\":\"es\",\"potentialAction\":[{\"@type\":\"ReadAction\",\"target\":[\"https:\/\/koningdrone.be\/product\/insta360-one-r-360-edition\/\"]}]},{\"@type\":\"ImageObject\",\"inLanguage\":\"es\",\"@id\":\"https:\/\/koningdrone.be\/product\/insta360-one-r-360-edition\/#primaryimage\",\"url\":\"https:\/\/koningdrone.be\/wp-content\/uploads\/sites\/13\/2025\/04\/6970357851683-1.jpg\",\"contentUrl\":\"https:\/\/koningdrone.be\/wp-content\/uploads\/sites\/13\/2025\/04\/6970357851683-1.jpg\",\"width\":800,\"height\":500},{\"@type\":\"BreadcrumbList\",\"@id\":\"https:\/\/koningdrone.be\/product\/insta360-one-r-360-edition\/#breadcrumb\",\"itemListElement\":[{\"@type\":\"ListItem\",\"position\":1,\"name\":\"Home\",\"item\":\"https:\/\/koningdrone.be\/\"},{\"@type\":\"ListItem\",\"position\":2,\"name\":\"AVSS Parachute Recovery System for DJI Matrice 300\/350\",\"item\":\"https:\/\/koningdrone.be\/product\/avss-parachute-recovery-system-for-dji-matrice-300-350\/\"},{\"@type\":\"ListItem\",\"position\":3,\"name\":\"Alle producten\",\"item\":\"https:\/\/koningdrone.be\/categorie\/alle-producten\/\"},{\"@type\":\"ListItem\",\"position\":4,\"name\":\"INSTA360 ONE R 360 Edition\"}]},{\"@type\":\"WebSite\",\"@id\":\"https:\/\/koningdrone.be\/#website\",\"url\":\"https:\/\/koningdrone.be\/\",\"name\":\"Koningdrone.be - Uw online specialist in drones, gimbals, camera's en power stations.\",\"description\":\"De webshop in drones en gimbals\",\"publisher\":{\"@id\":\"https:\/\/koningdrone.be\/#organization\"},\"potentialAction\":[{\"@type\":\"SearchAction\",\"target\":{\"@type\":\"EntryPoint\",\"urlTemplate\":\"https:\/\/koningdrone.be\/?s={search_term_string}\"},\"query-input\":{\"@type\":\"PropertyValueSpecification\",\"valueRequired\":true,\"valueName\":\"search_term_string\"}}],\"inLanguage\":\"es\"},{\"@type\":\"Organization\",\"@id\":\"https:\/\/koningdrone.be\/#organization\",\"name\":\"Koningdrone.be\",\"url\":\"https:\/\/koningdrone.be\/\",\"logo\":{\"@type\":\"ImageObject\",\"inLanguage\":\"es\",\"@id\":\"https:\/\/koningdrone.be\/#\/schema\/logo\/image\/\",\"url\":\"https:\/\/koningdrone.be\/wp-content\/uploads\/sites\/13\/2025\/04\/koningdrone-copyright-logo.svg\",\"contentUrl\":\"https:\/\/koningdrone.be\/wp-content\/uploads\/sites\/13\/2025\/04\/koningdrone-copyright-logo.svg\",\"width\":227,\"height\":38,\"caption\":\"Koningdrone.be\"},\"image\":{\"@id\":\"https:\/\/koningdrone.be\/#\/schema\/logo\/image\/\"}}]}<\/script>\n<!-- \/ Yoast SEO Premium plugin. -->","yoast_head_json":{"title":"INSTA360 ONE R 360 Edition - koningdrone.be","robots":{"index":"index","follow":"follow","max-snippet":"max-snippet:-1","max-image-preview":"max-image-preview:large","max-video-preview":"max-video-preview:-1"},"canonical":"https:\/\/koningdrone.be\/es\/producto\/insta360-one-r-360-edition\/","og_locale":"es_ES","og_type":"article","og_title":"INSTA360 ONE R 360 Edition","og_description":"Super 5.7K 360\u00b0-opnameFlowState StabilisatieWaterdicht tot 5mOnzichtbare selfiestickAutomatisch frameHyperlapseWijs naar trackSpraakbesturingSlow-motionHDR-foto + videoNachtschot","og_url":"https:\/\/koningdrone.be\/es\/producto\/insta360-one-r-360-edition\/","og_site_name":"koningdrone.be","article_modified_time":"2026-05-16T05:40:26+00:00","og_image":[{"width":800,"height":500,"url":"https:\/\/koningdrone.be\/wp-content\/uploads\/sites\/13\/2025\/04\/6970357851683-1.jpg","type":"image\/jpeg"}],"twitter_card":"summary_large_image","twitter_misc":{"Tiempo de lectura":"2 minutos"},"schema":{"@context":"https:\/\/schema.org","@graph":[{"@type":"WebPage","@id":"https:\/\/koningdrone.be\/product\/insta360-one-r-360-edition\/","url":"https:\/\/koningdrone.be\/product\/insta360-one-r-360-edition\/","name":"INSTA360 ONE R 360 Edition - koningdrone.be","isPartOf":{"@id":"https:\/\/koningdrone.be\/#website"},"primaryImageOfPage":{"@id":"https:\/\/koningdrone.be\/product\/insta360-one-r-360-edition\/#primaryimage"},"image":{"@id":"https:\/\/koningdrone.be\/product\/insta360-one-r-360-edition\/#primaryimage"},"thumbnailUrl":"https:\/\/koningdrone.be\/wp-content\/uploads\/sites\/13\/2025\/04\/6970357851683-1.jpg","datePublished":"2021-10-03T08:01:49+00:00","dateModified":"2026-05-16T05:40:26+00:00","breadcrumb":{"@id":"https:\/\/koningdrone.be\/product\/insta360-one-r-360-edition\/#breadcrumb"},"inLanguage":"es","potentialAction":[{"@type":"ReadAction","target":["https:\/\/koningdrone.be\/product\/insta360-one-r-360-edition\/"]}]},{"@type":"ImageObject","inLanguage":"es","@id":"https:\/\/koningdrone.be\/product\/insta360-one-r-360-edition\/#primaryimage","url":"https:\/\/koningdrone.be\/wp-content\/uploads\/sites\/13\/2025\/04\/6970357851683-1.jpg","contentUrl":"https:\/\/koningdrone.be\/wp-content\/uploads\/sites\/13\/2025\/04\/6970357851683-1.jpg","width":800,"height":500},{"@type":"BreadcrumbList","@id":"https:\/\/koningdrone.be\/product\/insta360-one-r-360-edition\/#breadcrumb","itemListElement":[{"@type":"ListItem","position":1,"name":"Home","item":"https:\/\/koningdrone.be\/"},{"@type":"ListItem","position":2,"name":"AVSS Parachute Recovery System for DJI Matrice 300\/350","item":"https:\/\/koningdrone.be\/product\/avss-parachute-recovery-system-for-dji-matrice-300-350\/"},{"@type":"ListItem","position":3,"name":"Alle producten","item":"https:\/\/koningdrone.be\/categorie\/alle-producten\/"},{"@type":"ListItem","position":4,"name":"INSTA360 ONE R 360 Edition"}]},{"@type":"WebSite","@id":"https:\/\/koningdrone.be\/#website","url":"https:\/\/koningdrone.be\/","name":"Koningdrone.be - Su especialista en l\u00ednea en drones, cardanes, c\u00e1maras y centrales el\u00e9ctricas.","description":"La tienda virtual de drones y cardanes","publisher":{"@id":"https:\/\/koningdrone.be\/#organization"},"potentialAction":[{"@type":"SearchAction","target":{"@type":"EntryPoint","urlTemplate":"https:\/\/koningdrone.be\/?s={search_term_string}"},"query-input":{"@type":"PropertyValueSpecification","valueRequired":true,"valueName":"search_term_string"}}],"inLanguage":"es"},{"@type":"Organization","@id":"https:\/\/koningdrone.be\/#organization","name":"Kingdrone.es","url":"https:\/\/koningdrone.be\/","logo":{"@type":"ImageObject","inLanguage":"es","@id":"https:\/\/koningdrone.be\/#\/schema\/logo\/image\/","url":"https:\/\/koningdrone.be\/wp-content\/uploads\/sites\/13\/2025\/04\/koningdrone-copyright-logo.svg","contentUrl":"https:\/\/koningdrone.be\/wp-content\/uploads\/sites\/13\/2025\/04\/koningdrone-copyright-logo.svg","width":227,"height":38,"caption":"Koningdrone.be"},"image":{"@id":"https:\/\/koningdrone.be\/#\/schema\/logo\/image\/"}}]}},"df_price":"","df_sale_price":"","df_regular_price":"","df_image_link":"https:\/\/koningdrone.be\/wp-content\/uploads\/sites\/13\/2025\/04\/6970357851683-1-300x188.jpg","_links":{"self":[{"href":"https:\/\/koningdrone.be\/es\/wp-json\/wp\/v2\/product\/6216","targetHints":{"allow":["GET"]}}],"collection":[{"href":"https:\/\/koningdrone.be\/es\/wp-json\/wp\/v2\/product"}],"about":[{"href":"https:\/\/koningdrone.be\/es\/wp-json\/wp\/v2\/types\/product"}],"wp:featuredmedia":[{"embeddable":true,"href":"https:\/\/koningdrone.be\/es\/wp-json\/wp\/v2\/media\/6212"}],"wp:attachment":[{"href":"https:\/\/koningdrone.be\/es\/wp-json\/wp\/v2\/media?parent=6216"}],"wp:term":[{"taxonomy":"product_brand","embeddable":true,"href":"https:\/\/koningdrone.be\/es\/wp-json\/wp\/v2\/product_brand?post=6216"},{"taxonomy":"product_cat","embeddable":true,"href":"https:\/\/koningdrone.be\/es\/wp-json\/wp\/v2\/product_cat?post=6216"},{"taxonomy":"product_tag","embeddable":true,"href":"https:\/\/koningdrone.be\/es\/wp-json\/wp\/v2\/product_tag?post=6216"}],"curies":[{"name":"wp","href":"https:\/\/api.w.org\/{rel}","templated":true}]}}