{"id":6211,"date":"2021-10-03T10:01:49","date_gmt":"2021-10-03T08:01:49","guid":{"rendered":"https:\/\/koningdrone.nl\/kon\/product\/dji-zenmuse-z15-bmpcc\/"},"modified":"2026-04-29T04:20:50","modified_gmt":"2026-04-29T02:20:50","slug":"dji-zenmuse-z15-bmpcc","status":"publish","type":"product","link":"https:\/\/koningdrone.be\/es\/producto\/dji-zenmuse-z15-bmpcc\/","title":{"rendered":"DJI Zenmuse Z15 BMPCC"},"content":{"rendered":"<h1>DJI ZENMUSE Z15 BMPCC<\/h1>\n<p><strong>Otro revolucionario card\u00e1n de 3 ejes para aplicaciones profesionales<\/strong><br \/>El DJI Zenmuse Z15-BMPCC Gimbal se basa en la tecnolog\u00eda de la serie Zenmuse Z15 y ha heredado la excelente relaci\u00f3n potencia-peso gracias a su dise\u00f1o \u00fanico. Este producto representa un nuevo hito en el campo de los sistemas gimbal, la precisi\u00f3n del \u00e1ngulo de ajuste est\u00e1 en el rango de \u00b10,02\u00b0. Combinado con el sistema de control de vuelo profesional DJI A2 y un octoc\u00f3ptero, el gimbal puede estabilizar y controlar con precisi\u00f3n la c\u00e1mara incluso a altas velocidades de vuelo y con vientos fuertes. Este sistema es sin duda la primera opci\u00f3n para la grabaci\u00f3n de v\u00eddeo profesional o la fotograf\u00eda a\u00e9rea.<br \/><strong>Dise\u00f1o de card\u00e1n a medida para la c\u00e1mara Blackmagic Pocket Cinema<\/strong><br \/>Para garantizar el mejor funcionamiento posible de los cardanes, DJI los ha adaptado a la \u00faltima tecnolog\u00eda de c\u00e1maras. As\u00ed, el card\u00e1n Zenmuse Z15-BMPCC se adapta perfectamente a la Blackmagic Pocket Cinema Camera. Con su sensor de formato Super 16 y su amplio rango din\u00e1mico con 13 f-stops, captura magn\u00edficas tomas de estilo cinematogr\u00e1fico. La c\u00e1mara es extremadamente compacta, pero ofrece grabaci\u00f3n en formato CinemDNG RAW sin p\u00e9rdidas y Apple ProRes. Esto convierte a la Blackmagic Pocket en la c\u00e1mara perfecta tanto para fotograf\u00eda como para grabaci\u00f3n de v\u00eddeo.<br \/><strong>M\u00faltiples modos de funcionamiento<\/strong><br \/>El sistema de card\u00e1n Zenmuse tiene tres modos de control diferentes, modo fijo (para FPV, por ejemplo), modo semilibre y modo libre. Se puede cambiar r\u00e1pidamente entre los distintos modos para satisfacer diferentes requisitos de fotograf\u00eda a\u00e9rea. Con el modo adecuado y la facilidad de uso del gimbal Zenmuse, los usuarios pueden conseguir excelentes resultados.<br \/><strong>\u00c1ngulo de rotaci\u00f3n controlable en tres ejes<\/strong><br \/> El sistema de card\u00e1n de 3 ejes Zenmuse tiene un dise\u00f1o mec\u00e1nico avanzado. El potenci\u00f3metro trasero aumenta significativamente el control, la estabilidad y la precisi\u00f3n, y los anillos deslizantes internos eliminan la necesidad de cableados complicados. Todas las l\u00edneas de alimentaci\u00f3n y se\u00f1al necesarias est\u00e1n integradas en la estructura, lo que permite al card\u00e1n girar en los ejes sin limitaciones. El paneo es ilimitado en el rango de 360\u00b0, la inclinaci\u00f3n va de -120\u00b0 a +15\u00b0 y en el eje de balanceo alcanza \u00b125\u00b0. El m\u00e9todo de control es extremadamente sencillo, el radio de movimiento del stick transmisor controla la velocidad de rotaci\u00f3n correspondiente.<br \/><strong>IMU y m\u00f3dulo de infrarrojos independientes integrados<\/strong><br \/> DJI ha perfeccionado el algoritmo de estabilizaci\u00f3n de actitud tras a\u00f1os de trabajo de desarrollo. Combinado con una mec\u00e1nica de alta precisi\u00f3n, permite un control de posici\u00f3n totalmente preciso. Como no se requieren instalaciones complicadas ni cables adicionales, la instalaci\u00f3n es correspondientemente sencilla y el sat\u00e9lite vuela extremadamente alto. Adem\u00e1s, el card\u00e1n lleva integrado un m\u00f3dulo de salida de v\u00eddeo que permite el disparo remoto por infrarrojos.<br \/><strong>Concepto especial de accionamiento de card\u00e1n de DJI<\/strong><br \/>La serie de cardanes Zenmuse tiene unas caracter\u00edsticas de control excelentes y muy precisas gracias a su unidad de accionamiento especialmente desarrollada. La alta precisi\u00f3n y la baja vibraci\u00f3n de este dispositivo con un par simult\u00e1neamente elevado es otra caracter\u00edstica de calidad crucial para una estabilizaci\u00f3n eficaz.<br \/><strong>DJI soluci\u00f3n completa como excelente opci\u00f3n<\/strong><br \/> El sistema de card\u00e1n Zenmuse Z15-BMPCC encaja a la perfecci\u00f3n con las plataformas octoc\u00f3pteras y con las electr\u00f3nicas de control A2 y Wookong-M para multic\u00f3pteros y la serie Ace para helic\u00f3pteros. Junto con el iOSD Mark II y un enlace de v\u00eddeo de 5,8 Ghz, estos componentes forman un potente sistema completo que permite tomar fotos a\u00e9reas perfectas a la vez que es f\u00e1cil de usar.<\/p>","protected":false},"excerpt":{"rendered":"<ul>\n<li>Card\u00e1n de 3 ejes para aplicaciones profesionales<\/li>\n<li>La precisi\u00f3n del \u00e1ngulo de ajuste es de \u00b1 0,02\u00b0.<\/li>\n<li>Estabilidad y control precisos a altas velocidades de vuelo y con vientos fuertes<\/li>\n<\/ul>","protected":false},"featured_media":6206,"template":"","meta":{"_acf_changed":false},"product_brand":[],"product_cat":[298,97,316],"product_tag":[],"class_list":{"0":"post-6211","1":"product","2":"type-product","3":"status-publish","4":"has-post-thumbnail","6":"product_cat-alle-industriele-camera","7":"product_cat-alle-producten","8":"product_cat-dji-zenmuse","9":"product_shipping_class-dronelandall","10":"pa_brand-dji","11":"pa_productfamily-gimbal","12":"pa_producttype-gimbal","13":"pa_series-zenmuse-z15","15":"first","16":"instock","17":"taxable","18":"shipping-taxable","19":"purchasable","20":"product-type-simple"},"acf":[],"yoast_head":"<!-- This site is optimized with the Yoast SEO Premium plugin v27.2 (Yoast SEO v27.2) - https:\/\/yoast.com\/product\/yoast-seo-premium-wordpress\/ -->\n<title>DJI Zenmuse Z15 BMPCC - koningdrone.be<\/title>\n<meta name=\"robots\" content=\"index, follow, max-snippet:-1, max-image-preview:large, max-video-preview:-1\" \/>\n<link rel=\"canonical\" href=\"https:\/\/koningdrone.be\/es\/producto\/dji-zenmuse-z15-bmpcc\/\" \/>\n<meta property=\"og:locale\" content=\"es_ES\" \/>\n<meta property=\"og:type\" content=\"article\" \/>\n<meta property=\"og:title\" content=\"DJI Zenmuse Z15 BMPCC\" \/>\n<meta property=\"og:description\" content=\"3-assige gimbal voor professionele toepassingenNauwkeurigheid van de instelhoek ligt in een bereik van \u00b1 0,02\u00b0Bij hoge vliegsnelheden en bij harde wind stabiliseren en nauwkeurig besturen\" \/>\n<meta property=\"og:url\" content=\"https:\/\/koningdrone.be\/es\/producto\/dji-zenmuse-z15-bmpcc\/\" \/>\n<meta property=\"og:site_name\" content=\"koningdrone.be\" \/>\n<meta property=\"article:modified_time\" content=\"2026-04-29T02:20:50+00:00\" \/>\n<meta property=\"og:image\" content=\"https:\/\/koningdrone.be\/wp-content\/uploads\/sites\/13\/2025\/04\/6958265106484-1.jpg\" \/>\n\t<meta property=\"og:image:width\" content=\"800\" \/>\n\t<meta property=\"og:image:height\" content=\"500\" \/>\n\t<meta property=\"og:image:type\" content=\"image\/jpeg\" \/>\n<meta name=\"twitter:card\" content=\"summary_large_image\" \/>\n<meta name=\"twitter:label1\" content=\"Tiempo de lectura\" \/>\n\t<meta name=\"twitter:data1\" content=\"2 minutos\" \/>\n<script type=\"application\/ld+json\" class=\"yoast-schema-graph\">{\"@context\":\"https:\/\/schema.org\",\"@graph\":[{\"@type\":\"WebPage\",\"@id\":\"https:\/\/koningdrone.be\/product\/dji-zenmuse-z15-bmpcc\/\",\"url\":\"https:\/\/koningdrone.be\/product\/dji-zenmuse-z15-bmpcc\/\",\"name\":\"DJI Zenmuse Z15 BMPCC - koningdrone.be\",\"isPartOf\":{\"@id\":\"https:\/\/koningdrone.be\/#website\"},\"primaryImageOfPage\":{\"@id\":\"https:\/\/koningdrone.be\/product\/dji-zenmuse-z15-bmpcc\/#primaryimage\"},\"image\":{\"@id\":\"https:\/\/koningdrone.be\/product\/dji-zenmuse-z15-bmpcc\/#primaryimage\"},\"thumbnailUrl\":\"https:\/\/koningdrone.be\/wp-content\/uploads\/sites\/13\/2025\/04\/6958265106484-1.jpg\",\"datePublished\":\"2021-10-03T08:01:49+00:00\",\"dateModified\":\"2026-04-29T02:20:50+00:00\",\"breadcrumb\":{\"@id\":\"https:\/\/koningdrone.be\/product\/dji-zenmuse-z15-bmpcc\/#breadcrumb\"},\"inLanguage\":\"es\",\"potentialAction\":[{\"@type\":\"ReadAction\",\"target\":[\"https:\/\/koningdrone.be\/product\/dji-zenmuse-z15-bmpcc\/\"]}]},{\"@type\":\"ImageObject\",\"inLanguage\":\"es\",\"@id\":\"https:\/\/koningdrone.be\/product\/dji-zenmuse-z15-bmpcc\/#primaryimage\",\"url\":\"https:\/\/koningdrone.be\/wp-content\/uploads\/sites\/13\/2025\/04\/6958265106484-1.jpg\",\"contentUrl\":\"https:\/\/koningdrone.be\/wp-content\/uploads\/sites\/13\/2025\/04\/6958265106484-1.jpg\",\"width\":800,\"height\":500},{\"@type\":\"BreadcrumbList\",\"@id\":\"https:\/\/koningdrone.be\/product\/dji-zenmuse-z15-bmpcc\/#breadcrumb\",\"itemListElement\":[{\"@type\":\"ListItem\",\"position\":1,\"name\":\"Home\",\"item\":\"https:\/\/koningdrone.be\/\"},{\"@type\":\"ListItem\",\"position\":2,\"name\":\"AVSS Parachute Recovery System for DJI Matrice 300\/350\",\"item\":\"https:\/\/koningdrone.be\/product\/avss-parachute-recovery-system-for-dji-matrice-300-350\/\"},{\"@type\":\"ListItem\",\"position\":3,\"name\":\"Alle industriele camera\",\"item\":\"https:\/\/koningdrone.be\/categorie\/alle-industriele-camera\/\"},{\"@type\":\"ListItem\",\"position\":4,\"name\":\"DJI Zenmuse Z15 BMPCC\"}]},{\"@type\":\"WebSite\",\"@id\":\"https:\/\/koningdrone.be\/#website\",\"url\":\"https:\/\/koningdrone.be\/\",\"name\":\"Koningdrone.be - Uw online specialist in drones, gimbals, camera's en power stations.\",\"description\":\"De webshop in drones en gimbals\",\"publisher\":{\"@id\":\"https:\/\/koningdrone.be\/#organization\"},\"potentialAction\":[{\"@type\":\"SearchAction\",\"target\":{\"@type\":\"EntryPoint\",\"urlTemplate\":\"https:\/\/koningdrone.be\/?s={search_term_string}\"},\"query-input\":{\"@type\":\"PropertyValueSpecification\",\"valueRequired\":true,\"valueName\":\"search_term_string\"}}],\"inLanguage\":\"es\"},{\"@type\":\"Organization\",\"@id\":\"https:\/\/koningdrone.be\/#organization\",\"name\":\"Koningdrone.be\",\"url\":\"https:\/\/koningdrone.be\/\",\"logo\":{\"@type\":\"ImageObject\",\"inLanguage\":\"es\",\"@id\":\"https:\/\/koningdrone.be\/#\/schema\/logo\/image\/\",\"url\":\"https:\/\/koningdrone.be\/wp-content\/uploads\/sites\/13\/2025\/04\/koningdrone-copyright-logo.svg\",\"contentUrl\":\"https:\/\/koningdrone.be\/wp-content\/uploads\/sites\/13\/2025\/04\/koningdrone-copyright-logo.svg\",\"width\":227,\"height\":38,\"caption\":\"Koningdrone.be\"},\"image\":{\"@id\":\"https:\/\/koningdrone.be\/#\/schema\/logo\/image\/\"}}]}<\/script>\n<!-- \/ Yoast SEO Premium plugin. -->","yoast_head_json":{"title":"DJI Zenmuse Z15 BMPCC - koningdrone.be","robots":{"index":"index","follow":"follow","max-snippet":"max-snippet:-1","max-image-preview":"max-image-preview:large","max-video-preview":"max-video-preview:-1"},"canonical":"https:\/\/koningdrone.be\/es\/producto\/dji-zenmuse-z15-bmpcc\/","og_locale":"es_ES","og_type":"article","og_title":"DJI Zenmuse Z15 BMPCC","og_description":"3-assige gimbal voor professionele toepassingenNauwkeurigheid van de instelhoek ligt in een bereik van \u00b1 0,02\u00b0Bij hoge vliegsnelheden en bij harde wind stabiliseren en nauwkeurig besturen","og_url":"https:\/\/koningdrone.be\/es\/producto\/dji-zenmuse-z15-bmpcc\/","og_site_name":"koningdrone.be","article_modified_time":"2026-04-29T02:20:50+00:00","og_image":[{"width":800,"height":500,"url":"https:\/\/koningdrone.be\/wp-content\/uploads\/sites\/13\/2025\/04\/6958265106484-1.jpg","type":"image\/jpeg"}],"twitter_card":"summary_large_image","twitter_misc":{"Tiempo de lectura":"2 minutos"},"schema":{"@context":"https:\/\/schema.org","@graph":[{"@type":"WebPage","@id":"https:\/\/koningdrone.be\/product\/dji-zenmuse-z15-bmpcc\/","url":"https:\/\/koningdrone.be\/product\/dji-zenmuse-z15-bmpcc\/","name":"DJI Zenmuse Z15 BMPCC - koningdrone.be","isPartOf":{"@id":"https:\/\/koningdrone.be\/#website"},"primaryImageOfPage":{"@id":"https:\/\/koningdrone.be\/product\/dji-zenmuse-z15-bmpcc\/#primaryimage"},"image":{"@id":"https:\/\/koningdrone.be\/product\/dji-zenmuse-z15-bmpcc\/#primaryimage"},"thumbnailUrl":"https:\/\/koningdrone.be\/wp-content\/uploads\/sites\/13\/2025\/04\/6958265106484-1.jpg","datePublished":"2021-10-03T08:01:49+00:00","dateModified":"2026-04-29T02:20:50+00:00","breadcrumb":{"@id":"https:\/\/koningdrone.be\/product\/dji-zenmuse-z15-bmpcc\/#breadcrumb"},"inLanguage":"es","potentialAction":[{"@type":"ReadAction","target":["https:\/\/koningdrone.be\/product\/dji-zenmuse-z15-bmpcc\/"]}]},{"@type":"ImageObject","inLanguage":"es","@id":"https:\/\/koningdrone.be\/product\/dji-zenmuse-z15-bmpcc\/#primaryimage","url":"https:\/\/koningdrone.be\/wp-content\/uploads\/sites\/13\/2025\/04\/6958265106484-1.jpg","contentUrl":"https:\/\/koningdrone.be\/wp-content\/uploads\/sites\/13\/2025\/04\/6958265106484-1.jpg","width":800,"height":500},{"@type":"BreadcrumbList","@id":"https:\/\/koningdrone.be\/product\/dji-zenmuse-z15-bmpcc\/#breadcrumb","itemListElement":[{"@type":"ListItem","position":1,"name":"Home","item":"https:\/\/koningdrone.be\/"},{"@type":"ListItem","position":2,"name":"AVSS Parachute Recovery System for DJI Matrice 300\/350","item":"https:\/\/koningdrone.be\/product\/avss-parachute-recovery-system-for-dji-matrice-300-350\/"},{"@type":"ListItem","position":3,"name":"Alle industriele camera","item":"https:\/\/koningdrone.be\/categorie\/alle-industriele-camera\/"},{"@type":"ListItem","position":4,"name":"DJI Zenmuse Z15 BMPCC"}]},{"@type":"WebSite","@id":"https:\/\/koningdrone.be\/#website","url":"https:\/\/koningdrone.be\/","name":"Koningdrone.be - Su especialista en l\u00ednea en drones, cardanes, c\u00e1maras y centrales el\u00e9ctricas.","description":"La tienda virtual de drones y cardanes","publisher":{"@id":"https:\/\/koningdrone.be\/#organization"},"potentialAction":[{"@type":"SearchAction","target":{"@type":"EntryPoint","urlTemplate":"https:\/\/koningdrone.be\/?s={search_term_string}"},"query-input":{"@type":"PropertyValueSpecification","valueRequired":true,"valueName":"search_term_string"}}],"inLanguage":"es"},{"@type":"Organization","@id":"https:\/\/koningdrone.be\/#organization","name":"Kingdrone.es","url":"https:\/\/koningdrone.be\/","logo":{"@type":"ImageObject","inLanguage":"es","@id":"https:\/\/koningdrone.be\/#\/schema\/logo\/image\/","url":"https:\/\/koningdrone.be\/wp-content\/uploads\/sites\/13\/2025\/04\/koningdrone-copyright-logo.svg","contentUrl":"https:\/\/koningdrone.be\/wp-content\/uploads\/sites\/13\/2025\/04\/koningdrone-copyright-logo.svg","width":227,"height":38,"caption":"Koningdrone.be"},"image":{"@id":"https:\/\/koningdrone.be\/#\/schema\/logo\/image\/"}}]}},"df_price":1769,"df_sale_price":"","df_regular_price":1769,"df_image_link":"https:\/\/koningdrone.be\/wp-content\/uploads\/sites\/13\/2025\/04\/6958265106484-1-300x188.jpg","_links":{"self":[{"href":"https:\/\/koningdrone.be\/es\/wp-json\/wp\/v2\/product\/6211","targetHints":{"allow":["GET"]}}],"collection":[{"href":"https:\/\/koningdrone.be\/es\/wp-json\/wp\/v2\/product"}],"about":[{"href":"https:\/\/koningdrone.be\/es\/wp-json\/wp\/v2\/types\/product"}],"wp:featuredmedia":[{"embeddable":true,"href":"https:\/\/koningdrone.be\/es\/wp-json\/wp\/v2\/media\/6206"}],"wp:attachment":[{"href":"https:\/\/koningdrone.be\/es\/wp-json\/wp\/v2\/media?parent=6211"}],"wp:term":[{"taxonomy":"product_brand","embeddable":true,"href":"https:\/\/koningdrone.be\/es\/wp-json\/wp\/v2\/product_brand?post=6211"},{"taxonomy":"product_cat","embeddable":true,"href":"https:\/\/koningdrone.be\/es\/wp-json\/wp\/v2\/product_cat?post=6211"},{"taxonomy":"product_tag","embeddable":true,"href":"https:\/\/koningdrone.be\/es\/wp-json\/wp\/v2\/product_tag?post=6211"}],"curies":[{"name":"wp","href":"https:\/\/api.w.org\/{rel}","templated":true}]}}