{"id":6170,"date":"2021-10-15T16:39:14","date_gmt":"2021-10-15T14:39:14","guid":{"rendered":"https:\/\/koningdrone.nl\/kon\/product\/ecoflow-delta-max-eu\/"},"modified":"2026-04-29T15:50:19","modified_gmt":"2026-04-29T13:50:19","slug":"ecoflow-delta-max-eu","status":"publish","type":"product","link":"https:\/\/koningdrone.be\/es\/producto\/ecoflow-delta-max-eu\/","title":{"rendered":"Ecoflow DELTA Max (2000)"},"content":{"rendered":"<p>El EcoFlow Delta Max lleva las centrales el\u00e9ctricas port\u00e1tiles al siguiente nivel. Con una potencia continua de 2400 W y un pico m\u00e1ximo de 5000 W, este generador de bater\u00eda port\u00e1til puede competir con algunos generadores de gasolina. La innovadora tecnolog\u00eda de carga carga de forma segura y r\u00e1pida el EcoFlow Delta Max de 0-80% en s\u00f3lo 65 minutos. La bater\u00eda NCM de 2016 Wh de capacidad mantiene cargados todos sus aparatos el\u00e9ctricos sin ruidos, emisiones ni elevados costes de mantenimiento. Esta central el\u00e9ctrica port\u00e1til pesa s\u00f3lo 22 kg y es ideal para actividades al aire libre como acampadas, caravanas, paseos en barco, pesca o festivales. Con un mont\u00f3n de puertos USB y enchufes, la Delta Max mantiene tus gadgets y dispositivos f\u00e1cilmente cargados est\u00e9s donde est\u00e9s.<\/p>\n<p><strong>Tecnolog\u00eda X-Boost<\/strong><\/p>\n<p>La tecnolog\u00eda X-Boost de EcoFlow permite a Delta Max alimentar electrodom\u00e9sticos pesados de hasta 3400 W, lo que le permite seguir utilizando su frigor\u00edfico, secadora y mucho m\u00e1s durante un apag\u00f3n. Con una producci\u00f3n de 2 kWh que puede ampliarse a 6 kWh con bater\u00edas inteligentes Delta Max adicionales, podr\u00e1 mantener sus electrodom\u00e9sticos importantes, como el frigor\u00edfico y las luces, alimentados durante horas. La aplicaci\u00f3n EcoFlow le permite gestionar, controlar y ajustar su consumo de energ\u00eda, mientras que la posibilidad de conectarse a paneles solares le permite aprovechar la energ\u00eda solar incluso en d\u00edas fr\u00edos o nublados. Con diferentes opciones de carga, como CA, cargador de coche o paneles solares, puede cargar la Delta Max en 1,6 horas (CA), 21 horas (cargador de coche de 12 V), 5,6-11,2 horas (al utilizar 4 paneles solares de 110 W), 4,2-8,4 horas (al utilizar 4 paneles solares de 160 W) o 3,2-6,3 horas (al utilizar 2 paneles solares de 400 W).<\/p>\n<p><strong>Adecuado para diferentes escenarios<\/strong><\/p>\n<p>El EcoFlow Delta Max est\u00e1 dise\u00f1ado para su uso en diferentes escenarios, y las im\u00e1genes de abajo muestran c\u00f3mo usarlo para la energ\u00eda de reserva, la energ\u00eda fuera de la red y el uso profesional.<\/p>\n<p><\/p>","protected":false},"excerpt":{"rendered":"<ul>\n<li>2400W (Surge 5000W) \/ Capacidad de la bater\u00eda 2016Wh<\/li>\n<li>El \u00faltimo est\u00e1ndar en generadores alimentados por bater\u00eda. Compatible con una amplia gama de dispositivos, la DELTA Power Station proporciona horas de energ\u00eda, en cualquier lugar y en cualquier momento.<\/li>\n<\/ul>","protected":false},"featured_media":6046,"template":"","meta":{"_acf_changed":false},"product_brand":[],"product_cat":[454,97,245,276,415],"product_tag":[],"class_list":{"0":"post-6170","1":"product","2":"type-product","3":"status-publish","4":"has-post-thumbnail","6":"product_cat-alle-powerstations","7":"product_cat-alle-producten","8":"product_cat-ecoflow","9":"product_cat-ecoflow-powerstations","10":"product_cat-energy","11":"product_shipping_class-outofstock","12":"pa_afmetingen-49-7-x-24-2-x-30-5-cm","13":"pa_brand-ecoflow","14":"pa_capaciteit-1612wh","15":"pa_gewicht-22-kg","16":"pa_input-dc-ac-laadingang-vermogen-220-240v50hz-60hz-10a-ingang-zonne-energie-11-100v-13a-max-800w-max-autolaadingang-ondersteunt-12v-24v-batterij-standaard-8a","17":"pa_materiaal-kunststof","18":"pa_oplaadtijd-via-ac-1-6-uur","19":"pa_output-230-v-4x-ac-uitgang-zuivere-sinusgolf-2400-w-totaal-piek-4600-w-230-v-50-hz-60-hz","20":"pa_output-dc-2x-dc5521-uitgang-126v-3a-per-poort-1x-autolader-uitgang-126v-10a-126w-max","21":"pa_output-usb-2x-usb-a-uitgang-5v-24a-12w-max-per-poort-2x-usb-a-snelladen-5v-24a-9v-2a-12v-15a-18w-max-2x-usb-c-uitgang-5-9-12-15-20v-5a-maximaal-100w","22":"pa_productfamily-power-station","23":"pa_producttype-power-station","24":"pa_series-delta-max","25":"pa_snellaadfunctie-ja","26":"pa_type-batterij-li-ion-nmc","28":"first","29":"outofstock","30":"taxable","31":"shipping-taxable","32":"purchasable","33":"product-type-simple"},"acf":[],"yoast_head":"<!-- This site is optimized with the Yoast SEO Premium plugin v27.2 (Yoast SEO v27.2) - https:\/\/yoast.com\/product\/yoast-seo-premium-wordpress\/ -->\n<title>Ecoflow DELTA Max (2000) - koningdrone.be<\/title>\n<meta name=\"robots\" content=\"index, follow, max-snippet:-1, max-image-preview:large, max-video-preview:-1\" \/>\n<link rel=\"canonical\" href=\"https:\/\/koningdrone.be\/es\/producto\/ecoflow-delta-max-eu\/\" \/>\n<meta property=\"og:locale\" content=\"es_ES\" \/>\n<meta property=\"og:type\" content=\"article\" \/>\n<meta property=\"og:title\" content=\"Ecoflow DELTA Max (2000)\" \/>\n<meta property=\"og:description\" content=\"2400W (Surge 5000W) \/ Batterijcapaciteit 2016WhDe nieuwste standaard van batterijgevoede generatoren. De DELTA Power Station is compatibel met een breed scala aan apparaten en zorgt voor urenlange stroomvoorziening - overal en altijd.\" \/>\n<meta property=\"og:url\" content=\"https:\/\/koningdrone.be\/es\/producto\/ecoflow-delta-max-eu\/\" \/>\n<meta property=\"og:site_name\" content=\"koningdrone.be\" \/>\n<meta property=\"article:modified_time\" content=\"2026-04-29T13:50:19+00:00\" \/>\n<meta property=\"og:image\" content=\"https:\/\/koningdrone.be\/wp-content\/uploads\/sites\/13\/2025\/04\/4897082664710-1.jpg\" \/>\n\t<meta property=\"og:image:width\" content=\"600\" \/>\n\t<meta property=\"og:image:height\" content=\"600\" \/>\n\t<meta property=\"og:image:type\" content=\"image\/jpeg\" \/>\n<meta name=\"twitter:card\" content=\"summary_large_image\" \/>\n<meta name=\"twitter:label1\" content=\"Tiempo de lectura\" \/>\n\t<meta name=\"twitter:data1\" content=\"1 minuto\" \/>\n<script type=\"application\/ld+json\" class=\"yoast-schema-graph\">{\"@context\":\"https:\/\/schema.org\",\"@graph\":[{\"@type\":\"WebPage\",\"@id\":\"https:\/\/koningdrone.be\/product\/ecoflow-delta-max-eu\/\",\"url\":\"https:\/\/koningdrone.be\/product\/ecoflow-delta-max-eu\/\",\"name\":\"Ecoflow DELTA Max (2000) - koningdrone.be\",\"isPartOf\":{\"@id\":\"https:\/\/koningdrone.be\/#website\"},\"primaryImageOfPage\":{\"@id\":\"https:\/\/koningdrone.be\/product\/ecoflow-delta-max-eu\/#primaryimage\"},\"image\":{\"@id\":\"https:\/\/koningdrone.be\/product\/ecoflow-delta-max-eu\/#primaryimage\"},\"thumbnailUrl\":\"https:\/\/koningdrone.be\/wp-content\/uploads\/sites\/13\/2025\/04\/4897082664710-1.jpg\",\"datePublished\":\"2021-10-15T14:39:14+00:00\",\"dateModified\":\"2026-04-29T13:50:19+00:00\",\"breadcrumb\":{\"@id\":\"https:\/\/koningdrone.be\/product\/ecoflow-delta-max-eu\/#breadcrumb\"},\"inLanguage\":\"es\",\"potentialAction\":[{\"@type\":\"ReadAction\",\"target\":[\"https:\/\/koningdrone.be\/product\/ecoflow-delta-max-eu\/\"]}]},{\"@type\":\"ImageObject\",\"inLanguage\":\"es\",\"@id\":\"https:\/\/koningdrone.be\/product\/ecoflow-delta-max-eu\/#primaryimage\",\"url\":\"https:\/\/koningdrone.be\/wp-content\/uploads\/sites\/13\/2025\/04\/4897082664710-1.jpg\",\"contentUrl\":\"https:\/\/koningdrone.be\/wp-content\/uploads\/sites\/13\/2025\/04\/4897082664710-1.jpg\",\"width\":600,\"height\":600},{\"@type\":\"BreadcrumbList\",\"@id\":\"https:\/\/koningdrone.be\/product\/ecoflow-delta-max-eu\/#breadcrumb\",\"itemListElement\":[{\"@type\":\"ListItem\",\"position\":1,\"name\":\"Home\",\"item\":\"https:\/\/koningdrone.be\/\"},{\"@type\":\"ListItem\",\"position\":2,\"name\":\"AVSS Parachute Recovery System for DJI Matrice 300\/350\",\"item\":\"https:\/\/koningdrone.be\/product\/avss-parachute-recovery-system-for-dji-matrice-300-350\/\"},{\"@type\":\"ListItem\",\"position\":3,\"name\":\"Alle powerstations\",\"item\":\"https:\/\/koningdrone.be\/categorie\/alle-powerstations\/\"},{\"@type\":\"ListItem\",\"position\":4,\"name\":\"Ecoflow DELTA Max (2000)\"}]},{\"@type\":\"WebSite\",\"@id\":\"https:\/\/koningdrone.be\/#website\",\"url\":\"https:\/\/koningdrone.be\/\",\"name\":\"Koningdrone.be - Uw online specialist in drones, gimbals, camera's en power stations.\",\"description\":\"De webshop in drones en gimbals\",\"publisher\":{\"@id\":\"https:\/\/koningdrone.be\/#organization\"},\"potentialAction\":[{\"@type\":\"SearchAction\",\"target\":{\"@type\":\"EntryPoint\",\"urlTemplate\":\"https:\/\/koningdrone.be\/?s={search_term_string}\"},\"query-input\":{\"@type\":\"PropertyValueSpecification\",\"valueRequired\":true,\"valueName\":\"search_term_string\"}}],\"inLanguage\":\"es\"},{\"@type\":\"Organization\",\"@id\":\"https:\/\/koningdrone.be\/#organization\",\"name\":\"Koningdrone.be\",\"url\":\"https:\/\/koningdrone.be\/\",\"logo\":{\"@type\":\"ImageObject\",\"inLanguage\":\"es\",\"@id\":\"https:\/\/koningdrone.be\/#\/schema\/logo\/image\/\",\"url\":\"https:\/\/koningdrone.be\/wp-content\/uploads\/sites\/13\/2025\/04\/koningdrone-copyright-logo.svg\",\"contentUrl\":\"https:\/\/koningdrone.be\/wp-content\/uploads\/sites\/13\/2025\/04\/koningdrone-copyright-logo.svg\",\"width\":227,\"height\":38,\"caption\":\"Koningdrone.be\"},\"image\":{\"@id\":\"https:\/\/koningdrone.be\/#\/schema\/logo\/image\/\"}}]}<\/script>\n<!-- \/ Yoast SEO Premium plugin. -->","yoast_head_json":{"title":"Ecoflow DELTA Max (2000) - koningdrone.be","robots":{"index":"index","follow":"follow","max-snippet":"max-snippet:-1","max-image-preview":"max-image-preview:large","max-video-preview":"max-video-preview:-1"},"canonical":"https:\/\/koningdrone.be\/es\/producto\/ecoflow-delta-max-eu\/","og_locale":"es_ES","og_type":"article","og_title":"Ecoflow DELTA Max (2000)","og_description":"2400W (Surge 5000W) \/ Batterijcapaciteit 2016WhDe nieuwste standaard van batterijgevoede generatoren. De DELTA Power Station is compatibel met een breed scala aan apparaten en zorgt voor urenlange stroomvoorziening - overal en altijd.","og_url":"https:\/\/koningdrone.be\/es\/producto\/ecoflow-delta-max-eu\/","og_site_name":"koningdrone.be","article_modified_time":"2026-04-29T13:50:19+00:00","og_image":[{"width":600,"height":600,"url":"https:\/\/koningdrone.be\/wp-content\/uploads\/sites\/13\/2025\/04\/4897082664710-1.jpg","type":"image\/jpeg"}],"twitter_card":"summary_large_image","twitter_misc":{"Tiempo de lectura":"1 minuto"},"schema":{"@context":"https:\/\/schema.org","@graph":[{"@type":"WebPage","@id":"https:\/\/koningdrone.be\/product\/ecoflow-delta-max-eu\/","url":"https:\/\/koningdrone.be\/product\/ecoflow-delta-max-eu\/","name":"Ecoflow DELTA Max (2000) - koningdrone.be","isPartOf":{"@id":"https:\/\/koningdrone.be\/#website"},"primaryImageOfPage":{"@id":"https:\/\/koningdrone.be\/product\/ecoflow-delta-max-eu\/#primaryimage"},"image":{"@id":"https:\/\/koningdrone.be\/product\/ecoflow-delta-max-eu\/#primaryimage"},"thumbnailUrl":"https:\/\/koningdrone.be\/wp-content\/uploads\/sites\/13\/2025\/04\/4897082664710-1.jpg","datePublished":"2021-10-15T14:39:14+00:00","dateModified":"2026-04-29T13:50:19+00:00","breadcrumb":{"@id":"https:\/\/koningdrone.be\/product\/ecoflow-delta-max-eu\/#breadcrumb"},"inLanguage":"es","potentialAction":[{"@type":"ReadAction","target":["https:\/\/koningdrone.be\/product\/ecoflow-delta-max-eu\/"]}]},{"@type":"ImageObject","inLanguage":"es","@id":"https:\/\/koningdrone.be\/product\/ecoflow-delta-max-eu\/#primaryimage","url":"https:\/\/koningdrone.be\/wp-content\/uploads\/sites\/13\/2025\/04\/4897082664710-1.jpg","contentUrl":"https:\/\/koningdrone.be\/wp-content\/uploads\/sites\/13\/2025\/04\/4897082664710-1.jpg","width":600,"height":600},{"@type":"BreadcrumbList","@id":"https:\/\/koningdrone.be\/product\/ecoflow-delta-max-eu\/#breadcrumb","itemListElement":[{"@type":"ListItem","position":1,"name":"Home","item":"https:\/\/koningdrone.be\/"},{"@type":"ListItem","position":2,"name":"AVSS Parachute Recovery System for DJI Matrice 300\/350","item":"https:\/\/koningdrone.be\/product\/avss-parachute-recovery-system-for-dji-matrice-300-350\/"},{"@type":"ListItem","position":3,"name":"Alle powerstations","item":"https:\/\/koningdrone.be\/categorie\/alle-powerstations\/"},{"@type":"ListItem","position":4,"name":"Ecoflow DELTA Max (2000)"}]},{"@type":"WebSite","@id":"https:\/\/koningdrone.be\/#website","url":"https:\/\/koningdrone.be\/","name":"Koningdrone.be - Su especialista en l\u00ednea en drones, cardanes, c\u00e1maras y centrales el\u00e9ctricas.","description":"La tienda virtual de drones y cardanes","publisher":{"@id":"https:\/\/koningdrone.be\/#organization"},"potentialAction":[{"@type":"SearchAction","target":{"@type":"EntryPoint","urlTemplate":"https:\/\/koningdrone.be\/?s={search_term_string}"},"query-input":{"@type":"PropertyValueSpecification","valueRequired":true,"valueName":"search_term_string"}}],"inLanguage":"es"},{"@type":"Organization","@id":"https:\/\/koningdrone.be\/#organization","name":"Kingdrone.es","url":"https:\/\/koningdrone.be\/","logo":{"@type":"ImageObject","inLanguage":"es","@id":"https:\/\/koningdrone.be\/#\/schema\/logo\/image\/","url":"https:\/\/koningdrone.be\/wp-content\/uploads\/sites\/13\/2025\/04\/koningdrone-copyright-logo.svg","contentUrl":"https:\/\/koningdrone.be\/wp-content\/uploads\/sites\/13\/2025\/04\/koningdrone-copyright-logo.svg","width":227,"height":38,"caption":"Koningdrone.be"},"image":{"@id":"https:\/\/koningdrone.be\/#\/schema\/logo\/image\/"}}]}},"df_price":1699,"df_sale_price":"","df_regular_price":1699,"df_image_link":"https:\/\/koningdrone.be\/wp-content\/uploads\/sites\/13\/2025\/04\/4897082664710-1-300x300.jpg","_links":{"self":[{"href":"https:\/\/koningdrone.be\/es\/wp-json\/wp\/v2\/product\/6170","targetHints":{"allow":["GET"]}}],"collection":[{"href":"https:\/\/koningdrone.be\/es\/wp-json\/wp\/v2\/product"}],"about":[{"href":"https:\/\/koningdrone.be\/es\/wp-json\/wp\/v2\/types\/product"}],"wp:featuredmedia":[{"embeddable":true,"href":"https:\/\/koningdrone.be\/es\/wp-json\/wp\/v2\/media\/6046"}],"wp:attachment":[{"href":"https:\/\/koningdrone.be\/es\/wp-json\/wp\/v2\/media?parent=6170"}],"wp:term":[{"taxonomy":"product_brand","embeddable":true,"href":"https:\/\/koningdrone.be\/es\/wp-json\/wp\/v2\/product_brand?post=6170"},{"taxonomy":"product_cat","embeddable":true,"href":"https:\/\/koningdrone.be\/es\/wp-json\/wp\/v2\/product_cat?post=6170"},{"taxonomy":"product_tag","embeddable":true,"href":"https:\/\/koningdrone.be\/es\/wp-json\/wp\/v2\/product_tag?post=6170"}],"curies":[{"name":"wp","href":"https:\/\/api.w.org\/{rel}","templated":true}]}}