{"id":6149,"date":"2021-11-19T11:27:19","date_gmt":"2021-11-19T10:27:19","guid":{"rendered":"https:\/\/koningdrone.nl\/kon\/product\/dji-action-2-front-touchscreen-module\/"},"modified":"2026-04-29T15:40:30","modified_gmt":"2026-04-29T13:40:30","slug":"dji-action-2-front-touchscreen-module","status":"publish","type":"product","link":"https:\/\/koningdrone.be\/es\/producto\/dji-action-2-front-touchscreen-module\/","title":{"rendered":"M\u00f3dulo de pantalla t\u00e1ctil frontal DJI Action 2"},"content":{"rendered":"<p><strong>Conoce al compa\u00f1ero perfecto para tus videoblogs<\/strong><\/p>\n<p> Dise\u00f1ado pensando en los entusiastas de los vlogs y los selfies, nuestro \u00faltimo producto incorpora una innovadora pantalla OLED frontal para mantenerte enfocado y en el punto de mira mientras capturas tus momentos. Con una ranura para una tarjeta microSD, podr\u00e1 almacenar sus v\u00eddeos y fotos sin esfuerzo. Adem\u00e1s, la incorporaci\u00f3n de tres micr\u00f3fonos garantiza grabaciones de audio n\u00edtidas, capturando cada palabra y sonido con claridad.<\/p>\n<p><strong>Conectividad mejorada para una mayor flexibilidad creativa<\/strong><\/p>\n<p> El producto est\u00e1 ingeniosamente dise\u00f1ado para acoplarse perfectamente a la unidad de la c\u00e1mara mediante un cierre magn\u00e9tico. Esto no s\u00f3lo mejora la facilidad de uso y la flexibilidad de la configuraci\u00f3n de la c\u00e1mara, sino que tambi\u00e9n garantiza que siempre est\u00e9 listo para capturar el momento, est\u00e9 donde est\u00e9. El dise\u00f1o est\u00e1 pensado para ofrecer la m\u00e1xima comodidad y facilidad de uso a los vide\u00f3grafos y los amantes de los selfies.<\/p>\n<p><strong>Mayor duraci\u00f3n de la bater\u00eda y funciones avanzadas<\/strong><\/p>\n<p> Una vez conectado a la DJI Action 2, este m\u00f3dulo ampl\u00eda la duraci\u00f3n de la bater\u00eda de la c\u00e1mara a la friolera de 160 minutos. Pero eso no es todo: tambi\u00e9n a\u00f1ade varias funciones avanzadas a su arsenal. Los usuarios disfrutar\u00e1n de la comodidad de las pantallas t\u00e1ctiles OLED duales para un mejor control y encuadre de sus tomas. La configuraci\u00f3n Matrix Stereo con 4 micr\u00f3fonos ofrece una capacidad de grabaci\u00f3n de sonido superior, combinando sus v\u00eddeos con audio de alta calidad.<\/p>\n<p><strong>Tecnolog\u00edas de sonido superiores<\/strong><\/p>\n<p> El producto incorpora las tecnolog\u00edas Audio Zoom y Audio Direccional, que proporcionan audio de alta calidad para que coincida con el punto focal de su v\u00eddeo. Esto garantiza que sus grabaciones capten no s\u00f3lo las im\u00e1genes con un detalle asombroso, sino tambi\u00e9n los sonidos, aumentando el impacto general de sus v\u00eddeos. Tanto si se encuentra en un entorno ruidoso como si capta momentos \u00edntimos y tranquilos, el audio siempre ser\u00e1 tan envolvente como las im\u00e1genes.<\/p>\n<p><strong>Flexibilidad de audio inigualable<\/strong><\/p>\n<p> Para los vloggers y creadores de contenidos que exigen una calidad de sonido a\u00fan mejor o tienen necesidades de audio espec\u00edficas, este producto admite el uso de un micr\u00f3fono externo. Esto abre un mundo de posibilidades para mejorar el rendimiento del audio, proporcionando m\u00e1s flexibilidad y garantizando que tus sesiones de vlog o selfie sean de la m\u00e1xima calidad, tanto visual como ac\u00fastica.<\/p>\n<p><\/p>","protected":false},"excerpt":{"rendered":"<ul>\n<li>Pantalla frontal OLED para una visualizaci\u00f3n n\u00edtida<\/li>\n<li> Ranura para tarjetas MicroSD para ampliar el almacenamiento<\/li>\n<li> Tres micr\u00f3fonos para grabar sonido de alta calidad<\/li>\n<li> Cierre magn\u00e9tico para facilitar la fijaci\u00f3n a la unidad de c\u00e1mara<\/li>\n<li> Prolonga la duraci\u00f3n de la bater\u00eda de la DJI Action 2 hasta 160 minutos<\/li>\n<li> Doble pantalla t\u00e1ctil OLED para un control mejorado<\/li>\n<li> Matrix est\u00e9reo con 4 micr\u00f3fonos para un sonido envolvente<\/li>\n<li> Admite zoom de audio y audio direccional<\/li>\n<li> Compatible con micr\u00f3fono externo para un sonido superior<\/li>\n<\/ul>","protected":false},"featured_media":6147,"template":"","meta":{"_acf_changed":false},"product_brand":[],"product_cat":[756,97,586,621],"product_tag":[],"class_list":{"0":"post-6149","1":"product","2":"type-product","3":"status-publish","4":"has-post-thumbnail","6":"product_cat-accessoires","7":"product_cat-alle-producten","8":"product_cat-dji","9":"product_cat-dji-action-2","10":"product_shipping_class-outofstock","11":"pa_brand-dji","12":"pa_productfamily-touchscreen-module","13":"pa_producttype-touchscreen-module","14":"pa_series-action-2","16":"first","17":"outofstock","18":"taxable","19":"shipping-taxable","20":"purchasable","21":"product-type-simple"},"acf":[],"yoast_head":"<!-- This site is optimized with the Yoast SEO Premium plugin v27.2 (Yoast SEO v27.2) - https:\/\/yoast.com\/product\/yoast-seo-premium-wordpress\/ -->\n<title>DJI Action 2 Front Touchscreen Module - koningdrone.be<\/title>\n<meta name=\"robots\" content=\"index, follow, max-snippet:-1, max-image-preview:large, max-video-preview:-1\" \/>\n<link rel=\"canonical\" href=\"https:\/\/koningdrone.be\/es\/producto\/dji-action-2-front-touchscreen-module\/\" \/>\n<meta property=\"og:locale\" content=\"es_ES\" \/>\n<meta property=\"og:type\" content=\"article\" \/>\n<meta property=\"og:title\" content=\"DJI Action 2 Front Touchscreen Module\" \/>\n<meta property=\"og:description\" content=\"OLED-voorscherm voor levendige weergave MicroSD-kaartsleuf voor uitgebreide opslag Drie microfoons voor hoogwaardige geluidsopname Magnetisch slot voor eenvoudige bevestiging aan de camera-unit Verlengt de batterijduur van DJI Action 2 tot 160 minuten Dubbele OLED-touchscreens voor verbeterde controle Matrix Stereo met 4 microfoons voor meeslepende audio Ondersteunt audiozoom en directionele audio Compatibel met externe microfoon voor superieur geluid\" \/>\n<meta property=\"og:url\" content=\"https:\/\/koningdrone.be\/es\/producto\/dji-action-2-front-touchscreen-module\/\" \/>\n<meta property=\"og:site_name\" content=\"koningdrone.be\" \/>\n<meta property=\"article:modified_time\" content=\"2026-04-29T13:40:30+00:00\" \/>\n<meta property=\"og:image\" content=\"https:\/\/koningdrone.be\/wp-content\/uploads\/sites\/13\/2025\/04\/3819f3b27a700794a581b059412e66a4@large.jpg\" \/>\n\t<meta property=\"og:image:width\" content=\"1200\" \/>\n\t<meta property=\"og:image:height\" content=\"800\" \/>\n\t<meta property=\"og:image:type\" content=\"image\/jpeg\" \/>\n<meta name=\"twitter:card\" content=\"summary_large_image\" \/>\n<meta name=\"twitter:label1\" content=\"Tiempo de lectura\" \/>\n\t<meta name=\"twitter:data1\" content=\"2 minutos\" \/>\n<script type=\"application\/ld+json\" class=\"yoast-schema-graph\">{\"@context\":\"https:\/\/schema.org\",\"@graph\":[{\"@type\":\"WebPage\",\"@id\":\"https:\/\/koningdrone.be\/product\/dji-action-2-front-touchscreen-module\/\",\"url\":\"https:\/\/koningdrone.be\/product\/dji-action-2-front-touchscreen-module\/\",\"name\":\"DJI Action 2 Front Touchscreen Module - koningdrone.be\",\"isPartOf\":{\"@id\":\"https:\/\/koningdrone.be\/#website\"},\"primaryImageOfPage\":{\"@id\":\"https:\/\/koningdrone.be\/product\/dji-action-2-front-touchscreen-module\/#primaryimage\"},\"image\":{\"@id\":\"https:\/\/koningdrone.be\/product\/dji-action-2-front-touchscreen-module\/#primaryimage\"},\"thumbnailUrl\":\"https:\/\/koningdrone.be\/wp-content\/uploads\/sites\/13\/2025\/04\/3819f3b27a700794a581b059412e66a4@large.jpg\",\"datePublished\":\"2021-11-19T10:27:19+00:00\",\"dateModified\":\"2026-04-29T13:40:30+00:00\",\"breadcrumb\":{\"@id\":\"https:\/\/koningdrone.be\/product\/dji-action-2-front-touchscreen-module\/#breadcrumb\"},\"inLanguage\":\"es\",\"potentialAction\":[{\"@type\":\"ReadAction\",\"target\":[\"https:\/\/koningdrone.be\/product\/dji-action-2-front-touchscreen-module\/\"]}]},{\"@type\":\"ImageObject\",\"inLanguage\":\"es\",\"@id\":\"https:\/\/koningdrone.be\/product\/dji-action-2-front-touchscreen-module\/#primaryimage\",\"url\":\"https:\/\/koningdrone.be\/wp-content\/uploads\/sites\/13\/2025\/04\/3819f3b27a700794a581b059412e66a4@large.jpg\",\"contentUrl\":\"https:\/\/koningdrone.be\/wp-content\/uploads\/sites\/13\/2025\/04\/3819f3b27a700794a581b059412e66a4@large.jpg\",\"width\":1200,\"height\":800},{\"@type\":\"BreadcrumbList\",\"@id\":\"https:\/\/koningdrone.be\/product\/dji-action-2-front-touchscreen-module\/#breadcrumb\",\"itemListElement\":[{\"@type\":\"ListItem\",\"position\":1,\"name\":\"Home\",\"item\":\"https:\/\/koningdrone.be\/\"},{\"@type\":\"ListItem\",\"position\":2,\"name\":\"AVSS Parachute Recovery System for DJI Matrice 300\/350\",\"item\":\"https:\/\/koningdrone.be\/product\/avss-parachute-recovery-system-for-dji-matrice-300-350\/\"},{\"@type\":\"ListItem\",\"position\":3,\"name\":\"Accessoires\",\"item\":\"https:\/\/koningdrone.be\/categorie\/accessoires\/\"},{\"@type\":\"ListItem\",\"position\":4,\"name\":\"DJI Action 2 Front Touchscreen Module\"}]},{\"@type\":\"WebSite\",\"@id\":\"https:\/\/koningdrone.be\/#website\",\"url\":\"https:\/\/koningdrone.be\/\",\"name\":\"Koningdrone.be - Uw online specialist in drones, gimbals, camera's en power stations.\",\"description\":\"De webshop in drones en gimbals\",\"publisher\":{\"@id\":\"https:\/\/koningdrone.be\/#organization\"},\"potentialAction\":[{\"@type\":\"SearchAction\",\"target\":{\"@type\":\"EntryPoint\",\"urlTemplate\":\"https:\/\/koningdrone.be\/?s={search_term_string}\"},\"query-input\":{\"@type\":\"PropertyValueSpecification\",\"valueRequired\":true,\"valueName\":\"search_term_string\"}}],\"inLanguage\":\"es\"},{\"@type\":\"Organization\",\"@id\":\"https:\/\/koningdrone.be\/#organization\",\"name\":\"Koningdrone.be\",\"url\":\"https:\/\/koningdrone.be\/\",\"logo\":{\"@type\":\"ImageObject\",\"inLanguage\":\"es\",\"@id\":\"https:\/\/koningdrone.be\/#\/schema\/logo\/image\/\",\"url\":\"https:\/\/koningdrone.be\/wp-content\/uploads\/sites\/13\/2025\/04\/koningdrone-copyright-logo.svg\",\"contentUrl\":\"https:\/\/koningdrone.be\/wp-content\/uploads\/sites\/13\/2025\/04\/koningdrone-copyright-logo.svg\",\"width\":227,\"height\":38,\"caption\":\"Koningdrone.be\"},\"image\":{\"@id\":\"https:\/\/koningdrone.be\/#\/schema\/logo\/image\/\"}}]}<\/script>\n<!-- \/ Yoast SEO Premium plugin. -->","yoast_head_json":{"title":"DJI Action 2 Front Touchscreen Module - koningdrone.be","robots":{"index":"index","follow":"follow","max-snippet":"max-snippet:-1","max-image-preview":"max-image-preview:large","max-video-preview":"max-video-preview:-1"},"canonical":"https:\/\/koningdrone.be\/es\/producto\/dji-action-2-front-touchscreen-module\/","og_locale":"es_ES","og_type":"article","og_title":"DJI Action 2 Front Touchscreen Module","og_description":"OLED-voorscherm voor levendige weergave MicroSD-kaartsleuf voor uitgebreide opslag Drie microfoons voor hoogwaardige geluidsopname Magnetisch slot voor eenvoudige bevestiging aan de camera-unit Verlengt de batterijduur van DJI Action 2 tot 160 minuten Dubbele OLED-touchscreens voor verbeterde controle Matrix Stereo met 4 microfoons voor meeslepende audio Ondersteunt audiozoom en directionele audio Compatibel met externe microfoon voor superieur geluid","og_url":"https:\/\/koningdrone.be\/es\/producto\/dji-action-2-front-touchscreen-module\/","og_site_name":"koningdrone.be","article_modified_time":"2026-04-29T13:40:30+00:00","og_image":[{"width":1200,"height":800,"url":"https:\/\/koningdrone.be\/wp-content\/uploads\/sites\/13\/2025\/04\/3819f3b27a700794a581b059412e66a4@large.jpg","type":"image\/jpeg"}],"twitter_card":"summary_large_image","twitter_misc":{"Tiempo de lectura":"2 minutos"},"schema":{"@context":"https:\/\/schema.org","@graph":[{"@type":"WebPage","@id":"https:\/\/koningdrone.be\/product\/dji-action-2-front-touchscreen-module\/","url":"https:\/\/koningdrone.be\/product\/dji-action-2-front-touchscreen-module\/","name":"DJI Action 2 Front Touchscreen Module - koningdrone.be","isPartOf":{"@id":"https:\/\/koningdrone.be\/#website"},"primaryImageOfPage":{"@id":"https:\/\/koningdrone.be\/product\/dji-action-2-front-touchscreen-module\/#primaryimage"},"image":{"@id":"https:\/\/koningdrone.be\/product\/dji-action-2-front-touchscreen-module\/#primaryimage"},"thumbnailUrl":"https:\/\/koningdrone.be\/wp-content\/uploads\/sites\/13\/2025\/04\/3819f3b27a700794a581b059412e66a4@large.jpg","datePublished":"2021-11-19T10:27:19+00:00","dateModified":"2026-04-29T13:40:30+00:00","breadcrumb":{"@id":"https:\/\/koningdrone.be\/product\/dji-action-2-front-touchscreen-module\/#breadcrumb"},"inLanguage":"es","potentialAction":[{"@type":"ReadAction","target":["https:\/\/koningdrone.be\/product\/dji-action-2-front-touchscreen-module\/"]}]},{"@type":"ImageObject","inLanguage":"es","@id":"https:\/\/koningdrone.be\/product\/dji-action-2-front-touchscreen-module\/#primaryimage","url":"https:\/\/koningdrone.be\/wp-content\/uploads\/sites\/13\/2025\/04\/3819f3b27a700794a581b059412e66a4@large.jpg","contentUrl":"https:\/\/koningdrone.be\/wp-content\/uploads\/sites\/13\/2025\/04\/3819f3b27a700794a581b059412e66a4@large.jpg","width":1200,"height":800},{"@type":"BreadcrumbList","@id":"https:\/\/koningdrone.be\/product\/dji-action-2-front-touchscreen-module\/#breadcrumb","itemListElement":[{"@type":"ListItem","position":1,"name":"Home","item":"https:\/\/koningdrone.be\/"},{"@type":"ListItem","position":2,"name":"AVSS Parachute Recovery System for DJI Matrice 300\/350","item":"https:\/\/koningdrone.be\/product\/avss-parachute-recovery-system-for-dji-matrice-300-350\/"},{"@type":"ListItem","position":3,"name":"Accessoires","item":"https:\/\/koningdrone.be\/categorie\/accessoires\/"},{"@type":"ListItem","position":4,"name":"DJI Action 2 Front Touchscreen Module"}]},{"@type":"WebSite","@id":"https:\/\/koningdrone.be\/#website","url":"https:\/\/koningdrone.be\/","name":"Koningdrone.be - Su especialista en l\u00ednea en drones, cardanes, c\u00e1maras y centrales el\u00e9ctricas.","description":"La tienda virtual de drones y cardanes","publisher":{"@id":"https:\/\/koningdrone.be\/#organization"},"potentialAction":[{"@type":"SearchAction","target":{"@type":"EntryPoint","urlTemplate":"https:\/\/koningdrone.be\/?s={search_term_string}"},"query-input":{"@type":"PropertyValueSpecification","valueRequired":true,"valueName":"search_term_string"}}],"inLanguage":"es"},{"@type":"Organization","@id":"https:\/\/koningdrone.be\/#organization","name":"Kingdrone.es","url":"https:\/\/koningdrone.be\/","logo":{"@type":"ImageObject","inLanguage":"es","@id":"https:\/\/koningdrone.be\/#\/schema\/logo\/image\/","url":"https:\/\/koningdrone.be\/wp-content\/uploads\/sites\/13\/2025\/04\/koningdrone-copyright-logo.svg","contentUrl":"https:\/\/koningdrone.be\/wp-content\/uploads\/sites\/13\/2025\/04\/koningdrone-copyright-logo.svg","width":227,"height":38,"caption":"Koningdrone.be"},"image":{"@id":"https:\/\/koningdrone.be\/#\/schema\/logo\/image\/"}}]}},"df_price":179,"df_sale_price":"","df_regular_price":179,"df_image_link":"https:\/\/koningdrone.be\/wp-content\/uploads\/sites\/13\/2025\/04\/3819f3b27a700794a581b059412e66a4@large-300x200.jpg","_links":{"self":[{"href":"https:\/\/koningdrone.be\/es\/wp-json\/wp\/v2\/product\/6149","targetHints":{"allow":["GET"]}}],"collection":[{"href":"https:\/\/koningdrone.be\/es\/wp-json\/wp\/v2\/product"}],"about":[{"href":"https:\/\/koningdrone.be\/es\/wp-json\/wp\/v2\/types\/product"}],"wp:featuredmedia":[{"embeddable":true,"href":"https:\/\/koningdrone.be\/es\/wp-json\/wp\/v2\/media\/6147"}],"wp:attachment":[{"href":"https:\/\/koningdrone.be\/es\/wp-json\/wp\/v2\/media?parent=6149"}],"wp:term":[{"taxonomy":"product_brand","embeddable":true,"href":"https:\/\/koningdrone.be\/es\/wp-json\/wp\/v2\/product_brand?post=6149"},{"taxonomy":"product_cat","embeddable":true,"href":"https:\/\/koningdrone.be\/es\/wp-json\/wp\/v2\/product_cat?post=6149"},{"taxonomy":"product_tag","embeddable":true,"href":"https:\/\/koningdrone.be\/es\/wp-json\/wp\/v2\/product_tag?post=6149"}],"curies":[{"name":"wp","href":"https:\/\/api.w.org\/{rel}","templated":true}]}}