{"id":6138,"date":"2021-11-19T11:27:19","date_gmt":"2021-11-19T10:27:19","guid":{"rendered":"https:\/\/koningdrone.nl\/kon\/product\/dji-mavic-3-nd-filters-set-nd4-8-16-32\/"},"modified":"2026-04-29T13:30:14","modified_gmt":"2026-04-29T11:30:14","slug":"dji-mavic-3-nd-filters-set-nd4-8-16-32","status":"publish","type":"product","link":"https:\/\/koningdrone.be\/es\/producto\/dji-mavic-3-nd-filters-set-nd4-8-16-32\/","title":{"rendered":"DJI Mavic 3 Filtros ND Set (ND4\/8\/16\/32)"},"content":{"rendered":"<h1>DJI Mavic 3 Filtros ND Set (ND4\/8\/16\/32)<\/h1>\n<p>El juego de filtros ND consta de ND4, ND8, ND16 y ND32. Estos filtros ND reductores de luz de alta calidad ofrecen a los usuarios avanzados un control preciso de la velocidad de obturaci\u00f3n y garantizan tomas n\u00edtidas incluso cuando el obturador se abre a 180\u00b0 con un ISO bajo durante el disparo.* Fabricado con materiales reductores de luz de alta calidad, este juego de filtros le ayuda a capturar colores realistas y bellos detalles con altas y bajas luces. Su dise\u00f1o de cierre a presi\u00f3n de precisi\u00f3n garantiza un ajuste fiable y el sellado del objetivo sobre la marcha.<br \/> * El \u00e1ngulo de apertura del obturador es una forma habitual de describir la velocidad de obturaci\u00f3n en relaci\u00f3n con la frecuencia de imagen. Por ejemplo, si la c\u00e1mara graba a 24 bps con el obturador abierto a 180\u00b0, el tiempo de exposici\u00f3n es de 1\/48 segundos.Peso: 82 g<br \/> Dimensiones: 49\u00d749\u00d7165 mm<\/p>","protected":false},"excerpt":{"rendered":"<ul>\n<li>Satisface las necesidades de control de la velocidad de obturaci\u00f3n durante la grabaci\u00f3n.<\/li>\n<li> Materiales coloridos de alta calidad que reducen el peso.<\/li>\n<li> Su preciso dise\u00f1o mec\u00e1nico garantiza un ajuste y sellado fiables.<\/li>\n<\/ul>","protected":false},"featured_media":6135,"template":"","meta":{"_acf_changed":false},"product_brand":[],"product_cat":[172,97,871,137],"product_tag":[],"class_list":{"0":"post-6138","1":"product","2":"type-product","3":"status-publish","4":"has-post-thumbnail","6":"product_cat-alle-nd-filters","7":"product_cat-alle-producten","8":"product_cat-dji-mavic","9":"product_cat-dji-mavic-3","10":"product_shipping_class-outofstock","11":"pa_brand-dji","12":"pa_productfamily-nd-filters","13":"pa_producttype-nd-filters","14":"pa_series-mavic-3","16":"first","17":"outofstock","18":"taxable","19":"shipping-taxable","20":"product-type-simple"},"acf":[],"yoast_head":"<!-- This site is optimized with the Yoast SEO Premium plugin v27.2 (Yoast SEO v27.2) - https:\/\/yoast.com\/product\/yoast-seo-premium-wordpress\/ -->\n<title>DJI Mavic 3 ND Filters Set (ND4\/8\/16\/32) - koningdrone.be<\/title>\n<meta name=\"robots\" content=\"index, follow, max-snippet:-1, max-image-preview:large, max-video-preview:-1\" \/>\n<link rel=\"canonical\" href=\"https:\/\/koningdrone.be\/es\/producto\/dji-mavic-3-nd-filters-set-nd4-8-16-32\/\" \/>\n<meta property=\"og:locale\" content=\"es_ES\" \/>\n<meta property=\"og:type\" content=\"article\" \/>\n<meta property=\"og:title\" content=\"DJI Mavic 3 ND Filters Set (ND4\/8\/16\/32)\" \/>\n<meta property=\"og:description\" content=\"Voldoet aan de behoeften van sluitertijdregeling tijdens het opnemen. Gewichtreducerende kleurrijke materialen van hoge kwaliteit. Nauwkeurig mechanisch ontwerp zorgt voor een betrouwbare pasvorm en afdichting.\" \/>\n<meta property=\"og:url\" content=\"https:\/\/koningdrone.be\/es\/producto\/dji-mavic-3-nd-filters-set-nd4-8-16-32\/\" \/>\n<meta property=\"og:site_name\" content=\"koningdrone.be\" \/>\n<meta property=\"article:modified_time\" content=\"2026-04-29T11:30:14+00:00\" \/>\n<meta property=\"og:image\" content=\"https:\/\/koningdrone.be\/wp-content\/uploads\/sites\/13\/2025\/04\/dji-mavic-3-nd-filters-set-nd4\u4e288\u4e2816\u4e2832-2.jpg\" \/>\n\t<meta property=\"og:image:width\" content=\"800\" \/>\n\t<meta property=\"og:image:height\" content=\"640\" \/>\n\t<meta property=\"og:image:type\" content=\"image\/jpeg\" \/>\n<meta name=\"twitter:card\" content=\"summary_large_image\" \/>\n<meta name=\"twitter:label1\" content=\"Tiempo de lectura\" \/>\n\t<meta name=\"twitter:data1\" content=\"1 minuto\" \/>\n<script type=\"application\/ld+json\" class=\"yoast-schema-graph\">{\"@context\":\"https:\/\/schema.org\",\"@graph\":[{\"@type\":\"WebPage\",\"@id\":\"https:\/\/koningdrone.be\/product\/dji-mavic-3-nd-filters-set-nd4-8-16-32\/\",\"url\":\"https:\/\/koningdrone.be\/product\/dji-mavic-3-nd-filters-set-nd4-8-16-32\/\",\"name\":\"DJI Mavic 3 ND Filters Set (ND4\/8\/16\/32) - koningdrone.be\",\"isPartOf\":{\"@id\":\"https:\/\/koningdrone.be\/#website\"},\"primaryImageOfPage\":{\"@id\":\"https:\/\/koningdrone.be\/product\/dji-mavic-3-nd-filters-set-nd4-8-16-32\/#primaryimage\"},\"image\":{\"@id\":\"https:\/\/koningdrone.be\/product\/dji-mavic-3-nd-filters-set-nd4-8-16-32\/#primaryimage\"},\"thumbnailUrl\":\"https:\/\/koningdrone.be\/wp-content\/uploads\/sites\/13\/2025\/04\/dji-mavic-3-nd-filters-set-nd4\u4e288\u4e2816\u4e2832-2.jpg\",\"datePublished\":\"2021-11-19T10:27:19+00:00\",\"dateModified\":\"2026-04-29T11:30:14+00:00\",\"breadcrumb\":{\"@id\":\"https:\/\/koningdrone.be\/product\/dji-mavic-3-nd-filters-set-nd4-8-16-32\/#breadcrumb\"},\"inLanguage\":\"es\",\"potentialAction\":[{\"@type\":\"ReadAction\",\"target\":[\"https:\/\/koningdrone.be\/product\/dji-mavic-3-nd-filters-set-nd4-8-16-32\/\"]}]},{\"@type\":\"ImageObject\",\"inLanguage\":\"es\",\"@id\":\"https:\/\/koningdrone.be\/product\/dji-mavic-3-nd-filters-set-nd4-8-16-32\/#primaryimage\",\"url\":\"https:\/\/koningdrone.be\/wp-content\/uploads\/sites\/13\/2025\/04\/dji-mavic-3-nd-filters-set-nd4\u4e288\u4e2816\u4e2832-2.jpg\",\"contentUrl\":\"https:\/\/koningdrone.be\/wp-content\/uploads\/sites\/13\/2025\/04\/dji-mavic-3-nd-filters-set-nd4\u4e288\u4e2816\u4e2832-2.jpg\",\"width\":800,\"height\":640},{\"@type\":\"BreadcrumbList\",\"@id\":\"https:\/\/koningdrone.be\/product\/dji-mavic-3-nd-filters-set-nd4-8-16-32\/#breadcrumb\",\"itemListElement\":[{\"@type\":\"ListItem\",\"position\":1,\"name\":\"Home\",\"item\":\"https:\/\/koningdrone.be\/\"},{\"@type\":\"ListItem\",\"position\":2,\"name\":\"AVSS Parachute Recovery System for DJI Matrice 300\/350\",\"item\":\"https:\/\/koningdrone.be\/product\/avss-parachute-recovery-system-for-dji-matrice-300-350\/\"},{\"@type\":\"ListItem\",\"position\":3,\"name\":\"Alle ND Filters\",\"item\":\"https:\/\/koningdrone.be\/categorie\/alle-nd-filters\/\"},{\"@type\":\"ListItem\",\"position\":4,\"name\":\"DJI Mavic 3 ND Filters Set (ND4\/8\/16\/32)\"}]},{\"@type\":\"WebSite\",\"@id\":\"https:\/\/koningdrone.be\/#website\",\"url\":\"https:\/\/koningdrone.be\/\",\"name\":\"Koningdrone.be - Uw online specialist in drones, gimbals, camera's en power stations.\",\"description\":\"De webshop in drones en gimbals\",\"publisher\":{\"@id\":\"https:\/\/koningdrone.be\/#organization\"},\"potentialAction\":[{\"@type\":\"SearchAction\",\"target\":{\"@type\":\"EntryPoint\",\"urlTemplate\":\"https:\/\/koningdrone.be\/?s={search_term_string}\"},\"query-input\":{\"@type\":\"PropertyValueSpecification\",\"valueRequired\":true,\"valueName\":\"search_term_string\"}}],\"inLanguage\":\"es\"},{\"@type\":\"Organization\",\"@id\":\"https:\/\/koningdrone.be\/#organization\",\"name\":\"Koningdrone.be\",\"url\":\"https:\/\/koningdrone.be\/\",\"logo\":{\"@type\":\"ImageObject\",\"inLanguage\":\"es\",\"@id\":\"https:\/\/koningdrone.be\/#\/schema\/logo\/image\/\",\"url\":\"https:\/\/koningdrone.be\/wp-content\/uploads\/sites\/13\/2025\/04\/koningdrone-copyright-logo.svg\",\"contentUrl\":\"https:\/\/koningdrone.be\/wp-content\/uploads\/sites\/13\/2025\/04\/koningdrone-copyright-logo.svg\",\"width\":227,\"height\":38,\"caption\":\"Koningdrone.be\"},\"image\":{\"@id\":\"https:\/\/koningdrone.be\/#\/schema\/logo\/image\/\"}}]}<\/script>\n<!-- \/ Yoast SEO Premium plugin. -->","yoast_head_json":{"title":"DJI Mavic 3 ND Filters Set (ND4\/8\/16\/32) - koningdrone.be","robots":{"index":"index","follow":"follow","max-snippet":"max-snippet:-1","max-image-preview":"max-image-preview:large","max-video-preview":"max-video-preview:-1"},"canonical":"https:\/\/koningdrone.be\/es\/producto\/dji-mavic-3-nd-filters-set-nd4-8-16-32\/","og_locale":"es_ES","og_type":"article","og_title":"DJI Mavic 3 ND Filters Set (ND4\/8\/16\/32)","og_description":"Voldoet aan de behoeften van sluitertijdregeling tijdens het opnemen. Gewichtreducerende kleurrijke materialen van hoge kwaliteit. Nauwkeurig mechanisch ontwerp zorgt voor een betrouwbare pasvorm en afdichting.","og_url":"https:\/\/koningdrone.be\/es\/producto\/dji-mavic-3-nd-filters-set-nd4-8-16-32\/","og_site_name":"koningdrone.be","article_modified_time":"2026-04-29T11:30:14+00:00","og_image":[{"width":800,"height":640,"url":"https:\/\/koningdrone.be\/wp-content\/uploads\/sites\/13\/2025\/04\/dji-mavic-3-nd-filters-set-nd4\u4e288\u4e2816\u4e2832-2.jpg","type":"image\/jpeg"}],"twitter_card":"summary_large_image","twitter_misc":{"Tiempo de lectura":"1 minuto"},"schema":{"@context":"https:\/\/schema.org","@graph":[{"@type":"WebPage","@id":"https:\/\/koningdrone.be\/product\/dji-mavic-3-nd-filters-set-nd4-8-16-32\/","url":"https:\/\/koningdrone.be\/product\/dji-mavic-3-nd-filters-set-nd4-8-16-32\/","name":"DJI Mavic 3 ND Filters Set (ND4\/8\/16\/32) - koningdrone.be","isPartOf":{"@id":"https:\/\/koningdrone.be\/#website"},"primaryImageOfPage":{"@id":"https:\/\/koningdrone.be\/product\/dji-mavic-3-nd-filters-set-nd4-8-16-32\/#primaryimage"},"image":{"@id":"https:\/\/koningdrone.be\/product\/dji-mavic-3-nd-filters-set-nd4-8-16-32\/#primaryimage"},"thumbnailUrl":"https:\/\/koningdrone.be\/wp-content\/uploads\/sites\/13\/2025\/04\/dji-mavic-3-nd-filters-set-nd4\u4e288\u4e2816\u4e2832-2.jpg","datePublished":"2021-11-19T10:27:19+00:00","dateModified":"2026-04-29T11:30:14+00:00","breadcrumb":{"@id":"https:\/\/koningdrone.be\/product\/dji-mavic-3-nd-filters-set-nd4-8-16-32\/#breadcrumb"},"inLanguage":"es","potentialAction":[{"@type":"ReadAction","target":["https:\/\/koningdrone.be\/product\/dji-mavic-3-nd-filters-set-nd4-8-16-32\/"]}]},{"@type":"ImageObject","inLanguage":"es","@id":"https:\/\/koningdrone.be\/product\/dji-mavic-3-nd-filters-set-nd4-8-16-32\/#primaryimage","url":"https:\/\/koningdrone.be\/wp-content\/uploads\/sites\/13\/2025\/04\/dji-mavic-3-nd-filters-set-nd4\u4e288\u4e2816\u4e2832-2.jpg","contentUrl":"https:\/\/koningdrone.be\/wp-content\/uploads\/sites\/13\/2025\/04\/dji-mavic-3-nd-filters-set-nd4\u4e288\u4e2816\u4e2832-2.jpg","width":800,"height":640},{"@type":"BreadcrumbList","@id":"https:\/\/koningdrone.be\/product\/dji-mavic-3-nd-filters-set-nd4-8-16-32\/#breadcrumb","itemListElement":[{"@type":"ListItem","position":1,"name":"Home","item":"https:\/\/koningdrone.be\/"},{"@type":"ListItem","position":2,"name":"AVSS Parachute Recovery System for DJI Matrice 300\/350","item":"https:\/\/koningdrone.be\/product\/avss-parachute-recovery-system-for-dji-matrice-300-350\/"},{"@type":"ListItem","position":3,"name":"Alle ND Filters","item":"https:\/\/koningdrone.be\/categorie\/alle-nd-filters\/"},{"@type":"ListItem","position":4,"name":"DJI Mavic 3 ND Filters Set (ND4\/8\/16\/32)"}]},{"@type":"WebSite","@id":"https:\/\/koningdrone.be\/#website","url":"https:\/\/koningdrone.be\/","name":"Koningdrone.be - Su especialista en l\u00ednea en drones, cardanes, c\u00e1maras y centrales el\u00e9ctricas.","description":"La tienda virtual de drones y cardanes","publisher":{"@id":"https:\/\/koningdrone.be\/#organization"},"potentialAction":[{"@type":"SearchAction","target":{"@type":"EntryPoint","urlTemplate":"https:\/\/koningdrone.be\/?s={search_term_string}"},"query-input":{"@type":"PropertyValueSpecification","valueRequired":true,"valueName":"search_term_string"}}],"inLanguage":"es"},{"@type":"Organization","@id":"https:\/\/koningdrone.be\/#organization","name":"Kingdrone.es","url":"https:\/\/koningdrone.be\/","logo":{"@type":"ImageObject","inLanguage":"es","@id":"https:\/\/koningdrone.be\/#\/schema\/logo\/image\/","url":"https:\/\/koningdrone.be\/wp-content\/uploads\/sites\/13\/2025\/04\/koningdrone-copyright-logo.svg","contentUrl":"https:\/\/koningdrone.be\/wp-content\/uploads\/sites\/13\/2025\/04\/koningdrone-copyright-logo.svg","width":227,"height":38,"caption":"Koningdrone.be"},"image":{"@id":"https:\/\/koningdrone.be\/#\/schema\/logo\/image\/"}}]}},"df_price":"","df_sale_price":"","df_regular_price":"","df_image_link":"https:\/\/koningdrone.be\/wp-content\/uploads\/sites\/13\/2025\/04\/dji-mavic-3-nd-filters-set-nd4\u4e288\u4e2816\u4e2832-2-300x240.jpg","_links":{"self":[{"href":"https:\/\/koningdrone.be\/es\/wp-json\/wp\/v2\/product\/6138","targetHints":{"allow":["GET"]}}],"collection":[{"href":"https:\/\/koningdrone.be\/es\/wp-json\/wp\/v2\/product"}],"about":[{"href":"https:\/\/koningdrone.be\/es\/wp-json\/wp\/v2\/types\/product"}],"wp:featuredmedia":[{"embeddable":true,"href":"https:\/\/koningdrone.be\/es\/wp-json\/wp\/v2\/media\/6135"}],"wp:attachment":[{"href":"https:\/\/koningdrone.be\/es\/wp-json\/wp\/v2\/media?parent=6138"}],"wp:term":[{"taxonomy":"product_brand","embeddable":true,"href":"https:\/\/koningdrone.be\/es\/wp-json\/wp\/v2\/product_brand?post=6138"},{"taxonomy":"product_cat","embeddable":true,"href":"https:\/\/koningdrone.be\/es\/wp-json\/wp\/v2\/product_cat?post=6138"},{"taxonomy":"product_tag","embeddable":true,"href":"https:\/\/koningdrone.be\/es\/wp-json\/wp\/v2\/product_tag?post=6138"}],"curies":[{"name":"wp","href":"https:\/\/api.w.org\/{rel}","templated":true}]}}