{"id":6081,"date":"2021-11-19T11:27:24","date_gmt":"2021-11-19T10:27:24","guid":{"rendered":"https:\/\/koningdrone.nl\/kon\/product\/dji-action-2-dual-screen-combo\/"},"modified":"2026-04-29T13:30:07","modified_gmt":"2026-04-29T11:30:07","slug":"dji-action-2-dual-screen-combo","status":"publish","type":"product","link":"https:\/\/koningdrone.be\/es\/producto\/dji-action-2-dual-screen-combo\/","title":{"rendered":"Combo de doble pantalla DJI Action 2"},"content":{"rendered":"<p>[embedyt] https:\/\/www.youtube.com\/watch?v=STsh6Iu3aEw[\/embedyt]<\/p>\n<h1>DJI Action 2 Dual Screen Combo<\/h1>\n<p>DJI Action 2 is niet alleen ultraveelzijdig, het is ook onze krachtigste actiecamera tot nu toe. Dankzij het innovatieve magnetische ontwerp kun je moeiteloos accessoires verwisselen terwijl je het leven onderweg vastlegt. Van parkour tot parkwandelingen, doorbreek de mal met DJI Action 2.<\/p>\n<p><strong>Gemaakt met precisie<\/strong><br \/>De lichtgewicht behuizing van aluminiumlegering heeft een slanke, minimalistische uitstraling en voelt soepel en solide aan. Dankzij het innovatieve magnetische vergrendelingsontwerp van Action 2 kun je accessoires snel en veilig verwisselen.<\/p>\n<p>Action 2 biedt toonaangevende prestaties en zit boordevol intu\u00eftieve functies. Met al deze kracht kunnen gebruikers gedenkwaardige beelden vastleggen, van spectaculair tot alledaags, zelfs in barre omstandigheden.<\/p>\n<p><strong>4K\/120fps<\/strong><br \/>Neem verbluffend vloeiende beelden op met rijke details die zich onderscheiden van de rest. DJI Action 2 bereikt ongekende hoogten met de mogelijkheid om 4K\/120fps te fotograferen.<\/p>\n<p><strong>155 \u00b0 gezichtsveld<\/strong><br \/>Verbeter uw perspectief en krijg meer scherptediepte met een ultrabrede 155 \u00b0 FOV. De aangepaste asferische lens van Action 2 verscherpt randen en vermindert beeldvervorming.<\/p>\n<p><strong>HorizonSteady<\/strong><br \/>HorizonSteady houdt je beeldmateriaal vlak, hoe wild de actie ook wordt. Van karten tot dirtbiken, DJI&#8217;s nieuwste ingebouwde stabilisatie-algoritme detecteert en corrigeert camerabewegingen en -rotatie in realtime.<\/p>\n<p><strong>All-terrain, alle actie<\/strong><br \/>De robuuste Action 2-camera-eenheid is valbestendig, stofdicht en waterdicht tot een diepte van 10 meter. En met een touchscreen en een lens van gorillaglas is hij duurzaam genoeg voor elk avontuur.<br \/>&#8211; Stofdicht<br \/>&#8211; Ultra-duurzaam<\/p>\n<p><strong>Laat je creativiteit de v<\/strong><br \/><strong>rije loop<\/strong><br \/><strong>Time-lapse<\/strong><br \/>Pronk met uw creatieve flair met een adembenemende timelapse. Leg de drukte van de stad vast of de onweerswolken die binnenrollen met een versneld verstrijken van de tijd.<\/p>\n<p><strong>8x Slow-motion<\/strong><br \/>Een bijna-ongeval, het moment van impact of het breken van een golf zijn des te epischer in slow-mo. Met Action 2 kun je zelfs slow motion in- of uitschakelen tijdens het fotograferen voor nauwkeurige timing en meer vrijheid.<\/p>\n<p><strong>Digitale vergroting<\/strong><br \/>Schakel naadloos over van close-ups naar opnamen op afstand, zelfs terwijl u fotografeert, om meer diepte aan uw opnamen toe te voegen.<\/p>\n<p><strong>Gemaakt voor actie, en nog veel meer<\/strong><br \/>Dankzij het magnetische ontwerp van Action 2 kunnen gebruikers vrij klikken en schakelen tussen krachtige modules en accessoires. Deze vloeiende vorm maakt het de ultieme multifunctionele actiecamera.<\/p>\n<p><strong>Touchscreen Module<\/strong><br \/><strong>Verdubbel je creativiteit<\/strong><br \/>Klik de Front Touchscreen Module vast en maak jezelf het middelpunt van de aandacht. Het OLED-touchscreen aan de voorzijde en de Matrix Stereo met 4 microfoons zijn ontworpen met vloggers in het achterhoofd en laten je video&#8217;s componeren en heldere audio vastleggen terwijl je je avonturen vertelt. En wanneer aangesloten, wordt de batterijduur van Action 2 verlengd tot maximaal 160 minuten tijdens het filmen. Sommige dingen klikken gewoon!<\/p>\n<p><strong>Intelligente audio<\/strong><br \/>-4-mic Matrix Stereo<br \/>-Audiozoom<br \/>-Directionele Audio<\/p>\n<p><strong>Voedingsmodule<\/strong><br \/>Haal meer uit je Action 2 met de Power Module. Wanneer aangesloten, krijgt Action 2 een microSD-kaartsleuf en kan tot 180 minuten filmen. Het is zelfs hot-swappable, zodat je kunt blijven filmen zonder iets te missen.<\/p>\n<p><strong>Draagbare accessoires<\/strong><br \/>Bekijk de leveringsomvang welke accessoires bij het de DJI Action 2 zit!<br \/>Met Action 2 kun je in het moment blijven terwijl je het spectaculaire vastlegt. Met de magnetische lanyard en magnetische hoofdband kunt u Action 2 gemakkelijk op uw borst of hoofd dragen, uw handen vrij houden en filmen in FPV.<br \/>&#8211; Magnetische Lanyard: Lifewear<br \/>&#8211; Magnetische hoofdband: Activewear<\/p>\n<p><strong>Magnetische bevestigingen<\/strong><br \/>Wees creatief of ga voor het extreme door verbinding te maken met een van de magnetische steunen van Action 2. De twee bevestigingen klikken beide rechtstreeks op Action 2 via het magnetische slot en bevatten een \u00bc &#8220;schroefgat om verbinding te maken met accessoires van derden.<br \/>De magnetische kogelgewrichtadapterbevestiging heeft een herbruikbare zelfklevende basis en kogelgewricht waarmee u tijdens het filmen unieke uitkijkpunten en hoeken kunt krijgen. Als je zin hebt in een adrenalinestoot, is de magnetische adapterbevestiging ontworpen om stevig op vrijwel elk accessoire voor extreme sportencamera&#8217;s te worden bevestigd.<\/p>\n<p><strong>DJI Mimo-app<\/strong><br \/>Cre\u00eber content die opvalt met DJI Action 2. Met de DJI Mimo-app kun je moeiteloos de hoogtepunten van elk avontuur vastleggen, bewerken en delen. De app zit boordevol intu\u00eftieve functies en krachtige bewerkingstools, allemaal binnen handbereik.<\/p>\n<p><strong>AI-editor<\/strong><br \/>Deelwaardige inhoud is slechts een paar tikken verwijderd. De DJI Mimo-app selecteert en combineert automatisch je epische momenten met vlekkeloze overgangen end vrolijke muziek.<\/p>\n<p><strong>Snelle bestandsoverdracht<\/strong><br \/>Gebruik je telefoon om foto&#8217;s en video&#8217;s in een flits te beheren en over te zetten. Georganiseerd blijven was nog nooit zo eenvoudig.<\/p>\n<p><strong>Opmerkingen<\/strong>:<br \/>1. Alleen mogelijk bij aansluiting op de Front Touchscreen Module.<br \/>2. <br \/><strong>ALLEEN DE ACTION 2 CAMERA-EENHEID IS WATERDICHT. DE TOUCHSCREENMODULE VOOR EN DE POWERMODULE ZIJN NIET WATERDICHT<\/strong>. Het wordt aanbevolen om de DJI Action 2 waterdichte behuizing te gebruiken als u van plan bent om de DJI Action 2 voor langere tijd onder water te gebruiken (zoals tijdens het duiken) of onder hoge waterdruk (zoals bij klifduiken). De DJI Action 2 camera-eenheid en de waterdichte behuizing hebben een IP68-waterdichtheidsclassificatie. Gebruik de camera niet in hete bronnen en stel hem niet bloot aan bijtende vloeistoffen.<br \/>3. Maximale levensduur van de batterij werd bereikt bij het opnemen van video met 1080p\/30fps (Power Reserve-modus) met elektronische beeldstabilisatie uitgeschakeld en onder laboratoriumomstandigheden.<br \/>4. Bevestig de zelfklevende basis niet aan muren of andere oppervlakken met olie, water, stof, grind of andere grove deeltjes om te voorkomen dat de camera valt als gevolg van een onveilige verbinding.<br \/>5. Houd er bij het monteren van DJI Action 2 op een autodak of raam rekening mee dat overmatige snelheid, harde wind, storm of deeltjes op de oppervlakken de sterkte van de verbinding kunnen be\u00efnvloeden.<br \/>6. De maximale levensduur van de batterij werd bereikt wanneer beide zenders aan de ontvanger waren gekoppeld, back-upopname was uitgeschakeld en de ontvanger was aangesloten op een camera.<\/p>\n","protected":false},"excerpt":{"rendered":"<ul>\n<li>Dise\u00f1o magn\u00e9tico vers\u00e1til<\/li>\n<li>Port\u00e1til y port\u00e1til<\/li>\n<li>4K\/120 fps y campo de visi\u00f3n superamplio<\/li>\n<li>HorizonSteady<\/li>\n<li>10m impermeable<\/li>\n<li>Editor de IA<\/li>\n<\/ul>","protected":false},"featured_media":6078,"template":"","meta":{"_acf_changed":false},"product_brand":[],"product_cat":[97,621,297],"product_tag":[],"class_list":{"0":"post-6081","1":"product","2":"type-product","3":"status-publish","4":"has-post-thumbnail","6":"product_cat-alle-producten","7":"product_cat-dji-action-2","8":"product_cat-dji-osmo","9":"product_shipping_class-outofstock","10":"pa_brand-dji","11":"pa_productfamily-camera","12":"pa_producttype-camera","13":"pa_series-action-2","15":"first","16":"outofstock","17":"taxable","18":"shipping-taxable","19":"product-type-simple"},"acf":[],"yoast_head":"<!-- This site is optimized with the Yoast SEO Premium plugin v27.2 (Yoast SEO v27.2) - https:\/\/yoast.com\/product\/yoast-seo-premium-wordpress\/ -->\n<title>DJI Action 2 Dual Screen Combo - koningdrone.be<\/title>\n<meta name=\"robots\" content=\"index, follow, max-snippet:-1, max-image-preview:large, max-video-preview:-1\" \/>\n<link rel=\"canonical\" href=\"https:\/\/koningdrone.be\/es\/producto\/dji-action-2-dual-screen-combo\/\" \/>\n<meta property=\"og:locale\" content=\"es_ES\" \/>\n<meta property=\"og:type\" content=\"article\" \/>\n<meta property=\"og:title\" content=\"DJI Action 2 Dual Screen Combo\" \/>\n<meta property=\"og:description\" content=\"Veelzijdig magnetisch ontwerpDraagbaar en draagbaar4K\/120fps en superbreed gezichtsveldHorizonSteady10m waterdichtAI-editor\" \/>\n<meta property=\"og:url\" content=\"https:\/\/koningdrone.be\/es\/producto\/dji-action-2-dual-screen-combo\/\" \/>\n<meta property=\"og:site_name\" content=\"koningdrone.be\" \/>\n<meta property=\"article:modified_time\" content=\"2026-04-29T11:30:07+00:00\" \/>\n<meta property=\"og:image\" content=\"https:\/\/koningdrone.be\/wp-content\/uploads\/sites\/13\/2025\/04\/45_dji-action-2-dual-screen-combo.jpg\" \/>\n\t<meta property=\"og:image:width\" content=\"600\" \/>\n\t<meta property=\"og:image:height\" content=\"450\" \/>\n\t<meta property=\"og:image:type\" content=\"image\/jpeg\" \/>\n<meta name=\"twitter:card\" content=\"summary_large_image\" \/>\n<meta name=\"twitter:label1\" content=\"Tiempo de lectura\" \/>\n\t<meta name=\"twitter:data1\" content=\"4 minutos\" \/>\n<script type=\"application\/ld+json\" class=\"yoast-schema-graph\">{\"@context\":\"https:\/\/schema.org\",\"@graph\":[{\"@type\":\"WebPage\",\"@id\":\"https:\/\/koningdrone.be\/product\/dji-action-2-dual-screen-combo\/\",\"url\":\"https:\/\/koningdrone.be\/product\/dji-action-2-dual-screen-combo\/\",\"name\":\"DJI Action 2 Dual Screen Combo - koningdrone.be\",\"isPartOf\":{\"@id\":\"https:\/\/koningdrone.be\/#website\"},\"primaryImageOfPage\":{\"@id\":\"https:\/\/koningdrone.be\/product\/dji-action-2-dual-screen-combo\/#primaryimage\"},\"image\":{\"@id\":\"https:\/\/koningdrone.be\/product\/dji-action-2-dual-screen-combo\/#primaryimage\"},\"thumbnailUrl\":\"https:\/\/koningdrone.be\/wp-content\/uploads\/sites\/13\/2025\/04\/45_dji-action-2-dual-screen-combo.jpg\",\"datePublished\":\"2021-11-19T10:27:24+00:00\",\"dateModified\":\"2026-04-29T11:30:07+00:00\",\"breadcrumb\":{\"@id\":\"https:\/\/koningdrone.be\/product\/dji-action-2-dual-screen-combo\/#breadcrumb\"},\"inLanguage\":\"es\",\"potentialAction\":[{\"@type\":\"ReadAction\",\"target\":[\"https:\/\/koningdrone.be\/product\/dji-action-2-dual-screen-combo\/\"]}]},{\"@type\":\"ImageObject\",\"inLanguage\":\"es\",\"@id\":\"https:\/\/koningdrone.be\/product\/dji-action-2-dual-screen-combo\/#primaryimage\",\"url\":\"https:\/\/koningdrone.be\/wp-content\/uploads\/sites\/13\/2025\/04\/45_dji-action-2-dual-screen-combo.jpg\",\"contentUrl\":\"https:\/\/koningdrone.be\/wp-content\/uploads\/sites\/13\/2025\/04\/45_dji-action-2-dual-screen-combo.jpg\",\"width\":600,\"height\":450},{\"@type\":\"BreadcrumbList\",\"@id\":\"https:\/\/koningdrone.be\/product\/dji-action-2-dual-screen-combo\/#breadcrumb\",\"itemListElement\":[{\"@type\":\"ListItem\",\"position\":1,\"name\":\"Home\",\"item\":\"https:\/\/koningdrone.be\/\"},{\"@type\":\"ListItem\",\"position\":2,\"name\":\"AVSS Parachute Recovery System for DJI Matrice 300\/350\",\"item\":\"https:\/\/koningdrone.be\/product\/avss-parachute-recovery-system-for-dji-matrice-300-350\/\"},{\"@type\":\"ListItem\",\"position\":3,\"name\":\"Alle producten\",\"item\":\"https:\/\/koningdrone.be\/categorie\/alle-producten\/\"},{\"@type\":\"ListItem\",\"position\":4,\"name\":\"DJI Action 2 Dual Screen Combo\"}]},{\"@type\":\"WebSite\",\"@id\":\"https:\/\/koningdrone.be\/#website\",\"url\":\"https:\/\/koningdrone.be\/\",\"name\":\"Koningdrone.be - Uw online specialist in drones, gimbals, camera's en power stations.\",\"description\":\"De webshop in drones en gimbals\",\"publisher\":{\"@id\":\"https:\/\/koningdrone.be\/#organization\"},\"potentialAction\":[{\"@type\":\"SearchAction\",\"target\":{\"@type\":\"EntryPoint\",\"urlTemplate\":\"https:\/\/koningdrone.be\/?s={search_term_string}\"},\"query-input\":{\"@type\":\"PropertyValueSpecification\",\"valueRequired\":true,\"valueName\":\"search_term_string\"}}],\"inLanguage\":\"es\"},{\"@type\":\"Organization\",\"@id\":\"https:\/\/koningdrone.be\/#organization\",\"name\":\"Koningdrone.be\",\"url\":\"https:\/\/koningdrone.be\/\",\"logo\":{\"@type\":\"ImageObject\",\"inLanguage\":\"es\",\"@id\":\"https:\/\/koningdrone.be\/#\/schema\/logo\/image\/\",\"url\":\"https:\/\/koningdrone.be\/wp-content\/uploads\/sites\/13\/2025\/04\/koningdrone-copyright-logo.svg\",\"contentUrl\":\"https:\/\/koningdrone.be\/wp-content\/uploads\/sites\/13\/2025\/04\/koningdrone-copyright-logo.svg\",\"width\":227,\"height\":38,\"caption\":\"Koningdrone.be\"},\"image\":{\"@id\":\"https:\/\/koningdrone.be\/#\/schema\/logo\/image\/\"}}]}<\/script>\n<!-- \/ Yoast SEO Premium plugin. -->","yoast_head_json":{"title":"DJI Action 2 Dual Screen Combo - koningdrone.be","robots":{"index":"index","follow":"follow","max-snippet":"max-snippet:-1","max-image-preview":"max-image-preview:large","max-video-preview":"max-video-preview:-1"},"canonical":"https:\/\/koningdrone.be\/es\/producto\/dji-action-2-dual-screen-combo\/","og_locale":"es_ES","og_type":"article","og_title":"DJI Action 2 Dual Screen Combo","og_description":"Veelzijdig magnetisch ontwerpDraagbaar en draagbaar4K\/120fps en superbreed gezichtsveldHorizonSteady10m waterdichtAI-editor","og_url":"https:\/\/koningdrone.be\/es\/producto\/dji-action-2-dual-screen-combo\/","og_site_name":"koningdrone.be","article_modified_time":"2026-04-29T11:30:07+00:00","og_image":[{"width":600,"height":450,"url":"https:\/\/koningdrone.be\/wp-content\/uploads\/sites\/13\/2025\/04\/45_dji-action-2-dual-screen-combo.jpg","type":"image\/jpeg"}],"twitter_card":"summary_large_image","twitter_misc":{"Tiempo de lectura":"4 minutos"},"schema":{"@context":"https:\/\/schema.org","@graph":[{"@type":"WebPage","@id":"https:\/\/koningdrone.be\/product\/dji-action-2-dual-screen-combo\/","url":"https:\/\/koningdrone.be\/product\/dji-action-2-dual-screen-combo\/","name":"DJI Action 2 Dual Screen Combo - koningdrone.be","isPartOf":{"@id":"https:\/\/koningdrone.be\/#website"},"primaryImageOfPage":{"@id":"https:\/\/koningdrone.be\/product\/dji-action-2-dual-screen-combo\/#primaryimage"},"image":{"@id":"https:\/\/koningdrone.be\/product\/dji-action-2-dual-screen-combo\/#primaryimage"},"thumbnailUrl":"https:\/\/koningdrone.be\/wp-content\/uploads\/sites\/13\/2025\/04\/45_dji-action-2-dual-screen-combo.jpg","datePublished":"2021-11-19T10:27:24+00:00","dateModified":"2026-04-29T11:30:07+00:00","breadcrumb":{"@id":"https:\/\/koningdrone.be\/product\/dji-action-2-dual-screen-combo\/#breadcrumb"},"inLanguage":"es","potentialAction":[{"@type":"ReadAction","target":["https:\/\/koningdrone.be\/product\/dji-action-2-dual-screen-combo\/"]}]},{"@type":"ImageObject","inLanguage":"es","@id":"https:\/\/koningdrone.be\/product\/dji-action-2-dual-screen-combo\/#primaryimage","url":"https:\/\/koningdrone.be\/wp-content\/uploads\/sites\/13\/2025\/04\/45_dji-action-2-dual-screen-combo.jpg","contentUrl":"https:\/\/koningdrone.be\/wp-content\/uploads\/sites\/13\/2025\/04\/45_dji-action-2-dual-screen-combo.jpg","width":600,"height":450},{"@type":"BreadcrumbList","@id":"https:\/\/koningdrone.be\/product\/dji-action-2-dual-screen-combo\/#breadcrumb","itemListElement":[{"@type":"ListItem","position":1,"name":"Home","item":"https:\/\/koningdrone.be\/"},{"@type":"ListItem","position":2,"name":"AVSS Parachute Recovery System for DJI Matrice 300\/350","item":"https:\/\/koningdrone.be\/product\/avss-parachute-recovery-system-for-dji-matrice-300-350\/"},{"@type":"ListItem","position":3,"name":"Alle producten","item":"https:\/\/koningdrone.be\/categorie\/alle-producten\/"},{"@type":"ListItem","position":4,"name":"DJI Action 2 Dual Screen Combo"}]},{"@type":"WebSite","@id":"https:\/\/koningdrone.be\/#website","url":"https:\/\/koningdrone.be\/","name":"Koningdrone.be - Su especialista en l\u00ednea en drones, cardanes, c\u00e1maras y centrales el\u00e9ctricas.","description":"La tienda virtual de drones y cardanes","publisher":{"@id":"https:\/\/koningdrone.be\/#organization"},"potentialAction":[{"@type":"SearchAction","target":{"@type":"EntryPoint","urlTemplate":"https:\/\/koningdrone.be\/?s={search_term_string}"},"query-input":{"@type":"PropertyValueSpecification","valueRequired":true,"valueName":"search_term_string"}}],"inLanguage":"es"},{"@type":"Organization","@id":"https:\/\/koningdrone.be\/#organization","name":"Kingdrone.es","url":"https:\/\/koningdrone.be\/","logo":{"@type":"ImageObject","inLanguage":"es","@id":"https:\/\/koningdrone.be\/#\/schema\/logo\/image\/","url":"https:\/\/koningdrone.be\/wp-content\/uploads\/sites\/13\/2025\/04\/koningdrone-copyright-logo.svg","contentUrl":"https:\/\/koningdrone.be\/wp-content\/uploads\/sites\/13\/2025\/04\/koningdrone-copyright-logo.svg","width":227,"height":38,"caption":"Koningdrone.be"},"image":{"@id":"https:\/\/koningdrone.be\/#\/schema\/logo\/image\/"}}]}},"df_price":"","df_sale_price":"","df_regular_price":"","df_image_link":"https:\/\/koningdrone.be\/wp-content\/uploads\/sites\/13\/2025\/04\/45_dji-action-2-dual-screen-combo-300x225.jpg","_links":{"self":[{"href":"https:\/\/koningdrone.be\/es\/wp-json\/wp\/v2\/product\/6081","targetHints":{"allow":["GET"]}}],"collection":[{"href":"https:\/\/koningdrone.be\/es\/wp-json\/wp\/v2\/product"}],"about":[{"href":"https:\/\/koningdrone.be\/es\/wp-json\/wp\/v2\/types\/product"}],"wp:featuredmedia":[{"embeddable":true,"href":"https:\/\/koningdrone.be\/es\/wp-json\/wp\/v2\/media\/6078"}],"wp:attachment":[{"href":"https:\/\/koningdrone.be\/es\/wp-json\/wp\/v2\/media?parent=6081"}],"wp:term":[{"taxonomy":"product_brand","embeddable":true,"href":"https:\/\/koningdrone.be\/es\/wp-json\/wp\/v2\/product_brand?post=6081"},{"taxonomy":"product_cat","embeddable":true,"href":"https:\/\/koningdrone.be\/es\/wp-json\/wp\/v2\/product_cat?post=6081"},{"taxonomy":"product_tag","embeddable":true,"href":"https:\/\/koningdrone.be\/es\/wp-json\/wp\/v2\/product_tag?post=6081"}],"curies":[{"name":"wp","href":"https:\/\/api.w.org\/{rel}","templated":true}]}}