{"id":6065,"date":"2021-12-17T12:53:33","date_gmt":"2021-12-17T11:53:33","guid":{"rendered":"https:\/\/koningdrone.nl\/kon\/product\/noordzee-drones-voucher-a1-a3-nl\/"},"modified":"2026-04-29T10:20:13","modified_gmt":"2026-04-29T08:20:13","slug":"noordzee-drones-voucher-a1-a3-nl","status":"publish","type":"product","link":"https:\/\/koningdrone.be\/es\/producto\/noordzee-drones-voucher-a1-a3-nl\/","title":{"rendered":"Bono Drones Mar del Norte A1\/A3 - ES"},"content":{"rendered":"<h1>Bono Drones Mar del Norte A1\/A3 - ES<\/h1>\n<p>\u00a1Su aventura con drones comienza aqu\u00ed!<\/p>\n<p>North Sea Drones es el l\u00edder europeo en formaci\u00f3n de drones, asesoramiento y apoyo experto para nuevos pilotos de drones. North Sea Drones ha ayudado a empresas, polic\u00eda y servicios de bomberos a trav\u00e9s de la formaci\u00f3n, \u00a1y ahora t\u00fa tambi\u00e9n puedes disfrutar de su experiencia!<\/p>\n<p>Este curso de formaci\u00f3n online para drones te permite obtener el certificado de vuelo A1\/A3 desde casa. \u00a1Empieza con la informaci\u00f3n m\u00e1s completa y consejos interesantes como piloto de drones europeo!<\/p>\n<p>Este curso de v\u00eddeo en l\u00ednea, con hasta 6 horas de contenido, responde a las preguntas m\u00e1s frecuentes sobre drones, proporciona consejos y trucos, as\u00ed como todo el material necesario para volar de forma legal y segura.<\/p>\n<p>Este curso es adecuado para personas que deseen obtener su certificado en las categor\u00edas Open A1 y A3 de una sola vez. El curso proporciona conocimientos sobre, entre otras cosas:<br \/>- Meteorolog\u00eda<br \/>- Normativa europea sobre aviaci\u00f3n<br \/>- Tecnolog\u00eda UAS<br \/>- Rendimiento de vuelo<br \/>- Privacidad \/ GDPR<br \/>- Principios de vuelo<br \/>- Procedimientos operativos<\/p>\n<p><strong>\u00bfC\u00f3mo funciona?<\/strong><br \/>Con el bono de formaci\u00f3n A1\/A3 de North Sea Drones, aprender\u00e1s a volar tu dron de forma segura en todas las clases de la categor\u00eda Open. El bono contiene un c\u00f3digo \u00fanico que le da acceso al portal de educaci\u00f3n en l\u00ednea.  En el portal de educaci\u00f3n, encontrar\u00e1s 6 horas de contenido en v\u00eddeo, as\u00ed como un programa de estudios digital en el que est\u00e1 escrita toda la informaci\u00f3n de los v\u00eddeos.<\/p>\n<p>Despu\u00e9s de estudiar todo el contenido proporcionado, \u00a1estar\u00e1s bien preparado para el examen! Una vez que hayas completado con \u00e9xito el examen (examen incluido a trav\u00e9s de nuestro socio Drone Flight Academy), \u00a1recibir\u00e1s una licencia de piloto A1 y A3 y podr\u00e1s volar en la categor\u00eda Open!<\/p>\n<p>M\u00e1s informaci\u00f3n en www.noordzeedrones.be<br \/>Los drones son buenos. Vuela seguro.<\/p>","protected":false},"excerpt":{"rendered":"<ul>\n<li>Mar del Norte Drones licencia de vuelo A1\/A3<\/li>\n<li>Digital<\/li>\n<li>V\u00e1lido en toda Europa<\/li>\n<\/ul>","protected":false},"featured_media":6064,"template":"","meta":{"_acf_changed":false},"product_brand":[],"product_cat":[1183,97],"product_tag":[],"class_list":{"0":"post-6065","1":"product","2":"type-product","3":"status-publish","4":"has-post-thumbnail","6":"product_cat-alle-cursussen","7":"product_cat-alle-producten","8":"product_shipping_class-outofstock","9":"pa_brand-noordzee","10":"pa_productfamily-opleiding","11":"pa_producttype-opleiding","12":"pa_series-noordzee-drones-voucher","14":"first","15":"outofstock","16":"taxable","17":"shipping-taxable","18":"product-type-simple"},"acf":[],"yoast_head":"<!-- This site is optimized with the Yoast SEO Premium plugin v27.2 (Yoast SEO v27.2) - https:\/\/yoast.com\/product\/yoast-seo-premium-wordpress\/ -->\n<title>Noordzee Drones Voucher A1\/A3 - NL - koningdrone.be<\/title>\n<meta name=\"robots\" content=\"index, follow, max-snippet:-1, max-image-preview:large, max-video-preview:-1\" \/>\n<link rel=\"canonical\" href=\"https:\/\/koningdrone.be\/es\/producto\/noordzee-drones-voucher-a1-a3-nl\/\" \/>\n<meta property=\"og:locale\" content=\"es_ES\" \/>\n<meta property=\"og:type\" content=\"article\" \/>\n<meta property=\"og:title\" content=\"Noordzee Drones Voucher A1\/A3 - NL\" \/>\n<meta property=\"og:description\" content=\"Noordzee Drones vliegbewijs A1\/A3  Digitaal  Door heel Europa geldig\" \/>\n<meta property=\"og:url\" content=\"https:\/\/koningdrone.be\/es\/producto\/noordzee-drones-voucher-a1-a3-nl\/\" \/>\n<meta property=\"og:site_name\" content=\"koningdrone.be\" \/>\n<meta property=\"article:modified_time\" content=\"2026-04-29T08:20:13+00:00\" \/>\n<meta property=\"og:image\" content=\"https:\/\/koningdrone.be\/wp-content\/uploads\/sites\/13\/2025\/04\/pos-dji-a1a3-nl-1.jpg\" \/>\n\t<meta property=\"og:image:width\" content=\"600\" \/>\n\t<meta property=\"og:image:height\" content=\"423\" \/>\n\t<meta property=\"og:image:type\" content=\"image\/jpeg\" \/>\n<meta name=\"twitter:card\" content=\"summary_large_image\" \/>\n<meta name=\"twitter:label1\" content=\"Tiempo de lectura\" \/>\n\t<meta name=\"twitter:data1\" content=\"1 minuto\" \/>\n<script type=\"application\/ld+json\" class=\"yoast-schema-graph\">{\"@context\":\"https:\/\/schema.org\",\"@graph\":[{\"@type\":\"WebPage\",\"@id\":\"https:\/\/koningdrone.be\/product\/noordzee-drones-voucher-a1-a3-nl\/\",\"url\":\"https:\/\/koningdrone.be\/product\/noordzee-drones-voucher-a1-a3-nl\/\",\"name\":\"Noordzee Drones Voucher A1\/A3 - NL - koningdrone.be\",\"isPartOf\":{\"@id\":\"https:\/\/koningdrone.be\/#website\"},\"primaryImageOfPage\":{\"@id\":\"https:\/\/koningdrone.be\/product\/noordzee-drones-voucher-a1-a3-nl\/#primaryimage\"},\"image\":{\"@id\":\"https:\/\/koningdrone.be\/product\/noordzee-drones-voucher-a1-a3-nl\/#primaryimage\"},\"thumbnailUrl\":\"https:\/\/koningdrone.be\/wp-content\/uploads\/sites\/13\/2025\/04\/pos-dji-a1a3-nl-1.jpg\",\"datePublished\":\"2021-12-17T11:53:33+00:00\",\"dateModified\":\"2026-04-29T08:20:13+00:00\",\"breadcrumb\":{\"@id\":\"https:\/\/koningdrone.be\/product\/noordzee-drones-voucher-a1-a3-nl\/#breadcrumb\"},\"inLanguage\":\"es\",\"potentialAction\":[{\"@type\":\"ReadAction\",\"target\":[\"https:\/\/koningdrone.be\/product\/noordzee-drones-voucher-a1-a3-nl\/\"]}]},{\"@type\":\"ImageObject\",\"inLanguage\":\"es\",\"@id\":\"https:\/\/koningdrone.be\/product\/noordzee-drones-voucher-a1-a3-nl\/#primaryimage\",\"url\":\"https:\/\/koningdrone.be\/wp-content\/uploads\/sites\/13\/2025\/04\/pos-dji-a1a3-nl-1.jpg\",\"contentUrl\":\"https:\/\/koningdrone.be\/wp-content\/uploads\/sites\/13\/2025\/04\/pos-dji-a1a3-nl-1.jpg\",\"width\":600,\"height\":423},{\"@type\":\"BreadcrumbList\",\"@id\":\"https:\/\/koningdrone.be\/product\/noordzee-drones-voucher-a1-a3-nl\/#breadcrumb\",\"itemListElement\":[{\"@type\":\"ListItem\",\"position\":1,\"name\":\"Home\",\"item\":\"https:\/\/koningdrone.be\/\"},{\"@type\":\"ListItem\",\"position\":2,\"name\":\"AVSS Parachute Recovery System for DJI Matrice 300\/350\",\"item\":\"https:\/\/koningdrone.be\/product\/avss-parachute-recovery-system-for-dji-matrice-300-350\/\"},{\"@type\":\"ListItem\",\"position\":3,\"name\":\"Alle cursussen\",\"item\":\"https:\/\/koningdrone.be\/categorie\/alle-cursussen\/\"},{\"@type\":\"ListItem\",\"position\":4,\"name\":\"Noordzee Drones Voucher A1\/A3 &#8211; NL\"}]},{\"@type\":\"WebSite\",\"@id\":\"https:\/\/koningdrone.be\/#website\",\"url\":\"https:\/\/koningdrone.be\/\",\"name\":\"Koningdrone.be - Uw online specialist in drones, gimbals, camera's en power stations.\",\"description\":\"De webshop in drones en gimbals\",\"publisher\":{\"@id\":\"https:\/\/koningdrone.be\/#organization\"},\"potentialAction\":[{\"@type\":\"SearchAction\",\"target\":{\"@type\":\"EntryPoint\",\"urlTemplate\":\"https:\/\/koningdrone.be\/?s={search_term_string}\"},\"query-input\":{\"@type\":\"PropertyValueSpecification\",\"valueRequired\":true,\"valueName\":\"search_term_string\"}}],\"inLanguage\":\"es\"},{\"@type\":\"Organization\",\"@id\":\"https:\/\/koningdrone.be\/#organization\",\"name\":\"Koningdrone.be\",\"url\":\"https:\/\/koningdrone.be\/\",\"logo\":{\"@type\":\"ImageObject\",\"inLanguage\":\"es\",\"@id\":\"https:\/\/koningdrone.be\/#\/schema\/logo\/image\/\",\"url\":\"https:\/\/koningdrone.be\/wp-content\/uploads\/sites\/13\/2025\/04\/koningdrone-copyright-logo.svg\",\"contentUrl\":\"https:\/\/koningdrone.be\/wp-content\/uploads\/sites\/13\/2025\/04\/koningdrone-copyright-logo.svg\",\"width\":227,\"height\":38,\"caption\":\"Koningdrone.be\"},\"image\":{\"@id\":\"https:\/\/koningdrone.be\/#\/schema\/logo\/image\/\"}}]}<\/script>\n<!-- \/ Yoast SEO Premium plugin. -->","yoast_head_json":{"title":"Noordzee Drones Voucher A1\/A3 - NL - koningdrone.be","robots":{"index":"index","follow":"follow","max-snippet":"max-snippet:-1","max-image-preview":"max-image-preview:large","max-video-preview":"max-video-preview:-1"},"canonical":"https:\/\/koningdrone.be\/es\/producto\/noordzee-drones-voucher-a1-a3-nl\/","og_locale":"es_ES","og_type":"article","og_title":"Noordzee Drones Voucher A1\/A3 - NL","og_description":"Noordzee Drones vliegbewijs A1\/A3  Digitaal  Door heel Europa geldig","og_url":"https:\/\/koningdrone.be\/es\/producto\/noordzee-drones-voucher-a1-a3-nl\/","og_site_name":"koningdrone.be","article_modified_time":"2026-04-29T08:20:13+00:00","og_image":[{"width":600,"height":423,"url":"https:\/\/koningdrone.be\/wp-content\/uploads\/sites\/13\/2025\/04\/pos-dji-a1a3-nl-1.jpg","type":"image\/jpeg"}],"twitter_card":"summary_large_image","twitter_misc":{"Tiempo de lectura":"1 minuto"},"schema":{"@context":"https:\/\/schema.org","@graph":[{"@type":"WebPage","@id":"https:\/\/koningdrone.be\/product\/noordzee-drones-voucher-a1-a3-nl\/","url":"https:\/\/koningdrone.be\/product\/noordzee-drones-voucher-a1-a3-nl\/","name":"Noordzee Drones Voucher A1\/A3 - NL - koningdrone.be","isPartOf":{"@id":"https:\/\/koningdrone.be\/#website"},"primaryImageOfPage":{"@id":"https:\/\/koningdrone.be\/product\/noordzee-drones-voucher-a1-a3-nl\/#primaryimage"},"image":{"@id":"https:\/\/koningdrone.be\/product\/noordzee-drones-voucher-a1-a3-nl\/#primaryimage"},"thumbnailUrl":"https:\/\/koningdrone.be\/wp-content\/uploads\/sites\/13\/2025\/04\/pos-dji-a1a3-nl-1.jpg","datePublished":"2021-12-17T11:53:33+00:00","dateModified":"2026-04-29T08:20:13+00:00","breadcrumb":{"@id":"https:\/\/koningdrone.be\/product\/noordzee-drones-voucher-a1-a3-nl\/#breadcrumb"},"inLanguage":"es","potentialAction":[{"@type":"ReadAction","target":["https:\/\/koningdrone.be\/product\/noordzee-drones-voucher-a1-a3-nl\/"]}]},{"@type":"ImageObject","inLanguage":"es","@id":"https:\/\/koningdrone.be\/product\/noordzee-drones-voucher-a1-a3-nl\/#primaryimage","url":"https:\/\/koningdrone.be\/wp-content\/uploads\/sites\/13\/2025\/04\/pos-dji-a1a3-nl-1.jpg","contentUrl":"https:\/\/koningdrone.be\/wp-content\/uploads\/sites\/13\/2025\/04\/pos-dji-a1a3-nl-1.jpg","width":600,"height":423},{"@type":"BreadcrumbList","@id":"https:\/\/koningdrone.be\/product\/noordzee-drones-voucher-a1-a3-nl\/#breadcrumb","itemListElement":[{"@type":"ListItem","position":1,"name":"Home","item":"https:\/\/koningdrone.be\/"},{"@type":"ListItem","position":2,"name":"AVSS Parachute Recovery System for DJI Matrice 300\/350","item":"https:\/\/koningdrone.be\/product\/avss-parachute-recovery-system-for-dji-matrice-300-350\/"},{"@type":"ListItem","position":3,"name":"Alle cursussen","item":"https:\/\/koningdrone.be\/categorie\/alle-cursussen\/"},{"@type":"ListItem","position":4,"name":"Noordzee Drones Voucher A1\/A3 &#8211; NL"}]},{"@type":"WebSite","@id":"https:\/\/koningdrone.be\/#website","url":"https:\/\/koningdrone.be\/","name":"Koningdrone.be - Su especialista en l\u00ednea en drones, cardanes, c\u00e1maras y centrales el\u00e9ctricas.","description":"La tienda virtual de drones y cardanes","publisher":{"@id":"https:\/\/koningdrone.be\/#organization"},"potentialAction":[{"@type":"SearchAction","target":{"@type":"EntryPoint","urlTemplate":"https:\/\/koningdrone.be\/?s={search_term_string}"},"query-input":{"@type":"PropertyValueSpecification","valueRequired":true,"valueName":"search_term_string"}}],"inLanguage":"es"},{"@type":"Organization","@id":"https:\/\/koningdrone.be\/#organization","name":"Kingdrone.es","url":"https:\/\/koningdrone.be\/","logo":{"@type":"ImageObject","inLanguage":"es","@id":"https:\/\/koningdrone.be\/#\/schema\/logo\/image\/","url":"https:\/\/koningdrone.be\/wp-content\/uploads\/sites\/13\/2025\/04\/koningdrone-copyright-logo.svg","contentUrl":"https:\/\/koningdrone.be\/wp-content\/uploads\/sites\/13\/2025\/04\/koningdrone-copyright-logo.svg","width":227,"height":38,"caption":"Koningdrone.be"},"image":{"@id":"https:\/\/koningdrone.be\/#\/schema\/logo\/image\/"}}]}},"df_price":"","df_sale_price":"","df_regular_price":"","df_image_link":"https:\/\/koningdrone.be\/wp-content\/uploads\/sites\/13\/2025\/04\/pos-dji-a1a3-nl-1-300x212.jpg","_links":{"self":[{"href":"https:\/\/koningdrone.be\/es\/wp-json\/wp\/v2\/product\/6065","targetHints":{"allow":["GET"]}}],"collection":[{"href":"https:\/\/koningdrone.be\/es\/wp-json\/wp\/v2\/product"}],"about":[{"href":"https:\/\/koningdrone.be\/es\/wp-json\/wp\/v2\/types\/product"}],"wp:featuredmedia":[{"embeddable":true,"href":"https:\/\/koningdrone.be\/es\/wp-json\/wp\/v2\/media\/6064"}],"wp:attachment":[{"href":"https:\/\/koningdrone.be\/es\/wp-json\/wp\/v2\/media?parent=6065"}],"wp:term":[{"taxonomy":"product_brand","embeddable":true,"href":"https:\/\/koningdrone.be\/es\/wp-json\/wp\/v2\/product_brand?post=6065"},{"taxonomy":"product_cat","embeddable":true,"href":"https:\/\/koningdrone.be\/es\/wp-json\/wp\/v2\/product_cat?post=6065"},{"taxonomy":"product_tag","embeddable":true,"href":"https:\/\/koningdrone.be\/es\/wp-json\/wp\/v2\/product_tag?post=6065"}],"curies":[{"name":"wp","href":"https:\/\/api.w.org\/{rel}","templated":true}]}}