{"id":6059,"date":"2021-12-17T12:54:41","date_gmt":"2021-12-17T11:54:41","guid":{"rendered":"https:\/\/koningdrone.nl\/kon\/product\/noordzee-drones-voucher-a1-a3-fr\/"},"modified":"2026-04-29T10:11:01","modified_gmt":"2026-04-29T08:11:01","slug":"noordzee-drones-voucher-a1-a3-fr","status":"publish","type":"product","link":"https:\/\/koningdrone.be\/es\/producto\/noordzee-drones-voucher-a1-a3-fr\/","title":{"rendered":"Bono Drones Mar del Norte A1\/A3 - FR"},"content":{"rendered":"<h1>Bono Drones Mar del Norte A1\/A3 - FR<\/h1>\n<p>\u00a1Su aventura como piloto de drones comienza aqu\u00ed!<\/p>\n<p>North Sea Drones es el l\u00edder europeo en formaci\u00f3n, asesoramiento y experiencia en drones para los nuevos pilotos de drones.<\/p>\n<p>North Sea Drones ha formado a numerosas empresas, as\u00ed como a servicios policiales y de bomberos, \u00a1y usted tambi\u00e9n puede beneficiarse de su experiencia! Con esta formaci\u00f3n en l\u00ednea de piloto de dron, podr\u00e1s obtener el certificado de piloto A1\/A3 en la comodidad de tu hogar. \u00a1Haz tus primeros pasos como piloto de drones con la formaci\u00f3n m\u00e1s completa y llena de trucos y consejos!<\/p>\n<p>Este curso de v\u00eddeo en l\u00ednea de hasta 6 horas de duraci\u00f3n responde a las preguntas m\u00e1s frecuentes sobre drones, proporciona trucos y consejos y trata todos los aspectos necesarios para pilotar un dron de forma legal y con total seguridad. Este curso est\u00e1 dirigido a personas que deseen obtener su certificado en las categor\u00edas Open A1 y A3.<\/p>\n<p>El curso incluye los siguientes contenidos:<br \/>- M\u00e9t\u00e9orologie<br \/>- Normativa aeron\u00e1utica europea<br \/>- Tecnolog\u00eda del dron<br \/>- Prestaciones de vol<br \/>- Privacidad \/ RGPD<br \/>- Principios de vol<br \/>- Procedimientos operativos<\/p>\n<p><strong>Comment \u00e7a marche?<\/strong><br \/>Con el curso North Sea Drones A1\/A3, aprender\u00e1s a volar con tu dron con total seguridad en las clases A1 y A3 de la categor\u00eda Open. El bono contiene un c\u00f3digo \u00fanico que te da acceso al portal de formaci\u00f3n en l\u00ednea.<\/p>\n<p>En el m\u00f3dulo de formaci\u00f3n encontrar\u00e1s 6 horas de contenido en v\u00eddeo y un programa num\u00e9rico en el que se incluye toda la informaci\u00f3n de los v\u00eddeos.<br \/>Despu\u00e9s de haber estudiado todo el contenido disponible, \u00a1est\u00e1s preparado para el examen! Una vez superado el examen, recibir\u00e1s una licencia de piloto para Open A1\/A3 y podr\u00e1s entrar en las categor\u00edas Open A1 y A3.<\/p>\n<p>Los drones son buenos. Vuela seguro.<\/p>","protected":false},"excerpt":{"rendered":"<ul>\n<li>Licencia de piloto de drones Mer du Nord A1\/A3<\/li>\n<li>Num\u00e9rique<\/li>\n<li>Valable dans toute l'Europe<\/li>\n<\/ul>","protected":false},"featured_media":6058,"template":"","meta":{"_acf_changed":false},"product_brand":[],"product_cat":[1183,97],"product_tag":[],"class_list":{"0":"post-6059","1":"product","2":"type-product","3":"status-publish","4":"has-post-thumbnail","6":"product_cat-alle-cursussen","7":"product_cat-alle-producten","8":"product_shipping_class-outofstock","9":"pa_brand-noordzee","10":"pa_productfamily-opleiding","11":"pa_producttype-opleiding","12":"pa_series-noordzee-drones-voucher","14":"first","15":"outofstock","16":"taxable","17":"shipping-taxable","18":"product-type-simple"},"acf":[],"yoast_head":"<!-- This site is optimized with the Yoast SEO Premium plugin v27.2 (Yoast SEO v27.2) - https:\/\/yoast.com\/product\/yoast-seo-premium-wordpress\/ -->\n<title>Noordzee Drones Voucher A1\/A3 - FR - koningdrone.be<\/title>\n<meta name=\"robots\" content=\"index, follow, max-snippet:-1, max-image-preview:large, max-video-preview:-1\" \/>\n<link rel=\"canonical\" href=\"https:\/\/koningdrone.be\/es\/producto\/noordzee-drones-voucher-a1-a3-fr\/\" \/>\n<meta property=\"og:locale\" content=\"es_ES\" \/>\n<meta property=\"og:type\" content=\"article\" \/>\n<meta property=\"og:title\" content=\"Noordzee Drones Voucher A1\/A3 - FR\" \/>\n<meta property=\"og:description\" content=\"Licence de pilote Drones Mer du Nord A1\/A3  Num\u00e9rique  Valable dans toute l&#039;Europe\" \/>\n<meta property=\"og:url\" content=\"https:\/\/koningdrone.be\/es\/producto\/noordzee-drones-voucher-a1-a3-fr\/\" \/>\n<meta property=\"og:site_name\" content=\"koningdrone.be\" \/>\n<meta property=\"article:modified_time\" content=\"2026-04-29T08:11:01+00:00\" \/>\n<meta property=\"og:image\" content=\"https:\/\/koningdrone.be\/wp-content\/uploads\/sites\/13\/2025\/04\/pos-dji-a1a3-fr-1.jpg\" \/>\n\t<meta property=\"og:image:width\" content=\"600\" \/>\n\t<meta property=\"og:image:height\" content=\"423\" \/>\n\t<meta property=\"og:image:type\" content=\"image\/jpeg\" \/>\n<meta name=\"twitter:card\" content=\"summary_large_image\" \/>\n<meta name=\"twitter:label1\" content=\"Tiempo de lectura\" \/>\n\t<meta name=\"twitter:data1\" content=\"2 minutos\" \/>\n<script type=\"application\/ld+json\" class=\"yoast-schema-graph\">{\"@context\":\"https:\/\/schema.org\",\"@graph\":[{\"@type\":\"WebPage\",\"@id\":\"https:\/\/koningdrone.be\/product\/noordzee-drones-voucher-a1-a3-fr\/\",\"url\":\"https:\/\/koningdrone.be\/product\/noordzee-drones-voucher-a1-a3-fr\/\",\"name\":\"Noordzee Drones Voucher A1\/A3 - FR - koningdrone.be\",\"isPartOf\":{\"@id\":\"https:\/\/koningdrone.be\/#website\"},\"primaryImageOfPage\":{\"@id\":\"https:\/\/koningdrone.be\/product\/noordzee-drones-voucher-a1-a3-fr\/#primaryimage\"},\"image\":{\"@id\":\"https:\/\/koningdrone.be\/product\/noordzee-drones-voucher-a1-a3-fr\/#primaryimage\"},\"thumbnailUrl\":\"https:\/\/koningdrone.be\/wp-content\/uploads\/sites\/13\/2025\/04\/pos-dji-a1a3-fr-1.jpg\",\"datePublished\":\"2021-12-17T11:54:41+00:00\",\"dateModified\":\"2026-04-29T08:11:01+00:00\",\"breadcrumb\":{\"@id\":\"https:\/\/koningdrone.be\/product\/noordzee-drones-voucher-a1-a3-fr\/#breadcrumb\"},\"inLanguage\":\"es\",\"potentialAction\":[{\"@type\":\"ReadAction\",\"target\":[\"https:\/\/koningdrone.be\/product\/noordzee-drones-voucher-a1-a3-fr\/\"]}]},{\"@type\":\"ImageObject\",\"inLanguage\":\"es\",\"@id\":\"https:\/\/koningdrone.be\/product\/noordzee-drones-voucher-a1-a3-fr\/#primaryimage\",\"url\":\"https:\/\/koningdrone.be\/wp-content\/uploads\/sites\/13\/2025\/04\/pos-dji-a1a3-fr-1.jpg\",\"contentUrl\":\"https:\/\/koningdrone.be\/wp-content\/uploads\/sites\/13\/2025\/04\/pos-dji-a1a3-fr-1.jpg\",\"width\":600,\"height\":423},{\"@type\":\"BreadcrumbList\",\"@id\":\"https:\/\/koningdrone.be\/product\/noordzee-drones-voucher-a1-a3-fr\/#breadcrumb\",\"itemListElement\":[{\"@type\":\"ListItem\",\"position\":1,\"name\":\"Home\",\"item\":\"https:\/\/koningdrone.be\/\"},{\"@type\":\"ListItem\",\"position\":2,\"name\":\"AVSS Parachute Recovery System for DJI Matrice 300\/350\",\"item\":\"https:\/\/koningdrone.be\/product\/avss-parachute-recovery-system-for-dji-matrice-300-350\/\"},{\"@type\":\"ListItem\",\"position\":3,\"name\":\"Alle cursussen\",\"item\":\"https:\/\/koningdrone.be\/categorie\/alle-cursussen\/\"},{\"@type\":\"ListItem\",\"position\":4,\"name\":\"Noordzee Drones Voucher A1\/A3 &#8211; FR\"}]},{\"@type\":\"WebSite\",\"@id\":\"https:\/\/koningdrone.be\/#website\",\"url\":\"https:\/\/koningdrone.be\/\",\"name\":\"Koningdrone.be - Uw online specialist in drones, gimbals, camera's en power stations.\",\"description\":\"De webshop in drones en gimbals\",\"publisher\":{\"@id\":\"https:\/\/koningdrone.be\/#organization\"},\"potentialAction\":[{\"@type\":\"SearchAction\",\"target\":{\"@type\":\"EntryPoint\",\"urlTemplate\":\"https:\/\/koningdrone.be\/?s={search_term_string}\"},\"query-input\":{\"@type\":\"PropertyValueSpecification\",\"valueRequired\":true,\"valueName\":\"search_term_string\"}}],\"inLanguage\":\"es\"},{\"@type\":\"Organization\",\"@id\":\"https:\/\/koningdrone.be\/#organization\",\"name\":\"Koningdrone.be\",\"url\":\"https:\/\/koningdrone.be\/\",\"logo\":{\"@type\":\"ImageObject\",\"inLanguage\":\"es\",\"@id\":\"https:\/\/koningdrone.be\/#\/schema\/logo\/image\/\",\"url\":\"https:\/\/koningdrone.be\/wp-content\/uploads\/sites\/13\/2025\/04\/koningdrone-copyright-logo.svg\",\"contentUrl\":\"https:\/\/koningdrone.be\/wp-content\/uploads\/sites\/13\/2025\/04\/koningdrone-copyright-logo.svg\",\"width\":227,\"height\":38,\"caption\":\"Koningdrone.be\"},\"image\":{\"@id\":\"https:\/\/koningdrone.be\/#\/schema\/logo\/image\/\"}}]}<\/script>\n<!-- \/ Yoast SEO Premium plugin. -->","yoast_head_json":{"title":"Noordzee Drones Voucher A1\/A3 - FR - koningdrone.be","robots":{"index":"index","follow":"follow","max-snippet":"max-snippet:-1","max-image-preview":"max-image-preview:large","max-video-preview":"max-video-preview:-1"},"canonical":"https:\/\/koningdrone.be\/es\/producto\/noordzee-drones-voucher-a1-a3-fr\/","og_locale":"es_ES","og_type":"article","og_title":"Noordzee Drones Voucher A1\/A3 - FR","og_description":"Licence de pilote Drones Mer du Nord A1\/A3  Num\u00e9rique  Valable dans toute l'Europe","og_url":"https:\/\/koningdrone.be\/es\/producto\/noordzee-drones-voucher-a1-a3-fr\/","og_site_name":"koningdrone.be","article_modified_time":"2026-04-29T08:11:01+00:00","og_image":[{"width":600,"height":423,"url":"https:\/\/koningdrone.be\/wp-content\/uploads\/sites\/13\/2025\/04\/pos-dji-a1a3-fr-1.jpg","type":"image\/jpeg"}],"twitter_card":"summary_large_image","twitter_misc":{"Tiempo de lectura":"2 minutos"},"schema":{"@context":"https:\/\/schema.org","@graph":[{"@type":"WebPage","@id":"https:\/\/koningdrone.be\/product\/noordzee-drones-voucher-a1-a3-fr\/","url":"https:\/\/koningdrone.be\/product\/noordzee-drones-voucher-a1-a3-fr\/","name":"Noordzee Drones Voucher A1\/A3 - FR - koningdrone.be","isPartOf":{"@id":"https:\/\/koningdrone.be\/#website"},"primaryImageOfPage":{"@id":"https:\/\/koningdrone.be\/product\/noordzee-drones-voucher-a1-a3-fr\/#primaryimage"},"image":{"@id":"https:\/\/koningdrone.be\/product\/noordzee-drones-voucher-a1-a3-fr\/#primaryimage"},"thumbnailUrl":"https:\/\/koningdrone.be\/wp-content\/uploads\/sites\/13\/2025\/04\/pos-dji-a1a3-fr-1.jpg","datePublished":"2021-12-17T11:54:41+00:00","dateModified":"2026-04-29T08:11:01+00:00","breadcrumb":{"@id":"https:\/\/koningdrone.be\/product\/noordzee-drones-voucher-a1-a3-fr\/#breadcrumb"},"inLanguage":"es","potentialAction":[{"@type":"ReadAction","target":["https:\/\/koningdrone.be\/product\/noordzee-drones-voucher-a1-a3-fr\/"]}]},{"@type":"ImageObject","inLanguage":"es","@id":"https:\/\/koningdrone.be\/product\/noordzee-drones-voucher-a1-a3-fr\/#primaryimage","url":"https:\/\/koningdrone.be\/wp-content\/uploads\/sites\/13\/2025\/04\/pos-dji-a1a3-fr-1.jpg","contentUrl":"https:\/\/koningdrone.be\/wp-content\/uploads\/sites\/13\/2025\/04\/pos-dji-a1a3-fr-1.jpg","width":600,"height":423},{"@type":"BreadcrumbList","@id":"https:\/\/koningdrone.be\/product\/noordzee-drones-voucher-a1-a3-fr\/#breadcrumb","itemListElement":[{"@type":"ListItem","position":1,"name":"Home","item":"https:\/\/koningdrone.be\/"},{"@type":"ListItem","position":2,"name":"AVSS Parachute Recovery System for DJI Matrice 300\/350","item":"https:\/\/koningdrone.be\/product\/avss-parachute-recovery-system-for-dji-matrice-300-350\/"},{"@type":"ListItem","position":3,"name":"Alle cursussen","item":"https:\/\/koningdrone.be\/categorie\/alle-cursussen\/"},{"@type":"ListItem","position":4,"name":"Noordzee Drones Voucher A1\/A3 &#8211; FR"}]},{"@type":"WebSite","@id":"https:\/\/koningdrone.be\/#website","url":"https:\/\/koningdrone.be\/","name":"Koningdrone.be - Su especialista en l\u00ednea en drones, cardanes, c\u00e1maras y centrales el\u00e9ctricas.","description":"La tienda virtual de drones y cardanes","publisher":{"@id":"https:\/\/koningdrone.be\/#organization"},"potentialAction":[{"@type":"SearchAction","target":{"@type":"EntryPoint","urlTemplate":"https:\/\/koningdrone.be\/?s={search_term_string}"},"query-input":{"@type":"PropertyValueSpecification","valueRequired":true,"valueName":"search_term_string"}}],"inLanguage":"es"},{"@type":"Organization","@id":"https:\/\/koningdrone.be\/#organization","name":"Kingdrone.es","url":"https:\/\/koningdrone.be\/","logo":{"@type":"ImageObject","inLanguage":"es","@id":"https:\/\/koningdrone.be\/#\/schema\/logo\/image\/","url":"https:\/\/koningdrone.be\/wp-content\/uploads\/sites\/13\/2025\/04\/koningdrone-copyright-logo.svg","contentUrl":"https:\/\/koningdrone.be\/wp-content\/uploads\/sites\/13\/2025\/04\/koningdrone-copyright-logo.svg","width":227,"height":38,"caption":"Koningdrone.be"},"image":{"@id":"https:\/\/koningdrone.be\/#\/schema\/logo\/image\/"}}]}},"df_price":"","df_sale_price":"","df_regular_price":"","df_image_link":"https:\/\/koningdrone.be\/wp-content\/uploads\/sites\/13\/2025\/04\/pos-dji-a1a3-fr-1-300x212.jpg","_links":{"self":[{"href":"https:\/\/koningdrone.be\/es\/wp-json\/wp\/v2\/product\/6059","targetHints":{"allow":["GET"]}}],"collection":[{"href":"https:\/\/koningdrone.be\/es\/wp-json\/wp\/v2\/product"}],"about":[{"href":"https:\/\/koningdrone.be\/es\/wp-json\/wp\/v2\/types\/product"}],"wp:featuredmedia":[{"embeddable":true,"href":"https:\/\/koningdrone.be\/es\/wp-json\/wp\/v2\/media\/6058"}],"wp:attachment":[{"href":"https:\/\/koningdrone.be\/es\/wp-json\/wp\/v2\/media?parent=6059"}],"wp:term":[{"taxonomy":"product_brand","embeddable":true,"href":"https:\/\/koningdrone.be\/es\/wp-json\/wp\/v2\/product_brand?post=6059"},{"taxonomy":"product_cat","embeddable":true,"href":"https:\/\/koningdrone.be\/es\/wp-json\/wp\/v2\/product_cat?post=6059"},{"taxonomy":"product_tag","embeddable":true,"href":"https:\/\/koningdrone.be\/es\/wp-json\/wp\/v2\/product_tag?post=6059"}],"curies":[{"name":"wp","href":"https:\/\/api.w.org\/{rel}","templated":true}]}}