{"id":6055,"date":"2022-01-21T09:36:45","date_gmt":"2022-01-21T08:36:45","guid":{"rendered":"https:\/\/koningdrone.nl\/kon\/product\/ecoflow-delta-pro\/"},"modified":"2026-04-29T16:30:46","modified_gmt":"2026-04-29T14:30:46","slug":"ecoflow-delta-pro","status":"publish","type":"product","link":"https:\/\/koningdrone.be\/es\/producto\/ecoflow-delta-pro\/","title":{"rendered":"Ecoflow DELTA PRO"},"content":{"rendered":"<p>La EcoFlow DELTA Pro es una bater\u00eda dom\u00e9stica port\u00e1til con una capacidad de 3,6 kWh, ampliable hasta 25 kWh. El Smart Home Panel permite conectar esta bater\u00eda directamente a la red el\u00e9ctrica del hogar. Esto la convierte en una fuente de alimentaci\u00f3n ideal para el hogar.<\/p>\n<p><strong>Potencia y rendimiento<\/strong><\/p>\n<p>Con una potencia de 3600 W, el DELTA Pro establece el est\u00e1ndar de rendimiento de CA del sector. Puede alimentar aparatos que consumen mucha energ\u00eda, como secadoras, unidades de CA y mucho m\u00e1s. Utilizando dos unidades con el Smart Home Panel, es posible incluso alcanzar una potencia extra de 7200 W.<\/p>\n<p><strong>Ampliabilidad y opciones de carga<\/strong><\/p>\n<p>DELTA Pro puede ampliarse con bater\u00edas de repuesto, generadores inteligentes y el panel dom\u00e9stico inteligente. Adem\u00e1s, la bater\u00eda puede cargarse de seis formas distintas, incluso a trav\u00e9s de una estaci\u00f3n de carga de veh\u00edculos el\u00e9ctricos. Como resultado, se puede conseguir una carga de 6.500 W con Multicharge, el est\u00e1ndar del sector.<\/p>\n<p><strong>Rendimiento y fiabilidad<\/strong><\/p>\n<p>Con una capacidad de 25 kWh, la DELTA Pro ofrece seguridad e independencia energ\u00e9tica en cualquier situaci\u00f3n. Desde el rendimiento en el maletero hasta cortes de energ\u00eda extremos que duran d\u00edas, la DELTA Pro ofrece energ\u00eda para cualquier situaci\u00f3n. Con un tiempo de carga de s\u00f3lo 1,9 horas a trav\u00e9s de una toma de corriente est\u00e1ndar y la posibilidad de cargar en miles de estaciones EV de todo el mundo, el DELTA Pro ofrece velocidades de carga inigualables y opciones de energ\u00eda renovable. Adem\u00e1s, el DELTA Pro incorpora una bater\u00eda LFP totalmente nueva con 6500 ciclos, lo que permite utilizarla durante a\u00f1os antes de alcanzar 50% de su capacidad original. Con m\u00faltiples formas de control y supervisi\u00f3n, incluida la aplicaci\u00f3n EcoFlow, la DELTA Pro ofrece un control y una facilidad de uso sin precedentes.<\/p>\n<p><strong>Versatilidad y aplicaciones<\/strong><\/p>\n<p>Dise\u00f1ada para su uso en una gran variedad de situaciones, la EcoFlow DELTA Pro proporciona energ\u00eda fiable y potente en el hogar y fuera de \u00e9l. Con sus completas funciones, su r\u00e1pido tiempo de carga y su bater\u00eda de larga duraci\u00f3n, la DELTA Pro ofrece una soluci\u00f3n completa para las necesidades energ\u00e9ticas.<\/p>\n<p><\/p>","protected":false},"excerpt":{"rendered":"<ul>\n<li>Capacidad ampliable<\/li>\n<li>Suministra casi cualquier cosa (3600W-7200W de potencia)<\/li>\n<li>La carga m\u00e1s r\u00e1pida del mundo (MultiCharge 6500W)<\/li>\n<li>integraci\u00f3n dom\u00e9stica<\/li>\n<\/ul>","protected":false},"featured_media":6050,"template":"","meta":{"_acf_changed":false},"product_brand":[],"product_cat":[454,97,245,276,415],"product_tag":[],"class_list":{"0":"post-6055","1":"product","2":"type-product","3":"status-publish","4":"has-post-thumbnail","6":"product_cat-alle-powerstations","7":"product_cat-alle-producten","8":"product_cat-ecoflow","9":"product_cat-ecoflow-powerstations","10":"product_cat-energy","11":"product_shipping_class-outofstock","12":"pa_afmetingen-635-x-284-x-42cm","13":"pa_brand-ecoflow","14":"pa_capaciteit-3600-wh-lifepo4","15":"pa_gewicht-45-kg","16":"pa_input-dc-netstroom-adapter-2900w_x000d_-ev-adapter-3000w_x000d_-zonnepaneel-xt60-poort-1600w-11-150-v-max-15-a","17":"pa_materiaal-kunststof","18":"pa_oplaadtijd-via-ac-1-9-uur","19":"pa_output-230-v-4-x-ac-230-v-eu-schuko_x000d_-totaal-max-3600-w-continuvermogen_x000d_-totaal-max-7200-w-piek-vermogen","20":"pa_output-dc-1-x-12-v-car-port-12-6v-10a_x000d_-1-x-anderson-port-12-6v-30a_x000d_-2-x-dc5521-output-12-6v-dc-3a-38w-max","21":"pa_output-usb-2-x-usb-a-5v-2-4a-12w-max_x000d_-2-x-usb-a-fast-charge-5v-2-4a-9v-2a-12v-1-5a-18w-max_x000d_-2-x-usb-c-port-5-9-12-15-20v-5a-100w-max","22":"pa_productfamily-power-station","23":"pa_producttype-power-station","24":"pa_series-delta-pro","25":"pa_snellaadfunctie-ja","26":"pa_type-batterij-lifepo4","27":"pa_wifi-functie-ja","29":"first","30":"outofstock","31":"taxable","32":"shipping-taxable","33":"purchasable","34":"product-type-simple"},"acf":[],"yoast_head":"<!-- This site is optimized with the Yoast SEO Premium plugin v27.2 (Yoast SEO v27.2) - https:\/\/yoast.com\/product\/yoast-seo-premium-wordpress\/ -->\n<title>Ecoflow DELTA PRO - koningdrone.be<\/title>\n<meta name=\"robots\" content=\"index, follow, max-snippet:-1, max-image-preview:large, max-video-preview:-1\" \/>\n<link rel=\"canonical\" href=\"https:\/\/koningdrone.be\/es\/producto\/ecoflow-delta-pro\/\" \/>\n<meta property=\"og:locale\" content=\"es_ES\" \/>\n<meta property=\"og:type\" content=\"article\" \/>\n<meta property=\"og:title\" content=\"Ecoflow DELTA PRO\" \/>\n<meta property=\"og:description\" content=\"Uitbreidbare capaciteitVoorziet vrijwel alles van stroom (3600W-7200W vermogen)Snelste opladen ter wereld (MultiCharge 6500W)thuis integratie\" \/>\n<meta property=\"og:url\" content=\"https:\/\/koningdrone.be\/es\/producto\/ecoflow-delta-pro\/\" \/>\n<meta property=\"og:site_name\" content=\"koningdrone.be\" \/>\n<meta property=\"article:modified_time\" content=\"2026-04-29T14:30:46+00:00\" \/>\n<meta property=\"og:image\" content=\"https:\/\/koningdrone.be\/wp-content\/uploads\/sites\/13\/2025\/04\/665335-1.jpg\" \/>\n\t<meta property=\"og:image:width\" content=\"600\" \/>\n\t<meta property=\"og:image:height\" content=\"375\" \/>\n\t<meta property=\"og:image:type\" content=\"image\/jpeg\" \/>\n<meta name=\"twitter:card\" content=\"summary_large_image\" \/>\n<meta name=\"twitter:label1\" content=\"Tiempo de lectura\" \/>\n\t<meta name=\"twitter:data1\" content=\"2 minutos\" \/>\n<script type=\"application\/ld+json\" class=\"yoast-schema-graph\">{\"@context\":\"https:\/\/schema.org\",\"@graph\":[{\"@type\":\"WebPage\",\"@id\":\"https:\/\/koningdrone.be\/product\/ecoflow-delta-pro\/\",\"url\":\"https:\/\/koningdrone.be\/product\/ecoflow-delta-pro\/\",\"name\":\"Ecoflow DELTA PRO - koningdrone.be\",\"isPartOf\":{\"@id\":\"https:\/\/koningdrone.be\/#website\"},\"primaryImageOfPage\":{\"@id\":\"https:\/\/koningdrone.be\/product\/ecoflow-delta-pro\/#primaryimage\"},\"image\":{\"@id\":\"https:\/\/koningdrone.be\/product\/ecoflow-delta-pro\/#primaryimage\"},\"thumbnailUrl\":\"https:\/\/koningdrone.be\/wp-content\/uploads\/sites\/13\/2025\/04\/665335-1.jpg\",\"datePublished\":\"2022-01-21T08:36:45+00:00\",\"dateModified\":\"2026-04-29T14:30:46+00:00\",\"breadcrumb\":{\"@id\":\"https:\/\/koningdrone.be\/product\/ecoflow-delta-pro\/#breadcrumb\"},\"inLanguage\":\"es\",\"potentialAction\":[{\"@type\":\"ReadAction\",\"target\":[\"https:\/\/koningdrone.be\/product\/ecoflow-delta-pro\/\"]}]},{\"@type\":\"ImageObject\",\"inLanguage\":\"es\",\"@id\":\"https:\/\/koningdrone.be\/product\/ecoflow-delta-pro\/#primaryimage\",\"url\":\"https:\/\/koningdrone.be\/wp-content\/uploads\/sites\/13\/2025\/04\/665335-1.jpg\",\"contentUrl\":\"https:\/\/koningdrone.be\/wp-content\/uploads\/sites\/13\/2025\/04\/665335-1.jpg\",\"width\":600,\"height\":375},{\"@type\":\"BreadcrumbList\",\"@id\":\"https:\/\/koningdrone.be\/product\/ecoflow-delta-pro\/#breadcrumb\",\"itemListElement\":[{\"@type\":\"ListItem\",\"position\":1,\"name\":\"Home\",\"item\":\"https:\/\/koningdrone.be\/\"},{\"@type\":\"ListItem\",\"position\":2,\"name\":\"AVSS Parachute Recovery System for DJI Matrice 300\/350\",\"item\":\"https:\/\/koningdrone.be\/product\/avss-parachute-recovery-system-for-dji-matrice-300-350\/\"},{\"@type\":\"ListItem\",\"position\":3,\"name\":\"Alle powerstations\",\"item\":\"https:\/\/koningdrone.be\/categorie\/alle-powerstations\/\"},{\"@type\":\"ListItem\",\"position\":4,\"name\":\"Ecoflow DELTA PRO\"}]},{\"@type\":\"WebSite\",\"@id\":\"https:\/\/koningdrone.be\/#website\",\"url\":\"https:\/\/koningdrone.be\/\",\"name\":\"Koningdrone.be - Uw online specialist in drones, gimbals, camera's en power stations.\",\"description\":\"De webshop in drones en gimbals\",\"publisher\":{\"@id\":\"https:\/\/koningdrone.be\/#organization\"},\"potentialAction\":[{\"@type\":\"SearchAction\",\"target\":{\"@type\":\"EntryPoint\",\"urlTemplate\":\"https:\/\/koningdrone.be\/?s={search_term_string}\"},\"query-input\":{\"@type\":\"PropertyValueSpecification\",\"valueRequired\":true,\"valueName\":\"search_term_string\"}}],\"inLanguage\":\"es\"},{\"@type\":\"Organization\",\"@id\":\"https:\/\/koningdrone.be\/#organization\",\"name\":\"Koningdrone.be\",\"url\":\"https:\/\/koningdrone.be\/\",\"logo\":{\"@type\":\"ImageObject\",\"inLanguage\":\"es\",\"@id\":\"https:\/\/koningdrone.be\/#\/schema\/logo\/image\/\",\"url\":\"https:\/\/koningdrone.be\/wp-content\/uploads\/sites\/13\/2025\/04\/koningdrone-copyright-logo.svg\",\"contentUrl\":\"https:\/\/koningdrone.be\/wp-content\/uploads\/sites\/13\/2025\/04\/koningdrone-copyright-logo.svg\",\"width\":227,\"height\":38,\"caption\":\"Koningdrone.be\"},\"image\":{\"@id\":\"https:\/\/koningdrone.be\/#\/schema\/logo\/image\/\"}}]}<\/script>\n<!-- \/ Yoast SEO Premium plugin. -->","yoast_head_json":{"title":"Ecoflow DELTA PRO - koningdrone.be","robots":{"index":"index","follow":"follow","max-snippet":"max-snippet:-1","max-image-preview":"max-image-preview:large","max-video-preview":"max-video-preview:-1"},"canonical":"https:\/\/koningdrone.be\/es\/producto\/ecoflow-delta-pro\/","og_locale":"es_ES","og_type":"article","og_title":"Ecoflow DELTA PRO","og_description":"Uitbreidbare capaciteitVoorziet vrijwel alles van stroom (3600W-7200W vermogen)Snelste opladen ter wereld (MultiCharge 6500W)thuis integratie","og_url":"https:\/\/koningdrone.be\/es\/producto\/ecoflow-delta-pro\/","og_site_name":"koningdrone.be","article_modified_time":"2026-04-29T14:30:46+00:00","og_image":[{"width":600,"height":375,"url":"https:\/\/koningdrone.be\/wp-content\/uploads\/sites\/13\/2025\/04\/665335-1.jpg","type":"image\/jpeg"}],"twitter_card":"summary_large_image","twitter_misc":{"Tiempo de lectura":"2 minutos"},"schema":{"@context":"https:\/\/schema.org","@graph":[{"@type":"WebPage","@id":"https:\/\/koningdrone.be\/product\/ecoflow-delta-pro\/","url":"https:\/\/koningdrone.be\/product\/ecoflow-delta-pro\/","name":"Ecoflow DELTA PRO - koningdrone.be","isPartOf":{"@id":"https:\/\/koningdrone.be\/#website"},"primaryImageOfPage":{"@id":"https:\/\/koningdrone.be\/product\/ecoflow-delta-pro\/#primaryimage"},"image":{"@id":"https:\/\/koningdrone.be\/product\/ecoflow-delta-pro\/#primaryimage"},"thumbnailUrl":"https:\/\/koningdrone.be\/wp-content\/uploads\/sites\/13\/2025\/04\/665335-1.jpg","datePublished":"2022-01-21T08:36:45+00:00","dateModified":"2026-04-29T14:30:46+00:00","breadcrumb":{"@id":"https:\/\/koningdrone.be\/product\/ecoflow-delta-pro\/#breadcrumb"},"inLanguage":"es","potentialAction":[{"@type":"ReadAction","target":["https:\/\/koningdrone.be\/product\/ecoflow-delta-pro\/"]}]},{"@type":"ImageObject","inLanguage":"es","@id":"https:\/\/koningdrone.be\/product\/ecoflow-delta-pro\/#primaryimage","url":"https:\/\/koningdrone.be\/wp-content\/uploads\/sites\/13\/2025\/04\/665335-1.jpg","contentUrl":"https:\/\/koningdrone.be\/wp-content\/uploads\/sites\/13\/2025\/04\/665335-1.jpg","width":600,"height":375},{"@type":"BreadcrumbList","@id":"https:\/\/koningdrone.be\/product\/ecoflow-delta-pro\/#breadcrumb","itemListElement":[{"@type":"ListItem","position":1,"name":"Home","item":"https:\/\/koningdrone.be\/"},{"@type":"ListItem","position":2,"name":"AVSS Parachute Recovery System for DJI Matrice 300\/350","item":"https:\/\/koningdrone.be\/product\/avss-parachute-recovery-system-for-dji-matrice-300-350\/"},{"@type":"ListItem","position":3,"name":"Alle powerstations","item":"https:\/\/koningdrone.be\/categorie\/alle-powerstations\/"},{"@type":"ListItem","position":4,"name":"Ecoflow DELTA PRO"}]},{"@type":"WebSite","@id":"https:\/\/koningdrone.be\/#website","url":"https:\/\/koningdrone.be\/","name":"Koningdrone.be - Su especialista en l\u00ednea en drones, cardanes, c\u00e1maras y centrales el\u00e9ctricas.","description":"La tienda virtual de drones y cardanes","publisher":{"@id":"https:\/\/koningdrone.be\/#organization"},"potentialAction":[{"@type":"SearchAction","target":{"@type":"EntryPoint","urlTemplate":"https:\/\/koningdrone.be\/?s={search_term_string}"},"query-input":{"@type":"PropertyValueSpecification","valueRequired":true,"valueName":"search_term_string"}}],"inLanguage":"es"},{"@type":"Organization","@id":"https:\/\/koningdrone.be\/#organization","name":"Kingdrone.es","url":"https:\/\/koningdrone.be\/","logo":{"@type":"ImageObject","inLanguage":"es","@id":"https:\/\/koningdrone.be\/#\/schema\/logo\/image\/","url":"https:\/\/koningdrone.be\/wp-content\/uploads\/sites\/13\/2025\/04\/koningdrone-copyright-logo.svg","contentUrl":"https:\/\/koningdrone.be\/wp-content\/uploads\/sites\/13\/2025\/04\/koningdrone-copyright-logo.svg","width":227,"height":38,"caption":"Koningdrone.be"},"image":{"@id":"https:\/\/koningdrone.be\/#\/schema\/logo\/image\/"}}]}},"df_price":1999,"df_sale_price":"","df_regular_price":1999,"df_image_link":"https:\/\/koningdrone.be\/wp-content\/uploads\/sites\/13\/2025\/04\/665335-1-300x188.jpg","_links":{"self":[{"href":"https:\/\/koningdrone.be\/es\/wp-json\/wp\/v2\/product\/6055","targetHints":{"allow":["GET"]}}],"collection":[{"href":"https:\/\/koningdrone.be\/es\/wp-json\/wp\/v2\/product"}],"about":[{"href":"https:\/\/koningdrone.be\/es\/wp-json\/wp\/v2\/types\/product"}],"wp:featuredmedia":[{"embeddable":true,"href":"https:\/\/koningdrone.be\/es\/wp-json\/wp\/v2\/media\/6050"}],"wp:attachment":[{"href":"https:\/\/koningdrone.be\/es\/wp-json\/wp\/v2\/media?parent=6055"}],"wp:term":[{"taxonomy":"product_brand","embeddable":true,"href":"https:\/\/koningdrone.be\/es\/wp-json\/wp\/v2\/product_brand?post=6055"},{"taxonomy":"product_cat","embeddable":true,"href":"https:\/\/koningdrone.be\/es\/wp-json\/wp\/v2\/product_cat?post=6055"},{"taxonomy":"product_tag","embeddable":true,"href":"https:\/\/koningdrone.be\/es\/wp-json\/wp\/v2\/product_tag?post=6055"}],"curies":[{"name":"wp","href":"https:\/\/api.w.org\/{rel}","templated":true}]}}