{"id":6045,"date":"2022-04-23T12:52:27","date_gmt":"2022-04-23T10:52:27","guid":{"rendered":"https:\/\/koningdrone.nl\/kon\/product\/card-dji-care-refresh-2-year-plan-dji-mavic-3\/"},"modified":"2026-04-29T10:10:03","modified_gmt":"2026-04-29T08:10:03","slug":"card-dji-care-refresh-2-year-plan-dji-mavic-3","status":"publish","type":"product","link":"https:\/\/koningdrone.be\/es\/producto\/card-dji-care-refresh-2-year-plan-dji-mavic-3\/","title":{"rendered":"Tarjeta DJI Care Refresh 2-Year Plan - DJI Mavic 3"},"content":{"rendered":"<h1>   Tarjeta DJI Care Refresh 2-Year Plan - DJI Mavic 3 <\/h1>\n<p>Los da\u00f1os accidentales est\u00e1n cubiertos y, por un m\u00f3dico precio, DJI Care Refresh (suscripci\u00f3n de 2 a\u00f1os) te permite solicitar hasta 3 dispositivos de sustituci\u00f3n en 24 meses. Adem\u00e1s, el plan incluye servicios exclusivos, como cobertura internacional de da\u00f1os, servicio de atenci\u00f3n al cliente VIP, env\u00edo gratuito en ambos sentidos y mucho m\u00e1s. Ver las preguntas m\u00e1s frecuentes<br \/>\u00a0 <br \/><strong> Se incluyen los siguientes servicios:<\/strong> <br \/>3 dispositivos de sustituci\u00f3n r\u00e1pida<br \/>DJI Care Refresh ofrece 3 productos de sustituci\u00f3n en un plazo de dos a\u00f1os. En caso de accidente, es posible sustituir el producto por un peque\u00f1o coste adicional. Los dispositivos de sustituci\u00f3n son productos nuevos o igualan a los productos a estrenar en cuanto a rendimiento y fiabilidad.<br \/>\u00a0 <br \/>Cobertura de da\u00f1os a todo riesgo<br \/>El servicio de sustituci\u00f3n cubre da\u00f1os accidentales, as\u00ed como colisi\u00f3n y da\u00f1os por agua.<br \/>\u00a0 <br \/>Servicio y asistencia internacionales<br \/>El servicio de garant\u00eda internacional exclusivo de DJI Care Refresh te da acceso a servicios de sustituci\u00f3n y reparaci\u00f3n de todos los centros de reparaci\u00f3n autorizados de DJI en todo el mundo (para los productos participantes). *<br \/>\u00a0 <br \/>DJI Care Refresh actualmente s\u00f3lo ofrece cobertura internacional de da\u00f1os para DJI OM 4 \/ DJI RS 2 \/ DJI RSC 2 \/ DJI Pocket 2. Los est\u00e1ndares de diagn\u00f3stico y los costes de sustituci\u00f3n est\u00e1n sujetos a las directrices de los centros de reparaci\u00f3n locales.<br \/>\u00a0 <br \/>1. \u00bfqu\u00e9 es DJI Care Refresh?<br \/>DJI Care Refresh es el servicio de atenci\u00f3n al cliente avanzado de DJI que te ofrece soluciones r\u00e1pidas, flexibles y de libre elecci\u00f3n para la protecci\u00f3n contra da\u00f1os accidentales y accidentes de Flyaway, para que puedas utilizar tu producto DJI en cualquier lugar sin preocupaciones.<br \/>Si se producen da\u00f1os accidentales o accidentes Flyaway durante el uso normal, puede obtener un nuevo producto o un nuevo producto de DJI a trav\u00e9s del servicio de intercambio.<br \/>\u00a0 <br \/>DJI Care Refresh est\u00e1 disponible actualmente con dos duraciones diferentes a elegir, en funci\u00f3n de tus necesidades:<br \/>DJI Care Refresh (suscripci\u00f3n de 1 a\u00f1o): Un Servicio de Reemplazo de Da\u00f1os Accidentales y Accidentes Flyaway que proporciona hasta dos dispositivos de reemplazo en el plazo de un a\u00f1o. El n\u00famero de Dispositivos de Sustituci\u00f3n por Da\u00f1o Accidental es 2 y el de Dispositivos de Sustituci\u00f3n por Incidente Flyaway 1.<br \/>DJI Care Refresh (suscripci\u00f3n de 2 a\u00f1os): un servicio de sustituci\u00f3n por da\u00f1os accidentales y accidentes Flyaway que ofrece hasta tres dispositivos de sustituci\u00f3n en dos a\u00f1os. El n\u00famero de dispositivos de sustituci\u00f3n por da\u00f1os accidentales es 3 y por accidentes Flyaway 2. Este<br \/>\u00a0 <br \/>Puntos fuertes y detalles<br \/>DJI Care Refresh (2 a\u00f1os) incluye hasta 3 dispositivos de sustituci\u00f3n en 24 meses<\/p>","protected":false},"excerpt":{"rendered":"<p>Card DJI Care Refresh 2-Year Plan &#8211; DJI Mavic 3 Onopzettelijke schade is gedekt en tegen een kleine vergoeding kun je met DJI Care Refresh (2-jarig abonnement) maximaal 3 vervangende apparaten aanvragen binnen 24 maanden. Bovendien zijn exclusieve services inbegrepen in het plan, zoals internationale schadedekking, VIP-klantenservice, gratis verzending in beide richtingen en nog veel [&hellip;]<\/p>\n","protected":false},"featured_media":6044,"template":"","meta":{"_acf_changed":false},"product_brand":[],"product_cat":[175,97,871,137],"product_tag":[],"class_list":{"0":"post-6045","1":"product","2":"type-product","3":"status-publish","4":"has-post-thumbnail","6":"product_cat-alle-care-refresh","7":"product_cat-alle-producten","8":"product_cat-dji-mavic","9":"product_cat-dji-mavic-3","10":"product_shipping_class-outofstock","11":"pa_brand-dji","12":"pa_productfamily-care-refresh","13":"pa_producttype-care-refresh","14":"pa_series-mavic-3","16":"first","17":"outofstock","18":"taxable","19":"shipping-taxable","20":"product-type-simple"},"acf":[],"yoast_head":"<!-- This site is optimized with the Yoast SEO Premium plugin v27.2 (Yoast SEO v27.2) - https:\/\/yoast.com\/product\/yoast-seo-premium-wordpress\/ -->\n<title>Card DJI Care Refresh 2-Year Plan - DJI Mavic 3 - koningdrone.be<\/title>\n<meta name=\"robots\" content=\"index, follow, max-snippet:-1, max-image-preview:large, max-video-preview:-1\" \/>\n<link rel=\"canonical\" href=\"https:\/\/koningdrone.be\/es\/producto\/card-dji-care-refresh-2-year-plan-dji-mavic-3\/\" \/>\n<meta property=\"og:locale\" content=\"es_ES\" \/>\n<meta property=\"og:type\" content=\"article\" \/>\n<meta property=\"og:title\" content=\"Card DJI Care Refresh 2-Year Plan - DJI Mavic 3\" \/>\n<meta property=\"og:description\" content=\"Card DJI Care Refresh 2-Year Plan &#8211; DJI Mavic 3 Onopzettelijke schade is gedekt en tegen een kleine vergoeding kun je met DJI Care Refresh (2-jarig abonnement) maximaal 3 vervangende apparaten aanvragen binnen 24 maanden. Bovendien zijn exclusieve services inbegrepen in het plan, zoals internationale schadedekking, VIP-klantenservice, gratis verzending in beide richtingen en nog veel [&hellip;]\" \/>\n<meta property=\"og:url\" content=\"https:\/\/koningdrone.be\/es\/producto\/card-dji-care-refresh-2-year-plan-dji-mavic-3\/\" \/>\n<meta property=\"og:site_name\" content=\"koningdrone.be\" \/>\n<meta property=\"article:modified_time\" content=\"2026-04-29T08:10:03+00:00\" \/>\n<meta property=\"og:image\" content=\"https:\/\/koningdrone.be\/wp-content\/uploads\/sites\/13\/2025\/04\/6941565921444-1.jpg\" \/>\n\t<meta property=\"og:image:width\" content=\"600\" \/>\n\t<meta property=\"og:image:height\" content=\"398\" \/>\n\t<meta property=\"og:image:type\" content=\"image\/jpeg\" \/>\n<meta name=\"twitter:card\" content=\"summary_large_image\" \/>\n<meta name=\"twitter:label1\" content=\"Tiempo de lectura\" \/>\n\t<meta name=\"twitter:data1\" content=\"2 minutos\" \/>\n<script type=\"application\/ld+json\" class=\"yoast-schema-graph\">{\"@context\":\"https:\/\/schema.org\",\"@graph\":[{\"@type\":\"WebPage\",\"@id\":\"https:\/\/koningdrone.be\/product\/card-dji-care-refresh-2-year-plan-dji-mavic-3\/\",\"url\":\"https:\/\/koningdrone.be\/product\/card-dji-care-refresh-2-year-plan-dji-mavic-3\/\",\"name\":\"Card DJI Care Refresh 2-Year Plan - DJI Mavic 3 - koningdrone.be\",\"isPartOf\":{\"@id\":\"https:\/\/koningdrone.be\/#website\"},\"primaryImageOfPage\":{\"@id\":\"https:\/\/koningdrone.be\/product\/card-dji-care-refresh-2-year-plan-dji-mavic-3\/#primaryimage\"},\"image\":{\"@id\":\"https:\/\/koningdrone.be\/product\/card-dji-care-refresh-2-year-plan-dji-mavic-3\/#primaryimage\"},\"thumbnailUrl\":\"https:\/\/koningdrone.be\/wp-content\/uploads\/sites\/13\/2025\/04\/6941565921444-1.jpg\",\"datePublished\":\"2022-04-23T10:52:27+00:00\",\"dateModified\":\"2026-04-29T08:10:03+00:00\",\"breadcrumb\":{\"@id\":\"https:\/\/koningdrone.be\/product\/card-dji-care-refresh-2-year-plan-dji-mavic-3\/#breadcrumb\"},\"inLanguage\":\"es\",\"potentialAction\":[{\"@type\":\"ReadAction\",\"target\":[\"https:\/\/koningdrone.be\/product\/card-dji-care-refresh-2-year-plan-dji-mavic-3\/\"]}]},{\"@type\":\"ImageObject\",\"inLanguage\":\"es\",\"@id\":\"https:\/\/koningdrone.be\/product\/card-dji-care-refresh-2-year-plan-dji-mavic-3\/#primaryimage\",\"url\":\"https:\/\/koningdrone.be\/wp-content\/uploads\/sites\/13\/2025\/04\/6941565921444-1.jpg\",\"contentUrl\":\"https:\/\/koningdrone.be\/wp-content\/uploads\/sites\/13\/2025\/04\/6941565921444-1.jpg\",\"width\":600,\"height\":398},{\"@type\":\"BreadcrumbList\",\"@id\":\"https:\/\/koningdrone.be\/product\/card-dji-care-refresh-2-year-plan-dji-mavic-3\/#breadcrumb\",\"itemListElement\":[{\"@type\":\"ListItem\",\"position\":1,\"name\":\"Home\",\"item\":\"https:\/\/koningdrone.be\/\"},{\"@type\":\"ListItem\",\"position\":2,\"name\":\"AVSS Parachute Recovery System for DJI Matrice 300\/350\",\"item\":\"https:\/\/koningdrone.be\/product\/avss-parachute-recovery-system-for-dji-matrice-300-350\/\"},{\"@type\":\"ListItem\",\"position\":3,\"name\":\"Alle care refresh\",\"item\":\"https:\/\/koningdrone.be\/categorie\/alle-care-refresh\/\"},{\"@type\":\"ListItem\",\"position\":4,\"name\":\"Card DJI Care Refresh 2-Year Plan &#8211; DJI Mavic 3\"}]},{\"@type\":\"WebSite\",\"@id\":\"https:\/\/koningdrone.be\/#website\",\"url\":\"https:\/\/koningdrone.be\/\",\"name\":\"Koningdrone.be - Uw online specialist in drones, gimbals, camera's en power stations.\",\"description\":\"De webshop in drones en gimbals\",\"publisher\":{\"@id\":\"https:\/\/koningdrone.be\/#organization\"},\"potentialAction\":[{\"@type\":\"SearchAction\",\"target\":{\"@type\":\"EntryPoint\",\"urlTemplate\":\"https:\/\/koningdrone.be\/?s={search_term_string}\"},\"query-input\":{\"@type\":\"PropertyValueSpecification\",\"valueRequired\":true,\"valueName\":\"search_term_string\"}}],\"inLanguage\":\"es\"},{\"@type\":\"Organization\",\"@id\":\"https:\/\/koningdrone.be\/#organization\",\"name\":\"Koningdrone.be\",\"url\":\"https:\/\/koningdrone.be\/\",\"logo\":{\"@type\":\"ImageObject\",\"inLanguage\":\"es\",\"@id\":\"https:\/\/koningdrone.be\/#\/schema\/logo\/image\/\",\"url\":\"https:\/\/koningdrone.be\/wp-content\/uploads\/sites\/13\/2025\/04\/koningdrone-copyright-logo.svg\",\"contentUrl\":\"https:\/\/koningdrone.be\/wp-content\/uploads\/sites\/13\/2025\/04\/koningdrone-copyright-logo.svg\",\"width\":227,\"height\":38,\"caption\":\"Koningdrone.be\"},\"image\":{\"@id\":\"https:\/\/koningdrone.be\/#\/schema\/logo\/image\/\"}}]}<\/script>\n<!-- \/ Yoast SEO Premium plugin. -->","yoast_head_json":{"title":"Card DJI Care Refresh 2-Year Plan - DJI Mavic 3 - koningdrone.be","robots":{"index":"index","follow":"follow","max-snippet":"max-snippet:-1","max-image-preview":"max-image-preview:large","max-video-preview":"max-video-preview:-1"},"canonical":"https:\/\/koningdrone.be\/es\/producto\/card-dji-care-refresh-2-year-plan-dji-mavic-3\/","og_locale":"es_ES","og_type":"article","og_title":"Card DJI Care Refresh 2-Year Plan - DJI Mavic 3","og_description":"Card DJI Care Refresh 2-Year Plan &#8211; DJI Mavic 3 Onopzettelijke schade is gedekt en tegen een kleine vergoeding kun je met DJI Care Refresh (2-jarig abonnement) maximaal 3 vervangende apparaten aanvragen binnen 24 maanden. Bovendien zijn exclusieve services inbegrepen in het plan, zoals internationale schadedekking, VIP-klantenservice, gratis verzending in beide richtingen en nog veel [&hellip;]","og_url":"https:\/\/koningdrone.be\/es\/producto\/card-dji-care-refresh-2-year-plan-dji-mavic-3\/","og_site_name":"koningdrone.be","article_modified_time":"2026-04-29T08:10:03+00:00","og_image":[{"width":600,"height":398,"url":"https:\/\/koningdrone.be\/wp-content\/uploads\/sites\/13\/2025\/04\/6941565921444-1.jpg","type":"image\/jpeg"}],"twitter_card":"summary_large_image","twitter_misc":{"Tiempo de lectura":"2 minutos"},"schema":{"@context":"https:\/\/schema.org","@graph":[{"@type":"WebPage","@id":"https:\/\/koningdrone.be\/product\/card-dji-care-refresh-2-year-plan-dji-mavic-3\/","url":"https:\/\/koningdrone.be\/product\/card-dji-care-refresh-2-year-plan-dji-mavic-3\/","name":"Card DJI Care Refresh 2-Year Plan - DJI Mavic 3 - koningdrone.be","isPartOf":{"@id":"https:\/\/koningdrone.be\/#website"},"primaryImageOfPage":{"@id":"https:\/\/koningdrone.be\/product\/card-dji-care-refresh-2-year-plan-dji-mavic-3\/#primaryimage"},"image":{"@id":"https:\/\/koningdrone.be\/product\/card-dji-care-refresh-2-year-plan-dji-mavic-3\/#primaryimage"},"thumbnailUrl":"https:\/\/koningdrone.be\/wp-content\/uploads\/sites\/13\/2025\/04\/6941565921444-1.jpg","datePublished":"2022-04-23T10:52:27+00:00","dateModified":"2026-04-29T08:10:03+00:00","breadcrumb":{"@id":"https:\/\/koningdrone.be\/product\/card-dji-care-refresh-2-year-plan-dji-mavic-3\/#breadcrumb"},"inLanguage":"es","potentialAction":[{"@type":"ReadAction","target":["https:\/\/koningdrone.be\/product\/card-dji-care-refresh-2-year-plan-dji-mavic-3\/"]}]},{"@type":"ImageObject","inLanguage":"es","@id":"https:\/\/koningdrone.be\/product\/card-dji-care-refresh-2-year-plan-dji-mavic-3\/#primaryimage","url":"https:\/\/koningdrone.be\/wp-content\/uploads\/sites\/13\/2025\/04\/6941565921444-1.jpg","contentUrl":"https:\/\/koningdrone.be\/wp-content\/uploads\/sites\/13\/2025\/04\/6941565921444-1.jpg","width":600,"height":398},{"@type":"BreadcrumbList","@id":"https:\/\/koningdrone.be\/product\/card-dji-care-refresh-2-year-plan-dji-mavic-3\/#breadcrumb","itemListElement":[{"@type":"ListItem","position":1,"name":"Home","item":"https:\/\/koningdrone.be\/"},{"@type":"ListItem","position":2,"name":"AVSS Parachute Recovery System for DJI Matrice 300\/350","item":"https:\/\/koningdrone.be\/product\/avss-parachute-recovery-system-for-dji-matrice-300-350\/"},{"@type":"ListItem","position":3,"name":"Alle care refresh","item":"https:\/\/koningdrone.be\/categorie\/alle-care-refresh\/"},{"@type":"ListItem","position":4,"name":"Card DJI Care Refresh 2-Year Plan &#8211; DJI Mavic 3"}]},{"@type":"WebSite","@id":"https:\/\/koningdrone.be\/#website","url":"https:\/\/koningdrone.be\/","name":"Koningdrone.be - Su especialista en l\u00ednea en drones, cardanes, c\u00e1maras y centrales el\u00e9ctricas.","description":"La tienda virtual de drones y cardanes","publisher":{"@id":"https:\/\/koningdrone.be\/#organization"},"potentialAction":[{"@type":"SearchAction","target":{"@type":"EntryPoint","urlTemplate":"https:\/\/koningdrone.be\/?s={search_term_string}"},"query-input":{"@type":"PropertyValueSpecification","valueRequired":true,"valueName":"search_term_string"}}],"inLanguage":"es"},{"@type":"Organization","@id":"https:\/\/koningdrone.be\/#organization","name":"Kingdrone.es","url":"https:\/\/koningdrone.be\/","logo":{"@type":"ImageObject","inLanguage":"es","@id":"https:\/\/koningdrone.be\/#\/schema\/logo\/image\/","url":"https:\/\/koningdrone.be\/wp-content\/uploads\/sites\/13\/2025\/04\/koningdrone-copyright-logo.svg","contentUrl":"https:\/\/koningdrone.be\/wp-content\/uploads\/sites\/13\/2025\/04\/koningdrone-copyright-logo.svg","width":227,"height":38,"caption":"Koningdrone.be"},"image":{"@id":"https:\/\/koningdrone.be\/#\/schema\/logo\/image\/"}}]}},"df_price":"","df_sale_price":"","df_regular_price":"","df_image_link":"https:\/\/koningdrone.be\/wp-content\/uploads\/sites\/13\/2025\/04\/6941565921444-1-300x199.jpg","_links":{"self":[{"href":"https:\/\/koningdrone.be\/es\/wp-json\/wp\/v2\/product\/6045","targetHints":{"allow":["GET"]}}],"collection":[{"href":"https:\/\/koningdrone.be\/es\/wp-json\/wp\/v2\/product"}],"about":[{"href":"https:\/\/koningdrone.be\/es\/wp-json\/wp\/v2\/types\/product"}],"wp:featuredmedia":[{"embeddable":true,"href":"https:\/\/koningdrone.be\/es\/wp-json\/wp\/v2\/media\/6044"}],"wp:attachment":[{"href":"https:\/\/koningdrone.be\/es\/wp-json\/wp\/v2\/media?parent=6045"}],"wp:term":[{"taxonomy":"product_brand","embeddable":true,"href":"https:\/\/koningdrone.be\/es\/wp-json\/wp\/v2\/product_brand?post=6045"},{"taxonomy":"product_cat","embeddable":true,"href":"https:\/\/koningdrone.be\/es\/wp-json\/wp\/v2\/product_cat?post=6045"},{"taxonomy":"product_tag","embeddable":true,"href":"https:\/\/koningdrone.be\/es\/wp-json\/wp\/v2\/product_tag?post=6045"}],"curies":[{"name":"wp","href":"https:\/\/api.w.org\/{rel}","templated":true}]}}