{"id":6031,"date":"2022-05-25T20:35:53","date_gmt":"2022-05-25T18:35:53","guid":{"rendered":"https:\/\/koningdrone.nl\/kon\/product\/ecoflow-mc4-solar-extension-cable-3m\/"},"modified":"2026-04-29T13:50:27","modified_gmt":"2026-04-29T11:50:27","slug":"ecoflow-mc4-solar-extension-cable-3m","status":"publish","type":"product","link":"https:\/\/koningdrone.be\/es\/producto\/ecoflow-mc4-solar-extension-cable-3m\/","title":{"rendered":"EcoFlow MC4 Cable de extensi\u00f3n solar - 3m"},"content":{"rendered":"<p>El cable de extensi\u00f3n Ecoflow MC4 Solar de 3 metros es un accesorio indispensable si desea extender el cable de sus paneles solares Ecoflow. Este cable es adecuado para uso en exteriores y se puede utilizar con todos los paneles solares Ecoflow.<\/p>\n<p><strong>Ideal para colocar en exteriores<\/strong><\/p>\n<p>El cable alargador es ideal si el cable est\u00e1ndar de su panel solar es demasiado corto. Por ejemplo, si desea colocar los paneles solares en el exterior mientras la central el\u00e9ctrica est\u00e1 en el interior. El cable est\u00e1ndar de Ecoflow s\u00f3lo mide 1,5 metros, lo que suele ser demasiado corto. Con el cable alargador MC4 de 3 metros, puede solucionar f\u00e1cilmente este problema. Este cable es adecuado tanto para paneles solares individuales como m\u00faltiples, conectados en serie o en paralelo.<\/p>\n<p><strong>Conectores universales MC4<\/strong><\/p>\n<p>El cable alargador utiliza los conectores universales MC4 ya presentes en los paneles solares Ecoflow. Conectar el cable alargador al panel solar es muy sencillo; basta con encajar el conector del cable alargador en el conector del panel solar y listo. En este juego se incluyen dos cables, de modo que se pueden prolongar tanto el cable positivo como el negativo.<\/p>\n<p><strong>Soluci\u00f3n segura para exteriores<\/strong><\/p>\n<p>En resumen, con este set tiene todo lo que necesita para a\u00f1adir longitud de cable adicional a un panel solar. Este cable alargador es una soluci\u00f3n de extensi\u00f3n de cable segura e ideal para uso en exteriores.<\/p>\n<p><\/p>","protected":false},"excerpt":{"rendered":"<ul>\n<li>Apto para paneles solares Ecoflow 110, 160W y 400W<\/li>\n<li>Para utilizar en combinaci\u00f3n con el cable de extensi\u00f3n Ecoflow MC4 a XT60<\/li>\n<li>Apto para conmutaci\u00f3n en serie y en paralelo.<\/li>\n<li>3 metros de cable adicional para sus paneles solares Ecoflow<\/li>\n<li>Una soluci\u00f3n segura para exteriores.<\/li>\n<li>F\u00e1cil de conectar gracias al conector universal MC4.<\/li>\n<\/ul>","protected":false},"featured_media":6029,"template":"","meta":{"_acf_changed":false},"product_brand":[],"product_cat":[244,97,245,276,415,198],"product_tag":[],"class_list":{"0":"post-6031","1":"product","2":"type-product","3":"status-publish","4":"has-post-thumbnail","6":"product_cat-alle-kabels","7":"product_cat-alle-producten","8":"product_cat-ecoflow","9":"product_cat-ecoflow-powerstations","10":"product_cat-energy","11":"product_cat-zonnepanelen","12":"product_shipping_class-outofstock","13":"pa_brand-ecoflow","14":"pa_productfamily-kabel","15":"pa_producttype-kabel","17":"first","18":"outofstock","19":"taxable","20":"shipping-taxable","21":"product-type-simple"},"acf":[],"yoast_head":"<!-- This site is optimized with the Yoast SEO Premium plugin v27.2 (Yoast SEO v27.2) - https:\/\/yoast.com\/product\/yoast-seo-premium-wordpress\/ -->\n<title>EcoFlow MC4 Solar Extension Cable - 3m - koningdrone.be<\/title>\n<meta name=\"robots\" content=\"index, follow, max-snippet:-1, max-image-preview:large, max-video-preview:-1\" \/>\n<link rel=\"canonical\" href=\"https:\/\/koningdrone.be\/es\/producto\/ecoflow-mc4-solar-extension-cable-3m\/\" \/>\n<meta property=\"og:locale\" content=\"es_ES\" \/>\n<meta property=\"og:type\" content=\"article\" \/>\n<meta property=\"og:title\" content=\"EcoFlow MC4 Solar Extension Cable - 3m\" \/>\n<meta property=\"og:description\" content=\"Geschikt voor Ecoflow 110, 160W en 400W zonnepanelenTe gebruiken in combinatie met de Ecoflow MC4 naar XT60 VerlengkabelGeschikt voor serie- en parallelschakelingen.3 meter extra kabellengte naar uw Ecoflow ZonnepanelenEen veilige oplossing voor buitengebruik.Eenvoudig aan te sluiten door de universele MC4-aansluiting.\" \/>\n<meta property=\"og:url\" content=\"https:\/\/koningdrone.be\/es\/producto\/ecoflow-mc4-solar-extension-cable-3m\/\" \/>\n<meta property=\"og:site_name\" content=\"koningdrone.be\" \/>\n<meta property=\"article:modified_time\" content=\"2026-04-29T11:50:27+00:00\" \/>\n<meta property=\"og:image\" content=\"https:\/\/koningdrone.be\/wp-content\/uploads\/sites\/13\/2025\/04\/4897082661580-1.jpg\" \/>\n\t<meta property=\"og:image:width\" content=\"600\" \/>\n\t<meta property=\"og:image:height\" content=\"600\" \/>\n\t<meta property=\"og:image:type\" content=\"image\/jpeg\" \/>\n<meta name=\"twitter:card\" content=\"summary_large_image\" \/>\n<meta name=\"twitter:label1\" content=\"Tiempo de lectura\" \/>\n\t<meta name=\"twitter:data1\" content=\"1 minuto\" \/>\n<script type=\"application\/ld+json\" class=\"yoast-schema-graph\">{\"@context\":\"https:\/\/schema.org\",\"@graph\":[{\"@type\":\"WebPage\",\"@id\":\"https:\/\/koningdrone.be\/product\/ecoflow-mc4-solar-extension-cable-3m\/\",\"url\":\"https:\/\/koningdrone.be\/product\/ecoflow-mc4-solar-extension-cable-3m\/\",\"name\":\"EcoFlow MC4 Solar Extension Cable - 3m - koningdrone.be\",\"isPartOf\":{\"@id\":\"https:\/\/koningdrone.be\/#website\"},\"primaryImageOfPage\":{\"@id\":\"https:\/\/koningdrone.be\/product\/ecoflow-mc4-solar-extension-cable-3m\/#primaryimage\"},\"image\":{\"@id\":\"https:\/\/koningdrone.be\/product\/ecoflow-mc4-solar-extension-cable-3m\/#primaryimage\"},\"thumbnailUrl\":\"https:\/\/koningdrone.be\/wp-content\/uploads\/sites\/13\/2025\/04\/4897082661580-1.jpg\",\"datePublished\":\"2022-05-25T18:35:53+00:00\",\"dateModified\":\"2026-04-29T11:50:27+00:00\",\"breadcrumb\":{\"@id\":\"https:\/\/koningdrone.be\/product\/ecoflow-mc4-solar-extension-cable-3m\/#breadcrumb\"},\"inLanguage\":\"es\",\"potentialAction\":[{\"@type\":\"ReadAction\",\"target\":[\"https:\/\/koningdrone.be\/product\/ecoflow-mc4-solar-extension-cable-3m\/\"]}]},{\"@type\":\"ImageObject\",\"inLanguage\":\"es\",\"@id\":\"https:\/\/koningdrone.be\/product\/ecoflow-mc4-solar-extension-cable-3m\/#primaryimage\",\"url\":\"https:\/\/koningdrone.be\/wp-content\/uploads\/sites\/13\/2025\/04\/4897082661580-1.jpg\",\"contentUrl\":\"https:\/\/koningdrone.be\/wp-content\/uploads\/sites\/13\/2025\/04\/4897082661580-1.jpg\",\"width\":600,\"height\":600},{\"@type\":\"BreadcrumbList\",\"@id\":\"https:\/\/koningdrone.be\/product\/ecoflow-mc4-solar-extension-cable-3m\/#breadcrumb\",\"itemListElement\":[{\"@type\":\"ListItem\",\"position\":1,\"name\":\"Home\",\"item\":\"https:\/\/koningdrone.be\/\"},{\"@type\":\"ListItem\",\"position\":2,\"name\":\"AVSS Parachute Recovery System for DJI Matrice 300\/350\",\"item\":\"https:\/\/koningdrone.be\/product\/avss-parachute-recovery-system-for-dji-matrice-300-350\/\"},{\"@type\":\"ListItem\",\"position\":3,\"name\":\"Alle kabels\",\"item\":\"https:\/\/koningdrone.be\/categorie\/alle-kabels\/\"},{\"@type\":\"ListItem\",\"position\":4,\"name\":\"EcoFlow MC4 Solar Extension Cable &#8211; 3m\"}]},{\"@type\":\"WebSite\",\"@id\":\"https:\/\/koningdrone.be\/#website\",\"url\":\"https:\/\/koningdrone.be\/\",\"name\":\"Koningdrone.be - Uw online specialist in drones, gimbals, camera's en power stations.\",\"description\":\"De webshop in drones en gimbals\",\"publisher\":{\"@id\":\"https:\/\/koningdrone.be\/#organization\"},\"potentialAction\":[{\"@type\":\"SearchAction\",\"target\":{\"@type\":\"EntryPoint\",\"urlTemplate\":\"https:\/\/koningdrone.be\/?s={search_term_string}\"},\"query-input\":{\"@type\":\"PropertyValueSpecification\",\"valueRequired\":true,\"valueName\":\"search_term_string\"}}],\"inLanguage\":\"es\"},{\"@type\":\"Organization\",\"@id\":\"https:\/\/koningdrone.be\/#organization\",\"name\":\"Koningdrone.be\",\"url\":\"https:\/\/koningdrone.be\/\",\"logo\":{\"@type\":\"ImageObject\",\"inLanguage\":\"es\",\"@id\":\"https:\/\/koningdrone.be\/#\/schema\/logo\/image\/\",\"url\":\"https:\/\/koningdrone.be\/wp-content\/uploads\/sites\/13\/2025\/04\/koningdrone-copyright-logo.svg\",\"contentUrl\":\"https:\/\/koningdrone.be\/wp-content\/uploads\/sites\/13\/2025\/04\/koningdrone-copyright-logo.svg\",\"width\":227,\"height\":38,\"caption\":\"Koningdrone.be\"},\"image\":{\"@id\":\"https:\/\/koningdrone.be\/#\/schema\/logo\/image\/\"}}]}<\/script>\n<!-- \/ Yoast SEO Premium plugin. -->","yoast_head_json":{"title":"EcoFlow MC4 Solar Extension Cable - 3m - koningdrone.be","robots":{"index":"index","follow":"follow","max-snippet":"max-snippet:-1","max-image-preview":"max-image-preview:large","max-video-preview":"max-video-preview:-1"},"canonical":"https:\/\/koningdrone.be\/es\/producto\/ecoflow-mc4-solar-extension-cable-3m\/","og_locale":"es_ES","og_type":"article","og_title":"EcoFlow MC4 Solar Extension Cable - 3m","og_description":"Geschikt voor Ecoflow 110, 160W en 400W zonnepanelenTe gebruiken in combinatie met de Ecoflow MC4 naar XT60 VerlengkabelGeschikt voor serie- en parallelschakelingen.3 meter extra kabellengte naar uw Ecoflow ZonnepanelenEen veilige oplossing voor buitengebruik.Eenvoudig aan te sluiten door de universele MC4-aansluiting.","og_url":"https:\/\/koningdrone.be\/es\/producto\/ecoflow-mc4-solar-extension-cable-3m\/","og_site_name":"koningdrone.be","article_modified_time":"2026-04-29T11:50:27+00:00","og_image":[{"width":600,"height":600,"url":"https:\/\/koningdrone.be\/wp-content\/uploads\/sites\/13\/2025\/04\/4897082661580-1.jpg","type":"image\/jpeg"}],"twitter_card":"summary_large_image","twitter_misc":{"Tiempo de lectura":"1 minuto"},"schema":{"@context":"https:\/\/schema.org","@graph":[{"@type":"WebPage","@id":"https:\/\/koningdrone.be\/product\/ecoflow-mc4-solar-extension-cable-3m\/","url":"https:\/\/koningdrone.be\/product\/ecoflow-mc4-solar-extension-cable-3m\/","name":"EcoFlow MC4 Solar Extension Cable - 3m - koningdrone.be","isPartOf":{"@id":"https:\/\/koningdrone.be\/#website"},"primaryImageOfPage":{"@id":"https:\/\/koningdrone.be\/product\/ecoflow-mc4-solar-extension-cable-3m\/#primaryimage"},"image":{"@id":"https:\/\/koningdrone.be\/product\/ecoflow-mc4-solar-extension-cable-3m\/#primaryimage"},"thumbnailUrl":"https:\/\/koningdrone.be\/wp-content\/uploads\/sites\/13\/2025\/04\/4897082661580-1.jpg","datePublished":"2022-05-25T18:35:53+00:00","dateModified":"2026-04-29T11:50:27+00:00","breadcrumb":{"@id":"https:\/\/koningdrone.be\/product\/ecoflow-mc4-solar-extension-cable-3m\/#breadcrumb"},"inLanguage":"es","potentialAction":[{"@type":"ReadAction","target":["https:\/\/koningdrone.be\/product\/ecoflow-mc4-solar-extension-cable-3m\/"]}]},{"@type":"ImageObject","inLanguage":"es","@id":"https:\/\/koningdrone.be\/product\/ecoflow-mc4-solar-extension-cable-3m\/#primaryimage","url":"https:\/\/koningdrone.be\/wp-content\/uploads\/sites\/13\/2025\/04\/4897082661580-1.jpg","contentUrl":"https:\/\/koningdrone.be\/wp-content\/uploads\/sites\/13\/2025\/04\/4897082661580-1.jpg","width":600,"height":600},{"@type":"BreadcrumbList","@id":"https:\/\/koningdrone.be\/product\/ecoflow-mc4-solar-extension-cable-3m\/#breadcrumb","itemListElement":[{"@type":"ListItem","position":1,"name":"Home","item":"https:\/\/koningdrone.be\/"},{"@type":"ListItem","position":2,"name":"AVSS Parachute Recovery System for DJI Matrice 300\/350","item":"https:\/\/koningdrone.be\/product\/avss-parachute-recovery-system-for-dji-matrice-300-350\/"},{"@type":"ListItem","position":3,"name":"Alle kabels","item":"https:\/\/koningdrone.be\/categorie\/alle-kabels\/"},{"@type":"ListItem","position":4,"name":"EcoFlow MC4 Solar Extension Cable &#8211; 3m"}]},{"@type":"WebSite","@id":"https:\/\/koningdrone.be\/#website","url":"https:\/\/koningdrone.be\/","name":"Koningdrone.be - Su especialista en l\u00ednea en drones, cardanes, c\u00e1maras y centrales el\u00e9ctricas.","description":"La tienda virtual de drones y cardanes","publisher":{"@id":"https:\/\/koningdrone.be\/#organization"},"potentialAction":[{"@type":"SearchAction","target":{"@type":"EntryPoint","urlTemplate":"https:\/\/koningdrone.be\/?s={search_term_string}"},"query-input":{"@type":"PropertyValueSpecification","valueRequired":true,"valueName":"search_term_string"}}],"inLanguage":"es"},{"@type":"Organization","@id":"https:\/\/koningdrone.be\/#organization","name":"Kingdrone.es","url":"https:\/\/koningdrone.be\/","logo":{"@type":"ImageObject","inLanguage":"es","@id":"https:\/\/koningdrone.be\/#\/schema\/logo\/image\/","url":"https:\/\/koningdrone.be\/wp-content\/uploads\/sites\/13\/2025\/04\/koningdrone-copyright-logo.svg","contentUrl":"https:\/\/koningdrone.be\/wp-content\/uploads\/sites\/13\/2025\/04\/koningdrone-copyright-logo.svg","width":227,"height":38,"caption":"Koningdrone.be"},"image":{"@id":"https:\/\/koningdrone.be\/#\/schema\/logo\/image\/"}}]}},"df_price":"","df_sale_price":"","df_regular_price":"","df_image_link":"https:\/\/koningdrone.be\/wp-content\/uploads\/sites\/13\/2025\/04\/4897082661580-1-300x300.jpg","_links":{"self":[{"href":"https:\/\/koningdrone.be\/es\/wp-json\/wp\/v2\/product\/6031","targetHints":{"allow":["GET"]}}],"collection":[{"href":"https:\/\/koningdrone.be\/es\/wp-json\/wp\/v2\/product"}],"about":[{"href":"https:\/\/koningdrone.be\/es\/wp-json\/wp\/v2\/types\/product"}],"wp:featuredmedia":[{"embeddable":true,"href":"https:\/\/koningdrone.be\/es\/wp-json\/wp\/v2\/media\/6029"}],"wp:attachment":[{"href":"https:\/\/koningdrone.be\/es\/wp-json\/wp\/v2\/media?parent=6031"}],"wp:term":[{"taxonomy":"product_brand","embeddable":true,"href":"https:\/\/koningdrone.be\/es\/wp-json\/wp\/v2\/product_brand?post=6031"},{"taxonomy":"product_cat","embeddable":true,"href":"https:\/\/koningdrone.be\/es\/wp-json\/wp\/v2\/product_cat?post=6031"},{"taxonomy":"product_tag","embeddable":true,"href":"https:\/\/koningdrone.be\/es\/wp-json\/wp\/v2\/product_tag?post=6031"}],"curies":[{"name":"wp","href":"https:\/\/api.w.org\/{rel}","templated":true}]}}