{"id":6013,"date":"2022-05-25T20:35:53","date_gmt":"2022-05-25T20:35:53","guid":{"rendered":"https:\/\/koningdrone.nl\/kon\/product\/ecoflow-delta-pro-bag-2-2\/"},"modified":"2022-05-25T20:35:53","modified_gmt":"2022-05-25T20:35:53","slug":"ecoflow-delta-pro-bag-2-2","status":"publish","type":"product","link":"https:\/\/koningdrone.be\/es\/producto\/ecoflow-delta-pro-bag-2-2\/","title":{"rendered":"Bolsa EcoFlow DELTA Pro"},"content":{"rendered":"<h1>Bolsa ECOFLOW Delta Pro<\/h1>\n<p>La bolsa EcoFlow DELTA Pro mantiene la facilidad de uso de la DELTA Pro a la vez que la protege del agua, la suciedad y los da\u00f1os durante los desplazamientos.<\/p>","protected":false},"excerpt":{"rendered":"<ul>\n<li>Fabricado con material ligero, impermeable y resistente a la abrasi\u00f3n que protege el DELTA Pro de las inclemencias del tiempo o de los golpes y ara\u00f1azos durante los desplazamientos.<\/li>\n<li>Dise\u00f1ada para proteger a la vez que proporciona acceso a todas las tomas, ruedas y asa. Con una cubierta transparente para la pantalla LCD, puede vigilar f\u00e1cilmente el DELTA Pro al tiempo que protege la pantalla de ara\u00f1azos.<\/li>\n<\/ul>","protected":false},"featured_media":6008,"template":"","meta":{"_acf_changed":false},"product_brand":[],"product_cat":[97,201,245,276,415],"product_tag":[],"class_list":{"0":"post-6013","1":"product","2":"type-product","3":"status-publish","4":"has-post-thumbnail","6":"product_cat-alle-producten","7":"product_cat-alle-tassen-en-koffers","8":"product_cat-ecoflow","9":"product_cat-ecoflow-powerstations","10":"product_cat-energy","11":"product_shipping_class-outofstock","12":"pa_brand-ecoflow","13":"pa_productfamily-tas","14":"pa_producttype-tas","15":"pa_series-delta-pro","17":"first","18":"outofstock","19":"taxable","20":"shipping-taxable","21":"product-type-simple"},"acf":[],"yoast_head":"<!-- This site is optimized with the Yoast SEO Premium plugin v27.2 (Yoast SEO v27.2) - https:\/\/yoast.com\/product\/yoast-seo-premium-wordpress\/ -->\n<title>EcoFlow DELTA Pro Bag - koningdrone.be<\/title>\n<meta name=\"robots\" content=\"index, follow, max-snippet:-1, max-image-preview:large, max-video-preview:-1\" \/>\n<link rel=\"canonical\" href=\"https:\/\/koningdrone.be\/es\/producto\/ecoflow-delta-pro-bag-2-2\/\" \/>\n<meta property=\"og:locale\" content=\"es_ES\" \/>\n<meta property=\"og:type\" content=\"article\" \/>\n<meta property=\"og:title\" content=\"EcoFlow DELTA Pro Bag\" \/>\n<meta property=\"og:description\" content=\"Gemaakt van lichtgewicht, waterdicht en slijtvast materiaal dat DELTA Pro beschermt tegen weersinvloeden of stoten en krassen onderweg.Ontworpen om te beschermen en tegelijkertijd toegang te bieden tot alle stopcontacten, wielen en het handvat. Met een transparante hoes voor het LCD-scherm kunt u de DELTA Pro gemakkelijk in de gaten houden en tegelijkertijd het scherm beschermen tegen krassen.\" \/>\n<meta property=\"og:url\" content=\"https:\/\/koningdrone.be\/es\/producto\/ecoflow-delta-pro-bag-2-2\/\" \/>\n<meta property=\"og:site_name\" content=\"koningdrone.be\" \/>\n<meta property=\"og:image\" content=\"https:\/\/koningdrone.be\/wp-content\/uploads\/sites\/13\/2025\/04\/4897082665519-1-1-scaled.png\" \/>\n\t<meta property=\"og:image:width\" content=\"2560\" \/>\n\t<meta property=\"og:image:height\" content=\"1600\" \/>\n\t<meta property=\"og:image:type\" content=\"image\/png\" \/>\n<meta name=\"twitter:card\" content=\"summary_large_image\" \/>\n<script type=\"application\/ld+json\" class=\"yoast-schema-graph\">{\"@context\":\"https:\/\/schema.org\",\"@graph\":[{\"@type\":\"WebPage\",\"@id\":\"https:\/\/koningdrone.be\/es\/producto\/ecoflow-delta-pro-bag-2-2\/\",\"url\":\"https:\/\/koningdrone.be\/es\/producto\/ecoflow-delta-pro-bag-2-2\/\",\"name\":\"EcoFlow DELTA Pro Bag - koningdrone.be\",\"isPartOf\":{\"@id\":\"https:\/\/koningdrone.be\/#website\"},\"primaryImageOfPage\":{\"@id\":\"https:\/\/koningdrone.be\/es\/producto\/ecoflow-delta-pro-bag-2-2\/#primaryimage\"},\"image\":{\"@id\":\"https:\/\/koningdrone.be\/es\/producto\/ecoflow-delta-pro-bag-2-2\/#primaryimage\"},\"thumbnailUrl\":\"https:\/\/koningdrone.be\/wp-content\/uploads\/sites\/13\/2025\/04\/4897082665519-1-1-scaled.png\",\"datePublished\":\"2022-05-25T20:35:53+00:00\",\"breadcrumb\":{\"@id\":\"https:\/\/koningdrone.be\/es\/producto\/ecoflow-delta-pro-bag-2-2\/#breadcrumb\"},\"inLanguage\":\"es\",\"potentialAction\":[{\"@type\":\"ReadAction\",\"target\":[\"https:\/\/koningdrone.be\/es\/producto\/ecoflow-delta-pro-bag-2-2\/\"]}]},{\"@type\":\"ImageObject\",\"inLanguage\":\"es\",\"@id\":\"https:\/\/koningdrone.be\/es\/producto\/ecoflow-delta-pro-bag-2-2\/#primaryimage\",\"url\":\"https:\/\/koningdrone.be\/wp-content\/uploads\/sites\/13\/2025\/04\/4897082665519-1-1-scaled.png\",\"contentUrl\":\"https:\/\/koningdrone.be\/wp-content\/uploads\/sites\/13\/2025\/04\/4897082665519-1-1-scaled.png\",\"width\":2560,\"height\":1600},{\"@type\":\"BreadcrumbList\",\"@id\":\"https:\/\/koningdrone.be\/es\/producto\/ecoflow-delta-pro-bag-2-2\/#breadcrumb\",\"itemListElement\":[{\"@type\":\"ListItem\",\"position\":1,\"name\":\"Home\",\"item\":\"https:\/\/koningdrone.be\/\"},{\"@type\":\"ListItem\",\"position\":2,\"name\":\"AVSS Parachute Recovery System for DJI Matrice 300\/350\",\"item\":\"https:\/\/koningdrone.be\/product\/avss-parachute-recovery-system-for-dji-matrice-300-350\/\"},{\"@type\":\"ListItem\",\"position\":3,\"name\":\"Alle producten\",\"item\":\"https:\/\/koningdrone.be\/categorie\/alle-producten\/\"},{\"@type\":\"ListItem\",\"position\":4,\"name\":\"EcoFlow DELTA Pro Bag\"}]},{\"@type\":\"WebSite\",\"@id\":\"https:\/\/koningdrone.be\/#website\",\"url\":\"https:\/\/koningdrone.be\/\",\"name\":\"Koningdrone.be - Uw online specialist in drones, gimbals, camera's en power stations.\",\"description\":\"De webshop in drones en gimbals\",\"publisher\":{\"@id\":\"https:\/\/koningdrone.be\/#organization\"},\"potentialAction\":[{\"@type\":\"SearchAction\",\"target\":{\"@type\":\"EntryPoint\",\"urlTemplate\":\"https:\/\/koningdrone.be\/?s={search_term_string}\"},\"query-input\":{\"@type\":\"PropertyValueSpecification\",\"valueRequired\":true,\"valueName\":\"search_term_string\"}}],\"inLanguage\":\"es\"},{\"@type\":\"Organization\",\"@id\":\"https:\/\/koningdrone.be\/#organization\",\"name\":\"Koningdrone.be\",\"url\":\"https:\/\/koningdrone.be\/\",\"logo\":{\"@type\":\"ImageObject\",\"inLanguage\":\"es\",\"@id\":\"https:\/\/koningdrone.be\/#\/schema\/logo\/image\/\",\"url\":\"https:\/\/koningdrone.be\/wp-content\/uploads\/sites\/13\/2025\/04\/koningdrone-copyright-logo.svg\",\"contentUrl\":\"https:\/\/koningdrone.be\/wp-content\/uploads\/sites\/13\/2025\/04\/koningdrone-copyright-logo.svg\",\"width\":227,\"height\":38,\"caption\":\"Koningdrone.be\"},\"image\":{\"@id\":\"https:\/\/koningdrone.be\/#\/schema\/logo\/image\/\"}}]}<\/script>\n<!-- \/ Yoast SEO Premium plugin. -->","yoast_head_json":{"title":"EcoFlow DELTA Pro Bag - koningdrone.be","robots":{"index":"index","follow":"follow","max-snippet":"max-snippet:-1","max-image-preview":"max-image-preview:large","max-video-preview":"max-video-preview:-1"},"canonical":"https:\/\/koningdrone.be\/es\/producto\/ecoflow-delta-pro-bag-2-2\/","og_locale":"es_ES","og_type":"article","og_title":"EcoFlow DELTA Pro Bag","og_description":"Gemaakt van lichtgewicht, waterdicht en slijtvast materiaal dat DELTA Pro beschermt tegen weersinvloeden of stoten en krassen onderweg.Ontworpen om te beschermen en tegelijkertijd toegang te bieden tot alle stopcontacten, wielen en het handvat. Met een transparante hoes voor het LCD-scherm kunt u de DELTA Pro gemakkelijk in de gaten houden en tegelijkertijd het scherm beschermen tegen krassen.","og_url":"https:\/\/koningdrone.be\/es\/producto\/ecoflow-delta-pro-bag-2-2\/","og_site_name":"koningdrone.be","og_image":[{"width":2560,"height":1600,"url":"https:\/\/koningdrone.be\/wp-content\/uploads\/sites\/13\/2025\/04\/4897082665519-1-1-scaled.png","type":"image\/png"}],"twitter_card":"summary_large_image","schema":{"@context":"https:\/\/schema.org","@graph":[{"@type":"WebPage","@id":"https:\/\/koningdrone.be\/es\/producto\/ecoflow-delta-pro-bag-2-2\/","url":"https:\/\/koningdrone.be\/es\/producto\/ecoflow-delta-pro-bag-2-2\/","name":"EcoFlow DELTA Pro Bag - koningdrone.be","isPartOf":{"@id":"https:\/\/koningdrone.be\/#website"},"primaryImageOfPage":{"@id":"https:\/\/koningdrone.be\/es\/producto\/ecoflow-delta-pro-bag-2-2\/#primaryimage"},"image":{"@id":"https:\/\/koningdrone.be\/es\/producto\/ecoflow-delta-pro-bag-2-2\/#primaryimage"},"thumbnailUrl":"https:\/\/koningdrone.be\/wp-content\/uploads\/sites\/13\/2025\/04\/4897082665519-1-1-scaled.png","datePublished":"2022-05-25T20:35:53+00:00","breadcrumb":{"@id":"https:\/\/koningdrone.be\/es\/producto\/ecoflow-delta-pro-bag-2-2\/#breadcrumb"},"inLanguage":"es","potentialAction":[{"@type":"ReadAction","target":["https:\/\/koningdrone.be\/es\/producto\/ecoflow-delta-pro-bag-2-2\/"]}]},{"@type":"ImageObject","inLanguage":"es","@id":"https:\/\/koningdrone.be\/es\/producto\/ecoflow-delta-pro-bag-2-2\/#primaryimage","url":"https:\/\/koningdrone.be\/wp-content\/uploads\/sites\/13\/2025\/04\/4897082665519-1-1-scaled.png","contentUrl":"https:\/\/koningdrone.be\/wp-content\/uploads\/sites\/13\/2025\/04\/4897082665519-1-1-scaled.png","width":2560,"height":1600},{"@type":"BreadcrumbList","@id":"https:\/\/koningdrone.be\/es\/producto\/ecoflow-delta-pro-bag-2-2\/#breadcrumb","itemListElement":[{"@type":"ListItem","position":1,"name":"Home","item":"https:\/\/koningdrone.be\/"},{"@type":"ListItem","position":2,"name":"AVSS Parachute Recovery System for DJI Matrice 300\/350","item":"https:\/\/koningdrone.be\/product\/avss-parachute-recovery-system-for-dji-matrice-300-350\/"},{"@type":"ListItem","position":3,"name":"Alle producten","item":"https:\/\/koningdrone.be\/categorie\/alle-producten\/"},{"@type":"ListItem","position":4,"name":"EcoFlow DELTA Pro Bag"}]},{"@type":"WebSite","@id":"https:\/\/koningdrone.be\/#website","url":"https:\/\/koningdrone.be\/","name":"Koningdrone.be - Su especialista en l\u00ednea en drones, cardanes, c\u00e1maras y centrales el\u00e9ctricas.","description":"La tienda virtual de drones y cardanes","publisher":{"@id":"https:\/\/koningdrone.be\/#organization"},"potentialAction":[{"@type":"SearchAction","target":{"@type":"EntryPoint","urlTemplate":"https:\/\/koningdrone.be\/?s={search_term_string}"},"query-input":{"@type":"PropertyValueSpecification","valueRequired":true,"valueName":"search_term_string"}}],"inLanguage":"es"},{"@type":"Organization","@id":"https:\/\/koningdrone.be\/#organization","name":"Kingdrone.es","url":"https:\/\/koningdrone.be\/","logo":{"@type":"ImageObject","inLanguage":"es","@id":"https:\/\/koningdrone.be\/#\/schema\/logo\/image\/","url":"https:\/\/koningdrone.be\/wp-content\/uploads\/sites\/13\/2025\/04\/koningdrone-copyright-logo.svg","contentUrl":"https:\/\/koningdrone.be\/wp-content\/uploads\/sites\/13\/2025\/04\/koningdrone-copyright-logo.svg","width":227,"height":38,"caption":"Koningdrone.be"},"image":{"@id":"https:\/\/koningdrone.be\/#\/schema\/logo\/image\/"}}]}},"df_price":"","df_sale_price":"","df_regular_price":"","df_image_link":"https:\/\/koningdrone.be\/wp-content\/uploads\/sites\/13\/2025\/04\/4897082665519-1-1-300x188.png","_links":{"self":[{"href":"https:\/\/koningdrone.be\/es\/wp-json\/wp\/v2\/product\/6013","targetHints":{"allow":["GET"]}}],"collection":[{"href":"https:\/\/koningdrone.be\/es\/wp-json\/wp\/v2\/product"}],"about":[{"href":"https:\/\/koningdrone.be\/es\/wp-json\/wp\/v2\/types\/product"}],"wp:featuredmedia":[{"embeddable":true,"href":"https:\/\/koningdrone.be\/es\/wp-json\/wp\/v2\/media\/6008"}],"wp:attachment":[{"href":"https:\/\/koningdrone.be\/es\/wp-json\/wp\/v2\/media?parent=6013"}],"wp:term":[{"taxonomy":"product_brand","embeddable":true,"href":"https:\/\/koningdrone.be\/es\/wp-json\/wp\/v2\/product_brand?post=6013"},{"taxonomy":"product_cat","embeddable":true,"href":"https:\/\/koningdrone.be\/es\/wp-json\/wp\/v2\/product_cat?post=6013"},{"taxonomy":"product_tag","embeddable":true,"href":"https:\/\/koningdrone.be\/es\/wp-json\/wp\/v2\/product_tag?post=6013"}],"curies":[{"name":"wp","href":"https:\/\/api.w.org\/{rel}","templated":true}]}}