{"id":5972,"date":"2022-05-25T20:36:00","date_gmt":"2022-05-25T18:36:00","guid":{"rendered":"https:\/\/koningdrone.nl\/kon\/product\/insta360-one-rs-4k-dive-case-cinrsbt-b\/"},"modified":"2026-05-17T08:10:40","modified_gmt":"2026-05-17T06:10:40","slug":"insta360-one-rs-4k-dive-case-cinrsbt-b","status":"publish","type":"product","link":"https:\/\/koningdrone.be\/es\/producto\/insta360-one-rs-4k-dive-case-cinrsbt-b\/","title":{"rendered":"Funda de buceo INSTA360 ONE RS 4K (CINRSBT\/B)"},"content":{"rendered":"<h1>   Funda de buceo Insta360 ONE RS 4K (CINRSBT\/B) <\/h1>\n<p>IPX8 resistente al agua hasta 60 m para inmersiones profundas o para proteger la c\u00e1mara en aguas bravas. Lentes de cristal para una mejor \u00f3ptica. Dise\u00f1o seguro con liberaci\u00f3n de presi\u00f3n.<br \/>\u00a0 <br \/>Compatible tanto con el ONE RS 4K Boost Lens como con el ONE R 4K Wide Angle Lens, pero debe utilizarse con el portapilas ONE RS.<\/p>","protected":false},"excerpt":{"rendered":"<p>Insta360 ONE RS 4K dive case (CINRSBT\/B) IPX8 waterdicht tot 60 m (196 ft) voor diep duiken of om de camera te beschermen in ruw water. Glazen lenzen voor betere optiek. Veilig ontwerp met drukontgrendeling.\u00a0 Compatibel met zowel ONE RS 4K Boost Lens als ONE R 4K Wide Angle Lens, maar moet worden gebruikt met [&hellip;]<\/p>\n","protected":false},"featured_media":5971,"template":"","meta":{"_acf_changed":false},"product_brand":[],"product_cat":[97,343],"product_tag":[],"class_list":{"0":"post-5972","1":"product","2":"type-product","3":"status-publish","4":"has-post-thumbnail","6":"product_cat-alle-producten","7":"product_cat-insta360","8":"product_shipping_class-outofstock","9":"pa_brand-insta360","10":"pa_series-insta360-go","12":"first","13":"outofstock","14":"taxable","15":"shipping-taxable","16":"product-type-simple"},"acf":[],"yoast_head":"<!-- This site is optimized with the Yoast SEO Premium plugin v27.2 (Yoast SEO v27.2) - https:\/\/yoast.com\/product\/yoast-seo-premium-wordpress\/ -->\n<title>INSTA360 ONE RS 4K Dive Case (CINRSBT\/B) - koningdrone.be<\/title>\n<meta name=\"robots\" content=\"index, follow, max-snippet:-1, max-image-preview:large, max-video-preview:-1\" \/>\n<link rel=\"canonical\" href=\"https:\/\/koningdrone.be\/es\/producto\/insta360-one-rs-4k-dive-case-cinrsbt-b\/\" \/>\n<meta property=\"og:locale\" content=\"es_ES\" \/>\n<meta property=\"og:type\" content=\"article\" \/>\n<meta property=\"og:title\" content=\"INSTA360 ONE RS 4K Dive Case (CINRSBT\/B)\" \/>\n<meta property=\"og:description\" content=\"Insta360 ONE RS 4K dive case (CINRSBT\/B) IPX8 waterdicht tot 60 m (196 ft) voor diep duiken of om de camera te beschermen in ruw water. Glazen lenzen voor betere optiek. Veilig ontwerp met drukontgrendeling.\u00a0 Compatibel met zowel ONE RS 4K Boost Lens als ONE R 4K Wide Angle Lens, maar moet worden gebruikt met [&hellip;]\" \/>\n<meta property=\"og:url\" content=\"https:\/\/koningdrone.be\/es\/producto\/insta360-one-rs-4k-dive-case-cinrsbt-b\/\" \/>\n<meta property=\"og:site_name\" content=\"koningdrone.be\" \/>\n<meta property=\"article:modified_time\" content=\"2026-05-17T06:10:40+00:00\" \/>\n<meta property=\"og:image\" content=\"https:\/\/koningdrone.be\/wp-content\/uploads\/sites\/13\/2025\/04\/6970357853045-1.jpg\" \/>\n\t<meta property=\"og:image:width\" content=\"600\" \/>\n\t<meta property=\"og:image:height\" content=\"600\" \/>\n\t<meta property=\"og:image:type\" content=\"image\/jpeg\" \/>\n<meta name=\"twitter:card\" content=\"summary_large_image\" \/>\n<script type=\"application\/ld+json\" class=\"yoast-schema-graph\">{\"@context\":\"https:\/\/schema.org\",\"@graph\":[{\"@type\":\"WebPage\",\"@id\":\"https:\/\/koningdrone.be\/product\/insta360-one-rs-4k-dive-case-cinrsbt-b\/\",\"url\":\"https:\/\/koningdrone.be\/product\/insta360-one-rs-4k-dive-case-cinrsbt-b\/\",\"name\":\"INSTA360 ONE RS 4K Dive Case (CINRSBT\/B) - koningdrone.be\",\"isPartOf\":{\"@id\":\"https:\/\/koningdrone.be\/#website\"},\"primaryImageOfPage\":{\"@id\":\"https:\/\/koningdrone.be\/product\/insta360-one-rs-4k-dive-case-cinrsbt-b\/#primaryimage\"},\"image\":{\"@id\":\"https:\/\/koningdrone.be\/product\/insta360-one-rs-4k-dive-case-cinrsbt-b\/#primaryimage\"},\"thumbnailUrl\":\"https:\/\/koningdrone.be\/wp-content\/uploads\/sites\/13\/2025\/04\/6970357853045-1.jpg\",\"datePublished\":\"2022-05-25T18:36:00+00:00\",\"dateModified\":\"2026-05-17T06:10:40+00:00\",\"breadcrumb\":{\"@id\":\"https:\/\/koningdrone.be\/product\/insta360-one-rs-4k-dive-case-cinrsbt-b\/#breadcrumb\"},\"inLanguage\":\"es\",\"potentialAction\":[{\"@type\":\"ReadAction\",\"target\":[\"https:\/\/koningdrone.be\/product\/insta360-one-rs-4k-dive-case-cinrsbt-b\/\"]}]},{\"@type\":\"ImageObject\",\"inLanguage\":\"es\",\"@id\":\"https:\/\/koningdrone.be\/product\/insta360-one-rs-4k-dive-case-cinrsbt-b\/#primaryimage\",\"url\":\"https:\/\/koningdrone.be\/wp-content\/uploads\/sites\/13\/2025\/04\/6970357853045-1.jpg\",\"contentUrl\":\"https:\/\/koningdrone.be\/wp-content\/uploads\/sites\/13\/2025\/04\/6970357853045-1.jpg\",\"width\":600,\"height\":600},{\"@type\":\"BreadcrumbList\",\"@id\":\"https:\/\/koningdrone.be\/product\/insta360-one-rs-4k-dive-case-cinrsbt-b\/#breadcrumb\",\"itemListElement\":[{\"@type\":\"ListItem\",\"position\":1,\"name\":\"Home\",\"item\":\"https:\/\/koningdrone.be\/\"},{\"@type\":\"ListItem\",\"position\":2,\"name\":\"AVSS Parachute Recovery System for DJI Matrice 300\/350\",\"item\":\"https:\/\/koningdrone.be\/product\/avss-parachute-recovery-system-for-dji-matrice-300-350\/\"},{\"@type\":\"ListItem\",\"position\":3,\"name\":\"Alle producten\",\"item\":\"https:\/\/koningdrone.be\/categorie\/alle-producten\/\"},{\"@type\":\"ListItem\",\"position\":4,\"name\":\"INSTA360 ONE RS 4K Dive Case (CINRSBT\/B)\"}]},{\"@type\":\"WebSite\",\"@id\":\"https:\/\/koningdrone.be\/#website\",\"url\":\"https:\/\/koningdrone.be\/\",\"name\":\"Koningdrone.be - Uw online specialist in drones, gimbals, camera's en power stations.\",\"description\":\"De webshop in drones en gimbals\",\"publisher\":{\"@id\":\"https:\/\/koningdrone.be\/#organization\"},\"potentialAction\":[{\"@type\":\"SearchAction\",\"target\":{\"@type\":\"EntryPoint\",\"urlTemplate\":\"https:\/\/koningdrone.be\/?s={search_term_string}\"},\"query-input\":{\"@type\":\"PropertyValueSpecification\",\"valueRequired\":true,\"valueName\":\"search_term_string\"}}],\"inLanguage\":\"es\"},{\"@type\":\"Organization\",\"@id\":\"https:\/\/koningdrone.be\/#organization\",\"name\":\"Koningdrone.be\",\"url\":\"https:\/\/koningdrone.be\/\",\"logo\":{\"@type\":\"ImageObject\",\"inLanguage\":\"es\",\"@id\":\"https:\/\/koningdrone.be\/#\/schema\/logo\/image\/\",\"url\":\"https:\/\/koningdrone.be\/wp-content\/uploads\/sites\/13\/2025\/04\/koningdrone-copyright-logo.svg\",\"contentUrl\":\"https:\/\/koningdrone.be\/wp-content\/uploads\/sites\/13\/2025\/04\/koningdrone-copyright-logo.svg\",\"width\":227,\"height\":38,\"caption\":\"Koningdrone.be\"},\"image\":{\"@id\":\"https:\/\/koningdrone.be\/#\/schema\/logo\/image\/\"}}]}<\/script>\n<!-- \/ Yoast SEO Premium plugin. -->","yoast_head_json":{"title":"INSTA360 ONE RS 4K Dive Case (CINRSBT\/B) - koningdrone.be","robots":{"index":"index","follow":"follow","max-snippet":"max-snippet:-1","max-image-preview":"max-image-preview:large","max-video-preview":"max-video-preview:-1"},"canonical":"https:\/\/koningdrone.be\/es\/producto\/insta360-one-rs-4k-dive-case-cinrsbt-b\/","og_locale":"es_ES","og_type":"article","og_title":"INSTA360 ONE RS 4K Dive Case (CINRSBT\/B)","og_description":"Insta360 ONE RS 4K dive case (CINRSBT\/B) IPX8 waterdicht tot 60 m (196 ft) voor diep duiken of om de camera te beschermen in ruw water. Glazen lenzen voor betere optiek. Veilig ontwerp met drukontgrendeling.\u00a0 Compatibel met zowel ONE RS 4K Boost Lens als ONE R 4K Wide Angle Lens, maar moet worden gebruikt met [&hellip;]","og_url":"https:\/\/koningdrone.be\/es\/producto\/insta360-one-rs-4k-dive-case-cinrsbt-b\/","og_site_name":"koningdrone.be","article_modified_time":"2026-05-17T06:10:40+00:00","og_image":[{"width":600,"height":600,"url":"https:\/\/koningdrone.be\/wp-content\/uploads\/sites\/13\/2025\/04\/6970357853045-1.jpg","type":"image\/jpeg"}],"twitter_card":"summary_large_image","schema":{"@context":"https:\/\/schema.org","@graph":[{"@type":"WebPage","@id":"https:\/\/koningdrone.be\/product\/insta360-one-rs-4k-dive-case-cinrsbt-b\/","url":"https:\/\/koningdrone.be\/product\/insta360-one-rs-4k-dive-case-cinrsbt-b\/","name":"INSTA360 ONE RS 4K Dive Case (CINRSBT\/B) - koningdrone.be","isPartOf":{"@id":"https:\/\/koningdrone.be\/#website"},"primaryImageOfPage":{"@id":"https:\/\/koningdrone.be\/product\/insta360-one-rs-4k-dive-case-cinrsbt-b\/#primaryimage"},"image":{"@id":"https:\/\/koningdrone.be\/product\/insta360-one-rs-4k-dive-case-cinrsbt-b\/#primaryimage"},"thumbnailUrl":"https:\/\/koningdrone.be\/wp-content\/uploads\/sites\/13\/2025\/04\/6970357853045-1.jpg","datePublished":"2022-05-25T18:36:00+00:00","dateModified":"2026-05-17T06:10:40+00:00","breadcrumb":{"@id":"https:\/\/koningdrone.be\/product\/insta360-one-rs-4k-dive-case-cinrsbt-b\/#breadcrumb"},"inLanguage":"es","potentialAction":[{"@type":"ReadAction","target":["https:\/\/koningdrone.be\/product\/insta360-one-rs-4k-dive-case-cinrsbt-b\/"]}]},{"@type":"ImageObject","inLanguage":"es","@id":"https:\/\/koningdrone.be\/product\/insta360-one-rs-4k-dive-case-cinrsbt-b\/#primaryimage","url":"https:\/\/koningdrone.be\/wp-content\/uploads\/sites\/13\/2025\/04\/6970357853045-1.jpg","contentUrl":"https:\/\/koningdrone.be\/wp-content\/uploads\/sites\/13\/2025\/04\/6970357853045-1.jpg","width":600,"height":600},{"@type":"BreadcrumbList","@id":"https:\/\/koningdrone.be\/product\/insta360-one-rs-4k-dive-case-cinrsbt-b\/#breadcrumb","itemListElement":[{"@type":"ListItem","position":1,"name":"Home","item":"https:\/\/koningdrone.be\/"},{"@type":"ListItem","position":2,"name":"AVSS Parachute Recovery System for DJI Matrice 300\/350","item":"https:\/\/koningdrone.be\/product\/avss-parachute-recovery-system-for-dji-matrice-300-350\/"},{"@type":"ListItem","position":3,"name":"Alle producten","item":"https:\/\/koningdrone.be\/categorie\/alle-producten\/"},{"@type":"ListItem","position":4,"name":"INSTA360 ONE RS 4K Dive Case (CINRSBT\/B)"}]},{"@type":"WebSite","@id":"https:\/\/koningdrone.be\/#website","url":"https:\/\/koningdrone.be\/","name":"Koningdrone.be - Su especialista en l\u00ednea en drones, cardanes, c\u00e1maras y centrales el\u00e9ctricas.","description":"La tienda virtual de drones y cardanes","publisher":{"@id":"https:\/\/koningdrone.be\/#organization"},"potentialAction":[{"@type":"SearchAction","target":{"@type":"EntryPoint","urlTemplate":"https:\/\/koningdrone.be\/?s={search_term_string}"},"query-input":{"@type":"PropertyValueSpecification","valueRequired":true,"valueName":"search_term_string"}}],"inLanguage":"es"},{"@type":"Organization","@id":"https:\/\/koningdrone.be\/#organization","name":"Kingdrone.es","url":"https:\/\/koningdrone.be\/","logo":{"@type":"ImageObject","inLanguage":"es","@id":"https:\/\/koningdrone.be\/#\/schema\/logo\/image\/","url":"https:\/\/koningdrone.be\/wp-content\/uploads\/sites\/13\/2025\/04\/koningdrone-copyright-logo.svg","contentUrl":"https:\/\/koningdrone.be\/wp-content\/uploads\/sites\/13\/2025\/04\/koningdrone-copyright-logo.svg","width":227,"height":38,"caption":"Koningdrone.be"},"image":{"@id":"https:\/\/koningdrone.be\/#\/schema\/logo\/image\/"}}]}},"df_price":"","df_sale_price":"","df_regular_price":"","df_image_link":"https:\/\/koningdrone.be\/wp-content\/uploads\/sites\/13\/2025\/04\/6970357853045-1-300x300.jpg","_links":{"self":[{"href":"https:\/\/koningdrone.be\/es\/wp-json\/wp\/v2\/product\/5972","targetHints":{"allow":["GET"]}}],"collection":[{"href":"https:\/\/koningdrone.be\/es\/wp-json\/wp\/v2\/product"}],"about":[{"href":"https:\/\/koningdrone.be\/es\/wp-json\/wp\/v2\/types\/product"}],"wp:featuredmedia":[{"embeddable":true,"href":"https:\/\/koningdrone.be\/es\/wp-json\/wp\/v2\/media\/5971"}],"wp:attachment":[{"href":"https:\/\/koningdrone.be\/es\/wp-json\/wp\/v2\/media?parent=5972"}],"wp:term":[{"taxonomy":"product_brand","embeddable":true,"href":"https:\/\/koningdrone.be\/es\/wp-json\/wp\/v2\/product_brand?post=5972"},{"taxonomy":"product_cat","embeddable":true,"href":"https:\/\/koningdrone.be\/es\/wp-json\/wp\/v2\/product_cat?post=5972"},{"taxonomy":"product_tag","embeddable":true,"href":"https:\/\/koningdrone.be\/es\/wp-json\/wp\/v2\/product_tag?post=5972"}],"curies":[{"name":"wp","href":"https:\/\/api.w.org\/{rel}","templated":true}]}}