{"id":5958,"date":"2022-05-25T20:36:00","date_gmt":"2022-05-25T18:36:00","guid":{"rendered":"https:\/\/koningdrone.nl\/kon\/product\/insta360-one-rs-twin-cinrsgp-a\/"},"modified":"2026-05-17T07:50:48","modified_gmt":"2026-05-17T05:50:48","slug":"insta360-one-rs-twin-cinrsgp-a","status":"publish","type":"product","link":"https:\/\/koningdrone.be\/es\/producto\/insta360-one-rs-twin-cinrsgp-a\/","title":{"rendered":"INSTA360 ONE RS Twin (CINRSGP\/A)"},"content":{"rendered":"<h1>   Insta360 One RS Twin (CINRSGP\/A) <\/h1>\n<p>Insta360 - \"ONE RS Edici\u00f3n Twin 360<br \/>La c\u00e1mara de acci\u00f3n m\u00e1s adaptable del mundo es ahora a\u00fan mejor.<br \/>C\u00e1mara de acci\u00f3n Insta360 ONE ONE RS Twin 360 Edition<br \/>HECHO A MEDIDA<br \/>La ONE RS es la c\u00e1mara de objetivos intercambiables m\u00e1s vers\u00e1til del mundo. Gracias a su dise\u00f1o en tres partes, se transforma de una c\u00e1mara 360 en un objetivo gran angular de primera calidad. Es la \u00fanica c\u00e1mara de acci\u00f3n que realmente cumple la promesa de flexibilidad \u2019todo en uno\u201c, sin concesiones.<br \/>Lente 4K Boost<br \/>C\u00e1mara de acci\u00f3n Insta360 ONE ONE RS Twin 360 Edition<br \/>NUEVO SENSOR DE IMAGEN DE 1\/2<br \/>Tocar en silencio o a bajo volumen suele ser una exigencia, sobre todo en casa, pero cada vez m\u00e1s en el escenario o en el estudio. Para tocar tu amplificador sin caja ac\u00fastica, necesitas una caja de carga. Two Notes es conocida por las cajas de carga m\u00e1s precisas y vers\u00e1tiles del mundo, que utilizan tecnolog\u00eda reactiva, es decir, que imitan a la perfecci\u00f3n la impedancia de un altavoz. Su amplificador creer\u00e1 absolutamente que est\u00e1 conectado a una caja ac\u00fastica real.<br \/>C\u00e1mara de acci\u00f3n Insta360 ONE ONE RS Twin 360 Edition<br \/>FOTOS 48MP<br \/>4 veces m\u00e1s megap\u00edxeles. Captura el detalle extra que merecen los momentos fotogr\u00e1ficos perfectos, con mejores colores e iluminaci\u00f3n.<br \/>C\u00e1mara de acci\u00f3n Insta360 ONE ONE RS Twin 360 Edition<br \/>MODO PANOR\u00c1MICO 6K<br \/>Crea im\u00e1genes 6K ultradetalladas que parecen de pel\u00edcula de Hollywood, con una relaci\u00f3n de aspecto de pantalla panor\u00e1mica cl\u00e1sica de 2,35:1.<br \/>Objetivo 5,3K de 1 pulgada<br \/>C\u00e1mara de acci\u00f3n Insta360 ONE ONE RS Twin 360 Edition<br \/>COLABORACI\u00d3N CON LEICA<br \/>Desarrollado junto con Leica, el objetivo gran angular de 1 pulgada tiene el sensor de imagen m\u00e1s grande de todas las c\u00e1maras de acci\u00f3n. Haz fotos gran angular de 5,3K con detalles precisos y colores realistas, incluso con poca luz.<br \/>C\u00e1mara de acci\u00f3n Insta360 ONE ONE RS Twin 360 Edition<br \/>Estabilizaci\u00f3n del estado de flujo<br \/>C\u00e1mara de acci\u00f3n Insta360 ONE ONE RS Twin 360 Edition<br \/>ESTABILIZACI\u00d3N DE IMAGEN SUAVE<br \/>Estabilizaci\u00f3n de imagen perfecta con cualquier objetivo. El potente RS Core ofrece ahora estabilizaci\u00f3n FlowState en la c\u00e1mara en combinaci\u00f3n con los objetivos gran angular. Sin necesidad de edici\u00f3n.<br \/>Cerradura Horizon<br \/>C\u00e1mara de acci\u00f3n Insta360 ONE ONE RS Twin 360 Edition<br \/>TOMAS DE NIVEL PERFECTAS<br \/>Tomas perfectamente uniformes, independientemente de la inclinaci\u00f3n de la c\u00e1mara. Los tres objetivos admiten la nivelaci\u00f3n del horizonte en 360\u00b0.<br \/>\u00a0 <br \/>HDR activo<br \/>C\u00e1mara de acci\u00f3n Insta360 ONE ONE RS Twin 360 Edition<br \/>4K HDR<br \/>Un nuevo e innovador modo de v\u00eddeo HDR para deportes de acci\u00f3n. El HDR activo de la lente 4K Boost mantiene el v\u00eddeo estabilizado mientras te mueves, a la vez que conserva los detalles de las luces y las sombras para conseguir un metraje m\u00e1s v\u00edvido.<br \/>\u00a0 <br \/>Retraso<br \/>C\u00e1mara de acci\u00f3n Insta360 ONE ONE RS Twin 360 Edition<br \/>8X MOVIMIENTO LENTO<br \/>Ralentiza la acci\u00f3n hasta 8x con la lente 4K Boost, o gira y enfoca un gran momento con la c\u00e1mara lenta 4x de la lente 360.<br \/>\u00a0 <br \/>Creado para la acci\u00f3n<br \/>C\u00e1mara de acci\u00f3n Insta360 ONE ONE RS Twin 360 Edition<br \/>SUMERGIBLE HASTA 4 METROS<br \/>Sumerge tu c\u00e1mara de acci\u00f3n sin preocupaciones hasta 16 pies bajo el agua<br \/>\u00a0 <br \/>DISE\u00d1O ROBUSTO<br \/>Los conectores de alta calidad y un dise\u00f1o estructural \u00fanico garantizan una conexi\u00f3n estable entre los mods, incluso en plena acci\u00f3n.<br \/>\u00a0 <br \/>Un n\u00facleo totalmente nuevo<br \/>MEJORA GENERAL DEL RENDIMIENTO<br \/>Wi-Fi m\u00e1s r\u00e1pido. Transfiere y edita tus archivos m\u00e1s r\u00e1pido en la aplicaci\u00f3n Insta360, gracias al nuevo hardware del Core.<br \/>\u00a0 <br \/>C\u00e1mara de acci\u00f3n Insta360 ONE ONE RS Twin 360 Edition<br \/>AUDIO CROSSOVER<br \/>El RS Core cuenta ahora con un micr\u00f3fono adicional para capturar el audio que desees y un algoritmo de reducci\u00f3n del ruido del viento para eliminar el ruido que no quieras.<br \/>\u00a0 <br \/>C\u00e1mara de acci\u00f3n Insta360 ONE ONE RS Twin 360 Edition<br \/>C\u00e1mara de acci\u00f3n Insta360 ONE ONE RS Twin 360 Edition<br \/>ZOOM INMEDIATO<br \/>Aumente digitalmente hasta 2,7x un sujeto mientras dispara, sin necesidad de preajustar la toma.<br \/>\u00a0 <br \/>C\u00e1mara de acci\u00f3n Insta360 ONE ONE RS Twin 360 Edition<br \/>MEN\u00da R\u00c1PIDO<br \/>Acceda a todos sus preajustes de disparo favoritos en un solo lugar con un solo toque. Cambia de modo sobre la marcha para seguir el ritmo de la acci\u00f3n.<br \/>\u00a0 <br \/>F\u00e1cil montaje<br \/>C\u00e1mara de acci\u00f3n Insta360 ONE ONE RS Twin 360 Edition<br \/>LIBERACI\u00d3N R\u00c1PIDA<br \/>Basta con pulsar el bot\u00f3n para abrir el soporte, deslizar la c\u00e1mara por el lateral y cambiar de objetivo en un instante.<br \/>\u00a0 <br \/>C\u00e1mara de acci\u00f3n Insta360 ONE ONE RS Twin 360 Edition<br \/>DISE\u00d1O DISIPADOR DE CALOR<br \/>El soporte de montaje ayuda a mantener fr\u00eda la c\u00e1mara de acci\u00f3n para que puedas grabar durante m\u00e1s tiempo.<br \/>\u00a0 <br \/>C\u00e1mara de acci\u00f3n Insta360 ONE ONE RS Twin 360 Edition<br \/>FUNDA ANTIVIENTO PARA MICR\u00d3FONO<br \/>Una cubierta de espuma especial a prueba de viento detiene los vientos fuertes y evita ruidos no deseados en tus v\u00eddeos.<\/p>","protected":false},"excerpt":{"rendered":"<ul>\n<li>Resoluci\u00f3n de v\u00eddeo: 6016\u00d72560@25\/24fps (en modo panor\u00e1mico 6K), 4000\u00d73000@24\/25\/30fps, 3840\u00d72160@24\/25\/30\/50\/60fps, 2720\u00d71530@24\/25\/30\/60\/100fps, 1920\u00d71080@24 \/25\/30\/60\/120\/200fps<\/li>\n<li>Resoluciones fotogr\u00e1ficas: 8000\u00d76000 (4:3), 8000\u00d74500 (16:9), 4000\u00d73000 (4:3), 4000\u00d72250 (16:9<\/li>\n<li>Formato de archivo de imagen: JPG, RAW (dng)<\/li>\n<li>Formatos de archivo de v\u00eddeo: MP4, LOG<\/li>\n<li>Objetivos: 7,2 mm equivalente a 35 m<\/li>\n<li>Transmisi\u00f3n en directo: Nvt<\/li>\n<li>Almacenamiento: Ranura MicroSD<\/li>\n<li>Peso: 125,3 gramos<\/li>\n<\/ul>","protected":false},"featured_media":5956,"template":"","meta":{"_acf_changed":false},"product_brand":[],"product_cat":[97,343],"product_tag":[],"class_list":{"0":"post-5958","1":"product","2":"type-product","3":"status-publish","4":"has-post-thumbnail","6":"product_cat-alle-producten","7":"product_cat-insta360","8":"product_shipping_class-outofstock","9":"pa_brand-insta360","10":"pa_series-insta360-go","12":"first","13":"outofstock","14":"taxable","15":"shipping-taxable","16":"product-type-simple"},"acf":[],"yoast_head":"<!-- This site is optimized with the Yoast SEO Premium plugin v27.2 (Yoast SEO v27.2) - https:\/\/yoast.com\/product\/yoast-seo-premium-wordpress\/ -->\n<title>INSTA360 ONE RS Twin (CINRSGP\/A) - koningdrone.be<\/title>\n<meta name=\"robots\" content=\"index, follow, max-snippet:-1, max-image-preview:large, max-video-preview:-1\" \/>\n<link rel=\"canonical\" href=\"https:\/\/koningdrone.be\/es\/producto\/insta360-one-rs-twin-cinrsgp-a\/\" \/>\n<meta property=\"og:locale\" content=\"es_ES\" \/>\n<meta property=\"og:type\" content=\"article\" \/>\n<meta property=\"og:title\" content=\"INSTA360 ONE RS Twin (CINRSGP\/A)\" \/>\n<meta property=\"og:description\" content=\"Videoresolutie: 6016x2560@25\/24fps (onder 6K breedbeeldmodus), 4000x3000@24\/25\/30fps, 3840x2160@24\/25\/30\/50\/60fps, 2720x1530@24\/25\/30\/60\/100fps, 1920x1080@24 \/25\/30\/60\/120\/200 fpsFotoresoluties: 8000x6000 (4:3), 8000x4500 (16:9), 4000x3000 (4:3), 4000x2250 (16:9Fotobestandsindeling: JPG, RAW (dng)Videobestandsindelingen: MP4, LOGLenzen: 7,2 mm 35 m equivalentLive-streaming: NvtOpslag: MicroSD-slotGewicht: 125,3 gram\" \/>\n<meta property=\"og:url\" content=\"https:\/\/koningdrone.be\/es\/producto\/insta360-one-rs-twin-cinrsgp-a\/\" \/>\n<meta property=\"og:site_name\" content=\"koningdrone.be\" \/>\n<meta property=\"article:modified_time\" content=\"2026-05-17T05:50:48+00:00\" \/>\n<meta property=\"og:image\" content=\"https:\/\/koningdrone.be\/wp-content\/uploads\/sites\/13\/2025\/04\/6970357852949-1.webp\" \/>\n\t<meta property=\"og:image:width\" content=\"350\" \/>\n\t<meta property=\"og:image:height\" content=\"350\" \/>\n\t<meta property=\"og:image:type\" content=\"image\/webp\" \/>\n<meta name=\"twitter:card\" content=\"summary_large_image\" \/>\n<meta name=\"twitter:label1\" content=\"Tiempo de lectura\" \/>\n\t<meta name=\"twitter:data1\" content=\"3 minutos\" \/>\n<script type=\"application\/ld+json\" class=\"yoast-schema-graph\">{\"@context\":\"https:\/\/schema.org\",\"@graph\":[{\"@type\":\"WebPage\",\"@id\":\"https:\/\/koningdrone.be\/product\/insta360-one-rs-twin-cinrsgp-a\/\",\"url\":\"https:\/\/koningdrone.be\/product\/insta360-one-rs-twin-cinrsgp-a\/\",\"name\":\"INSTA360 ONE RS Twin (CINRSGP\/A) - koningdrone.be\",\"isPartOf\":{\"@id\":\"https:\/\/koningdrone.be\/#website\"},\"primaryImageOfPage\":{\"@id\":\"https:\/\/koningdrone.be\/product\/insta360-one-rs-twin-cinrsgp-a\/#primaryimage\"},\"image\":{\"@id\":\"https:\/\/koningdrone.be\/product\/insta360-one-rs-twin-cinrsgp-a\/#primaryimage\"},\"thumbnailUrl\":\"https:\/\/koningdrone.be\/wp-content\/uploads\/sites\/13\/2025\/04\/6970357852949-1.webp\",\"datePublished\":\"2022-05-25T18:36:00+00:00\",\"dateModified\":\"2026-05-17T05:50:48+00:00\",\"breadcrumb\":{\"@id\":\"https:\/\/koningdrone.be\/product\/insta360-one-rs-twin-cinrsgp-a\/#breadcrumb\"},\"inLanguage\":\"es\",\"potentialAction\":[{\"@type\":\"ReadAction\",\"target\":[\"https:\/\/koningdrone.be\/product\/insta360-one-rs-twin-cinrsgp-a\/\"]}]},{\"@type\":\"ImageObject\",\"inLanguage\":\"es\",\"@id\":\"https:\/\/koningdrone.be\/product\/insta360-one-rs-twin-cinrsgp-a\/#primaryimage\",\"url\":\"https:\/\/koningdrone.be\/wp-content\/uploads\/sites\/13\/2025\/04\/6970357852949-1.webp\",\"contentUrl\":\"https:\/\/koningdrone.be\/wp-content\/uploads\/sites\/13\/2025\/04\/6970357852949-1.webp\",\"width\":350,\"height\":350},{\"@type\":\"BreadcrumbList\",\"@id\":\"https:\/\/koningdrone.be\/product\/insta360-one-rs-twin-cinrsgp-a\/#breadcrumb\",\"itemListElement\":[{\"@type\":\"ListItem\",\"position\":1,\"name\":\"Home\",\"item\":\"https:\/\/koningdrone.be\/\"},{\"@type\":\"ListItem\",\"position\":2,\"name\":\"AVSS Parachute Recovery System for DJI Matrice 300\/350\",\"item\":\"https:\/\/koningdrone.be\/product\/avss-parachute-recovery-system-for-dji-matrice-300-350\/\"},{\"@type\":\"ListItem\",\"position\":3,\"name\":\"Alle producten\",\"item\":\"https:\/\/koningdrone.be\/categorie\/alle-producten\/\"},{\"@type\":\"ListItem\",\"position\":4,\"name\":\"INSTA360 ONE RS Twin (CINRSGP\/A)\"}]},{\"@type\":\"WebSite\",\"@id\":\"https:\/\/koningdrone.be\/#website\",\"url\":\"https:\/\/koningdrone.be\/\",\"name\":\"Koningdrone.be - Uw online specialist in drones, gimbals, camera's en power stations.\",\"description\":\"De webshop in drones en gimbals\",\"publisher\":{\"@id\":\"https:\/\/koningdrone.be\/#organization\"},\"potentialAction\":[{\"@type\":\"SearchAction\",\"target\":{\"@type\":\"EntryPoint\",\"urlTemplate\":\"https:\/\/koningdrone.be\/?s={search_term_string}\"},\"query-input\":{\"@type\":\"PropertyValueSpecification\",\"valueRequired\":true,\"valueName\":\"search_term_string\"}}],\"inLanguage\":\"es\"},{\"@type\":\"Organization\",\"@id\":\"https:\/\/koningdrone.be\/#organization\",\"name\":\"Koningdrone.be\",\"url\":\"https:\/\/koningdrone.be\/\",\"logo\":{\"@type\":\"ImageObject\",\"inLanguage\":\"es\",\"@id\":\"https:\/\/koningdrone.be\/#\/schema\/logo\/image\/\",\"url\":\"https:\/\/koningdrone.be\/wp-content\/uploads\/sites\/13\/2025\/04\/koningdrone-copyright-logo.svg\",\"contentUrl\":\"https:\/\/koningdrone.be\/wp-content\/uploads\/sites\/13\/2025\/04\/koningdrone-copyright-logo.svg\",\"width\":227,\"height\":38,\"caption\":\"Koningdrone.be\"},\"image\":{\"@id\":\"https:\/\/koningdrone.be\/#\/schema\/logo\/image\/\"}}]}<\/script>\n<!-- \/ Yoast SEO Premium plugin. -->","yoast_head_json":{"title":"INSTA360 ONE RS Twin (CINRSGP\/A) - koningdrone.be","robots":{"index":"index","follow":"follow","max-snippet":"max-snippet:-1","max-image-preview":"max-image-preview:large","max-video-preview":"max-video-preview:-1"},"canonical":"https:\/\/koningdrone.be\/es\/producto\/insta360-one-rs-twin-cinrsgp-a\/","og_locale":"es_ES","og_type":"article","og_title":"INSTA360 ONE RS Twin (CINRSGP\/A)","og_description":"Videoresolutie: 6016x2560@25\/24fps (onder 6K breedbeeldmodus), 4000x3000@24\/25\/30fps, 3840x2160@24\/25\/30\/50\/60fps, 2720x1530@24\/25\/30\/60\/100fps, 1920x1080@24 \/25\/30\/60\/120\/200 fpsFotoresoluties: 8000x6000 (4:3), 8000x4500 (16:9), 4000x3000 (4:3), 4000x2250 (16:9Fotobestandsindeling: JPG, RAW (dng)Videobestandsindelingen: MP4, LOGLenzen: 7,2 mm 35 m equivalentLive-streaming: NvtOpslag: MicroSD-slotGewicht: 125,3 gram","og_url":"https:\/\/koningdrone.be\/es\/producto\/insta360-one-rs-twin-cinrsgp-a\/","og_site_name":"koningdrone.be","article_modified_time":"2026-05-17T05:50:48+00:00","og_image":[{"width":350,"height":350,"url":"https:\/\/koningdrone.be\/wp-content\/uploads\/sites\/13\/2025\/04\/6970357852949-1.webp","type":"image\/webp"}],"twitter_card":"summary_large_image","twitter_misc":{"Tiempo de lectura":"3 minutos"},"schema":{"@context":"https:\/\/schema.org","@graph":[{"@type":"WebPage","@id":"https:\/\/koningdrone.be\/product\/insta360-one-rs-twin-cinrsgp-a\/","url":"https:\/\/koningdrone.be\/product\/insta360-one-rs-twin-cinrsgp-a\/","name":"INSTA360 ONE RS Twin (CINRSGP\/A) - koningdrone.be","isPartOf":{"@id":"https:\/\/koningdrone.be\/#website"},"primaryImageOfPage":{"@id":"https:\/\/koningdrone.be\/product\/insta360-one-rs-twin-cinrsgp-a\/#primaryimage"},"image":{"@id":"https:\/\/koningdrone.be\/product\/insta360-one-rs-twin-cinrsgp-a\/#primaryimage"},"thumbnailUrl":"https:\/\/koningdrone.be\/wp-content\/uploads\/sites\/13\/2025\/04\/6970357852949-1.webp","datePublished":"2022-05-25T18:36:00+00:00","dateModified":"2026-05-17T05:50:48+00:00","breadcrumb":{"@id":"https:\/\/koningdrone.be\/product\/insta360-one-rs-twin-cinrsgp-a\/#breadcrumb"},"inLanguage":"es","potentialAction":[{"@type":"ReadAction","target":["https:\/\/koningdrone.be\/product\/insta360-one-rs-twin-cinrsgp-a\/"]}]},{"@type":"ImageObject","inLanguage":"es","@id":"https:\/\/koningdrone.be\/product\/insta360-one-rs-twin-cinrsgp-a\/#primaryimage","url":"https:\/\/koningdrone.be\/wp-content\/uploads\/sites\/13\/2025\/04\/6970357852949-1.webp","contentUrl":"https:\/\/koningdrone.be\/wp-content\/uploads\/sites\/13\/2025\/04\/6970357852949-1.webp","width":350,"height":350},{"@type":"BreadcrumbList","@id":"https:\/\/koningdrone.be\/product\/insta360-one-rs-twin-cinrsgp-a\/#breadcrumb","itemListElement":[{"@type":"ListItem","position":1,"name":"Home","item":"https:\/\/koningdrone.be\/"},{"@type":"ListItem","position":2,"name":"AVSS Parachute Recovery System for DJI Matrice 300\/350","item":"https:\/\/koningdrone.be\/product\/avss-parachute-recovery-system-for-dji-matrice-300-350\/"},{"@type":"ListItem","position":3,"name":"Alle producten","item":"https:\/\/koningdrone.be\/categorie\/alle-producten\/"},{"@type":"ListItem","position":4,"name":"INSTA360 ONE RS Twin (CINRSGP\/A)"}]},{"@type":"WebSite","@id":"https:\/\/koningdrone.be\/#website","url":"https:\/\/koningdrone.be\/","name":"Koningdrone.be - Su especialista en l\u00ednea en drones, cardanes, c\u00e1maras y centrales el\u00e9ctricas.","description":"La tienda virtual de drones y cardanes","publisher":{"@id":"https:\/\/koningdrone.be\/#organization"},"potentialAction":[{"@type":"SearchAction","target":{"@type":"EntryPoint","urlTemplate":"https:\/\/koningdrone.be\/?s={search_term_string}"},"query-input":{"@type":"PropertyValueSpecification","valueRequired":true,"valueName":"search_term_string"}}],"inLanguage":"es"},{"@type":"Organization","@id":"https:\/\/koningdrone.be\/#organization","name":"Kingdrone.es","url":"https:\/\/koningdrone.be\/","logo":{"@type":"ImageObject","inLanguage":"es","@id":"https:\/\/koningdrone.be\/#\/schema\/logo\/image\/","url":"https:\/\/koningdrone.be\/wp-content\/uploads\/sites\/13\/2025\/04\/koningdrone-copyright-logo.svg","contentUrl":"https:\/\/koningdrone.be\/wp-content\/uploads\/sites\/13\/2025\/04\/koningdrone-copyright-logo.svg","width":227,"height":38,"caption":"Koningdrone.be"},"image":{"@id":"https:\/\/koningdrone.be\/#\/schema\/logo\/image\/"}}]}},"df_price":"","df_sale_price":"","df_regular_price":"","df_image_link":"https:\/\/koningdrone.be\/wp-content\/uploads\/sites\/13\/2025\/04\/6970357852949-1-300x300.webp","_links":{"self":[{"href":"https:\/\/koningdrone.be\/es\/wp-json\/wp\/v2\/product\/5958","targetHints":{"allow":["GET"]}}],"collection":[{"href":"https:\/\/koningdrone.be\/es\/wp-json\/wp\/v2\/product"}],"about":[{"href":"https:\/\/koningdrone.be\/es\/wp-json\/wp\/v2\/types\/product"}],"wp:featuredmedia":[{"embeddable":true,"href":"https:\/\/koningdrone.be\/es\/wp-json\/wp\/v2\/media\/5956"}],"wp:attachment":[{"href":"https:\/\/koningdrone.be\/es\/wp-json\/wp\/v2\/media?parent=5958"}],"wp:term":[{"taxonomy":"product_brand","embeddable":true,"href":"https:\/\/koningdrone.be\/es\/wp-json\/wp\/v2\/product_brand?post=5958"},{"taxonomy":"product_cat","embeddable":true,"href":"https:\/\/koningdrone.be\/es\/wp-json\/wp\/v2\/product_cat?post=5958"},{"taxonomy":"product_tag","embeddable":true,"href":"https:\/\/koningdrone.be\/es\/wp-json\/wp\/v2\/product_tag?post=5958"}],"curies":[{"name":"wp","href":"https:\/\/api.w.org\/{rel}","templated":true}]}}