{"id":5955,"date":"2022-05-25T20:36:00","date_gmt":"2022-05-25T18:36:00","guid":{"rendered":"https:\/\/koningdrone.nl\/kon\/product\/insta360-one-rs-1-inch-cinrsgp-b\/"},"modified":"2026-05-17T07:50:49","modified_gmt":"2026-05-17T05:50:49","slug":"insta360-one-rs-1-inch-cinrsgp-b","status":"publish","type":"product","link":"https:\/\/koningdrone.be\/es\/producto\/insta360-one-rs-1-inch-cinrsgp-b\/","title":{"rendered":"INSTA360 ONE RS de 1 pulgada (CINRSGP\/B)"},"content":{"rendered":"<h1>   Insta360 One RS de 1 pulgada (CINRSGP\/B) <\/h1>\n<p>Insta360 ONE RS Edici\u00f3n de 1 pulgada Edici\u00f3n de 1 pulgada<br \/>Insta360 es conocida por fabricar algunas de las mejores c\u00e1maras de acci\u00f3n disponibles hasta la fecha y su nueva Insta360 ONE RS 1-Inch Edition 1-Inch Edition no es diferente. Con un nuevo n\u00facleo RS que ofrece una mejor estabilizaci\u00f3n en la c\u00e1mara, audio n\u00edtido y mucho m\u00e1s. La edici\u00f3n de 1 pulgada tiene el sensor de imagen m\u00e1s grande de cualquier c\u00e1mara de acci\u00f3n, ideal para aventureros que quieren capturar m\u00e1s de la acci\u00f3n. La Insta360 One RS tambi\u00e9n est\u00e1 disponible en una edici\u00f3n Boosted 4K y una Twin 360 Edition o el Starter Kit.<br \/>\u00a0 <br \/><strong> Dise\u00f1o de tres piezas<br \/><strong> <br \/>La Insta360 ONE RS 1-Inch Edition utiliza un dise\u00f1o de tres piezas para ofrecer el objetivo intercambiable m\u00e1s vers\u00e1til del mundo. Capaz de transformarse de una c\u00e1mara 360 a una gran angular, puede experimentar una verdadera flexibilidad. El nuevo n\u00facleo RS le permite experimentar esta mayor flexibilidad sin comprometer la estabilizaci\u00f3n en la c\u00e1mara o el audio.<br \/><strong> Nuevo n\u00facleo ONE RS 1-Inch Edition<\/strong> <br \/>La ONE RS 1-Inch Edition mejora la base de las c\u00e1maras de acci\u00f3n anteriores y est\u00e1 dise\u00f1ada con un nuevo n\u00facleo. Mejora el rendimiento general, lo que permite una mejor estabilizaci\u00f3n de la c\u00e1mara y un sonido m\u00e1s n\u00edtido.<br \/>\u00a0 <br \/> Objetivo gran angular de 1 pulgada<br \/>La Insta360 ONE RS 1-inch Edition ha sido desarrollada conjuntamente con Leica. Gracias a su experiencia combinada, Insta360 ha creado un objetivo gran angular de 1 pulgada con el sensor de imagen m\u00e1s grande de todas las c\u00e1maras de acci\u00f3n.<br \/>\u00a0 <br \/> Im\u00e1genes gran angular de 5,3K<br \/>Con el nuevo objetivo gran angular de 1 pulgada, puede hacer fotos gran angular de 5,3K con detalles precisos y colores realistas. Disfruta de una gran calidad incluso con poca luz.<br \/>\u00a0 <br \/>Protectores de lente incorporados<br \/>Las RS est\u00e1n dise\u00f1adas para durar mucho tiempo. Combine la construcci\u00f3n general con los protectores de lente incorporados, el RS est\u00e1 seguro de soportar todas las condiciones.<br \/>\u00a0 <br \/>Soporte de montaje mejorado<br \/>Para una mayor estabilidad cuando se encuentre en medio de la acci\u00f3n, el ONE RS 1-Inch Edition est\u00e1 fabricado con un soporte de montaje mejorado. Ideal para mantener su ONE RS 1-Inch Edition seguro y protegido durante su uso.<br \/>\u00a0 <br \/>Liberaci\u00f3n r\u00e1pida<br \/>El dise\u00f1o de liberaci\u00f3n r\u00e1pida le permite cambiar r\u00e1pidamente de objetivo. Perfecto para cuando est\u00e1s en medio de la acci\u00f3n. Basta con pulsar el bot\u00f3n para abrir el soporte y cambiar de objetivo.<br \/>\u00a0 <br \/>Dise\u00f1o que disipa el calor<br \/>Grabe y capture im\u00e1genes durante m\u00e1s tiempo gracias al dise\u00f1o disipador de calor de la Insta360 ONE RS 1-Inch Edition. Esto mantiene la RS m\u00e1s fr\u00eda durante m\u00e1s tiempo, permiti\u00e9ndote capturar im\u00e1genes de calidad profesional.<br \/>\u00a0 <br \/>Funda de micr\u00f3fono resistente al viento<br \/>Disfrute de un audio mejorado con el ONE RS 1-Inch Edition gracias a la combinaci\u00f3n del nuevo n\u00facleo RS y la cubierta del micr\u00f3fono resistente al viento. Bloquea los fuertes vientos y ayuda a evitar que se capten ruidos no deseados en tus v\u00eddeos.<br \/>\u00a0 <br \/>Bater\u00eda de mayor capacidad<br \/>Gracias a su nuevo n\u00facleo RS y a su dise\u00f1o mejorado de disipaci\u00f3n del calor, la ONE RS 1-Inch Edition tiene una bater\u00eda de mayor capacidad, lo que le permite disparar durante m\u00e1s tiempo sin interrupci\u00f3n.<br \/>\u00a0 <br \/>Estabilizaci\u00f3n del estado de flujo<br \/>La nueva ONE RS 1-Inch Edition ofrece estabilizaci\u00f3n de imagen sin esfuerzo y nivelaci\u00f3n del horizonte en 360\u00b0, independientemente del objetivo que utilice. La estabilizaci\u00f3n FlowState en la c\u00e1mara se ofrece ahora con objetivos gran angular.<br \/>\u00a0 <br \/>4K 60 fps con estado de alimentaci\u00f3n<br \/>Gracias al potente n\u00facleo ONE RS, ahora puede capturar secuencias a c\u00e1mara lenta 4K a 60 fps con todos los objetivos gran angular nuevos y existentes en la c\u00e1mara en el modo de estabilizaci\u00f3n FlowState.<br \/>\u00a0 <br \/>Audio m\u00e1s n\u00edtido<br \/>Con un dise\u00f1o mejorado con tres micr\u00f3fonos, puede capturar el audio que desee. Mientras que el algoritmo de reducci\u00f3n del ruido del viento ayuda a reducir y eliminar el ruido que no quieres.<br \/>\u00a0 <br \/>Creado para la acci\u00f3n<br \/>Insta360 es conocida por hacer c\u00e1maras de acci\u00f3n construidas para la aventura y el dise\u00f1o robusto de la ONE RS 1-Inch Edition no es diferente. La RS es resistente al agua hasta 16 pies, por lo que puede sumergir brevemente su c\u00e1mara de acci\u00f3n en el agua hasta 16 pies sin preocuparse.<\/strong><\/strong><\/p>","protected":false},"excerpt":{"rendered":"<ul>\n<li>Nuevo n\u00facleo One RS<\/li>\n<li>Estabilizaci\u00f3n del estado de flujo<\/li>\n<li>Audio m\u00e1s n\u00edtido<\/li>\n<li>Creado para la acci\u00f3n<\/li>\n<li>USB tipo C<\/li>\n<\/ul>","protected":false},"featured_media":5954,"template":"","meta":{"_acf_changed":false},"product_brand":[],"product_cat":[97,343],"product_tag":[],"class_list":{"0":"post-5955","1":"product","2":"type-product","3":"status-publish","4":"has-post-thumbnail","6":"product_cat-alle-producten","7":"product_cat-insta360","8":"product_shipping_class-outofstock","9":"pa_brand-insta360","10":"pa_series-insta360-go","12":"first","13":"outofstock","14":"taxable","15":"shipping-taxable","16":"product-type-simple"},"acf":[],"yoast_head":"<!-- This site is optimized with the Yoast SEO Premium plugin v27.2 (Yoast SEO v27.2) - https:\/\/yoast.com\/product\/yoast-seo-premium-wordpress\/ -->\n<title>INSTA360 ONE RS 1-Inch (CINRSGP\/B) - koningdrone.be<\/title>\n<meta name=\"robots\" content=\"index, follow, max-snippet:-1, max-image-preview:large, max-video-preview:-1\" \/>\n<link rel=\"canonical\" href=\"https:\/\/koningdrone.be\/es\/producto\/insta360-one-rs-1-inch-cinrsgp-b\/\" \/>\n<meta property=\"og:locale\" content=\"es_ES\" \/>\n<meta property=\"og:type\" content=\"article\" \/>\n<meta property=\"og:title\" content=\"INSTA360 ONE RS 1-Inch (CINRSGP\/B)\" \/>\n<meta property=\"og:description\" content=\"Nieuwe Een RS CoreFlowState StabilisatieScherpere audioGebouwd voor actieUSB-type C\" \/>\n<meta property=\"og:url\" content=\"https:\/\/koningdrone.be\/es\/producto\/insta360-one-rs-1-inch-cinrsgp-b\/\" \/>\n<meta property=\"og:site_name\" content=\"koningdrone.be\" \/>\n<meta property=\"article:modified_time\" content=\"2026-05-17T05:50:49+00:00\" \/>\n<meta property=\"og:image\" content=\"https:\/\/koningdrone.be\/wp-content\/uploads\/sites\/13\/2025\/04\/6970357852987-1.jpg\" \/>\n\t<meta property=\"og:image:width\" content=\"600\" \/>\n\t<meta property=\"og:image:height\" content=\"600\" \/>\n\t<meta property=\"og:image:type\" content=\"image\/jpeg\" \/>\n<meta name=\"twitter:card\" content=\"summary_large_image\" \/>\n<meta name=\"twitter:label1\" content=\"Tiempo de lectura\" \/>\n\t<meta name=\"twitter:data1\" content=\"3 minutos\" \/>\n<script type=\"application\/ld+json\" class=\"yoast-schema-graph\">{\"@context\":\"https:\/\/schema.org\",\"@graph\":[{\"@type\":\"WebPage\",\"@id\":\"https:\/\/koningdrone.be\/product\/insta360-one-rs-1-inch-cinrsgp-b\/\",\"url\":\"https:\/\/koningdrone.be\/product\/insta360-one-rs-1-inch-cinrsgp-b\/\",\"name\":\"INSTA360 ONE RS 1-Inch (CINRSGP\/B) - koningdrone.be\",\"isPartOf\":{\"@id\":\"https:\/\/koningdrone.be\/#website\"},\"primaryImageOfPage\":{\"@id\":\"https:\/\/koningdrone.be\/product\/insta360-one-rs-1-inch-cinrsgp-b\/#primaryimage\"},\"image\":{\"@id\":\"https:\/\/koningdrone.be\/product\/insta360-one-rs-1-inch-cinrsgp-b\/#primaryimage\"},\"thumbnailUrl\":\"https:\/\/koningdrone.be\/wp-content\/uploads\/sites\/13\/2025\/04\/6970357852987-1.jpg\",\"datePublished\":\"2022-05-25T18:36:00+00:00\",\"dateModified\":\"2026-05-17T05:50:49+00:00\",\"breadcrumb\":{\"@id\":\"https:\/\/koningdrone.be\/product\/insta360-one-rs-1-inch-cinrsgp-b\/#breadcrumb\"},\"inLanguage\":\"es\",\"potentialAction\":[{\"@type\":\"ReadAction\",\"target\":[\"https:\/\/koningdrone.be\/product\/insta360-one-rs-1-inch-cinrsgp-b\/\"]}]},{\"@type\":\"ImageObject\",\"inLanguage\":\"es\",\"@id\":\"https:\/\/koningdrone.be\/product\/insta360-one-rs-1-inch-cinrsgp-b\/#primaryimage\",\"url\":\"https:\/\/koningdrone.be\/wp-content\/uploads\/sites\/13\/2025\/04\/6970357852987-1.jpg\",\"contentUrl\":\"https:\/\/koningdrone.be\/wp-content\/uploads\/sites\/13\/2025\/04\/6970357852987-1.jpg\",\"width\":600,\"height\":600},{\"@type\":\"BreadcrumbList\",\"@id\":\"https:\/\/koningdrone.be\/product\/insta360-one-rs-1-inch-cinrsgp-b\/#breadcrumb\",\"itemListElement\":[{\"@type\":\"ListItem\",\"position\":1,\"name\":\"Home\",\"item\":\"https:\/\/koningdrone.be\/\"},{\"@type\":\"ListItem\",\"position\":2,\"name\":\"AVSS Parachute Recovery System for DJI Matrice 300\/350\",\"item\":\"https:\/\/koningdrone.be\/product\/avss-parachute-recovery-system-for-dji-matrice-300-350\/\"},{\"@type\":\"ListItem\",\"position\":3,\"name\":\"Alle producten\",\"item\":\"https:\/\/koningdrone.be\/categorie\/alle-producten\/\"},{\"@type\":\"ListItem\",\"position\":4,\"name\":\"INSTA360 ONE RS 1-Inch (CINRSGP\/B)\"}]},{\"@type\":\"WebSite\",\"@id\":\"https:\/\/koningdrone.be\/#website\",\"url\":\"https:\/\/koningdrone.be\/\",\"name\":\"Koningdrone.be - Uw online specialist in drones, gimbals, camera's en power stations.\",\"description\":\"De webshop in drones en gimbals\",\"publisher\":{\"@id\":\"https:\/\/koningdrone.be\/#organization\"},\"potentialAction\":[{\"@type\":\"SearchAction\",\"target\":{\"@type\":\"EntryPoint\",\"urlTemplate\":\"https:\/\/koningdrone.be\/?s={search_term_string}\"},\"query-input\":{\"@type\":\"PropertyValueSpecification\",\"valueRequired\":true,\"valueName\":\"search_term_string\"}}],\"inLanguage\":\"es\"},{\"@type\":\"Organization\",\"@id\":\"https:\/\/koningdrone.be\/#organization\",\"name\":\"Koningdrone.be\",\"url\":\"https:\/\/koningdrone.be\/\",\"logo\":{\"@type\":\"ImageObject\",\"inLanguage\":\"es\",\"@id\":\"https:\/\/koningdrone.be\/#\/schema\/logo\/image\/\",\"url\":\"https:\/\/koningdrone.be\/wp-content\/uploads\/sites\/13\/2025\/04\/koningdrone-copyright-logo.svg\",\"contentUrl\":\"https:\/\/koningdrone.be\/wp-content\/uploads\/sites\/13\/2025\/04\/koningdrone-copyright-logo.svg\",\"width\":227,\"height\":38,\"caption\":\"Koningdrone.be\"},\"image\":{\"@id\":\"https:\/\/koningdrone.be\/#\/schema\/logo\/image\/\"}}]}<\/script>\n<!-- \/ Yoast SEO Premium plugin. -->","yoast_head_json":{"title":"INSTA360 ONE RS 1-Inch (CINRSGP\/B) - koningdrone.be","robots":{"index":"index","follow":"follow","max-snippet":"max-snippet:-1","max-image-preview":"max-image-preview:large","max-video-preview":"max-video-preview:-1"},"canonical":"https:\/\/koningdrone.be\/es\/producto\/insta360-one-rs-1-inch-cinrsgp-b\/","og_locale":"es_ES","og_type":"article","og_title":"INSTA360 ONE RS 1-Inch (CINRSGP\/B)","og_description":"Nieuwe Een RS CoreFlowState StabilisatieScherpere audioGebouwd voor actieUSB-type C","og_url":"https:\/\/koningdrone.be\/es\/producto\/insta360-one-rs-1-inch-cinrsgp-b\/","og_site_name":"koningdrone.be","article_modified_time":"2026-05-17T05:50:49+00:00","og_image":[{"width":600,"height":600,"url":"https:\/\/koningdrone.be\/wp-content\/uploads\/sites\/13\/2025\/04\/6970357852987-1.jpg","type":"image\/jpeg"}],"twitter_card":"summary_large_image","twitter_misc":{"Tiempo de lectura":"3 minutos"},"schema":{"@context":"https:\/\/schema.org","@graph":[{"@type":"WebPage","@id":"https:\/\/koningdrone.be\/product\/insta360-one-rs-1-inch-cinrsgp-b\/","url":"https:\/\/koningdrone.be\/product\/insta360-one-rs-1-inch-cinrsgp-b\/","name":"INSTA360 ONE RS 1-Inch (CINRSGP\/B) - koningdrone.be","isPartOf":{"@id":"https:\/\/koningdrone.be\/#website"},"primaryImageOfPage":{"@id":"https:\/\/koningdrone.be\/product\/insta360-one-rs-1-inch-cinrsgp-b\/#primaryimage"},"image":{"@id":"https:\/\/koningdrone.be\/product\/insta360-one-rs-1-inch-cinrsgp-b\/#primaryimage"},"thumbnailUrl":"https:\/\/koningdrone.be\/wp-content\/uploads\/sites\/13\/2025\/04\/6970357852987-1.jpg","datePublished":"2022-05-25T18:36:00+00:00","dateModified":"2026-05-17T05:50:49+00:00","breadcrumb":{"@id":"https:\/\/koningdrone.be\/product\/insta360-one-rs-1-inch-cinrsgp-b\/#breadcrumb"},"inLanguage":"es","potentialAction":[{"@type":"ReadAction","target":["https:\/\/koningdrone.be\/product\/insta360-one-rs-1-inch-cinrsgp-b\/"]}]},{"@type":"ImageObject","inLanguage":"es","@id":"https:\/\/koningdrone.be\/product\/insta360-one-rs-1-inch-cinrsgp-b\/#primaryimage","url":"https:\/\/koningdrone.be\/wp-content\/uploads\/sites\/13\/2025\/04\/6970357852987-1.jpg","contentUrl":"https:\/\/koningdrone.be\/wp-content\/uploads\/sites\/13\/2025\/04\/6970357852987-1.jpg","width":600,"height":600},{"@type":"BreadcrumbList","@id":"https:\/\/koningdrone.be\/product\/insta360-one-rs-1-inch-cinrsgp-b\/#breadcrumb","itemListElement":[{"@type":"ListItem","position":1,"name":"Home","item":"https:\/\/koningdrone.be\/"},{"@type":"ListItem","position":2,"name":"AVSS Parachute Recovery System for DJI Matrice 300\/350","item":"https:\/\/koningdrone.be\/product\/avss-parachute-recovery-system-for-dji-matrice-300-350\/"},{"@type":"ListItem","position":3,"name":"Alle producten","item":"https:\/\/koningdrone.be\/categorie\/alle-producten\/"},{"@type":"ListItem","position":4,"name":"INSTA360 ONE RS 1-Inch (CINRSGP\/B)"}]},{"@type":"WebSite","@id":"https:\/\/koningdrone.be\/#website","url":"https:\/\/koningdrone.be\/","name":"Koningdrone.be - Su especialista en l\u00ednea en drones, cardanes, c\u00e1maras y centrales el\u00e9ctricas.","description":"La tienda virtual de drones y cardanes","publisher":{"@id":"https:\/\/koningdrone.be\/#organization"},"potentialAction":[{"@type":"SearchAction","target":{"@type":"EntryPoint","urlTemplate":"https:\/\/koningdrone.be\/?s={search_term_string}"},"query-input":{"@type":"PropertyValueSpecification","valueRequired":true,"valueName":"search_term_string"}}],"inLanguage":"es"},{"@type":"Organization","@id":"https:\/\/koningdrone.be\/#organization","name":"Kingdrone.es","url":"https:\/\/koningdrone.be\/","logo":{"@type":"ImageObject","inLanguage":"es","@id":"https:\/\/koningdrone.be\/#\/schema\/logo\/image\/","url":"https:\/\/koningdrone.be\/wp-content\/uploads\/sites\/13\/2025\/04\/koningdrone-copyright-logo.svg","contentUrl":"https:\/\/koningdrone.be\/wp-content\/uploads\/sites\/13\/2025\/04\/koningdrone-copyright-logo.svg","width":227,"height":38,"caption":"Koningdrone.be"},"image":{"@id":"https:\/\/koningdrone.be\/#\/schema\/logo\/image\/"}}]}},"df_price":"","df_sale_price":"","df_regular_price":"","df_image_link":"https:\/\/koningdrone.be\/wp-content\/uploads\/sites\/13\/2025\/04\/6970357852987-1-300x300.jpg","_links":{"self":[{"href":"https:\/\/koningdrone.be\/es\/wp-json\/wp\/v2\/product\/5955","targetHints":{"allow":["GET"]}}],"collection":[{"href":"https:\/\/koningdrone.be\/es\/wp-json\/wp\/v2\/product"}],"about":[{"href":"https:\/\/koningdrone.be\/es\/wp-json\/wp\/v2\/types\/product"}],"wp:featuredmedia":[{"embeddable":true,"href":"https:\/\/koningdrone.be\/es\/wp-json\/wp\/v2\/media\/5954"}],"wp:attachment":[{"href":"https:\/\/koningdrone.be\/es\/wp-json\/wp\/v2\/media?parent=5955"}],"wp:term":[{"taxonomy":"product_brand","embeddable":true,"href":"https:\/\/koningdrone.be\/es\/wp-json\/wp\/v2\/product_brand?post=5955"},{"taxonomy":"product_cat","embeddable":true,"href":"https:\/\/koningdrone.be\/es\/wp-json\/wp\/v2\/product_cat?post=5955"},{"taxonomy":"product_tag","embeddable":true,"href":"https:\/\/koningdrone.be\/es\/wp-json\/wp\/v2\/product_tag?post=5955"}],"curies":[{"name":"wp","href":"https:\/\/api.w.org\/{rel}","templated":true}]}}