{"id":5933,"date":"2022-05-25T20:36:00","date_gmt":"2022-05-25T18:36:00","guid":{"rendered":"https:\/\/koningdrone.nl\/kon\/product\/insta360-go2-mount-adapter-bundle-cing2cb-h\/"},"modified":"2026-05-16T07:30:49","modified_gmt":"2026-05-16T05:30:49","slug":"insta360-go2-mount-adapter-bundle-cing2cb-h","status":"publish","type":"product","link":"https:\/\/koningdrone.be\/es\/producto\/insta360-go2-mount-adapter-bundle-cing2cb-h\/","title":{"rendered":"INSTA360 GO2 Paquete de adaptadores de montaje (CING2CB\/H)"},"content":{"rendered":"<h1>   Paquete de adaptadores de montura Insta360 GO2 (CING2CB\/H) <\/h1>\n<p>El Insta360 GO 2 Mount Adapter Bundle le permite montar el GO 2 en a\u00fan m\u00e1s lugares y prepararse para la acci\u00f3n. Admite una montura de tornillo de 1\/4\u2033 y accesorios para montaje con dos clavijas. Incluso puedes pegar GO 2 a cualquier superficie con dos bases autoadhesivas.<br \/>\u00a0 <br \/>Incluye tres soportes: un adaptador Action Mount, un Magnetic Prong Mount y un Magnetic Screw Mount (y los accesorios necesarios). El soporte magn\u00e9tico y el soporte de tornillo fijan su GO 2 mediante un im\u00e1n en la parte posterior. El adaptador de montaje de acci\u00f3n fija su GO 2 con un tornillo (incluido).<br \/>\u00a0 <br \/>Evite utilizar la montura de diente magn\u00e9tico y la montura de tornillo magn\u00e9tico en entornos de alta intensidad (como con grandes vibraciones), ya que podr\u00eda provocar que la c\u00e1mara se saliera de la montura. El adaptador de montura de acci\u00f3n es adecuado para todas las acciones.<\/p>","protected":false},"excerpt":{"rendered":"<ul>\n<li>Monte el GO 2 en m\u00e1s lugares y prep\u00e1rese para la acci\u00f3n.<\/li>\n<li>Admite accesorios para montaje con tornillo de 1\/4\u2033 y montaje con 2 pines.<\/li>\n<li>Pega GO 2 a cualquier superficie con dos bases adhesivas.<\/li>\n<\/ul>","protected":false},"featured_media":5929,"template":"","meta":{"_acf_changed":false},"product_brand":[],"product_cat":[97,343],"product_tag":[],"class_list":{"0":"post-5933","1":"product","2":"type-product","3":"status-publish","4":"has-post-thumbnail","6":"product_cat-alle-producten","7":"product_cat-insta360","8":"product_shipping_class-outofstock","9":"pa_brand-insta360","10":"pa_series-insta360-go","12":"first","13":"outofstock","14":"taxable","15":"shipping-taxable","16":"product-type-simple"},"acf":[],"yoast_head":"<!-- This site is optimized with the Yoast SEO Premium plugin v27.2 (Yoast SEO v27.2) - https:\/\/yoast.com\/product\/yoast-seo-premium-wordpress\/ -->\n<title>INSTA360 GO2 Mount Adapter Bundle (CING2CB\/H) - koningdrone.be<\/title>\n<meta name=\"robots\" content=\"index, follow, max-snippet:-1, max-image-preview:large, max-video-preview:-1\" \/>\n<link rel=\"canonical\" href=\"https:\/\/koningdrone.be\/es\/producto\/insta360-go2-mount-adapter-bundle-cing2cb-h\/\" \/>\n<meta property=\"og:locale\" content=\"es_ES\" \/>\n<meta property=\"og:type\" content=\"article\" \/>\n<meta property=\"og:title\" content=\"INSTA360 GO2 Mount Adapter Bundle (CING2CB\/H)\" \/>\n<meta property=\"og:description\" content=\"Monteer de GO 2 op nog meer plekken en bereid je voor op actie.Ondersteunt accessoires voor 1\/4&quot; schroefmontage en 2-pins montage.Plak GO 2 op elk oppervlak met twee zelfklevende basen.\" \/>\n<meta property=\"og:url\" content=\"https:\/\/koningdrone.be\/es\/producto\/insta360-go2-mount-adapter-bundle-cing2cb-h\/\" \/>\n<meta property=\"og:site_name\" content=\"koningdrone.be\" \/>\n<meta property=\"article:modified_time\" content=\"2026-05-16T05:30:49+00:00\" \/>\n<meta property=\"og:image\" content=\"https:\/\/koningdrone.be\/wp-content\/uploads\/sites\/13\/2025\/04\/6970357852826-1.webp\" \/>\n\t<meta property=\"og:image:width\" content=\"600\" \/>\n\t<meta property=\"og:image:height\" content=\"900\" \/>\n\t<meta property=\"og:image:type\" content=\"image\/webp\" \/>\n<meta name=\"twitter:card\" content=\"summary_large_image\" \/>\n<meta name=\"twitter:label1\" content=\"Tiempo de lectura\" \/>\n\t<meta name=\"twitter:data1\" content=\"1 minuto\" \/>\n<script type=\"application\/ld+json\" class=\"yoast-schema-graph\">{\"@context\":\"https:\/\/schema.org\",\"@graph\":[{\"@type\":\"WebPage\",\"@id\":\"https:\/\/koningdrone.be\/product\/insta360-go2-mount-adapter-bundle-cing2cb-h\/\",\"url\":\"https:\/\/koningdrone.be\/product\/insta360-go2-mount-adapter-bundle-cing2cb-h\/\",\"name\":\"INSTA360 GO2 Mount Adapter Bundle (CING2CB\/H) - koningdrone.be\",\"isPartOf\":{\"@id\":\"https:\/\/koningdrone.be\/#website\"},\"primaryImageOfPage\":{\"@id\":\"https:\/\/koningdrone.be\/product\/insta360-go2-mount-adapter-bundle-cing2cb-h\/#primaryimage\"},\"image\":{\"@id\":\"https:\/\/koningdrone.be\/product\/insta360-go2-mount-adapter-bundle-cing2cb-h\/#primaryimage\"},\"thumbnailUrl\":\"https:\/\/koningdrone.be\/wp-content\/uploads\/sites\/13\/2025\/04\/6970357852826-1.webp\",\"datePublished\":\"2022-05-25T18:36:00+00:00\",\"dateModified\":\"2026-05-16T05:30:49+00:00\",\"breadcrumb\":{\"@id\":\"https:\/\/koningdrone.be\/product\/insta360-go2-mount-adapter-bundle-cing2cb-h\/#breadcrumb\"},\"inLanguage\":\"es\",\"potentialAction\":[{\"@type\":\"ReadAction\",\"target\":[\"https:\/\/koningdrone.be\/product\/insta360-go2-mount-adapter-bundle-cing2cb-h\/\"]}]},{\"@type\":\"ImageObject\",\"inLanguage\":\"es\",\"@id\":\"https:\/\/koningdrone.be\/product\/insta360-go2-mount-adapter-bundle-cing2cb-h\/#primaryimage\",\"url\":\"https:\/\/koningdrone.be\/wp-content\/uploads\/sites\/13\/2025\/04\/6970357852826-1.webp\",\"contentUrl\":\"https:\/\/koningdrone.be\/wp-content\/uploads\/sites\/13\/2025\/04\/6970357852826-1.webp\",\"width\":600,\"height\":900},{\"@type\":\"BreadcrumbList\",\"@id\":\"https:\/\/koningdrone.be\/product\/insta360-go2-mount-adapter-bundle-cing2cb-h\/#breadcrumb\",\"itemListElement\":[{\"@type\":\"ListItem\",\"position\":1,\"name\":\"Home\",\"item\":\"https:\/\/koningdrone.be\/\"},{\"@type\":\"ListItem\",\"position\":2,\"name\":\"AVSS Parachute Recovery System for DJI Matrice 300\/350\",\"item\":\"https:\/\/koningdrone.be\/product\/avss-parachute-recovery-system-for-dji-matrice-300-350\/\"},{\"@type\":\"ListItem\",\"position\":3,\"name\":\"Alle producten\",\"item\":\"https:\/\/koningdrone.be\/categorie\/alle-producten\/\"},{\"@type\":\"ListItem\",\"position\":4,\"name\":\"INSTA360 GO2 Mount Adapter Bundle (CING2CB\/H)\"}]},{\"@type\":\"WebSite\",\"@id\":\"https:\/\/koningdrone.be\/#website\",\"url\":\"https:\/\/koningdrone.be\/\",\"name\":\"Koningdrone.be - Uw online specialist in drones, gimbals, camera's en power stations.\",\"description\":\"De webshop in drones en gimbals\",\"publisher\":{\"@id\":\"https:\/\/koningdrone.be\/#organization\"},\"potentialAction\":[{\"@type\":\"SearchAction\",\"target\":{\"@type\":\"EntryPoint\",\"urlTemplate\":\"https:\/\/koningdrone.be\/?s={search_term_string}\"},\"query-input\":{\"@type\":\"PropertyValueSpecification\",\"valueRequired\":true,\"valueName\":\"search_term_string\"}}],\"inLanguage\":\"es\"},{\"@type\":\"Organization\",\"@id\":\"https:\/\/koningdrone.be\/#organization\",\"name\":\"Koningdrone.be\",\"url\":\"https:\/\/koningdrone.be\/\",\"logo\":{\"@type\":\"ImageObject\",\"inLanguage\":\"es\",\"@id\":\"https:\/\/koningdrone.be\/#\/schema\/logo\/image\/\",\"url\":\"https:\/\/koningdrone.be\/wp-content\/uploads\/sites\/13\/2025\/04\/koningdrone-copyright-logo.svg\",\"contentUrl\":\"https:\/\/koningdrone.be\/wp-content\/uploads\/sites\/13\/2025\/04\/koningdrone-copyright-logo.svg\",\"width\":227,\"height\":38,\"caption\":\"Koningdrone.be\"},\"image\":{\"@id\":\"https:\/\/koningdrone.be\/#\/schema\/logo\/image\/\"}}]}<\/script>\n<!-- \/ Yoast SEO Premium plugin. -->","yoast_head_json":{"title":"INSTA360 GO2 Mount Adapter Bundle (CING2CB\/H) - koningdrone.be","robots":{"index":"index","follow":"follow","max-snippet":"max-snippet:-1","max-image-preview":"max-image-preview:large","max-video-preview":"max-video-preview:-1"},"canonical":"https:\/\/koningdrone.be\/es\/producto\/insta360-go2-mount-adapter-bundle-cing2cb-h\/","og_locale":"es_ES","og_type":"article","og_title":"INSTA360 GO2 Mount Adapter Bundle (CING2CB\/H)","og_description":"Monteer de GO 2 op nog meer plekken en bereid je voor op actie.Ondersteunt accessoires voor 1\/4\" schroefmontage en 2-pins montage.Plak GO 2 op elk oppervlak met twee zelfklevende basen.","og_url":"https:\/\/koningdrone.be\/es\/producto\/insta360-go2-mount-adapter-bundle-cing2cb-h\/","og_site_name":"koningdrone.be","article_modified_time":"2026-05-16T05:30:49+00:00","og_image":[{"width":600,"height":900,"url":"https:\/\/koningdrone.be\/wp-content\/uploads\/sites\/13\/2025\/04\/6970357852826-1.webp","type":"image\/webp"}],"twitter_card":"summary_large_image","twitter_misc":{"Tiempo de lectura":"1 minuto"},"schema":{"@context":"https:\/\/schema.org","@graph":[{"@type":"WebPage","@id":"https:\/\/koningdrone.be\/product\/insta360-go2-mount-adapter-bundle-cing2cb-h\/","url":"https:\/\/koningdrone.be\/product\/insta360-go2-mount-adapter-bundle-cing2cb-h\/","name":"INSTA360 GO2 Mount Adapter Bundle (CING2CB\/H) - koningdrone.be","isPartOf":{"@id":"https:\/\/koningdrone.be\/#website"},"primaryImageOfPage":{"@id":"https:\/\/koningdrone.be\/product\/insta360-go2-mount-adapter-bundle-cing2cb-h\/#primaryimage"},"image":{"@id":"https:\/\/koningdrone.be\/product\/insta360-go2-mount-adapter-bundle-cing2cb-h\/#primaryimage"},"thumbnailUrl":"https:\/\/koningdrone.be\/wp-content\/uploads\/sites\/13\/2025\/04\/6970357852826-1.webp","datePublished":"2022-05-25T18:36:00+00:00","dateModified":"2026-05-16T05:30:49+00:00","breadcrumb":{"@id":"https:\/\/koningdrone.be\/product\/insta360-go2-mount-adapter-bundle-cing2cb-h\/#breadcrumb"},"inLanguage":"es","potentialAction":[{"@type":"ReadAction","target":["https:\/\/koningdrone.be\/product\/insta360-go2-mount-adapter-bundle-cing2cb-h\/"]}]},{"@type":"ImageObject","inLanguage":"es","@id":"https:\/\/koningdrone.be\/product\/insta360-go2-mount-adapter-bundle-cing2cb-h\/#primaryimage","url":"https:\/\/koningdrone.be\/wp-content\/uploads\/sites\/13\/2025\/04\/6970357852826-1.webp","contentUrl":"https:\/\/koningdrone.be\/wp-content\/uploads\/sites\/13\/2025\/04\/6970357852826-1.webp","width":600,"height":900},{"@type":"BreadcrumbList","@id":"https:\/\/koningdrone.be\/product\/insta360-go2-mount-adapter-bundle-cing2cb-h\/#breadcrumb","itemListElement":[{"@type":"ListItem","position":1,"name":"Home","item":"https:\/\/koningdrone.be\/"},{"@type":"ListItem","position":2,"name":"AVSS Parachute Recovery System for DJI Matrice 300\/350","item":"https:\/\/koningdrone.be\/product\/avss-parachute-recovery-system-for-dji-matrice-300-350\/"},{"@type":"ListItem","position":3,"name":"Alle producten","item":"https:\/\/koningdrone.be\/categorie\/alle-producten\/"},{"@type":"ListItem","position":4,"name":"INSTA360 GO2 Mount Adapter Bundle (CING2CB\/H)"}]},{"@type":"WebSite","@id":"https:\/\/koningdrone.be\/#website","url":"https:\/\/koningdrone.be\/","name":"Koningdrone.be - Su especialista en l\u00ednea en drones, cardanes, c\u00e1maras y centrales el\u00e9ctricas.","description":"La tienda virtual de drones y cardanes","publisher":{"@id":"https:\/\/koningdrone.be\/#organization"},"potentialAction":[{"@type":"SearchAction","target":{"@type":"EntryPoint","urlTemplate":"https:\/\/koningdrone.be\/?s={search_term_string}"},"query-input":{"@type":"PropertyValueSpecification","valueRequired":true,"valueName":"search_term_string"}}],"inLanguage":"es"},{"@type":"Organization","@id":"https:\/\/koningdrone.be\/#organization","name":"Kingdrone.es","url":"https:\/\/koningdrone.be\/","logo":{"@type":"ImageObject","inLanguage":"es","@id":"https:\/\/koningdrone.be\/#\/schema\/logo\/image\/","url":"https:\/\/koningdrone.be\/wp-content\/uploads\/sites\/13\/2025\/04\/koningdrone-copyright-logo.svg","contentUrl":"https:\/\/koningdrone.be\/wp-content\/uploads\/sites\/13\/2025\/04\/koningdrone-copyright-logo.svg","width":227,"height":38,"caption":"Koningdrone.be"},"image":{"@id":"https:\/\/koningdrone.be\/#\/schema\/logo\/image\/"}}]}},"df_price":"","df_sale_price":"","df_regular_price":"","df_image_link":"https:\/\/koningdrone.be\/wp-content\/uploads\/sites\/13\/2025\/04\/6970357852826-1-200x300.webp","_links":{"self":[{"href":"https:\/\/koningdrone.be\/es\/wp-json\/wp\/v2\/product\/5933","targetHints":{"allow":["GET"]}}],"collection":[{"href":"https:\/\/koningdrone.be\/es\/wp-json\/wp\/v2\/product"}],"about":[{"href":"https:\/\/koningdrone.be\/es\/wp-json\/wp\/v2\/types\/product"}],"wp:featuredmedia":[{"embeddable":true,"href":"https:\/\/koningdrone.be\/es\/wp-json\/wp\/v2\/media\/5929"}],"wp:attachment":[{"href":"https:\/\/koningdrone.be\/es\/wp-json\/wp\/v2\/media?parent=5933"}],"wp:term":[{"taxonomy":"product_brand","embeddable":true,"href":"https:\/\/koningdrone.be\/es\/wp-json\/wp\/v2\/product_brand?post=5933"},{"taxonomy":"product_cat","embeddable":true,"href":"https:\/\/koningdrone.be\/es\/wp-json\/wp\/v2\/product_cat?post=5933"},{"taxonomy":"product_tag","embeddable":true,"href":"https:\/\/koningdrone.be\/es\/wp-json\/wp\/v2\/product_tag?post=5933"}],"curies":[{"name":"wp","href":"https:\/\/api.w.org\/{rel}","templated":true}]}}