{"id":5920,"date":"2022-05-25T20:36:16","date_gmt":"2022-05-25T18:36:16","guid":{"rendered":"https:\/\/koningdrone.nl\/kon\/product\/insta360-one-x2-bullet-time-cord-cinx2cb-c\/"},"modified":"2026-05-17T07:30:46","modified_gmt":"2026-05-17T05:30:46","slug":"insta360-one-x2-bullet-time-cord-cinx2cb-c","status":"publish","type":"product","link":"https:\/\/koningdrone.be\/es\/producto\/insta360-one-x2-bullet-time-cord-cinx2cb-c\/","title":{"rendered":"INSTA360 ONE X2 Bullet Time Cord (CINX2CB\/C)"},"content":{"rendered":"<h1>   Insta360 One X2 Bullet Time Cord (CINX2CB\/C) <\/h1>\n<p>El Insta360 Bullet Time Cord For One X2 es f\u00e1cil de instalar y le permite capturar r\u00e1pidamente im\u00e1genes emocionantes con su c\u00e1mara compatible.<br \/>\u00a0 <br \/>Nota: c\u00e1mara no incluida.<\/p>","protected":false},"excerpt":{"rendered":"<ul>\n<li>El cable retr\u00e1ctil facilita el enrollado de One X2 alrededor de la cabeza<\/li>\n<li>Dise\u00f1o peque\u00f1o y compacto para ocupar menos espacio de almacenamiento<\/li>\n<li>La carcasa de goma integrada evita que el puerto de rosca da\u00f1e la c\u00e1mara<\/li>\n<\/ul>","protected":false},"featured_media":5917,"template":"","meta":{"_acf_changed":false},"product_brand":[],"product_cat":[97,343],"product_tag":[],"class_list":{"0":"post-5920","1":"product","2":"type-product","3":"status-publish","4":"has-post-thumbnail","6":"product_cat-alle-producten","7":"product_cat-insta360","8":"product_shipping_class-outofstock","9":"pa_brand-insta360","10":"pa_series-insta360-go","12":"first","13":"outofstock","14":"taxable","15":"shipping-taxable","16":"product-type-simple"},"acf":[],"yoast_head":"<!-- This site is optimized with the Yoast SEO Premium plugin v27.2 (Yoast SEO v27.2) - https:\/\/yoast.com\/product\/yoast-seo-premium-wordpress\/ -->\n<title>INSTA360 ONE X2 Bullet Time Cord (CINX2CB\/C) - koningdrone.be<\/title>\n<meta name=\"robots\" content=\"index, follow, max-snippet:-1, max-image-preview:large, max-video-preview:-1\" \/>\n<link rel=\"canonical\" href=\"https:\/\/koningdrone.be\/es\/producto\/insta360-one-x2-bullet-time-cord-cinx2cb-c\/\" \/>\n<meta property=\"og:locale\" content=\"es_ES\" \/>\n<meta property=\"og:type\" content=\"article\" \/>\n<meta property=\"og:title\" content=\"INSTA360 ONE X2 Bullet Time Cord (CINX2CB\/C)\" \/>\n<meta property=\"og:description\" content=\"Dankzij het intrekbare snoer kun je je One X2 gemakkelijk om je hoofd draaienKlein en compact ontwerp voor een kleinere voetafdruk bij opslagIngebouwde rubberen behuizing helpt voorkomen dat de schroefpoort uw camera beschadigt\" \/>\n<meta property=\"og:url\" content=\"https:\/\/koningdrone.be\/es\/producto\/insta360-one-x2-bullet-time-cord-cinx2cb-c\/\" \/>\n<meta property=\"og:site_name\" content=\"koningdrone.be\" \/>\n<meta property=\"article:modified_time\" content=\"2026-05-17T05:30:46+00:00\" \/>\n<meta property=\"og:image\" content=\"https:\/\/koningdrone.be\/wp-content\/uploads\/sites\/13\/2025\/04\/6970357852291-1.jpg\" \/>\n\t<meta property=\"og:image:width\" content=\"600\" \/>\n\t<meta property=\"og:image:height\" content=\"338\" \/>\n\t<meta property=\"og:image:type\" content=\"image\/jpeg\" \/>\n<meta name=\"twitter:card\" content=\"summary_large_image\" \/>\n<script type=\"application\/ld+json\" class=\"yoast-schema-graph\">{\"@context\":\"https:\/\/schema.org\",\"@graph\":[{\"@type\":\"WebPage\",\"@id\":\"https:\/\/koningdrone.be\/product\/insta360-one-x2-bullet-time-cord-cinx2cb-c\/\",\"url\":\"https:\/\/koningdrone.be\/product\/insta360-one-x2-bullet-time-cord-cinx2cb-c\/\",\"name\":\"INSTA360 ONE X2 Bullet Time Cord (CINX2CB\/C) - koningdrone.be\",\"isPartOf\":{\"@id\":\"https:\/\/koningdrone.be\/#website\"},\"primaryImageOfPage\":{\"@id\":\"https:\/\/koningdrone.be\/product\/insta360-one-x2-bullet-time-cord-cinx2cb-c\/#primaryimage\"},\"image\":{\"@id\":\"https:\/\/koningdrone.be\/product\/insta360-one-x2-bullet-time-cord-cinx2cb-c\/#primaryimage\"},\"thumbnailUrl\":\"https:\/\/koningdrone.be\/wp-content\/uploads\/sites\/13\/2025\/04\/6970357852291-1.jpg\",\"datePublished\":\"2022-05-25T18:36:16+00:00\",\"dateModified\":\"2026-05-17T05:30:46+00:00\",\"breadcrumb\":{\"@id\":\"https:\/\/koningdrone.be\/product\/insta360-one-x2-bullet-time-cord-cinx2cb-c\/#breadcrumb\"},\"inLanguage\":\"es\",\"potentialAction\":[{\"@type\":\"ReadAction\",\"target\":[\"https:\/\/koningdrone.be\/product\/insta360-one-x2-bullet-time-cord-cinx2cb-c\/\"]}]},{\"@type\":\"ImageObject\",\"inLanguage\":\"es\",\"@id\":\"https:\/\/koningdrone.be\/product\/insta360-one-x2-bullet-time-cord-cinx2cb-c\/#primaryimage\",\"url\":\"https:\/\/koningdrone.be\/wp-content\/uploads\/sites\/13\/2025\/04\/6970357852291-1.jpg\",\"contentUrl\":\"https:\/\/koningdrone.be\/wp-content\/uploads\/sites\/13\/2025\/04\/6970357852291-1.jpg\",\"width\":600,\"height\":338},{\"@type\":\"BreadcrumbList\",\"@id\":\"https:\/\/koningdrone.be\/product\/insta360-one-x2-bullet-time-cord-cinx2cb-c\/#breadcrumb\",\"itemListElement\":[{\"@type\":\"ListItem\",\"position\":1,\"name\":\"Home\",\"item\":\"https:\/\/koningdrone.be\/\"},{\"@type\":\"ListItem\",\"position\":2,\"name\":\"AVSS Parachute Recovery System for DJI Matrice 300\/350\",\"item\":\"https:\/\/koningdrone.be\/product\/avss-parachute-recovery-system-for-dji-matrice-300-350\/\"},{\"@type\":\"ListItem\",\"position\":3,\"name\":\"Alle producten\",\"item\":\"https:\/\/koningdrone.be\/categorie\/alle-producten\/\"},{\"@type\":\"ListItem\",\"position\":4,\"name\":\"INSTA360 ONE X2 Bullet Time Cord (CINX2CB\/C)\"}]},{\"@type\":\"WebSite\",\"@id\":\"https:\/\/koningdrone.be\/#website\",\"url\":\"https:\/\/koningdrone.be\/\",\"name\":\"Koningdrone.be - Uw online specialist in drones, gimbals, camera's en power stations.\",\"description\":\"De webshop in drones en gimbals\",\"publisher\":{\"@id\":\"https:\/\/koningdrone.be\/#organization\"},\"potentialAction\":[{\"@type\":\"SearchAction\",\"target\":{\"@type\":\"EntryPoint\",\"urlTemplate\":\"https:\/\/koningdrone.be\/?s={search_term_string}\"},\"query-input\":{\"@type\":\"PropertyValueSpecification\",\"valueRequired\":true,\"valueName\":\"search_term_string\"}}],\"inLanguage\":\"es\"},{\"@type\":\"Organization\",\"@id\":\"https:\/\/koningdrone.be\/#organization\",\"name\":\"Koningdrone.be\",\"url\":\"https:\/\/koningdrone.be\/\",\"logo\":{\"@type\":\"ImageObject\",\"inLanguage\":\"es\",\"@id\":\"https:\/\/koningdrone.be\/#\/schema\/logo\/image\/\",\"url\":\"https:\/\/koningdrone.be\/wp-content\/uploads\/sites\/13\/2025\/04\/koningdrone-copyright-logo.svg\",\"contentUrl\":\"https:\/\/koningdrone.be\/wp-content\/uploads\/sites\/13\/2025\/04\/koningdrone-copyright-logo.svg\",\"width\":227,\"height\":38,\"caption\":\"Koningdrone.be\"},\"image\":{\"@id\":\"https:\/\/koningdrone.be\/#\/schema\/logo\/image\/\"}}]}<\/script>\n<!-- \/ Yoast SEO Premium plugin. -->","yoast_head_json":{"title":"INSTA360 ONE X2 Bullet Time Cord (CINX2CB\/C) - koningdrone.be","robots":{"index":"index","follow":"follow","max-snippet":"max-snippet:-1","max-image-preview":"max-image-preview:large","max-video-preview":"max-video-preview:-1"},"canonical":"https:\/\/koningdrone.be\/es\/producto\/insta360-one-x2-bullet-time-cord-cinx2cb-c\/","og_locale":"es_ES","og_type":"article","og_title":"INSTA360 ONE X2 Bullet Time Cord (CINX2CB\/C)","og_description":"Dankzij het intrekbare snoer kun je je One X2 gemakkelijk om je hoofd draaienKlein en compact ontwerp voor een kleinere voetafdruk bij opslagIngebouwde rubberen behuizing helpt voorkomen dat de schroefpoort uw camera beschadigt","og_url":"https:\/\/koningdrone.be\/es\/producto\/insta360-one-x2-bullet-time-cord-cinx2cb-c\/","og_site_name":"koningdrone.be","article_modified_time":"2026-05-17T05:30:46+00:00","og_image":[{"width":600,"height":338,"url":"https:\/\/koningdrone.be\/wp-content\/uploads\/sites\/13\/2025\/04\/6970357852291-1.jpg","type":"image\/jpeg"}],"twitter_card":"summary_large_image","schema":{"@context":"https:\/\/schema.org","@graph":[{"@type":"WebPage","@id":"https:\/\/koningdrone.be\/product\/insta360-one-x2-bullet-time-cord-cinx2cb-c\/","url":"https:\/\/koningdrone.be\/product\/insta360-one-x2-bullet-time-cord-cinx2cb-c\/","name":"INSTA360 ONE X2 Bullet Time Cord (CINX2CB\/C) - koningdrone.be","isPartOf":{"@id":"https:\/\/koningdrone.be\/#website"},"primaryImageOfPage":{"@id":"https:\/\/koningdrone.be\/product\/insta360-one-x2-bullet-time-cord-cinx2cb-c\/#primaryimage"},"image":{"@id":"https:\/\/koningdrone.be\/product\/insta360-one-x2-bullet-time-cord-cinx2cb-c\/#primaryimage"},"thumbnailUrl":"https:\/\/koningdrone.be\/wp-content\/uploads\/sites\/13\/2025\/04\/6970357852291-1.jpg","datePublished":"2022-05-25T18:36:16+00:00","dateModified":"2026-05-17T05:30:46+00:00","breadcrumb":{"@id":"https:\/\/koningdrone.be\/product\/insta360-one-x2-bullet-time-cord-cinx2cb-c\/#breadcrumb"},"inLanguage":"es","potentialAction":[{"@type":"ReadAction","target":["https:\/\/koningdrone.be\/product\/insta360-one-x2-bullet-time-cord-cinx2cb-c\/"]}]},{"@type":"ImageObject","inLanguage":"es","@id":"https:\/\/koningdrone.be\/product\/insta360-one-x2-bullet-time-cord-cinx2cb-c\/#primaryimage","url":"https:\/\/koningdrone.be\/wp-content\/uploads\/sites\/13\/2025\/04\/6970357852291-1.jpg","contentUrl":"https:\/\/koningdrone.be\/wp-content\/uploads\/sites\/13\/2025\/04\/6970357852291-1.jpg","width":600,"height":338},{"@type":"BreadcrumbList","@id":"https:\/\/koningdrone.be\/product\/insta360-one-x2-bullet-time-cord-cinx2cb-c\/#breadcrumb","itemListElement":[{"@type":"ListItem","position":1,"name":"Home","item":"https:\/\/koningdrone.be\/"},{"@type":"ListItem","position":2,"name":"AVSS Parachute Recovery System for DJI Matrice 300\/350","item":"https:\/\/koningdrone.be\/product\/avss-parachute-recovery-system-for-dji-matrice-300-350\/"},{"@type":"ListItem","position":3,"name":"Alle producten","item":"https:\/\/koningdrone.be\/categorie\/alle-producten\/"},{"@type":"ListItem","position":4,"name":"INSTA360 ONE X2 Bullet Time Cord (CINX2CB\/C)"}]},{"@type":"WebSite","@id":"https:\/\/koningdrone.be\/#website","url":"https:\/\/koningdrone.be\/","name":"Koningdrone.be - Su especialista en l\u00ednea en drones, cardanes, c\u00e1maras y centrales el\u00e9ctricas.","description":"La tienda virtual de drones y cardanes","publisher":{"@id":"https:\/\/koningdrone.be\/#organization"},"potentialAction":[{"@type":"SearchAction","target":{"@type":"EntryPoint","urlTemplate":"https:\/\/koningdrone.be\/?s={search_term_string}"},"query-input":{"@type":"PropertyValueSpecification","valueRequired":true,"valueName":"search_term_string"}}],"inLanguage":"es"},{"@type":"Organization","@id":"https:\/\/koningdrone.be\/#organization","name":"Kingdrone.es","url":"https:\/\/koningdrone.be\/","logo":{"@type":"ImageObject","inLanguage":"es","@id":"https:\/\/koningdrone.be\/#\/schema\/logo\/image\/","url":"https:\/\/koningdrone.be\/wp-content\/uploads\/sites\/13\/2025\/04\/koningdrone-copyright-logo.svg","contentUrl":"https:\/\/koningdrone.be\/wp-content\/uploads\/sites\/13\/2025\/04\/koningdrone-copyright-logo.svg","width":227,"height":38,"caption":"Koningdrone.be"},"image":{"@id":"https:\/\/koningdrone.be\/#\/schema\/logo\/image\/"}}]}},"df_price":"","df_sale_price":"","df_regular_price":"","df_image_link":"https:\/\/koningdrone.be\/wp-content\/uploads\/sites\/13\/2025\/04\/6970357852291-1-300x169.jpg","_links":{"self":[{"href":"https:\/\/koningdrone.be\/es\/wp-json\/wp\/v2\/product\/5920","targetHints":{"allow":["GET"]}}],"collection":[{"href":"https:\/\/koningdrone.be\/es\/wp-json\/wp\/v2\/product"}],"about":[{"href":"https:\/\/koningdrone.be\/es\/wp-json\/wp\/v2\/types\/product"}],"wp:featuredmedia":[{"embeddable":true,"href":"https:\/\/koningdrone.be\/es\/wp-json\/wp\/v2\/media\/5917"}],"wp:attachment":[{"href":"https:\/\/koningdrone.be\/es\/wp-json\/wp\/v2\/media?parent=5920"}],"wp:term":[{"taxonomy":"product_brand","embeddable":true,"href":"https:\/\/koningdrone.be\/es\/wp-json\/wp\/v2\/product_brand?post=5920"},{"taxonomy":"product_cat","embeddable":true,"href":"https:\/\/koningdrone.be\/es\/wp-json\/wp\/v2\/product_cat?post=5920"},{"taxonomy":"product_tag","embeddable":true,"href":"https:\/\/koningdrone.be\/es\/wp-json\/wp\/v2\/product_tag?post=5920"}],"curies":[{"name":"wp","href":"https:\/\/api.w.org\/{rel}","templated":true}]}}