{"id":5912,"date":"2022-05-25T20:36:16","date_gmt":"2022-05-25T20:36:16","guid":{"rendered":"https:\/\/koningdrone.nl\/kon\/product\/insta360-trio-edition-cinorc4-a-cinakgp-a\/"},"modified":"2025-04-29T12:51:33","modified_gmt":"2025-04-29T12:51:33","slug":"insta360-trio-edition-cinorc4-a-cinakgp-a","status":"publish","type":"product","link":"https:\/\/koningdrone.be\/es\/producto\/insta360-trio-edition-cinorc4-a-cinakgp-a\/","title":{"rendered":"INSTA360 Edici\u00f3n Tr\u00edo (CINORC4\/A, CINAKGP\/A)"},"content":{"rendered":"<h1>   Insta360 Edici\u00f3n Tr\u00edo (CINORC4\/A, CINAKGP\/A) <\/h1>\n<p>Dos magn\u00edficos modos de disparo 5,7K 360 + 4K gran angular<br \/>ONE R Twin Edition se transforma de una c\u00e1mara de 360 grados a un objetivo gran angular 4K60fps en un abrir y cerrar de ojos. En funci\u00f3n de tus necesidades, siempre tendr\u00e1s la herramienta adecuada para capturar la acci\u00f3n.<br \/><strong> Tomas ultra n\u00edtidas de 5,7K<\/strong> <br \/>Detalles<br \/>Con una resoluci\u00f3n de 5,7K, la lente dual 360 Mod de ONE R establece nuevos est\u00e1ndares en la optimizaci\u00f3n H.265 para conseguir detalles y optimizar la grabaci\u00f3n.<br \/>Punto a pista + pista profunda<br \/>Seguimiento autom\u00e1tico: m\u00e1s f\u00e1cil<br \/>Con s\u00f3lo un toque o una orden de voz, podr\u00e1 seguir un objeto. El algoritmo de seguimiento basado en inteligencia artificial de ONE R mantiene siempre el objeto en el centro de la acci\u00f3n de forma totalmente autom\u00e1tica. Incluso si el objeto queda cubierto por un obst\u00e1culo, ONE R puede recordarlo y comienza a seguirlo de nuevo en cuanto reaparece en el campo de visi\u00f3n.<br \/>\u00a0 <br \/><strong> Postprocesado FlashCut KI<\/strong> <br \/>M\u00e1s acci\u00f3n, menos edici\u00f3n<br \/>La aplicaci\u00f3n One R utiliza la tecnolog\u00eda FlashCut de KI para seleccionar tus mejores fotos y editarlas al ritmo de la m\u00fasica. FlashCut analiza el sujeto, la calidad y el tiempo de grabaci\u00f3n para crear clips que se pueden compartir al instante.<br \/><strong> IPX8 resistente al agua - sumergible hasta 5 metros<\/strong> <br \/>\u00a0 <br \/>El One R es resistente al agua hasta 5 metros IPX8. Tanto si est\u00e1s en la piscina como en un d\u00eda lluvioso, el ONE R siempre est\u00e1 listo para usar.<\/p>","protected":false},"excerpt":{"rendered":"<ul>\n<li>5,7K Grabaci\u00f3n en 360<\/li>\n<li>Gran angular 4K<\/li>\n<li>Estabilizaci\u00f3n de FlowState<\/li>\n<li>Resistente al agua<\/li>\n<li>Palo selfie invisible<\/li>\n<li>Hiperlapsos<\/li>\n<li>Punto a punto<\/li>\n<li>Foto HDR<\/li>\n<li>Toma nocturna<\/li>\n<\/ul>","protected":false},"featured_media":0,"template":"","meta":{"_acf_changed":false},"product_brand":[],"product_cat":[97,343],"product_tag":[],"class_list":{"0":"post-5912","1":"product","2":"type-product","3":"status-publish","5":"product_cat-alle-producten","6":"product_cat-insta360","7":"pa_brand-insta360","8":"pa_series-insta360-go","10":"first","11":"outofstock","12":"taxable","13":"shipping-taxable","14":"product-type-simple"},"acf":[],"yoast_head":"<!-- This site is optimized with the Yoast SEO Premium plugin v27.2 (Yoast SEO v27.2) - https:\/\/yoast.com\/product\/yoast-seo-premium-wordpress\/ -->\n<title>INSTA360 Trio Edition (CINORC4\/A, CINAKGP\/A) - koningdrone.be<\/title>\n<meta name=\"robots\" content=\"index, follow, max-snippet:-1, max-image-preview:large, max-video-preview:-1\" \/>\n<link rel=\"canonical\" href=\"https:\/\/koningdrone.be\/es\/producto\/insta360-trio-edition-cinorc4-a-cinakgp-a\/\" \/>\n<meta property=\"og:locale\" content=\"es_ES\" \/>\n<meta property=\"og:type\" content=\"article\" \/>\n<meta property=\"og:title\" content=\"INSTA360 Trio Edition (CINORC4\/A, CINAKGP\/A)\" \/>\n<meta property=\"og:description\" content=\"5.7K 360 \u00b0 opname4K groothoekFlowState-stabilisatieWaterbestendigOnzichtbare selfiestickHyperlapsesPunt-naar-spoorHDR-fotoNachtopname\" \/>\n<meta property=\"og:url\" content=\"https:\/\/koningdrone.be\/es\/producto\/insta360-trio-edition-cinorc4-a-cinakgp-a\/\" \/>\n<meta property=\"og:site_name\" content=\"koningdrone.be\" \/>\n<meta property=\"article:modified_time\" content=\"2025-04-29T12:51:33+00:00\" \/>\n<meta name=\"twitter:card\" content=\"summary_large_image\" \/>\n<meta name=\"twitter:label1\" content=\"Tiempo de lectura\" \/>\n\t<meta name=\"twitter:data1\" content=\"1 minuto\" \/>\n<script type=\"application\/ld+json\" class=\"yoast-schema-graph\">{\"@context\":\"https:\/\/schema.org\",\"@graph\":[{\"@type\":\"WebPage\",\"@id\":\"https:\/\/koningdrone.be\/product\/insta360-trio-edition-cinorc4-a-cinakgp-a\/\",\"url\":\"https:\/\/koningdrone.be\/product\/insta360-trio-edition-cinorc4-a-cinakgp-a\/\",\"name\":\"INSTA360 Trio Edition (CINORC4\/A, CINAKGP\/A) - koningdrone.be\",\"isPartOf\":{\"@id\":\"https:\/\/koningdrone.be\/#website\"},\"datePublished\":\"2022-05-25T20:36:16+00:00\",\"dateModified\":\"2025-04-29T12:51:33+00:00\",\"breadcrumb\":{\"@id\":\"https:\/\/koningdrone.be\/product\/insta360-trio-edition-cinorc4-a-cinakgp-a\/#breadcrumb\"},\"inLanguage\":\"es\",\"potentialAction\":[{\"@type\":\"ReadAction\",\"target\":[\"https:\/\/koningdrone.be\/product\/insta360-trio-edition-cinorc4-a-cinakgp-a\/\"]}]},{\"@type\":\"BreadcrumbList\",\"@id\":\"https:\/\/koningdrone.be\/product\/insta360-trio-edition-cinorc4-a-cinakgp-a\/#breadcrumb\",\"itemListElement\":[{\"@type\":\"ListItem\",\"position\":1,\"name\":\"Home\",\"item\":\"https:\/\/koningdrone.be\/\"},{\"@type\":\"ListItem\",\"position\":2,\"name\":\"AVSS Parachute Recovery System for DJI Matrice 300\/350\",\"item\":\"https:\/\/koningdrone.be\/product\/avss-parachute-recovery-system-for-dji-matrice-300-350\/\"},{\"@type\":\"ListItem\",\"position\":3,\"name\":\"Alle producten\",\"item\":\"https:\/\/koningdrone.be\/categorie\/alle-producten\/\"},{\"@type\":\"ListItem\",\"position\":4,\"name\":\"INSTA360 Trio Edition (CINORC4\/A, CINAKGP\/A)\"}]},{\"@type\":\"WebSite\",\"@id\":\"https:\/\/koningdrone.be\/#website\",\"url\":\"https:\/\/koningdrone.be\/\",\"name\":\"Koningdrone.be - Uw online specialist in drones, gimbals, camera's en power stations.\",\"description\":\"De webshop in drones en gimbals\",\"publisher\":{\"@id\":\"https:\/\/koningdrone.be\/#organization\"},\"potentialAction\":[{\"@type\":\"SearchAction\",\"target\":{\"@type\":\"EntryPoint\",\"urlTemplate\":\"https:\/\/koningdrone.be\/?s={search_term_string}\"},\"query-input\":{\"@type\":\"PropertyValueSpecification\",\"valueRequired\":true,\"valueName\":\"search_term_string\"}}],\"inLanguage\":\"es\"},{\"@type\":\"Organization\",\"@id\":\"https:\/\/koningdrone.be\/#organization\",\"name\":\"Koningdrone.be\",\"url\":\"https:\/\/koningdrone.be\/\",\"logo\":{\"@type\":\"ImageObject\",\"inLanguage\":\"es\",\"@id\":\"https:\/\/koningdrone.be\/#\/schema\/logo\/image\/\",\"url\":\"https:\/\/koningdrone.be\/wp-content\/uploads\/sites\/13\/2025\/04\/koningdrone-copyright-logo.svg\",\"contentUrl\":\"https:\/\/koningdrone.be\/wp-content\/uploads\/sites\/13\/2025\/04\/koningdrone-copyright-logo.svg\",\"width\":227,\"height\":38,\"caption\":\"Koningdrone.be\"},\"image\":{\"@id\":\"https:\/\/koningdrone.be\/#\/schema\/logo\/image\/\"}}]}<\/script>\n<!-- \/ Yoast SEO Premium plugin. -->","yoast_head_json":{"title":"INSTA360 Trio Edition (CINORC4\/A, CINAKGP\/A) - koningdrone.be","robots":{"index":"index","follow":"follow","max-snippet":"max-snippet:-1","max-image-preview":"max-image-preview:large","max-video-preview":"max-video-preview:-1"},"canonical":"https:\/\/koningdrone.be\/es\/producto\/insta360-trio-edition-cinorc4-a-cinakgp-a\/","og_locale":"es_ES","og_type":"article","og_title":"INSTA360 Trio Edition (CINORC4\/A, CINAKGP\/A)","og_description":"5.7K 360 \u00b0 opname4K groothoekFlowState-stabilisatieWaterbestendigOnzichtbare selfiestickHyperlapsesPunt-naar-spoorHDR-fotoNachtopname","og_url":"https:\/\/koningdrone.be\/es\/producto\/insta360-trio-edition-cinorc4-a-cinakgp-a\/","og_site_name":"koningdrone.be","article_modified_time":"2025-04-29T12:51:33+00:00","twitter_card":"summary_large_image","twitter_misc":{"Tiempo de lectura":"1 minuto"},"schema":{"@context":"https:\/\/schema.org","@graph":[{"@type":"WebPage","@id":"https:\/\/koningdrone.be\/product\/insta360-trio-edition-cinorc4-a-cinakgp-a\/","url":"https:\/\/koningdrone.be\/product\/insta360-trio-edition-cinorc4-a-cinakgp-a\/","name":"INSTA360 Trio Edition (CINORC4\/A, CINAKGP\/A) - koningdrone.be","isPartOf":{"@id":"https:\/\/koningdrone.be\/#website"},"datePublished":"2022-05-25T20:36:16+00:00","dateModified":"2025-04-29T12:51:33+00:00","breadcrumb":{"@id":"https:\/\/koningdrone.be\/product\/insta360-trio-edition-cinorc4-a-cinakgp-a\/#breadcrumb"},"inLanguage":"es","potentialAction":[{"@type":"ReadAction","target":["https:\/\/koningdrone.be\/product\/insta360-trio-edition-cinorc4-a-cinakgp-a\/"]}]},{"@type":"BreadcrumbList","@id":"https:\/\/koningdrone.be\/product\/insta360-trio-edition-cinorc4-a-cinakgp-a\/#breadcrumb","itemListElement":[{"@type":"ListItem","position":1,"name":"Home","item":"https:\/\/koningdrone.be\/"},{"@type":"ListItem","position":2,"name":"AVSS Parachute Recovery System for DJI Matrice 300\/350","item":"https:\/\/koningdrone.be\/product\/avss-parachute-recovery-system-for-dji-matrice-300-350\/"},{"@type":"ListItem","position":3,"name":"Alle producten","item":"https:\/\/koningdrone.be\/categorie\/alle-producten\/"},{"@type":"ListItem","position":4,"name":"INSTA360 Trio Edition (CINORC4\/A, CINAKGP\/A)"}]},{"@type":"WebSite","@id":"https:\/\/koningdrone.be\/#website","url":"https:\/\/koningdrone.be\/","name":"Koningdrone.be - Su especialista en l\u00ednea en drones, cardanes, c\u00e1maras y centrales el\u00e9ctricas.","description":"La tienda virtual de drones y cardanes","publisher":{"@id":"https:\/\/koningdrone.be\/#organization"},"potentialAction":[{"@type":"SearchAction","target":{"@type":"EntryPoint","urlTemplate":"https:\/\/koningdrone.be\/?s={search_term_string}"},"query-input":{"@type":"PropertyValueSpecification","valueRequired":true,"valueName":"search_term_string"}}],"inLanguage":"es"},{"@type":"Organization","@id":"https:\/\/koningdrone.be\/#organization","name":"Kingdrone.es","url":"https:\/\/koningdrone.be\/","logo":{"@type":"ImageObject","inLanguage":"es","@id":"https:\/\/koningdrone.be\/#\/schema\/logo\/image\/","url":"https:\/\/koningdrone.be\/wp-content\/uploads\/sites\/13\/2025\/04\/koningdrone-copyright-logo.svg","contentUrl":"https:\/\/koningdrone.be\/wp-content\/uploads\/sites\/13\/2025\/04\/koningdrone-copyright-logo.svg","width":227,"height":38,"caption":"Koningdrone.be"},"image":{"@id":"https:\/\/koningdrone.be\/#\/schema\/logo\/image\/"}}]}},"df_price":"","df_sale_price":"","df_regular_price":"","df_image_link":"https:\/\/koningdrone.be\/wp-content\/uploads\/sites\/13\/woocommerce-placeholder-300x300.png","_links":{"self":[{"href":"https:\/\/koningdrone.be\/es\/wp-json\/wp\/v2\/product\/5912","targetHints":{"allow":["GET"]}}],"collection":[{"href":"https:\/\/koningdrone.be\/es\/wp-json\/wp\/v2\/product"}],"about":[{"href":"https:\/\/koningdrone.be\/es\/wp-json\/wp\/v2\/types\/product"}],"wp:attachment":[{"href":"https:\/\/koningdrone.be\/es\/wp-json\/wp\/v2\/media?parent=5912"}],"wp:term":[{"taxonomy":"product_brand","embeddable":true,"href":"https:\/\/koningdrone.be\/es\/wp-json\/wp\/v2\/product_brand?post=5912"},{"taxonomy":"product_cat","embeddable":true,"href":"https:\/\/koningdrone.be\/es\/wp-json\/wp\/v2\/product_cat?post=5912"},{"taxonomy":"product_tag","embeddable":true,"href":"https:\/\/koningdrone.be\/es\/wp-json\/wp\/v2\/product_tag?post=5912"}],"curies":[{"name":"wp","href":"https:\/\/api.w.org\/{rel}","templated":true}]}}