{"id":5905,"date":"2022-05-25T20:36:16","date_gmt":"2022-05-25T20:36:16","guid":{"rendered":"https:\/\/koningdrone.nl\/kon\/product\/insta360-go-cing0xx-a\/"},"modified":"2025-04-29T12:51:25","modified_gmt":"2025-04-29T12:51:25","slug":"insta360-go-cing0xx-a","status":"publish","type":"product","link":"https:\/\/koningdrone.be\/es\/producto\/insta360-go-cing0xx-a\/","title":{"rendered":"INSTA360 GO (CING0XX\/A)"},"content":{"rendered":"<h1>   Insta360 GO (CING0XX\/A) <\/h1>\n<p>Insta360 combina lo mejor de dos mundos: hardware y contenidos. En s\u00f3lo cuatro a\u00f1os, la empresa se ha convertido en el l\u00edder indiscutible de las c\u00e1maras de 360 grados, vendiendo sus c\u00e1maras en m\u00e1s de 158 pa\u00edses. Insta360 ha presentado hoy su \u00faltima obra maestra: Go, la c\u00e1mara estabilizada m\u00e1s peque\u00f1a del mundo.<br \/>\u00a0 <br \/>La minic\u00e1mara estabilizada puede colocarse en cualquier lugar. Gracias a su innovador formato y a la edici\u00f3n inteligente basada en IA, podr\u00e1s capturar f\u00e1cilmente tu vida de forma impresionante con la GO.<br \/>\u00a0 <br \/><strong> ligero<\/strong> <br \/>La nueva c\u00e1mara Insta360 es la hormiga entre las c\u00e1maras. Con solo 18,3 g, puede montarse en cualquier lugar para captar im\u00e1genes desde perspectivas que no son posibles con otras c\u00e1maras.<br \/>\u00a0 <br \/><strong> estabilizado<\/strong> <br \/>Cuando se lleva puesto, GO permite fotografiar sin interrupciones y con las manos libres. Esto le permite capturar experiencias espont\u00e1neas sin distraerse nunca con su smartphone. Con su tecnolog\u00eda de estabilizaci\u00f3n FlowState, permite disparar de forma ultraestable en todo momento.<br \/>\u00a0 <br \/><strong> F\u00e1cil<\/strong> <br \/>La grabaci\u00f3n de v\u00eddeo es m\u00e1s sencilla que nunca: toca una vez y graba un clip de hasta 30 segundos; vuelve a tocar para finalizar la grabaci\u00f3n.<br \/>\u00a0 <br \/><strong> Resistente al agua<\/strong> <br \/>Go es resistente al agua seg\u00fan la norma IPX4. La c\u00e1mara no solo est\u00e1 preparada para su uso en el agua y la lluvia, sino que incluso puede soportar la inmersi\u00f3n en aguas poco profundas durante un m\u00e1ximo de 10 segundos.<br \/>\u00a0 <br \/>Go-app<br \/>La aplicaci\u00f3n GO ofrece varias opciones de edici\u00f3n. Aqu\u00ed se puede ajustar y optimizar todo, desde las transiciones hasta las paletas de colores, pasando por la velocidad de reproducci\u00f3n.<\/p>","protected":false},"excerpt":{"rendered":"<ul>\n<li>Ligero: s\u00f3lo pesa 18,3 gramos<\/li>\n<li>Resistente al agua seg\u00fan la norma IPX4<\/li>\n<li>Hasta 200 clips al d\u00eda<\/li>\n<li>Grabaci\u00f3n a c\u00e1mara lenta<\/li>\n<li>Vatschoten<\/li>\n<li>Incluye estuche de carga<\/li>\n<\/ul>","protected":false},"featured_media":5900,"template":"","meta":{"_acf_changed":false},"product_brand":[],"product_cat":[97,343],"product_tag":[],"class_list":{"0":"post-5905","1":"product","2":"type-product","3":"status-publish","4":"has-post-thumbnail","6":"product_cat-alle-producten","7":"product_cat-insta360","8":"pa_brand-insta360","9":"pa_series-insta360-go","11":"first","12":"outofstock","13":"taxable","14":"shipping-taxable","15":"product-type-simple"},"acf":[],"yoast_head":"<!-- This site is optimized with the Yoast SEO Premium plugin v27.2 (Yoast SEO v27.2) - https:\/\/yoast.com\/product\/yoast-seo-premium-wordpress\/ -->\n<title>INSTA360 GO (CING0XX\/A) - koningdrone.be<\/title>\n<meta name=\"robots\" content=\"index, follow, max-snippet:-1, max-image-preview:large, max-video-preview:-1\" \/>\n<link rel=\"canonical\" href=\"https:\/\/koningdrone.be\/es\/producto\/insta360-go-cing0xx-a\/\" \/>\n<meta property=\"og:locale\" content=\"es_ES\" \/>\n<meta property=\"og:type\" content=\"article\" \/>\n<meta property=\"og:title\" content=\"INSTA360 GO (CING0XX\/A)\" \/>\n<meta property=\"og:description\" content=\"Lichtgewicht - weegt slechts 18,3 gramWaterdicht volgens IPX4-standaardTot 200 clips per dagSlow-mo opnameVatschotenIncl. Oplaadetui\" \/>\n<meta property=\"og:url\" content=\"https:\/\/koningdrone.be\/es\/producto\/insta360-go-cing0xx-a\/\" \/>\n<meta property=\"og:site_name\" content=\"koningdrone.be\" \/>\n<meta property=\"article:modified_time\" content=\"2025-04-29T12:51:25+00:00\" \/>\n<meta property=\"og:image\" content=\"https:\/\/koningdrone.be\/wp-content\/uploads\/sites\/13\/2025\/04\/6970357851096-1.jpg\" \/>\n\t<meta property=\"og:image:width\" content=\"600\" \/>\n\t<meta property=\"og:image:height\" content=\"1364\" \/>\n\t<meta property=\"og:image:type\" content=\"image\/jpeg\" \/>\n<meta name=\"twitter:card\" content=\"summary_large_image\" \/>\n<meta name=\"twitter:label1\" content=\"Tiempo de lectura\" \/>\n\t<meta name=\"twitter:data1\" content=\"1 minuto\" \/>\n<script type=\"application\/ld+json\" class=\"yoast-schema-graph\">{\"@context\":\"https:\/\/schema.org\",\"@graph\":[{\"@type\":\"WebPage\",\"@id\":\"https:\/\/koningdrone.be\/product\/insta360-go-cing0xx-a\/\",\"url\":\"https:\/\/koningdrone.be\/product\/insta360-go-cing0xx-a\/\",\"name\":\"INSTA360 GO (CING0XX\/A) - koningdrone.be\",\"isPartOf\":{\"@id\":\"https:\/\/koningdrone.be\/#website\"},\"primaryImageOfPage\":{\"@id\":\"https:\/\/koningdrone.be\/product\/insta360-go-cing0xx-a\/#primaryimage\"},\"image\":{\"@id\":\"https:\/\/koningdrone.be\/product\/insta360-go-cing0xx-a\/#primaryimage\"},\"thumbnailUrl\":\"https:\/\/koningdrone.be\/wp-content\/uploads\/sites\/13\/2025\/04\/6970357851096-1.jpg\",\"datePublished\":\"2022-05-25T20:36:16+00:00\",\"dateModified\":\"2025-04-29T12:51:25+00:00\",\"breadcrumb\":{\"@id\":\"https:\/\/koningdrone.be\/product\/insta360-go-cing0xx-a\/#breadcrumb\"},\"inLanguage\":\"es\",\"potentialAction\":[{\"@type\":\"ReadAction\",\"target\":[\"https:\/\/koningdrone.be\/product\/insta360-go-cing0xx-a\/\"]}]},{\"@type\":\"ImageObject\",\"inLanguage\":\"es\",\"@id\":\"https:\/\/koningdrone.be\/product\/insta360-go-cing0xx-a\/#primaryimage\",\"url\":\"https:\/\/koningdrone.be\/wp-content\/uploads\/sites\/13\/2025\/04\/6970357851096-1.jpg\",\"contentUrl\":\"https:\/\/koningdrone.be\/wp-content\/uploads\/sites\/13\/2025\/04\/6970357851096-1.jpg\",\"width\":600,\"height\":1364},{\"@type\":\"BreadcrumbList\",\"@id\":\"https:\/\/koningdrone.be\/product\/insta360-go-cing0xx-a\/#breadcrumb\",\"itemListElement\":[{\"@type\":\"ListItem\",\"position\":1,\"name\":\"Home\",\"item\":\"https:\/\/koningdrone.be\/\"},{\"@type\":\"ListItem\",\"position\":2,\"name\":\"AVSS Parachute Recovery System for DJI Matrice 300\/350\",\"item\":\"https:\/\/koningdrone.be\/product\/avss-parachute-recovery-system-for-dji-matrice-300-350\/\"},{\"@type\":\"ListItem\",\"position\":3,\"name\":\"Alle producten\",\"item\":\"https:\/\/koningdrone.be\/categorie\/alle-producten\/\"},{\"@type\":\"ListItem\",\"position\":4,\"name\":\"INSTA360 GO (CING0XX\/A)\"}]},{\"@type\":\"WebSite\",\"@id\":\"https:\/\/koningdrone.be\/#website\",\"url\":\"https:\/\/koningdrone.be\/\",\"name\":\"Koningdrone.be - Uw online specialist in drones, gimbals, camera's en power stations.\",\"description\":\"De webshop in drones en gimbals\",\"publisher\":{\"@id\":\"https:\/\/koningdrone.be\/#organization\"},\"potentialAction\":[{\"@type\":\"SearchAction\",\"target\":{\"@type\":\"EntryPoint\",\"urlTemplate\":\"https:\/\/koningdrone.be\/?s={search_term_string}\"},\"query-input\":{\"@type\":\"PropertyValueSpecification\",\"valueRequired\":true,\"valueName\":\"search_term_string\"}}],\"inLanguage\":\"es\"},{\"@type\":\"Organization\",\"@id\":\"https:\/\/koningdrone.be\/#organization\",\"name\":\"Koningdrone.be\",\"url\":\"https:\/\/koningdrone.be\/\",\"logo\":{\"@type\":\"ImageObject\",\"inLanguage\":\"es\",\"@id\":\"https:\/\/koningdrone.be\/#\/schema\/logo\/image\/\",\"url\":\"https:\/\/koningdrone.be\/wp-content\/uploads\/sites\/13\/2025\/04\/koningdrone-copyright-logo.svg\",\"contentUrl\":\"https:\/\/koningdrone.be\/wp-content\/uploads\/sites\/13\/2025\/04\/koningdrone-copyright-logo.svg\",\"width\":227,\"height\":38,\"caption\":\"Koningdrone.be\"},\"image\":{\"@id\":\"https:\/\/koningdrone.be\/#\/schema\/logo\/image\/\"}}]}<\/script>\n<!-- \/ Yoast SEO Premium plugin. -->","yoast_head_json":{"title":"INSTA360 GO (CING0XX\/A) - koningdrone.be","robots":{"index":"index","follow":"follow","max-snippet":"max-snippet:-1","max-image-preview":"max-image-preview:large","max-video-preview":"max-video-preview:-1"},"canonical":"https:\/\/koningdrone.be\/es\/producto\/insta360-go-cing0xx-a\/","og_locale":"es_ES","og_type":"article","og_title":"INSTA360 GO (CING0XX\/A)","og_description":"Lichtgewicht - weegt slechts 18,3 gramWaterdicht volgens IPX4-standaardTot 200 clips per dagSlow-mo opnameVatschotenIncl. Oplaadetui","og_url":"https:\/\/koningdrone.be\/es\/producto\/insta360-go-cing0xx-a\/","og_site_name":"koningdrone.be","article_modified_time":"2025-04-29T12:51:25+00:00","og_image":[{"width":600,"height":1364,"url":"https:\/\/koningdrone.be\/wp-content\/uploads\/sites\/13\/2025\/04\/6970357851096-1.jpg","type":"image\/jpeg"}],"twitter_card":"summary_large_image","twitter_misc":{"Tiempo de lectura":"1 minuto"},"schema":{"@context":"https:\/\/schema.org","@graph":[{"@type":"WebPage","@id":"https:\/\/koningdrone.be\/product\/insta360-go-cing0xx-a\/","url":"https:\/\/koningdrone.be\/product\/insta360-go-cing0xx-a\/","name":"INSTA360 GO (CING0XX\/A) - koningdrone.be","isPartOf":{"@id":"https:\/\/koningdrone.be\/#website"},"primaryImageOfPage":{"@id":"https:\/\/koningdrone.be\/product\/insta360-go-cing0xx-a\/#primaryimage"},"image":{"@id":"https:\/\/koningdrone.be\/product\/insta360-go-cing0xx-a\/#primaryimage"},"thumbnailUrl":"https:\/\/koningdrone.be\/wp-content\/uploads\/sites\/13\/2025\/04\/6970357851096-1.jpg","datePublished":"2022-05-25T20:36:16+00:00","dateModified":"2025-04-29T12:51:25+00:00","breadcrumb":{"@id":"https:\/\/koningdrone.be\/product\/insta360-go-cing0xx-a\/#breadcrumb"},"inLanguage":"es","potentialAction":[{"@type":"ReadAction","target":["https:\/\/koningdrone.be\/product\/insta360-go-cing0xx-a\/"]}]},{"@type":"ImageObject","inLanguage":"es","@id":"https:\/\/koningdrone.be\/product\/insta360-go-cing0xx-a\/#primaryimage","url":"https:\/\/koningdrone.be\/wp-content\/uploads\/sites\/13\/2025\/04\/6970357851096-1.jpg","contentUrl":"https:\/\/koningdrone.be\/wp-content\/uploads\/sites\/13\/2025\/04\/6970357851096-1.jpg","width":600,"height":1364},{"@type":"BreadcrumbList","@id":"https:\/\/koningdrone.be\/product\/insta360-go-cing0xx-a\/#breadcrumb","itemListElement":[{"@type":"ListItem","position":1,"name":"Home","item":"https:\/\/koningdrone.be\/"},{"@type":"ListItem","position":2,"name":"AVSS Parachute Recovery System for DJI Matrice 300\/350","item":"https:\/\/koningdrone.be\/product\/avss-parachute-recovery-system-for-dji-matrice-300-350\/"},{"@type":"ListItem","position":3,"name":"Alle producten","item":"https:\/\/koningdrone.be\/categorie\/alle-producten\/"},{"@type":"ListItem","position":4,"name":"INSTA360 GO (CING0XX\/A)"}]},{"@type":"WebSite","@id":"https:\/\/koningdrone.be\/#website","url":"https:\/\/koningdrone.be\/","name":"Koningdrone.be - Su especialista en l\u00ednea en drones, cardanes, c\u00e1maras y centrales el\u00e9ctricas.","description":"La tienda virtual de drones y cardanes","publisher":{"@id":"https:\/\/koningdrone.be\/#organization"},"potentialAction":[{"@type":"SearchAction","target":{"@type":"EntryPoint","urlTemplate":"https:\/\/koningdrone.be\/?s={search_term_string}"},"query-input":{"@type":"PropertyValueSpecification","valueRequired":true,"valueName":"search_term_string"}}],"inLanguage":"es"},{"@type":"Organization","@id":"https:\/\/koningdrone.be\/#organization","name":"Kingdrone.es","url":"https:\/\/koningdrone.be\/","logo":{"@type":"ImageObject","inLanguage":"es","@id":"https:\/\/koningdrone.be\/#\/schema\/logo\/image\/","url":"https:\/\/koningdrone.be\/wp-content\/uploads\/sites\/13\/2025\/04\/koningdrone-copyright-logo.svg","contentUrl":"https:\/\/koningdrone.be\/wp-content\/uploads\/sites\/13\/2025\/04\/koningdrone-copyright-logo.svg","width":227,"height":38,"caption":"Koningdrone.be"},"image":{"@id":"https:\/\/koningdrone.be\/#\/schema\/logo\/image\/"}}]}},"df_price":"","df_sale_price":"","df_regular_price":"","df_image_link":"https:\/\/koningdrone.be\/wp-content\/uploads\/sites\/13\/2025\/04\/6970357851096-1-132x300.jpg","_links":{"self":[{"href":"https:\/\/koningdrone.be\/es\/wp-json\/wp\/v2\/product\/5905","targetHints":{"allow":["GET"]}}],"collection":[{"href":"https:\/\/koningdrone.be\/es\/wp-json\/wp\/v2\/product"}],"about":[{"href":"https:\/\/koningdrone.be\/es\/wp-json\/wp\/v2\/types\/product"}],"wp:featuredmedia":[{"embeddable":true,"href":"https:\/\/koningdrone.be\/es\/wp-json\/wp\/v2\/media\/5900"}],"wp:attachment":[{"href":"https:\/\/koningdrone.be\/es\/wp-json\/wp\/v2\/media?parent=5905"}],"wp:term":[{"taxonomy":"product_brand","embeddable":true,"href":"https:\/\/koningdrone.be\/es\/wp-json\/wp\/v2\/product_brand?post=5905"},{"taxonomy":"product_cat","embeddable":true,"href":"https:\/\/koningdrone.be\/es\/wp-json\/wp\/v2\/product_cat?post=5905"},{"taxonomy":"product_tag","embeddable":true,"href":"https:\/\/koningdrone.be\/es\/wp-json\/wp\/v2\/product_tag?post=5905"}],"curies":[{"name":"wp","href":"https:\/\/api.w.org\/{rel}","templated":true}]}}