{"id":5897,"date":"2022-05-25T20:36:16","date_gmt":"2022-05-25T20:36:16","guid":{"rendered":"https:\/\/koningdrone.nl\/kon\/product\/insta360-evo\/"},"modified":"2025-04-29T12:51:14","modified_gmt":"2025-04-29T12:51:14","slug":"insta360-evo","status":"publish","type":"product","link":"https:\/\/koningdrone.be\/es\/producto\/insta360-evo\/","title":{"rendered":"INSTA360 EVO"},"content":{"rendered":"<h1>   Insta360 EVO <\/h1>\n<p>Cree impresionantes v\u00eddeos profesionales 360\/180\u00b0 2D y 3D VR con la c\u00e1mara compacta EVO 3D\/2D Convertible 360\/180\u00b0 VR de Insta360. Gracias a su ingenioso dise\u00f1o plegable, puedes grabar en dos formatos diferentes: v\u00eddeo 2D de 360\u00b0 cuando la c\u00e1mara est\u00e1 cerrada con las lentes a ambos lados, y v\u00eddeo 3D de 180\u00b0 cuando se abre en plano con las lentes en el mismo lado. La EVO de alta resoluci\u00f3n graba v\u00eddeo de hasta 5,7K30 y fotos de 18MP con soporte HDR.<br \/>\u00a0 <br \/>En el modo 2D de 360\u00b0, la EVO utiliza la estabilizaci\u00f3n de imagen digital FlowState de Insta360, que compensa las vibraciones captadas en los v\u00eddeos y proporciona im\u00e1genes m\u00e1s suaves. En el modo 3D de 180\u00b0 se utiliza la estabilizaci\u00f3n girosc\u00f3pica b\u00e1sica, que ayuda a estabilizar algunas peque\u00f1as vibraciones. La estabilizaci\u00f3n es de gran ayuda cuando se utilizan los modos hyperlapse y slow-motion de EVO, de hasta 100 fps.<br \/>\u00a0 <br \/>En la posici\u00f3n de disparo 3D de 180\u00b0, la resistente bisagra se mantiene abierta con un interruptor de bloqueo, y un cierre de liberaci\u00f3n r\u00e1pida la mantiene cerrada en el modo de 360\u00b0. Hay botones de disparo de v\u00eddeo y foto separados para una captura r\u00e1pida y sencilla. El v\u00eddeo se almacena en una tarjeta microSD de hasta 256 GB a una clase de velocidad UHS-I V30 recomendada y se transfiere a trav\u00e9s del puerto microUSB. La c\u00e1mara tambi\u00e9n se carga a trav\u00e9s del mismo puerto micro-USB.<br \/>\u00a0 <br \/>La EVO est\u00e1 preparada para la realidad virtual y las im\u00e1genes que captura se pueden ver en auriculares populares como el Oculus Go, el Samsung Gear VR y el HTC VIVE Focus mediante la aplicaci\u00f3n Insta360 VR descargable. El metraje en 3D de 180\u00b0 es totalmente compatible con Premiere Pro, por lo que es f\u00e1cil editarlo directamente desde la c\u00e1mara.<br \/>\u00a0 <br \/>La EVO viene con un soporte de mesa y gafas 3D especializadas para ver tus tomas con precisi\u00f3n. Tambi\u00e9n puedes comprar por separado un Insta360 HoloFrame para ver tus tomas sin gafas en tu tel\u00e9fono.<br \/>\u00a0 <br \/><strong> Dispositivos compatibles<\/strong> <br \/>Los siguientes dispositivos probados tuvieron el mejor rendimiento con la aplicaci\u00f3n Insta360. Se pueden utilizar otros tel\u00e9fonos con especificaciones similares:<br \/>\u00a0 <br \/>iOS:<br \/>Apple iPhone XS, iPhone XS Max, iPhone XR, iPhone X, iPhone 8\/8 plus, iPhone 7\/7 plus, iPhone 6s\/6s plus, iPhone SE, iPad Pro, iPad (2018).<br \/>\u00a0 <br \/>Android:<br \/>Huawei: P20 Pro\/P10\/P9\/Mate 9\/Mate 10\/Honor 9.<br \/>Samsung: S9\/Note 8\/S8\/S7\/S7 Edge.<br \/>Xiaomi: Mix\/Mix2\/Note3\/6\/8.<br \/>OnePlus: 5t.<br \/>Google: Pixel\/Pixel 2.<br \/>Vivo: X9 Plus L.<\/p>","protected":false},"excerpt":{"rendered":"<ul>\n<li>C\u00e1mara convertible 180\u00b0 3D \/ 360\u00b0 2D<\/li>\n<li>V\u00eddeo de hasta 5,7K30, fotos de 18MP<\/li>\n<li>Dise\u00f1o compacto, fotos y v\u00eddeos HDR<\/li>\n<li>Estabilizaci\u00f3n de imagen digital FlowState<\/li>\n<li>El dise\u00f1o plegable cambia de formato<\/li>\n<li>Dos objetivos gran angular ojo de pez<\/li>\n<li>Hiperlapso y c\u00e1mara lenta<\/li>\n<li>Almacenar en tarjeta microSD, listo para auriculares<\/li>\n<li>Micro-USB para alimentaci\u00f3n y transferencia de datos<\/li>\n<\/ul>","protected":false},"featured_media":5892,"template":"","meta":{"_acf_changed":false},"product_brand":[],"product_cat":[97,343],"product_tag":[],"class_list":{"0":"post-5897","1":"product","2":"type-product","3":"status-publish","4":"has-post-thumbnail","6":"product_cat-alle-producten","7":"product_cat-insta360","8":"pa_brand-insta360","9":"pa_series-insta360-go","11":"first","12":"outofstock","13":"taxable","14":"shipping-taxable","15":"product-type-simple"},"acf":[],"yoast_head":"<!-- This site is optimized with the Yoast SEO Premium plugin v27.2 (Yoast SEO v27.2) - https:\/\/yoast.com\/product\/yoast-seo-premium-wordpress\/ -->\n<title>INSTA360 EVO - koningdrone.be<\/title>\n<meta name=\"robots\" content=\"index, follow, max-snippet:-1, max-image-preview:large, max-video-preview:-1\" \/>\n<link rel=\"canonical\" href=\"https:\/\/koningdrone.be\/es\/producto\/insta360-evo\/\" \/>\n<meta property=\"og:locale\" content=\"es_ES\" \/>\n<meta property=\"og:type\" content=\"article\" \/>\n<meta property=\"og:title\" content=\"INSTA360 EVO\" \/>\n<meta property=\"og:description\" content=\"180\u00b0 3D \/ 360\u00b0 2D converteerbare cameraTot 5.7K30 video, 18MP foto&#039;sCompact ontwerp, HDR-foto en videoFlowState digitale beeldstabilisatieVouwontwerp verandert formaatTwee groothoek fisheye-lenzenHyperlapse- en slow-motionfunctiesOpslaan op microSD-kaart, klaar voor headsetMicro-USB stroom- en gegevensoverdracht\" \/>\n<meta property=\"og:url\" content=\"https:\/\/koningdrone.be\/es\/producto\/insta360-evo\/\" \/>\n<meta property=\"og:site_name\" content=\"koningdrone.be\" \/>\n<meta property=\"article:modified_time\" content=\"2025-04-29T12:51:14+00:00\" \/>\n<meta property=\"og:image\" content=\"https:\/\/koningdrone.be\/wp-content\/uploads\/sites\/13\/2025\/04\/6970357851140-1.jpg\" \/>\n\t<meta property=\"og:image:width\" content=\"600\" \/>\n\t<meta property=\"og:image:height\" content=\"600\" \/>\n\t<meta property=\"og:image:type\" content=\"image\/jpeg\" \/>\n<meta name=\"twitter:card\" content=\"summary_large_image\" \/>\n<meta name=\"twitter:label1\" content=\"Tiempo de lectura\" \/>\n\t<meta name=\"twitter:data1\" content=\"2 minutos\" \/>\n<script type=\"application\/ld+json\" class=\"yoast-schema-graph\">{\"@context\":\"https:\/\/schema.org\",\"@graph\":[{\"@type\":\"WebPage\",\"@id\":\"https:\/\/koningdrone.be\/product\/insta360-evo\/\",\"url\":\"https:\/\/koningdrone.be\/product\/insta360-evo\/\",\"name\":\"INSTA360 EVO - koningdrone.be\",\"isPartOf\":{\"@id\":\"https:\/\/koningdrone.be\/#website\"},\"primaryImageOfPage\":{\"@id\":\"https:\/\/koningdrone.be\/product\/insta360-evo\/#primaryimage\"},\"image\":{\"@id\":\"https:\/\/koningdrone.be\/product\/insta360-evo\/#primaryimage\"},\"thumbnailUrl\":\"https:\/\/koningdrone.be\/wp-content\/uploads\/sites\/13\/2025\/04\/6970357851140-1.jpg\",\"datePublished\":\"2022-05-25T20:36:16+00:00\",\"dateModified\":\"2025-04-29T12:51:14+00:00\",\"breadcrumb\":{\"@id\":\"https:\/\/koningdrone.be\/product\/insta360-evo\/#breadcrumb\"},\"inLanguage\":\"es\",\"potentialAction\":[{\"@type\":\"ReadAction\",\"target\":[\"https:\/\/koningdrone.be\/product\/insta360-evo\/\"]}]},{\"@type\":\"ImageObject\",\"inLanguage\":\"es\",\"@id\":\"https:\/\/koningdrone.be\/product\/insta360-evo\/#primaryimage\",\"url\":\"https:\/\/koningdrone.be\/wp-content\/uploads\/sites\/13\/2025\/04\/6970357851140-1.jpg\",\"contentUrl\":\"https:\/\/koningdrone.be\/wp-content\/uploads\/sites\/13\/2025\/04\/6970357851140-1.jpg\",\"width\":600,\"height\":600},{\"@type\":\"BreadcrumbList\",\"@id\":\"https:\/\/koningdrone.be\/product\/insta360-evo\/#breadcrumb\",\"itemListElement\":[{\"@type\":\"ListItem\",\"position\":1,\"name\":\"Home\",\"item\":\"https:\/\/koningdrone.be\/\"},{\"@type\":\"ListItem\",\"position\":2,\"name\":\"AVSS Parachute Recovery System for DJI Matrice 300\/350\",\"item\":\"https:\/\/koningdrone.be\/product\/avss-parachute-recovery-system-for-dji-matrice-300-350\/\"},{\"@type\":\"ListItem\",\"position\":3,\"name\":\"Alle producten\",\"item\":\"https:\/\/koningdrone.be\/categorie\/alle-producten\/\"},{\"@type\":\"ListItem\",\"position\":4,\"name\":\"INSTA360 EVO\"}]},{\"@type\":\"WebSite\",\"@id\":\"https:\/\/koningdrone.be\/#website\",\"url\":\"https:\/\/koningdrone.be\/\",\"name\":\"Koningdrone.be - Uw online specialist in drones, gimbals, camera's en power stations.\",\"description\":\"De webshop in drones en gimbals\",\"publisher\":{\"@id\":\"https:\/\/koningdrone.be\/#organization\"},\"potentialAction\":[{\"@type\":\"SearchAction\",\"target\":{\"@type\":\"EntryPoint\",\"urlTemplate\":\"https:\/\/koningdrone.be\/?s={search_term_string}\"},\"query-input\":{\"@type\":\"PropertyValueSpecification\",\"valueRequired\":true,\"valueName\":\"search_term_string\"}}],\"inLanguage\":\"es\"},{\"@type\":\"Organization\",\"@id\":\"https:\/\/koningdrone.be\/#organization\",\"name\":\"Koningdrone.be\",\"url\":\"https:\/\/koningdrone.be\/\",\"logo\":{\"@type\":\"ImageObject\",\"inLanguage\":\"es\",\"@id\":\"https:\/\/koningdrone.be\/#\/schema\/logo\/image\/\",\"url\":\"https:\/\/koningdrone.be\/wp-content\/uploads\/sites\/13\/2025\/04\/koningdrone-copyright-logo.svg\",\"contentUrl\":\"https:\/\/koningdrone.be\/wp-content\/uploads\/sites\/13\/2025\/04\/koningdrone-copyright-logo.svg\",\"width\":227,\"height\":38,\"caption\":\"Koningdrone.be\"},\"image\":{\"@id\":\"https:\/\/koningdrone.be\/#\/schema\/logo\/image\/\"}}]}<\/script>\n<!-- \/ Yoast SEO Premium plugin. -->","yoast_head_json":{"title":"INSTA360 EVO - koningdrone.be","robots":{"index":"index","follow":"follow","max-snippet":"max-snippet:-1","max-image-preview":"max-image-preview:large","max-video-preview":"max-video-preview:-1"},"canonical":"https:\/\/koningdrone.be\/es\/producto\/insta360-evo\/","og_locale":"es_ES","og_type":"article","og_title":"INSTA360 EVO","og_description":"180\u00b0 3D \/ 360\u00b0 2D converteerbare cameraTot 5.7K30 video, 18MP foto'sCompact ontwerp, HDR-foto en videoFlowState digitale beeldstabilisatieVouwontwerp verandert formaatTwee groothoek fisheye-lenzenHyperlapse- en slow-motionfunctiesOpslaan op microSD-kaart, klaar voor headsetMicro-USB stroom- en gegevensoverdracht","og_url":"https:\/\/koningdrone.be\/es\/producto\/insta360-evo\/","og_site_name":"koningdrone.be","article_modified_time":"2025-04-29T12:51:14+00:00","og_image":[{"width":600,"height":600,"url":"https:\/\/koningdrone.be\/wp-content\/uploads\/sites\/13\/2025\/04\/6970357851140-1.jpg","type":"image\/jpeg"}],"twitter_card":"summary_large_image","twitter_misc":{"Tiempo de lectura":"2 minutos"},"schema":{"@context":"https:\/\/schema.org","@graph":[{"@type":"WebPage","@id":"https:\/\/koningdrone.be\/product\/insta360-evo\/","url":"https:\/\/koningdrone.be\/product\/insta360-evo\/","name":"INSTA360 EVO - koningdrone.be","isPartOf":{"@id":"https:\/\/koningdrone.be\/#website"},"primaryImageOfPage":{"@id":"https:\/\/koningdrone.be\/product\/insta360-evo\/#primaryimage"},"image":{"@id":"https:\/\/koningdrone.be\/product\/insta360-evo\/#primaryimage"},"thumbnailUrl":"https:\/\/koningdrone.be\/wp-content\/uploads\/sites\/13\/2025\/04\/6970357851140-1.jpg","datePublished":"2022-05-25T20:36:16+00:00","dateModified":"2025-04-29T12:51:14+00:00","breadcrumb":{"@id":"https:\/\/koningdrone.be\/product\/insta360-evo\/#breadcrumb"},"inLanguage":"es","potentialAction":[{"@type":"ReadAction","target":["https:\/\/koningdrone.be\/product\/insta360-evo\/"]}]},{"@type":"ImageObject","inLanguage":"es","@id":"https:\/\/koningdrone.be\/product\/insta360-evo\/#primaryimage","url":"https:\/\/koningdrone.be\/wp-content\/uploads\/sites\/13\/2025\/04\/6970357851140-1.jpg","contentUrl":"https:\/\/koningdrone.be\/wp-content\/uploads\/sites\/13\/2025\/04\/6970357851140-1.jpg","width":600,"height":600},{"@type":"BreadcrumbList","@id":"https:\/\/koningdrone.be\/product\/insta360-evo\/#breadcrumb","itemListElement":[{"@type":"ListItem","position":1,"name":"Home","item":"https:\/\/koningdrone.be\/"},{"@type":"ListItem","position":2,"name":"AVSS Parachute Recovery System for DJI Matrice 300\/350","item":"https:\/\/koningdrone.be\/product\/avss-parachute-recovery-system-for-dji-matrice-300-350\/"},{"@type":"ListItem","position":3,"name":"Alle producten","item":"https:\/\/koningdrone.be\/categorie\/alle-producten\/"},{"@type":"ListItem","position":4,"name":"INSTA360 EVO"}]},{"@type":"WebSite","@id":"https:\/\/koningdrone.be\/#website","url":"https:\/\/koningdrone.be\/","name":"Koningdrone.be - Su especialista en l\u00ednea en drones, cardanes, c\u00e1maras y centrales el\u00e9ctricas.","description":"La tienda virtual de drones y cardanes","publisher":{"@id":"https:\/\/koningdrone.be\/#organization"},"potentialAction":[{"@type":"SearchAction","target":{"@type":"EntryPoint","urlTemplate":"https:\/\/koningdrone.be\/?s={search_term_string}"},"query-input":{"@type":"PropertyValueSpecification","valueRequired":true,"valueName":"search_term_string"}}],"inLanguage":"es"},{"@type":"Organization","@id":"https:\/\/koningdrone.be\/#organization","name":"Kingdrone.es","url":"https:\/\/koningdrone.be\/","logo":{"@type":"ImageObject","inLanguage":"es","@id":"https:\/\/koningdrone.be\/#\/schema\/logo\/image\/","url":"https:\/\/koningdrone.be\/wp-content\/uploads\/sites\/13\/2025\/04\/koningdrone-copyright-logo.svg","contentUrl":"https:\/\/koningdrone.be\/wp-content\/uploads\/sites\/13\/2025\/04\/koningdrone-copyright-logo.svg","width":227,"height":38,"caption":"Koningdrone.be"},"image":{"@id":"https:\/\/koningdrone.be\/#\/schema\/logo\/image\/"}}]}},"df_price":"","df_sale_price":"","df_regular_price":"","df_image_link":"https:\/\/koningdrone.be\/wp-content\/uploads\/sites\/13\/2025\/04\/6970357851140-1-300x300.jpg","_links":{"self":[{"href":"https:\/\/koningdrone.be\/es\/wp-json\/wp\/v2\/product\/5897","targetHints":{"allow":["GET"]}}],"collection":[{"href":"https:\/\/koningdrone.be\/es\/wp-json\/wp\/v2\/product"}],"about":[{"href":"https:\/\/koningdrone.be\/es\/wp-json\/wp\/v2\/types\/product"}],"wp:featuredmedia":[{"embeddable":true,"href":"https:\/\/koningdrone.be\/es\/wp-json\/wp\/v2\/media\/5892"}],"wp:attachment":[{"href":"https:\/\/koningdrone.be\/es\/wp-json\/wp\/v2\/media?parent=5897"}],"wp:term":[{"taxonomy":"product_brand","embeddable":true,"href":"https:\/\/koningdrone.be\/es\/wp-json\/wp\/v2\/product_brand?post=5897"},{"taxonomy":"product_cat","embeddable":true,"href":"https:\/\/koningdrone.be\/es\/wp-json\/wp\/v2\/product_cat?post=5897"},{"taxonomy":"product_tag","embeddable":true,"href":"https:\/\/koningdrone.be\/es\/wp-json\/wp\/v2\/product_tag?post=5897"}],"curies":[{"name":"wp","href":"https:\/\/api.w.org\/{rel}","templated":true}]}}