{"id":5797,"date":"2022-05-25T20:36:58","date_gmt":"2022-05-25T18:36:58","guid":{"rendered":"https:\/\/koningdrone.nl\/kon\/product\/dji-zenmuse-x9-focus-motor\/"},"modified":"2026-04-29T15:10:43","modified_gmt":"2026-04-29T13:10:43","slug":"dji-zenmuse-x9-focus-motor","status":"publish","type":"product","link":"https:\/\/koningdrone.be\/es\/producto\/dji-zenmuse-x9-focus-motor\/","title":{"rendered":"Motor de enfoque DJI Zenmuse X9"},"content":{"rendered":"<p><strong>Introducci\u00f3n para principiantes<\/strong><\/p>\n<p> Este producto est\u00e1 dise\u00f1ado de forma innovadora para mejorar la funcionalidad de la C\u00e1mara Gimbal X9 acopl\u00e1ndose a la parte inferior. Tiende un puente entre las herramientas cinematogr\u00e1ficas avanzadas y los usuarios, ofreciendo compatibilidad con el sistema Ronin 4D y el DJI Three-Channel Follow Focus. Este accesorio es ideal para aquellos que buscan ajustar con precisi\u00f3n el enfoque en objetivos que normalmente requieren intervenci\u00f3n manual, simplificando significativamente el proceso.<\/p>\n<p><strong>Ajuste avanzado del enfoque para principiantes<\/strong><\/p>\n<p> Al incorporar este producto a su configuraci\u00f3n, se beneficiar\u00e1 del uso del tel\u00e9metro LiDAR: una herramienta avanzada que introduce funciones de autoenfoque en los objetivos manuales. Esta caracter\u00edstica transformadora garantiza que pueda lograr sin esfuerzo un enfoque n\u00edtido y preciso de sus sujetos sin tener que ajustar manualmente el objetivo. Se trata de una actualizaci\u00f3n significativa que mejora la calidad de sus tomas y la eficacia de su flujo de trabajo.<\/p>\n<p><strong>Introducci\u00f3n para expertos<\/strong><\/p>\n<p> Los directores de fotograf\u00eda expertos descubrir\u00e1n que este accesorio se integra a la perfecci\u00f3n con la base de la c\u00e1mara Gimbal X9, garantizando una compatibilidad total con el apreciado ecosistema Ronin 4D y el sistema DJI Three-Channel Follow Focus. Est\u00e1 dise\u00f1ado para profesionales que quieren mantener un control preciso sobre los objetivos con enfoque manual, mejorando la precisi\u00f3n del enfoque sin comprometer el control creativo.<\/p>\n<p><strong>Mejora del enfoque autom\u00e1tico para expertos<\/strong><\/p>\n<p> Combinado con el tel\u00e9metro LiDAR, revoluciona el uso de objetivos con enfoque manual al permitir la funcionalidad de enfoque autom\u00e1tico. Esta integraci\u00f3n utiliza tecnolog\u00eda de detecci\u00f3n avanzada para ofrecer un rendimiento de enfoque inigualable en diversas condiciones de disparo. Es una herramienta esencial para los expertos que exigen precisi\u00f3n y flexibilidad a la hora de ajustar el enfoque, garantizando que cada disparo sea n\u00edtido y est\u00e9 bien definido.<\/p>\n<p><\/p>","protected":false},"excerpt":{"rendered":"<ul>\n<li>Compatible con la c\u00e1mara X9 Gimbal<\/li>\n<li> Funciona con Ronin4D<\/li>\n<li> Se integra con el Follow Focus de tres canales de DJI<\/li>\n<li> Permite controlar el enfoque en objetivos manuales<\/li>\n<li> Compatible con tel\u00e9metro LiDAR<\/li>\n<li> Activa el enfoque autom\u00e1tico en objetivos manuales<\/li>\n<\/ul>","protected":false},"featured_media":5795,"template":"","meta":{"_acf_changed":false},"product_brand":[],"product_cat":[315,298,97,316,582],"product_tag":[],"class_list":{"0":"post-5797","1":"product","2":"type-product","3":"status-publish","4":"has-post-thumbnail","6":"product_cat-alle-gimbals-en-cameras","7":"product_cat-alle-industriele-camera","8":"product_cat-alle-producten","9":"product_cat-dji-zenmuse","10":"product_cat-dji-zenmuse-x9","11":"product_shipping_class-outofstock","12":"pa_brand-dji","13":"pa_productfamily-focus","14":"pa_producttype-focus","15":"pa_series-x9","17":"first","18":"outofstock","19":"taxable","20":"shipping-taxable","21":"purchasable","22":"product-type-simple"},"acf":[],"yoast_head":"<!-- This site is optimized with the Yoast SEO Premium plugin v27.2 (Yoast SEO v27.2) - https:\/\/yoast.com\/product\/yoast-seo-premium-wordpress\/ -->\n<title>DJI Zenmuse X9 Focus Motor - koningdrone.be<\/title>\n<meta name=\"robots\" content=\"index, follow, max-snippet:-1, max-image-preview:large, max-video-preview:-1\" \/>\n<link rel=\"canonical\" href=\"https:\/\/koningdrone.be\/es\/producto\/dji-zenmuse-x9-focus-motor\/\" \/>\n<meta property=\"og:locale\" content=\"es_ES\" \/>\n<meta property=\"og:type\" content=\"article\" \/>\n<meta property=\"og:title\" content=\"DJI Zenmuse X9 Focus Motor\" \/>\n<meta property=\"og:description\" content=\"Compatibel met X9 Gimbal-camera Werkt met Ronin4D Integreert met DJI Three-Channel Follow Focus Maakt focuscontrole op handmatige lenzen mogelijk Compatibel met LiDAR-afstandsmeter Maakt autofocus op handmatige lenzen mogelijk\" \/>\n<meta property=\"og:url\" content=\"https:\/\/koningdrone.be\/es\/producto\/dji-zenmuse-x9-focus-motor\/\" \/>\n<meta property=\"og:site_name\" content=\"koningdrone.be\" \/>\n<meta property=\"article:modified_time\" content=\"2026-04-29T13:10:43+00:00\" \/>\n<meta property=\"og:image\" content=\"https:\/\/koningdrone.be\/wp-content\/uploads\/sites\/13\/2025\/04\/89099b291cdc63c3774b2d2f68148912@large.jpg\" \/>\n\t<meta property=\"og:image:width\" content=\"1200\" \/>\n\t<meta property=\"og:image:height\" content=\"800\" \/>\n\t<meta property=\"og:image:type\" content=\"image\/jpeg\" \/>\n<meta name=\"twitter:card\" content=\"summary_large_image\" \/>\n<meta name=\"twitter:label1\" content=\"Tiempo de lectura\" \/>\n\t<meta name=\"twitter:data1\" content=\"1 minuto\" \/>\n<script type=\"application\/ld+json\" class=\"yoast-schema-graph\">{\"@context\":\"https:\/\/schema.org\",\"@graph\":[{\"@type\":\"WebPage\",\"@id\":\"https:\/\/koningdrone.be\/product\/dji-zenmuse-x9-focus-motor\/\",\"url\":\"https:\/\/koningdrone.be\/product\/dji-zenmuse-x9-focus-motor\/\",\"name\":\"DJI Zenmuse X9 Focus Motor - koningdrone.be\",\"isPartOf\":{\"@id\":\"https:\/\/koningdrone.be\/#website\"},\"primaryImageOfPage\":{\"@id\":\"https:\/\/koningdrone.be\/product\/dji-zenmuse-x9-focus-motor\/#primaryimage\"},\"image\":{\"@id\":\"https:\/\/koningdrone.be\/product\/dji-zenmuse-x9-focus-motor\/#primaryimage\"},\"thumbnailUrl\":\"https:\/\/koningdrone.be\/wp-content\/uploads\/sites\/13\/2025\/04\/89099b291cdc63c3774b2d2f68148912@large.jpg\",\"datePublished\":\"2022-05-25T18:36:58+00:00\",\"dateModified\":\"2026-04-29T13:10:43+00:00\",\"breadcrumb\":{\"@id\":\"https:\/\/koningdrone.be\/product\/dji-zenmuse-x9-focus-motor\/#breadcrumb\"},\"inLanguage\":\"es\",\"potentialAction\":[{\"@type\":\"ReadAction\",\"target\":[\"https:\/\/koningdrone.be\/product\/dji-zenmuse-x9-focus-motor\/\"]}]},{\"@type\":\"ImageObject\",\"inLanguage\":\"es\",\"@id\":\"https:\/\/koningdrone.be\/product\/dji-zenmuse-x9-focus-motor\/#primaryimage\",\"url\":\"https:\/\/koningdrone.be\/wp-content\/uploads\/sites\/13\/2025\/04\/89099b291cdc63c3774b2d2f68148912@large.jpg\",\"contentUrl\":\"https:\/\/koningdrone.be\/wp-content\/uploads\/sites\/13\/2025\/04\/89099b291cdc63c3774b2d2f68148912@large.jpg\",\"width\":1200,\"height\":800},{\"@type\":\"BreadcrumbList\",\"@id\":\"https:\/\/koningdrone.be\/product\/dji-zenmuse-x9-focus-motor\/#breadcrumb\",\"itemListElement\":[{\"@type\":\"ListItem\",\"position\":1,\"name\":\"Home\",\"item\":\"https:\/\/koningdrone.be\/\"},{\"@type\":\"ListItem\",\"position\":2,\"name\":\"AVSS Parachute Recovery System for DJI Matrice 300\/350\",\"item\":\"https:\/\/koningdrone.be\/product\/avss-parachute-recovery-system-for-dji-matrice-300-350\/\"},{\"@type\":\"ListItem\",\"position\":3,\"name\":\"Alle gimbals en cameras\",\"item\":\"https:\/\/koningdrone.be\/categorie\/alle-gimbals-en-cameras\/\"},{\"@type\":\"ListItem\",\"position\":4,\"name\":\"DJI Zenmuse X9 Focus Motor\"}]},{\"@type\":\"WebSite\",\"@id\":\"https:\/\/koningdrone.be\/#website\",\"url\":\"https:\/\/koningdrone.be\/\",\"name\":\"Koningdrone.be - Uw online specialist in drones, gimbals, camera's en power stations.\",\"description\":\"De webshop in drones en gimbals\",\"publisher\":{\"@id\":\"https:\/\/koningdrone.be\/#organization\"},\"potentialAction\":[{\"@type\":\"SearchAction\",\"target\":{\"@type\":\"EntryPoint\",\"urlTemplate\":\"https:\/\/koningdrone.be\/?s={search_term_string}\"},\"query-input\":{\"@type\":\"PropertyValueSpecification\",\"valueRequired\":true,\"valueName\":\"search_term_string\"}}],\"inLanguage\":\"es\"},{\"@type\":\"Organization\",\"@id\":\"https:\/\/koningdrone.be\/#organization\",\"name\":\"Koningdrone.be\",\"url\":\"https:\/\/koningdrone.be\/\",\"logo\":{\"@type\":\"ImageObject\",\"inLanguage\":\"es\",\"@id\":\"https:\/\/koningdrone.be\/#\/schema\/logo\/image\/\",\"url\":\"https:\/\/koningdrone.be\/wp-content\/uploads\/sites\/13\/2025\/04\/koningdrone-copyright-logo.svg\",\"contentUrl\":\"https:\/\/koningdrone.be\/wp-content\/uploads\/sites\/13\/2025\/04\/koningdrone-copyright-logo.svg\",\"width\":227,\"height\":38,\"caption\":\"Koningdrone.be\"},\"image\":{\"@id\":\"https:\/\/koningdrone.be\/#\/schema\/logo\/image\/\"}}]}<\/script>\n<!-- \/ Yoast SEO Premium plugin. -->","yoast_head_json":{"title":"DJI Zenmuse X9 Focus Motor - koningdrone.be","robots":{"index":"index","follow":"follow","max-snippet":"max-snippet:-1","max-image-preview":"max-image-preview:large","max-video-preview":"max-video-preview:-1"},"canonical":"https:\/\/koningdrone.be\/es\/producto\/dji-zenmuse-x9-focus-motor\/","og_locale":"es_ES","og_type":"article","og_title":"DJI Zenmuse X9 Focus Motor","og_description":"Compatibel met X9 Gimbal-camera Werkt met Ronin4D Integreert met DJI Three-Channel Follow Focus Maakt focuscontrole op handmatige lenzen mogelijk Compatibel met LiDAR-afstandsmeter Maakt autofocus op handmatige lenzen mogelijk","og_url":"https:\/\/koningdrone.be\/es\/producto\/dji-zenmuse-x9-focus-motor\/","og_site_name":"koningdrone.be","article_modified_time":"2026-04-29T13:10:43+00:00","og_image":[{"width":1200,"height":800,"url":"https:\/\/koningdrone.be\/wp-content\/uploads\/sites\/13\/2025\/04\/89099b291cdc63c3774b2d2f68148912@large.jpg","type":"image\/jpeg"}],"twitter_card":"summary_large_image","twitter_misc":{"Tiempo de lectura":"1 minuto"},"schema":{"@context":"https:\/\/schema.org","@graph":[{"@type":"WebPage","@id":"https:\/\/koningdrone.be\/product\/dji-zenmuse-x9-focus-motor\/","url":"https:\/\/koningdrone.be\/product\/dji-zenmuse-x9-focus-motor\/","name":"DJI Zenmuse X9 Focus Motor - koningdrone.be","isPartOf":{"@id":"https:\/\/koningdrone.be\/#website"},"primaryImageOfPage":{"@id":"https:\/\/koningdrone.be\/product\/dji-zenmuse-x9-focus-motor\/#primaryimage"},"image":{"@id":"https:\/\/koningdrone.be\/product\/dji-zenmuse-x9-focus-motor\/#primaryimage"},"thumbnailUrl":"https:\/\/koningdrone.be\/wp-content\/uploads\/sites\/13\/2025\/04\/89099b291cdc63c3774b2d2f68148912@large.jpg","datePublished":"2022-05-25T18:36:58+00:00","dateModified":"2026-04-29T13:10:43+00:00","breadcrumb":{"@id":"https:\/\/koningdrone.be\/product\/dji-zenmuse-x9-focus-motor\/#breadcrumb"},"inLanguage":"es","potentialAction":[{"@type":"ReadAction","target":["https:\/\/koningdrone.be\/product\/dji-zenmuse-x9-focus-motor\/"]}]},{"@type":"ImageObject","inLanguage":"es","@id":"https:\/\/koningdrone.be\/product\/dji-zenmuse-x9-focus-motor\/#primaryimage","url":"https:\/\/koningdrone.be\/wp-content\/uploads\/sites\/13\/2025\/04\/89099b291cdc63c3774b2d2f68148912@large.jpg","contentUrl":"https:\/\/koningdrone.be\/wp-content\/uploads\/sites\/13\/2025\/04\/89099b291cdc63c3774b2d2f68148912@large.jpg","width":1200,"height":800},{"@type":"BreadcrumbList","@id":"https:\/\/koningdrone.be\/product\/dji-zenmuse-x9-focus-motor\/#breadcrumb","itemListElement":[{"@type":"ListItem","position":1,"name":"Home","item":"https:\/\/koningdrone.be\/"},{"@type":"ListItem","position":2,"name":"AVSS Parachute Recovery System for DJI Matrice 300\/350","item":"https:\/\/koningdrone.be\/product\/avss-parachute-recovery-system-for-dji-matrice-300-350\/"},{"@type":"ListItem","position":3,"name":"Alle gimbals en cameras","item":"https:\/\/koningdrone.be\/categorie\/alle-gimbals-en-cameras\/"},{"@type":"ListItem","position":4,"name":"DJI Zenmuse X9 Focus Motor"}]},{"@type":"WebSite","@id":"https:\/\/koningdrone.be\/#website","url":"https:\/\/koningdrone.be\/","name":"Koningdrone.be - Su especialista en l\u00ednea en drones, cardanes, c\u00e1maras y centrales el\u00e9ctricas.","description":"La tienda virtual de drones y cardanes","publisher":{"@id":"https:\/\/koningdrone.be\/#organization"},"potentialAction":[{"@type":"SearchAction","target":{"@type":"EntryPoint","urlTemplate":"https:\/\/koningdrone.be\/?s={search_term_string}"},"query-input":{"@type":"PropertyValueSpecification","valueRequired":true,"valueName":"search_term_string"}}],"inLanguage":"es"},{"@type":"Organization","@id":"https:\/\/koningdrone.be\/#organization","name":"Kingdrone.es","url":"https:\/\/koningdrone.be\/","logo":{"@type":"ImageObject","inLanguage":"es","@id":"https:\/\/koningdrone.be\/#\/schema\/logo\/image\/","url":"https:\/\/koningdrone.be\/wp-content\/uploads\/sites\/13\/2025\/04\/koningdrone-copyright-logo.svg","contentUrl":"https:\/\/koningdrone.be\/wp-content\/uploads\/sites\/13\/2025\/04\/koningdrone-copyright-logo.svg","width":227,"height":38,"caption":"Koningdrone.be"},"image":{"@id":"https:\/\/koningdrone.be\/#\/schema\/logo\/image\/"}}]}},"df_price":199,"df_sale_price":"","df_regular_price":199,"df_image_link":"https:\/\/koningdrone.be\/wp-content\/uploads\/sites\/13\/2025\/04\/89099b291cdc63c3774b2d2f68148912@large-300x200.jpg","_links":{"self":[{"href":"https:\/\/koningdrone.be\/es\/wp-json\/wp\/v2\/product\/5797","targetHints":{"allow":["GET"]}}],"collection":[{"href":"https:\/\/koningdrone.be\/es\/wp-json\/wp\/v2\/product"}],"about":[{"href":"https:\/\/koningdrone.be\/es\/wp-json\/wp\/v2\/types\/product"}],"wp:featuredmedia":[{"embeddable":true,"href":"https:\/\/koningdrone.be\/es\/wp-json\/wp\/v2\/media\/5795"}],"wp:attachment":[{"href":"https:\/\/koningdrone.be\/es\/wp-json\/wp\/v2\/media?parent=5797"}],"wp:term":[{"taxonomy":"product_brand","embeddable":true,"href":"https:\/\/koningdrone.be\/es\/wp-json\/wp\/v2\/product_brand?post=5797"},{"taxonomy":"product_cat","embeddable":true,"href":"https:\/\/koningdrone.be\/es\/wp-json\/wp\/v2\/product_cat?post=5797"},{"taxonomy":"product_tag","embeddable":true,"href":"https:\/\/koningdrone.be\/es\/wp-json\/wp\/v2\/product_tag?post=5797"}],"curies":[{"name":"wp","href":"https:\/\/api.w.org\/{rel}","templated":true}]}}