{"id":5746,"date":"2022-05-25T20:37:28","date_gmt":"2022-05-25T18:37:28","guid":{"rendered":"https:\/\/koningdrone.nl\/kon\/product\/dji-matrice-30-battery-pack-tb30-p08\/"},"modified":"2026-04-29T03:40:23","modified_gmt":"2026-04-29T01:40:23","slug":"dji-matrice-30-battery-pack-tb30-p08","status":"publish","type":"product","link":"https:\/\/koningdrone.be\/es\/producto\/dji-matrice-30-battery-pack-tb30-p08\/","title":{"rendered":"Bater\u00eda de vuelo inteligente Matrice Serie 30 TB30"},"content":{"rendered":"<p><strong>Introducci\u00f3n a la bater\u00eda inteligente TB30<\/strong><\/p>\n<p>La bater\u00eda inteligente TB30 destaca como una soluci\u00f3n avanzada dise\u00f1ada para un uso operativo eficiente y a largo plazo. Fabricada prestando una atenci\u00f3n meticulosa a las necesidades de los entornos m\u00e1s exigentes, esta bater\u00eda dispone de funciones avanzadas para autocalentarse y soportar hasta 400 ciclos de carga. Este enfoque innovador garantiza longevidad y fiabilidad, esenciales para tareas que requieren un suministro de energ\u00eda constante.<\/p>\n<p><strong>Mayor facilidad de uso y eficacia<\/strong><\/p>\n<p>El coraz\u00f3n del dise\u00f1o de la Bater\u00eda Inteligente TB30 es su capacidad de autocalentamiento. Esta caracter\u00edstica es crucial para mantener un rendimiento \u00f3ptimo en condiciones clim\u00e1ticas variadas y adversas, garantizando que su equipo est\u00e9 listo para su uso en poco tiempo. La eficiencia se ve reforzada por la notable resistencia de la bater\u00eda, que es capaz de soportar innumerables ciclos de carga sin una degradaci\u00f3n significativa del rendimiento.<\/p>\n<p><strong>Tecnolog\u00eda de sustituci\u00f3n de m\u00f3dulos calientes<\/strong><\/p>\n<p>La introducci\u00f3n de la tecnolog\u00eda Hot Module Replacement representa un importante avance para minimizar el tiempo de inactividad durante las operaciones cr\u00edticas. Esta tecnolog\u00eda permite sustituir las bater\u00edas de forma r\u00e1pida y sin esfuerzo, sin necesidad de interrumpir o suspender el flujo de trabajo. Esto garantiza que sus misiones o proyectos puedan desarrollarse sin problemas, sin los inconvenientes que suponen las interrupciones prolongadas para sustituir las bater\u00edas.<\/p>\n<p><strong>Garantizar misiones de vuelo fluidas y sin interrupciones<\/strong><\/p>\n<p>Gracias a la perfecta integraci\u00f3n de funciones como la capacidad de autocalentamiento y la tecnolog\u00eda Hot Module Replacement, la bater\u00eda inteligente TB30 establece un nuevo est\u00e1ndar para aplicaciones de misi\u00f3n cr\u00edtica. Est\u00e1 dise\u00f1ada espec\u00edficamente para garantizar que sus misiones de vuelo u operaciones remotas contin\u00faen sin problemas, reforzando el concepto de un suministro de energ\u00eda ininterrumpido y fiable. Esto la hace inestimable en escenarios en los que la eficiencia y la fiabilidad son primordiales.<\/p>\n<p>&nbsp;<\/p>","protected":false},"excerpt":{"rendered":"<ul>\n<li>Capacidad de autocalentamiento<\/li>\n<li>Hasta 400 ciclos de carga<\/li>\n<li>Admite la sustituci\u00f3n de m\u00f3dulos en caliente<\/li>\n<li>Mejora la fluidez de las operaciones de vuelo<\/li>\n<li>Ahorro de tiempo en tareas cr\u00edticas<\/li>\n<\/ul>","protected":false},"featured_media":5744,"template":"","meta":{"_acf_changed":false},"product_brand":[],"product_cat":[113,97,426,149,543],"product_tag":[],"class_list":{"0":"post-5746","1":"product","2":"type-product","3":"status-publish","4":"has-post-thumbnail","6":"product_cat-alle-batterijen","7":"product_cat-alle-producten","8":"product_cat-dji-matrice","9":"product_cat-dji-matrice-30","10":"product_cat-dji-matrice-30t","11":"product_shipping_class-uavspacesall","12":"pa_brand-dji","13":"pa_productfamily-batterij","14":"pa_producttype-batterij","15":"pa_series-matrice-30","17":"first","18":"instock","19":"taxable","20":"shipping-taxable","21":"purchasable","22":"product-type-simple"},"acf":[],"yoast_head":"<!-- This site is optimized with the Yoast SEO Premium plugin v27.2 (Yoast SEO v27.2) - https:\/\/yoast.com\/product\/yoast-seo-premium-wordpress\/ -->\n<title>Matrice 30 Series TB30 Intelligent Flight Battery - koningdrone.be<\/title>\n<meta name=\"robots\" content=\"index, follow, max-snippet:-1, max-image-preview:large, max-video-preview:-1\" \/>\n<link rel=\"canonical\" href=\"https:\/\/koningdrone.be\/es\/producto\/dji-matrice-30-battery-pack-tb30-p08\/\" \/>\n<meta property=\"og:locale\" content=\"es_ES\" \/>\n<meta property=\"og:type\" content=\"article\" \/>\n<meta property=\"og:title\" content=\"Matrice 30 Series TB30 Intelligent Flight Battery\" \/>\n<meta property=\"og:description\" content=\"Zelfverwarmende mogelijkheden  Tot 400 oplaadcycli  Ondersteunt vervanging van hot-modules  Verbetert soepele vluchtoperaties  Tijdbesparend tijdens kritieke taken\" \/>\n<meta property=\"og:url\" content=\"https:\/\/koningdrone.be\/es\/producto\/dji-matrice-30-battery-pack-tb30-p08\/\" \/>\n<meta property=\"og:site_name\" content=\"koningdrone.be\" \/>\n<meta property=\"article:modified_time\" content=\"2026-04-29T01:40:23+00:00\" \/>\n<meta property=\"og:image\" content=\"https:\/\/koningdrone.be\/wp-content\/uploads\/sites\/13\/2025\/04\/432bdbd826bb3f3c648f22ff9ba410b7@large.jpg\" \/>\n\t<meta property=\"og:image:width\" content=\"1200\" \/>\n\t<meta property=\"og:image:height\" content=\"800\" \/>\n\t<meta property=\"og:image:type\" content=\"image\/jpeg\" \/>\n<meta name=\"twitter:card\" content=\"summary_large_image\" \/>\n<meta name=\"twitter:label1\" content=\"Tiempo de lectura\" \/>\n\t<meta name=\"twitter:data1\" content=\"1 minuto\" \/>\n<script type=\"application\/ld+json\" class=\"yoast-schema-graph\">{\"@context\":\"https:\/\/schema.org\",\"@graph\":[{\"@type\":\"WebPage\",\"@id\":\"https:\/\/koningdrone.be\/product\/dji-matrice-30-battery-pack-tb30-p08\/\",\"url\":\"https:\/\/koningdrone.be\/product\/dji-matrice-30-battery-pack-tb30-p08\/\",\"name\":\"Matrice 30 Series TB30 Intelligent Flight Battery - koningdrone.be\",\"isPartOf\":{\"@id\":\"https:\/\/koningdrone.be\/#website\"},\"primaryImageOfPage\":{\"@id\":\"https:\/\/koningdrone.be\/product\/dji-matrice-30-battery-pack-tb30-p08\/#primaryimage\"},\"image\":{\"@id\":\"https:\/\/koningdrone.be\/product\/dji-matrice-30-battery-pack-tb30-p08\/#primaryimage\"},\"thumbnailUrl\":\"https:\/\/koningdrone.be\/wp-content\/uploads\/sites\/13\/2025\/04\/432bdbd826bb3f3c648f22ff9ba410b7@large.jpg\",\"datePublished\":\"2022-05-25T18:37:28+00:00\",\"dateModified\":\"2026-04-29T01:40:23+00:00\",\"breadcrumb\":{\"@id\":\"https:\/\/koningdrone.be\/product\/dji-matrice-30-battery-pack-tb30-p08\/#breadcrumb\"},\"inLanguage\":\"es\",\"potentialAction\":[{\"@type\":\"ReadAction\",\"target\":[\"https:\/\/koningdrone.be\/product\/dji-matrice-30-battery-pack-tb30-p08\/\"]}]},{\"@type\":\"ImageObject\",\"inLanguage\":\"es\",\"@id\":\"https:\/\/koningdrone.be\/product\/dji-matrice-30-battery-pack-tb30-p08\/#primaryimage\",\"url\":\"https:\/\/koningdrone.be\/wp-content\/uploads\/sites\/13\/2025\/04\/432bdbd826bb3f3c648f22ff9ba410b7@large.jpg\",\"contentUrl\":\"https:\/\/koningdrone.be\/wp-content\/uploads\/sites\/13\/2025\/04\/432bdbd826bb3f3c648f22ff9ba410b7@large.jpg\",\"width\":1200,\"height\":800},{\"@type\":\"BreadcrumbList\",\"@id\":\"https:\/\/koningdrone.be\/product\/dji-matrice-30-battery-pack-tb30-p08\/#breadcrumb\",\"itemListElement\":[{\"@type\":\"ListItem\",\"position\":1,\"name\":\"Home\",\"item\":\"https:\/\/koningdrone.be\/\"},{\"@type\":\"ListItem\",\"position\":2,\"name\":\"AVSS Parachute Recovery System for DJI Matrice 300\/350\",\"item\":\"https:\/\/koningdrone.be\/product\/avss-parachute-recovery-system-for-dji-matrice-300-350\/\"},{\"@type\":\"ListItem\",\"position\":3,\"name\":\"Alle batterijen\",\"item\":\"https:\/\/koningdrone.be\/categorie\/alle-batterijen\/\"},{\"@type\":\"ListItem\",\"position\":4,\"name\":\"Matrice 30 Series TB30 Intelligent Flight Battery\"}]},{\"@type\":\"WebSite\",\"@id\":\"https:\/\/koningdrone.be\/#website\",\"url\":\"https:\/\/koningdrone.be\/\",\"name\":\"Koningdrone.be - Uw online specialist in drones, gimbals, camera's en power stations.\",\"description\":\"De webshop in drones en gimbals\",\"publisher\":{\"@id\":\"https:\/\/koningdrone.be\/#organization\"},\"potentialAction\":[{\"@type\":\"SearchAction\",\"target\":{\"@type\":\"EntryPoint\",\"urlTemplate\":\"https:\/\/koningdrone.be\/?s={search_term_string}\"},\"query-input\":{\"@type\":\"PropertyValueSpecification\",\"valueRequired\":true,\"valueName\":\"search_term_string\"}}],\"inLanguage\":\"es\"},{\"@type\":\"Organization\",\"@id\":\"https:\/\/koningdrone.be\/#organization\",\"name\":\"Koningdrone.be\",\"url\":\"https:\/\/koningdrone.be\/\",\"logo\":{\"@type\":\"ImageObject\",\"inLanguage\":\"es\",\"@id\":\"https:\/\/koningdrone.be\/#\/schema\/logo\/image\/\",\"url\":\"https:\/\/koningdrone.be\/wp-content\/uploads\/sites\/13\/2025\/04\/koningdrone-copyright-logo.svg\",\"contentUrl\":\"https:\/\/koningdrone.be\/wp-content\/uploads\/sites\/13\/2025\/04\/koningdrone-copyright-logo.svg\",\"width\":227,\"height\":38,\"caption\":\"Koningdrone.be\"},\"image\":{\"@id\":\"https:\/\/koningdrone.be\/#\/schema\/logo\/image\/\"}}]}<\/script>\n<!-- \/ Yoast SEO Premium plugin. -->","yoast_head_json":{"title":"Matrice 30 Series TB30 Intelligent Flight Battery - koningdrone.be","robots":{"index":"index","follow":"follow","max-snippet":"max-snippet:-1","max-image-preview":"max-image-preview:large","max-video-preview":"max-video-preview:-1"},"canonical":"https:\/\/koningdrone.be\/es\/producto\/dji-matrice-30-battery-pack-tb30-p08\/","og_locale":"es_ES","og_type":"article","og_title":"Matrice 30 Series TB30 Intelligent Flight Battery","og_description":"Zelfverwarmende mogelijkheden  Tot 400 oplaadcycli  Ondersteunt vervanging van hot-modules  Verbetert soepele vluchtoperaties  Tijdbesparend tijdens kritieke taken","og_url":"https:\/\/koningdrone.be\/es\/producto\/dji-matrice-30-battery-pack-tb30-p08\/","og_site_name":"koningdrone.be","article_modified_time":"2026-04-29T01:40:23+00:00","og_image":[{"width":1200,"height":800,"url":"https:\/\/koningdrone.be\/wp-content\/uploads\/sites\/13\/2025\/04\/432bdbd826bb3f3c648f22ff9ba410b7@large.jpg","type":"image\/jpeg"}],"twitter_card":"summary_large_image","twitter_misc":{"Tiempo de lectura":"1 minuto"},"schema":{"@context":"https:\/\/schema.org","@graph":[{"@type":"WebPage","@id":"https:\/\/koningdrone.be\/product\/dji-matrice-30-battery-pack-tb30-p08\/","url":"https:\/\/koningdrone.be\/product\/dji-matrice-30-battery-pack-tb30-p08\/","name":"Matrice 30 Series TB30 Intelligent Flight Battery - koningdrone.be","isPartOf":{"@id":"https:\/\/koningdrone.be\/#website"},"primaryImageOfPage":{"@id":"https:\/\/koningdrone.be\/product\/dji-matrice-30-battery-pack-tb30-p08\/#primaryimage"},"image":{"@id":"https:\/\/koningdrone.be\/product\/dji-matrice-30-battery-pack-tb30-p08\/#primaryimage"},"thumbnailUrl":"https:\/\/koningdrone.be\/wp-content\/uploads\/sites\/13\/2025\/04\/432bdbd826bb3f3c648f22ff9ba410b7@large.jpg","datePublished":"2022-05-25T18:37:28+00:00","dateModified":"2026-04-29T01:40:23+00:00","breadcrumb":{"@id":"https:\/\/koningdrone.be\/product\/dji-matrice-30-battery-pack-tb30-p08\/#breadcrumb"},"inLanguage":"es","potentialAction":[{"@type":"ReadAction","target":["https:\/\/koningdrone.be\/product\/dji-matrice-30-battery-pack-tb30-p08\/"]}]},{"@type":"ImageObject","inLanguage":"es","@id":"https:\/\/koningdrone.be\/product\/dji-matrice-30-battery-pack-tb30-p08\/#primaryimage","url":"https:\/\/koningdrone.be\/wp-content\/uploads\/sites\/13\/2025\/04\/432bdbd826bb3f3c648f22ff9ba410b7@large.jpg","contentUrl":"https:\/\/koningdrone.be\/wp-content\/uploads\/sites\/13\/2025\/04\/432bdbd826bb3f3c648f22ff9ba410b7@large.jpg","width":1200,"height":800},{"@type":"BreadcrumbList","@id":"https:\/\/koningdrone.be\/product\/dji-matrice-30-battery-pack-tb30-p08\/#breadcrumb","itemListElement":[{"@type":"ListItem","position":1,"name":"Home","item":"https:\/\/koningdrone.be\/"},{"@type":"ListItem","position":2,"name":"AVSS Parachute Recovery System for DJI Matrice 300\/350","item":"https:\/\/koningdrone.be\/product\/avss-parachute-recovery-system-for-dji-matrice-300-350\/"},{"@type":"ListItem","position":3,"name":"Alle batterijen","item":"https:\/\/koningdrone.be\/categorie\/alle-batterijen\/"},{"@type":"ListItem","position":4,"name":"Matrice 30 Series TB30 Intelligent Flight Battery"}]},{"@type":"WebSite","@id":"https:\/\/koningdrone.be\/#website","url":"https:\/\/koningdrone.be\/","name":"Koningdrone.be - Su especialista en l\u00ednea en drones, cardanes, c\u00e1maras y centrales el\u00e9ctricas.","description":"La tienda virtual de drones y cardanes","publisher":{"@id":"https:\/\/koningdrone.be\/#organization"},"potentialAction":[{"@type":"SearchAction","target":{"@type":"EntryPoint","urlTemplate":"https:\/\/koningdrone.be\/?s={search_term_string}"},"query-input":{"@type":"PropertyValueSpecification","valueRequired":true,"valueName":"search_term_string"}}],"inLanguage":"es"},{"@type":"Organization","@id":"https:\/\/koningdrone.be\/#organization","name":"Kingdrone.es","url":"https:\/\/koningdrone.be\/","logo":{"@type":"ImageObject","inLanguage":"es","@id":"https:\/\/koningdrone.be\/#\/schema\/logo\/image\/","url":"https:\/\/koningdrone.be\/wp-content\/uploads\/sites\/13\/2025\/04\/koningdrone-copyright-logo.svg","contentUrl":"https:\/\/koningdrone.be\/wp-content\/uploads\/sites\/13\/2025\/04\/koningdrone-copyright-logo.svg","width":227,"height":38,"caption":"Koningdrone.be"},"image":{"@id":"https:\/\/koningdrone.be\/#\/schema\/logo\/image\/"}}]}},"df_price":325,"df_sale_price":"","df_regular_price":325,"df_image_link":"https:\/\/koningdrone.be\/wp-content\/uploads\/sites\/13\/2025\/04\/432bdbd826bb3f3c648f22ff9ba410b7@large-300x200.jpg","_links":{"self":[{"href":"https:\/\/koningdrone.be\/es\/wp-json\/wp\/v2\/product\/5746","targetHints":{"allow":["GET"]}}],"collection":[{"href":"https:\/\/koningdrone.be\/es\/wp-json\/wp\/v2\/product"}],"about":[{"href":"https:\/\/koningdrone.be\/es\/wp-json\/wp\/v2\/types\/product"}],"wp:featuredmedia":[{"embeddable":true,"href":"https:\/\/koningdrone.be\/es\/wp-json\/wp\/v2\/media\/5744"}],"wp:attachment":[{"href":"https:\/\/koningdrone.be\/es\/wp-json\/wp\/v2\/media?parent=5746"}],"wp:term":[{"taxonomy":"product_brand","embeddable":true,"href":"https:\/\/koningdrone.be\/es\/wp-json\/wp\/v2\/product_brand?post=5746"},{"taxonomy":"product_cat","embeddable":true,"href":"https:\/\/koningdrone.be\/es\/wp-json\/wp\/v2\/product_cat?post=5746"},{"taxonomy":"product_tag","embeddable":true,"href":"https:\/\/koningdrone.be\/es\/wp-json\/wp\/v2\/product_tag?post=5746"}],"curies":[{"name":"wp","href":"https:\/\/api.w.org\/{rel}","templated":true}]}}