{"id":5735,"date":"2022-05-25T20:37:28","date_gmt":"2022-05-25T18:37:28","guid":{"rendered":"https:\/\/koningdrone.nl\/kon\/product\/dji-care-refresh-2-years-for-mavic-3\/"},"modified":"2026-04-29T07:41:09","modified_gmt":"2026-04-29T05:41:09","slug":"dji-care-refresh-2-years-for-mavic-3","status":"publish","type":"product","link":"https:\/\/koningdrone.be\/es\/producto\/dji-care-refresh-2-years-for-mavic-3\/","title":{"rendered":"DJI Care Refresh 2 a\u00f1os para Mavic 3"},"content":{"rendered":"<h1>   DJI Care Refresh 2 a\u00f1os para Mavic 3 <\/h1>\n<p>Por un peque\u00f1o coste adicional, DJI Care Refresh (contrato de 2 a\u00f1os) ofrece tres unidades de repuesto en 24 meses y protecci\u00f3n contra accidentes, da\u00f1os por agua, incidentes de vuelo, desgaste natural y otros da\u00f1os accidentales. Otros servicios exclusivos incluyen env\u00edo gratuito de ida y vuelta, servicio t\u00e9cnico exclusivo y mucho m\u00e1s.<br \/>DJI Care Refresh es un paquete de protecci\u00f3n integral que ofrece un servicio de sustituci\u00f3n asequible y cobertura por da\u00f1os accidentales. Disfruta de tu producto DJI con tranquilidad vayas donde vayas.<br \/>Tres dispositivos de cambio r\u00e1pido<br \/>DJI Care Refresh (plan de 2 a\u00f1os) incluye hasta 3 unidades de reemplazo en 24 meses, incluyendo dos incidentes vol\u00e1tiles. Las unidades de sustituci\u00f3n son totalmente nuevas o productos totalmente nuevos en t\u00e9rminos de rendimiento y fiabilidad. La primera cuota de sustituci\u00f3n de DJI Care Refresh para DJI Mavic 3 es de 159 euros, la segunda de 199 euros y la tercera de 219 euros. Si se solicita protecci\u00f3n de vuelo, el coste es de 699 \u20ac.<br \/>Protecci\u00f3n contra el vuelo<br \/>La protecci\u00f3n DJI Care Refresh cubre situaciones en las que los dispositivos se pierden durante el vuelo.<br \/>*Para utilizar la Protecci\u00f3n Flyaway, debes haber emparejado tu cuenta DJI y el mando a distancia con el dron a trav\u00e9s de la aplicaci\u00f3n DJI Fly. La protecci\u00f3n Flyaway solo se puede reclamar si el emparejamiento se ha completado antes del incidente Flyaway.<br \/>Cobertura total<br \/>Los da\u00f1os accidentales, como colisiones, da\u00f1os por agua, etc., est\u00e1n cubiertos por el servicio de sustituci\u00f3n. El dispositivo de sustituci\u00f3n es un dispositivo completamente nuevo o como nuevo.<br \/>Ahorre un tiempo valioso<br \/>La nueva opci\u00f3n expr\u00e9s permite a los clientes saltarse por completo el proceso de evaluaci\u00f3n de da\u00f1os. Un centro de servicio DJI enviar\u00e1 una unidad de sustituci\u00f3n inmediatamente despu\u00e9s de recibir el dron da\u00f1ado.<br \/>Programa de mantenimiento profesional<br \/>Los Centros de Servicio DJI ofrecen un programa de mantenimiento profesional que incluye inspecciones, actualizaciones, limpieza y sustituci\u00f3n de piezas de f\u00e1cil desgaste. El plan DJI Care Refresh de 2 a\u00f1os ofrece hasta 2 servicios de mantenimiento de f\u00e1brica en 2 a\u00f1os.<br \/>Descuentos exclusivos en reparaciones<br \/>Los costes de reparaci\u00f3n no son un problema, incluso si un accidente est\u00e1 cubierto por el paquete de protecci\u00f3n. DJI Care Refresh ofrece descuentos exclusivos para servicios de reparaci\u00f3n de alta calidad. El contrato de 2 a\u00f1os DJI Care Refresh ofrece 3 descuentos en servicios de reparaci\u00f3n en 24 meses.<br \/>Bonificaci\u00f3n para volar con seguridad<br \/>Si no ha utilizado los servicios de sustituci\u00f3n o reparaci\u00f3n durante todo el periodo de servicio, DJI le ofrecer\u00e1 una ampliaci\u00f3n de la garant\u00eda de un a\u00f1o como bonificaci\u00f3n.<br \/>Env\u00edo gratuito<br \/>DJI pagar\u00e1 los gastos de env\u00edo si el producto se env\u00eda para su sustituci\u00f3n.<br \/>Servicio exclusivo<br \/>DJI Care ofrece canales de servicio exclusivos para soporte t\u00e9cnico, incluyendo chat online y l\u00ednea telef\u00f3nica directa. Las consultas se reenv\u00edan a los canales de servicio de DJI Care para un intercambio r\u00e1pido.<br \/>*Para m\u00e1s informaci\u00f3n sobre DJI Care Refresh Service, vaya a Soporte en el sitio web oficial de DJI.<br \/>consejos:<br \/>1. DJI Care Refresh puede vincularse a un producto DJI bajo los siguientes criterios:<br \/>- Productos nuevos e inactivos<br \/>- Suspensiones a\u00e9reas o card\u00e1nicas activadas hace menos de 48 horas.<br \/>2. DJI Care Refresh s\u00f3lo est\u00e1 permitido en la regi\u00f3n en la que se adquiri\u00f3 el producto. Para garantizar que puedes utilizar el servicio con normalidad, DJI Care Refresh y el producto asociado deben haberse adquirido en el mismo pa\u00eds o regi\u00f3n.<\/p>","protected":false},"excerpt":{"rendered":"<ul>\n<li>seguro cheur. Validez de 2 a\u00f1os.<\/li>\n<li>ompatible con DJI Mavic 3 Standard.<\/li>\n<\/ul>","protected":false},"featured_media":5734,"template":"","meta":{"_acf_changed":false},"product_brand":[],"product_cat":[175,97,871,137],"product_tag":[],"class_list":{"0":"post-5735","1":"product","2":"type-product","3":"status-publish","4":"has-post-thumbnail","6":"product_cat-alle-care-refresh","7":"product_cat-alle-producten","8":"product_cat-dji-mavic","9":"product_cat-dji-mavic-3","10":"product_shipping_class-outofstock","11":"pa_brand-dji","12":"pa_productfamily-care-refresh","13":"pa_producttype-care-refresh","14":"pa_series-mavic-3","16":"first","17":"outofstock","18":"taxable","19":"shipping-taxable","20":"product-type-simple"},"acf":[],"yoast_head":"<!-- This site is optimized with the Yoast SEO Premium plugin v27.2 (Yoast SEO v27.2) - https:\/\/yoast.com\/product\/yoast-seo-premium-wordpress\/ -->\n<title>DJI Care Refresh 2 Years for Mavic 3 - koningdrone.be<\/title>\n<meta name=\"robots\" content=\"index, follow, max-snippet:-1, max-image-preview:large, max-video-preview:-1\" \/>\n<link rel=\"canonical\" href=\"https:\/\/koningdrone.be\/es\/producto\/dji-care-refresh-2-years-for-mavic-3\/\" \/>\n<meta property=\"og:locale\" content=\"es_ES\" \/>\n<meta property=\"og:type\" content=\"article\" \/>\n<meta property=\"og:title\" content=\"DJI Care Refresh 2 Years for Mavic 3\" \/>\n<meta property=\"og:description\" content=\"cheurverzekering. Geldigheid van 2 jaar.ompatibel met DJI Mavic 3 Standard.\" \/>\n<meta property=\"og:url\" content=\"https:\/\/koningdrone.be\/es\/producto\/dji-care-refresh-2-years-for-mavic-3\/\" \/>\n<meta property=\"og:site_name\" content=\"koningdrone.be\" \/>\n<meta property=\"article:modified_time\" content=\"2026-04-29T05:41:09+00:00\" \/>\n<meta property=\"og:image\" content=\"https:\/\/koningdrone.be\/wp-content\/uploads\/sites\/13\/2025\/04\/6941565921215-1.jpg\" \/>\n\t<meta property=\"og:image:width\" content=\"600\" \/>\n\t<meta property=\"og:image:height\" content=\"600\" \/>\n\t<meta property=\"og:image:type\" content=\"image\/jpeg\" \/>\n<meta name=\"twitter:card\" content=\"summary_large_image\" \/>\n<meta name=\"twitter:label1\" content=\"Tiempo de lectura\" \/>\n\t<meta name=\"twitter:data1\" content=\"2 minutos\" \/>\n<script type=\"application\/ld+json\" class=\"yoast-schema-graph\">{\"@context\":\"https:\/\/schema.org\",\"@graph\":[{\"@type\":\"WebPage\",\"@id\":\"https:\/\/koningdrone.be\/product\/dji-care-refresh-2-years-for-mavic-3\/\",\"url\":\"https:\/\/koningdrone.be\/product\/dji-care-refresh-2-years-for-mavic-3\/\",\"name\":\"DJI Care Refresh 2 Years for Mavic 3 - koningdrone.be\",\"isPartOf\":{\"@id\":\"https:\/\/koningdrone.be\/#website\"},\"primaryImageOfPage\":{\"@id\":\"https:\/\/koningdrone.be\/product\/dji-care-refresh-2-years-for-mavic-3\/#primaryimage\"},\"image\":{\"@id\":\"https:\/\/koningdrone.be\/product\/dji-care-refresh-2-years-for-mavic-3\/#primaryimage\"},\"thumbnailUrl\":\"https:\/\/koningdrone.be\/wp-content\/uploads\/sites\/13\/2025\/04\/6941565921215-1.jpg\",\"datePublished\":\"2022-05-25T18:37:28+00:00\",\"dateModified\":\"2026-04-29T05:41:09+00:00\",\"breadcrumb\":{\"@id\":\"https:\/\/koningdrone.be\/product\/dji-care-refresh-2-years-for-mavic-3\/#breadcrumb\"},\"inLanguage\":\"es\",\"potentialAction\":[{\"@type\":\"ReadAction\",\"target\":[\"https:\/\/koningdrone.be\/product\/dji-care-refresh-2-years-for-mavic-3\/\"]}]},{\"@type\":\"ImageObject\",\"inLanguage\":\"es\",\"@id\":\"https:\/\/koningdrone.be\/product\/dji-care-refresh-2-years-for-mavic-3\/#primaryimage\",\"url\":\"https:\/\/koningdrone.be\/wp-content\/uploads\/sites\/13\/2025\/04\/6941565921215-1.jpg\",\"contentUrl\":\"https:\/\/koningdrone.be\/wp-content\/uploads\/sites\/13\/2025\/04\/6941565921215-1.jpg\",\"width\":600,\"height\":600},{\"@type\":\"BreadcrumbList\",\"@id\":\"https:\/\/koningdrone.be\/product\/dji-care-refresh-2-years-for-mavic-3\/#breadcrumb\",\"itemListElement\":[{\"@type\":\"ListItem\",\"position\":1,\"name\":\"Home\",\"item\":\"https:\/\/koningdrone.be\/\"},{\"@type\":\"ListItem\",\"position\":2,\"name\":\"AVSS Parachute Recovery System for DJI Matrice 300\/350\",\"item\":\"https:\/\/koningdrone.be\/product\/avss-parachute-recovery-system-for-dji-matrice-300-350\/\"},{\"@type\":\"ListItem\",\"position\":3,\"name\":\"Alle care refresh\",\"item\":\"https:\/\/koningdrone.be\/categorie\/alle-care-refresh\/\"},{\"@type\":\"ListItem\",\"position\":4,\"name\":\"DJI Care Refresh 2 Years for Mavic 3\"}]},{\"@type\":\"WebSite\",\"@id\":\"https:\/\/koningdrone.be\/#website\",\"url\":\"https:\/\/koningdrone.be\/\",\"name\":\"Koningdrone.be - Uw online specialist in drones, gimbals, camera's en power stations.\",\"description\":\"De webshop in drones en gimbals\",\"publisher\":{\"@id\":\"https:\/\/koningdrone.be\/#organization\"},\"potentialAction\":[{\"@type\":\"SearchAction\",\"target\":{\"@type\":\"EntryPoint\",\"urlTemplate\":\"https:\/\/koningdrone.be\/?s={search_term_string}\"},\"query-input\":{\"@type\":\"PropertyValueSpecification\",\"valueRequired\":true,\"valueName\":\"search_term_string\"}}],\"inLanguage\":\"es\"},{\"@type\":\"Organization\",\"@id\":\"https:\/\/koningdrone.be\/#organization\",\"name\":\"Koningdrone.be\",\"url\":\"https:\/\/koningdrone.be\/\",\"logo\":{\"@type\":\"ImageObject\",\"inLanguage\":\"es\",\"@id\":\"https:\/\/koningdrone.be\/#\/schema\/logo\/image\/\",\"url\":\"https:\/\/koningdrone.be\/wp-content\/uploads\/sites\/13\/2025\/04\/koningdrone-copyright-logo.svg\",\"contentUrl\":\"https:\/\/koningdrone.be\/wp-content\/uploads\/sites\/13\/2025\/04\/koningdrone-copyright-logo.svg\",\"width\":227,\"height\":38,\"caption\":\"Koningdrone.be\"},\"image\":{\"@id\":\"https:\/\/koningdrone.be\/#\/schema\/logo\/image\/\"}}]}<\/script>\n<!-- \/ Yoast SEO Premium plugin. -->","yoast_head_json":{"title":"DJI Care Refresh 2 Years for Mavic 3 - koningdrone.be","robots":{"index":"index","follow":"follow","max-snippet":"max-snippet:-1","max-image-preview":"max-image-preview:large","max-video-preview":"max-video-preview:-1"},"canonical":"https:\/\/koningdrone.be\/es\/producto\/dji-care-refresh-2-years-for-mavic-3\/","og_locale":"es_ES","og_type":"article","og_title":"DJI Care Refresh 2 Years for Mavic 3","og_description":"cheurverzekering. Geldigheid van 2 jaar.ompatibel met DJI Mavic 3 Standard.","og_url":"https:\/\/koningdrone.be\/es\/producto\/dji-care-refresh-2-years-for-mavic-3\/","og_site_name":"koningdrone.be","article_modified_time":"2026-04-29T05:41:09+00:00","og_image":[{"width":600,"height":600,"url":"https:\/\/koningdrone.be\/wp-content\/uploads\/sites\/13\/2025\/04\/6941565921215-1.jpg","type":"image\/jpeg"}],"twitter_card":"summary_large_image","twitter_misc":{"Tiempo de lectura":"2 minutos"},"schema":{"@context":"https:\/\/schema.org","@graph":[{"@type":"WebPage","@id":"https:\/\/koningdrone.be\/product\/dji-care-refresh-2-years-for-mavic-3\/","url":"https:\/\/koningdrone.be\/product\/dji-care-refresh-2-years-for-mavic-3\/","name":"DJI Care Refresh 2 Years for Mavic 3 - koningdrone.be","isPartOf":{"@id":"https:\/\/koningdrone.be\/#website"},"primaryImageOfPage":{"@id":"https:\/\/koningdrone.be\/product\/dji-care-refresh-2-years-for-mavic-3\/#primaryimage"},"image":{"@id":"https:\/\/koningdrone.be\/product\/dji-care-refresh-2-years-for-mavic-3\/#primaryimage"},"thumbnailUrl":"https:\/\/koningdrone.be\/wp-content\/uploads\/sites\/13\/2025\/04\/6941565921215-1.jpg","datePublished":"2022-05-25T18:37:28+00:00","dateModified":"2026-04-29T05:41:09+00:00","breadcrumb":{"@id":"https:\/\/koningdrone.be\/product\/dji-care-refresh-2-years-for-mavic-3\/#breadcrumb"},"inLanguage":"es","potentialAction":[{"@type":"ReadAction","target":["https:\/\/koningdrone.be\/product\/dji-care-refresh-2-years-for-mavic-3\/"]}]},{"@type":"ImageObject","inLanguage":"es","@id":"https:\/\/koningdrone.be\/product\/dji-care-refresh-2-years-for-mavic-3\/#primaryimage","url":"https:\/\/koningdrone.be\/wp-content\/uploads\/sites\/13\/2025\/04\/6941565921215-1.jpg","contentUrl":"https:\/\/koningdrone.be\/wp-content\/uploads\/sites\/13\/2025\/04\/6941565921215-1.jpg","width":600,"height":600},{"@type":"BreadcrumbList","@id":"https:\/\/koningdrone.be\/product\/dji-care-refresh-2-years-for-mavic-3\/#breadcrumb","itemListElement":[{"@type":"ListItem","position":1,"name":"Home","item":"https:\/\/koningdrone.be\/"},{"@type":"ListItem","position":2,"name":"AVSS Parachute Recovery System for DJI Matrice 300\/350","item":"https:\/\/koningdrone.be\/product\/avss-parachute-recovery-system-for-dji-matrice-300-350\/"},{"@type":"ListItem","position":3,"name":"Alle care refresh","item":"https:\/\/koningdrone.be\/categorie\/alle-care-refresh\/"},{"@type":"ListItem","position":4,"name":"DJI Care Refresh 2 Years for Mavic 3"}]},{"@type":"WebSite","@id":"https:\/\/koningdrone.be\/#website","url":"https:\/\/koningdrone.be\/","name":"Koningdrone.be - Su especialista en l\u00ednea en drones, cardanes, c\u00e1maras y centrales el\u00e9ctricas.","description":"La tienda virtual de drones y cardanes","publisher":{"@id":"https:\/\/koningdrone.be\/#organization"},"potentialAction":[{"@type":"SearchAction","target":{"@type":"EntryPoint","urlTemplate":"https:\/\/koningdrone.be\/?s={search_term_string}"},"query-input":{"@type":"PropertyValueSpecification","valueRequired":true,"valueName":"search_term_string"}}],"inLanguage":"es"},{"@type":"Organization","@id":"https:\/\/koningdrone.be\/#organization","name":"Kingdrone.es","url":"https:\/\/koningdrone.be\/","logo":{"@type":"ImageObject","inLanguage":"es","@id":"https:\/\/koningdrone.be\/#\/schema\/logo\/image\/","url":"https:\/\/koningdrone.be\/wp-content\/uploads\/sites\/13\/2025\/04\/koningdrone-copyright-logo.svg","contentUrl":"https:\/\/koningdrone.be\/wp-content\/uploads\/sites\/13\/2025\/04\/koningdrone-copyright-logo.svg","width":227,"height":38,"caption":"Koningdrone.be"},"image":{"@id":"https:\/\/koningdrone.be\/#\/schema\/logo\/image\/"}}]}},"df_price":"","df_sale_price":"","df_regular_price":"","df_image_link":"https:\/\/koningdrone.be\/wp-content\/uploads\/sites\/13\/2025\/04\/6941565921215-1-300x300.jpg","_links":{"self":[{"href":"https:\/\/koningdrone.be\/es\/wp-json\/wp\/v2\/product\/5735","targetHints":{"allow":["GET"]}}],"collection":[{"href":"https:\/\/koningdrone.be\/es\/wp-json\/wp\/v2\/product"}],"about":[{"href":"https:\/\/koningdrone.be\/es\/wp-json\/wp\/v2\/types\/product"}],"wp:featuredmedia":[{"embeddable":true,"href":"https:\/\/koningdrone.be\/es\/wp-json\/wp\/v2\/media\/5734"}],"wp:attachment":[{"href":"https:\/\/koningdrone.be\/es\/wp-json\/wp\/v2\/media?parent=5735"}],"wp:term":[{"taxonomy":"product_brand","embeddable":true,"href":"https:\/\/koningdrone.be\/es\/wp-json\/wp\/v2\/product_brand?post=5735"},{"taxonomy":"product_cat","embeddable":true,"href":"https:\/\/koningdrone.be\/es\/wp-json\/wp\/v2\/product_cat?post=5735"},{"taxonomy":"product_tag","embeddable":true,"href":"https:\/\/koningdrone.be\/es\/wp-json\/wp\/v2\/product_tag?post=5735"}],"curies":[{"name":"wp","href":"https:\/\/api.w.org\/{rel}","templated":true}]}}