{"id":5712,"date":"2022-05-25T20:37:28","date_gmt":"2022-05-25T18:37:28","guid":{"rendered":"https:\/\/koningdrone.nl\/kon\/product\/insta360-helmet-chin-mount-one-x2-go2-one-r\/"},"modified":"2026-05-16T11:00:26","modified_gmt":"2026-05-16T09:00:26","slug":"insta360-helmet-chin-mount-one-x2-go2-one-r","status":"publish","type":"product","link":"https:\/\/koningdrone.be\/es\/producto\/insta360-helmet-chin-mount-one-x2-go2-one-r\/","title":{"rendered":"INSTA360 Casco - Mentonera ONE X2 \/ GO2 \/ONE R"},"content":{"rendered":"<h1>   INSTA360 Casco - Mentonera ONE X2 \/ GO2 \/ONE R <\/h1>\n<p>ESTABILIZACI\u00d3N DE POTENCIA - DISPAROS SUAVES COMO LA MANTEQUILLA - LIGEREZA - POTENCIA<br \/>\u00a0 <br \/>Siempre con las manos libres<br \/>Se acabaron las fotos inc\u00f3modas. El GO 2 con la etiqueta magn\u00e9tica en la camisa, pulse para grabar y comienza la grabaci\u00f3n.<br \/>Listo para la acci\u00f3n.<br \/>Los algoritmos de nivelaci\u00f3n del horizonte de GO 2 mantienen el v\u00eddeo recto pase lo que pase.<br \/>Se puede fijar en cualquier sitio<br \/>\u00a0 <br \/>2560\u00d71440 a 50 fps, 30 fps, formato de v\u00eddeo MP4, estabilizaci\u00f3n FlowState, 32 GB de memoria, funcionamiento Bluetooth BLE5.0, sumergible hasta 4 m, ligera 27 g.<\/p>","protected":false},"excerpt":{"rendered":"<ul>\n<li>Peso 27 g (menos de 4 piezas de 1 euro)<\/li>\n<li>Estabilizaci\u00f3n de FlowState<\/li>\n<li>Cada montaje (magn\u00e9tico)<\/li>\n<li>Resoluci\u00f3n nativa 3K, salida 1440p a 50 fps<\/li>\n<li>Sumergible hasta 4 m<\/li>\n<li>Procesamiento autom\u00e1tico mediante IA<\/li>\n<li>Interruptor de carga: carga y funciona sobre la marcha<\/li>\n<li>Ejemplo de Wi-Fi<\/li>\n<li>Tomas POV sencillas<\/li>\n<li>hasta 120 fps a c\u00e1mara lenta<\/li>\n<li>32 GB de capacidad de almacenamiento<\/li>\n<li>robusto parasol<\/li>\n<\/ul>","protected":false},"featured_media":5707,"template":"","meta":{"_acf_changed":false},"product_brand":[],"product_cat":[97,343],"product_tag":[],"class_list":{"0":"post-5712","1":"product","2":"type-product","3":"status-publish","4":"has-post-thumbnail","6":"product_cat-alle-producten","7":"product_cat-insta360","8":"product_shipping_class-outofstock","9":"pa_brand-insta360","10":"pa_series-insta360-go","12":"first","13":"outofstock","14":"taxable","15":"shipping-taxable","16":"product-type-simple"},"acf":[],"yoast_head":"<!-- This site is optimized with the Yoast SEO Premium plugin v27.2 (Yoast SEO v27.2) - https:\/\/yoast.com\/product\/yoast-seo-premium-wordpress\/ -->\n<title>INSTA360 Helmet - Chin Mount ONE X2 \/ GO2 \/ONE R - koningdrone.be<\/title>\n<meta name=\"robots\" content=\"index, follow, max-snippet:-1, max-image-preview:large, max-video-preview:-1\" \/>\n<link rel=\"canonical\" href=\"https:\/\/koningdrone.be\/es\/producto\/insta360-helmet-chin-mount-one-x2-go2-one-r\/\" \/>\n<meta property=\"og:locale\" content=\"es_ES\" \/>\n<meta property=\"og:type\" content=\"article\" \/>\n<meta property=\"og:title\" content=\"INSTA360 Helmet - Chin Mount ONE X2 \/ GO2 \/ONE R\" \/>\n<meta property=\"og:description\" content=\"Gewicht 27g (minder dan 4x 1 Euro stuks)FlowState-stabilisatieElke montage (magnetisch)3K native resolutie, 1440p bij 50fps outputWaterdicht tot 4mAutomatische verwerking door AIOplaadschakelaar: onderweg opladen en bedienenWi-Fi-voorbeeldEenvoudige POV-opnametot 120 fps slow-mo slow motion32 GB opslagcapaciteitrobuuste lensbescherming\" \/>\n<meta property=\"og:url\" content=\"https:\/\/koningdrone.be\/es\/producto\/insta360-helmet-chin-mount-one-x2-go2-one-r\/\" \/>\n<meta property=\"og:site_name\" content=\"koningdrone.be\" \/>\n<meta property=\"article:modified_time\" content=\"2026-05-16T09:00:26+00:00\" \/>\n<meta property=\"og:image\" content=\"https:\/\/koningdrone.be\/wp-content\/uploads\/sites\/13\/2025\/04\/6970357853311-1.jpg\" \/>\n\t<meta property=\"og:image:width\" content=\"600\" \/>\n\t<meta property=\"og:image:height\" content=\"600\" \/>\n\t<meta property=\"og:image:type\" content=\"image\/jpeg\" \/>\n<meta name=\"twitter:card\" content=\"summary_large_image\" \/>\n<script type=\"application\/ld+json\" class=\"yoast-schema-graph\">{\"@context\":\"https:\/\/schema.org\",\"@graph\":[{\"@type\":\"WebPage\",\"@id\":\"https:\/\/koningdrone.be\/product\/insta360-helmet-chin-mount-one-x2-go2-one-r\/\",\"url\":\"https:\/\/koningdrone.be\/product\/insta360-helmet-chin-mount-one-x2-go2-one-r\/\",\"name\":\"INSTA360 Helmet - Chin Mount ONE X2 \/ GO2 \/ONE R - koningdrone.be\",\"isPartOf\":{\"@id\":\"https:\/\/koningdrone.be\/#website\"},\"primaryImageOfPage\":{\"@id\":\"https:\/\/koningdrone.be\/product\/insta360-helmet-chin-mount-one-x2-go2-one-r\/#primaryimage\"},\"image\":{\"@id\":\"https:\/\/koningdrone.be\/product\/insta360-helmet-chin-mount-one-x2-go2-one-r\/#primaryimage\"},\"thumbnailUrl\":\"https:\/\/koningdrone.be\/wp-content\/uploads\/sites\/13\/2025\/04\/6970357853311-1.jpg\",\"datePublished\":\"2022-05-25T18:37:28+00:00\",\"dateModified\":\"2026-05-16T09:00:26+00:00\",\"breadcrumb\":{\"@id\":\"https:\/\/koningdrone.be\/product\/insta360-helmet-chin-mount-one-x2-go2-one-r\/#breadcrumb\"},\"inLanguage\":\"es\",\"potentialAction\":[{\"@type\":\"ReadAction\",\"target\":[\"https:\/\/koningdrone.be\/product\/insta360-helmet-chin-mount-one-x2-go2-one-r\/\"]}]},{\"@type\":\"ImageObject\",\"inLanguage\":\"es\",\"@id\":\"https:\/\/koningdrone.be\/product\/insta360-helmet-chin-mount-one-x2-go2-one-r\/#primaryimage\",\"url\":\"https:\/\/koningdrone.be\/wp-content\/uploads\/sites\/13\/2025\/04\/6970357853311-1.jpg\",\"contentUrl\":\"https:\/\/koningdrone.be\/wp-content\/uploads\/sites\/13\/2025\/04\/6970357853311-1.jpg\",\"width\":600,\"height\":600},{\"@type\":\"BreadcrumbList\",\"@id\":\"https:\/\/koningdrone.be\/product\/insta360-helmet-chin-mount-one-x2-go2-one-r\/#breadcrumb\",\"itemListElement\":[{\"@type\":\"ListItem\",\"position\":1,\"name\":\"Home\",\"item\":\"https:\/\/koningdrone.be\/\"},{\"@type\":\"ListItem\",\"position\":2,\"name\":\"AVSS Parachute Recovery System for DJI Matrice 300\/350\",\"item\":\"https:\/\/koningdrone.be\/product\/avss-parachute-recovery-system-for-dji-matrice-300-350\/\"},{\"@type\":\"ListItem\",\"position\":3,\"name\":\"Alle producten\",\"item\":\"https:\/\/koningdrone.be\/categorie\/alle-producten\/\"},{\"@type\":\"ListItem\",\"position\":4,\"name\":\"INSTA360 Helmet &#8211; Chin Mount ONE X2 \/ GO2 \/ONE R\"}]},{\"@type\":\"WebSite\",\"@id\":\"https:\/\/koningdrone.be\/#website\",\"url\":\"https:\/\/koningdrone.be\/\",\"name\":\"Koningdrone.be - Uw online specialist in drones, gimbals, camera's en power stations.\",\"description\":\"De webshop in drones en gimbals\",\"publisher\":{\"@id\":\"https:\/\/koningdrone.be\/#organization\"},\"potentialAction\":[{\"@type\":\"SearchAction\",\"target\":{\"@type\":\"EntryPoint\",\"urlTemplate\":\"https:\/\/koningdrone.be\/?s={search_term_string}\"},\"query-input\":{\"@type\":\"PropertyValueSpecification\",\"valueRequired\":true,\"valueName\":\"search_term_string\"}}],\"inLanguage\":\"es\"},{\"@type\":\"Organization\",\"@id\":\"https:\/\/koningdrone.be\/#organization\",\"name\":\"Koningdrone.be\",\"url\":\"https:\/\/koningdrone.be\/\",\"logo\":{\"@type\":\"ImageObject\",\"inLanguage\":\"es\",\"@id\":\"https:\/\/koningdrone.be\/#\/schema\/logo\/image\/\",\"url\":\"https:\/\/koningdrone.be\/wp-content\/uploads\/sites\/13\/2025\/04\/koningdrone-copyright-logo.svg\",\"contentUrl\":\"https:\/\/koningdrone.be\/wp-content\/uploads\/sites\/13\/2025\/04\/koningdrone-copyright-logo.svg\",\"width\":227,\"height\":38,\"caption\":\"Koningdrone.be\"},\"image\":{\"@id\":\"https:\/\/koningdrone.be\/#\/schema\/logo\/image\/\"}}]}<\/script>\n<!-- \/ Yoast SEO Premium plugin. -->","yoast_head_json":{"title":"INSTA360 Helmet - Chin Mount ONE X2 \/ GO2 \/ONE R - koningdrone.be","robots":{"index":"index","follow":"follow","max-snippet":"max-snippet:-1","max-image-preview":"max-image-preview:large","max-video-preview":"max-video-preview:-1"},"canonical":"https:\/\/koningdrone.be\/es\/producto\/insta360-helmet-chin-mount-one-x2-go2-one-r\/","og_locale":"es_ES","og_type":"article","og_title":"INSTA360 Helmet - Chin Mount ONE X2 \/ GO2 \/ONE R","og_description":"Gewicht 27g (minder dan 4x 1 Euro stuks)FlowState-stabilisatieElke montage (magnetisch)3K native resolutie, 1440p bij 50fps outputWaterdicht tot 4mAutomatische verwerking door AIOplaadschakelaar: onderweg opladen en bedienenWi-Fi-voorbeeldEenvoudige POV-opnametot 120 fps slow-mo slow motion32 GB opslagcapaciteitrobuuste lensbescherming","og_url":"https:\/\/koningdrone.be\/es\/producto\/insta360-helmet-chin-mount-one-x2-go2-one-r\/","og_site_name":"koningdrone.be","article_modified_time":"2026-05-16T09:00:26+00:00","og_image":[{"width":600,"height":600,"url":"https:\/\/koningdrone.be\/wp-content\/uploads\/sites\/13\/2025\/04\/6970357853311-1.jpg","type":"image\/jpeg"}],"twitter_card":"summary_large_image","schema":{"@context":"https:\/\/schema.org","@graph":[{"@type":"WebPage","@id":"https:\/\/koningdrone.be\/product\/insta360-helmet-chin-mount-one-x2-go2-one-r\/","url":"https:\/\/koningdrone.be\/product\/insta360-helmet-chin-mount-one-x2-go2-one-r\/","name":"INSTA360 Helmet - Chin Mount ONE X2 \/ GO2 \/ONE R - koningdrone.be","isPartOf":{"@id":"https:\/\/koningdrone.be\/#website"},"primaryImageOfPage":{"@id":"https:\/\/koningdrone.be\/product\/insta360-helmet-chin-mount-one-x2-go2-one-r\/#primaryimage"},"image":{"@id":"https:\/\/koningdrone.be\/product\/insta360-helmet-chin-mount-one-x2-go2-one-r\/#primaryimage"},"thumbnailUrl":"https:\/\/koningdrone.be\/wp-content\/uploads\/sites\/13\/2025\/04\/6970357853311-1.jpg","datePublished":"2022-05-25T18:37:28+00:00","dateModified":"2026-05-16T09:00:26+00:00","breadcrumb":{"@id":"https:\/\/koningdrone.be\/product\/insta360-helmet-chin-mount-one-x2-go2-one-r\/#breadcrumb"},"inLanguage":"es","potentialAction":[{"@type":"ReadAction","target":["https:\/\/koningdrone.be\/product\/insta360-helmet-chin-mount-one-x2-go2-one-r\/"]}]},{"@type":"ImageObject","inLanguage":"es","@id":"https:\/\/koningdrone.be\/product\/insta360-helmet-chin-mount-one-x2-go2-one-r\/#primaryimage","url":"https:\/\/koningdrone.be\/wp-content\/uploads\/sites\/13\/2025\/04\/6970357853311-1.jpg","contentUrl":"https:\/\/koningdrone.be\/wp-content\/uploads\/sites\/13\/2025\/04\/6970357853311-1.jpg","width":600,"height":600},{"@type":"BreadcrumbList","@id":"https:\/\/koningdrone.be\/product\/insta360-helmet-chin-mount-one-x2-go2-one-r\/#breadcrumb","itemListElement":[{"@type":"ListItem","position":1,"name":"Home","item":"https:\/\/koningdrone.be\/"},{"@type":"ListItem","position":2,"name":"AVSS Parachute Recovery System for DJI Matrice 300\/350","item":"https:\/\/koningdrone.be\/product\/avss-parachute-recovery-system-for-dji-matrice-300-350\/"},{"@type":"ListItem","position":3,"name":"Alle producten","item":"https:\/\/koningdrone.be\/categorie\/alle-producten\/"},{"@type":"ListItem","position":4,"name":"INSTA360 Helmet &#8211; Chin Mount ONE X2 \/ GO2 \/ONE R"}]},{"@type":"WebSite","@id":"https:\/\/koningdrone.be\/#website","url":"https:\/\/koningdrone.be\/","name":"Koningdrone.be - Su especialista en l\u00ednea en drones, cardanes, c\u00e1maras y centrales el\u00e9ctricas.","description":"La tienda virtual de drones y cardanes","publisher":{"@id":"https:\/\/koningdrone.be\/#organization"},"potentialAction":[{"@type":"SearchAction","target":{"@type":"EntryPoint","urlTemplate":"https:\/\/koningdrone.be\/?s={search_term_string}"},"query-input":{"@type":"PropertyValueSpecification","valueRequired":true,"valueName":"search_term_string"}}],"inLanguage":"es"},{"@type":"Organization","@id":"https:\/\/koningdrone.be\/#organization","name":"Kingdrone.es","url":"https:\/\/koningdrone.be\/","logo":{"@type":"ImageObject","inLanguage":"es","@id":"https:\/\/koningdrone.be\/#\/schema\/logo\/image\/","url":"https:\/\/koningdrone.be\/wp-content\/uploads\/sites\/13\/2025\/04\/koningdrone-copyright-logo.svg","contentUrl":"https:\/\/koningdrone.be\/wp-content\/uploads\/sites\/13\/2025\/04\/koningdrone-copyright-logo.svg","width":227,"height":38,"caption":"Koningdrone.be"},"image":{"@id":"https:\/\/koningdrone.be\/#\/schema\/logo\/image\/"}}]}},"df_price":"","df_sale_price":"","df_regular_price":"","df_image_link":"https:\/\/koningdrone.be\/wp-content\/uploads\/sites\/13\/2025\/04\/6970357853311-1-300x300.jpg","_links":{"self":[{"href":"https:\/\/koningdrone.be\/es\/wp-json\/wp\/v2\/product\/5712","targetHints":{"allow":["GET"]}}],"collection":[{"href":"https:\/\/koningdrone.be\/es\/wp-json\/wp\/v2\/product"}],"about":[{"href":"https:\/\/koningdrone.be\/es\/wp-json\/wp\/v2\/types\/product"}],"wp:featuredmedia":[{"embeddable":true,"href":"https:\/\/koningdrone.be\/es\/wp-json\/wp\/v2\/media\/5707"}],"wp:attachment":[{"href":"https:\/\/koningdrone.be\/es\/wp-json\/wp\/v2\/media?parent=5712"}],"wp:term":[{"taxonomy":"product_brand","embeddable":true,"href":"https:\/\/koningdrone.be\/es\/wp-json\/wp\/v2\/product_brand?post=5712"},{"taxonomy":"product_cat","embeddable":true,"href":"https:\/\/koningdrone.be\/es\/wp-json\/wp\/v2\/product_cat?post=5712"},{"taxonomy":"product_tag","embeddable":true,"href":"https:\/\/koningdrone.be\/es\/wp-json\/wp\/v2\/product_tag?post=5712"}],"curies":[{"name":"wp","href":"https:\/\/api.w.org\/{rel}","templated":true}]}}