{"id":5663,"date":"2022-06-14T10:22:47","date_gmt":"2022-06-14T08:22:47","guid":{"rendered":"https:\/\/koningdrone.nl\/kon\/product\/dji-mini-3-pro-including-dji-rc-n1-remote-controller\/"},"modified":"2026-04-29T13:30:29","modified_gmt":"2026-04-29T11:30:29","slug":"dji-mini-3-pro-including-dji-rc-n1-remote-controller","status":"publish","type":"product","link":"https:\/\/koningdrone.be\/es\/producto\/dji-mini-3-pro-including-dji-rc-n1-remote-controller\/","title":{"rendered":"DJI Mini 3 Pro - Incluye mando a distancia DJI RC-N1"},"content":{"rendered":"<p><strong>DJI Mini 3 Pro Drone con mando a distancia DJI RC-N1<\/strong><\/p>\n<p> El DJI Mini 3 Pro es un dron ligero (menos de 249 g), con caracter\u00edsticas avanzadas como un sensor CMOS de 1\/1,3 pulgadas que puede hacer fotos de 48 megap\u00edxeles y grabar v\u00eddeos 4K a 60 fps o a c\u00e1mara lenta Full HD a 120 fps. Presenta un rendimiento de vuelo y una seguridad mejorados con h\u00e9lices m\u00e1s grandes y un dise\u00f1o aerodin\u00e1mico, ofrece hasta 34 minutos de vuelo por carga y un alcance de transmisi\u00f3n de v\u00eddeo HD de 12 kil\u00f3metros.<\/p>\n<ul>\n<li> <strong>Im\u00e1genes y v\u00eddeo avanzados:<\/strong> admite fotograf\u00eda RAW, zoom 4x sin sacrificar la composici\u00f3n e im\u00e1genes estables gracias a la suspensi\u00f3n card\u00e1nica.<\/li>\n<li> <strong>Funciones de seguridad mejoradas:<\/strong> Incluye APAS 4.0 Anulaci\u00f3n de obst\u00e1culos con detecci\u00f3n de obst\u00e1culos en tres direcciones (adelante, atr\u00e1s, abajo) para una navegaci\u00f3n segura.<\/li>\n<li> <strong>Focus Track:<\/strong> Incorpora Active Track 4.0, Spotlight 2.0 y Point of Interest 3.0, lo que permite seguir a los sujetos sin problemas y evitar obst\u00e1culos.<\/li>\n<li> <strong>Verdaderos disparos verticales:<\/strong> Ideal para contenidos de redes sociales con una suspensi\u00f3n card\u00e1n que gira la c\u00e1mara 90 grados para tomas verticales.<\/li>\n<li> <strong>MasterShots y funciones inteligentes:<\/strong> Crea v\u00eddeos cinematogr\u00e1ficos sin esfuerzo con MasterShots y utiliza Timelapse, Hyperlapse y Panorama para obtener tomas din\u00e1micas.<\/li>\n<li> <strong>Postproducci\u00f3n profesional:<\/strong> El perfil de color similar al D-Cine proporciona una correcci\u00f3n y gradaci\u00f3n detalladas del color despu\u00e9s del rodaje.<\/li>\n<li> <strong>OcuSync 3.0:<\/strong> Garantiza una transmisi\u00f3n de v\u00eddeo HD n\u00edtida y sin interferencias de hasta 12 kil\u00f3metros.<\/li>\n<\/ul>\n<p> Ten en cuenta que al volar el DJI Mini 3 Pro, en algunas regiones es necesario registrarse en el RDW y se aconseja cumplir la normativa local sobre drones.<\/p>","protected":false},"excerpt":{"rendered":"<ul>\n<li>Con mando a distancia DJI RC-N1<\/li>\n<li>Pesa menos de 249 gramos<\/li>\n<li>Detecci\u00f3n de obst\u00e1culos tridireccional<\/li>\n<li>V\u00eddeo 4K HDR<\/li>\n<li>Mayor duraci\u00f3n de la bater\u00eda<\/li>\n<li>Tiro vertical real<\/li>\n<li>FocusTrack<\/li>\n<\/ul>","protected":false},"featured_media":5661,"template":"","meta":{"_acf_changed":false},"product_brand":[],"product_cat":[135,97,136,445,446,177],"product_tag":[],"class_list":{"0":"post-5663","1":"product","2":"type-product","3":"status-publish","4":"has-post-thumbnail","6":"product_cat-alle-drones","7":"product_cat-alle-producten","8":"product_cat-consumer-drones","9":"product_cat-dji-mini","10":"product_cat-dji-mini-3","11":"product_cat-drones-zonder-certificaat","12":"product_shipping_class-outofstock","13":"pa_brand-dji","14":"pa_dronegrade-consumer","15":"pa_productfamily-drone","16":"pa_producttype-drone","17":"pa_series-mini-3","19":"first","20":"outofstock","21":"taxable","22":"shipping-taxable","23":"product-type-simple"},"acf":[],"yoast_head":"<!-- This site is optimized with the Yoast SEO Premium plugin v27.2 (Yoast SEO v27.2) - https:\/\/yoast.com\/product\/yoast-seo-premium-wordpress\/ -->\n<title>DJI Mini 3 Pro - Including DJI RC-N1 Remote Controller - koningdrone.be<\/title>\n<meta name=\"robots\" content=\"index, follow, max-snippet:-1, max-image-preview:large, max-video-preview:-1\" \/>\n<link rel=\"canonical\" href=\"https:\/\/koningdrone.be\/es\/producto\/dji-mini-3-pro-including-dji-rc-n1-remote-controller\/\" \/>\n<meta property=\"og:locale\" content=\"es_ES\" \/>\n<meta property=\"og:type\" content=\"article\" \/>\n<meta property=\"og:title\" content=\"DJI Mini 3 Pro - Including DJI RC-N1 Remote Controller\" \/>\n<meta property=\"og:description\" content=\"Met DJI RC-N1 afstandsbedieningWeegt onder de 249 gramTri-Directional Obstacle Sensing4K HDR VideoExtended Battery LifeTrue Vertical ShootingFocusTrack\" \/>\n<meta property=\"og:url\" content=\"https:\/\/koningdrone.be\/es\/producto\/dji-mini-3-pro-including-dji-rc-n1-remote-controller\/\" \/>\n<meta property=\"og:site_name\" content=\"koningdrone.be\" \/>\n<meta property=\"article:modified_time\" content=\"2026-04-29T11:30:29+00:00\" \/>\n<meta property=\"og:image\" content=\"https:\/\/koningdrone.be\/wp-content\/uploads\/sites\/13\/2025\/04\/6941565929402-1-1024x576.png\" \/>\n\t<meta property=\"og:image:width\" content=\"1024\" \/>\n\t<meta property=\"og:image:height\" content=\"576\" \/>\n\t<meta property=\"og:image:type\" content=\"image\/png\" \/>\n<meta name=\"twitter:card\" content=\"summary_large_image\" \/>\n<meta name=\"twitter:label1\" content=\"Tiempo de lectura\" \/>\n\t<meta name=\"twitter:data1\" content=\"1 minuto\" \/>\n<script type=\"application\/ld+json\" class=\"yoast-schema-graph\">{\"@context\":\"https:\/\/schema.org\",\"@graph\":[{\"@type\":\"WebPage\",\"@id\":\"https:\/\/koningdrone.be\/product\/dji-mini-3-pro-including-dji-rc-n1-remote-controller\/\",\"url\":\"https:\/\/koningdrone.be\/product\/dji-mini-3-pro-including-dji-rc-n1-remote-controller\/\",\"name\":\"DJI Mini 3 Pro - Including DJI RC-N1 Remote Controller - koningdrone.be\",\"isPartOf\":{\"@id\":\"https:\/\/koningdrone.be\/#website\"},\"primaryImageOfPage\":{\"@id\":\"https:\/\/koningdrone.be\/product\/dji-mini-3-pro-including-dji-rc-n1-remote-controller\/#primaryimage\"},\"image\":{\"@id\":\"https:\/\/koningdrone.be\/product\/dji-mini-3-pro-including-dji-rc-n1-remote-controller\/#primaryimage\"},\"thumbnailUrl\":\"https:\/\/koningdrone.be\/wp-content\/uploads\/sites\/13\/2025\/04\/6941565929402-1.png\",\"datePublished\":\"2022-06-14T08:22:47+00:00\",\"dateModified\":\"2026-04-29T11:30:29+00:00\",\"breadcrumb\":{\"@id\":\"https:\/\/koningdrone.be\/product\/dji-mini-3-pro-including-dji-rc-n1-remote-controller\/#breadcrumb\"},\"inLanguage\":\"es\",\"potentialAction\":[{\"@type\":\"ReadAction\",\"target\":[\"https:\/\/koningdrone.be\/product\/dji-mini-3-pro-including-dji-rc-n1-remote-controller\/\"]}]},{\"@type\":\"ImageObject\",\"inLanguage\":\"es\",\"@id\":\"https:\/\/koningdrone.be\/product\/dji-mini-3-pro-including-dji-rc-n1-remote-controller\/#primaryimage\",\"url\":\"https:\/\/koningdrone.be\/wp-content\/uploads\/sites\/13\/2025\/04\/6941565929402-1.png\",\"contentUrl\":\"https:\/\/koningdrone.be\/wp-content\/uploads\/sites\/13\/2025\/04\/6941565929402-1.png\",\"width\":2048,\"height\":1152},{\"@type\":\"BreadcrumbList\",\"@id\":\"https:\/\/koningdrone.be\/product\/dji-mini-3-pro-including-dji-rc-n1-remote-controller\/#breadcrumb\",\"itemListElement\":[{\"@type\":\"ListItem\",\"position\":1,\"name\":\"Home\",\"item\":\"https:\/\/koningdrone.be\/\"},{\"@type\":\"ListItem\",\"position\":2,\"name\":\"AVSS Parachute Recovery System for DJI Matrice 300\/350\",\"item\":\"https:\/\/koningdrone.be\/product\/avss-parachute-recovery-system-for-dji-matrice-300-350\/\"},{\"@type\":\"ListItem\",\"position\":3,\"name\":\"Alle drones\",\"item\":\"https:\/\/koningdrone.be\/categorie\/alle-drones\/\"},{\"@type\":\"ListItem\",\"position\":4,\"name\":\"DJI Mini 3 Pro &#8211; Including DJI RC-N1 Remote Controller\"}]},{\"@type\":\"WebSite\",\"@id\":\"https:\/\/koningdrone.be\/#website\",\"url\":\"https:\/\/koningdrone.be\/\",\"name\":\"Koningdrone.be - Uw online specialist in drones, gimbals, camera's en power stations.\",\"description\":\"De webshop in drones en gimbals\",\"publisher\":{\"@id\":\"https:\/\/koningdrone.be\/#organization\"},\"potentialAction\":[{\"@type\":\"SearchAction\",\"target\":{\"@type\":\"EntryPoint\",\"urlTemplate\":\"https:\/\/koningdrone.be\/?s={search_term_string}\"},\"query-input\":{\"@type\":\"PropertyValueSpecification\",\"valueRequired\":true,\"valueName\":\"search_term_string\"}}],\"inLanguage\":\"es\"},{\"@type\":\"Organization\",\"@id\":\"https:\/\/koningdrone.be\/#organization\",\"name\":\"Koningdrone.be\",\"url\":\"https:\/\/koningdrone.be\/\",\"logo\":{\"@type\":\"ImageObject\",\"inLanguage\":\"es\",\"@id\":\"https:\/\/koningdrone.be\/#\/schema\/logo\/image\/\",\"url\":\"https:\/\/koningdrone.be\/wp-content\/uploads\/sites\/13\/2025\/04\/koningdrone-copyright-logo.svg\",\"contentUrl\":\"https:\/\/koningdrone.be\/wp-content\/uploads\/sites\/13\/2025\/04\/koningdrone-copyright-logo.svg\",\"width\":227,\"height\":38,\"caption\":\"Koningdrone.be\"},\"image\":{\"@id\":\"https:\/\/koningdrone.be\/#\/schema\/logo\/image\/\"}}]}<\/script>\n<!-- \/ Yoast SEO Premium plugin. -->","yoast_head_json":{"title":"DJI Mini 3 Pro - Including DJI RC-N1 Remote Controller - koningdrone.be","robots":{"index":"index","follow":"follow","max-snippet":"max-snippet:-1","max-image-preview":"max-image-preview:large","max-video-preview":"max-video-preview:-1"},"canonical":"https:\/\/koningdrone.be\/es\/producto\/dji-mini-3-pro-including-dji-rc-n1-remote-controller\/","og_locale":"es_ES","og_type":"article","og_title":"DJI Mini 3 Pro - Including DJI RC-N1 Remote Controller","og_description":"Met DJI RC-N1 afstandsbedieningWeegt onder de 249 gramTri-Directional Obstacle Sensing4K HDR VideoExtended Battery LifeTrue Vertical ShootingFocusTrack","og_url":"https:\/\/koningdrone.be\/es\/producto\/dji-mini-3-pro-including-dji-rc-n1-remote-controller\/","og_site_name":"koningdrone.be","article_modified_time":"2026-04-29T11:30:29+00:00","og_image":[{"width":1024,"height":576,"url":"https:\/\/koningdrone.be\/wp-content\/uploads\/sites\/13\/2025\/04\/6941565929402-1-1024x576.png","type":"image\/png"}],"twitter_card":"summary_large_image","twitter_misc":{"Tiempo de lectura":"1 minuto"},"schema":{"@context":"https:\/\/schema.org","@graph":[{"@type":"WebPage","@id":"https:\/\/koningdrone.be\/product\/dji-mini-3-pro-including-dji-rc-n1-remote-controller\/","url":"https:\/\/koningdrone.be\/product\/dji-mini-3-pro-including-dji-rc-n1-remote-controller\/","name":"DJI Mini 3 Pro - Including DJI RC-N1 Remote Controller - koningdrone.be","isPartOf":{"@id":"https:\/\/koningdrone.be\/#website"},"primaryImageOfPage":{"@id":"https:\/\/koningdrone.be\/product\/dji-mini-3-pro-including-dji-rc-n1-remote-controller\/#primaryimage"},"image":{"@id":"https:\/\/koningdrone.be\/product\/dji-mini-3-pro-including-dji-rc-n1-remote-controller\/#primaryimage"},"thumbnailUrl":"https:\/\/koningdrone.be\/wp-content\/uploads\/sites\/13\/2025\/04\/6941565929402-1.png","datePublished":"2022-06-14T08:22:47+00:00","dateModified":"2026-04-29T11:30:29+00:00","breadcrumb":{"@id":"https:\/\/koningdrone.be\/product\/dji-mini-3-pro-including-dji-rc-n1-remote-controller\/#breadcrumb"},"inLanguage":"es","potentialAction":[{"@type":"ReadAction","target":["https:\/\/koningdrone.be\/product\/dji-mini-3-pro-including-dji-rc-n1-remote-controller\/"]}]},{"@type":"ImageObject","inLanguage":"es","@id":"https:\/\/koningdrone.be\/product\/dji-mini-3-pro-including-dji-rc-n1-remote-controller\/#primaryimage","url":"https:\/\/koningdrone.be\/wp-content\/uploads\/sites\/13\/2025\/04\/6941565929402-1.png","contentUrl":"https:\/\/koningdrone.be\/wp-content\/uploads\/sites\/13\/2025\/04\/6941565929402-1.png","width":2048,"height":1152},{"@type":"BreadcrumbList","@id":"https:\/\/koningdrone.be\/product\/dji-mini-3-pro-including-dji-rc-n1-remote-controller\/#breadcrumb","itemListElement":[{"@type":"ListItem","position":1,"name":"Home","item":"https:\/\/koningdrone.be\/"},{"@type":"ListItem","position":2,"name":"AVSS Parachute Recovery System for DJI Matrice 300\/350","item":"https:\/\/koningdrone.be\/product\/avss-parachute-recovery-system-for-dji-matrice-300-350\/"},{"@type":"ListItem","position":3,"name":"Alle drones","item":"https:\/\/koningdrone.be\/categorie\/alle-drones\/"},{"@type":"ListItem","position":4,"name":"DJI Mini 3 Pro &#8211; Including DJI RC-N1 Remote Controller"}]},{"@type":"WebSite","@id":"https:\/\/koningdrone.be\/#website","url":"https:\/\/koningdrone.be\/","name":"Koningdrone.be - Su especialista en l\u00ednea en drones, cardanes, c\u00e1maras y centrales el\u00e9ctricas.","description":"La tienda virtual de drones y cardanes","publisher":{"@id":"https:\/\/koningdrone.be\/#organization"},"potentialAction":[{"@type":"SearchAction","target":{"@type":"EntryPoint","urlTemplate":"https:\/\/koningdrone.be\/?s={search_term_string}"},"query-input":{"@type":"PropertyValueSpecification","valueRequired":true,"valueName":"search_term_string"}}],"inLanguage":"es"},{"@type":"Organization","@id":"https:\/\/koningdrone.be\/#organization","name":"Kingdrone.es","url":"https:\/\/koningdrone.be\/","logo":{"@type":"ImageObject","inLanguage":"es","@id":"https:\/\/koningdrone.be\/#\/schema\/logo\/image\/","url":"https:\/\/koningdrone.be\/wp-content\/uploads\/sites\/13\/2025\/04\/koningdrone-copyright-logo.svg","contentUrl":"https:\/\/koningdrone.be\/wp-content\/uploads\/sites\/13\/2025\/04\/koningdrone-copyright-logo.svg","width":227,"height":38,"caption":"Koningdrone.be"},"image":{"@id":"https:\/\/koningdrone.be\/#\/schema\/logo\/image\/"}}]}},"df_price":"","df_sale_price":"","df_regular_price":"","df_image_link":"https:\/\/koningdrone.be\/wp-content\/uploads\/sites\/13\/2025\/04\/6941565929402-1-300x169.png","_links":{"self":[{"href":"https:\/\/koningdrone.be\/es\/wp-json\/wp\/v2\/product\/5663","targetHints":{"allow":["GET"]}}],"collection":[{"href":"https:\/\/koningdrone.be\/es\/wp-json\/wp\/v2\/product"}],"about":[{"href":"https:\/\/koningdrone.be\/es\/wp-json\/wp\/v2\/types\/product"}],"wp:featuredmedia":[{"embeddable":true,"href":"https:\/\/koningdrone.be\/es\/wp-json\/wp\/v2\/media\/5661"}],"wp:attachment":[{"href":"https:\/\/koningdrone.be\/es\/wp-json\/wp\/v2\/media?parent=5663"}],"wp:term":[{"taxonomy":"product_brand","embeddable":true,"href":"https:\/\/koningdrone.be\/es\/wp-json\/wp\/v2\/product_brand?post=5663"},{"taxonomy":"product_cat","embeddable":true,"href":"https:\/\/koningdrone.be\/es\/wp-json\/wp\/v2\/product_cat?post=5663"},{"taxonomy":"product_tag","embeddable":true,"href":"https:\/\/koningdrone.be\/es\/wp-json\/wp\/v2\/product_tag?post=5663"}],"curies":[{"name":"wp","href":"https:\/\/api.w.org\/{rel}","templated":true}]}}