{"id":5635,"date":"2022-10-19T11:31:20","date_gmt":"2022-10-19T09:31:20","guid":{"rendered":"https:\/\/koningdrone.nl\/kon\/product\/dji-mavic-3-enterprise-battery-kit-p05\/"},"modified":"2026-04-29T03:40:17","modified_gmt":"2026-04-29T01:40:17","slug":"dji-mavic-3-enterprise-battery-kit-p05","status":"publish","type":"product","link":"https:\/\/koningdrone.be\/es\/producto\/dji-mavic-3-enterprise-battery-kit-p05\/","title":{"rendered":"Kit de bater\u00eda DJI Mavic 3 Enterprise Series"},"content":{"rendered":"<p><strong><span style=\"vertical-align: inherit\"><span style=\"vertical-align: inherit\">Soluci\u00f3n integral de alimentaci\u00f3n para drones DJI Mavic 3 Enterprise<\/span><\/span><\/strong><\/p>\n<p><span style=\"vertical-align: inherit\"><span style=\"vertical-align: inherit\">Este paquete de productos est\u00e1 especialmente dise\u00f1ado para particulares y profesionales que utilizan drones de la serie DJI Mavic 3 Enterprise durante periodos de funcionamiento prolongados. El paquete incluye tres Bater\u00edas de Vuelo Inteligente y un Hub de Carga de Bater\u00edas DJI Mavic 3 (100W), que proporcionan un sistema de gesti\u00f3n de energ\u00eda eficiente y sin interrupciones. Este paquete garantiza que tu dron permanezca en el aire durante m\u00e1s tiempo, aumentando significativamente la productividad y la eficiencia operativa.<\/span><\/span><\/p>\n<p><strong><span style=\"vertical-align: inherit\"><span style=\"vertical-align: inherit\">Bater\u00edas de vuelo inteligentes para operaciones prolongadas<\/span><\/span><\/strong><\/p>\n<p><span style=\"vertical-align: inherit\"><span style=\"vertical-align: inherit\">La inclusi\u00f3n de tres Bater\u00edas de Vuelo Inteligente en este pack es crucial para ampliar las capacidades operativas de tus drones DJI Mavic 3 Enterprise Series. Estas bater\u00edas est\u00e1n dise\u00f1adas para gestionar de forma aut\u00f3noma su suministro de energ\u00eda, optimizando la duraci\u00f3n del vuelo y garantizando que tu dron pueda emprender misiones de larga duraci\u00f3n sin necesidad de recargas constantes. Este innovador enfoque de la gesti\u00f3n de la energ\u00eda no solo mejora los tiempos de vuelo, sino que tambi\u00e9n contribuye a prolongar la vida \u00fatil de la bater\u00eda.<\/span><\/span><\/p>\n<p><strong><span style=\"vertical-align: inherit\"><span style=\"vertical-align: inherit\">Carga eficiente con el Hub de carga de la bater\u00eda del DJI Mavic 3<\/span><\/span><\/strong><\/p>\n<p><span style=\"vertical-align: inherit\"><span style=\"vertical-align: inherit\">Equipado con 100 W de potencia, el Hub de Carga de Bater\u00eda DJI Mavic 3 est\u00e1 dise\u00f1ado para cargar hasta tres bater\u00edas seguidas. Esto maximiza la eficiencia de la carga, reduciendo significativamente el tiempo de inactividad y permitiendo que tu dron pase m\u00e1s tiempo en acci\u00f3n. La capacidad del concentrador de carga para cargar de forma r\u00e1pida y eficiente garantiza que tus actividades no se ver\u00e1n obstaculizadas por largos periodos de carga, lo que lo convierte en una herramienta indispensable para aquellos que quieren que sus drones est\u00e9n listos en cualquier momento.<\/span><\/span><\/p>\n<p><strong><span style=\"vertical-align: inherit\"><span style=\"vertical-align: inherit\">Mejorar la productividad mediante una gesti\u00f3n optimizada de la energ\u00eda<\/span><\/span><\/strong><\/p>\n<p><span style=\"vertical-align: inherit\"><span style=\"vertical-align: inherit\">En general, este paquete de productos es una inversi\u00f3n esencial para los usuarios del dron DJI Mavic 3 Enterprise Series que buscan maximizar la eficiencia operativa de su dron. Al proporcionar bater\u00edas adicionales y una soluci\u00f3n de carga r\u00e1pida y eficiente, este paquete aborda la necesidad cr\u00edtica de energ\u00eda extendida durante operaciones intensas con drones. Ya sea para uso profesional o recreativo, esta soluci\u00f3n de gesti\u00f3n de energ\u00eda destaca como un enfoque pr\u00e1ctico para mejorar la productividad y el tiempo de actividad sobre el terreno.<\/span><\/span><\/p>\n<p>&nbsp;<\/p>","protected":false},"excerpt":{"rendered":"<ul>\n<li>Incluye tres bater\u00edas de vuelo inteligente<\/li>\n<li>Un concentrador de carga de bater\u00eda DJI Mavic 3 (100 W)<\/li>\n<li>Dise\u00f1ado para operaciones a largo plazo<\/li>\n<\/ul>","protected":false},"featured_media":5632,"template":"","meta":{"_acf_changed":false},"product_brand":[],"product_cat":[113,111,97,165],"product_tag":[],"class_list":{"0":"post-5635","1":"product","2":"type-product","3":"status-publish","4":"has-post-thumbnail","6":"product_cat-alle-batterijen","7":"product_cat-alle-opladers","8":"product_cat-alle-producten","9":"product_cat-dji-mavic-3-enterprise","10":"product_shipping_class-uavspacesall","11":"pa_brand-dji","12":"pa_productfamily-batterij","13":"pa_producttype-batterij","14":"pa_series-mavic-3","16":"first","17":"instock","18":"taxable","19":"shipping-taxable","20":"purchasable","21":"product-type-simple"},"acf":[],"yoast_head":"<!-- This site is optimized with the Yoast SEO Premium plugin v27.2 (Yoast SEO v27.2) - https:\/\/yoast.com\/product\/yoast-seo-premium-wordpress\/ -->\n<title>DJI Mavic 3 Enterprise Series Battery Kit - koningdrone.be<\/title>\n<meta name=\"robots\" content=\"index, follow, max-snippet:-1, max-image-preview:large, max-video-preview:-1\" \/>\n<link rel=\"canonical\" href=\"https:\/\/koningdrone.be\/es\/producto\/dji-mavic-3-enterprise-battery-kit-p05\/\" \/>\n<meta property=\"og:locale\" content=\"es_ES\" \/>\n<meta property=\"og:type\" content=\"article\" \/>\n<meta property=\"og:title\" content=\"DJI Mavic 3 Enterprise Series Battery Kit\" \/>\n<meta property=\"og:description\" content=\"Inclusief drie Intelligent Flight Batteries  E\u00e9n DJI Mavic 3-batterijoplaadhub (100 W)  Ontworpen voor langdurige werkzaamheden\" \/>\n<meta property=\"og:url\" content=\"https:\/\/koningdrone.be\/es\/producto\/dji-mavic-3-enterprise-battery-kit-p05\/\" \/>\n<meta property=\"og:site_name\" content=\"koningdrone.be\" \/>\n<meta property=\"article:modified_time\" content=\"2026-04-29T01:40:17+00:00\" \/>\n<meta property=\"og:image\" content=\"https:\/\/koningdrone.be\/wp-content\/uploads\/sites\/13\/2025\/04\/db01ffa7404beaf80b2d46f80e9e5480@large.jpg\" \/>\n\t<meta property=\"og:image:width\" content=\"1200\" \/>\n\t<meta property=\"og:image:height\" content=\"800\" \/>\n\t<meta property=\"og:image:type\" content=\"image\/jpeg\" \/>\n<meta name=\"twitter:card\" content=\"summary_large_image\" \/>\n<meta name=\"twitter:label1\" content=\"Tiempo de lectura\" \/>\n\t<meta name=\"twitter:data1\" content=\"2 minutos\" \/>\n<script type=\"application\/ld+json\" class=\"yoast-schema-graph\">{\"@context\":\"https:\/\/schema.org\",\"@graph\":[{\"@type\":\"WebPage\",\"@id\":\"https:\/\/koningdrone.be\/product\/dji-mavic-3-enterprise-battery-kit-p05\/\",\"url\":\"https:\/\/koningdrone.be\/product\/dji-mavic-3-enterprise-battery-kit-p05\/\",\"name\":\"DJI Mavic 3 Enterprise Series Battery Kit - koningdrone.be\",\"isPartOf\":{\"@id\":\"https:\/\/koningdrone.be\/#website\"},\"primaryImageOfPage\":{\"@id\":\"https:\/\/koningdrone.be\/product\/dji-mavic-3-enterprise-battery-kit-p05\/#primaryimage\"},\"image\":{\"@id\":\"https:\/\/koningdrone.be\/product\/dji-mavic-3-enterprise-battery-kit-p05\/#primaryimage\"},\"thumbnailUrl\":\"https:\/\/koningdrone.be\/wp-content\/uploads\/sites\/13\/2025\/04\/db01ffa7404beaf80b2d46f80e9e5480@large.jpg\",\"datePublished\":\"2022-10-19T09:31:20+00:00\",\"dateModified\":\"2026-04-29T01:40:17+00:00\",\"breadcrumb\":{\"@id\":\"https:\/\/koningdrone.be\/product\/dji-mavic-3-enterprise-battery-kit-p05\/#breadcrumb\"},\"inLanguage\":\"es\",\"potentialAction\":[{\"@type\":\"ReadAction\",\"target\":[\"https:\/\/koningdrone.be\/product\/dji-mavic-3-enterprise-battery-kit-p05\/\"]}]},{\"@type\":\"ImageObject\",\"inLanguage\":\"es\",\"@id\":\"https:\/\/koningdrone.be\/product\/dji-mavic-3-enterprise-battery-kit-p05\/#primaryimage\",\"url\":\"https:\/\/koningdrone.be\/wp-content\/uploads\/sites\/13\/2025\/04\/db01ffa7404beaf80b2d46f80e9e5480@large.jpg\",\"contentUrl\":\"https:\/\/koningdrone.be\/wp-content\/uploads\/sites\/13\/2025\/04\/db01ffa7404beaf80b2d46f80e9e5480@large.jpg\",\"width\":1200,\"height\":800},{\"@type\":\"BreadcrumbList\",\"@id\":\"https:\/\/koningdrone.be\/product\/dji-mavic-3-enterprise-battery-kit-p05\/#breadcrumb\",\"itemListElement\":[{\"@type\":\"ListItem\",\"position\":1,\"name\":\"Home\",\"item\":\"https:\/\/koningdrone.be\/\"},{\"@type\":\"ListItem\",\"position\":2,\"name\":\"AVSS Parachute Recovery System for DJI Matrice 300\/350\",\"item\":\"https:\/\/koningdrone.be\/product\/avss-parachute-recovery-system-for-dji-matrice-300-350\/\"},{\"@type\":\"ListItem\",\"position\":3,\"name\":\"Alle batterijen\",\"item\":\"https:\/\/koningdrone.be\/categorie\/alle-batterijen\/\"},{\"@type\":\"ListItem\",\"position\":4,\"name\":\"DJI Mavic 3 Enterprise Series Battery Kit\"}]},{\"@type\":\"WebSite\",\"@id\":\"https:\/\/koningdrone.be\/#website\",\"url\":\"https:\/\/koningdrone.be\/\",\"name\":\"Koningdrone.be - Uw online specialist in drones, gimbals, camera's en power stations.\",\"description\":\"De webshop in drones en gimbals\",\"publisher\":{\"@id\":\"https:\/\/koningdrone.be\/#organization\"},\"potentialAction\":[{\"@type\":\"SearchAction\",\"target\":{\"@type\":\"EntryPoint\",\"urlTemplate\":\"https:\/\/koningdrone.be\/?s={search_term_string}\"},\"query-input\":{\"@type\":\"PropertyValueSpecification\",\"valueRequired\":true,\"valueName\":\"search_term_string\"}}],\"inLanguage\":\"es\"},{\"@type\":\"Organization\",\"@id\":\"https:\/\/koningdrone.be\/#organization\",\"name\":\"Koningdrone.be\",\"url\":\"https:\/\/koningdrone.be\/\",\"logo\":{\"@type\":\"ImageObject\",\"inLanguage\":\"es\",\"@id\":\"https:\/\/koningdrone.be\/#\/schema\/logo\/image\/\",\"url\":\"https:\/\/koningdrone.be\/wp-content\/uploads\/sites\/13\/2025\/04\/koningdrone-copyright-logo.svg\",\"contentUrl\":\"https:\/\/koningdrone.be\/wp-content\/uploads\/sites\/13\/2025\/04\/koningdrone-copyright-logo.svg\",\"width\":227,\"height\":38,\"caption\":\"Koningdrone.be\"},\"image\":{\"@id\":\"https:\/\/koningdrone.be\/#\/schema\/logo\/image\/\"}}]}<\/script>\n<!-- \/ Yoast SEO Premium plugin. -->","yoast_head_json":{"title":"DJI Mavic 3 Enterprise Series Battery Kit - koningdrone.be","robots":{"index":"index","follow":"follow","max-snippet":"max-snippet:-1","max-image-preview":"max-image-preview:large","max-video-preview":"max-video-preview:-1"},"canonical":"https:\/\/koningdrone.be\/es\/producto\/dji-mavic-3-enterprise-battery-kit-p05\/","og_locale":"es_ES","og_type":"article","og_title":"DJI Mavic 3 Enterprise Series Battery Kit","og_description":"Inclusief drie Intelligent Flight Batteries  E\u00e9n DJI Mavic 3-batterijoplaadhub (100 W)  Ontworpen voor langdurige werkzaamheden","og_url":"https:\/\/koningdrone.be\/es\/producto\/dji-mavic-3-enterprise-battery-kit-p05\/","og_site_name":"koningdrone.be","article_modified_time":"2026-04-29T01:40:17+00:00","og_image":[{"width":1200,"height":800,"url":"https:\/\/koningdrone.be\/wp-content\/uploads\/sites\/13\/2025\/04\/db01ffa7404beaf80b2d46f80e9e5480@large.jpg","type":"image\/jpeg"}],"twitter_card":"summary_large_image","twitter_misc":{"Tiempo de lectura":"2 minutos"},"schema":{"@context":"https:\/\/schema.org","@graph":[{"@type":"WebPage","@id":"https:\/\/koningdrone.be\/product\/dji-mavic-3-enterprise-battery-kit-p05\/","url":"https:\/\/koningdrone.be\/product\/dji-mavic-3-enterprise-battery-kit-p05\/","name":"DJI Mavic 3 Enterprise Series Battery Kit - koningdrone.be","isPartOf":{"@id":"https:\/\/koningdrone.be\/#website"},"primaryImageOfPage":{"@id":"https:\/\/koningdrone.be\/product\/dji-mavic-3-enterprise-battery-kit-p05\/#primaryimage"},"image":{"@id":"https:\/\/koningdrone.be\/product\/dji-mavic-3-enterprise-battery-kit-p05\/#primaryimage"},"thumbnailUrl":"https:\/\/koningdrone.be\/wp-content\/uploads\/sites\/13\/2025\/04\/db01ffa7404beaf80b2d46f80e9e5480@large.jpg","datePublished":"2022-10-19T09:31:20+00:00","dateModified":"2026-04-29T01:40:17+00:00","breadcrumb":{"@id":"https:\/\/koningdrone.be\/product\/dji-mavic-3-enterprise-battery-kit-p05\/#breadcrumb"},"inLanguage":"es","potentialAction":[{"@type":"ReadAction","target":["https:\/\/koningdrone.be\/product\/dji-mavic-3-enterprise-battery-kit-p05\/"]}]},{"@type":"ImageObject","inLanguage":"es","@id":"https:\/\/koningdrone.be\/product\/dji-mavic-3-enterprise-battery-kit-p05\/#primaryimage","url":"https:\/\/koningdrone.be\/wp-content\/uploads\/sites\/13\/2025\/04\/db01ffa7404beaf80b2d46f80e9e5480@large.jpg","contentUrl":"https:\/\/koningdrone.be\/wp-content\/uploads\/sites\/13\/2025\/04\/db01ffa7404beaf80b2d46f80e9e5480@large.jpg","width":1200,"height":800},{"@type":"BreadcrumbList","@id":"https:\/\/koningdrone.be\/product\/dji-mavic-3-enterprise-battery-kit-p05\/#breadcrumb","itemListElement":[{"@type":"ListItem","position":1,"name":"Home","item":"https:\/\/koningdrone.be\/"},{"@type":"ListItem","position":2,"name":"AVSS Parachute Recovery System for DJI Matrice 300\/350","item":"https:\/\/koningdrone.be\/product\/avss-parachute-recovery-system-for-dji-matrice-300-350\/"},{"@type":"ListItem","position":3,"name":"Alle batterijen","item":"https:\/\/koningdrone.be\/categorie\/alle-batterijen\/"},{"@type":"ListItem","position":4,"name":"DJI Mavic 3 Enterprise Series Battery Kit"}]},{"@type":"WebSite","@id":"https:\/\/koningdrone.be\/#website","url":"https:\/\/koningdrone.be\/","name":"Koningdrone.be - Su especialista en l\u00ednea en drones, cardanes, c\u00e1maras y centrales el\u00e9ctricas.","description":"La tienda virtual de drones y cardanes","publisher":{"@id":"https:\/\/koningdrone.be\/#organization"},"potentialAction":[{"@type":"SearchAction","target":{"@type":"EntryPoint","urlTemplate":"https:\/\/koningdrone.be\/?s={search_term_string}"},"query-input":{"@type":"PropertyValueSpecification","valueRequired":true,"valueName":"search_term_string"}}],"inLanguage":"es"},{"@type":"Organization","@id":"https:\/\/koningdrone.be\/#organization","name":"Kingdrone.es","url":"https:\/\/koningdrone.be\/","logo":{"@type":"ImageObject","inLanguage":"es","@id":"https:\/\/koningdrone.be\/#\/schema\/logo\/image\/","url":"https:\/\/koningdrone.be\/wp-content\/uploads\/sites\/13\/2025\/04\/koningdrone-copyright-logo.svg","contentUrl":"https:\/\/koningdrone.be\/wp-content\/uploads\/sites\/13\/2025\/04\/koningdrone-copyright-logo.svg","width":227,"height":38,"caption":"Koningdrone.be"},"image":{"@id":"https:\/\/koningdrone.be\/#\/schema\/logo\/image\/"}}]}},"df_price":494,"df_sale_price":"","df_regular_price":494,"df_image_link":"https:\/\/koningdrone.be\/wp-content\/uploads\/sites\/13\/2025\/04\/db01ffa7404beaf80b2d46f80e9e5480@large-300x200.jpg","_links":{"self":[{"href":"https:\/\/koningdrone.be\/es\/wp-json\/wp\/v2\/product\/5635","targetHints":{"allow":["GET"]}}],"collection":[{"href":"https:\/\/koningdrone.be\/es\/wp-json\/wp\/v2\/product"}],"about":[{"href":"https:\/\/koningdrone.be\/es\/wp-json\/wp\/v2\/types\/product"}],"wp:featuredmedia":[{"embeddable":true,"href":"https:\/\/koningdrone.be\/es\/wp-json\/wp\/v2\/media\/5632"}],"wp:attachment":[{"href":"https:\/\/koningdrone.be\/es\/wp-json\/wp\/v2\/media?parent=5635"}],"wp:term":[{"taxonomy":"product_brand","embeddable":true,"href":"https:\/\/koningdrone.be\/es\/wp-json\/wp\/v2\/product_brand?post=5635"},{"taxonomy":"product_cat","embeddable":true,"href":"https:\/\/koningdrone.be\/es\/wp-json\/wp\/v2\/product_cat?post=5635"},{"taxonomy":"product_tag","embeddable":true,"href":"https:\/\/koningdrone.be\/es\/wp-json\/wp\/v2\/product_tag?post=5635"}],"curies":[{"name":"wp","href":"https:\/\/api.w.org\/{rel}","templated":true}]}}