{"id":5631,"date":"2022-11-02T09:13:42","date_gmt":"2022-11-02T08:13:42","guid":{"rendered":"https:\/\/koningdrone.nl\/kon\/product\/dji-lidar-range-finder-rs\/"},"modified":"2026-04-29T15:10:49","modified_gmt":"2026-04-29T13:10:49","slug":"dji-lidar-range-finder-rs","status":"publish","type":"product","link":"https:\/\/koningdrone.be\/es\/producto\/dji-lidar-range-finder-rs\/","title":{"rendered":"Tel\u00e9metro DJI LiDAR (RS)"},"content":{"rendered":"<p><strong>Introducci\u00f3n del sistema de enfoque LiDAR<\/strong><\/p>\n<p> El Sistema de Enfoque LiDAR revoluciona el enfoque para la fotograf\u00eda manual, ofreciendo el m\u00e1ximo rendimiento en situaciones de poca luz o al capturar sujetos sin texturas claras. Este innovador sistema est\u00e1 dise\u00f1ado para mejorar significativamente la precisi\u00f3n del enfoque, por lo que resulta indispensable para los fot\u00f3grafos que buscan fiabilidad en una gran variedad de condiciones.<\/p>\n<p><strong>Tecnolog\u00eda avanzada de tel\u00e9metro LiDAR<\/strong><\/p>\n<p> En el coraz\u00f3n del sistema de enfoque LiDAR se encuentra el avanzado tel\u00e9metro LiDAR (RS). Este componente de \u00faltima generaci\u00f3n proyecta hasta 43.200 puntos, lo que permite un alcance preciso de hasta 14 metros en condiciones ideales. Su precisi\u00f3n y alcance lo convierten en un hito para garantizar un enfoque n\u00edtido en sus proyectos fotogr\u00e1ficos.<\/p>\n<p><strong>Especialmente dise\u00f1ado para la versatilidad<\/strong><\/p>\n<p> La c\u00e1mara integrada en el sistema tiene una longitud focal equivalente a 30 mm y un amplio campo de visi\u00f3n de 70\u00b0. Esto proporciona una amplia cobertura de los escenarios de disparo m\u00e1s habituales, lo que hace que el sistema de enfoque LiDAR sea vers\u00e1til y adaptable. La c\u00e1mara est\u00e1 dise\u00f1ada para satisfacer las necesidades de una amplia gama de estilos y escenarios fotogr\u00e1ficos.<\/p>\n<p><strong>Funciones de autoenfoque mejoradas<\/strong><\/p>\n<p> Combinado con el \u00faltimo Motor de Enfoque (2022), el Sistema de Enfoque LiDAR ampl\u00eda su funcionalidad al proporcionar la capacidad de enfocar autom\u00e1ticamente objetivos manuales. Esto representa un gran avance en la fotograf\u00eda, ya que ofrece a los usuarios m\u00e1s flexibilidad y eficacia durante el disparo tras la configuraci\u00f3n inicial.<\/p>\n<p><strong>Funcionalidad ActiveTrack Pro mejorada<\/strong><\/p>\n<p> La combinaci\u00f3n del tel\u00e9metro LiDAR (RS) y el modelo RS 3 Pro mejora el rendimiento de ActiveTrack Pro. Esta integraci\u00f3n permite una identificaci\u00f3n y un seguimiento m\u00e1s precisos de los sujetos. Los fot\u00f3grafos apreciar\u00e1n la capacidad mejorada para capturar escenas din\u00e1micas con mayor precisi\u00f3n.<\/p>\n<p><strong>Rendimiento \u00f3ptimo y limitaciones<\/strong><\/p>\n<p> Es importante se\u00f1alar que los indicadores \u00f3ptimos de rendimiento, como el alcance de detecci\u00f3n de 14 metros, se establecieron en condiciones controladas sin fuertes interferencias luminosas. En situaciones de uso t\u00edpicas, el alcance de detecci\u00f3n efectivo para los sujetos humanos est\u00e1 m\u00e1s cerca de los 7 metros. Este conocimiento fundamental ayuda a los usuarios a establecer expectativas realistas sobre las capacidades del sistema en distintos entornos.<\/p>\n<p><\/p>","protected":false},"excerpt":{"rendered":"<ul>\n<li>Enfoque mejorado con el sistema de enfoque LiDAR para tomas manuales.<\/li>\n<li> Eficaz en entornos con poca luz para una capacidad de enfoque superior.<\/li>\n<li> Proyecta 43.200 puntos de medici\u00f3n con un alcance de detecci\u00f3n de 14 metros.<\/li>\n<li> C\u00e1mara integrada con distancia focal de 30 mm y campo de visi\u00f3n de 70\u00b0.<\/li>\n<li> Permite el enfoque autom\u00e1tico en objetivos manuales con el nuevo Motor de Enfoque (2022).<\/li>\n<li> Admite ActiveTrack Pro para mejorar la identificaci\u00f3n y el seguimiento de los sujetos.<\/li>\n<li> Distancia de detecci\u00f3n de 7 metros para sujetos humanos en entornos de disparo normales.<\/li>\n<\/ul>","protected":false},"featured_media":5628,"template":"","meta":{"_acf_changed":false},"product_brand":[],"product_cat":[410,187,97,265,809,1142],"product_tag":[],"class_list":{"0":"post-5631","1":"product","2":"type-product","3":"status-publish","4":"has-post-thumbnail","6":"product_cat-alle-handheld-gimbals","7":"product_cat-alle-lidar","8":"product_cat-alle-producten","9":"product_cat-dji-ronin","10":"product_cat-dji-ronin-rs-2","11":"product_cat-rfidautolink","12":"product_shipping_class-outofstock","13":"pa_brand-dji","14":"pa_productfamily-lidar-range-finder","15":"pa_producttype-lidar-range-finder","16":"pa_series-ronin","18":"first","19":"outofstock","20":"taxable","21":"shipping-taxable","22":"purchasable","23":"product-type-simple"},"acf":[],"yoast_head":"<!-- This site is optimized with the Yoast SEO Premium plugin v27.2 (Yoast SEO v27.2) - https:\/\/yoast.com\/product\/yoast-seo-premium-wordpress\/ -->\n<title>DJI LiDAR Range Finder (RS) - koningdrone.be<\/title>\n<meta name=\"robots\" content=\"index, follow, max-snippet:-1, max-image-preview:large, max-video-preview:-1\" \/>\n<link rel=\"canonical\" href=\"https:\/\/koningdrone.be\/es\/producto\/dji-lidar-range-finder-rs\/\" \/>\n<meta property=\"og:locale\" content=\"es_ES\" \/>\n<meta property=\"og:type\" content=\"article\" \/>\n<meta property=\"og:title\" content=\"DJI LiDAR Range Finder (RS)\" \/>\n<meta property=\"og:description\" content=\"Verbeterde scherpstelling met LiDAR-scherpstelsysteem voor opnamen uit de hand. Effectief in omgevingen met weinig licht voor superieure scherpstelmogelijkheden. Projecteert 43.200 meetpunten met een detectiebereik van 14 meter. Ingebouwde camera met een brandpuntsafstand van 30 mm en een gezichtsveld van 70\u00b0. Maakt autofocus mogelijk op handmatige lenzen met de nieuwe Focus Motor (2022). Ondersteunt ActiveTrack Pro voor verbeterde onderwerpidentificatie en tracking. Detectieafstand van 7 meter voor menselijke onderwerpen in normale opnameomgevingen.\" \/>\n<meta property=\"og:url\" content=\"https:\/\/koningdrone.be\/es\/producto\/dji-lidar-range-finder-rs\/\" \/>\n<meta property=\"og:site_name\" content=\"koningdrone.be\" \/>\n<meta property=\"article:modified_time\" content=\"2026-04-29T13:10:49+00:00\" \/>\n<meta property=\"og:image\" content=\"https:\/\/koningdrone.be\/wp-content\/uploads\/sites\/13\/2025\/04\/f570afa39637997e3d1054459028953c@large.jpg\" \/>\n\t<meta property=\"og:image:width\" content=\"1200\" \/>\n\t<meta property=\"og:image:height\" content=\"800\" \/>\n\t<meta property=\"og:image:type\" content=\"image\/jpeg\" \/>\n<meta name=\"twitter:card\" content=\"summary_large_image\" \/>\n<meta name=\"twitter:label1\" content=\"Tiempo de lectura\" \/>\n\t<meta name=\"twitter:data1\" content=\"2 minutos\" \/>\n<script type=\"application\/ld+json\" class=\"yoast-schema-graph\">{\"@context\":\"https:\/\/schema.org\",\"@graph\":[{\"@type\":\"WebPage\",\"@id\":\"https:\/\/koningdrone.be\/product\/dji-lidar-range-finder-rs\/\",\"url\":\"https:\/\/koningdrone.be\/product\/dji-lidar-range-finder-rs\/\",\"name\":\"DJI LiDAR Range Finder (RS) - koningdrone.be\",\"isPartOf\":{\"@id\":\"https:\/\/koningdrone.be\/#website\"},\"primaryImageOfPage\":{\"@id\":\"https:\/\/koningdrone.be\/product\/dji-lidar-range-finder-rs\/#primaryimage\"},\"image\":{\"@id\":\"https:\/\/koningdrone.be\/product\/dji-lidar-range-finder-rs\/#primaryimage\"},\"thumbnailUrl\":\"https:\/\/koningdrone.be\/wp-content\/uploads\/sites\/13\/2025\/04\/f570afa39637997e3d1054459028953c@large.jpg\",\"datePublished\":\"2022-11-02T08:13:42+00:00\",\"dateModified\":\"2026-04-29T13:10:49+00:00\",\"breadcrumb\":{\"@id\":\"https:\/\/koningdrone.be\/product\/dji-lidar-range-finder-rs\/#breadcrumb\"},\"inLanguage\":\"es\",\"potentialAction\":[{\"@type\":\"ReadAction\",\"target\":[\"https:\/\/koningdrone.be\/product\/dji-lidar-range-finder-rs\/\"]}]},{\"@type\":\"ImageObject\",\"inLanguage\":\"es\",\"@id\":\"https:\/\/koningdrone.be\/product\/dji-lidar-range-finder-rs\/#primaryimage\",\"url\":\"https:\/\/koningdrone.be\/wp-content\/uploads\/sites\/13\/2025\/04\/f570afa39637997e3d1054459028953c@large.jpg\",\"contentUrl\":\"https:\/\/koningdrone.be\/wp-content\/uploads\/sites\/13\/2025\/04\/f570afa39637997e3d1054459028953c@large.jpg\",\"width\":1200,\"height\":800},{\"@type\":\"BreadcrumbList\",\"@id\":\"https:\/\/koningdrone.be\/product\/dji-lidar-range-finder-rs\/#breadcrumb\",\"itemListElement\":[{\"@type\":\"ListItem\",\"position\":1,\"name\":\"Home\",\"item\":\"https:\/\/koningdrone.be\/\"},{\"@type\":\"ListItem\",\"position\":2,\"name\":\"AVSS Parachute Recovery System for DJI Matrice 300\/350\",\"item\":\"https:\/\/koningdrone.be\/product\/avss-parachute-recovery-system-for-dji-matrice-300-350\/\"},{\"@type\":\"ListItem\",\"position\":3,\"name\":\"Alle handheld gimbals\",\"item\":\"https:\/\/koningdrone.be\/categorie\/alle-handheld-gimbals\/\"},{\"@type\":\"ListItem\",\"position\":4,\"name\":\"DJI LiDAR Range Finder (RS)\"}]},{\"@type\":\"WebSite\",\"@id\":\"https:\/\/koningdrone.be\/#website\",\"url\":\"https:\/\/koningdrone.be\/\",\"name\":\"Koningdrone.be - Uw online specialist in drones, gimbals, camera's en power stations.\",\"description\":\"De webshop in drones en gimbals\",\"publisher\":{\"@id\":\"https:\/\/koningdrone.be\/#organization\"},\"potentialAction\":[{\"@type\":\"SearchAction\",\"target\":{\"@type\":\"EntryPoint\",\"urlTemplate\":\"https:\/\/koningdrone.be\/?s={search_term_string}\"},\"query-input\":{\"@type\":\"PropertyValueSpecification\",\"valueRequired\":true,\"valueName\":\"search_term_string\"}}],\"inLanguage\":\"es\"},{\"@type\":\"Organization\",\"@id\":\"https:\/\/koningdrone.be\/#organization\",\"name\":\"Koningdrone.be\",\"url\":\"https:\/\/koningdrone.be\/\",\"logo\":{\"@type\":\"ImageObject\",\"inLanguage\":\"es\",\"@id\":\"https:\/\/koningdrone.be\/#\/schema\/logo\/image\/\",\"url\":\"https:\/\/koningdrone.be\/wp-content\/uploads\/sites\/13\/2025\/04\/koningdrone-copyright-logo.svg\",\"contentUrl\":\"https:\/\/koningdrone.be\/wp-content\/uploads\/sites\/13\/2025\/04\/koningdrone-copyright-logo.svg\",\"width\":227,\"height\":38,\"caption\":\"Koningdrone.be\"},\"image\":{\"@id\":\"https:\/\/koningdrone.be\/#\/schema\/logo\/image\/\"}}]}<\/script>\n<!-- \/ Yoast SEO Premium plugin. -->","yoast_head_json":{"title":"DJI LiDAR Range Finder (RS) - koningdrone.be","robots":{"index":"index","follow":"follow","max-snippet":"max-snippet:-1","max-image-preview":"max-image-preview:large","max-video-preview":"max-video-preview:-1"},"canonical":"https:\/\/koningdrone.be\/es\/producto\/dji-lidar-range-finder-rs\/","og_locale":"es_ES","og_type":"article","og_title":"DJI LiDAR Range Finder (RS)","og_description":"Verbeterde scherpstelling met LiDAR-scherpstelsysteem voor opnamen uit de hand. Effectief in omgevingen met weinig licht voor superieure scherpstelmogelijkheden. Projecteert 43.200 meetpunten met een detectiebereik van 14 meter. Ingebouwde camera met een brandpuntsafstand van 30 mm en een gezichtsveld van 70\u00b0. Maakt autofocus mogelijk op handmatige lenzen met de nieuwe Focus Motor (2022). Ondersteunt ActiveTrack Pro voor verbeterde onderwerpidentificatie en tracking. Detectieafstand van 7 meter voor menselijke onderwerpen in normale opnameomgevingen.","og_url":"https:\/\/koningdrone.be\/es\/producto\/dji-lidar-range-finder-rs\/","og_site_name":"koningdrone.be","article_modified_time":"2026-04-29T13:10:49+00:00","og_image":[{"width":1200,"height":800,"url":"https:\/\/koningdrone.be\/wp-content\/uploads\/sites\/13\/2025\/04\/f570afa39637997e3d1054459028953c@large.jpg","type":"image\/jpeg"}],"twitter_card":"summary_large_image","twitter_misc":{"Tiempo de lectura":"2 minutos"},"schema":{"@context":"https:\/\/schema.org","@graph":[{"@type":"WebPage","@id":"https:\/\/koningdrone.be\/product\/dji-lidar-range-finder-rs\/","url":"https:\/\/koningdrone.be\/product\/dji-lidar-range-finder-rs\/","name":"DJI LiDAR Range Finder (RS) - koningdrone.be","isPartOf":{"@id":"https:\/\/koningdrone.be\/#website"},"primaryImageOfPage":{"@id":"https:\/\/koningdrone.be\/product\/dji-lidar-range-finder-rs\/#primaryimage"},"image":{"@id":"https:\/\/koningdrone.be\/product\/dji-lidar-range-finder-rs\/#primaryimage"},"thumbnailUrl":"https:\/\/koningdrone.be\/wp-content\/uploads\/sites\/13\/2025\/04\/f570afa39637997e3d1054459028953c@large.jpg","datePublished":"2022-11-02T08:13:42+00:00","dateModified":"2026-04-29T13:10:49+00:00","breadcrumb":{"@id":"https:\/\/koningdrone.be\/product\/dji-lidar-range-finder-rs\/#breadcrumb"},"inLanguage":"es","potentialAction":[{"@type":"ReadAction","target":["https:\/\/koningdrone.be\/product\/dji-lidar-range-finder-rs\/"]}]},{"@type":"ImageObject","inLanguage":"es","@id":"https:\/\/koningdrone.be\/product\/dji-lidar-range-finder-rs\/#primaryimage","url":"https:\/\/koningdrone.be\/wp-content\/uploads\/sites\/13\/2025\/04\/f570afa39637997e3d1054459028953c@large.jpg","contentUrl":"https:\/\/koningdrone.be\/wp-content\/uploads\/sites\/13\/2025\/04\/f570afa39637997e3d1054459028953c@large.jpg","width":1200,"height":800},{"@type":"BreadcrumbList","@id":"https:\/\/koningdrone.be\/product\/dji-lidar-range-finder-rs\/#breadcrumb","itemListElement":[{"@type":"ListItem","position":1,"name":"Home","item":"https:\/\/koningdrone.be\/"},{"@type":"ListItem","position":2,"name":"AVSS Parachute Recovery System for DJI Matrice 300\/350","item":"https:\/\/koningdrone.be\/product\/avss-parachute-recovery-system-for-dji-matrice-300-350\/"},{"@type":"ListItem","position":3,"name":"Alle handheld gimbals","item":"https:\/\/koningdrone.be\/categorie\/alle-handheld-gimbals\/"},{"@type":"ListItem","position":4,"name":"DJI LiDAR Range Finder (RS)"}]},{"@type":"WebSite","@id":"https:\/\/koningdrone.be\/#website","url":"https:\/\/koningdrone.be\/","name":"Koningdrone.be - Su especialista en l\u00ednea en drones, cardanes, c\u00e1maras y centrales el\u00e9ctricas.","description":"La tienda virtual de drones y cardanes","publisher":{"@id":"https:\/\/koningdrone.be\/#organization"},"potentialAction":[{"@type":"SearchAction","target":{"@type":"EntryPoint","urlTemplate":"https:\/\/koningdrone.be\/?s={search_term_string}"},"query-input":{"@type":"PropertyValueSpecification","valueRequired":true,"valueName":"search_term_string"}}],"inLanguage":"es"},{"@type":"Organization","@id":"https:\/\/koningdrone.be\/#organization","name":"Kingdrone.es","url":"https:\/\/koningdrone.be\/","logo":{"@type":"ImageObject","inLanguage":"es","@id":"https:\/\/koningdrone.be\/#\/schema\/logo\/image\/","url":"https:\/\/koningdrone.be\/wp-content\/uploads\/sites\/13\/2025\/04\/koningdrone-copyright-logo.svg","contentUrl":"https:\/\/koningdrone.be\/wp-content\/uploads\/sites\/13\/2025\/04\/koningdrone-copyright-logo.svg","width":227,"height":38,"caption":"Koningdrone.be"},"image":{"@id":"https:\/\/koningdrone.be\/#\/schema\/logo\/image\/"}}]}},"df_price":579,"df_sale_price":"","df_regular_price":579,"df_image_link":"https:\/\/koningdrone.be\/wp-content\/uploads\/sites\/13\/2025\/04\/f570afa39637997e3d1054459028953c@large-300x200.jpg","_links":{"self":[{"href":"https:\/\/koningdrone.be\/es\/wp-json\/wp\/v2\/product\/5631","targetHints":{"allow":["GET"]}}],"collection":[{"href":"https:\/\/koningdrone.be\/es\/wp-json\/wp\/v2\/product"}],"about":[{"href":"https:\/\/koningdrone.be\/es\/wp-json\/wp\/v2\/types\/product"}],"wp:featuredmedia":[{"embeddable":true,"href":"https:\/\/koningdrone.be\/es\/wp-json\/wp\/v2\/media\/5628"}],"wp:attachment":[{"href":"https:\/\/koningdrone.be\/es\/wp-json\/wp\/v2\/media?parent=5631"}],"wp:term":[{"taxonomy":"product_brand","embeddable":true,"href":"https:\/\/koningdrone.be\/es\/wp-json\/wp\/v2\/product_brand?post=5631"},{"taxonomy":"product_cat","embeddable":true,"href":"https:\/\/koningdrone.be\/es\/wp-json\/wp\/v2\/product_cat?post=5631"},{"taxonomy":"product_tag","embeddable":true,"href":"https:\/\/koningdrone.be\/es\/wp-json\/wp\/v2\/product_tag?post=5631"}],"curies":[{"name":"wp","href":"https:\/\/api.w.org\/{rel}","templated":true}]}}