{"id":5612,"date":"2022-11-02T09:13:42","date_gmt":"2022-11-02T08:13:42","guid":{"rendered":"https:\/\/koningdrone.nl\/kon\/product\/dji-rc-rm330-remote-controller-for-mini-3-pro\/"},"modified":"2026-04-29T04:10:50","modified_gmt":"2026-04-29T02:10:50","slug":"dji-rc-rm330-remote-controller-for-mini-3-pro","status":"publish","type":"product","link":"https:\/\/koningdrone.be\/es\/producto\/dji-rc-rm330-remote-controller-for-mini-3-pro\/","title":{"rendered":"DJI RC RM330 - Mando a distancia"},"content":{"rendered":"<h1>DJI RC RM330 - Mando a distancia<\/h1>\n<p>El DJI RC es un mando a distancia que ofrece una experiencia de control excepcional para los drones DJI. Adem\u00e1s de un cuerpo ligero, una pantalla Full HD y una bater\u00eda de duraci\u00f3n ultralarga, tambi\u00e9n cuenta con nuevos joysticks de doble muelle que permiten un control c\u00f3modo del vuelo. Tambi\u00e9n es compatible con la transmisi\u00f3n de v\u00eddeo avanzada DJI O3+. Con su potente funcionalidad, hacer fotos a\u00e9reas es m\u00e1s c\u00f3modo que nunca.<br \/>V\u00eddeo:<br \/>Tecnolog\u00eda de transmisi\u00f3n Cuando se utiliza con drones compatibles con la transmisi\u00f3n O3+, como el DJI Mavic 3, el mando a distancia DJI RC puede ofrecer im\u00e1genes en directo en HD 1080p\/60fps con baja latencia y una distancia de transmisi\u00f3n de hasta 15 km para un control m\u00e1s fluido y un vuelo m\u00e1s seguro .<br \/>Ligera, compacta y potente:<br \/>Gracias a su innovador dise\u00f1o, las antenas integradas del mando a distancia DJI RC ofrecen un rendimiento excepcional en un cuerpo m\u00e1s peque\u00f1o. El nuevo dise\u00f1o reduce a\u00fan m\u00e1s el tama\u00f1o del control remoto DJI RC, lo que se traduce en un peso de tan solo 390 g. La pantalla t\u00e1ctil Full HD de 5,5\u2033 integrada admite un brillo de hasta 700 nits.<br \/>4 horas de bater\u00eda de duraci\u00f3n ultralarga:<br \/>El control remoto DJI RC permite hasta cuatro horas de uso continuo con una carga completa.<br \/>Esto le permite grabar f\u00e1cilmente en varias ubicaciones con una sola carga de bater\u00eda.<br \/>Lo m\u00e1s destacado en detalle:<br \/>El control remoto DJI RC ofrece joysticks de doble muelle para un control suave y preciso.<br \/>Cuenta con puertos de uso com\u00fan para la carga y una ranura para tarjetas microSD.<br \/>Empieza pronto a disfrutar de cada momento:<br \/>Con una pantalla integrada, el mando a distancia DJI RC puede conectarse directamente a tu dron tras encenderlo sin necesidad de conectarlo a un smartphone, para que puedas empezar a grabar de inmediato.<br \/>Compatibilidad: Mini 3 Pro, Mavic 3, Mavic 3 Cine<\/p>","protected":false},"excerpt":{"rendered":"<ul>\n<li>Resoluci\u00f3n: 1920\u00d71080<\/li>\n<li>Dimensiones: 5,5 pulgadas<\/li>\n<li>Frecuencia de imagen: 60 fps<\/li>\n<li>Brillo: 700 nits<\/li>\n<li>Funcionamiento de la pantalla t\u00e1ctil: multit\u00e1ctil de 10 puntos<\/li>\n<li>Bater\u00eda: Li-Ion (5200 mAh a 3,6 V)<\/li>\n<li>Tipo de carga: se recomienda utilizar un cargador de al menos 5V\/2A.<\/li>\n<li>Potencia nominal: 4,5 W<\/li>\n<li>Capacidad de almacenamiento: Ampliable (con tarjeta microSD)<\/li>\n<li>Tiempo de carga: 1,5 horas (con cargador de 5 V \/ 3 A)<\/li>\n<li>Duraci\u00f3n de la bater\u00eda: 4 horas<\/li>\n<li>Peso: Aproximadamente 390 gramos<\/li>\n<\/ul>","protected":false},"featured_media":5607,"template":"","meta":{"_acf_changed":false},"product_brand":[],"product_cat":[122,97,137,446],"product_tag":[],"class_list":{"0":"post-5612","1":"product","2":"type-product","3":"status-publish","4":"has-post-thumbnail","6":"product_cat-alle-afstandsbedieningen","7":"product_cat-alle-producten","8":"product_cat-dji-mavic-3","9":"product_cat-dji-mini-3","10":"product_shipping_class-acsystemsall","11":"pa_brand-dji","12":"pa_productfamily-afstandsbediening","13":"pa_producttype-afstandsbediening","14":"pa_series-mini-3","16":"first","17":"instock","18":"taxable","19":"shipping-taxable","20":"purchasable","21":"product-type-simple"},"acf":[],"yoast_head":"<!-- This site is optimized with the Yoast SEO Premium plugin v27.2 (Yoast SEO v27.2) - https:\/\/yoast.com\/product\/yoast-seo-premium-wordpress\/ -->\n<title>DJI RC RM330 - Remote Controller - koningdrone.be<\/title>\n<meta name=\"robots\" content=\"index, follow, max-snippet:-1, max-image-preview:large, max-video-preview:-1\" \/>\n<link rel=\"canonical\" href=\"https:\/\/koningdrone.be\/es\/producto\/dji-rc-rm330-remote-controller-for-mini-3-pro\/\" \/>\n<meta property=\"og:locale\" content=\"es_ES\" \/>\n<meta property=\"og:type\" content=\"article\" \/>\n<meta property=\"og:title\" content=\"DJI RC RM330 - Remote Controller\" \/>\n<meta property=\"og:description\" content=\"Resolutie: 1920\u00d71080Afmetingen: 5,5 inchFramesnelheid: 60 fpsHelderheid: 700 nitsTouchscreen-bediening: 10 punten multi-touchBatterij: Li-Ion (5200 mAh bij 3,6 V)Oplaadtype: het wordt aanbevolen om een oplader van minimaal 5V\/2A te gebruiken.Nominaal vermogen: 4,5 WOpslagcapaciteit: Uitbreidbaar (met microSD-kaart)Oplaadtijd: 1,5 uur (met oplader 5 V \/ 3 A)Levensduur batterij: 4 uurGewicht: Ca. 390 gram\" \/>\n<meta property=\"og:url\" content=\"https:\/\/koningdrone.be\/es\/producto\/dji-rc-rm330-remote-controller-for-mini-3-pro\/\" \/>\n<meta property=\"og:site_name\" content=\"koningdrone.be\" \/>\n<meta property=\"article:modified_time\" content=\"2026-04-29T02:10:50+00:00\" \/>\n<meta property=\"og:image\" content=\"https:\/\/koningdrone.be\/wp-content\/uploads\/sites\/13\/2025\/04\/6941565933911-1.jpg\" \/>\n\t<meta property=\"og:image:width\" content=\"1200\" \/>\n\t<meta property=\"og:image:height\" content=\"1200\" \/>\n\t<meta property=\"og:image:type\" content=\"image\/jpeg\" \/>\n<meta name=\"twitter:card\" content=\"summary_large_image\" \/>\n<meta name=\"twitter:label1\" content=\"Tiempo de lectura\" \/>\n\t<meta name=\"twitter:data1\" content=\"1 minuto\" \/>\n<script type=\"application\/ld+json\" class=\"yoast-schema-graph\">{\"@context\":\"https:\/\/schema.org\",\"@graph\":[{\"@type\":\"WebPage\",\"@id\":\"https:\/\/koningdrone.be\/product\/dji-rc-rm330-remote-controller-for-mini-3-pro\/\",\"url\":\"https:\/\/koningdrone.be\/product\/dji-rc-rm330-remote-controller-for-mini-3-pro\/\",\"name\":\"DJI RC RM330 - Remote Controller - koningdrone.be\",\"isPartOf\":{\"@id\":\"https:\/\/koningdrone.be\/#website\"},\"primaryImageOfPage\":{\"@id\":\"https:\/\/koningdrone.be\/product\/dji-rc-rm330-remote-controller-for-mini-3-pro\/#primaryimage\"},\"image\":{\"@id\":\"https:\/\/koningdrone.be\/product\/dji-rc-rm330-remote-controller-for-mini-3-pro\/#primaryimage\"},\"thumbnailUrl\":\"https:\/\/koningdrone.be\/wp-content\/uploads\/sites\/13\/2025\/04\/6941565933911-1.jpg\",\"datePublished\":\"2022-11-02T08:13:42+00:00\",\"dateModified\":\"2026-04-29T02:10:50+00:00\",\"breadcrumb\":{\"@id\":\"https:\/\/koningdrone.be\/product\/dji-rc-rm330-remote-controller-for-mini-3-pro\/#breadcrumb\"},\"inLanguage\":\"es\",\"potentialAction\":[{\"@type\":\"ReadAction\",\"target\":[\"https:\/\/koningdrone.be\/product\/dji-rc-rm330-remote-controller-for-mini-3-pro\/\"]}]},{\"@type\":\"ImageObject\",\"inLanguage\":\"es\",\"@id\":\"https:\/\/koningdrone.be\/product\/dji-rc-rm330-remote-controller-for-mini-3-pro\/#primaryimage\",\"url\":\"https:\/\/koningdrone.be\/wp-content\/uploads\/sites\/13\/2025\/04\/6941565933911-1.jpg\",\"contentUrl\":\"https:\/\/koningdrone.be\/wp-content\/uploads\/sites\/13\/2025\/04\/6941565933911-1.jpg\",\"width\":1200,\"height\":1200},{\"@type\":\"BreadcrumbList\",\"@id\":\"https:\/\/koningdrone.be\/product\/dji-rc-rm330-remote-controller-for-mini-3-pro\/#breadcrumb\",\"itemListElement\":[{\"@type\":\"ListItem\",\"position\":1,\"name\":\"Home\",\"item\":\"https:\/\/koningdrone.be\/\"},{\"@type\":\"ListItem\",\"position\":2,\"name\":\"AVSS Parachute Recovery System for DJI Matrice 300\/350\",\"item\":\"https:\/\/koningdrone.be\/product\/avss-parachute-recovery-system-for-dji-matrice-300-350\/\"},{\"@type\":\"ListItem\",\"position\":3,\"name\":\"Alle afstandsbedieningen\",\"item\":\"https:\/\/koningdrone.be\/categorie\/alle-afstandsbedieningen\/\"},{\"@type\":\"ListItem\",\"position\":4,\"name\":\"DJI RC RM330 &#8211; Remote Controller\"}]},{\"@type\":\"WebSite\",\"@id\":\"https:\/\/koningdrone.be\/#website\",\"url\":\"https:\/\/koningdrone.be\/\",\"name\":\"Koningdrone.be - Uw online specialist in drones, gimbals, camera's en power stations.\",\"description\":\"De webshop in drones en gimbals\",\"publisher\":{\"@id\":\"https:\/\/koningdrone.be\/#organization\"},\"potentialAction\":[{\"@type\":\"SearchAction\",\"target\":{\"@type\":\"EntryPoint\",\"urlTemplate\":\"https:\/\/koningdrone.be\/?s={search_term_string}\"},\"query-input\":{\"@type\":\"PropertyValueSpecification\",\"valueRequired\":true,\"valueName\":\"search_term_string\"}}],\"inLanguage\":\"es\"},{\"@type\":\"Organization\",\"@id\":\"https:\/\/koningdrone.be\/#organization\",\"name\":\"Koningdrone.be\",\"url\":\"https:\/\/koningdrone.be\/\",\"logo\":{\"@type\":\"ImageObject\",\"inLanguage\":\"es\",\"@id\":\"https:\/\/koningdrone.be\/#\/schema\/logo\/image\/\",\"url\":\"https:\/\/koningdrone.be\/wp-content\/uploads\/sites\/13\/2025\/04\/koningdrone-copyright-logo.svg\",\"contentUrl\":\"https:\/\/koningdrone.be\/wp-content\/uploads\/sites\/13\/2025\/04\/koningdrone-copyright-logo.svg\",\"width\":227,\"height\":38,\"caption\":\"Koningdrone.be\"},\"image\":{\"@id\":\"https:\/\/koningdrone.be\/#\/schema\/logo\/image\/\"}}]}<\/script>\n<!-- \/ Yoast SEO Premium plugin. -->","yoast_head_json":{"title":"DJI RC RM330 - Remote Controller - koningdrone.be","robots":{"index":"index","follow":"follow","max-snippet":"max-snippet:-1","max-image-preview":"max-image-preview:large","max-video-preview":"max-video-preview:-1"},"canonical":"https:\/\/koningdrone.be\/es\/producto\/dji-rc-rm330-remote-controller-for-mini-3-pro\/","og_locale":"es_ES","og_type":"article","og_title":"DJI RC RM330 - Remote Controller","og_description":"Resolutie: 1920\u00d71080Afmetingen: 5,5 inchFramesnelheid: 60 fpsHelderheid: 700 nitsTouchscreen-bediening: 10 punten multi-touchBatterij: Li-Ion (5200 mAh bij 3,6 V)Oplaadtype: het wordt aanbevolen om een oplader van minimaal 5V\/2A te gebruiken.Nominaal vermogen: 4,5 WOpslagcapaciteit: Uitbreidbaar (met microSD-kaart)Oplaadtijd: 1,5 uur (met oplader 5 V \/ 3 A)Levensduur batterij: 4 uurGewicht: Ca. 390 gram","og_url":"https:\/\/koningdrone.be\/es\/producto\/dji-rc-rm330-remote-controller-for-mini-3-pro\/","og_site_name":"koningdrone.be","article_modified_time":"2026-04-29T02:10:50+00:00","og_image":[{"width":1200,"height":1200,"url":"https:\/\/koningdrone.be\/wp-content\/uploads\/sites\/13\/2025\/04\/6941565933911-1.jpg","type":"image\/jpeg"}],"twitter_card":"summary_large_image","twitter_misc":{"Tiempo de lectura":"1 minuto"},"schema":{"@context":"https:\/\/schema.org","@graph":[{"@type":"WebPage","@id":"https:\/\/koningdrone.be\/product\/dji-rc-rm330-remote-controller-for-mini-3-pro\/","url":"https:\/\/koningdrone.be\/product\/dji-rc-rm330-remote-controller-for-mini-3-pro\/","name":"DJI RC RM330 - Remote Controller - koningdrone.be","isPartOf":{"@id":"https:\/\/koningdrone.be\/#website"},"primaryImageOfPage":{"@id":"https:\/\/koningdrone.be\/product\/dji-rc-rm330-remote-controller-for-mini-3-pro\/#primaryimage"},"image":{"@id":"https:\/\/koningdrone.be\/product\/dji-rc-rm330-remote-controller-for-mini-3-pro\/#primaryimage"},"thumbnailUrl":"https:\/\/koningdrone.be\/wp-content\/uploads\/sites\/13\/2025\/04\/6941565933911-1.jpg","datePublished":"2022-11-02T08:13:42+00:00","dateModified":"2026-04-29T02:10:50+00:00","breadcrumb":{"@id":"https:\/\/koningdrone.be\/product\/dji-rc-rm330-remote-controller-for-mini-3-pro\/#breadcrumb"},"inLanguage":"es","potentialAction":[{"@type":"ReadAction","target":["https:\/\/koningdrone.be\/product\/dji-rc-rm330-remote-controller-for-mini-3-pro\/"]}]},{"@type":"ImageObject","inLanguage":"es","@id":"https:\/\/koningdrone.be\/product\/dji-rc-rm330-remote-controller-for-mini-3-pro\/#primaryimage","url":"https:\/\/koningdrone.be\/wp-content\/uploads\/sites\/13\/2025\/04\/6941565933911-1.jpg","contentUrl":"https:\/\/koningdrone.be\/wp-content\/uploads\/sites\/13\/2025\/04\/6941565933911-1.jpg","width":1200,"height":1200},{"@type":"BreadcrumbList","@id":"https:\/\/koningdrone.be\/product\/dji-rc-rm330-remote-controller-for-mini-3-pro\/#breadcrumb","itemListElement":[{"@type":"ListItem","position":1,"name":"Home","item":"https:\/\/koningdrone.be\/"},{"@type":"ListItem","position":2,"name":"AVSS Parachute Recovery System for DJI Matrice 300\/350","item":"https:\/\/koningdrone.be\/product\/avss-parachute-recovery-system-for-dji-matrice-300-350\/"},{"@type":"ListItem","position":3,"name":"Alle afstandsbedieningen","item":"https:\/\/koningdrone.be\/categorie\/alle-afstandsbedieningen\/"},{"@type":"ListItem","position":4,"name":"DJI RC RM330 &#8211; Remote Controller"}]},{"@type":"WebSite","@id":"https:\/\/koningdrone.be\/#website","url":"https:\/\/koningdrone.be\/","name":"Koningdrone.be - Su especialista en l\u00ednea en drones, cardanes, c\u00e1maras y centrales el\u00e9ctricas.","description":"La tienda virtual de drones y cardanes","publisher":{"@id":"https:\/\/koningdrone.be\/#organization"},"potentialAction":[{"@type":"SearchAction","target":{"@type":"EntryPoint","urlTemplate":"https:\/\/koningdrone.be\/?s={search_term_string}"},"query-input":{"@type":"PropertyValueSpecification","valueRequired":true,"valueName":"search_term_string"}}],"inLanguage":"es"},{"@type":"Organization","@id":"https:\/\/koningdrone.be\/#organization","name":"Kingdrone.es","url":"https:\/\/koningdrone.be\/","logo":{"@type":"ImageObject","inLanguage":"es","@id":"https:\/\/koningdrone.be\/#\/schema\/logo\/image\/","url":"https:\/\/koningdrone.be\/wp-content\/uploads\/sites\/13\/2025\/04\/koningdrone-copyright-logo.svg","contentUrl":"https:\/\/koningdrone.be\/wp-content\/uploads\/sites\/13\/2025\/04\/koningdrone-copyright-logo.svg","width":227,"height":38,"caption":"Koningdrone.be"},"image":{"@id":"https:\/\/koningdrone.be\/#\/schema\/logo\/image\/"}}]}},"df_price":296,"df_sale_price":"","df_regular_price":296,"df_image_link":"https:\/\/koningdrone.be\/wp-content\/uploads\/sites\/13\/2025\/04\/6941565933911-1-300x300.jpg","_links":{"self":[{"href":"https:\/\/koningdrone.be\/es\/wp-json\/wp\/v2\/product\/5612","targetHints":{"allow":["GET"]}}],"collection":[{"href":"https:\/\/koningdrone.be\/es\/wp-json\/wp\/v2\/product"}],"about":[{"href":"https:\/\/koningdrone.be\/es\/wp-json\/wp\/v2\/types\/product"}],"wp:featuredmedia":[{"embeddable":true,"href":"https:\/\/koningdrone.be\/es\/wp-json\/wp\/v2\/media\/5607"}],"wp:attachment":[{"href":"https:\/\/koningdrone.be\/es\/wp-json\/wp\/v2\/media?parent=5612"}],"wp:term":[{"taxonomy":"product_brand","embeddable":true,"href":"https:\/\/koningdrone.be\/es\/wp-json\/wp\/v2\/product_brand?post=5612"},{"taxonomy":"product_cat","embeddable":true,"href":"https:\/\/koningdrone.be\/es\/wp-json\/wp\/v2\/product_cat?post=5612"},{"taxonomy":"product_tag","embeddable":true,"href":"https:\/\/koningdrone.be\/es\/wp-json\/wp\/v2\/product_tag?post=5612"}],"curies":[{"name":"wp","href":"https:\/\/api.w.org\/{rel}","templated":true}]}}