{"id":5606,"date":"2022-11-02T09:13:42","date_gmt":"2022-11-02T08:13:42","guid":{"rendered":"https:\/\/koningdrone.nl\/kon\/product\/dji-rs-focus-motor-2022\/"},"modified":"2026-04-29T10:30:53","modified_gmt":"2026-04-29T08:30:53","slug":"dji-rs-focus-motor-2022","status":"publish","type":"product","link":"https:\/\/koningdrone.be\/es\/producto\/dji-rs-focus-motor-2022\/","title":{"rendered":"Motor DJI RS Focus (2022)"},"content":{"rendered":"<p><strong>Mayor resistencia<\/strong><\/p>\n<p> El recientemente presentado Motor DJI RS Focus para 2022 refuerza significativamente el departamento de potencia, triplicando el par motor hasta un impresionante 1 N-m. Esta notable mejora permite al motor manejar una gama m\u00e1s amplia de objetivos con precisi\u00f3n, garantizando que tus tomas sean siempre claras y n\u00edtidas. Supone un cambio radical tanto para los cineastas noveles que se embarcan en su viaje como para los profesionales experimentados que necesitan un equipo robusto.<\/p>\n<p><strong>Funcionamiento m\u00e1s silencioso<\/strong><\/p>\n<p> Una de las mejoras notables del Motor DJI RS Focus 2022 es la reducci\u00f3n del nivel de ruido 50%. Esta caracter\u00edstica es especialmente importante para los cineastas que priorizan un audio claro e impecable en su trabajo. El funcionamiento m\u00e1s silencioso permite realizar ajustes de enfoque sin preocuparse de que el ruido del motor contamine la pista de audio, lo que lo convierte en una mejora esencial tanto para los vide\u00f3grafos emergentes como para los veteranos del sector.<\/p>\n<p><strong>Instalaci\u00f3n simplificada<\/strong><\/p>\n<p> El compromiso de DJI con la eficiencia queda patente en la estructura de liberaci\u00f3n r\u00e1pida del nuevo motor de enfoque. Este dise\u00f1o elimina la necesidad de herramientas durante la instalaci\u00f3n, reduciendo significativamente el tiempo de preparaci\u00f3n. Esta eficiencia es crucial en los escenarios de disparo de ritmo r\u00e1pido, donde cada momento es valioso. El proceso de instalaci\u00f3n simplificado es una gran ayuda tanto para los principiantes, que pueden encontrar intimidantes los ajustes tradicionales, como para los profesionales experimentados, que sin duda apreciar\u00e1n el ahorro de tiempo que supone esta caracter\u00edstica.<\/p>\n<p><strong>Una herramienta revolucionaria para los cineastas<\/strong><\/p>\n<p> La versi\u00f3n 2022 del Motor DJI RS Focus representa un importante salto adelante en la tecnolog\u00eda cinematogr\u00e1fica. Su potencia mejorada, su funcionamiento m\u00e1s silencioso y su instalaci\u00f3n simplificada lo convierten en una herramienta indispensable para cineastas de todos los niveles de experiencia. Tanto si est\u00e1s empezando tu primer proyecto cinematogr\u00e1fico como si eres un director experimentado, el Motor DJI RS Focus est\u00e1 dise\u00f1ado para mejorar tus habilidades cinematogr\u00e1ficas y enriquecer tu proceso creativo.<\/p>\n<p><\/p>","protected":false},"excerpt":{"rendered":"<ul>\n<li>Par tres veces mayor (hasta 1 N-m)<\/li>\n<li> Reducci\u00f3n del ruido con 50%<\/li>\n<li> Mejora la experiencia de enfoque y garantiza la calidad de audio<\/li>\n<li> Dispone de una estructura de cierre r\u00e1pido para facilitar el montaje<\/li>\n<li> Instalaci\u00f3n sin herramientas para un uso m\u00e1s r\u00e1pido<\/li>\n<\/ul>","protected":false},"featured_media":5603,"template":"","meta":{"_acf_changed":false},"product_brand":[],"product_cat":[410,97,640,265],"product_tag":[],"class_list":{"0":"post-5606","1":"product","2":"type-product","3":"status-publish","4":"has-post-thumbnail","6":"product_cat-alle-handheld-gimbals","7":"product_cat-alle-producten","8":"product_cat-dji-focus","9":"product_cat-dji-ronin","10":"product_shipping_class-outofstock","11":"pa_brand-dji","12":"pa_productfamily-focus","13":"pa_producttype-focus","14":"pa_series-rs","16":"first","17":"outofstock","18":"taxable","19":"shipping-taxable","20":"product-type-simple"},"acf":[],"yoast_head":"<!-- This site is optimized with the Yoast SEO Premium plugin v27.2 (Yoast SEO v27.2) - https:\/\/yoast.com\/product\/yoast-seo-premium-wordpress\/ -->\n<title>DJI RS Focus Motor (2022) - koningdrone.be<\/title>\n<meta name=\"robots\" content=\"index, follow, max-snippet:-1, max-image-preview:large, max-video-preview:-1\" \/>\n<link rel=\"canonical\" href=\"https:\/\/koningdrone.be\/es\/producto\/dji-rs-focus-motor-2022\/\" \/>\n<meta property=\"og:locale\" content=\"es_ES\" \/>\n<meta property=\"og:type\" content=\"article\" \/>\n<meta property=\"og:title\" content=\"DJI RS Focus Motor (2022)\" \/>\n<meta property=\"og:description\" content=\"Drie keer sterker koppel (tot 1 N\u00b7m) Ruis verminderd met 50% Verbetert de scherpstelervaring en waarborgt de audiokwaliteit Beschikt over een snelontgrendelingsstructuur voor eenvoudige montage Gereedschapsloze installatie voor sneller gebruik\" \/>\n<meta property=\"og:url\" content=\"https:\/\/koningdrone.be\/es\/producto\/dji-rs-focus-motor-2022\/\" \/>\n<meta property=\"og:site_name\" content=\"koningdrone.be\" \/>\n<meta property=\"article:modified_time\" content=\"2026-04-29T08:30:53+00:00\" \/>\n<meta property=\"og:image\" content=\"https:\/\/koningdrone.be\/wp-content\/uploads\/sites\/13\/2025\/04\/4b613f3c65cd25a1fe13b599306603be@large.jpg\" \/>\n\t<meta property=\"og:image:width\" content=\"1200\" \/>\n\t<meta property=\"og:image:height\" content=\"800\" \/>\n\t<meta property=\"og:image:type\" content=\"image\/jpeg\" \/>\n<meta name=\"twitter:card\" content=\"summary_large_image\" \/>\n<meta name=\"twitter:label1\" content=\"Tiempo de lectura\" \/>\n\t<meta name=\"twitter:data1\" content=\"1 minuto\" \/>\n<script type=\"application\/ld+json\" class=\"yoast-schema-graph\">{\"@context\":\"https:\/\/schema.org\",\"@graph\":[{\"@type\":\"WebPage\",\"@id\":\"https:\/\/koningdrone.be\/product\/dji-rs-focus-motor-2022\/\",\"url\":\"https:\/\/koningdrone.be\/product\/dji-rs-focus-motor-2022\/\",\"name\":\"DJI RS Focus Motor (2022) - koningdrone.be\",\"isPartOf\":{\"@id\":\"https:\/\/koningdrone.be\/#website\"},\"primaryImageOfPage\":{\"@id\":\"https:\/\/koningdrone.be\/product\/dji-rs-focus-motor-2022\/#primaryimage\"},\"image\":{\"@id\":\"https:\/\/koningdrone.be\/product\/dji-rs-focus-motor-2022\/#primaryimage\"},\"thumbnailUrl\":\"https:\/\/koningdrone.be\/wp-content\/uploads\/sites\/13\/2025\/04\/4b613f3c65cd25a1fe13b599306603be@large.jpg\",\"datePublished\":\"2022-11-02T08:13:42+00:00\",\"dateModified\":\"2026-04-29T08:30:53+00:00\",\"breadcrumb\":{\"@id\":\"https:\/\/koningdrone.be\/product\/dji-rs-focus-motor-2022\/#breadcrumb\"},\"inLanguage\":\"es\",\"potentialAction\":[{\"@type\":\"ReadAction\",\"target\":[\"https:\/\/koningdrone.be\/product\/dji-rs-focus-motor-2022\/\"]}]},{\"@type\":\"ImageObject\",\"inLanguage\":\"es\",\"@id\":\"https:\/\/koningdrone.be\/product\/dji-rs-focus-motor-2022\/#primaryimage\",\"url\":\"https:\/\/koningdrone.be\/wp-content\/uploads\/sites\/13\/2025\/04\/4b613f3c65cd25a1fe13b599306603be@large.jpg\",\"contentUrl\":\"https:\/\/koningdrone.be\/wp-content\/uploads\/sites\/13\/2025\/04\/4b613f3c65cd25a1fe13b599306603be@large.jpg\",\"width\":1200,\"height\":800},{\"@type\":\"BreadcrumbList\",\"@id\":\"https:\/\/koningdrone.be\/product\/dji-rs-focus-motor-2022\/#breadcrumb\",\"itemListElement\":[{\"@type\":\"ListItem\",\"position\":1,\"name\":\"Home\",\"item\":\"https:\/\/koningdrone.be\/\"},{\"@type\":\"ListItem\",\"position\":2,\"name\":\"AVSS Parachute Recovery System for DJI Matrice 300\/350\",\"item\":\"https:\/\/koningdrone.be\/product\/avss-parachute-recovery-system-for-dji-matrice-300-350\/\"},{\"@type\":\"ListItem\",\"position\":3,\"name\":\"Alle handheld gimbals\",\"item\":\"https:\/\/koningdrone.be\/categorie\/alle-handheld-gimbals\/\"},{\"@type\":\"ListItem\",\"position\":4,\"name\":\"DJI RS Focus Motor (2022)\"}]},{\"@type\":\"WebSite\",\"@id\":\"https:\/\/koningdrone.be\/#website\",\"url\":\"https:\/\/koningdrone.be\/\",\"name\":\"Koningdrone.be - Uw online specialist in drones, gimbals, camera's en power stations.\",\"description\":\"De webshop in drones en gimbals\",\"publisher\":{\"@id\":\"https:\/\/koningdrone.be\/#organization\"},\"potentialAction\":[{\"@type\":\"SearchAction\",\"target\":{\"@type\":\"EntryPoint\",\"urlTemplate\":\"https:\/\/koningdrone.be\/?s={search_term_string}\"},\"query-input\":{\"@type\":\"PropertyValueSpecification\",\"valueRequired\":true,\"valueName\":\"search_term_string\"}}],\"inLanguage\":\"es\"},{\"@type\":\"Organization\",\"@id\":\"https:\/\/koningdrone.be\/#organization\",\"name\":\"Koningdrone.be\",\"url\":\"https:\/\/koningdrone.be\/\",\"logo\":{\"@type\":\"ImageObject\",\"inLanguage\":\"es\",\"@id\":\"https:\/\/koningdrone.be\/#\/schema\/logo\/image\/\",\"url\":\"https:\/\/koningdrone.be\/wp-content\/uploads\/sites\/13\/2025\/04\/koningdrone-copyright-logo.svg\",\"contentUrl\":\"https:\/\/koningdrone.be\/wp-content\/uploads\/sites\/13\/2025\/04\/koningdrone-copyright-logo.svg\",\"width\":227,\"height\":38,\"caption\":\"Koningdrone.be\"},\"image\":{\"@id\":\"https:\/\/koningdrone.be\/#\/schema\/logo\/image\/\"}}]}<\/script>\n<!-- \/ Yoast SEO Premium plugin. -->","yoast_head_json":{"title":"DJI RS Focus Motor (2022) - koningdrone.be","robots":{"index":"index","follow":"follow","max-snippet":"max-snippet:-1","max-image-preview":"max-image-preview:large","max-video-preview":"max-video-preview:-1"},"canonical":"https:\/\/koningdrone.be\/es\/producto\/dji-rs-focus-motor-2022\/","og_locale":"es_ES","og_type":"article","og_title":"DJI RS Focus Motor (2022)","og_description":"Drie keer sterker koppel (tot 1 N\u00b7m) Ruis verminderd met 50% Verbetert de scherpstelervaring en waarborgt de audiokwaliteit Beschikt over een snelontgrendelingsstructuur voor eenvoudige montage Gereedschapsloze installatie voor sneller gebruik","og_url":"https:\/\/koningdrone.be\/es\/producto\/dji-rs-focus-motor-2022\/","og_site_name":"koningdrone.be","article_modified_time":"2026-04-29T08:30:53+00:00","og_image":[{"width":1200,"height":800,"url":"https:\/\/koningdrone.be\/wp-content\/uploads\/sites\/13\/2025\/04\/4b613f3c65cd25a1fe13b599306603be@large.jpg","type":"image\/jpeg"}],"twitter_card":"summary_large_image","twitter_misc":{"Tiempo de lectura":"1 minuto"},"schema":{"@context":"https:\/\/schema.org","@graph":[{"@type":"WebPage","@id":"https:\/\/koningdrone.be\/product\/dji-rs-focus-motor-2022\/","url":"https:\/\/koningdrone.be\/product\/dji-rs-focus-motor-2022\/","name":"DJI RS Focus Motor (2022) - koningdrone.be","isPartOf":{"@id":"https:\/\/koningdrone.be\/#website"},"primaryImageOfPage":{"@id":"https:\/\/koningdrone.be\/product\/dji-rs-focus-motor-2022\/#primaryimage"},"image":{"@id":"https:\/\/koningdrone.be\/product\/dji-rs-focus-motor-2022\/#primaryimage"},"thumbnailUrl":"https:\/\/koningdrone.be\/wp-content\/uploads\/sites\/13\/2025\/04\/4b613f3c65cd25a1fe13b599306603be@large.jpg","datePublished":"2022-11-02T08:13:42+00:00","dateModified":"2026-04-29T08:30:53+00:00","breadcrumb":{"@id":"https:\/\/koningdrone.be\/product\/dji-rs-focus-motor-2022\/#breadcrumb"},"inLanguage":"es","potentialAction":[{"@type":"ReadAction","target":["https:\/\/koningdrone.be\/product\/dji-rs-focus-motor-2022\/"]}]},{"@type":"ImageObject","inLanguage":"es","@id":"https:\/\/koningdrone.be\/product\/dji-rs-focus-motor-2022\/#primaryimage","url":"https:\/\/koningdrone.be\/wp-content\/uploads\/sites\/13\/2025\/04\/4b613f3c65cd25a1fe13b599306603be@large.jpg","contentUrl":"https:\/\/koningdrone.be\/wp-content\/uploads\/sites\/13\/2025\/04\/4b613f3c65cd25a1fe13b599306603be@large.jpg","width":1200,"height":800},{"@type":"BreadcrumbList","@id":"https:\/\/koningdrone.be\/product\/dji-rs-focus-motor-2022\/#breadcrumb","itemListElement":[{"@type":"ListItem","position":1,"name":"Home","item":"https:\/\/koningdrone.be\/"},{"@type":"ListItem","position":2,"name":"AVSS Parachute Recovery System for DJI Matrice 300\/350","item":"https:\/\/koningdrone.be\/product\/avss-parachute-recovery-system-for-dji-matrice-300-350\/"},{"@type":"ListItem","position":3,"name":"Alle handheld gimbals","item":"https:\/\/koningdrone.be\/categorie\/alle-handheld-gimbals\/"},{"@type":"ListItem","position":4,"name":"DJI RS Focus Motor (2022)"}]},{"@type":"WebSite","@id":"https:\/\/koningdrone.be\/#website","url":"https:\/\/koningdrone.be\/","name":"Koningdrone.be - Su especialista en l\u00ednea en drones, cardanes, c\u00e1maras y centrales el\u00e9ctricas.","description":"La tienda virtual de drones y cardanes","publisher":{"@id":"https:\/\/koningdrone.be\/#organization"},"potentialAction":[{"@type":"SearchAction","target":{"@type":"EntryPoint","urlTemplate":"https:\/\/koningdrone.be\/?s={search_term_string}"},"query-input":{"@type":"PropertyValueSpecification","valueRequired":true,"valueName":"search_term_string"}}],"inLanguage":"es"},{"@type":"Organization","@id":"https:\/\/koningdrone.be\/#organization","name":"Kingdrone.es","url":"https:\/\/koningdrone.be\/","logo":{"@type":"ImageObject","inLanguage":"es","@id":"https:\/\/koningdrone.be\/#\/schema\/logo\/image\/","url":"https:\/\/koningdrone.be\/wp-content\/uploads\/sites\/13\/2025\/04\/koningdrone-copyright-logo.svg","contentUrl":"https:\/\/koningdrone.be\/wp-content\/uploads\/sites\/13\/2025\/04\/koningdrone-copyright-logo.svg","width":227,"height":38,"caption":"Koningdrone.be"},"image":{"@id":"https:\/\/koningdrone.be\/#\/schema\/logo\/image\/"}}]}},"df_price":"","df_sale_price":"","df_regular_price":"","df_image_link":"https:\/\/koningdrone.be\/wp-content\/uploads\/sites\/13\/2025\/04\/4b613f3c65cd25a1fe13b599306603be@large-300x200.jpg","_links":{"self":[{"href":"https:\/\/koningdrone.be\/es\/wp-json\/wp\/v2\/product\/5606","targetHints":{"allow":["GET"]}}],"collection":[{"href":"https:\/\/koningdrone.be\/es\/wp-json\/wp\/v2\/product"}],"about":[{"href":"https:\/\/koningdrone.be\/es\/wp-json\/wp\/v2\/types\/product"}],"wp:featuredmedia":[{"embeddable":true,"href":"https:\/\/koningdrone.be\/es\/wp-json\/wp\/v2\/media\/5603"}],"wp:attachment":[{"href":"https:\/\/koningdrone.be\/es\/wp-json\/wp\/v2\/media?parent=5606"}],"wp:term":[{"taxonomy":"product_brand","embeddable":true,"href":"https:\/\/koningdrone.be\/es\/wp-json\/wp\/v2\/product_brand?post=5606"},{"taxonomy":"product_cat","embeddable":true,"href":"https:\/\/koningdrone.be\/es\/wp-json\/wp\/v2\/product_cat?post=5606"},{"taxonomy":"product_tag","embeddable":true,"href":"https:\/\/koningdrone.be\/es\/wp-json\/wp\/v2\/product_tag?post=5606"}],"curies":[{"name":"wp","href":"https:\/\/api.w.org\/{rel}","templated":true}]}}