{"id":5602,"date":"2022-11-02T09:13:42","date_gmt":"2022-11-02T08:13:42","guid":{"rendered":"https:\/\/koningdrone.nl\/kon\/product\/dji-rs-briefcase-handle\/"},"modified":"2026-04-29T10:30:52","modified_gmt":"2026-04-29T08:30:52","slug":"dji-rs-briefcase-handle","status":"publish","type":"product","link":"https:\/\/koningdrone.be\/es\/producto\/dji-rs-briefcase-handle\/","title":{"rendered":"Asa malet\u00edn DJI RS"},"content":{"rendered":"<p>Hemos reinventado el asa tradicional de malet\u00edn para ofrecerle un dise\u00f1o fino y compacto que no s\u00f3lo es f\u00e1cil de guardar, sino tambi\u00e9n ligero. Esta nueva asa se conecta sin esfuerzo al puerto NATO de tu dispositivo sin necesidad de herramientas adicionales, lo que la hace incre\u00edblemente f\u00e1cil de usar.<br \/><strong>Funcionalidad vers\u00e1til<\/strong><\/p>\n<p> Lo que diferencia a esta empu\u00f1adura es su versatilidad. Cuenta con una zapata fr\u00eda integrada y un orificio de montaje de 1\/4\u2033-20, lo que te ofrece la flexibilidad de conectar monitores externos. Esta caracter\u00edstica es especialmente \u00fatil para vide\u00f3grafos y fot\u00f3grafos que necesitan asistencia visual adicional durante los rodajes.<\/p>\n<p><strong>Ergonom\u00eda mejorada<\/strong><\/p>\n<p> El dise\u00f1o ergon\u00f3mico de la empu\u00f1adura permite realizar movimientos de c\u00e1mara m\u00e1s suaves e intuitivos desde un \u00e1ngulo bajo, lo que mejora la experiencia de disparo. Tanto si eres un principiante que aprecia la sencillez y la facilidad de uso, como si eres un experto que busca herramientas de disparo avanzadas, esta empu\u00f1adura redise\u00f1ada ofrece la combinaci\u00f3n perfecta de comodidad, funcionalidad y versatilidad para llevar tus proyectos de fotograf\u00eda y videograf\u00eda al siguiente nivel.<\/p>\n<p><\/p>","protected":false},"excerpt":{"rendered":"<ul>\n<li>Asa de la maleta redise\u00f1ada para un perfil m\u00e1s ligero y peque\u00f1o<\/li>\n<li> F\u00e1cil de guardar gracias a su dise\u00f1o compacto<\/li>\n<li> Montaje sin herramientas en la puerta de la OTAN<\/li>\n<li> Contiene una zapata de fr\u00edo integrada<\/li>\n<li> Dispone de un orificio de montaje de 1\/4\"-20 para dispositivos externos<\/li>\n<li> Mejora los movimientos de la c\u00e1mara desde un \u00e1ngulo bajo<\/li>\n<\/ul>","protected":false},"featured_media":5599,"template":"","meta":{"_acf_changed":false},"product_brand":[],"product_cat":[410,97,265,624],"product_tag":[],"class_list":{"0":"post-5602","1":"product","2":"type-product","3":"status-publish","4":"has-post-thumbnail","6":"product_cat-alle-handheld-gimbals","7":"product_cat-alle-producten","8":"product_cat-dji-ronin","9":"product_cat-enterprise-accessoires","10":"product_shipping_class-outofstock","11":"pa_brand-dji","12":"pa_productfamily-handle","13":"pa_producttype-handle","14":"pa_series-rs","16":"first","17":"outofstock","18":"taxable","19":"shipping-taxable","20":"product-type-simple"},"acf":[],"yoast_head":"<!-- This site is optimized with the Yoast SEO Premium plugin v27.2 (Yoast SEO v27.2) - https:\/\/yoast.com\/product\/yoast-seo-premium-wordpress\/ -->\n<title>DJI RS Briefcase Handle - koningdrone.be<\/title>\n<meta name=\"robots\" content=\"index, follow, max-snippet:-1, max-image-preview:large, max-video-preview:-1\" \/>\n<link rel=\"canonical\" href=\"https:\/\/koningdrone.be\/es\/producto\/dji-rs-briefcase-handle\/\" \/>\n<meta property=\"og:locale\" content=\"es_ES\" \/>\n<meta property=\"og:type\" content=\"article\" \/>\n<meta property=\"og:title\" content=\"DJI RS Briefcase Handle\" \/>\n<meta property=\"og:description\" content=\"Opnieuw ontworpen kofferhandgreep voor een lichter, kleiner profiel Gemakkelijk op te bergen dankzij het compacte ontwerp Gereedschapsloze montage op NAVO-poort Bevat een ingebouwde koude schoen Beschikt over een 1\/4&quot;-20 montagegat voor externe apparaten Verbetert camerabewegingen vanuit een lage hoek\" \/>\n<meta property=\"og:url\" content=\"https:\/\/koningdrone.be\/es\/producto\/dji-rs-briefcase-handle\/\" \/>\n<meta property=\"og:site_name\" content=\"koningdrone.be\" \/>\n<meta property=\"article:modified_time\" content=\"2026-04-29T08:30:52+00:00\" \/>\n<meta property=\"og:image\" content=\"https:\/\/koningdrone.be\/wp-content\/uploads\/sites\/13\/2025\/04\/ffbcdfa8c14068d4b2f46f1f157eb163@large.jpg\" \/>\n\t<meta property=\"og:image:width\" content=\"1200\" \/>\n\t<meta property=\"og:image:height\" content=\"800\" \/>\n\t<meta property=\"og:image:type\" content=\"image\/jpeg\" \/>\n<meta name=\"twitter:card\" content=\"summary_large_image\" \/>\n<meta name=\"twitter:label1\" content=\"Tiempo de lectura\" \/>\n\t<meta name=\"twitter:data1\" content=\"1 minuto\" \/>\n<script type=\"application\/ld+json\" class=\"yoast-schema-graph\">{\"@context\":\"https:\/\/schema.org\",\"@graph\":[{\"@type\":\"WebPage\",\"@id\":\"https:\/\/koningdrone.be\/product\/dji-rs-briefcase-handle\/\",\"url\":\"https:\/\/koningdrone.be\/product\/dji-rs-briefcase-handle\/\",\"name\":\"DJI RS Briefcase Handle - koningdrone.be\",\"isPartOf\":{\"@id\":\"https:\/\/koningdrone.be\/#website\"},\"primaryImageOfPage\":{\"@id\":\"https:\/\/koningdrone.be\/product\/dji-rs-briefcase-handle\/#primaryimage\"},\"image\":{\"@id\":\"https:\/\/koningdrone.be\/product\/dji-rs-briefcase-handle\/#primaryimage\"},\"thumbnailUrl\":\"https:\/\/koningdrone.be\/wp-content\/uploads\/sites\/13\/2025\/04\/ffbcdfa8c14068d4b2f46f1f157eb163@large.jpg\",\"datePublished\":\"2022-11-02T08:13:42+00:00\",\"dateModified\":\"2026-04-29T08:30:52+00:00\",\"breadcrumb\":{\"@id\":\"https:\/\/koningdrone.be\/product\/dji-rs-briefcase-handle\/#breadcrumb\"},\"inLanguage\":\"es\",\"potentialAction\":[{\"@type\":\"ReadAction\",\"target\":[\"https:\/\/koningdrone.be\/product\/dji-rs-briefcase-handle\/\"]}]},{\"@type\":\"ImageObject\",\"inLanguage\":\"es\",\"@id\":\"https:\/\/koningdrone.be\/product\/dji-rs-briefcase-handle\/#primaryimage\",\"url\":\"https:\/\/koningdrone.be\/wp-content\/uploads\/sites\/13\/2025\/04\/ffbcdfa8c14068d4b2f46f1f157eb163@large.jpg\",\"contentUrl\":\"https:\/\/koningdrone.be\/wp-content\/uploads\/sites\/13\/2025\/04\/ffbcdfa8c14068d4b2f46f1f157eb163@large.jpg\",\"width\":1200,\"height\":800},{\"@type\":\"BreadcrumbList\",\"@id\":\"https:\/\/koningdrone.be\/product\/dji-rs-briefcase-handle\/#breadcrumb\",\"itemListElement\":[{\"@type\":\"ListItem\",\"position\":1,\"name\":\"Home\",\"item\":\"https:\/\/koningdrone.be\/\"},{\"@type\":\"ListItem\",\"position\":2,\"name\":\"AVSS Parachute Recovery System for DJI Matrice 300\/350\",\"item\":\"https:\/\/koningdrone.be\/product\/avss-parachute-recovery-system-for-dji-matrice-300-350\/\"},{\"@type\":\"ListItem\",\"position\":3,\"name\":\"Alle handheld gimbals\",\"item\":\"https:\/\/koningdrone.be\/categorie\/alle-handheld-gimbals\/\"},{\"@type\":\"ListItem\",\"position\":4,\"name\":\"DJI RS Briefcase Handle\"}]},{\"@type\":\"WebSite\",\"@id\":\"https:\/\/koningdrone.be\/#website\",\"url\":\"https:\/\/koningdrone.be\/\",\"name\":\"Koningdrone.be - Uw online specialist in drones, gimbals, camera's en power stations.\",\"description\":\"De webshop in drones en gimbals\",\"publisher\":{\"@id\":\"https:\/\/koningdrone.be\/#organization\"},\"potentialAction\":[{\"@type\":\"SearchAction\",\"target\":{\"@type\":\"EntryPoint\",\"urlTemplate\":\"https:\/\/koningdrone.be\/?s={search_term_string}\"},\"query-input\":{\"@type\":\"PropertyValueSpecification\",\"valueRequired\":true,\"valueName\":\"search_term_string\"}}],\"inLanguage\":\"es\"},{\"@type\":\"Organization\",\"@id\":\"https:\/\/koningdrone.be\/#organization\",\"name\":\"Koningdrone.be\",\"url\":\"https:\/\/koningdrone.be\/\",\"logo\":{\"@type\":\"ImageObject\",\"inLanguage\":\"es\",\"@id\":\"https:\/\/koningdrone.be\/#\/schema\/logo\/image\/\",\"url\":\"https:\/\/koningdrone.be\/wp-content\/uploads\/sites\/13\/2025\/04\/koningdrone-copyright-logo.svg\",\"contentUrl\":\"https:\/\/koningdrone.be\/wp-content\/uploads\/sites\/13\/2025\/04\/koningdrone-copyright-logo.svg\",\"width\":227,\"height\":38,\"caption\":\"Koningdrone.be\"},\"image\":{\"@id\":\"https:\/\/koningdrone.be\/#\/schema\/logo\/image\/\"}}]}<\/script>\n<!-- \/ Yoast SEO Premium plugin. -->","yoast_head_json":{"title":"DJI RS Briefcase Handle - koningdrone.be","robots":{"index":"index","follow":"follow","max-snippet":"max-snippet:-1","max-image-preview":"max-image-preview:large","max-video-preview":"max-video-preview:-1"},"canonical":"https:\/\/koningdrone.be\/es\/producto\/dji-rs-briefcase-handle\/","og_locale":"es_ES","og_type":"article","og_title":"DJI RS Briefcase Handle","og_description":"Opnieuw ontworpen kofferhandgreep voor een lichter, kleiner profiel Gemakkelijk op te bergen dankzij het compacte ontwerp Gereedschapsloze montage op NAVO-poort Bevat een ingebouwde koude schoen Beschikt over een 1\/4&quot;-20 montagegat voor externe apparaten Verbetert camerabewegingen vanuit een lage hoek","og_url":"https:\/\/koningdrone.be\/es\/producto\/dji-rs-briefcase-handle\/","og_site_name":"koningdrone.be","article_modified_time":"2026-04-29T08:30:52+00:00","og_image":[{"width":1200,"height":800,"url":"https:\/\/koningdrone.be\/wp-content\/uploads\/sites\/13\/2025\/04\/ffbcdfa8c14068d4b2f46f1f157eb163@large.jpg","type":"image\/jpeg"}],"twitter_card":"summary_large_image","twitter_misc":{"Tiempo de lectura":"1 minuto"},"schema":{"@context":"https:\/\/schema.org","@graph":[{"@type":"WebPage","@id":"https:\/\/koningdrone.be\/product\/dji-rs-briefcase-handle\/","url":"https:\/\/koningdrone.be\/product\/dji-rs-briefcase-handle\/","name":"DJI RS Briefcase Handle - koningdrone.be","isPartOf":{"@id":"https:\/\/koningdrone.be\/#website"},"primaryImageOfPage":{"@id":"https:\/\/koningdrone.be\/product\/dji-rs-briefcase-handle\/#primaryimage"},"image":{"@id":"https:\/\/koningdrone.be\/product\/dji-rs-briefcase-handle\/#primaryimage"},"thumbnailUrl":"https:\/\/koningdrone.be\/wp-content\/uploads\/sites\/13\/2025\/04\/ffbcdfa8c14068d4b2f46f1f157eb163@large.jpg","datePublished":"2022-11-02T08:13:42+00:00","dateModified":"2026-04-29T08:30:52+00:00","breadcrumb":{"@id":"https:\/\/koningdrone.be\/product\/dji-rs-briefcase-handle\/#breadcrumb"},"inLanguage":"es","potentialAction":[{"@type":"ReadAction","target":["https:\/\/koningdrone.be\/product\/dji-rs-briefcase-handle\/"]}]},{"@type":"ImageObject","inLanguage":"es","@id":"https:\/\/koningdrone.be\/product\/dji-rs-briefcase-handle\/#primaryimage","url":"https:\/\/koningdrone.be\/wp-content\/uploads\/sites\/13\/2025\/04\/ffbcdfa8c14068d4b2f46f1f157eb163@large.jpg","contentUrl":"https:\/\/koningdrone.be\/wp-content\/uploads\/sites\/13\/2025\/04\/ffbcdfa8c14068d4b2f46f1f157eb163@large.jpg","width":1200,"height":800},{"@type":"BreadcrumbList","@id":"https:\/\/koningdrone.be\/product\/dji-rs-briefcase-handle\/#breadcrumb","itemListElement":[{"@type":"ListItem","position":1,"name":"Home","item":"https:\/\/koningdrone.be\/"},{"@type":"ListItem","position":2,"name":"AVSS Parachute Recovery System for DJI Matrice 300\/350","item":"https:\/\/koningdrone.be\/product\/avss-parachute-recovery-system-for-dji-matrice-300-350\/"},{"@type":"ListItem","position":3,"name":"Alle handheld gimbals","item":"https:\/\/koningdrone.be\/categorie\/alle-handheld-gimbals\/"},{"@type":"ListItem","position":4,"name":"DJI RS Briefcase Handle"}]},{"@type":"WebSite","@id":"https:\/\/koningdrone.be\/#website","url":"https:\/\/koningdrone.be\/","name":"Koningdrone.be - Su especialista en l\u00ednea en drones, cardanes, c\u00e1maras y centrales el\u00e9ctricas.","description":"La tienda virtual de drones y cardanes","publisher":{"@id":"https:\/\/koningdrone.be\/#organization"},"potentialAction":[{"@type":"SearchAction","target":{"@type":"EntryPoint","urlTemplate":"https:\/\/koningdrone.be\/?s={search_term_string}"},"query-input":{"@type":"PropertyValueSpecification","valueRequired":true,"valueName":"search_term_string"}}],"inLanguage":"es"},{"@type":"Organization","@id":"https:\/\/koningdrone.be\/#organization","name":"Kingdrone.es","url":"https:\/\/koningdrone.be\/","logo":{"@type":"ImageObject","inLanguage":"es","@id":"https:\/\/koningdrone.be\/#\/schema\/logo\/image\/","url":"https:\/\/koningdrone.be\/wp-content\/uploads\/sites\/13\/2025\/04\/koningdrone-copyright-logo.svg","contentUrl":"https:\/\/koningdrone.be\/wp-content\/uploads\/sites\/13\/2025\/04\/koningdrone-copyright-logo.svg","width":227,"height":38,"caption":"Koningdrone.be"},"image":{"@id":"https:\/\/koningdrone.be\/#\/schema\/logo\/image\/"}}]}},"df_price":"","df_sale_price":"","df_regular_price":"","df_image_link":"https:\/\/koningdrone.be\/wp-content\/uploads\/sites\/13\/2025\/04\/ffbcdfa8c14068d4b2f46f1f157eb163@large-300x200.jpg","_links":{"self":[{"href":"https:\/\/koningdrone.be\/es\/wp-json\/wp\/v2\/product\/5602","targetHints":{"allow":["GET"]}}],"collection":[{"href":"https:\/\/koningdrone.be\/es\/wp-json\/wp\/v2\/product"}],"about":[{"href":"https:\/\/koningdrone.be\/es\/wp-json\/wp\/v2\/types\/product"}],"wp:featuredmedia":[{"embeddable":true,"href":"https:\/\/koningdrone.be\/es\/wp-json\/wp\/v2\/media\/5599"}],"wp:attachment":[{"href":"https:\/\/koningdrone.be\/es\/wp-json\/wp\/v2\/media?parent=5602"}],"wp:term":[{"taxonomy":"product_brand","embeddable":true,"href":"https:\/\/koningdrone.be\/es\/wp-json\/wp\/v2\/product_brand?post=5602"},{"taxonomy":"product_cat","embeddable":true,"href":"https:\/\/koningdrone.be\/es\/wp-json\/wp\/v2\/product_cat?post=5602"},{"taxonomy":"product_tag","embeddable":true,"href":"https:\/\/koningdrone.be\/es\/wp-json\/wp\/v2\/product_tag?post=5602"}],"curies":[{"name":"wp","href":"https:\/\/api.w.org\/{rel}","templated":true}]}}