{"id":5598,"date":"2022-11-02T09:13:42","date_gmt":"2022-11-02T08:13:42","guid":{"rendered":"https:\/\/koningdrone.nl\/kon\/product\/dji-rs3-pro-combo\/"},"modified":"2026-04-29T15:40:40","modified_gmt":"2026-04-29T13:40:40","slug":"dji-rs3-pro-combo","status":"publish","type":"product","link":"https:\/\/koningdrone.be\/es\/producto\/dji-rs3-pro-combo\/","title":{"rendered":"Combo DJI RS 3 Pro"},"content":{"rendered":"<p><strong>Bloqueo autom\u00e1tico de ejes<\/strong><\/p>\n<p> Los bloqueos autom\u00e1ticos de los ejes del RS 3 Pro est\u00e1n dise\u00f1ados para preparar r\u00e1pidamente el card\u00e1n para un uso inmediato o un almacenamiento eficaz. Al simplificar el proceso de configuraci\u00f3n y extracci\u00f3n, estos bloqueos ahorran a los usuarios tiempo y esfuerzo, facilitando el cambio entre ubicaciones de rodaje y el almacenamiento del dispositivo.<\/p>\n<p>  <strong>Sistema de enfoque LiDAR<\/strong><\/p>\n<p> El sistema de enfoque LiDAR mejora la suspensi\u00f3n card\u00e1nica al permitir el enfoque autom\u00e1tico en objetivos manuales, siempre que se utilicen con un motor de enfoque adicional. Con ActiveTrack Pro, este sistema mejora la precisi\u00f3n del seguimiento de sujetos en movimiento, garantizando im\u00e1genes n\u00edtidas y enfocadas incluso durante escenarios de disparo din\u00e1micos.<\/p>\n<p>  <strong>Peso y carga \u00fatil<\/strong><\/p>\n<p> El RS 3 Pro es notablemente ligero, con s\u00f3lo 1,5 kg (3,3 lbs), pero soporta una carga significativa de hasta 4,5 kg (10 lbs). Esta robusta capacidad hace que el card\u00e1n sea apto para diferentes tipos de equipos y configuraciones cinematogr\u00e1ficas, lo que lo hace extremadamente vers\u00e1til para una gran variedad de requisitos cinematogr\u00e1ficos.<\/p>\n<p>  <strong>Brazos de eje prolongados de fibra de carbono<\/strong><\/p>\n<p> El RS 3 Pro incorpora brazos de eje de fibra de carbono extendidos para proporcionar espacio adicional para equilibrar configuraciones m\u00e1s grandes o complejas. Construidos a partir de capas de fibra de carbono puro, estos brazos no solo mejoran el equilibrio, sino que tambi\u00e9n contribuyen a la rigidez y ligereza del card\u00e1n, optimizando tanto el rendimiento como la portabilidad.<\/p>\n<p>  <strong>Transmisi\u00f3n avanzada de v\u00eddeo y audio<\/strong><\/p>\n<p> Destacado por sus avanzadas capacidades de transmisi\u00f3n de v\u00eddeo y audio, este dispositivo admite un notable alcance de hasta 6 km (20.000 pies) con un retardo m\u00ednimo. Esta caracter\u00edstica garantiza una comunicaci\u00f3n estable y fiable en las distancias, equipada con completas funciones de control para satisfacer las necesidades de filmaci\u00f3n profesional.<\/p>","protected":false},"excerpt":{"rendered":"<ul>\n<li>Los bloqueos de eje automatizados agilizan la preparaci\u00f3n y el almacenamiento de la suspensi\u00f3n card\u00e1n.<\/li>\n<li> El sistema de enfoque LiDAR mejora el enfoque autom\u00e1tico con objetivos manuales.<\/li>\n<li> ActiveTrack Pro ofrece funciones avanzadas de seguimiento de objetos.<\/li>\n<li> RS 3 Pro pesa s\u00f3lo 1,5 kg y soporta cargas de hasta 4,5 kg.<\/li>\n<li> Los brazos del eje alargados de fibra de carbono aumentan el equilibrio y reducen el peso.<\/li>\n<li> Admite transmisi\u00f3n de v\u00eddeo\/audio de 6 km con latencia y estabilidad ultrabajas.<\/li>\n<\/ul>","protected":false},"featured_media":5595,"template":"","meta":{"_acf_changed":false},"product_brand":[],"product_cat":[315,410,97,265,721],"product_tag":[],"class_list":{"0":"post-5598","1":"product","2":"type-product","3":"status-publish","4":"has-post-thumbnail","6":"product_cat-alle-gimbals-en-cameras","7":"product_cat-alle-handheld-gimbals","8":"product_cat-alle-producten","9":"product_cat-dji-ronin","10":"product_cat-dji-rs3","11":"product_shipping_class-outofstock","12":"pa_brand-dji","13":"pa_productfamily-gimbal","14":"pa_producttype-gimbal","15":"pa_series-rs3","17":"first","18":"outofstock","19":"taxable","20":"shipping-taxable","21":"purchasable","22":"product-type-simple"},"acf":[],"yoast_head":"<!-- This site is optimized with the Yoast SEO Premium plugin v27.2 (Yoast SEO v27.2) - https:\/\/yoast.com\/product\/yoast-seo-premium-wordpress\/ -->\n<title>DJI RS 3 Pro Combo - koningdrone.be<\/title>\n<meta name=\"robots\" content=\"index, follow, max-snippet:-1, max-image-preview:large, max-video-preview:-1\" \/>\n<link rel=\"canonical\" href=\"https:\/\/koningdrone.be\/es\/producto\/dji-rs3-pro-combo\/\" \/>\n<meta property=\"og:locale\" content=\"es_ES\" \/>\n<meta property=\"og:type\" content=\"article\" \/>\n<meta property=\"og:title\" content=\"DJI RS 3 Pro Combo\" \/>\n<meta property=\"og:description\" content=\"Geautomatiseerde Axis Locks versnellen de gereedheid en opslag van de cardanische ophanging. Het LiDAR-scherpstelsysteem verbetert de autofocus met handmatige lenzen. ActiveTrack Pro biedt geavanceerde mogelijkheden voor het volgen van objecten. RS 3 Pro weegt slechts 1,5 kg en ondersteunt belastingen tot 4,5 kg. Verlengde asarmen van koolstofvezel verhogen de balans en verminderen het gewicht. Ondersteunt 6 km video-\/audiotransmissie met ultralage latentie en stabiliteit.\" \/>\n<meta property=\"og:url\" content=\"https:\/\/koningdrone.be\/es\/producto\/dji-rs3-pro-combo\/\" \/>\n<meta property=\"og:site_name\" content=\"koningdrone.be\" \/>\n<meta property=\"article:modified_time\" content=\"2026-04-29T13:40:40+00:00\" \/>\n<meta property=\"og:image\" content=\"https:\/\/koningdrone.be\/wp-content\/uploads\/sites\/13\/2025\/04\/357a8d2313ea66ca2bcdd68095c8ffca@ultra.jpg\" \/>\n\t<meta property=\"og:image:width\" content=\"1280\" \/>\n\t<meta property=\"og:image:height\" content=\"1280\" \/>\n\t<meta property=\"og:image:type\" content=\"image\/jpeg\" \/>\n<meta name=\"twitter:card\" content=\"summary_large_image\" \/>\n<meta name=\"twitter:label1\" content=\"Tiempo de lectura\" \/>\n\t<meta name=\"twitter:data1\" content=\"1 minuto\" \/>\n<script type=\"application\/ld+json\" class=\"yoast-schema-graph\">{\"@context\":\"https:\/\/schema.org\",\"@graph\":[{\"@type\":\"WebPage\",\"@id\":\"https:\/\/koningdrone.be\/product\/dji-rs3-pro-combo\/\",\"url\":\"https:\/\/koningdrone.be\/product\/dji-rs3-pro-combo\/\",\"name\":\"DJI RS 3 Pro Combo - koningdrone.be\",\"isPartOf\":{\"@id\":\"https:\/\/koningdrone.be\/#website\"},\"primaryImageOfPage\":{\"@id\":\"https:\/\/koningdrone.be\/product\/dji-rs3-pro-combo\/#primaryimage\"},\"image\":{\"@id\":\"https:\/\/koningdrone.be\/product\/dji-rs3-pro-combo\/#primaryimage\"},\"thumbnailUrl\":\"https:\/\/koningdrone.be\/wp-content\/uploads\/sites\/13\/2025\/04\/357a8d2313ea66ca2bcdd68095c8ffca@ultra.jpg\",\"datePublished\":\"2022-11-02T08:13:42+00:00\",\"dateModified\":\"2026-04-29T13:40:40+00:00\",\"breadcrumb\":{\"@id\":\"https:\/\/koningdrone.be\/product\/dji-rs3-pro-combo\/#breadcrumb\"},\"inLanguage\":\"es\",\"potentialAction\":[{\"@type\":\"ReadAction\",\"target\":[\"https:\/\/koningdrone.be\/product\/dji-rs3-pro-combo\/\"]}]},{\"@type\":\"ImageObject\",\"inLanguage\":\"es\",\"@id\":\"https:\/\/koningdrone.be\/product\/dji-rs3-pro-combo\/#primaryimage\",\"url\":\"https:\/\/koningdrone.be\/wp-content\/uploads\/sites\/13\/2025\/04\/357a8d2313ea66ca2bcdd68095c8ffca@ultra.jpg\",\"contentUrl\":\"https:\/\/koningdrone.be\/wp-content\/uploads\/sites\/13\/2025\/04\/357a8d2313ea66ca2bcdd68095c8ffca@ultra.jpg\",\"width\":1280,\"height\":1280},{\"@type\":\"BreadcrumbList\",\"@id\":\"https:\/\/koningdrone.be\/product\/dji-rs3-pro-combo\/#breadcrumb\",\"itemListElement\":[{\"@type\":\"ListItem\",\"position\":1,\"name\":\"Home\",\"item\":\"https:\/\/koningdrone.be\/\"},{\"@type\":\"ListItem\",\"position\":2,\"name\":\"AVSS Parachute Recovery System for DJI Matrice 300\/350\",\"item\":\"https:\/\/koningdrone.be\/product\/avss-parachute-recovery-system-for-dji-matrice-300-350\/\"},{\"@type\":\"ListItem\",\"position\":3,\"name\":\"Alle gimbals en cameras\",\"item\":\"https:\/\/koningdrone.be\/categorie\/alle-gimbals-en-cameras\/\"},{\"@type\":\"ListItem\",\"position\":4,\"name\":\"DJI RS 3 Pro Combo\"}]},{\"@type\":\"WebSite\",\"@id\":\"https:\/\/koningdrone.be\/#website\",\"url\":\"https:\/\/koningdrone.be\/\",\"name\":\"Koningdrone.be - Uw online specialist in drones, gimbals, camera's en power stations.\",\"description\":\"De webshop in drones en gimbals\",\"publisher\":{\"@id\":\"https:\/\/koningdrone.be\/#organization\"},\"potentialAction\":[{\"@type\":\"SearchAction\",\"target\":{\"@type\":\"EntryPoint\",\"urlTemplate\":\"https:\/\/koningdrone.be\/?s={search_term_string}\"},\"query-input\":{\"@type\":\"PropertyValueSpecification\",\"valueRequired\":true,\"valueName\":\"search_term_string\"}}],\"inLanguage\":\"es\"},{\"@type\":\"Organization\",\"@id\":\"https:\/\/koningdrone.be\/#organization\",\"name\":\"Koningdrone.be\",\"url\":\"https:\/\/koningdrone.be\/\",\"logo\":{\"@type\":\"ImageObject\",\"inLanguage\":\"es\",\"@id\":\"https:\/\/koningdrone.be\/#\/schema\/logo\/image\/\",\"url\":\"https:\/\/koningdrone.be\/wp-content\/uploads\/sites\/13\/2025\/04\/koningdrone-copyright-logo.svg\",\"contentUrl\":\"https:\/\/koningdrone.be\/wp-content\/uploads\/sites\/13\/2025\/04\/koningdrone-copyright-logo.svg\",\"width\":227,\"height\":38,\"caption\":\"Koningdrone.be\"},\"image\":{\"@id\":\"https:\/\/koningdrone.be\/#\/schema\/logo\/image\/\"}}]}<\/script>\n<!-- \/ Yoast SEO Premium plugin. -->","yoast_head_json":{"title":"DJI RS 3 Pro Combo - koningdrone.be","robots":{"index":"index","follow":"follow","max-snippet":"max-snippet:-1","max-image-preview":"max-image-preview:large","max-video-preview":"max-video-preview:-1"},"canonical":"https:\/\/koningdrone.be\/es\/producto\/dji-rs3-pro-combo\/","og_locale":"es_ES","og_type":"article","og_title":"DJI RS 3 Pro Combo","og_description":"Geautomatiseerde Axis Locks versnellen de gereedheid en opslag van de cardanische ophanging. Het LiDAR-scherpstelsysteem verbetert de autofocus met handmatige lenzen. ActiveTrack Pro biedt geavanceerde mogelijkheden voor het volgen van objecten. RS 3 Pro weegt slechts 1,5 kg en ondersteunt belastingen tot 4,5 kg. Verlengde asarmen van koolstofvezel verhogen de balans en verminderen het gewicht. Ondersteunt 6 km video-\/audiotransmissie met ultralage latentie en stabiliteit.","og_url":"https:\/\/koningdrone.be\/es\/producto\/dji-rs3-pro-combo\/","og_site_name":"koningdrone.be","article_modified_time":"2026-04-29T13:40:40+00:00","og_image":[{"width":1280,"height":1280,"url":"https:\/\/koningdrone.be\/wp-content\/uploads\/sites\/13\/2025\/04\/357a8d2313ea66ca2bcdd68095c8ffca@ultra.jpg","type":"image\/jpeg"}],"twitter_card":"summary_large_image","twitter_misc":{"Tiempo de lectura":"1 minuto"},"schema":{"@context":"https:\/\/schema.org","@graph":[{"@type":"WebPage","@id":"https:\/\/koningdrone.be\/product\/dji-rs3-pro-combo\/","url":"https:\/\/koningdrone.be\/product\/dji-rs3-pro-combo\/","name":"DJI RS 3 Pro Combo - koningdrone.be","isPartOf":{"@id":"https:\/\/koningdrone.be\/#website"},"primaryImageOfPage":{"@id":"https:\/\/koningdrone.be\/product\/dji-rs3-pro-combo\/#primaryimage"},"image":{"@id":"https:\/\/koningdrone.be\/product\/dji-rs3-pro-combo\/#primaryimage"},"thumbnailUrl":"https:\/\/koningdrone.be\/wp-content\/uploads\/sites\/13\/2025\/04\/357a8d2313ea66ca2bcdd68095c8ffca@ultra.jpg","datePublished":"2022-11-02T08:13:42+00:00","dateModified":"2026-04-29T13:40:40+00:00","breadcrumb":{"@id":"https:\/\/koningdrone.be\/product\/dji-rs3-pro-combo\/#breadcrumb"},"inLanguage":"es","potentialAction":[{"@type":"ReadAction","target":["https:\/\/koningdrone.be\/product\/dji-rs3-pro-combo\/"]}]},{"@type":"ImageObject","inLanguage":"es","@id":"https:\/\/koningdrone.be\/product\/dji-rs3-pro-combo\/#primaryimage","url":"https:\/\/koningdrone.be\/wp-content\/uploads\/sites\/13\/2025\/04\/357a8d2313ea66ca2bcdd68095c8ffca@ultra.jpg","contentUrl":"https:\/\/koningdrone.be\/wp-content\/uploads\/sites\/13\/2025\/04\/357a8d2313ea66ca2bcdd68095c8ffca@ultra.jpg","width":1280,"height":1280},{"@type":"BreadcrumbList","@id":"https:\/\/koningdrone.be\/product\/dji-rs3-pro-combo\/#breadcrumb","itemListElement":[{"@type":"ListItem","position":1,"name":"Home","item":"https:\/\/koningdrone.be\/"},{"@type":"ListItem","position":2,"name":"AVSS Parachute Recovery System for DJI Matrice 300\/350","item":"https:\/\/koningdrone.be\/product\/avss-parachute-recovery-system-for-dji-matrice-300-350\/"},{"@type":"ListItem","position":3,"name":"Alle gimbals en cameras","item":"https:\/\/koningdrone.be\/categorie\/alle-gimbals-en-cameras\/"},{"@type":"ListItem","position":4,"name":"DJI RS 3 Pro Combo"}]},{"@type":"WebSite","@id":"https:\/\/koningdrone.be\/#website","url":"https:\/\/koningdrone.be\/","name":"Koningdrone.be - Su especialista en l\u00ednea en drones, cardanes, c\u00e1maras y centrales el\u00e9ctricas.","description":"La tienda virtual de drones y cardanes","publisher":{"@id":"https:\/\/koningdrone.be\/#organization"},"potentialAction":[{"@type":"SearchAction","target":{"@type":"EntryPoint","urlTemplate":"https:\/\/koningdrone.be\/?s={search_term_string}"},"query-input":{"@type":"PropertyValueSpecification","valueRequired":true,"valueName":"search_term_string"}}],"inLanguage":"es"},{"@type":"Organization","@id":"https:\/\/koningdrone.be\/#organization","name":"Kingdrone.es","url":"https:\/\/koningdrone.be\/","logo":{"@type":"ImageObject","inLanguage":"es","@id":"https:\/\/koningdrone.be\/#\/schema\/logo\/image\/","url":"https:\/\/koningdrone.be\/wp-content\/uploads\/sites\/13\/2025\/04\/koningdrone-copyright-logo.svg","contentUrl":"https:\/\/koningdrone.be\/wp-content\/uploads\/sites\/13\/2025\/04\/koningdrone-copyright-logo.svg","width":227,"height":38,"caption":"Koningdrone.be"},"image":{"@id":"https:\/\/koningdrone.be\/#\/schema\/logo\/image\/"}}]}},"df_price":1098.99,"df_sale_price":"","df_regular_price":1098.99,"df_image_link":"https:\/\/koningdrone.be\/wp-content\/uploads\/sites\/13\/2025\/04\/357a8d2313ea66ca2bcdd68095c8ffca@ultra-300x300.jpg","_links":{"self":[{"href":"https:\/\/koningdrone.be\/es\/wp-json\/wp\/v2\/product\/5598","targetHints":{"allow":["GET"]}}],"collection":[{"href":"https:\/\/koningdrone.be\/es\/wp-json\/wp\/v2\/product"}],"about":[{"href":"https:\/\/koningdrone.be\/es\/wp-json\/wp\/v2\/types\/product"}],"wp:featuredmedia":[{"embeddable":true,"href":"https:\/\/koningdrone.be\/es\/wp-json\/wp\/v2\/media\/5595"}],"wp:attachment":[{"href":"https:\/\/koningdrone.be\/es\/wp-json\/wp\/v2\/media?parent=5598"}],"wp:term":[{"taxonomy":"product_brand","embeddable":true,"href":"https:\/\/koningdrone.be\/es\/wp-json\/wp\/v2\/product_brand?post=5598"},{"taxonomy":"product_cat","embeddable":true,"href":"https:\/\/koningdrone.be\/es\/wp-json\/wp\/v2\/product_cat?post=5598"},{"taxonomy":"product_tag","embeddable":true,"href":"https:\/\/koningdrone.be\/es\/wp-json\/wp\/v2\/product_tag?post=5598"}],"curies":[{"name":"wp","href":"https:\/\/api.w.org\/{rel}","templated":true}]}}