{"id":5594,"date":"2022-11-02T09:13:42","date_gmt":"2022-11-02T08:13:42","guid":{"rendered":"https:\/\/koningdrone.nl\/kon\/product\/dji-rs3-combo\/"},"modified":"2026-04-29T15:40:38","modified_gmt":"2026-04-29T13:40:38","slug":"dji-rs3-combo","status":"publish","type":"product","link":"https:\/\/koningdrone.be\/es\/producto\/dji-rs3-combo\/","title":{"rendered":"Combo DJI RS 3"},"content":{"rendered":"<p><strong>Bloqueo autom\u00e1tico de ejes<\/strong><\/p>\n<p> Los nuevos bloqueos autom\u00e1ticos de eje integrados en este producto mejoran significativamente la eficiencia general del usuario. Al permitir una instalaci\u00f3n r\u00e1pida antes de disparar, estos bloqueos posibilitan transiciones de escena fluidas y ofrecen soluciones de almacenamiento compactas. Esta caracter\u00edstica es especialmente \u00fatil para los profesionales que requieren un funcionamiento r\u00e1pido y eficiente de sus equipos en diversas condiciones de disparo.<\/p>\n<p>  <strong>Peso y carga \u00fatil<\/strong><\/p>\n<p> Dise\u00f1ado para ser ligero y duradero, el modelo RS 3 pesa s\u00f3lo 1,3 kg y soporta una carga \u00fatil de hasta 3 kg. Este equilibrio entre peso y resistencia la convierte en una opci\u00f3n excelente para una amplia gama de equipos y escenarios de rodaje convencionales, lo que permite aplicaciones de videograf\u00eda vers\u00e1tiles.<\/p>\n<p>  <strong>Control de obturador por Bluetooth<\/strong><\/p>\n<p> El control de obturaci\u00f3n Bluetooth recomendado en este dispositivo simplifica enormemente el proceso de filmaci\u00f3n. Un solo toque es suficiente para iniciar o detener la grabaci\u00f3n, lo que a\u00f1ade otra capa de comodidad y eficiencia. Adem\u00e1s, la posibilidad de volver a conectarse autom\u00e1ticamente a c\u00e1maras previamente emparejadas mejora la usabilidad y reduce el tiempo de configuraci\u00f3n para tomas recurrentes.<\/p>\n<p>  <strong>Interfaz de pantalla t\u00e1ctil OLED<\/strong><\/p>\n<p> La incorporaci\u00f3n de una pantalla t\u00e1ctil OLED en color de 1,8 pulgadas en el modelo RS 3 proporciona a los usuarios una interfaz intuitiva y accesible. Esta pantalla facilita la navegaci\u00f3n y el ajuste de la configuraci\u00f3n del card\u00e1n, garantizando un flujo de funcionamiento l\u00f3gico y sencillo que incluso los usuarios principiantes pueden dominar r\u00e1pidamente.<\/p>\n<p>  <strong>Algoritmo de estabilizaci\u00f3n avanzado<\/strong><\/p>\n<p> El avanzado algoritmo de estabilizaci\u00f3n RS de tercera generaci\u00f3n integrado en este card\u00e1n mejora significativamente el rendimiento. Garantiza que las im\u00e1genes sigan siendo fluidas y de calidad profesional incluso durante movimientos complicados como grabar desde \u00e1ngulos bajos, correr o filmar desde veh\u00edculos en movimiento. Esta capacidad de estabilizaci\u00f3n mejorada es crucial para capturar escenas din\u00e1micas de alta calidad.<\/p>","protected":false},"excerpt":{"rendered":"<ul>\n<li>Cierres de eje automatizados para una instalaci\u00f3n r\u00e1pida y transiciones eficaces.<\/li>\n<li> Ligero, 1,3 kg, soporta una carga de hasta 3 kg.<\/li>\n<li> Control de obturador Bluetooth para iniciar\/detener la grabaci\u00f3n f\u00e1cilmente.<\/li>\n<li> Pantalla t\u00e1ctil OLED de 1,8 pulgadas para acceder f\u00e1cilmente a los ajustes.<\/li>\n<li> El algoritmo de estabilizaci\u00f3n RS de 3\u00aa generaci\u00f3n mejora el rendimiento.<\/li>\n<\/ul>","protected":false},"featured_media":5591,"template":"","meta":{"_acf_changed":false},"product_brand":[],"product_cat":[315,410,97,265,721],"product_tag":[],"class_list":{"0":"post-5594","1":"product","2":"type-product","3":"status-publish","4":"has-post-thumbnail","6":"product_cat-alle-gimbals-en-cameras","7":"product_cat-alle-handheld-gimbals","8":"product_cat-alle-producten","9":"product_cat-dji-ronin","10":"product_cat-dji-rs3","11":"product_shipping_class-outofstock","12":"pa_brand-dji","13":"pa_productfamily-gimbal","14":"pa_producttype-gimbal","15":"pa_series-rs3","17":"first","18":"outofstock","19":"taxable","20":"shipping-taxable","21":"purchasable","22":"product-type-simple"},"acf":[],"yoast_head":"<!-- This site is optimized with the Yoast SEO Premium plugin v27.2 (Yoast SEO v27.2) - https:\/\/yoast.com\/product\/yoast-seo-premium-wordpress\/ -->\n<title>DJI RS 3 Combo - koningdrone.be<\/title>\n<meta name=\"robots\" content=\"index, follow, max-snippet:-1, max-image-preview:large, max-video-preview:-1\" \/>\n<link rel=\"canonical\" href=\"https:\/\/koningdrone.be\/es\/producto\/dji-rs3-combo\/\" \/>\n<meta property=\"og:locale\" content=\"es_ES\" \/>\n<meta property=\"og:type\" content=\"article\" \/>\n<meta property=\"og:title\" content=\"DJI RS 3 Combo\" \/>\n<meta property=\"og:description\" content=\"Geautomatiseerde Axis Locks voor snelle installatie en effici\u00ebnte overgangen. Lichtgewicht van 1,3 kg\/2,8 lbs, ondersteunt een belasting van maximaal 3 kg\/6,6 lbs. Bluetooth-sluiterbediening voor eenvoudig starten\/stoppen van opnames. 1,8-inch OLED-touchscreen voor eenvoudige toegang tot instellingen. Het 3e generatie RS-stabilisatiealgoritme verbetert de prestaties.\" \/>\n<meta property=\"og:url\" content=\"https:\/\/koningdrone.be\/es\/producto\/dji-rs3-combo\/\" \/>\n<meta property=\"og:site_name\" content=\"koningdrone.be\" \/>\n<meta property=\"article:modified_time\" content=\"2026-04-29T13:40:38+00:00\" \/>\n<meta property=\"og:image\" content=\"https:\/\/koningdrone.be\/wp-content\/uploads\/sites\/13\/2025\/04\/4e27c984af7e87c1c3c9779099bd1e90@ultra.jpg\" \/>\n\t<meta property=\"og:image:width\" content=\"1280\" \/>\n\t<meta property=\"og:image:height\" content=\"1280\" \/>\n\t<meta property=\"og:image:type\" content=\"image\/jpeg\" \/>\n<meta name=\"twitter:card\" content=\"summary_large_image\" \/>\n<meta name=\"twitter:label1\" content=\"Tiempo de lectura\" \/>\n\t<meta name=\"twitter:data1\" content=\"1 minuto\" \/>\n<script type=\"application\/ld+json\" class=\"yoast-schema-graph\">{\"@context\":\"https:\/\/schema.org\",\"@graph\":[{\"@type\":\"WebPage\",\"@id\":\"https:\/\/koningdrone.be\/product\/dji-rs3-combo\/\",\"url\":\"https:\/\/koningdrone.be\/product\/dji-rs3-combo\/\",\"name\":\"DJI RS 3 Combo - koningdrone.be\",\"isPartOf\":{\"@id\":\"https:\/\/koningdrone.be\/#website\"},\"primaryImageOfPage\":{\"@id\":\"https:\/\/koningdrone.be\/product\/dji-rs3-combo\/#primaryimage\"},\"image\":{\"@id\":\"https:\/\/koningdrone.be\/product\/dji-rs3-combo\/#primaryimage\"},\"thumbnailUrl\":\"https:\/\/koningdrone.be\/wp-content\/uploads\/sites\/13\/2025\/04\/4e27c984af7e87c1c3c9779099bd1e90@ultra.jpg\",\"datePublished\":\"2022-11-02T08:13:42+00:00\",\"dateModified\":\"2026-04-29T13:40:38+00:00\",\"breadcrumb\":{\"@id\":\"https:\/\/koningdrone.be\/product\/dji-rs3-combo\/#breadcrumb\"},\"inLanguage\":\"es\",\"potentialAction\":[{\"@type\":\"ReadAction\",\"target\":[\"https:\/\/koningdrone.be\/product\/dji-rs3-combo\/\"]}]},{\"@type\":\"ImageObject\",\"inLanguage\":\"es\",\"@id\":\"https:\/\/koningdrone.be\/product\/dji-rs3-combo\/#primaryimage\",\"url\":\"https:\/\/koningdrone.be\/wp-content\/uploads\/sites\/13\/2025\/04\/4e27c984af7e87c1c3c9779099bd1e90@ultra.jpg\",\"contentUrl\":\"https:\/\/koningdrone.be\/wp-content\/uploads\/sites\/13\/2025\/04\/4e27c984af7e87c1c3c9779099bd1e90@ultra.jpg\",\"width\":1280,\"height\":1280},{\"@type\":\"BreadcrumbList\",\"@id\":\"https:\/\/koningdrone.be\/product\/dji-rs3-combo\/#breadcrumb\",\"itemListElement\":[{\"@type\":\"ListItem\",\"position\":1,\"name\":\"Home\",\"item\":\"https:\/\/koningdrone.be\/\"},{\"@type\":\"ListItem\",\"position\":2,\"name\":\"AVSS Parachute Recovery System for DJI Matrice 300\/350\",\"item\":\"https:\/\/koningdrone.be\/product\/avss-parachute-recovery-system-for-dji-matrice-300-350\/\"},{\"@type\":\"ListItem\",\"position\":3,\"name\":\"Alle gimbals en cameras\",\"item\":\"https:\/\/koningdrone.be\/categorie\/alle-gimbals-en-cameras\/\"},{\"@type\":\"ListItem\",\"position\":4,\"name\":\"DJI RS 3 Combo\"}]},{\"@type\":\"WebSite\",\"@id\":\"https:\/\/koningdrone.be\/#website\",\"url\":\"https:\/\/koningdrone.be\/\",\"name\":\"Koningdrone.be - Uw online specialist in drones, gimbals, camera's en power stations.\",\"description\":\"De webshop in drones en gimbals\",\"publisher\":{\"@id\":\"https:\/\/koningdrone.be\/#organization\"},\"potentialAction\":[{\"@type\":\"SearchAction\",\"target\":{\"@type\":\"EntryPoint\",\"urlTemplate\":\"https:\/\/koningdrone.be\/?s={search_term_string}\"},\"query-input\":{\"@type\":\"PropertyValueSpecification\",\"valueRequired\":true,\"valueName\":\"search_term_string\"}}],\"inLanguage\":\"es\"},{\"@type\":\"Organization\",\"@id\":\"https:\/\/koningdrone.be\/#organization\",\"name\":\"Koningdrone.be\",\"url\":\"https:\/\/koningdrone.be\/\",\"logo\":{\"@type\":\"ImageObject\",\"inLanguage\":\"es\",\"@id\":\"https:\/\/koningdrone.be\/#\/schema\/logo\/image\/\",\"url\":\"https:\/\/koningdrone.be\/wp-content\/uploads\/sites\/13\/2025\/04\/koningdrone-copyright-logo.svg\",\"contentUrl\":\"https:\/\/koningdrone.be\/wp-content\/uploads\/sites\/13\/2025\/04\/koningdrone-copyright-logo.svg\",\"width\":227,\"height\":38,\"caption\":\"Koningdrone.be\"},\"image\":{\"@id\":\"https:\/\/koningdrone.be\/#\/schema\/logo\/image\/\"}}]}<\/script>\n<!-- \/ Yoast SEO Premium plugin. -->","yoast_head_json":{"title":"DJI RS 3 Combo - koningdrone.be","robots":{"index":"index","follow":"follow","max-snippet":"max-snippet:-1","max-image-preview":"max-image-preview:large","max-video-preview":"max-video-preview:-1"},"canonical":"https:\/\/koningdrone.be\/es\/producto\/dji-rs3-combo\/","og_locale":"es_ES","og_type":"article","og_title":"DJI RS 3 Combo","og_description":"Geautomatiseerde Axis Locks voor snelle installatie en effici\u00ebnte overgangen. Lichtgewicht van 1,3 kg\/2,8 lbs, ondersteunt een belasting van maximaal 3 kg\/6,6 lbs. Bluetooth-sluiterbediening voor eenvoudig starten\/stoppen van opnames. 1,8-inch OLED-touchscreen voor eenvoudige toegang tot instellingen. Het 3e generatie RS-stabilisatiealgoritme verbetert de prestaties.","og_url":"https:\/\/koningdrone.be\/es\/producto\/dji-rs3-combo\/","og_site_name":"koningdrone.be","article_modified_time":"2026-04-29T13:40:38+00:00","og_image":[{"width":1280,"height":1280,"url":"https:\/\/koningdrone.be\/wp-content\/uploads\/sites\/13\/2025\/04\/4e27c984af7e87c1c3c9779099bd1e90@ultra.jpg","type":"image\/jpeg"}],"twitter_card":"summary_large_image","twitter_misc":{"Tiempo de lectura":"1 minuto"},"schema":{"@context":"https:\/\/schema.org","@graph":[{"@type":"WebPage","@id":"https:\/\/koningdrone.be\/product\/dji-rs3-combo\/","url":"https:\/\/koningdrone.be\/product\/dji-rs3-combo\/","name":"DJI RS 3 Combo - koningdrone.be","isPartOf":{"@id":"https:\/\/koningdrone.be\/#website"},"primaryImageOfPage":{"@id":"https:\/\/koningdrone.be\/product\/dji-rs3-combo\/#primaryimage"},"image":{"@id":"https:\/\/koningdrone.be\/product\/dji-rs3-combo\/#primaryimage"},"thumbnailUrl":"https:\/\/koningdrone.be\/wp-content\/uploads\/sites\/13\/2025\/04\/4e27c984af7e87c1c3c9779099bd1e90@ultra.jpg","datePublished":"2022-11-02T08:13:42+00:00","dateModified":"2026-04-29T13:40:38+00:00","breadcrumb":{"@id":"https:\/\/koningdrone.be\/product\/dji-rs3-combo\/#breadcrumb"},"inLanguage":"es","potentialAction":[{"@type":"ReadAction","target":["https:\/\/koningdrone.be\/product\/dji-rs3-combo\/"]}]},{"@type":"ImageObject","inLanguage":"es","@id":"https:\/\/koningdrone.be\/product\/dji-rs3-combo\/#primaryimage","url":"https:\/\/koningdrone.be\/wp-content\/uploads\/sites\/13\/2025\/04\/4e27c984af7e87c1c3c9779099bd1e90@ultra.jpg","contentUrl":"https:\/\/koningdrone.be\/wp-content\/uploads\/sites\/13\/2025\/04\/4e27c984af7e87c1c3c9779099bd1e90@ultra.jpg","width":1280,"height":1280},{"@type":"BreadcrumbList","@id":"https:\/\/koningdrone.be\/product\/dji-rs3-combo\/#breadcrumb","itemListElement":[{"@type":"ListItem","position":1,"name":"Home","item":"https:\/\/koningdrone.be\/"},{"@type":"ListItem","position":2,"name":"AVSS Parachute Recovery System for DJI Matrice 300\/350","item":"https:\/\/koningdrone.be\/product\/avss-parachute-recovery-system-for-dji-matrice-300-350\/"},{"@type":"ListItem","position":3,"name":"Alle gimbals en cameras","item":"https:\/\/koningdrone.be\/categorie\/alle-gimbals-en-cameras\/"},{"@type":"ListItem","position":4,"name":"DJI RS 3 Combo"}]},{"@type":"WebSite","@id":"https:\/\/koningdrone.be\/#website","url":"https:\/\/koningdrone.be\/","name":"Koningdrone.be - Su especialista en l\u00ednea en drones, cardanes, c\u00e1maras y centrales el\u00e9ctricas.","description":"La tienda virtual de drones y cardanes","publisher":{"@id":"https:\/\/koningdrone.be\/#organization"},"potentialAction":[{"@type":"SearchAction","target":{"@type":"EntryPoint","urlTemplate":"https:\/\/koningdrone.be\/?s={search_term_string}"},"query-input":{"@type":"PropertyValueSpecification","valueRequired":true,"valueName":"search_term_string"}}],"inLanguage":"es"},{"@type":"Organization","@id":"https:\/\/koningdrone.be\/#organization","name":"Kingdrone.es","url":"https:\/\/koningdrone.be\/","logo":{"@type":"ImageObject","inLanguage":"es","@id":"https:\/\/koningdrone.be\/#\/schema\/logo\/image\/","url":"https:\/\/koningdrone.be\/wp-content\/uploads\/sites\/13\/2025\/04\/koningdrone-copyright-logo.svg","contentUrl":"https:\/\/koningdrone.be\/wp-content\/uploads\/sites\/13\/2025\/04\/koningdrone-copyright-logo.svg","width":227,"height":38,"caption":"Koningdrone.be"},"image":{"@id":"https:\/\/koningdrone.be\/#\/schema\/logo\/image\/"}}]}},"df_price":718.99,"df_sale_price":"","df_regular_price":718.99,"df_image_link":"https:\/\/koningdrone.be\/wp-content\/uploads\/sites\/13\/2025\/04\/4e27c984af7e87c1c3c9779099bd1e90@ultra-300x300.jpg","_links":{"self":[{"href":"https:\/\/koningdrone.be\/es\/wp-json\/wp\/v2\/product\/5594","targetHints":{"allow":["GET"]}}],"collection":[{"href":"https:\/\/koningdrone.be\/es\/wp-json\/wp\/v2\/product"}],"about":[{"href":"https:\/\/koningdrone.be\/es\/wp-json\/wp\/v2\/types\/product"}],"wp:featuredmedia":[{"embeddable":true,"href":"https:\/\/koningdrone.be\/es\/wp-json\/wp\/v2\/media\/5591"}],"wp:attachment":[{"href":"https:\/\/koningdrone.be\/es\/wp-json\/wp\/v2\/media?parent=5594"}],"wp:term":[{"taxonomy":"product_brand","embeddable":true,"href":"https:\/\/koningdrone.be\/es\/wp-json\/wp\/v2\/product_brand?post=5594"},{"taxonomy":"product_cat","embeddable":true,"href":"https:\/\/koningdrone.be\/es\/wp-json\/wp\/v2\/product_cat?post=5594"},{"taxonomy":"product_tag","embeddable":true,"href":"https:\/\/koningdrone.be\/es\/wp-json\/wp\/v2\/product_tag?post=5594"}],"curies":[{"name":"wp","href":"https:\/\/api.w.org\/{rel}","templated":true}]}}