{"id":5571,"date":"2022-11-02T09:13:47","date_gmt":"2022-11-02T08:13:47","guid":{"rendered":"https:\/\/koningdrone.nl\/kon\/product\/dji-action-3-multifunctional-battery-case\/"},"modified":"2026-04-29T04:00:04","modified_gmt":"2026-04-29T02:00:04","slug":"dji-action-3-multifunctional-battery-case","status":"publish","type":"product","link":"https:\/\/koningdrone.be\/es\/producto\/dji-action-3-multifunctional-battery-case\/","title":{"rendered":"Funda de bater\u00eda multifuncional Osmo Action"},"content":{"rendered":"<p><strong>Dise\u00f1o multifuncional<\/strong><\/p>\n<p> El producto est\u00e1 ingeniosamente dise\u00f1ado para satisfacer m\u00faltiples necesidades, principalmente dirigidas a personas que buscan un m\u00e9todo racionalizado y eficaz de gestionar y cargar sus bater\u00edas y tarjetas microSD. Ofrece la comodidad de almacenar hasta tres bater\u00edas y dos tarjetas microSD de forma segura y f\u00e1cilmente accesible, lo que lo convierte en un accesorio esencial para el uso diario o los viajes.<\/p>\n<p><strong>Funci\u00f3n de carga r\u00e1pida inteligente<\/strong><\/p>\n<p> Una de las caracter\u00edsticas m\u00e1s destacadas del producto es su funci\u00f3n de carga r\u00e1pida inteligente, que permite cargar simult\u00e1neamente hasta tres bater\u00edas. Esta funcionalidad es incre\u00edblemente beneficiosa para los usuarios que necesitan disponer r\u00e1pidamente de bater\u00eda, ya que reduce significativamente el tiempo de inactividad y mejora la productividad y la preparaci\u00f3n para capturar momentos.<\/p>\n<p><strong>Banco de energ\u00eda port\u00e1til vers\u00e1til<\/strong><\/p>\n<p> Adem\u00e1s de sus funciones de carga y almacenamiento de bater\u00edas, este producto funciona ingeniosamente como banco de energ\u00eda port\u00e1til cuando est\u00e1 equipado con bater\u00edas cargadas. Esta versatilidad le permite servir como fuente de alimentaci\u00f3n para otros dispositivos, incluidos los tel\u00e9fonos inteligentes. Esta caracter\u00edstica transforma el producto en una herramienta vers\u00e1til, ideal para los usuarios que est\u00e1n en constante movimiento y necesitan soluciones de energ\u00eda vers\u00e1tiles.<\/p>\n<p><strong>Dise\u00f1ado para la comodidad y la eficacia<\/strong><\/p>\n<p> En resumen, este producto ha sido cuidadosamente dise\u00f1ado para quienes valoran la eficacia y la comodidad de sus aparatos. Tanto si eres un principiante como un profesional experimentado que necesita una soluci\u00f3n completa para almacenar, cargar y alimentar sus dispositivos, este producto ofrece una soluci\u00f3n todo en uno dise\u00f1ada teniendo en cuenta sus necesidades.<\/p>\n<p><\/p>","protected":false},"excerpt":{"rendered":"<ul>\n<li>Tiene capacidad para tres bater\u00edas y dos tarjetas microSD.<\/li>\n<li> Carga tres pilas de forma inteligente y r\u00e1pida.<\/li>\n<li> Puede servir como banco de energ\u00eda para dispositivos como smartphones.<\/li>\n<\/ul>","protected":false},"featured_media":5569,"template":"","meta":{"_acf_changed":false},"product_brand":[],"product_cat":[113,410,111,97,201,297,757],"product_tag":[],"class_list":{"0":"post-5571","1":"product","2":"type-product","3":"status-publish","4":"has-post-thumbnail","6":"product_cat-alle-batterijen","7":"product_cat-alle-handheld-gimbals","8":"product_cat-alle-opladers","9":"product_cat-alle-producten","10":"product_cat-alle-tassen-en-koffers","11":"product_cat-dji-osmo","12":"product_cat-dji-osmo-action","13":"product_shipping_class-acsystemsall","14":"pa_brand-dji","15":"pa_productfamily-accessoire","16":"pa_producttype-accessoire","17":"pa_series-osmo-mobile","19":"first","20":"instock","21":"taxable","22":"shipping-taxable","23":"purchasable","24":"product-type-simple"},"acf":[],"yoast_head":"<!-- This site is optimized with the Yoast SEO Premium plugin v27.2 (Yoast SEO v27.2) - https:\/\/yoast.com\/product\/yoast-seo-premium-wordpress\/ -->\n<title>Osmo Action Multifunctional Battery Case - koningdrone.be<\/title>\n<meta name=\"robots\" content=\"index, follow, max-snippet:-1, max-image-preview:large, max-video-preview:-1\" \/>\n<link rel=\"canonical\" href=\"https:\/\/koningdrone.be\/es\/producto\/dji-action-3-multifunctional-battery-case\/\" \/>\n<meta property=\"og:locale\" content=\"es_ES\" \/>\n<meta property=\"og:type\" content=\"article\" \/>\n<meta property=\"og:title\" content=\"Osmo Action Multifunctional Battery Case\" \/>\n<meta property=\"og:description\" content=\"Biedt plaats aan drie batterijen en twee microSD-kaarten. Laadt op intelligente wijze snel drie batterijen op. Kan dienen als powerbank voor apparaten zoals smartphones.\" \/>\n<meta property=\"og:url\" content=\"https:\/\/koningdrone.be\/es\/producto\/dji-action-3-multifunctional-battery-case\/\" \/>\n<meta property=\"og:site_name\" content=\"koningdrone.be\" \/>\n<meta property=\"article:modified_time\" content=\"2026-04-29T02:00:04+00:00\" \/>\n<meta property=\"og:image\" content=\"https:\/\/koningdrone.be\/wp-content\/uploads\/sites\/13\/2025\/04\/2429ecfdc281574cf7dd8c77aa43fc5e@large.jpg\" \/>\n\t<meta property=\"og:image:width\" content=\"1200\" \/>\n\t<meta property=\"og:image:height\" content=\"800\" \/>\n\t<meta property=\"og:image:type\" content=\"image\/jpeg\" \/>\n<meta name=\"twitter:card\" content=\"summary_large_image\" \/>\n<meta name=\"twitter:label1\" content=\"Tiempo de lectura\" \/>\n\t<meta name=\"twitter:data1\" content=\"1 minuto\" \/>\n<script type=\"application\/ld+json\" class=\"yoast-schema-graph\">{\"@context\":\"https:\/\/schema.org\",\"@graph\":[{\"@type\":\"WebPage\",\"@id\":\"https:\/\/koningdrone.be\/product\/dji-action-3-multifunctional-battery-case\/\",\"url\":\"https:\/\/koningdrone.be\/product\/dji-action-3-multifunctional-battery-case\/\",\"name\":\"Osmo Action Multifunctional Battery Case - koningdrone.be\",\"isPartOf\":{\"@id\":\"https:\/\/koningdrone.be\/#website\"},\"primaryImageOfPage\":{\"@id\":\"https:\/\/koningdrone.be\/product\/dji-action-3-multifunctional-battery-case\/#primaryimage\"},\"image\":{\"@id\":\"https:\/\/koningdrone.be\/product\/dji-action-3-multifunctional-battery-case\/#primaryimage\"},\"thumbnailUrl\":\"https:\/\/koningdrone.be\/wp-content\/uploads\/sites\/13\/2025\/04\/2429ecfdc281574cf7dd8c77aa43fc5e@large.jpg\",\"datePublished\":\"2022-11-02T08:13:47+00:00\",\"dateModified\":\"2026-04-29T02:00:04+00:00\",\"breadcrumb\":{\"@id\":\"https:\/\/koningdrone.be\/product\/dji-action-3-multifunctional-battery-case\/#breadcrumb\"},\"inLanguage\":\"es\",\"potentialAction\":[{\"@type\":\"ReadAction\",\"target\":[\"https:\/\/koningdrone.be\/product\/dji-action-3-multifunctional-battery-case\/\"]}]},{\"@type\":\"ImageObject\",\"inLanguage\":\"es\",\"@id\":\"https:\/\/koningdrone.be\/product\/dji-action-3-multifunctional-battery-case\/#primaryimage\",\"url\":\"https:\/\/koningdrone.be\/wp-content\/uploads\/sites\/13\/2025\/04\/2429ecfdc281574cf7dd8c77aa43fc5e@large.jpg\",\"contentUrl\":\"https:\/\/koningdrone.be\/wp-content\/uploads\/sites\/13\/2025\/04\/2429ecfdc281574cf7dd8c77aa43fc5e@large.jpg\",\"width\":1200,\"height\":800},{\"@type\":\"BreadcrumbList\",\"@id\":\"https:\/\/koningdrone.be\/product\/dji-action-3-multifunctional-battery-case\/#breadcrumb\",\"itemListElement\":[{\"@type\":\"ListItem\",\"position\":1,\"name\":\"Home\",\"item\":\"https:\/\/koningdrone.be\/\"},{\"@type\":\"ListItem\",\"position\":2,\"name\":\"AVSS Parachute Recovery System for DJI Matrice 300\/350\",\"item\":\"https:\/\/koningdrone.be\/product\/avss-parachute-recovery-system-for-dji-matrice-300-350\/\"},{\"@type\":\"ListItem\",\"position\":3,\"name\":\"Alle batterijen\",\"item\":\"https:\/\/koningdrone.be\/categorie\/alle-batterijen\/\"},{\"@type\":\"ListItem\",\"position\":4,\"name\":\"Osmo Action Multifunctional Battery Case\"}]},{\"@type\":\"WebSite\",\"@id\":\"https:\/\/koningdrone.be\/#website\",\"url\":\"https:\/\/koningdrone.be\/\",\"name\":\"Koningdrone.be - Uw online specialist in drones, gimbals, camera's en power stations.\",\"description\":\"De webshop in drones en gimbals\",\"publisher\":{\"@id\":\"https:\/\/koningdrone.be\/#organization\"},\"potentialAction\":[{\"@type\":\"SearchAction\",\"target\":{\"@type\":\"EntryPoint\",\"urlTemplate\":\"https:\/\/koningdrone.be\/?s={search_term_string}\"},\"query-input\":{\"@type\":\"PropertyValueSpecification\",\"valueRequired\":true,\"valueName\":\"search_term_string\"}}],\"inLanguage\":\"es\"},{\"@type\":\"Organization\",\"@id\":\"https:\/\/koningdrone.be\/#organization\",\"name\":\"Koningdrone.be\",\"url\":\"https:\/\/koningdrone.be\/\",\"logo\":{\"@type\":\"ImageObject\",\"inLanguage\":\"es\",\"@id\":\"https:\/\/koningdrone.be\/#\/schema\/logo\/image\/\",\"url\":\"https:\/\/koningdrone.be\/wp-content\/uploads\/sites\/13\/2025\/04\/koningdrone-copyright-logo.svg\",\"contentUrl\":\"https:\/\/koningdrone.be\/wp-content\/uploads\/sites\/13\/2025\/04\/koningdrone-copyright-logo.svg\",\"width\":227,\"height\":38,\"caption\":\"Koningdrone.be\"},\"image\":{\"@id\":\"https:\/\/koningdrone.be\/#\/schema\/logo\/image\/\"}}]}<\/script>\n<!-- \/ Yoast SEO Premium plugin. -->","yoast_head_json":{"title":"Osmo Action Multifunctional Battery Case - koningdrone.be","robots":{"index":"index","follow":"follow","max-snippet":"max-snippet:-1","max-image-preview":"max-image-preview:large","max-video-preview":"max-video-preview:-1"},"canonical":"https:\/\/koningdrone.be\/es\/producto\/dji-action-3-multifunctional-battery-case\/","og_locale":"es_ES","og_type":"article","og_title":"Osmo Action Multifunctional Battery Case","og_description":"Biedt plaats aan drie batterijen en twee microSD-kaarten. Laadt op intelligente wijze snel drie batterijen op. Kan dienen als powerbank voor apparaten zoals smartphones.","og_url":"https:\/\/koningdrone.be\/es\/producto\/dji-action-3-multifunctional-battery-case\/","og_site_name":"koningdrone.be","article_modified_time":"2026-04-29T02:00:04+00:00","og_image":[{"width":1200,"height":800,"url":"https:\/\/koningdrone.be\/wp-content\/uploads\/sites\/13\/2025\/04\/2429ecfdc281574cf7dd8c77aa43fc5e@large.jpg","type":"image\/jpeg"}],"twitter_card":"summary_large_image","twitter_misc":{"Tiempo de lectura":"1 minuto"},"schema":{"@context":"https:\/\/schema.org","@graph":[{"@type":"WebPage","@id":"https:\/\/koningdrone.be\/product\/dji-action-3-multifunctional-battery-case\/","url":"https:\/\/koningdrone.be\/product\/dji-action-3-multifunctional-battery-case\/","name":"Osmo Action Multifunctional Battery Case - koningdrone.be","isPartOf":{"@id":"https:\/\/koningdrone.be\/#website"},"primaryImageOfPage":{"@id":"https:\/\/koningdrone.be\/product\/dji-action-3-multifunctional-battery-case\/#primaryimage"},"image":{"@id":"https:\/\/koningdrone.be\/product\/dji-action-3-multifunctional-battery-case\/#primaryimage"},"thumbnailUrl":"https:\/\/koningdrone.be\/wp-content\/uploads\/sites\/13\/2025\/04\/2429ecfdc281574cf7dd8c77aa43fc5e@large.jpg","datePublished":"2022-11-02T08:13:47+00:00","dateModified":"2026-04-29T02:00:04+00:00","breadcrumb":{"@id":"https:\/\/koningdrone.be\/product\/dji-action-3-multifunctional-battery-case\/#breadcrumb"},"inLanguage":"es","potentialAction":[{"@type":"ReadAction","target":["https:\/\/koningdrone.be\/product\/dji-action-3-multifunctional-battery-case\/"]}]},{"@type":"ImageObject","inLanguage":"es","@id":"https:\/\/koningdrone.be\/product\/dji-action-3-multifunctional-battery-case\/#primaryimage","url":"https:\/\/koningdrone.be\/wp-content\/uploads\/sites\/13\/2025\/04\/2429ecfdc281574cf7dd8c77aa43fc5e@large.jpg","contentUrl":"https:\/\/koningdrone.be\/wp-content\/uploads\/sites\/13\/2025\/04\/2429ecfdc281574cf7dd8c77aa43fc5e@large.jpg","width":1200,"height":800},{"@type":"BreadcrumbList","@id":"https:\/\/koningdrone.be\/product\/dji-action-3-multifunctional-battery-case\/#breadcrumb","itemListElement":[{"@type":"ListItem","position":1,"name":"Home","item":"https:\/\/koningdrone.be\/"},{"@type":"ListItem","position":2,"name":"AVSS Parachute Recovery System for DJI Matrice 300\/350","item":"https:\/\/koningdrone.be\/product\/avss-parachute-recovery-system-for-dji-matrice-300-350\/"},{"@type":"ListItem","position":3,"name":"Alle batterijen","item":"https:\/\/koningdrone.be\/categorie\/alle-batterijen\/"},{"@type":"ListItem","position":4,"name":"Osmo Action Multifunctional Battery Case"}]},{"@type":"WebSite","@id":"https:\/\/koningdrone.be\/#website","url":"https:\/\/koningdrone.be\/","name":"Koningdrone.be - Su especialista en l\u00ednea en drones, cardanes, c\u00e1maras y centrales el\u00e9ctricas.","description":"La tienda virtual de drones y cardanes","publisher":{"@id":"https:\/\/koningdrone.be\/#organization"},"potentialAction":[{"@type":"SearchAction","target":{"@type":"EntryPoint","urlTemplate":"https:\/\/koningdrone.be\/?s={search_term_string}"},"query-input":{"@type":"PropertyValueSpecification","valueRequired":true,"valueName":"search_term_string"}}],"inLanguage":"es"},{"@type":"Organization","@id":"https:\/\/koningdrone.be\/#organization","name":"Kingdrone.es","url":"https:\/\/koningdrone.be\/","logo":{"@type":"ImageObject","inLanguage":"es","@id":"https:\/\/koningdrone.be\/#\/schema\/logo\/image\/","url":"https:\/\/koningdrone.be\/wp-content\/uploads\/sites\/13\/2025\/04\/koningdrone-copyright-logo.svg","contentUrl":"https:\/\/koningdrone.be\/wp-content\/uploads\/sites\/13\/2025\/04\/koningdrone-copyright-logo.svg","width":227,"height":38,"caption":"Koningdrone.be"},"image":{"@id":"https:\/\/koningdrone.be\/#\/schema\/logo\/image\/"}}]}},"df_price":59,"df_sale_price":"","df_regular_price":59,"df_image_link":"https:\/\/koningdrone.be\/wp-content\/uploads\/sites\/13\/2025\/04\/2429ecfdc281574cf7dd8c77aa43fc5e@large-300x200.jpg","_links":{"self":[{"href":"https:\/\/koningdrone.be\/es\/wp-json\/wp\/v2\/product\/5571","targetHints":{"allow":["GET"]}}],"collection":[{"href":"https:\/\/koningdrone.be\/es\/wp-json\/wp\/v2\/product"}],"about":[{"href":"https:\/\/koningdrone.be\/es\/wp-json\/wp\/v2\/types\/product"}],"wp:featuredmedia":[{"embeddable":true,"href":"https:\/\/koningdrone.be\/es\/wp-json\/wp\/v2\/media\/5569"}],"wp:attachment":[{"href":"https:\/\/koningdrone.be\/es\/wp-json\/wp\/v2\/media?parent=5571"}],"wp:term":[{"taxonomy":"product_brand","embeddable":true,"href":"https:\/\/koningdrone.be\/es\/wp-json\/wp\/v2\/product_brand?post=5571"},{"taxonomy":"product_cat","embeddable":true,"href":"https:\/\/koningdrone.be\/es\/wp-json\/wp\/v2\/product_cat?post=5571"},{"taxonomy":"product_tag","embeddable":true,"href":"https:\/\/koningdrone.be\/es\/wp-json\/wp\/v2\/product_tag?post=5571"}],"curies":[{"name":"wp","href":"https:\/\/api.w.org\/{rel}","templated":true}]}}