{"id":5568,"date":"2022-11-02T09:13:47","date_gmt":"2022-11-02T08:13:47","guid":{"rendered":"https:\/\/koningdrone.nl\/kon\/product\/dji-action-3-extreme-battery\/"},"modified":"2026-04-29T04:00:02","modified_gmt":"2026-04-29T02:00:02","slug":"dji-action-3-extreme-battery","status":"publish","type":"product","link":"https:\/\/koningdrone.be\/es\/producto\/dji-action-3-extreme-battery\/","title":{"rendered":"Bater\u00eda del Osmo Action Extreme"},"content":{"rendered":"<p><strong>Bater\u00eda de alto rendimiento<\/strong><\/p>\n<p> Este dispositivo ofrece una bater\u00eda de larga duraci\u00f3n y admite hasta 160 minutos de uso en determinadas condiciones. Ofrece un rendimiento excepcional al grabar de forma continua hasta 150 minutos en condiciones de fr\u00edo, como temperaturas de hasta -20 \u00b0C (-4 \u00b0F).<\/p>\n<p><strong>Carga r\u00e1pida<\/strong><\/p>\n<p> En cuanto a la carga, el dispositivo destaca por su eficaz compatibilidad con la carga r\u00e1pida PD (Power Delivery). Impresionantemente, puede cargar hasta 80% de su capacidad en solo 18 minutos, lo que te permite pasar menos tiempo en un enchufe y m\u00e1s tiempo en acci\u00f3n.<\/p>\n<p><strong>Condiciones de ensayo controladas<\/strong><\/p>\n<p> La duraci\u00f3n de la bater\u00eda, de hasta 160 minutos, se determin\u00f3 en condiciones controladas de laboratorio, a una temperatura ambiente de 25 \u00b0C, con el dispositivo grabando v\u00eddeo a 1080p\/30 fps. Es importante se\u00f1alar que tanto la estabilizaci\u00f3n electr\u00f3nica de imagen (EIS) como la activaci\u00f3n de la pantalla afectan significativamente a estos resultados. Estas condiciones controladas son cruciales para comprender las capacidades del dispositivo.<\/p>\n<p><strong>Rendimiento en el mundo real<\/strong><\/p>\n<p> Es necesario subrayar que, aunque estas cifras se alcanzan en condiciones de prueba espec\u00edficas, el rendimiento real puede variar en funci\u00f3n de las distintas condiciones del mundo real. El cambio de factores como la temperatura, los ajustes y el uso pueden afectar al rendimiento y la duraci\u00f3n de la bater\u00eda del dispositivo. Por lo tanto, los usuarios deben tener en cuenta estas variables a la hora de evaluar las capacidades del dispositivo.<\/p>\n<p><strong>Par\u00e1metros espec\u00edficos de tarificaci\u00f3n<\/strong><\/p>\n<p> La capacidad de carga r\u00e1pida se prob\u00f3 en un entorno de laboratorio a 25 \u00b0C (77 \u00b0F) utilizando un cargador USB-C de 30 W espec\u00edfico de DJI. Estas pruebas presuponen que el dispositivo no se est\u00e1 utilizando para hacer fotos o grabar v\u00eddeos y que la pantalla est\u00e1 apagada durante la carga. Estos detalles proporcionan informaci\u00f3n sobre las condiciones en las que el dispositivo puede alcanzar sus tiempos de carga r\u00e1pida.<\/p>\n<p><\/p>","protected":false},"excerpt":{"rendered":"<ul>\n<li>Admite una duraci\u00f3n de la bater\u00eda de hasta 160 minutos.<\/li>\n<li> Grabaci\u00f3n continua de hasta 150 minutos a -20\u00b0 C.<\/li>\n<li> Soporta carga r\u00e1pida PD, 80% en 18 minutos.<\/li>\n<li> Pruebas de rendimiento \u00f3ptimo realizadas en un entorno de 25 \u00b0C.<\/li>\n<li> Compatibilidad con el cargador DJI 30W USB-C.<\/li>\n<\/ul>","protected":false},"featured_media":5566,"template":"","meta":{"_acf_changed":false},"product_brand":[],"product_cat":[113,410,97,297,757],"product_tag":[],"class_list":{"0":"post-5568","1":"product","2":"type-product","3":"status-publish","4":"has-post-thumbnail","6":"product_cat-alle-batterijen","7":"product_cat-alle-handheld-gimbals","8":"product_cat-alle-producten","9":"product_cat-dji-osmo","10":"product_cat-dji-osmo-action","11":"product_shipping_class-acsystemsall","12":"pa_brand-dji","13":"pa_productfamily-batterij","14":"pa_producttype-batterij","15":"pa_series-osmo-mobile","17":"first","18":"instock","19":"taxable","20":"shipping-taxable","21":"purchasable","22":"product-type-simple"},"acf":[],"yoast_head":"<!-- This site is optimized with the Yoast SEO Premium plugin v27.2 (Yoast SEO v27.2) - https:\/\/yoast.com\/product\/yoast-seo-premium-wordpress\/ -->\n<title>Osmo Action Extreme Battery - koningdrone.be<\/title>\n<meta name=\"robots\" content=\"index, follow, max-snippet:-1, max-image-preview:large, max-video-preview:-1\" \/>\n<link rel=\"canonical\" href=\"https:\/\/koningdrone.be\/es\/producto\/dji-action-3-extreme-battery\/\" \/>\n<meta property=\"og:locale\" content=\"es_ES\" \/>\n<meta property=\"og:type\" content=\"article\" \/>\n<meta property=\"og:title\" content=\"Osmo Action Extreme Battery\" \/>\n<meta property=\"og:description\" content=\"Ondersteunt een batterijduur tot 160 minuten. Continue opname tot 150 minuten bij -20\u00b0 C. Ondersteunt PD snel opladen, 80% in 18 minuten. Optimale prestatietests uitgevoerd in een omgeving van 25\u00b0 C. Compatibiliteit met DJI 30W USB-C-oplader.\" \/>\n<meta property=\"og:url\" content=\"https:\/\/koningdrone.be\/es\/producto\/dji-action-3-extreme-battery\/\" \/>\n<meta property=\"og:site_name\" content=\"koningdrone.be\" \/>\n<meta property=\"article:modified_time\" content=\"2026-04-29T02:00:02+00:00\" \/>\n<meta property=\"og:image\" content=\"https:\/\/koningdrone.be\/wp-content\/uploads\/sites\/13\/2025\/04\/d3a3f40e7bd628796031b124b1814b2e@large.jpg\" \/>\n\t<meta property=\"og:image:width\" content=\"1200\" \/>\n\t<meta property=\"og:image:height\" content=\"800\" \/>\n\t<meta property=\"og:image:type\" content=\"image\/jpeg\" \/>\n<meta name=\"twitter:card\" content=\"summary_large_image\" \/>\n<meta name=\"twitter:label1\" content=\"Tiempo de lectura\" \/>\n\t<meta name=\"twitter:data1\" content=\"1 minuto\" \/>\n<script type=\"application\/ld+json\" class=\"yoast-schema-graph\">{\"@context\":\"https:\/\/schema.org\",\"@graph\":[{\"@type\":\"WebPage\",\"@id\":\"https:\/\/koningdrone.be\/product\/dji-action-3-extreme-battery\/\",\"url\":\"https:\/\/koningdrone.be\/product\/dji-action-3-extreme-battery\/\",\"name\":\"Osmo Action Extreme Battery - koningdrone.be\",\"isPartOf\":{\"@id\":\"https:\/\/koningdrone.be\/#website\"},\"primaryImageOfPage\":{\"@id\":\"https:\/\/koningdrone.be\/product\/dji-action-3-extreme-battery\/#primaryimage\"},\"image\":{\"@id\":\"https:\/\/koningdrone.be\/product\/dji-action-3-extreme-battery\/#primaryimage\"},\"thumbnailUrl\":\"https:\/\/koningdrone.be\/wp-content\/uploads\/sites\/13\/2025\/04\/d3a3f40e7bd628796031b124b1814b2e@large.jpg\",\"datePublished\":\"2022-11-02T08:13:47+00:00\",\"dateModified\":\"2026-04-29T02:00:02+00:00\",\"breadcrumb\":{\"@id\":\"https:\/\/koningdrone.be\/product\/dji-action-3-extreme-battery\/#breadcrumb\"},\"inLanguage\":\"es\",\"potentialAction\":[{\"@type\":\"ReadAction\",\"target\":[\"https:\/\/koningdrone.be\/product\/dji-action-3-extreme-battery\/\"]}]},{\"@type\":\"ImageObject\",\"inLanguage\":\"es\",\"@id\":\"https:\/\/koningdrone.be\/product\/dji-action-3-extreme-battery\/#primaryimage\",\"url\":\"https:\/\/koningdrone.be\/wp-content\/uploads\/sites\/13\/2025\/04\/d3a3f40e7bd628796031b124b1814b2e@large.jpg\",\"contentUrl\":\"https:\/\/koningdrone.be\/wp-content\/uploads\/sites\/13\/2025\/04\/d3a3f40e7bd628796031b124b1814b2e@large.jpg\",\"width\":1200,\"height\":800},{\"@type\":\"BreadcrumbList\",\"@id\":\"https:\/\/koningdrone.be\/product\/dji-action-3-extreme-battery\/#breadcrumb\",\"itemListElement\":[{\"@type\":\"ListItem\",\"position\":1,\"name\":\"Home\",\"item\":\"https:\/\/koningdrone.be\/\"},{\"@type\":\"ListItem\",\"position\":2,\"name\":\"AVSS Parachute Recovery System for DJI Matrice 300\/350\",\"item\":\"https:\/\/koningdrone.be\/product\/avss-parachute-recovery-system-for-dji-matrice-300-350\/\"},{\"@type\":\"ListItem\",\"position\":3,\"name\":\"Alle batterijen\",\"item\":\"https:\/\/koningdrone.be\/categorie\/alle-batterijen\/\"},{\"@type\":\"ListItem\",\"position\":4,\"name\":\"Osmo Action Extreme Battery\"}]},{\"@type\":\"WebSite\",\"@id\":\"https:\/\/koningdrone.be\/#website\",\"url\":\"https:\/\/koningdrone.be\/\",\"name\":\"Koningdrone.be - Uw online specialist in drones, gimbals, camera's en power stations.\",\"description\":\"De webshop in drones en gimbals\",\"publisher\":{\"@id\":\"https:\/\/koningdrone.be\/#organization\"},\"potentialAction\":[{\"@type\":\"SearchAction\",\"target\":{\"@type\":\"EntryPoint\",\"urlTemplate\":\"https:\/\/koningdrone.be\/?s={search_term_string}\"},\"query-input\":{\"@type\":\"PropertyValueSpecification\",\"valueRequired\":true,\"valueName\":\"search_term_string\"}}],\"inLanguage\":\"es\"},{\"@type\":\"Organization\",\"@id\":\"https:\/\/koningdrone.be\/#organization\",\"name\":\"Koningdrone.be\",\"url\":\"https:\/\/koningdrone.be\/\",\"logo\":{\"@type\":\"ImageObject\",\"inLanguage\":\"es\",\"@id\":\"https:\/\/koningdrone.be\/#\/schema\/logo\/image\/\",\"url\":\"https:\/\/koningdrone.be\/wp-content\/uploads\/sites\/13\/2025\/04\/koningdrone-copyright-logo.svg\",\"contentUrl\":\"https:\/\/koningdrone.be\/wp-content\/uploads\/sites\/13\/2025\/04\/koningdrone-copyright-logo.svg\",\"width\":227,\"height\":38,\"caption\":\"Koningdrone.be\"},\"image\":{\"@id\":\"https:\/\/koningdrone.be\/#\/schema\/logo\/image\/\"}}]}<\/script>\n<!-- \/ Yoast SEO Premium plugin. -->","yoast_head_json":{"title":"Osmo Action Extreme Battery - koningdrone.be","robots":{"index":"index","follow":"follow","max-snippet":"max-snippet:-1","max-image-preview":"max-image-preview:large","max-video-preview":"max-video-preview:-1"},"canonical":"https:\/\/koningdrone.be\/es\/producto\/dji-action-3-extreme-battery\/","og_locale":"es_ES","og_type":"article","og_title":"Osmo Action Extreme Battery","og_description":"Ondersteunt een batterijduur tot 160 minuten. Continue opname tot 150 minuten bij -20\u00b0 C. Ondersteunt PD snel opladen, 80% in 18 minuten. Optimale prestatietests uitgevoerd in een omgeving van 25\u00b0 C. Compatibiliteit met DJI 30W USB-C-oplader.","og_url":"https:\/\/koningdrone.be\/es\/producto\/dji-action-3-extreme-battery\/","og_site_name":"koningdrone.be","article_modified_time":"2026-04-29T02:00:02+00:00","og_image":[{"width":1200,"height":800,"url":"https:\/\/koningdrone.be\/wp-content\/uploads\/sites\/13\/2025\/04\/d3a3f40e7bd628796031b124b1814b2e@large.jpg","type":"image\/jpeg"}],"twitter_card":"summary_large_image","twitter_misc":{"Tiempo de lectura":"1 minuto"},"schema":{"@context":"https:\/\/schema.org","@graph":[{"@type":"WebPage","@id":"https:\/\/koningdrone.be\/product\/dji-action-3-extreme-battery\/","url":"https:\/\/koningdrone.be\/product\/dji-action-3-extreme-battery\/","name":"Osmo Action Extreme Battery - koningdrone.be","isPartOf":{"@id":"https:\/\/koningdrone.be\/#website"},"primaryImageOfPage":{"@id":"https:\/\/koningdrone.be\/product\/dji-action-3-extreme-battery\/#primaryimage"},"image":{"@id":"https:\/\/koningdrone.be\/product\/dji-action-3-extreme-battery\/#primaryimage"},"thumbnailUrl":"https:\/\/koningdrone.be\/wp-content\/uploads\/sites\/13\/2025\/04\/d3a3f40e7bd628796031b124b1814b2e@large.jpg","datePublished":"2022-11-02T08:13:47+00:00","dateModified":"2026-04-29T02:00:02+00:00","breadcrumb":{"@id":"https:\/\/koningdrone.be\/product\/dji-action-3-extreme-battery\/#breadcrumb"},"inLanguage":"es","potentialAction":[{"@type":"ReadAction","target":["https:\/\/koningdrone.be\/product\/dji-action-3-extreme-battery\/"]}]},{"@type":"ImageObject","inLanguage":"es","@id":"https:\/\/koningdrone.be\/product\/dji-action-3-extreme-battery\/#primaryimage","url":"https:\/\/koningdrone.be\/wp-content\/uploads\/sites\/13\/2025\/04\/d3a3f40e7bd628796031b124b1814b2e@large.jpg","contentUrl":"https:\/\/koningdrone.be\/wp-content\/uploads\/sites\/13\/2025\/04\/d3a3f40e7bd628796031b124b1814b2e@large.jpg","width":1200,"height":800},{"@type":"BreadcrumbList","@id":"https:\/\/koningdrone.be\/product\/dji-action-3-extreme-battery\/#breadcrumb","itemListElement":[{"@type":"ListItem","position":1,"name":"Home","item":"https:\/\/koningdrone.be\/"},{"@type":"ListItem","position":2,"name":"AVSS Parachute Recovery System for DJI Matrice 300\/350","item":"https:\/\/koningdrone.be\/product\/avss-parachute-recovery-system-for-dji-matrice-300-350\/"},{"@type":"ListItem","position":3,"name":"Alle batterijen","item":"https:\/\/koningdrone.be\/categorie\/alle-batterijen\/"},{"@type":"ListItem","position":4,"name":"Osmo Action Extreme Battery"}]},{"@type":"WebSite","@id":"https:\/\/koningdrone.be\/#website","url":"https:\/\/koningdrone.be\/","name":"Koningdrone.be - Su especialista en l\u00ednea en drones, cardanes, c\u00e1maras y centrales el\u00e9ctricas.","description":"La tienda virtual de drones y cardanes","publisher":{"@id":"https:\/\/koningdrone.be\/#organization"},"potentialAction":[{"@type":"SearchAction","target":{"@type":"EntryPoint","urlTemplate":"https:\/\/koningdrone.be\/?s={search_term_string}"},"query-input":{"@type":"PropertyValueSpecification","valueRequired":true,"valueName":"search_term_string"}}],"inLanguage":"es"},{"@type":"Organization","@id":"https:\/\/koningdrone.be\/#organization","name":"Kingdrone.es","url":"https:\/\/koningdrone.be\/","logo":{"@type":"ImageObject","inLanguage":"es","@id":"https:\/\/koningdrone.be\/#\/schema\/logo\/image\/","url":"https:\/\/koningdrone.be\/wp-content\/uploads\/sites\/13\/2025\/04\/koningdrone-copyright-logo.svg","contentUrl":"https:\/\/koningdrone.be\/wp-content\/uploads\/sites\/13\/2025\/04\/koningdrone-copyright-logo.svg","width":227,"height":38,"caption":"Koningdrone.be"},"image":{"@id":"https:\/\/koningdrone.be\/#\/schema\/logo\/image\/"}}]}},"df_price":33,"df_sale_price":"","df_regular_price":33,"df_image_link":"https:\/\/koningdrone.be\/wp-content\/uploads\/sites\/13\/2025\/04\/d3a3f40e7bd628796031b124b1814b2e@large-300x200.jpg","_links":{"self":[{"href":"https:\/\/koningdrone.be\/es\/wp-json\/wp\/v2\/product\/5568","targetHints":{"allow":["GET"]}}],"collection":[{"href":"https:\/\/koningdrone.be\/es\/wp-json\/wp\/v2\/product"}],"about":[{"href":"https:\/\/koningdrone.be\/es\/wp-json\/wp\/v2\/types\/product"}],"wp:featuredmedia":[{"embeddable":true,"href":"https:\/\/koningdrone.be\/es\/wp-json\/wp\/v2\/media\/5566"}],"wp:attachment":[{"href":"https:\/\/koningdrone.be\/es\/wp-json\/wp\/v2\/media?parent=5568"}],"wp:term":[{"taxonomy":"product_brand","embeddable":true,"href":"https:\/\/koningdrone.be\/es\/wp-json\/wp\/v2\/product_brand?post=5568"},{"taxonomy":"product_cat","embeddable":true,"href":"https:\/\/koningdrone.be\/es\/wp-json\/wp\/v2\/product_cat?post=5568"},{"taxonomy":"product_tag","embeddable":true,"href":"https:\/\/koningdrone.be\/es\/wp-json\/wp\/v2\/product_tag?post=5568"}],"curies":[{"name":"wp","href":"https:\/\/api.w.org\/{rel}","templated":true}]}}