{"id":5548,"date":"2022-11-02T09:13:47","date_gmt":"2022-11-02T08:13:47","guid":{"rendered":"https:\/\/koningdrone.nl\/kon\/product\/dji-avata-fly-more-kit\/"},"modified":"2026-04-29T03:50:41","modified_gmt":"2026-04-29T01:50:41","slug":"dji-avata-fly-more-kit","status":"publish","type":"product","link":"https:\/\/koningdrone.be\/es\/producto\/dji-avata-fly-more-kit\/","title":{"rendered":"Kit DJI Avata Fly More"},"content":{"rendered":"<p><strong>Kit de vuelo completo<\/strong><\/p>\n<p> El kit DJI Avata Fly More destaca como una soluci\u00f3n rentable, ya que proporciona a los entusiastas dos bater\u00edas de vuelo inteligentes combinadas con un concentrador de carga de bater\u00edas. Esta combinaci\u00f3n garantiza tiempos de vuelo m\u00e1s largos, por lo que es una compra esencial para aquellos que buscan maximizar su experiencia de vuelo sin preocuparse constantemente por los niveles de energ\u00eda.<\/p>\n<p><strong>Mayor duraci\u00f3n del vuelo<\/strong><\/p>\n<p> Cada Bater\u00eda de Vuelo Inteligente del kit tiene una capacidad de 35,71 Wh, lo que se traduce en un impresionante tiempo de vuelo de hasta unos 18 minutos en condiciones ideales. Estas condiciones suelen referirse a vuelos realizados en entornos tranquilos y sin viento. Este mayor tiempo de vuelo es una ventaja significativa para los pilotos, ya que permite per\u00edodos m\u00e1s largos de reconocimiento y grabaci\u00f3n.<\/p>\n<p><strong>Gesti\u00f3n inteligente de la bater\u00eda<\/strong><\/p>\n<p> La integraci\u00f3n del Sistema Inteligente de Gesti\u00f3n de Bater\u00eda DJI en estas bater\u00edas marca un salto en comodidad y seguridad. Al monitorizar activamente el estado de la bater\u00eda en tiempo real, este sistema libera a los pilotos de preocuparse por los niveles de energ\u00eda. En su lugar, permite centrarse en el vuelo, sabiendo que el sistema garantiza la eficiencia y la seguridad de la bater\u00eda.<\/p>\n<p><strong>Centro de carga eficiente<\/strong><\/p>\n<p> El Hub de Carga de Bater\u00edas DJI Avata complementa las Bater\u00edas de Vuelo Inteligente agilizando el proceso de carga. Capaz de cargar hasta cuatro bater\u00edas de forma secuencial, el hub mejora la eficiencia de la carga. Esto significa que el tiempo de inactividad entre vuelos se reduce significativamente, permitiendo a los pilotos pasar m\u00e1s tiempo en el aire y menos tiempo esperando a que las bater\u00edas se carguen.<\/p>\n<p><\/p>","protected":false},"excerpt":{"rendered":"<ul>\n<li>M\u00e1s rentable que las compras individuales<\/li>\n<li> Incluye dos bater\u00edas Intelligent Flight<\/li>\n<li> Incluye un cargador de bater\u00edas<\/li>\n<li> Capacidad nominal de 35,71 Wh por bater\u00eda<\/li>\n<li> Aproximadamente 18 minutos de vuelo por carga<\/li>\n<li> Sistema de gesti\u00f3n inteligente de la bater\u00eda DJI integrado<\/li>\n<li> Control en tiempo real del estado de la bater\u00eda<\/li>\n<li> Charging Hub carga cuatro bater\u00edas seguidas<\/li>\n<li> Mejora de la eficacia de la carga<\/li>\n<\/ul>","protected":false},"featured_media":5546,"template":"","meta":{"_acf_changed":false},"product_brand":[],"product_cat":[113,135,111,1132,261],"product_tag":[],"class_list":{"0":"post-5548","1":"product","2":"type-product","3":"status-publish","4":"has-post-thumbnail","6":"product_cat-alle-batterijen","7":"product_cat-alle-drones","8":"product_cat-alle-opladers","9":"product_cat-alle-productens","10":"product_cat-dji-avata","11":"product_shipping_class-acsystemsall","12":"pa_brand-dji","13":"pa_productfamily-flymore-pakket","14":"pa_producttype-flymore-pakket","15":"pa_series-avata","17":"first","18":"instock","19":"taxable","20":"shipping-taxable","21":"purchasable","22":"product-type-simple"},"acf":[],"yoast_head":"<!-- This site is optimized with the Yoast SEO Premium plugin v27.2 (Yoast SEO v27.2) - https:\/\/yoast.com\/product\/yoast-seo-premium-wordpress\/ -->\n<title>DJI Avata Fly More Kit - koningdrone.be<\/title>\n<meta name=\"robots\" content=\"index, follow, max-snippet:-1, max-image-preview:large, max-video-preview:-1\" \/>\n<link rel=\"canonical\" href=\"https:\/\/koningdrone.be\/es\/producto\/dji-avata-fly-more-kit\/\" \/>\n<meta property=\"og:locale\" content=\"es_ES\" \/>\n<meta property=\"og:type\" content=\"article\" \/>\n<meta property=\"og:title\" content=\"DJI Avata Fly More Kit\" \/>\n<meta property=\"og:description\" content=\"Kosteneffectiever dan individuele aankopen Inclusief twee Intelligent Flight-batterijen Wordt geleverd met een batterijoplaadhub Nominale capaciteit van 35,71 Wh per batterij Ongeveer 18 minuten vliegtijd per oplaadbeurt Ingebouwd DJI intelligent batterijbeheersysteem Realtime monitoring van de batterijstatus Charging Hub laadt vier batterijen achter elkaar op Verbeterde laadeffici\u00ebntie\" \/>\n<meta property=\"og:url\" content=\"https:\/\/koningdrone.be\/es\/producto\/dji-avata-fly-more-kit\/\" \/>\n<meta property=\"og:site_name\" content=\"koningdrone.be\" \/>\n<meta property=\"article:modified_time\" content=\"2026-04-29T01:50:41+00:00\" \/>\n<meta property=\"og:image\" content=\"https:\/\/koningdrone.be\/wp-content\/uploads\/sites\/13\/2025\/04\/1ba43f2239a2319d913b52325b690c76@large.jpg\" \/>\n\t<meta property=\"og:image:width\" content=\"1200\" \/>\n\t<meta property=\"og:image:height\" content=\"800\" \/>\n\t<meta property=\"og:image:type\" content=\"image\/jpeg\" \/>\n<meta name=\"twitter:card\" content=\"summary_large_image\" \/>\n<meta name=\"twitter:label1\" content=\"Tiempo de lectura\" \/>\n\t<meta name=\"twitter:data1\" content=\"1 minuto\" \/>\n<script type=\"application\/ld+json\" class=\"yoast-schema-graph\">{\"@context\":\"https:\/\/schema.org\",\"@graph\":[{\"@type\":\"WebPage\",\"@id\":\"https:\/\/koningdrone.be\/product\/dji-avata-fly-more-kit\/\",\"url\":\"https:\/\/koningdrone.be\/product\/dji-avata-fly-more-kit\/\",\"name\":\"DJI Avata Fly More Kit - koningdrone.be\",\"isPartOf\":{\"@id\":\"https:\/\/koningdrone.be\/#website\"},\"primaryImageOfPage\":{\"@id\":\"https:\/\/koningdrone.be\/product\/dji-avata-fly-more-kit\/#primaryimage\"},\"image\":{\"@id\":\"https:\/\/koningdrone.be\/product\/dji-avata-fly-more-kit\/#primaryimage\"},\"thumbnailUrl\":\"https:\/\/koningdrone.be\/wp-content\/uploads\/sites\/13\/2025\/04\/1ba43f2239a2319d913b52325b690c76@large.jpg\",\"datePublished\":\"2022-11-02T08:13:47+00:00\",\"dateModified\":\"2026-04-29T01:50:41+00:00\",\"breadcrumb\":{\"@id\":\"https:\/\/koningdrone.be\/product\/dji-avata-fly-more-kit\/#breadcrumb\"},\"inLanguage\":\"es\",\"potentialAction\":[{\"@type\":\"ReadAction\",\"target\":[\"https:\/\/koningdrone.be\/product\/dji-avata-fly-more-kit\/\"]}]},{\"@type\":\"ImageObject\",\"inLanguage\":\"es\",\"@id\":\"https:\/\/koningdrone.be\/product\/dji-avata-fly-more-kit\/#primaryimage\",\"url\":\"https:\/\/koningdrone.be\/wp-content\/uploads\/sites\/13\/2025\/04\/1ba43f2239a2319d913b52325b690c76@large.jpg\",\"contentUrl\":\"https:\/\/koningdrone.be\/wp-content\/uploads\/sites\/13\/2025\/04\/1ba43f2239a2319d913b52325b690c76@large.jpg\",\"width\":1200,\"height\":800},{\"@type\":\"BreadcrumbList\",\"@id\":\"https:\/\/koningdrone.be\/product\/dji-avata-fly-more-kit\/#breadcrumb\",\"itemListElement\":[{\"@type\":\"ListItem\",\"position\":1,\"name\":\"Home\",\"item\":\"https:\/\/koningdrone.be\/\"},{\"@type\":\"ListItem\",\"position\":2,\"name\":\"AVSS Parachute Recovery System for DJI Matrice 300\/350\",\"item\":\"https:\/\/koningdrone.be\/product\/avss-parachute-recovery-system-for-dji-matrice-300-350\/\"},{\"@type\":\"ListItem\",\"position\":3,\"name\":\"Alle batterijen\",\"item\":\"https:\/\/koningdrone.be\/categorie\/alle-batterijen\/\"},{\"@type\":\"ListItem\",\"position\":4,\"name\":\"DJI Avata Fly More Kit\"}]},{\"@type\":\"WebSite\",\"@id\":\"https:\/\/koningdrone.be\/#website\",\"url\":\"https:\/\/koningdrone.be\/\",\"name\":\"Koningdrone.be - Uw online specialist in drones, gimbals, camera's en power stations.\",\"description\":\"De webshop in drones en gimbals\",\"publisher\":{\"@id\":\"https:\/\/koningdrone.be\/#organization\"},\"potentialAction\":[{\"@type\":\"SearchAction\",\"target\":{\"@type\":\"EntryPoint\",\"urlTemplate\":\"https:\/\/koningdrone.be\/?s={search_term_string}\"},\"query-input\":{\"@type\":\"PropertyValueSpecification\",\"valueRequired\":true,\"valueName\":\"search_term_string\"}}],\"inLanguage\":\"es\"},{\"@type\":\"Organization\",\"@id\":\"https:\/\/koningdrone.be\/#organization\",\"name\":\"Koningdrone.be\",\"url\":\"https:\/\/koningdrone.be\/\",\"logo\":{\"@type\":\"ImageObject\",\"inLanguage\":\"es\",\"@id\":\"https:\/\/koningdrone.be\/#\/schema\/logo\/image\/\",\"url\":\"https:\/\/koningdrone.be\/wp-content\/uploads\/sites\/13\/2025\/04\/koningdrone-copyright-logo.svg\",\"contentUrl\":\"https:\/\/koningdrone.be\/wp-content\/uploads\/sites\/13\/2025\/04\/koningdrone-copyright-logo.svg\",\"width\":227,\"height\":38,\"caption\":\"Koningdrone.be\"},\"image\":{\"@id\":\"https:\/\/koningdrone.be\/#\/schema\/logo\/image\/\"}}]}<\/script>\n<!-- \/ Yoast SEO Premium plugin. -->","yoast_head_json":{"title":"DJI Avata Fly More Kit - koningdrone.be","robots":{"index":"index","follow":"follow","max-snippet":"max-snippet:-1","max-image-preview":"max-image-preview:large","max-video-preview":"max-video-preview:-1"},"canonical":"https:\/\/koningdrone.be\/es\/producto\/dji-avata-fly-more-kit\/","og_locale":"es_ES","og_type":"article","og_title":"DJI Avata Fly More Kit","og_description":"Kosteneffectiever dan individuele aankopen Inclusief twee Intelligent Flight-batterijen Wordt geleverd met een batterijoplaadhub Nominale capaciteit van 35,71 Wh per batterij Ongeveer 18 minuten vliegtijd per oplaadbeurt Ingebouwd DJI intelligent batterijbeheersysteem Realtime monitoring van de batterijstatus Charging Hub laadt vier batterijen achter elkaar op Verbeterde laadeffici\u00ebntie","og_url":"https:\/\/koningdrone.be\/es\/producto\/dji-avata-fly-more-kit\/","og_site_name":"koningdrone.be","article_modified_time":"2026-04-29T01:50:41+00:00","og_image":[{"width":1200,"height":800,"url":"https:\/\/koningdrone.be\/wp-content\/uploads\/sites\/13\/2025\/04\/1ba43f2239a2319d913b52325b690c76@large.jpg","type":"image\/jpeg"}],"twitter_card":"summary_large_image","twitter_misc":{"Tiempo de lectura":"1 minuto"},"schema":{"@context":"https:\/\/schema.org","@graph":[{"@type":"WebPage","@id":"https:\/\/koningdrone.be\/product\/dji-avata-fly-more-kit\/","url":"https:\/\/koningdrone.be\/product\/dji-avata-fly-more-kit\/","name":"DJI Avata Fly More Kit - koningdrone.be","isPartOf":{"@id":"https:\/\/koningdrone.be\/#website"},"primaryImageOfPage":{"@id":"https:\/\/koningdrone.be\/product\/dji-avata-fly-more-kit\/#primaryimage"},"image":{"@id":"https:\/\/koningdrone.be\/product\/dji-avata-fly-more-kit\/#primaryimage"},"thumbnailUrl":"https:\/\/koningdrone.be\/wp-content\/uploads\/sites\/13\/2025\/04\/1ba43f2239a2319d913b52325b690c76@large.jpg","datePublished":"2022-11-02T08:13:47+00:00","dateModified":"2026-04-29T01:50:41+00:00","breadcrumb":{"@id":"https:\/\/koningdrone.be\/product\/dji-avata-fly-more-kit\/#breadcrumb"},"inLanguage":"es","potentialAction":[{"@type":"ReadAction","target":["https:\/\/koningdrone.be\/product\/dji-avata-fly-more-kit\/"]}]},{"@type":"ImageObject","inLanguage":"es","@id":"https:\/\/koningdrone.be\/product\/dji-avata-fly-more-kit\/#primaryimage","url":"https:\/\/koningdrone.be\/wp-content\/uploads\/sites\/13\/2025\/04\/1ba43f2239a2319d913b52325b690c76@large.jpg","contentUrl":"https:\/\/koningdrone.be\/wp-content\/uploads\/sites\/13\/2025\/04\/1ba43f2239a2319d913b52325b690c76@large.jpg","width":1200,"height":800},{"@type":"BreadcrumbList","@id":"https:\/\/koningdrone.be\/product\/dji-avata-fly-more-kit\/#breadcrumb","itemListElement":[{"@type":"ListItem","position":1,"name":"Home","item":"https:\/\/koningdrone.be\/"},{"@type":"ListItem","position":2,"name":"AVSS Parachute Recovery System for DJI Matrice 300\/350","item":"https:\/\/koningdrone.be\/product\/avss-parachute-recovery-system-for-dji-matrice-300-350\/"},{"@type":"ListItem","position":3,"name":"Alle batterijen","item":"https:\/\/koningdrone.be\/categorie\/alle-batterijen\/"},{"@type":"ListItem","position":4,"name":"DJI Avata Fly More Kit"}]},{"@type":"WebSite","@id":"https:\/\/koningdrone.be\/#website","url":"https:\/\/koningdrone.be\/","name":"Koningdrone.be - Su especialista en l\u00ednea en drones, cardanes, c\u00e1maras y centrales el\u00e9ctricas.","description":"La tienda virtual de drones y cardanes","publisher":{"@id":"https:\/\/koningdrone.be\/#organization"},"potentialAction":[{"@type":"SearchAction","target":{"@type":"EntryPoint","urlTemplate":"https:\/\/koningdrone.be\/?s={search_term_string}"},"query-input":{"@type":"PropertyValueSpecification","valueRequired":true,"valueName":"search_term_string"}}],"inLanguage":"es"},{"@type":"Organization","@id":"https:\/\/koningdrone.be\/#organization","name":"Kingdrone.es","url":"https:\/\/koningdrone.be\/","logo":{"@type":"ImageObject","inLanguage":"es","@id":"https:\/\/koningdrone.be\/#\/schema\/logo\/image\/","url":"https:\/\/koningdrone.be\/wp-content\/uploads\/sites\/13\/2025\/04\/koningdrone-copyright-logo.svg","contentUrl":"https:\/\/koningdrone.be\/wp-content\/uploads\/sites\/13\/2025\/04\/koningdrone-copyright-logo.svg","width":227,"height":38,"caption":"Koningdrone.be"},"image":{"@id":"https:\/\/koningdrone.be\/#\/schema\/logo\/image\/"}}]}},"df_price":248,"df_sale_price":"","df_regular_price":248,"df_image_link":"https:\/\/koningdrone.be\/wp-content\/uploads\/sites\/13\/2025\/04\/1ba43f2239a2319d913b52325b690c76@large-300x200.jpg","_links":{"self":[{"href":"https:\/\/koningdrone.be\/es\/wp-json\/wp\/v2\/product\/5548","targetHints":{"allow":["GET"]}}],"collection":[{"href":"https:\/\/koningdrone.be\/es\/wp-json\/wp\/v2\/product"}],"about":[{"href":"https:\/\/koningdrone.be\/es\/wp-json\/wp\/v2\/types\/product"}],"wp:featuredmedia":[{"embeddable":true,"href":"https:\/\/koningdrone.be\/es\/wp-json\/wp\/v2\/media\/5546"}],"wp:attachment":[{"href":"https:\/\/koningdrone.be\/es\/wp-json\/wp\/v2\/media?parent=5548"}],"wp:term":[{"taxonomy":"product_brand","embeddable":true,"href":"https:\/\/koningdrone.be\/es\/wp-json\/wp\/v2\/product_brand?post=5548"},{"taxonomy":"product_cat","embeddable":true,"href":"https:\/\/koningdrone.be\/es\/wp-json\/wp\/v2\/product_cat?post=5548"},{"taxonomy":"product_tag","embeddable":true,"href":"https:\/\/koningdrone.be\/es\/wp-json\/wp\/v2\/product_tag?post=5548"}],"curies":[{"name":"wp","href":"https:\/\/api.w.org\/{rel}","templated":true}]}}