{"id":5495,"date":"2022-11-02T09:13:53","date_gmt":"2022-11-02T08:13:53","guid":{"rendered":"https:\/\/koningdrone.nl\/kon\/product\/ecoflow-delta-bundle-three-110w-solar-panel\/"},"modified":"2026-04-29T13:50:34","modified_gmt":"2026-04-29T11:50:34","slug":"ecoflow-delta-bundle-three-110w-solar-panel","status":"publish","type":"product","link":"https:\/\/koningdrone.be\/es\/producto\/ecoflow-delta-bundle-three-110w-solar-panel\/","title":{"rendered":"Ecoflow Delta Bundle (Tres paneles solares de 110W)"},"content":{"rendered":"<p><strong>Fuente de alimentaci\u00f3n ideal sin conexi\u00f3n a la red<\/strong><\/p>\n<p>El paquete EcoFlow Delta con tres paneles solares de 110W es la soluci\u00f3n ideal para obtener energ\u00eda sin conexi\u00f3n a la red. Con la central el\u00e9ctrica EcoFlow DELTA y tres paneles solares de 110 W, podr\u00e1 disponer de una potente fuente de energ\u00eda en cualquier momento y lugar.<\/p>\n<p><strong>Central EcoFlow DELTA<\/strong><\/p>\n<p>La Central El\u00e9ctrica EcoFlow DELTA est\u00e1 dise\u00f1ada con la Tecnolog\u00eda X-Stream de EcoFlow, lo que le permite cargarse hasta diez veces m\u00e1s r\u00e1pido que otros generadores de energ\u00eda port\u00e1tiles del mercado. Con una capacidad de 1260Wh, la EcoFlow DELTA puede alimentar la mayor\u00eda de los electrodom\u00e9sticos y herramientas pesadas, con una potencia pico de 3300W y una potencia continua de 1800W. Adem\u00e1s, el EcoFlow DELTA puede cargarse completamente en s\u00f3lo 4 horas utilizando paneles solares, y en menos de 10 horas a trav\u00e9s de un puerto de coche de 12\/24V.<\/p>\n<p><strong>Paneles solares EcoFlow<\/strong><\/p>\n<p>Los tres paneles solares EcoFlow de 110 W incluidos est\u00e1n fabricados con eficientes c\u00e9lulas de silicio monocristalino y pueden cargar el DELTA y alimentar sus dispositivos el\u00e9ctricos. Estos paneles solares son plegables, ligeros y f\u00e1ciles de transportar, por lo que resultan ideales para viajar.<\/p>\n<p><strong>Especificaciones del paquete EcoFlow Delta<\/strong><\/p>\n<p>Con especificaciones como capacidad de 1260Wh, entrada de carga de CA de 100-120V, entrada solar de 10-65V, salida de CA de 1800W (3300W de potencia m\u00e1xima) y salidas USB-C y USB-A, el paquete EcoFlow Delta proporciona una fuente de energ\u00eda vers\u00e1til y fiable para diversas aplicaciones.<\/p>\n<p><\/p>","protected":false},"excerpt":{"rendered":"<p>Ideale off-grid stroomvoorziening De EcoFlow Delta-bundel met drie 110W zonnepanelen is de ideale oplossing voor off-grid stroomvoorziening. Met de EcoFlow DELTA Power Station en drie 110W zonnepanelen kunt u overal en altijd een krachtige stroombron tot uw beschikking hebben. EcoFlow DELTA Power Station De EcoFlow DELTA Power Station is ontworpen met EcoFlow&#8217;s X-Stream Technology, waardoor [&hellip;]<\/p>\n","protected":false},"featured_media":5491,"template":"","meta":{"_acf_changed":false},"product_brand":[],"product_cat":[454,97,245,276,415],"product_tag":[],"class_list":{"0":"post-5495","1":"product","2":"type-product","3":"status-publish","4":"has-post-thumbnail","6":"product_cat-alle-powerstations","7":"product_cat-alle-producten","8":"product_cat-ecoflow","9":"product_cat-ecoflow-powerstations","10":"product_cat-energy","11":"product_shipping_class-outofstock","12":"pa_brand-ecoflow","13":"pa_productfamily-ecoflow-bundle","14":"pa_producttype-ecoflow-bundle","15":"pa_series-delta","17":"first","18":"outofstock","19":"taxable","20":"shipping-taxable","21":"product-type-simple"},"acf":[],"yoast_head":"<!-- This site is optimized with the Yoast SEO Premium plugin v27.2 (Yoast SEO v27.2) - https:\/\/yoast.com\/product\/yoast-seo-premium-wordpress\/ -->\n<title>Ecoflow Delta Bundle (Three 110W Solar Panel) - koningdrone.be<\/title>\n<meta name=\"robots\" content=\"index, follow, max-snippet:-1, max-image-preview:large, max-video-preview:-1\" \/>\n<link rel=\"canonical\" href=\"https:\/\/koningdrone.be\/es\/producto\/ecoflow-delta-bundle-three-110w-solar-panel\/\" \/>\n<meta property=\"og:locale\" content=\"es_ES\" \/>\n<meta property=\"og:type\" content=\"article\" \/>\n<meta property=\"og:title\" content=\"Ecoflow Delta Bundle (Three 110W Solar Panel)\" \/>\n<meta property=\"og:description\" content=\"Ideale off-grid stroomvoorziening De EcoFlow Delta-bundel met drie 110W zonnepanelen is de ideale oplossing voor off-grid stroomvoorziening. Met de EcoFlow DELTA Power Station en drie 110W zonnepanelen kunt u overal en altijd een krachtige stroombron tot uw beschikking hebben. EcoFlow DELTA Power Station De EcoFlow DELTA Power Station is ontworpen met EcoFlow&#8217;s X-Stream Technology, waardoor [&hellip;]\" \/>\n<meta property=\"og:url\" content=\"https:\/\/koningdrone.be\/es\/producto\/ecoflow-delta-bundle-three-110w-solar-panel\/\" \/>\n<meta property=\"og:site_name\" content=\"koningdrone.be\" \/>\n<meta property=\"article:modified_time\" content=\"2026-04-29T11:50:34+00:00\" \/>\n<meta property=\"og:image\" content=\"https:\/\/koningdrone.be\/wp-content\/uploads\/sites\/13\/2025\/04\/EFDT3SP110BD-1.webp\" \/>\n\t<meta property=\"og:image:width\" content=\"2048\" \/>\n\t<meta property=\"og:image:height\" content=\"2048\" \/>\n\t<meta property=\"og:image:type\" content=\"image\/webp\" \/>\n<meta name=\"twitter:card\" content=\"summary_large_image\" \/>\n<meta name=\"twitter:label1\" content=\"Tiempo de lectura\" \/>\n\t<meta name=\"twitter:data1\" content=\"1 minuto\" \/>\n<script type=\"application\/ld+json\" class=\"yoast-schema-graph\">{\"@context\":\"https:\/\/schema.org\",\"@graph\":[{\"@type\":\"WebPage\",\"@id\":\"https:\/\/koningdrone.be\/product\/ecoflow-delta-bundle-three-110w-solar-panel\/\",\"url\":\"https:\/\/koningdrone.be\/product\/ecoflow-delta-bundle-three-110w-solar-panel\/\",\"name\":\"Ecoflow Delta Bundle (Three 110W Solar Panel) - koningdrone.be\",\"isPartOf\":{\"@id\":\"https:\/\/koningdrone.be\/#website\"},\"primaryImageOfPage\":{\"@id\":\"https:\/\/koningdrone.be\/product\/ecoflow-delta-bundle-three-110w-solar-panel\/#primaryimage\"},\"image\":{\"@id\":\"https:\/\/koningdrone.be\/product\/ecoflow-delta-bundle-three-110w-solar-panel\/#primaryimage\"},\"thumbnailUrl\":\"https:\/\/koningdrone.be\/wp-content\/uploads\/sites\/13\/2025\/04\/EFDT3SP110BD-1.webp\",\"datePublished\":\"2022-11-02T08:13:53+00:00\",\"dateModified\":\"2026-04-29T11:50:34+00:00\",\"breadcrumb\":{\"@id\":\"https:\/\/koningdrone.be\/product\/ecoflow-delta-bundle-three-110w-solar-panel\/#breadcrumb\"},\"inLanguage\":\"es\",\"potentialAction\":[{\"@type\":\"ReadAction\",\"target\":[\"https:\/\/koningdrone.be\/product\/ecoflow-delta-bundle-three-110w-solar-panel\/\"]}]},{\"@type\":\"ImageObject\",\"inLanguage\":\"es\",\"@id\":\"https:\/\/koningdrone.be\/product\/ecoflow-delta-bundle-three-110w-solar-panel\/#primaryimage\",\"url\":\"https:\/\/koningdrone.be\/wp-content\/uploads\/sites\/13\/2025\/04\/EFDT3SP110BD-1.webp\",\"contentUrl\":\"https:\/\/koningdrone.be\/wp-content\/uploads\/sites\/13\/2025\/04\/EFDT3SP110BD-1.webp\",\"width\":2048,\"height\":2048},{\"@type\":\"BreadcrumbList\",\"@id\":\"https:\/\/koningdrone.be\/product\/ecoflow-delta-bundle-three-110w-solar-panel\/#breadcrumb\",\"itemListElement\":[{\"@type\":\"ListItem\",\"position\":1,\"name\":\"Home\",\"item\":\"https:\/\/koningdrone.be\/\"},{\"@type\":\"ListItem\",\"position\":2,\"name\":\"AVSS Parachute Recovery System for DJI Matrice 300\/350\",\"item\":\"https:\/\/koningdrone.be\/product\/avss-parachute-recovery-system-for-dji-matrice-300-350\/\"},{\"@type\":\"ListItem\",\"position\":3,\"name\":\"Alle powerstations\",\"item\":\"https:\/\/koningdrone.be\/categorie\/alle-powerstations\/\"},{\"@type\":\"ListItem\",\"position\":4,\"name\":\"Ecoflow Delta Bundle (Three 110W Solar Panel)\"}]},{\"@type\":\"WebSite\",\"@id\":\"https:\/\/koningdrone.be\/#website\",\"url\":\"https:\/\/koningdrone.be\/\",\"name\":\"Koningdrone.be - Uw online specialist in drones, gimbals, camera's en power stations.\",\"description\":\"De webshop in drones en gimbals\",\"publisher\":{\"@id\":\"https:\/\/koningdrone.be\/#organization\"},\"potentialAction\":[{\"@type\":\"SearchAction\",\"target\":{\"@type\":\"EntryPoint\",\"urlTemplate\":\"https:\/\/koningdrone.be\/?s={search_term_string}\"},\"query-input\":{\"@type\":\"PropertyValueSpecification\",\"valueRequired\":true,\"valueName\":\"search_term_string\"}}],\"inLanguage\":\"es\"},{\"@type\":\"Organization\",\"@id\":\"https:\/\/koningdrone.be\/#organization\",\"name\":\"Koningdrone.be\",\"url\":\"https:\/\/koningdrone.be\/\",\"logo\":{\"@type\":\"ImageObject\",\"inLanguage\":\"es\",\"@id\":\"https:\/\/koningdrone.be\/#\/schema\/logo\/image\/\",\"url\":\"https:\/\/koningdrone.be\/wp-content\/uploads\/sites\/13\/2025\/04\/koningdrone-copyright-logo.svg\",\"contentUrl\":\"https:\/\/koningdrone.be\/wp-content\/uploads\/sites\/13\/2025\/04\/koningdrone-copyright-logo.svg\",\"width\":227,\"height\":38,\"caption\":\"Koningdrone.be\"},\"image\":{\"@id\":\"https:\/\/koningdrone.be\/#\/schema\/logo\/image\/\"}}]}<\/script>\n<!-- \/ Yoast SEO Premium plugin. -->","yoast_head_json":{"title":"Ecoflow Delta Bundle (Three 110W Solar Panel) - koningdrone.be","robots":{"index":"index","follow":"follow","max-snippet":"max-snippet:-1","max-image-preview":"max-image-preview:large","max-video-preview":"max-video-preview:-1"},"canonical":"https:\/\/koningdrone.be\/es\/producto\/ecoflow-delta-bundle-three-110w-solar-panel\/","og_locale":"es_ES","og_type":"article","og_title":"Ecoflow Delta Bundle (Three 110W Solar Panel)","og_description":"Ideale off-grid stroomvoorziening De EcoFlow Delta-bundel met drie 110W zonnepanelen is de ideale oplossing voor off-grid stroomvoorziening. Met de EcoFlow DELTA Power Station en drie 110W zonnepanelen kunt u overal en altijd een krachtige stroombron tot uw beschikking hebben. EcoFlow DELTA Power Station De EcoFlow DELTA Power Station is ontworpen met EcoFlow&#8217;s X-Stream Technology, waardoor [&hellip;]","og_url":"https:\/\/koningdrone.be\/es\/producto\/ecoflow-delta-bundle-three-110w-solar-panel\/","og_site_name":"koningdrone.be","article_modified_time":"2026-04-29T11:50:34+00:00","og_image":[{"width":2048,"height":2048,"url":"https:\/\/koningdrone.be\/wp-content\/uploads\/sites\/13\/2025\/04\/EFDT3SP110BD-1.webp","type":"image\/webp"}],"twitter_card":"summary_large_image","twitter_misc":{"Tiempo de lectura":"1 minuto"},"schema":{"@context":"https:\/\/schema.org","@graph":[{"@type":"WebPage","@id":"https:\/\/koningdrone.be\/product\/ecoflow-delta-bundle-three-110w-solar-panel\/","url":"https:\/\/koningdrone.be\/product\/ecoflow-delta-bundle-three-110w-solar-panel\/","name":"Ecoflow Delta Bundle (Three 110W Solar Panel) - koningdrone.be","isPartOf":{"@id":"https:\/\/koningdrone.be\/#website"},"primaryImageOfPage":{"@id":"https:\/\/koningdrone.be\/product\/ecoflow-delta-bundle-three-110w-solar-panel\/#primaryimage"},"image":{"@id":"https:\/\/koningdrone.be\/product\/ecoflow-delta-bundle-three-110w-solar-panel\/#primaryimage"},"thumbnailUrl":"https:\/\/koningdrone.be\/wp-content\/uploads\/sites\/13\/2025\/04\/EFDT3SP110BD-1.webp","datePublished":"2022-11-02T08:13:53+00:00","dateModified":"2026-04-29T11:50:34+00:00","breadcrumb":{"@id":"https:\/\/koningdrone.be\/product\/ecoflow-delta-bundle-three-110w-solar-panel\/#breadcrumb"},"inLanguage":"es","potentialAction":[{"@type":"ReadAction","target":["https:\/\/koningdrone.be\/product\/ecoflow-delta-bundle-three-110w-solar-panel\/"]}]},{"@type":"ImageObject","inLanguage":"es","@id":"https:\/\/koningdrone.be\/product\/ecoflow-delta-bundle-three-110w-solar-panel\/#primaryimage","url":"https:\/\/koningdrone.be\/wp-content\/uploads\/sites\/13\/2025\/04\/EFDT3SP110BD-1.webp","contentUrl":"https:\/\/koningdrone.be\/wp-content\/uploads\/sites\/13\/2025\/04\/EFDT3SP110BD-1.webp","width":2048,"height":2048},{"@type":"BreadcrumbList","@id":"https:\/\/koningdrone.be\/product\/ecoflow-delta-bundle-three-110w-solar-panel\/#breadcrumb","itemListElement":[{"@type":"ListItem","position":1,"name":"Home","item":"https:\/\/koningdrone.be\/"},{"@type":"ListItem","position":2,"name":"AVSS Parachute Recovery System for DJI Matrice 300\/350","item":"https:\/\/koningdrone.be\/product\/avss-parachute-recovery-system-for-dji-matrice-300-350\/"},{"@type":"ListItem","position":3,"name":"Alle powerstations","item":"https:\/\/koningdrone.be\/categorie\/alle-powerstations\/"},{"@type":"ListItem","position":4,"name":"Ecoflow Delta Bundle (Three 110W Solar Panel)"}]},{"@type":"WebSite","@id":"https:\/\/koningdrone.be\/#website","url":"https:\/\/koningdrone.be\/","name":"Koningdrone.be - Su especialista en l\u00ednea en drones, cardanes, c\u00e1maras y centrales el\u00e9ctricas.","description":"La tienda virtual de drones y cardanes","publisher":{"@id":"https:\/\/koningdrone.be\/#organization"},"potentialAction":[{"@type":"SearchAction","target":{"@type":"EntryPoint","urlTemplate":"https:\/\/koningdrone.be\/?s={search_term_string}"},"query-input":{"@type":"PropertyValueSpecification","valueRequired":true,"valueName":"search_term_string"}}],"inLanguage":"es"},{"@type":"Organization","@id":"https:\/\/koningdrone.be\/#organization","name":"Kingdrone.es","url":"https:\/\/koningdrone.be\/","logo":{"@type":"ImageObject","inLanguage":"es","@id":"https:\/\/koningdrone.be\/#\/schema\/logo\/image\/","url":"https:\/\/koningdrone.be\/wp-content\/uploads\/sites\/13\/2025\/04\/koningdrone-copyright-logo.svg","contentUrl":"https:\/\/koningdrone.be\/wp-content\/uploads\/sites\/13\/2025\/04\/koningdrone-copyright-logo.svg","width":227,"height":38,"caption":"Koningdrone.be"},"image":{"@id":"https:\/\/koningdrone.be\/#\/schema\/logo\/image\/"}}]}},"df_price":"","df_sale_price":"","df_regular_price":"","df_image_link":"https:\/\/koningdrone.be\/wp-content\/uploads\/sites\/13\/2025\/04\/EFDT3SP110BD-1-300x300.webp","_links":{"self":[{"href":"https:\/\/koningdrone.be\/es\/wp-json\/wp\/v2\/product\/5495","targetHints":{"allow":["GET"]}}],"collection":[{"href":"https:\/\/koningdrone.be\/es\/wp-json\/wp\/v2\/product"}],"about":[{"href":"https:\/\/koningdrone.be\/es\/wp-json\/wp\/v2\/types\/product"}],"wp:featuredmedia":[{"embeddable":true,"href":"https:\/\/koningdrone.be\/es\/wp-json\/wp\/v2\/media\/5491"}],"wp:attachment":[{"href":"https:\/\/koningdrone.be\/es\/wp-json\/wp\/v2\/media?parent=5495"}],"wp:term":[{"taxonomy":"product_brand","embeddable":true,"href":"https:\/\/koningdrone.be\/es\/wp-json\/wp\/v2\/product_brand?post=5495"},{"taxonomy":"product_cat","embeddable":true,"href":"https:\/\/koningdrone.be\/es\/wp-json\/wp\/v2\/product_cat?post=5495"},{"taxonomy":"product_tag","embeddable":true,"href":"https:\/\/koningdrone.be\/es\/wp-json\/wp\/v2\/product_tag?post=5495"}],"curies":[{"name":"wp","href":"https:\/\/api.w.org\/{rel}","templated":true}]}}