{"id":5484,"date":"2022-11-02T09:13:53","date_gmt":"2022-11-02T08:13:53","guid":{"rendered":"https:\/\/koningdrone.nl\/kon\/product\/ecoflow-relay-modules\/"},"modified":"2026-04-29T13:50:28","modified_gmt":"2026-04-29T11:50:28","slug":"ecoflow-relay-modules","status":"publish","type":"product","link":"https:\/\/koningdrone.be\/es\/producto\/ecoflow-relay-modules\/","title":{"rendered":"M\u00f3dulos de rel\u00e9 Ecoflow"},"content":{"rendered":"<p><strong>Descripci\u00f3n de los m\u00f3dulos de rel\u00e9 Ecoflow<\/strong><\/p>\n<p>Los m\u00f3dulos de rel\u00e9 Ecoflow son la clave para crear un sistema de respaldo dom\u00e9stico inteligente y eficaz. Con el Smart Home Panel, puede conectar hasta 10 circuitos dom\u00e9sticos e instalar cargas selectivas donde sean m\u00e1s eficaces durante un corte de suministro o como parte del ahorro energ\u00e9tico.<\/p>\n<p><strong>Instalaci\u00f3n y funciones sencillas<\/strong><\/p>\n<p>La instalaci\u00f3n de los m\u00f3dulos de rel\u00e9s es sencilla y puede realizarse consultando a su electricista. Cada m\u00f3dulo tiene dos rel\u00e9s y protecci\u00f3n contra sobrecorriente para cada circuito, lo que le permite cambiar uno sin afectar a los dem\u00e1s circuitos. Si necesita sustituir un m\u00f3dulo de rel\u00e9s, la aplicaci\u00f3n EcoFlow y el LED de la unidad le avisar\u00e1n inmediatamente de cualquier fallo.<\/p>\n<p><strong>Informaci\u00f3n de carga y selecci\u00f3n de m\u00f3dulos de rel\u00e9s<\/strong><\/p>\n<p>Para elegir los m\u00f3dulos de rel\u00e9 adecuados, es importante recopilar primero la informaci\u00f3n sobre la carga, como el n\u00famero y la intensidad nominal de los circuitos de carga que desea conectar. A continuaci\u00f3n, elija el m\u00f3dulo de rel\u00e9 que coincida con la intensidad nominal del disyuntor aguas arriba de ese circuito de carga.<\/p>\n<p><strong>Eficacia y personalizaci\u00f3n<\/strong><\/p>\n<p>Con una visi\u00f3n clara de la planificaci\u00f3n fiscal y la recopilaci\u00f3n de la informaci\u00f3n fiscal necesaria, los m\u00f3dulos Rel\u00e9 Ecoflow le permiten crear una configuraci\u00f3n de copia de seguridad dom\u00e9stica inteligente y eficiente adaptada a sus necesidades espec\u00edficas.<\/p>\n<p><\/p>","protected":false},"excerpt":{"rendered":"<p>Productomschrijving van de Ecoflow Relay modules De Ecoflow Relay modules zijn de sleutel tot het cre\u00ebren van een slim en effici\u00ebnt thuisback-upsysteem. Met het Smart Home Panel kunt u tot 10 thuiscircuits verbinden en selectieve belastingen installeren waar ze het meest effectief zijn tijdens een stroomuitval of als onderdeel van energiebesparing. Eenvoudige installatie en functies [&hellip;]<\/p>\n","protected":false},"featured_media":5479,"template":"","meta":{"_acf_changed":false},"product_brand":[],"product_cat":[97,245,276,415],"product_tag":[],"class_list":{"0":"post-5484","1":"product","2":"type-product","3":"status-publish","4":"has-post-thumbnail","6":"product_cat-alle-producten","7":"product_cat-ecoflow","8":"product_cat-ecoflow-powerstations","9":"product_cat-energy","10":"product_shipping_class-outofstock","11":"pa_brand-ecoflow","12":"pa_productfamily-relay-modules","13":"pa_producttype-relay-modules","15":"first","16":"outofstock","17":"taxable","18":"shipping-taxable","19":"product-type-simple"},"acf":[],"yoast_head":"<!-- This site is optimized with the Yoast SEO Premium plugin v27.2 (Yoast SEO v27.2) - https:\/\/yoast.com\/product\/yoast-seo-premium-wordpress\/ -->\n<title>Ecoflow Relay modules - koningdrone.be<\/title>\n<meta name=\"robots\" content=\"index, follow, max-snippet:-1, max-image-preview:large, max-video-preview:-1\" \/>\n<link rel=\"canonical\" href=\"https:\/\/koningdrone.be\/es\/producto\/ecoflow-relay-modules\/\" \/>\n<meta property=\"og:locale\" content=\"es_ES\" \/>\n<meta property=\"og:type\" content=\"article\" \/>\n<meta property=\"og:title\" content=\"Ecoflow Relay modules\" \/>\n<meta property=\"og:description\" content=\"Productomschrijving van de Ecoflow Relay modules De Ecoflow Relay modules zijn de sleutel tot het cre\u00ebren van een slim en effici\u00ebnt thuisback-upsysteem. Met het Smart Home Panel kunt u tot 10 thuiscircuits verbinden en selectieve belastingen installeren waar ze het meest effectief zijn tijdens een stroomuitval of als onderdeel van energiebesparing. Eenvoudige installatie en functies [&hellip;]\" \/>\n<meta property=\"og:url\" content=\"https:\/\/koningdrone.be\/es\/producto\/ecoflow-relay-modules\/\" \/>\n<meta property=\"og:site_name\" content=\"koningdrone.be\" \/>\n<meta property=\"article:modified_time\" content=\"2026-04-29T11:50:28+00:00\" \/>\n<meta property=\"og:image\" content=\"https:\/\/koningdrone.be\/wp-content\/uploads\/sites\/13\/2025\/04\/EFRELAYM-1.png\" \/>\n\t<meta property=\"og:image:width\" content=\"407\" \/>\n\t<meta property=\"og:image:height\" content=\"419\" \/>\n\t<meta property=\"og:image:type\" content=\"image\/png\" \/>\n<meta name=\"twitter:card\" content=\"summary_large_image\" \/>\n<meta name=\"twitter:label1\" content=\"Tiempo de lectura\" \/>\n\t<meta name=\"twitter:data1\" content=\"1 minuto\" \/>\n<script type=\"application\/ld+json\" class=\"yoast-schema-graph\">{\"@context\":\"https:\/\/schema.org\",\"@graph\":[{\"@type\":\"WebPage\",\"@id\":\"https:\/\/koningdrone.be\/product\/ecoflow-relay-modules\/\",\"url\":\"https:\/\/koningdrone.be\/product\/ecoflow-relay-modules\/\",\"name\":\"Ecoflow Relay modules - koningdrone.be\",\"isPartOf\":{\"@id\":\"https:\/\/koningdrone.be\/#website\"},\"primaryImageOfPage\":{\"@id\":\"https:\/\/koningdrone.be\/product\/ecoflow-relay-modules\/#primaryimage\"},\"image\":{\"@id\":\"https:\/\/koningdrone.be\/product\/ecoflow-relay-modules\/#primaryimage\"},\"thumbnailUrl\":\"https:\/\/koningdrone.be\/wp-content\/uploads\/sites\/13\/2025\/04\/EFRELAYM-1.png\",\"datePublished\":\"2022-11-02T08:13:53+00:00\",\"dateModified\":\"2026-04-29T11:50:28+00:00\",\"breadcrumb\":{\"@id\":\"https:\/\/koningdrone.be\/product\/ecoflow-relay-modules\/#breadcrumb\"},\"inLanguage\":\"es\",\"potentialAction\":[{\"@type\":\"ReadAction\",\"target\":[\"https:\/\/koningdrone.be\/product\/ecoflow-relay-modules\/\"]}]},{\"@type\":\"ImageObject\",\"inLanguage\":\"es\",\"@id\":\"https:\/\/koningdrone.be\/product\/ecoflow-relay-modules\/#primaryimage\",\"url\":\"https:\/\/koningdrone.be\/wp-content\/uploads\/sites\/13\/2025\/04\/EFRELAYM-1.png\",\"contentUrl\":\"https:\/\/koningdrone.be\/wp-content\/uploads\/sites\/13\/2025\/04\/EFRELAYM-1.png\",\"width\":407,\"height\":419},{\"@type\":\"BreadcrumbList\",\"@id\":\"https:\/\/koningdrone.be\/product\/ecoflow-relay-modules\/#breadcrumb\",\"itemListElement\":[{\"@type\":\"ListItem\",\"position\":1,\"name\":\"Home\",\"item\":\"https:\/\/koningdrone.be\/\"},{\"@type\":\"ListItem\",\"position\":2,\"name\":\"AVSS Parachute Recovery System for DJI Matrice 300\/350\",\"item\":\"https:\/\/koningdrone.be\/product\/avss-parachute-recovery-system-for-dji-matrice-300-350\/\"},{\"@type\":\"ListItem\",\"position\":3,\"name\":\"Alle producten\",\"item\":\"https:\/\/koningdrone.be\/categorie\/alle-producten\/\"},{\"@type\":\"ListItem\",\"position\":4,\"name\":\"Ecoflow Relay modules\"}]},{\"@type\":\"WebSite\",\"@id\":\"https:\/\/koningdrone.be\/#website\",\"url\":\"https:\/\/koningdrone.be\/\",\"name\":\"Koningdrone.be - Uw online specialist in drones, gimbals, camera's en power stations.\",\"description\":\"De webshop in drones en gimbals\",\"publisher\":{\"@id\":\"https:\/\/koningdrone.be\/#organization\"},\"potentialAction\":[{\"@type\":\"SearchAction\",\"target\":{\"@type\":\"EntryPoint\",\"urlTemplate\":\"https:\/\/koningdrone.be\/?s={search_term_string}\"},\"query-input\":{\"@type\":\"PropertyValueSpecification\",\"valueRequired\":true,\"valueName\":\"search_term_string\"}}],\"inLanguage\":\"es\"},{\"@type\":\"Organization\",\"@id\":\"https:\/\/koningdrone.be\/#organization\",\"name\":\"Koningdrone.be\",\"url\":\"https:\/\/koningdrone.be\/\",\"logo\":{\"@type\":\"ImageObject\",\"inLanguage\":\"es\",\"@id\":\"https:\/\/koningdrone.be\/#\/schema\/logo\/image\/\",\"url\":\"https:\/\/koningdrone.be\/wp-content\/uploads\/sites\/13\/2025\/04\/koningdrone-copyright-logo.svg\",\"contentUrl\":\"https:\/\/koningdrone.be\/wp-content\/uploads\/sites\/13\/2025\/04\/koningdrone-copyright-logo.svg\",\"width\":227,\"height\":38,\"caption\":\"Koningdrone.be\"},\"image\":{\"@id\":\"https:\/\/koningdrone.be\/#\/schema\/logo\/image\/\"}}]}<\/script>\n<!-- \/ Yoast SEO Premium plugin. -->","yoast_head_json":{"title":"Ecoflow Relay modules - koningdrone.be","robots":{"index":"index","follow":"follow","max-snippet":"max-snippet:-1","max-image-preview":"max-image-preview:large","max-video-preview":"max-video-preview:-1"},"canonical":"https:\/\/koningdrone.be\/es\/producto\/ecoflow-relay-modules\/","og_locale":"es_ES","og_type":"article","og_title":"Ecoflow Relay modules","og_description":"Productomschrijving van de Ecoflow Relay modules De Ecoflow Relay modules zijn de sleutel tot het cre\u00ebren van een slim en effici\u00ebnt thuisback-upsysteem. Met het Smart Home Panel kunt u tot 10 thuiscircuits verbinden en selectieve belastingen installeren waar ze het meest effectief zijn tijdens een stroomuitval of als onderdeel van energiebesparing. Eenvoudige installatie en functies [&hellip;]","og_url":"https:\/\/koningdrone.be\/es\/producto\/ecoflow-relay-modules\/","og_site_name":"koningdrone.be","article_modified_time":"2026-04-29T11:50:28+00:00","og_image":[{"width":407,"height":419,"url":"https:\/\/koningdrone.be\/wp-content\/uploads\/sites\/13\/2025\/04\/EFRELAYM-1.png","type":"image\/png"}],"twitter_card":"summary_large_image","twitter_misc":{"Tiempo de lectura":"1 minuto"},"schema":{"@context":"https:\/\/schema.org","@graph":[{"@type":"WebPage","@id":"https:\/\/koningdrone.be\/product\/ecoflow-relay-modules\/","url":"https:\/\/koningdrone.be\/product\/ecoflow-relay-modules\/","name":"Ecoflow Relay modules - koningdrone.be","isPartOf":{"@id":"https:\/\/koningdrone.be\/#website"},"primaryImageOfPage":{"@id":"https:\/\/koningdrone.be\/product\/ecoflow-relay-modules\/#primaryimage"},"image":{"@id":"https:\/\/koningdrone.be\/product\/ecoflow-relay-modules\/#primaryimage"},"thumbnailUrl":"https:\/\/koningdrone.be\/wp-content\/uploads\/sites\/13\/2025\/04\/EFRELAYM-1.png","datePublished":"2022-11-02T08:13:53+00:00","dateModified":"2026-04-29T11:50:28+00:00","breadcrumb":{"@id":"https:\/\/koningdrone.be\/product\/ecoflow-relay-modules\/#breadcrumb"},"inLanguage":"es","potentialAction":[{"@type":"ReadAction","target":["https:\/\/koningdrone.be\/product\/ecoflow-relay-modules\/"]}]},{"@type":"ImageObject","inLanguage":"es","@id":"https:\/\/koningdrone.be\/product\/ecoflow-relay-modules\/#primaryimage","url":"https:\/\/koningdrone.be\/wp-content\/uploads\/sites\/13\/2025\/04\/EFRELAYM-1.png","contentUrl":"https:\/\/koningdrone.be\/wp-content\/uploads\/sites\/13\/2025\/04\/EFRELAYM-1.png","width":407,"height":419},{"@type":"BreadcrumbList","@id":"https:\/\/koningdrone.be\/product\/ecoflow-relay-modules\/#breadcrumb","itemListElement":[{"@type":"ListItem","position":1,"name":"Home","item":"https:\/\/koningdrone.be\/"},{"@type":"ListItem","position":2,"name":"AVSS Parachute Recovery System for DJI Matrice 300\/350","item":"https:\/\/koningdrone.be\/product\/avss-parachute-recovery-system-for-dji-matrice-300-350\/"},{"@type":"ListItem","position":3,"name":"Alle producten","item":"https:\/\/koningdrone.be\/categorie\/alle-producten\/"},{"@type":"ListItem","position":4,"name":"Ecoflow Relay modules"}]},{"@type":"WebSite","@id":"https:\/\/koningdrone.be\/#website","url":"https:\/\/koningdrone.be\/","name":"Koningdrone.be - Su especialista en l\u00ednea en drones, cardanes, c\u00e1maras y centrales el\u00e9ctricas.","description":"La tienda virtual de drones y cardanes","publisher":{"@id":"https:\/\/koningdrone.be\/#organization"},"potentialAction":[{"@type":"SearchAction","target":{"@type":"EntryPoint","urlTemplate":"https:\/\/koningdrone.be\/?s={search_term_string}"},"query-input":{"@type":"PropertyValueSpecification","valueRequired":true,"valueName":"search_term_string"}}],"inLanguage":"es"},{"@type":"Organization","@id":"https:\/\/koningdrone.be\/#organization","name":"Kingdrone.es","url":"https:\/\/koningdrone.be\/","logo":{"@type":"ImageObject","inLanguage":"es","@id":"https:\/\/koningdrone.be\/#\/schema\/logo\/image\/","url":"https:\/\/koningdrone.be\/wp-content\/uploads\/sites\/13\/2025\/04\/koningdrone-copyright-logo.svg","contentUrl":"https:\/\/koningdrone.be\/wp-content\/uploads\/sites\/13\/2025\/04\/koningdrone-copyright-logo.svg","width":227,"height":38,"caption":"Koningdrone.be"},"image":{"@id":"https:\/\/koningdrone.be\/#\/schema\/logo\/image\/"}}]}},"df_price":"","df_sale_price":"","df_regular_price":"","df_image_link":"https:\/\/koningdrone.be\/wp-content\/uploads\/sites\/13\/2025\/04\/EFRELAYM-1-291x300.png","_links":{"self":[{"href":"https:\/\/koningdrone.be\/es\/wp-json\/wp\/v2\/product\/5484","targetHints":{"allow":["GET"]}}],"collection":[{"href":"https:\/\/koningdrone.be\/es\/wp-json\/wp\/v2\/product"}],"about":[{"href":"https:\/\/koningdrone.be\/es\/wp-json\/wp\/v2\/types\/product"}],"wp:featuredmedia":[{"embeddable":true,"href":"https:\/\/koningdrone.be\/es\/wp-json\/wp\/v2\/media\/5479"}],"wp:attachment":[{"href":"https:\/\/koningdrone.be\/es\/wp-json\/wp\/v2\/media?parent=5484"}],"wp:term":[{"taxonomy":"product_brand","embeddable":true,"href":"https:\/\/koningdrone.be\/es\/wp-json\/wp\/v2\/product_brand?post=5484"},{"taxonomy":"product_cat","embeddable":true,"href":"https:\/\/koningdrone.be\/es\/wp-json\/wp\/v2\/product_cat?post=5484"},{"taxonomy":"product_tag","embeddable":true,"href":"https:\/\/koningdrone.be\/es\/wp-json\/wp\/v2\/product_tag?post=5484"}],"curies":[{"name":"wp","href":"https:\/\/api.w.org\/{rel}","templated":true}]}}